{"id":296,"date":"2024-06-26T15:26:44","date_gmt":"2024-06-26T15:26:44","guid":{"rendered":"https:\/\/rfid-laundry-tag.com\/?post_type=product&#038;p=296"},"modified":"2024-08-14T16:29:49","modified_gmt":"2024-08-14T16:29:49","slug":"on-metal-abs-uhf-rfid-tag","status":"publish","type":"product","link":"https:\/\/rfid-laundry-tag.com\/cs\/on-metal-abs-uhf-rfid-tag\/","title":{"rendered":"Na kovov\u00e9m ABS UHF RFID \u0161t\u00edtku"},"content":{"rendered":"<p><b class=\"magic-15\"><span class=\"magic-16\" data-spm-anchor-id=\"a2700.details.0.i71.6b4c1284vyugjJ\">Dostupn\u00e1 p\u0159izp\u016fsoben\u00ed jsou n\u00e1sleduj\u00edc\u00ed:<\/span><\/b> * Tisk: monochromatick\u00fd tisk nebo 4-barevn\u00fd ofset, po\u010d\u00ednaje grafick\u00fdm n\u00e1vrhem dodan\u00e9ho z\u00e1kazn\u00edkem ve vektorov\u00e9m form\u00e1tu. Tisk EPC k\u00f3du, progresivn\u00edho s\u00e9riov\u00e9ho k\u00f3du z datab\u00e1ze nebo ne, nebo souboru .xls; tisk \u010d\u00e1rov\u00fdch k\u00f3d\u016f, QRCode. Dal\u0161\u00ed mo\u017enosti p\u0159izp\u016fsoben\u00ed jsou k dispozici na vy\u017e\u00e1d\u00e1n\u00ed. * K\u00f3dov\u00e1n\u00ed pam\u011bti \u010dipu: K\u00f3dov\u00e1n\u00ed EPC k\u00f3du RFID UHF transpond\u00e9r\u016f, z\u00e1pis do pam\u011bti UHF tag\u016f, tak\u00e9 z datab\u00e1ze poskytnut\u00e9 klientem. Obsah lze do\u010dasn\u011b nebo trvale uzamknout pomoc\u00ed hesla. Sdru\u017een\u00ed EPC k\u00f3du a TID k\u00f3du v datab\u00e1zi. TID k\u00f3d a asociace progresivn\u00edho\/\u010d\u00e1rov\u00e9ho k\u00f3du.<\/p>\n<p><img fetchpriority=\"high\" decoding=\"async\" class=\"alignnone wp-image-297\" src=\"https:\/\/rfid-laundry-tag.com\/wp-content\/uploads\/2024\/06\/on-metal-UHF-tag-235x300.png\" alt=\"\" width=\"486\" height=\"621\" srcset=\"https:\/\/rfid-laundry-tag.com\/wp-content\/uploads\/2024\/06\/on-metal-UHF-tag-235x300.png 235w, https:\/\/rfid-laundry-tag.com\/wp-content\/uploads\/2024\/06\/on-metal-UHF-tag-9x12.png 9w\" sizes=\"(max-width: 486px) 100vw, 486px\" \/><\/p>\n<table class=\"has-title all magic-4\">\n<tbody>\n<tr>\n<td colspan=\"1\" rowspan=\"1\">\n<div class=\"magic-5\" data-spm-anchor-id=\"a2700.details.0.i72.6b4c1284vyugjJ\">Materi\u00e1l<\/div>\n<\/td>\n<td colspan=\"1\" rowspan=\"1\">\n<div class=\"magic-6\">ABS<\/div>\n<\/td>\n<\/tr>\n<tr>\n<td colspan=\"1\" rowspan=\"1\">\n<div class=\"magic-5\">Velikost<\/div>\n<\/td>\n<td colspan=\"1\" rowspan=\"1\">\n<div class=\"magic-6\">78x31x10mm nebo p\u0159izp\u016fsoben\u00e9<\/div>\n<\/td>\n<\/tr>\n<tr>\n<td colspan=\"1\" rowspan=\"1\">\n<div class=\"magic-5\">Frekvence<\/div>\n<\/td>\n<td colspan=\"1\" rowspan=\"1\">\n<div class=\"magic-6\">860-960 MHz<\/div>\n<\/td>\n<\/tr>\n<tr>\n<td colspan=\"1\" rowspan=\"1\">\n<div class=\"magic-5\">Typ IC (\u010dip)<\/div>\n<\/td>\n<td colspan=\"1\" rowspan=\"1\">\n<div class=\"magic-6\">Impinj Monza R6P<\/div>\n<\/td>\n<\/tr>\n<tr>\n<td colspan=\"1\" rowspan=\"1\">\n<div class=\"magic-5\">Protokol<\/div>\n<\/td>\n<td colspan=\"1\" rowspan=\"1\">\n<div class=\"magic-6\">EPC Global Class 1 Gen2 &amp; ISO18000-6C<\/div>\n<\/td>\n<\/tr>\n<tr>\n<td colspan=\"1\" rowspan=\"1\">\n<div class=\"magic-7\">Pam\u011b\u0165<\/div>\n<\/td>\n<td colspan=\"1\" rowspan=\"1\">\n<div class=\"magic-6\">EPC 128 bit\u016f, u\u017eivatelsk\u00e1 32 bit\u016f<\/div>\n<\/td>\n<\/tr>\n<tr>\n<td colspan=\"1\" rowspan=\"1\">\n<div class=\"magic-5\">Tag Form Factor<\/div>\n<\/td>\n<td colspan=\"1\" rowspan=\"1\">\n<div class=\"magic-6\">Tvrd\u00fd \u0161t\u00edtek<\/div>\n<\/td>\n<\/tr>\n<tr>\n<td colspan=\"1\" rowspan=\"1\">\n<div class=\"magic-5\">Zp\u016fsob p\u0159ipojen\u00ed<\/div>\n<\/td>\n<td colspan=\"1\" rowspan=\"1\">\n<div class=\"magic-6\" data-spm-anchor-id=\"a2700.details.0.i73.6b4c1284vyugjJ\">\u0160roubov\u00e1 fixace, lepidlo f\u00f3lie<\/div>\n<\/td>\n<\/tr>\n<tr>\n<td colspan=\"1\" rowspan=\"1\">\n<div class=\"magic-5\">Provozn\u00ed teplota<\/div>\n<\/td>\n<td colspan=\"1\" rowspan=\"1\">\n<div class=\"magic-6\">-35 \u00b0C \/ +90 \u00b0C<\/div>\n<\/td>\n<\/tr>\n<tr>\n<td colspan=\"1\" rowspan=\"1\">\n<div class=\"magic-5\">P\u0159e\u010dt\u011bte si Vzd\u00e1lenost<\/div>\n<\/td>\n<td colspan=\"1\" rowspan=\"1\">\n<div class=\"magic-6\" data-spm-anchor-id=\"a2700.details.0.i67.6b4c1284vyugjJ\">Do 10m<\/div>\n<\/td>\n<\/tr>\n<tr>\n<td colspan=\"1\" rowspan=\"1\">\n<div class=\"magic-8\">Pou\u017eiteln\u00e9 povrchov\u00e9 materi\u00e1ly<\/div>\n<\/td>\n<td colspan=\"1\" rowspan=\"1\">\n<div class=\"magic-6\">Kovov\u00e9 a nekovov\u00e9 podklady<\/div>\n<\/td>\n<\/tr>\n<tr>\n<td colspan=\"1\" rowspan=\"1\">\n<div class=\"magic-7\">Hodnocen\u00ed IP<\/div>\n<\/td>\n<td colspan=\"1\" rowspan=\"1\">\n<div class=\"magic-6\">IP68<\/div>\n<\/td>\n<\/tr>\n<tr>\n<td colspan=\"1\" rowspan=\"1\">\n<div class=\"magic-7\">aplikace<\/div>\n<\/td>\n<td colspan=\"1\" rowspan=\"1\">\n<div class=\"magic-6\">Pro majetek, t\u011b\u017ek\u00fd pr\u016fmysl a venkovn\u00ed pou\u017eit\u00ed<\/div>\n<\/td>\n<\/tr>\n<\/tbody>\n<\/table>\n<p>&nbsp;<\/p>\n<ul>\n<li><strong>K\u00f3dov\u00e1n\u00ed pam\u011bti \u010dipu:<\/strong>\n<ul>\n<li><strong>K\u00f3dov\u00e1n\u00ed EPC k\u00f3du:<\/strong>\u00a0Podporuje k\u00f3dov\u00e1n\u00ed EPC k\u00f3d\u016f pro UHF transpond\u00e9ry.<\/li>\n<li><strong>Z\u00e1pis do pam\u011bti tag\u016f UHF:<\/strong>\u00a0Umo\u017e\u0148uje z\u00e1pis dat do pam\u011bti tag\u016f UHF, v\u010detn\u011b dat z klientem poskytnut\u00e9 datab\u00e1ze.<\/li>\n<li><strong>Data chr\u00e1n\u011bn\u00e1 heslem:<\/strong>\u00a0Data lze do\u010dasn\u011b nebo trvale uzamknout pomoc\u00ed hesla.<\/li>\n<li><strong>P\u0159idru\u017een\u00ed datab\u00e1ze:<\/strong>\u00a0Podporuje EPC k\u00f3d a asociaci TID k\u00f3d\u016f v datab\u00e1z\u00edch, stejn\u011b jako TID k\u00f3d a asociaci progresivn\u00edho\/\u010d\u00e1rov\u00e9ho k\u00f3du.<\/li>\n<\/ul>\n<\/li>\n<\/ul>\n<p><strong>Vzorce:<\/strong><\/p>\n<ul>\n<li><strong>EPC k\u00f3d:<\/strong>\u00a0<span class=\"math math-inline\"><span class=\"katex\"><span class=\"katex-mathml\">\ud835\udc38\ud835\udc43\ud835\udc36={\ud835\udc48\ud835\udc3c\ud835\udc37,\ud835\udc34\ud835\udc5d\ud835\udc5d\ud835\udc59\ud835\udc56\ud835\udc50\ud835\udc4e\ud835\udc61\ud835\udc56\ud835\udc5c\ud835\udc5b\ud835\udc37\ud835\udc4e\ud835\udc61\ud835\udc4e}<\/span><span class=\"katex-html\" aria-hidden=\"true\"><span class=\"base\"><span class=\"mord mathnormal\">EPC<\/span><span class=\"mrel\">=<\/span><\/span><span class=\"base\"><span class=\"mopen\">{<\/span><span class=\"mord mathnormal\">U<\/span><span class=\"mord mathnormal\">j\u00e1<\/span><span class=\"mord mathnormal\">D<\/span><span class=\"mpunct\">,<\/span><span class=\"mord mathnormal\">A<\/span><span class=\"mord mathnormal\">ppl<\/span><span class=\"mord mathnormal\">i<\/span><span class=\"mord mathnormal\">C<\/span><span class=\"mord mathnormal\">A<\/span><span class=\"mord mathnormal\">t<\/span><span class=\"mord mathnormal\">i<\/span><span class=\"mord mathnormal\">\u00d3<\/span><span class=\"mord mathnormal\">n<\/span><span class=\"mord mathnormal\">D<\/span><span class=\"mord mathnormal\">A<\/span><span class=\"mord mathnormal\">t<\/span><span class=\"mord mathnormal\">A<\/span><span class=\"mclose\">}<\/span><\/span><\/span><\/span><\/span><\/li>\n<li><strong>TID k\u00f3d:<\/strong>\u00a0<span class=\"math math-inline\"><span class=\"katex\"><span class=\"katex-mathml\">\ud835\udc47\ud835\udc3c\ud835\udc37={\ud835\udc47\ud835\udc4e\ud835\udc54\ud835\udc3c\ud835\udc37,\ud835\udc40\ud835\udc4e\ud835\udc5b\ud835\udc62\ud835\udc53\ud835\udc4e\ud835\udc50\ud835\udc61\ud835\udc62\ud835\udc5f\ud835\udc52\ud835\udc5f\ud835\udc37\ud835\udc4e\ud835\udc61<\/span><span class=\"katex-html\" aria-hidden=\"true\"><span class=\"base\"><span class=\"mord mathnormal\">T<\/span><span class=\"mord mathnormal\">j\u00e1<\/span><span class=\"mord mathnormal\">D<\/span><span class=\"mrel\">=<\/span><\/span><span class=\"base\"><span class=\"mopen\">{<\/span><span class=\"mord mathnormal\">T<\/span><span class=\"mord mathnormal\">A<\/span><span class=\"mord mathnormal\">G<\/span><span class=\"mord mathnormal\">j\u00e1<\/span><span class=\"mord mathnormal\">D<\/span><span class=\"mpunct\">,<\/span><span class=\"mord mathnormal\">M<\/span><span class=\"mord mathnormal\">an<\/span><span class=\"mord mathnormal\">u<\/span><span class=\"mord mathnormal\">F<\/span><span class=\"mord mathnormal\">A<\/span><span class=\"mord mathnormal\">C<\/span><span class=\"mord mathnormal\">t<\/span><span class=\"mord mathnormal\">u<\/span><span class=\"mord mathnormal\">rerD<\/span><span class=\"mord mathnormal\">A<\/span><span class=\"mord mathnormal\">t<\/span><span class=\"mord mathnormal\">A<\/span><span class=\"mclose\">}<\/span><\/span><\/span><\/span><\/span><\/li>\n<\/ul>\n<p><strong>Kde:<\/strong><\/p>\n<ul>\n<li><strong>UID:<\/strong>\u00a0Jedine\u010dn\u00fd identifik\u00e1tor<\/li>\n<li><strong>Data aplikace:<\/strong>\u00a0\u00dadaje specifick\u00e9 pro aplikaci<\/li>\n<li><strong>TagID:<\/strong>\u00a0Jedine\u010dn\u00e9 ID zna\u010dky<\/li>\n<li><strong>\u00dadaje v\u00fdrobce:<\/strong>\u00a0\u00dadaje poskytnut\u00e9 v\u00fdrobcem<\/li>\n<\/ul>\n<p><strong>Z\u00e1v\u011br:<\/strong><\/p>\n<p>ABS RFID Tag je v\u0161estrann\u00e9 a p\u0159izp\u016fsobiteln\u00e9 \u0159e\u0161en\u00ed pro r\u016fzn\u00e9 aplikace, kter\u00e9 nab\u00edz\u00ed kombinaci robustn\u00edho v\u00fdkonu a flexibiln\u00edch mo\u017enost\u00ed pro spln\u011bn\u00ed specifick\u00fdch pot\u0159eb.<\/p>","protected":false},"excerpt":{"rendered":"<p>On Metal ABS UHF RFID Tag je v\u00fdkonn\u00fd pasivn\u00ed UHF RFID tag s dlouh\u00fdm dosahem navr\u017een\u00fd tak, aby vynikal v n\u00e1ro\u010dn\u00fdch prost\u0159ed\u00edch.<\/p>","protected":false},"featured_media":298,"template":"","meta":{"_kad_post_transparent":"default","_kad_post_title":"","_kad_post_layout":"default","_kad_post_sidebar_id":"","_kad_post_content_style":"default","_kad_post_vertical_padding":"default","_kad_post_feature":"","_kad_post_feature_position":"","_kad_post_header":false,"_kad_post_footer":false,"_kad_post_classname":""},"product_brand":[],"product_cat":[54],"product_tag":[120,119],"class_list":{"0":"post-296","1":"product","2":"type-product","3":"status-publish","4":"has-post-thumbnail","6":"product_cat-hot-selling-rfid-tags","7":"product_tag-on-metal-abs-rfid-tag","8":"product_tag-on-metal-abs-uhf-rfid-tag","10":"first","11":"instock","12":"shipping-taxable","13":"product-type-simple","14":"entry","15":"content-bg","16":"loop-entry"},"_links":{"self":[{"href":"https:\/\/rfid-laundry-tag.com\/cs\/wp-json\/wp\/v2\/product\/296","targetHints":{"allow":["GET"]}}],"collection":[{"href":"https:\/\/rfid-laundry-tag.com\/cs\/wp-json\/wp\/v2\/product"}],"about":[{"href":"https:\/\/rfid-laundry-tag.com\/cs\/wp-json\/wp\/v2\/types\/product"}],"version-history":[{"count":1,"href":"https:\/\/rfid-laundry-tag.com\/cs\/wp-json\/wp\/v2\/product\/296\/revisions"}],"predecessor-version":[{"id":1322,"href":"https:\/\/rfid-laundry-tag.com\/cs\/wp-json\/wp\/v2\/product\/296\/revisions\/1322"}],"wp:featuredmedia":[{"embeddable":true,"href":"https:\/\/rfid-laundry-tag.com\/cs\/wp-json\/wp\/v2\/media\/298"}],"wp:attachment":[{"href":"https:\/\/rfid-laundry-tag.com\/cs\/wp-json\/wp\/v2\/media?parent=296"}],"wp:term":[{"taxonomy":"product_brand","embeddable":true,"href":"https:\/\/rfid-laundry-tag.com\/cs\/wp-json\/wp\/v2\/product_brand?post=296"},{"taxonomy":"product_cat","embeddable":true,"href":"https:\/\/rfid-laundry-tag.com\/cs\/wp-json\/wp\/v2\/product_cat?post=296"},{"taxonomy":"product_tag","embeddable":true,"href":"https:\/\/rfid-laundry-tag.com\/cs\/wp-json\/wp\/v2\/product_tag?post=296"}],"curies":[{"name":"wp","href":"https:\/\/api.w.org\/{rel}","templated":true}]}}