{"id":2942,"date":"2025-10-27T13:54:59","date_gmt":"2025-10-27T13:54:59","guid":{"rendered":"https:\/\/rfid-laundry-tag.com\/?post_type=product&#038;p=2942"},"modified":"2025-10-27T14:13:32","modified_gmt":"2025-10-27T14:13:32","slug":"iron-heating-sealed-rfid-laundry-tag","status":"publish","type":"product","link":"https:\/\/rfid-laundry-tag.com\/cs\/iron-heating-sealed-rfid-laundry-tag\/","title":{"rendered":"\u017dehli\u010dka Topen\u00ed Zape\u010det\u011bn\u00e9 RFID Pr\u00e1delna Tag"},"content":{"rendered":"<div>\n<div class=\"auto-hide-last-sibling-br paragraph_1252f paragraph-element\">\n<h2 data-start=\"0\" data-end=\"75\"><strong data-start=\"0\" data-end=\"75\">Zape\u010det\u011bn\u00e1 RFID visa\u010dka na pr\u00e1dlo s oh\u0159evem \u017eehli\u010dky \u2013 odoln\u00e1, efektivn\u00ed a spolehliv\u00e1<\/strong><\/h2>\n<p data-start=\"77\" data-end=\"443\">The <strong data-start=\"81\" data-end=\"121\">\u017dehli\u010dka Topen\u00ed Zape\u010det\u011bn\u00e9 RFID Pr\u00e1delna Tag<\/strong> je vysoce v\u00fdkonn\u00e9 \u0159e\u0161en\u00ed pro identifikaci a sledov\u00e1n\u00ed textili\u00ed, speci\u00e1ln\u011b navr\u017een\u00e9 pro pr\u016fmyslov\u00e9 pr\u00e1delny, zdravotnictv\u00ed a spr\u00e1vu uniforem. D\u00edky sv\u00e9 vynikaj\u00edc\u00ed odolnosti vynik\u00e1 v n\u00e1ro\u010dn\u00fdch prac\u00edch podm\u00ednk\u00e1ch a zaji\u0161\u0165uje dlouhodob\u00e9 a bezprobl\u00e9mov\u00e9 sledov\u00e1n\u00ed vypran\u00e9ho pr\u00e1dla v Evrop\u011b, USA a Kanad\u011b.<\/p>\n<h3 data-start=\"445\" data-end=\"462\">Kl\u00ed\u010dov\u00e9 v\u00fdhody:<\/h3>\n<ul data-start=\"463\" data-end=\"937\">\n<li data-start=\"463\" data-end=\"616\">\n<p data-start=\"465\" data-end=\"616\"><strong data-start=\"465\" data-end=\"496\">Vod\u011bodoln\u00fd a tepeln\u011b odoln\u00fd<\/strong>Odol\u00e1v\u00e1 prac\u00edm prost\u0159edk\u016fm, b\u011blidl\u016fm a vysok\u00fdm teplot\u00e1m, \u010d\u00edm\u017e zaji\u0161\u0165uje trvanlivost v pr\u016fmyslov\u00fdch prac\u00edch procesech.<\/p>\n<\/li>\n<li data-start=\"617\" data-end=\"731\">\n<p data-start=\"619\" data-end=\"731\"><strong data-start=\"619\" data-end=\"647\">Dlouhotrvaj\u00edc\u00ed v\u00fdkon<\/strong>Vydr\u017e\u00ed a\u017e <strong data-start=\"663\" data-end=\"685\">200 prac\u00edch cykl\u016f<\/strong> nebo <strong data-start=\"689\" data-end=\"703\">300 pran\u00ed<\/strong>, co\u017e zaru\u010duje dlouhodob\u00e9 pou\u017e\u00edv\u00e1n\u00ed.<\/p>\n<\/li>\n<li data-start=\"732\" data-end=\"829\">\n<p data-start=\"734\" data-end=\"829\"><strong data-start=\"734\" data-end=\"757\">Vynikaj\u00edc\u00ed dosah \u010dten\u00ed<\/strong>Nab\u00edz\u00ed \u010dtec\u00ed vzd\u00e1lenost <strong data-start=\"785\" data-end=\"800\">8\u201312 metr\u016f<\/strong> pro rychl\u00e9 a p\u0159esn\u00e9 skenov\u00e1n\u00ed.<\/p>\n<\/li>\n<li data-start=\"830\" data-end=\"937\">\n<p data-start=\"832\" data-end=\"937\"><strong data-start=\"832\" data-end=\"852\">Rychl\u00e9 vy\u0159\u00edzen\u00ed<\/strong>Rychl\u00e1 dodac\u00ed lh\u016fta pouh\u00fdch <strong data-start=\"877\" data-end=\"887\">3 dny<\/strong>, a zajist\u00ed v\u00e1m tak, \u017ee dostanete to, co pot\u0159ebujete, kdy to pot\u0159ebujete.<\/p>\n<\/li>\n<\/ul>\n<h3 data-start=\"939\" data-end=\"956\">Kl\u00ed\u010dov\u00e9 vlastnosti:<\/h3>\n<ul data-start=\"957\" data-end=\"1499\">\n<li data-start=\"957\" data-end=\"1123\">\n<p data-start=\"959\" data-end=\"1123\"><strong data-start=\"959\" data-end=\"990\">Chemick\u00e1 a vod\u011bodolnost<\/strong>Tato RFID zna\u010dka je vyrobena tak, aby odol\u00e1vala prac\u00edm prost\u0159edk\u016fm, aviv\u00e1\u017e\u00edm, b\u011blidl\u016fm a alkalick\u00fdm o\u0161et\u0159en\u00edm, a proto z\u016fst\u00e1v\u00e1 funk\u010dn\u00ed i v n\u00e1ro\u010dn\u00fdch podm\u00ednk\u00e1ch.<\/p>\n<\/li>\n<li data-start=\"1124\" data-end=\"1248\">\n<p data-start=\"1126\" data-end=\"1248\"><strong data-start=\"1126\" data-end=\"1152\">Technologie tepeln\u00e9ho ut\u011bsn\u011bn\u00ed<\/strong>Snadno se integruje s tepeln\u00fdmi sv\u00e1\u0159e\u010dkami a zaji\u0161\u0165uje pevn\u00e9 a trval\u00e9 p\u0159ipevn\u011bn\u00ed k tkanin\u00e1m.<\/p>\n<\/li>\n<li data-start=\"1249\" data-end=\"1388\">\n<p data-start=\"1251\" data-end=\"1388\"><strong data-start=\"1251\" data-end=\"1272\">Na\u017eehlovac\u00ed a \u0161iteln\u00e9<\/strong>Flexibiln\u00ed aplikace pomoc\u00ed tepeln\u00e9ho lisu nebo \u0161it\u00ed, ide\u00e1ln\u00ed pro vlepen\u00ed \u0161t\u00edtk\u016f do okraj\u016f textili\u00ed nebo \u0161t\u00edtk\u016f s pokyny pro p\u00e9\u010di.<\/p>\n<\/li>\n<li data-start=\"1389\" data-end=\"1499\">\n<p data-start=\"1391\" data-end=\"1499\"><strong data-start=\"1391\" data-end=\"1421\">Odoln\u00e9 v\u016f\u010di vysok\u00fdm teplot\u00e1m<\/strong>Navr\u017eeno tak, aby odolalo intenzivn\u00edmu teplu a mechanick\u00e9mu nam\u00e1h\u00e1n\u00ed v pr\u016fmyslov\u00e9m pr\u00e1deln\u011b.<\/p>\n<\/li>\n<\/ul>\n<h3 data-start=\"1501\" data-end=\"1530\">Technick\u00e9 specifikace:<\/h3>\n<ul data-start=\"1531\" data-end=\"2169\">\n<li data-start=\"1531\" data-end=\"1653\">\n<p data-start=\"1533\" data-end=\"1653\"><strong data-start=\"1533\" data-end=\"1549\">Mo\u017enosti velikosti<\/strong>35 mm x 15 mm, 58 mm x 15 mm, 70 mm x 10 mm, 70 mm x 15 mm, 75 mm x 12 mm, 75 mm x 15 mm (k dispozici jsou i zak\u00e1zkov\u00e9 rozm\u011bry).<\/p>\n<\/li>\n<li data-start=\"1654\" data-end=\"1710\">\n<p data-start=\"1656\" data-end=\"1710\"><strong data-start=\"1656\" data-end=\"1674\">RFID standardy<\/strong>ISO\/IEC 18000-6 typ C (EPC Gen2).<\/p>\n<\/li>\n<li data-start=\"1711\" data-end=\"1770\">\n<p data-start=\"1713\" data-end=\"1770\"><strong data-start=\"1713\" data-end=\"1729\">Mo\u017enosti \u010dipu<\/strong>NXP U CODE 9, Alien H9 atd.<\/p>\n<\/li>\n<li data-start=\"1771\" data-end=\"1813\">\n<p data-start=\"1773\" data-end=\"1813\"><strong data-start=\"1773\" data-end=\"1783\">Pam\u011b\u0165<\/strong>EPC 128 bit\u016f, u\u017eivatel 512 bit\u016f.<\/p>\n<\/li>\n<li data-start=\"1814\" data-end=\"1852\">\n<p data-start=\"1816\" data-end=\"1852\"><strong data-start=\"1816\" data-end=\"1830\">P\u0159e\u010dt\u011bte si rozsah<\/strong>8M \u2013 10M (FCC\/ETSI).<\/p>\n<\/li>\n<li data-start=\"1853\" data-end=\"1927\">\n<p data-start=\"1855\" data-end=\"1927\"><strong data-start=\"1855\" data-end=\"1874\">Metody ozna\u010dov\u00e1n\u00ed<\/strong>Tepeln\u00e9 sva\u0159ov\u00e1n\u00ed, hork\u00e9 ra\u017eby lepidlem nebo d\u011brov\u00e1n\u00ed.<\/p>\n<\/li>\n<li data-start=\"1928\" data-end=\"2042\">\n<p data-start=\"1930\" data-end=\"2042\"><strong data-start=\"1930\" data-end=\"1956\">Teplota a vlhkost<\/strong>P\u016fsob\u00ed mezi <strong data-start=\"1975\" data-end=\"1993\">-20 \u00b0C a\u017e 110 \u00b0C<\/strong>; rozsah skladov\u00e1n\u00ed <strong data-start=\"2009\" data-end=\"2027\">-40 \u00b0C a\u017e 110 \u00b0C<\/strong> s 8-95% prav\u00fdm k\u0159\u00eddlem.<\/p>\n<\/li>\n<li data-start=\"2043\" data-end=\"2169\">\n<p data-start=\"2045\" data-end=\"2169\"><strong data-start=\"2045\" data-end=\"2072\">Myt\u00ed a sterilizace<\/strong>Sn\u00e1\u0161\u00ed teploty pran\u00ed a\u017e <strong data-start=\"2111\" data-end=\"2119\">90 \u00b0C<\/strong> a sterilizaci v <strong data-start=\"2141\" data-end=\"2168\">135 \u00b0C po dobu 15\u201320 minut<\/strong>.<\/p>\n<\/li>\n<\/ul>\n<\/div>\n<\/div>\n<h2 data-start=\"2812\" data-end=\"3015\"><strong>Datov\u00fd list<\/strong><\/h2>\n<div>\n<div class=\"auto-hide-last-sibling-br paragraph_1252f paragraph-element\">\n<div>\n<table width=\"637\">\n<tbody>\n<tr>\n<td width=\"328\">N\u00e1zev polo\u017eky:<\/td>\n<td width=\"309\">\u017dehli\u010dka Topen\u00ed Zape\u010det\u011bn\u00e9 RFID Pr\u00e1delna Tag<\/td>\n<\/tr>\n<tr>\n<td width=\"328\">RFID standard:<\/td>\n<td width=\"309\">ISO\/IEC 18000-6 TypeC (EPC Gen2)<\/td>\n<\/tr>\n<tr>\n<td width=\"328\">Velikost a hmotnost:<\/td>\n<td width=\"309\">\u00a035 mm x 15 mm; 58 mm x 15 mm; 70 mm x 10 mm 70 x 15 mm 75 x 12 mm 75 x 15 mm nebo na zak\u00e1zku<\/td>\n<\/tr>\n<tr>\n<td width=\"328\">Typ \u010dipu:<\/td>\n<td width=\"309\">Monza 4QT, NXP U CODE 9, Alien H9 atd.<\/td>\n<\/tr>\n<tr>\n<td width=\"328\">Pam\u011b\u0165 EPC:<\/td>\n<td width=\"309\">128 bit\u016f<\/td>\n<\/tr>\n<tr>\n<td width=\"328\">U\u017eivatelsk\u00e1 pam\u011b\u0165:<\/td>\n<td width=\"309\">512 bit\u016f<\/td>\n<\/tr>\n<tr>\n<td width=\"328\">Rozsah \u010dten\u00ed (2W ERP FCC):<\/td>\n<td width=\"309\">8M~10M<\/td>\n<\/tr>\n<tr>\n<td width=\"328\">Rozsah \u010dten\u00ed (2W ERP ETSI):<\/td>\n<td width=\"309\">8M~10M<\/td>\n<\/tr>\n<tr>\n<td width=\"328\">Ozna\u010dov\u00e1n\u00ed:<\/td>\n<td width=\"309\">Lepidlo pro horkou ra\u017ebu, topn\u00e9 t\u011bsn\u011bn\u00ed, otvor atd.<\/td>\n<\/tr>\n<tr>\n<td width=\"328\">Odhadovan\u00e1 \u017eivotnost:<\/td>\n<td width=\"309\">200 prac\u00edch cykl\u016f nebo 300 pran\u00ed<\/td>\n<\/tr>\n<tr>\n<td width=\"328\">Zp\u016fsob pran\u00ed:<\/td>\n<td width=\"309\">Pr\u00e1delna, Chemick\u00e9 \u010di\u0161t\u011bn\u00ed<\/td>\n<\/tr>\n<tr>\n<td width=\"328\">Tlak ods\u00e1v\u00e1n\u00ed vody:<\/td>\n<td width=\"309\">60 bar<\/td>\n<\/tr>\n<tr>\n<td width=\"328\">Vod\u011bodolnost:<\/td>\n<td width=\"309\">Vod\u011bodoln\u00fd<\/td>\n<\/tr>\n<tr>\n<td width=\"328\">Chemick\u00e1 odolnost:<\/td>\n<td width=\"309\">Prac\u00ed prost\u0159edek, aviv\u00e1\u017e, b\u011blidlo (kysl\u00edk\/chl\u00f3r), alk\u00e1lie<\/td>\n<\/tr>\n<tr>\n<td width=\"328\">P\u0159edsu\u0161en\u00ed v bubnu:<\/td>\n<td width=\"309\">125 \u00baC po dobu 15-20 minut<\/td>\n<\/tr>\n<tr>\n<td width=\"328\">Teplota sterilizace:<\/td>\n<td width=\"309\">135\u00b0C po dobu 15-20 minut<\/td>\n<\/tr>\n<tr>\n<td width=\"328\">Teplota pran\u00ed:<\/td>\n<td width=\"309\">90\u00b0C, a\u017e 15 min.<\/td>\n<\/tr>\n<tr>\n<td width=\"328\">Provozn\u00ed vlhkost \/ teplota:<\/td>\n<td width=\"309\">-20 a\u017e 110 \u00b0C, 8 a\u017e 951 TP3TRH<\/td>\n<\/tr>\n<tr>\n<td width=\"328\">Skladov\u00e1n\u00ed vlhkosti\/teploty:<\/td>\n<td width=\"309\">-40 a\u017e 110 \u00b0C, 8 a\u017e 95%RH<\/td>\n<\/tr>\n<\/tbody>\n<\/table>\n<\/div>\n<\/div>\n<\/div>\n<div><\/div>\n<div class=\"auto-hide-last-sibling-br paragraph_1252f paragraph-element\"><span class=\"AnswerParser_TextContainer__z_Iiv\" data-testid=\"youchat-text\"><strong>RFID UHF \u0161t\u00edtky na pr\u00e1dlo<\/strong> jsou dokonal\u00fdm \u0159e\u0161en\u00edm pro efektivn\u00ed spr\u00e1vu pracovn\u00edch od\u011bv\u016f, hotelov\u00fdch ru\u010dn\u00edk\u016f a nemocni\u010dn\u00edho lo\u017en\u00edho pr\u00e1dla. Tyto odoln\u00e9 \u0161t\u00edtky jsou navr\u017eeny tak, aby vydr\u017eely vysok\u00e9 teploty a drsn\u00e9 chemik\u00e1lie, kter\u00e9 se obvykle pou\u017e\u00edvaj\u00ed v pr\u016fmyslov\u00fdch myc\u00edch procesech. Jejich robustn\u00ed konstrukce zaji\u0161\u0165uje, \u017ee z\u016fstanou funk\u010dn\u00ed i po n\u011bkolika prac\u00edch cyklech, co\u017e z nich d\u011bl\u00e1 neoceniteln\u00fd p\u0159\u00ednos v jak\u00e9koli pr\u00e1deln\u011b.<\/span><span class=\"AnswerParser_TextContainer__z_Iiv\" data-testid=\"youchat-text\">Integrac\u00ed technologie RFID do va\u0161eho syst\u00e9mu spr\u00e1vy pr\u00e1dla m\u016f\u017eete v\u00fdrazn\u011b sn\u00ed\u017eit n\u00e1klady na manipulaci. Br\u00e1ny a po\u010d\u00edtadla RFID zefektiv\u0148uj\u00ed proces sledov\u00e1n\u00ed a umo\u017e\u0148uj\u00ed v\u00e1m rychle naj\u00edt a identifikovat pr\u00e1dlo. To nejen \u0161et\u0159\u00ed \u010das, ale tak\u00e9 zvy\u0161uje p\u0159esnost z\u00e1sob, co\u017e v\u00e1m umo\u017e\u0148uje snadno sledovat myc\u00ed cykly. S RFID UHF \u0161t\u00edtky na pr\u00e1dlo zlep\u0161\u00edte svou provozn\u00ed efektivitu a zajist\u00edte, \u017ee va\u0161e pr\u00e1dlo bude v\u017edy zapo\u010d\u00edt\u00e1no.<\/span><\/div>\n<div><\/div>\n<div>\n<h3 data-start=\"2171\" data-end=\"2219\">Optimalizov\u00e1no pro provoz pr\u016fmyslov\u00fdch pr\u00e1delen:<\/h3>\n<p data-start=\"2220\" data-end=\"2515\">RFID UHF \u0161t\u00edtky na pr\u00e1dlo poskytuj\u00ed efektivn\u00ed spr\u00e1vu aktiv, jako jsou pracovn\u00ed uniformy, hotelov\u00e9 pr\u00e1dlo, nemocni\u010dn\u00ed textilie a dal\u0161\u00ed. D\u00edky schopnosti odol\u00e1vat vysok\u00fdm teplot\u00e1m a agresivn\u00edm chemik\u00e1li\u00edm z\u016fst\u00e1vaj\u00ed funk\u010dn\u00ed i po n\u011bkolika prac\u00edch cyklech, co\u017e zaji\u0161\u0165uje hladk\u00fd chod va\u0161\u00ed pr\u00e1delny.<\/p>\n<p data-start=\"2517\" data-end=\"2583\">Integrac\u00ed RFID do va\u0161eho syst\u00e9mu spr\u00e1vy pr\u00e1dla z\u00edsk\u00e1te:<\/p>\n<ul data-start=\"2584\" data-end=\"2810\">\n<li data-start=\"2584\" data-end=\"2675\">\n<p data-start=\"2586\" data-end=\"2675\"><strong data-start=\"2586\" data-end=\"2609\">Zv\u00fd\u0161en\u00e1 efektivita<\/strong>Rychlej\u0161\u00ed a p\u0159esn\u011bj\u0161\u00ed sledov\u00e1n\u00ed z\u00e1sob sni\u017euje manipula\u010dn\u00ed n\u00e1klady.<\/p>\n<\/li>\n<li data-start=\"2676\" data-end=\"2810\">\n<p data-start=\"2678\" data-end=\"2810\"><strong data-start=\"2678\" data-end=\"2699\">Vylep\u0161en\u00e1 p\u0159esnost<\/strong>Technologie RFID zaji\u0161\u0165uje p\u0159esn\u00e9 sledov\u00e1n\u00ed polohy, sni\u017euje chyby a zaji\u0161\u0165uje evidenci polo\u017eek.<\/p>\n<\/li>\n<\/ul>\n<p data-start=\"2812\" data-end=\"3015\"><strong data-start=\"2812\" data-end=\"2853\">\u017dehli\u010dka Topen\u00ed Zape\u010det\u011bn\u00e9 RFID \u0161t\u00edtky na pr\u00e1dlo<\/strong> Zrychlete, zefektivnite a zefektivn\u00edte provoz va\u0161\u00ed pr\u00e1delny, zefektivn\u00edte pracovn\u00ed postup a zajist\u00edte sledovatelnost va\u0161ich od\u011bv\u016f b\u011bhem ka\u017ed\u00e9ho pran\u00ed.<\/p>\n<\/div>\n<div data-spm-anchor-id=\"a2700.details.0.i57.23b419c7xXORP0\"><\/div>\n<div class=\"auto-hide-last-sibling-br paragraph_1252f paragraph-element\"><\/div>\n<div class=\"auto-hide-last-sibling-br paragraph_1252f paragraph-element\"><\/div>","protected":false},"excerpt":{"rendered":"<p>Jsme 5 nejlep\u0161\u00edch v\u00fdrobc\u016f RFID \u0161t\u00edtk\u016f pro pr\u00e1dlo s vyh\u0159\u00edv\u00e1n\u00edm \u017eehli\u010dky<strong>.\u0160t\u00edtek .RFID pro pr\u00e1delnu<\/strong>\u00a0Zaji\u0161\u0165uje trval\u00e9 sledov\u00e1n\u00ed textili\u00ed ve zdravotnictv\u00ed, pr\u00e1deln\u00e1ch a uniform\u00e1ch v cel\u00e9 Evrop\u011b, USA a Kanad\u011b \u2013 odoln\u00e9 v\u016f\u010di n\u00e1ro\u010dn\u00fdm prac\u00edm cykl\u016fm.<\/p>","protected":false},"featured_media":2943,"template":"","meta":{"_kad_post_transparent":"default","_kad_post_title":"","_kad_post_layout":"default","_kad_post_sidebar_id":"","_kad_post_content_style":"default","_kad_post_vertical_padding":"default","_kad_post_feature":"","_kad_post_feature_position":"","_kad_post_header":false,"_kad_post_footer":false,"_kad_post_classname":""},"product_brand":[],"product_cat":[16],"product_tag":[364,363,338,342,339,65,30],"class_list":{"0":"post-2942","1":"product","2":"type-product","3":"status-publish","4":"has-post-thumbnail","6":"product_cat-uhf-rfid-laundry-tags","7":"product_tag-heating-sealed-rfid-laundry-tag","8":"product_tag-iron-heating-sealed-rfid-laundry-tag","9":"product_tag-rfid-chips-for-uniforms","10":"product_tag-rfid-laundry-tags","11":"product_tag-rfid-washable-tags","12":"product_tag-textile-rfid-laundry-tags","13":"product_tag-uhf-rfid-laundry-tag","15":"first","16":"instock","17":"featured","18":"shipping-taxable","19":"product-type-simple","20":"entry","21":"content-bg","22":"loop-entry"},"_links":{"self":[{"href":"https:\/\/rfid-laundry-tag.com\/cs\/wp-json\/wp\/v2\/product\/2942","targetHints":{"allow":["GET"]}}],"collection":[{"href":"https:\/\/rfid-laundry-tag.com\/cs\/wp-json\/wp\/v2\/product"}],"about":[{"href":"https:\/\/rfid-laundry-tag.com\/cs\/wp-json\/wp\/v2\/types\/product"}],"version-history":[{"count":2,"href":"https:\/\/rfid-laundry-tag.com\/cs\/wp-json\/wp\/v2\/product\/2942\/revisions"}],"predecessor-version":[{"id":2948,"href":"https:\/\/rfid-laundry-tag.com\/cs\/wp-json\/wp\/v2\/product\/2942\/revisions\/2948"}],"wp:featuredmedia":[{"embeddable":true,"href":"https:\/\/rfid-laundry-tag.com\/cs\/wp-json\/wp\/v2\/media\/2943"}],"wp:attachment":[{"href":"https:\/\/rfid-laundry-tag.com\/cs\/wp-json\/wp\/v2\/media?parent=2942"}],"wp:term":[{"taxonomy":"product_brand","embeddable":true,"href":"https:\/\/rfid-laundry-tag.com\/cs\/wp-json\/wp\/v2\/product_brand?post=2942"},{"taxonomy":"product_cat","embeddable":true,"href":"https:\/\/rfid-laundry-tag.com\/cs\/wp-json\/wp\/v2\/product_cat?post=2942"},{"taxonomy":"product_tag","embeddable":true,"href":"https:\/\/rfid-laundry-tag.com\/cs\/wp-json\/wp\/v2\/product_tag?post=2942"}],"curies":[{"name":"wp","href":"https:\/\/api.w.org\/{rel}","templated":true}]}}