{"id":294,"date":"2024-06-26T15:13:51","date_gmt":"2024-06-26T15:13:51","guid":{"rendered":"https:\/\/rfid-laundry-tag.com\/?post_type=product&#038;p=294"},"modified":"2024-08-14T16:45:57","modified_gmt":"2024-08-14T16:45:57","slug":"anti-metal-nfc-patrol-tag","status":"publish","type":"product","link":"https:\/\/rfid-laundry-tag.com\/cs\/anti-metal-nfc-patrol-tag\/","title":{"rendered":"Anti Metal NFC Patrol Tag"},"content":{"rendered":"<p>Anti Metal NFC Patrol Tag, \u010dipy maj\u00ed NTAG213, NTAG215 a NTAG216 byly vyvinuty spole\u010dnost\u00ed NXP Semiconductors jako standardn\u00ed NFC tag IC pro pou\u017eit\u00ed v aplikac\u00edch na masov\u00e9m trhu, jako je maloobchod, hern\u00ed a spot\u0159ebn\u00ed elektronika, v kombinaci s NFC za\u0159\u00edzen\u00edmi nebo proximity Coupling kompatibiln\u00ed s NFC Za\u0159\u00edzen\u00ed. NTAG213, NTAG215 a NTAG216 (od nyn\u011bj\u0161ka obecn\u011b naz\u00fdvan\u00e9 NTAG21x) jsou navr\u017eeny tak, aby pln\u011b vyhovovaly specifikac\u00edm NFC Forum Type 2 Tag a ISO\/IEC14443 Type A.<\/p>\n<table class=\"hight-light-first-column all magic-11\">\n<tbody>\n<tr>\n<td colspan=\"1\" rowspan=\"1\">\n<div class=\"magic-12\" data-spm-anchor-id=\"a2700.details.0.i57.12287cd6Tl6d8d\">Velikost<\/div>\n<\/td>\n<td colspan=\"4\" rowspan=\"1\">\n<div class=\"magic-13\">Pr\u016fm\u011br 25 mm<\/div>\n<\/td>\n<\/tr>\n<tr>\n<td colspan=\"1\" rowspan=\"1\">\n<div class=\"magic-12\">Barva<\/div>\n<\/td>\n<td colspan=\"4\" rowspan=\"1\">\n<div class=\"magic-16\">\u010cern\u00e1, b\u00edl\u00e1, \u017elut\u00e1, \u010derven\u00e1 nebo vlastn\u00ed<\/div>\n<\/td>\n<\/tr>\n<tr>\n<td colspan=\"1\" rowspan=\"1\">\n<div class=\"magic-12\">\u010cip<\/div>\n<\/td>\n<td colspan=\"4\" rowspan=\"1\">\n<div class=\"magic-13\">NTAG213,NTAG215,NTAG216<\/div>\n<\/td>\n<\/tr>\n<tr>\n<td colspan=\"1\" rowspan=\"1\">\n<div class=\"magic-12\">Frekvence<\/div>\n<\/td>\n<td colspan=\"4\" rowspan=\"1\">\n<div class=\"magic-13\">13,56 MHz<\/div>\n<\/td>\n<\/tr>\n<tr>\n<td colspan=\"1\" rowspan=\"1\">\n<div class=\"magic-12\">Protokol<\/div>\n<\/td>\n<td colspan=\"4\" rowspan=\"1\">\n<div class=\"magic-13\">ISO14443A, f\u00f3rum NFC typu 2<\/div>\n<\/td>\n<\/tr>\n<tr>\n<td colspan=\"1\" rowspan=\"1\">\n<div class=\"magic-12\">Materi\u00e1l<\/div>\n<\/td>\n<td colspan=\"4\" rowspan=\"1\">\n<div class=\"magic-13\">ABS<\/div>\n<\/td>\n<\/tr>\n<tr>\n<td colspan=\"1\" rowspan=\"1\">\n<div class=\"magic-12\">Provozn\u00ed teplota<\/div>\n<\/td>\n<td colspan=\"4\" rowspan=\"1\">\n<div class=\"magic-13\">-20 a\u017e 85 stup\u0148\u016f C<\/div>\n<\/td>\n<\/tr>\n<tr>\n<td colspan=\"1\" rowspan=\"1\">\n<div class=\"magic-12\">aplikace<\/div>\n<\/td>\n<td colspan=\"4\" rowspan=\"1\">\n<div class=\"magic-16\">\u0158et\u011bz na pr\u00e1dlo, tvrd\u00e1 chemik\u00e1lie, platebn\u00ed za\u0159\u00edzen\u00ed, venkovn\u00ed pou\u017eit\u00ed, chemik\u00e1lie, pr\u016fmysl, logistika, hl\u00eddka, \u010dlenstv\u00ed, p\u0159epravn\u00ed kontejner, palety atd.<\/div>\n<\/td>\n<\/tr>\n<tr>\n<td colspan=\"1\" rowspan=\"1\">\n<div class=\"magic-12\">Hodnocen\u00ed vod\u011bodolnosti<\/div>\n<\/td>\n<td colspan=\"4\" rowspan=\"1\">\n<div class=\"magic-16\">IP67<\/div>\n<\/td>\n<\/tr>\n<tr>\n<td colspan=\"1\" rowspan=\"1\">\n<div class=\"magic-12\">Rozsah \u010dten\u00ed<\/div>\n<\/td>\n<td colspan=\"4\" rowspan=\"1\">\n<div class=\"magic-16\">5-10cm, z\u00e1le\u017e\u00ed na \u010dte\u010dce<\/div>\n<\/td>\n<\/tr>\n<tr>\n<td colspan=\"1\" rowspan=\"1\">\n<div class=\"magic-12\">Craft<\/div>\n<\/td>\n<td colspan=\"4\" rowspan=\"1\">\n<div class=\"magic-16\">Laserem vyryt\u00e9 s\u00e9riov\u00e9 \u010d\u00edslo, \u010d\u00e1rov\u00fd k\u00f3d a tak d\u00e1le<\/div>\n<\/td>\n<\/tr>\n<tr>\n<td colspan=\"1\" rowspan=\"1\">\n<div class=\"magic-12\">Mont\u00e1\u017e<\/div>\n<\/td>\n<td colspan=\"4\" rowspan=\"1\">\n<div class=\"magic-16\">Lepidlem nebo \u0161roubem nebo n\u00fdty<\/div>\n<\/td>\n<\/tr>\n<\/tbody>\n<\/table>","protected":false},"excerpt":{"rendered":"<p>Technologie Anti Metal NFC Patrol Tag. Technologie NFC se tradi\u010dn\u011b pot\u00fdk\u00e1 s omezen\u00edm: b\u011b\u017en\u00e9 zna\u010dky NFC nefunguj\u00ed dob\u0159e na kovov\u00fdch povr\u0161\u00edch. Kov toti\u017e ru\u0161\u00ed elektromagnetick\u00e9 sign\u00e1ly pou\u017e\u00edvan\u00e9 pro komunikaci. Nicm\u00e9n\u011b, nov\u00fd druh zna\u010dek, tzv <strong>Kovov\u00e9 \u0161t\u00edtky NFC<\/strong>, \u0159e\u0161\u00ed tento probl\u00e9m.<\/p>","protected":false},"featured_media":295,"template":"","meta":{"_kad_post_transparent":"default","_kad_post_title":"","_kad_post_layout":"default","_kad_post_sidebar_id":"","_kad_post_content_style":"default","_kad_post_vertical_padding":"default","_kad_post_feature":"","_kad_post_feature_position":"","_kad_post_header":false,"_kad_post_footer":false,"_kad_post_classname":""},"product_brand":[],"product_cat":[54],"product_tag":[118,216,217],"class_list":{"0":"post-294","1":"product","2":"type-product","3":"status-publish","4":"has-post-thumbnail","6":"product_cat-hot-selling-rfid-tags","7":"product_tag-anti-metal-nfc-patrol-tag","8":"product_tag-nfc-patrol-tag","9":"product_tag-nfc-tags","11":"first","12":"instock","13":"shipping-taxable","14":"product-type-simple","15":"entry","16":"content-bg","17":"loop-entry"},"_links":{"self":[{"href":"https:\/\/rfid-laundry-tag.com\/cs\/wp-json\/wp\/v2\/product\/294","targetHints":{"allow":["GET"]}}],"collection":[{"href":"https:\/\/rfid-laundry-tag.com\/cs\/wp-json\/wp\/v2\/product"}],"about":[{"href":"https:\/\/rfid-laundry-tag.com\/cs\/wp-json\/wp\/v2\/types\/product"}],"version-history":[{"count":1,"href":"https:\/\/rfid-laundry-tag.com\/cs\/wp-json\/wp\/v2\/product\/294\/revisions"}],"predecessor-version":[{"id":1334,"href":"https:\/\/rfid-laundry-tag.com\/cs\/wp-json\/wp\/v2\/product\/294\/revisions\/1334"}],"wp:featuredmedia":[{"embeddable":true,"href":"https:\/\/rfid-laundry-tag.com\/cs\/wp-json\/wp\/v2\/media\/295"}],"wp:attachment":[{"href":"https:\/\/rfid-laundry-tag.com\/cs\/wp-json\/wp\/v2\/media?parent=294"}],"wp:term":[{"taxonomy":"product_brand","embeddable":true,"href":"https:\/\/rfid-laundry-tag.com\/cs\/wp-json\/wp\/v2\/product_brand?post=294"},{"taxonomy":"product_cat","embeddable":true,"href":"https:\/\/rfid-laundry-tag.com\/cs\/wp-json\/wp\/v2\/product_cat?post=294"},{"taxonomy":"product_tag","embeddable":true,"href":"https:\/\/rfid-laundry-tag.com\/cs\/wp-json\/wp\/v2\/product_tag?post=294"}],"curies":[{"name":"wp","href":"https:\/\/api.w.org\/{rel}","templated":true}]}}