{"id":2864,"date":"2024-11-05T13:39:10","date_gmt":"2024-11-05T13:39:10","guid":{"rendered":"https:\/\/rfid-laundry-tag.com\/?post_type=product&#038;p=2864"},"modified":"2024-11-05T13:58:17","modified_gmt":"2024-11-05T13:58:17","slug":"nfc-keychain-ntag213-ntag215-ntag216","status":"publish","type":"product","link":"https:\/\/rfid-laundry-tag.com\/cs\/nfc-keychain-ntag213-ntag215-ntag216\/","title":{"rendered":"NFC kl\u00ed\u010denka Ntag213 Ntag215 Ntag216"},"content":{"rendered":"<h2>NFC kl\u00ed\u010denka Ntag213 Ntag215 Ntag216<\/h2>\n<table class=\"all magic-12\">\n<tbody>\n<tr>\n<td colspan=\"1\" rowspan=\"1\">\n<div class=\"magic-13\">\u010cip<\/div>\n<\/td>\n<td colspan=\"1\" rowspan=\"1\">\n<div class=\"magic-14\">NTAG\u00ae 213, Ntag215, Ntag216<\/div>\n<\/td>\n<\/tr>\n<tr>\n<td colspan=\"1\" rowspan=\"1\">\n<div class=\"magic-13\">Protokol<\/div>\n<\/td>\n<td colspan=\"1\" rowspan=\"1\">\n<div class=\"magic-14\">ISO 14443A<\/div>\n<\/td>\n<\/tr>\n<tr>\n<td colspan=\"1\" rowspan=\"1\">\n<div class=\"magic-13\">Velikost<\/div>\n<\/td>\n<td colspan=\"1\" rowspan=\"1\">\n<div class=\"magic-14\">41 * 32 mm nebo p\u0159izp\u016fsoben\u00e9<\/div>\n<\/td>\n<\/tr>\n<tr>\n<td colspan=\"1\" rowspan=\"1\">\n<div class=\"magic-13\">Pam\u011b\u0165<\/div>\n<\/td>\n<td colspan=\"1\" rowspan=\"1\">\n<div class=\"magic-14\" data-spm-anchor-id=\"a2700.details.0.i42.450c1986usT9sY\">144 bajt\u016f, 504 bajt\u016f, 888 bajt\u016f<\/div>\n<\/td>\n<\/tr>\n<tr>\n<td colspan=\"1\" rowspan=\"1\">\n<div class=\"magic-13\">Frekvence<\/div>\n<\/td>\n<td colspan=\"1\" rowspan=\"1\">\n<div class=\"magic-14\">13,56 MHz<\/div>\n<\/td>\n<\/tr>\n<tr>\n<td colspan=\"1\" rowspan=\"1\">\n<div class=\"magic-13\">Materi\u00e1l<\/div>\n<\/td>\n<td colspan=\"1\" rowspan=\"1\">\n<div class=\"magic-14\">ABS, plast nebo p\u0159izp\u016fsoben\u00e9<\/div>\n<\/td>\n<\/tr>\n<tr>\n<td colspan=\"1\" rowspan=\"1\">\n<div class=\"magic-13\">Napi\u0161te Vytrvalost<\/div>\n<\/td>\n<td colspan=\"1\" rowspan=\"1\">\n<div class=\"magic-14\">\u2265100000 cykl\u016f<\/div>\n<\/td>\n<\/tr>\n<tr>\n<td colspan=\"1\" rowspan=\"1\">\n<div class=\"magic-13\">P\u0159e\u010dt\u011bte si rozsah<\/div>\n<\/td>\n<td colspan=\"1\" rowspan=\"1\">\n<div class=\"magic-14\">1-6 cm<\/div>\n<\/td>\n<\/tr>\n<tr>\n<td colspan=\"1\" rowspan=\"1\">\n<div class=\"magic-13\">aplikace<\/div>\n<\/td>\n<td colspan=\"1\" rowspan=\"1\">\n<div class=\"magic-14\">Kontrola p\u0159\u00edstupu, syst\u00e9m zamyk\u00e1n\u00ed dve\u0159\u00ed atd.<\/div>\n<\/td>\n<\/tr>\n<tr>\n<td colspan=\"1\" rowspan=\"1\">\n<div class=\"magic-13\">Barva<\/div>\n<\/td>\n<td colspan=\"1\" rowspan=\"1\">\n<div class=\"magic-14\">\u010cern\u00e1, \u017elut\u00e1, \u010derven\u00e1, zelen\u00e1, modr\u00e1, r\u016f\u017eov\u00e1 nebo p\u0159izp\u016fsoben\u00e1.<\/div>\n<\/td>\n<\/tr>\n<tr>\n<td colspan=\"1\" rowspan=\"1\">\n<div class=\"magic-13\">Carft<\/div>\n<\/td>\n<td colspan=\"1\" rowspan=\"1\">\n<div class=\"magic-14\">Jednobarevn\u00fd nebo v\u00edcebarevn\u00fd tisk, tisk \u010d\u00e1rov\u00fdch k\u00f3d\u016f nebo QR k\u00f3d\u016f, k\u00f3dov\u00e1n\u00ed dat atd.<\/div>\n<\/td>\n<\/tr>\n<tr>\n<td colspan=\"1\" rowspan=\"1\">\n<div class=\"magic-13\">Napi\u0161te cykly<\/div>\n<\/td>\n<td colspan=\"1\" rowspan=\"1\">\n<div class=\"magic-14\">\u2265100000 cykl\u016f<\/div>\n<\/td>\n<\/tr>\n<tr>\n<td colspan=\"1\" rowspan=\"1\">\n<div class=\"magic-13\">Provozn\u00ed teplota<\/div>\n<\/td>\n<td colspan=\"1\" rowspan=\"1\">\n<div class=\"magic-14\">-20 \u2103 a\u017e +55 \u2103<\/div>\n<\/td>\n<\/tr>\n<tr>\n<td colspan=\"1\" rowspan=\"1\">\n<div class=\"magic-13\">Form\u00e1t doru\u010den\u00ed<\/div>\n<\/td>\n<td colspan=\"1\" rowspan=\"1\">\n<div class=\"magic-14\" data-spm-anchor-id=\"a2700.details.0.i41.450c1986usT9sY\">100 ks \/ s\u00e1\u010dek, 10 s\u00e1\u010dk\u016f \/ karton<\/div>\n<\/td>\n<\/tr>\n<\/tbody>\n<\/table>\n<h3>Vlastnosti \u010dip\u016f Ntag213 Ntag215 Ntag216<\/h3>\n<div id=\"featuresXsp\" class=\"features-list toggle-opacity in\">\n<div class=\"features-xsp\">\n<div class=\"collapse-mobile ste-list-ul\">\n<ul class=\"boxes\">\n<li>Bezkontaktn\u00ed p\u0159enos dat a dod\u00e1vky energie<\/li>\n<li>Pracovn\u00ed frekvence 13,56 MHz<\/li>\n<li>P\u0159enos dat 106 kbit\/s<\/li>\n<li>Integrita dat 16bitov\u00e9ho CRC, parita, k\u00f3dov\u00e1n\u00ed bit\u016f, po\u010d\u00edt\u00e1n\u00ed bit\u016f<\/li>\n<li>Provozn\u00ed vzd\u00e1lenost a\u017e 100 mm (v z\u00e1vislosti na r\u016fzn\u00fdch parametrech, jako je nap\u0159. s\u00edla pole a geometrie ant\u00e9ny)<\/li>\n<li>7bajtov\u00e9 s\u00e9riov\u00e9 \u010d\u00edslo (kask\u00e1dov\u00e1 \u00farove\u0148 2 podle ISO\/IEC 14443-3)<\/li>\n<li>UID ASCII mirror pro automatickou serializaci zpr\u00e1v NDEF<\/li>\n<li>Automatick\u00e9 po\u010d\u00edtadlo NFC spu\u0161t\u011bn\u00e9 p\u0159\u00edkazem \u010dten\u00ed<\/li>\n<li>NFC \u010d\u00edta\u010d ASCII mirror pro automatick\u00e9 p\u0159id\u00e1n\u00ed hodnoty \u010d\u00edta\u010de NFC do zpr\u00e1vy NDEF<\/li>\n<li>Podpis originality zalo\u017een\u00fd na ECC<\/li>\n<li>P\u0159\u00edkaz pro rychl\u00e9 \u010dten\u00ed<\/li>\n<li>Opravdov\u00e1 antisr\u00e1\u017eka<\/li>\n<li>Vstupn\u00ed kapacita 50 pF<\/li>\n<\/ul>\n<\/div>\n<div class=\"collapse-mobile ste-list-ul\">\n<ul class=\"boxes\">\n<li>180, 540 nebo 924 bajt\u016f uspo\u0159\u00e1dan\u00fdch do 45, 135 nebo 231 str\u00e1nek se 4 bajty na str\u00e1nku<\/li>\n<li>144, 504 nebo 888 bajt\u016f voln\u011b dostupn\u00e1 u\u017eivatelsk\u00e1 oblast pro \u010dten\u00ed\/z\u00e1pis (36, 126 nebo 222 str\u00e1nek)<\/li>\n<li>4bajtov\u00fd inicializovan\u00fd kontejner schopnost\u00ed s jednor\u00e1zov\u011b programovateln\u00fdmi p\u0159\u00edstupov\u00fdmi bity<\/li>\n<li>Provozn\u011b programovateln\u00e1 funkce uzam\u010den\u00ed pouze pro \u010dten\u00ed na str\u00e1nku pro prvn\u00edch 16 str\u00e1nek<\/li>\n<li>Provozn\u011b programovateln\u00e1 funkce uzam\u010den\u00ed pouze pro \u010dten\u00ed nad prvn\u00edch 16 str\u00e1nek na dvoustr\u00e1nku pro NTAG 213 nebo po 16 str\u00e1nk\u00e1ch pro NTAG 215 a NTAG 216<\/li>\n<li>Nastaviteln\u00e1 ochrana heslem s voliteln\u00fdm limitem ne\u00fasp\u011b\u0161n\u00fdch pokus\u016f<\/li>\n<li>Podpora proti roztr\u017een\u00ed pro z\u00e1sobn\u00edk schopnost\u00ed (CC) a zaji\u0161\u0165ovac\u00ed bity<\/li>\n<li>Kontrola originality podporovan\u00e1 ECC<\/li>\n<li>Doba uchov\u00e1n\u00ed dat 10 let<\/li>\n<li>Napi\u0161te v\u00fddr\u017e 100 000 cykl\u016f<\/li>\n<\/ul>\n<\/div>\n<\/div>\n<\/div>\n<h2>Co je to NFC kl\u00ed\u010denka?<\/h2>\n<h3>Pochopen\u00ed technologie NFC<\/h3>\n<p>NFC, pop\u0159 <strong>Near Field Communication<\/strong>, je forma bezdr\u00e1tov\u00e9 komunikace, kter\u00e1 umo\u017e\u0148uje za\u0159\u00edzen\u00edm vym\u011b\u0148ovat si data na kr\u00e1tk\u00e9 vzd\u00e1lenosti. Jednoduch\u00fdm klepnut\u00edm na <strong>s podporou NFC<\/strong> za\u0159\u00edzen\u00ed ke kompatibiln\u00ed \u010dte\u010dce, m\u016f\u017eete prov\u00e1d\u011bt r\u016fzn\u00e9 \u00fakoly, jako je prov\u00e1d\u011bn\u00ed plateb, sd\u00edlen\u00ed kontaktn\u00edch informac\u00ed nebo p\u0159\u00edstup k zabezpe\u010den\u00fdm oblastem.<\/p>\n<h3>Role NFC kl\u00ed\u010denky<\/h3>\n<p>An <strong>NFC kl\u00ed\u010denka<\/strong> integruje tuto v\u00fdkonnou technologii do kompaktn\u00edho p\u0159enosn\u00e9ho form\u00e1tu. Tyto kl\u00ed\u010denky jsou vybaveny <strong>NFC \u010dip<\/strong>, kter\u00e1 u\u017eivatel\u016fm umo\u017e\u0148uje prov\u00e1d\u011bt \u00fakoly, jako je sd\u00edlen\u00ed digit\u00e1ln\u00edch vizitek, ovl\u00e1d\u00e1n\u00ed za\u0159\u00edzen\u00ed chytr\u00e9 dom\u00e1cnosti nebo p\u0159\u00edstup k zabezpe\u010den\u00fdm budov\u00e1m pouh\u00fdm klepnut\u00edm.<\/p>\n<h2>Kl\u00ed\u010dov\u00e9 vlastnosti NFC kl\u00ed\u010denky<\/h2>\n<h3>Mo\u017enosti p\u0159izp\u016fsoben\u00ed<\/h3>\n<p><strong>Vlastn\u00ed NFC kl\u00ed\u010denky<\/strong> jsou vysoce univerz\u00e1ln\u00ed. Mohou b\u00fdt personalizov\u00e1ny pomoc\u00ed a <strong>vlastn\u00ed logo<\/strong>, jedine\u010dn\u00e9 n\u00e1vrhy nebo specifick\u00e1 data pro spln\u011bn\u00ed r\u016fzn\u00fdch pot\u0159eb. A\u0165 u\u017e pot\u0159ebujete zna\u010dkov\u00fd <strong>kl\u00ed\u010denka s logem<\/strong> pro propaga\u010dn\u00ed akce nebo osobn\u00ed <strong>kl\u00ed\u010denka na m\u00edru<\/strong> pro ka\u017edodenn\u00ed pou\u017eit\u00ed, mo\u017enosti jsou nekone\u010dn\u00e9.<\/p>\n<h3>Odoln\u00fd design a konstrukce<\/h3>\n<p>V\u011bt\u0161ina NFC kl\u00ed\u010denek je vyrobena z odoln\u00fdch materi\u00e1l\u016f jako <strong>PVC<\/strong> nebo <strong>epoxid<\/strong>, zaji\u0161\u0165uj\u00edc\u00ed odolnost a dlouhou \u017eivotnost. Jsou navr\u017eeny tak, aby vydr\u017eely ka\u017edodenn\u00ed opot\u0159eben\u00ed, a jsou tak spolehliv\u00fdm dopl\u0148kem pro ka\u017ed\u00e9ho.<\/p>\n<h3>Bezpe\u010dnostn\u00ed funkce<\/h3>\n<p>NFC kl\u00ed\u010denky \u010dasto p\u0159ich\u00e1zej\u00ed s pokro\u010dil\u00fdmi bezpe\u010dnostn\u00edmi funkcemi, jako jsou nap\u0159 <strong>ochrana heslem<\/strong>, <strong>protikolizn\u00ed funkce<\/strong>a <strong>podpisy originality<\/strong>. Ty zaji\u0161\u0165uj\u00ed, \u017ee data ulo\u017een\u00e1 na kl\u00ed\u010dence jsou v bezpe\u010d\u00ed p\u0159ed neopr\u00e1vn\u011bn\u00fdm p\u0159\u00edstupem.<\/p>\n<h2>V\u00fdhody pou\u017e\u00edv\u00e1n\u00ed NFC Keychain<\/h2>\n<h3>Pohodl\u00ed na dosah ruky<\/h3>\n<p>P\u0159edstavte si, \u017ee m\u016f\u017eete odemknout dve\u0159e sv\u00e9 kancel\u00e1\u0159e nebo sd\u00edlet sv\u00e9 kontaktn\u00ed \u00fadaje s a <strong>jednodu\u0161e klepn\u011bte<\/strong> va\u0161\u00ed kl\u00ed\u010denky. Kl\u00ed\u010denky NFC nab\u00edzej\u00ed bezkonkuren\u010dn\u00ed pohodl\u00ed, proto\u017ee zjednodu\u0161uj\u00ed ka\u017edodenn\u00ed \u00fakoly a sni\u017euj\u00ed pot\u0159ebu fyzick\u00fdch kl\u00ed\u010d\u016f nebo vizitek.<\/p>\n<h3>V\u0161estrann\u00e9 aplikace<\/h3>\n<p>Kl\u00ed\u010denky NFC lze pou\u017e\u00edt v r\u016fzn\u00fdch situac\u00edch:<\/p>\n<ul>\n<li><strong>\u0158\u00edzen\u00ed p\u0159\u00edstupu:<\/strong> Bezpe\u010dn\u00fd p\u0159\u00edstup do kancel\u00e1\u0159\u00ed, posiloven nebo v\u00fdtah\u016f.<\/li>\n<li><strong>Digit\u00e1ln\u00ed vizitky:<\/strong> Sd\u00edlejte sv\u00e9 kontaktn\u00ed \u00fadaje bez n\u00e1mahy.<\/li>\n<li><strong>Ov\u011b\u0159en\u00ed produktu:<\/strong> Ov\u011b\u0159te pravost zna\u010dkov\u00fdch produkt\u016f.<\/li>\n<li><strong>Ovl\u00e1d\u00e1n\u00ed chytr\u00e9 dom\u00e1cnosti:<\/strong> Spravujte sv\u00e1 za\u0159\u00edzen\u00ed pro chytrou dom\u00e1cnost snadno.<\/li>\n<\/ul>\n<h3>Ekologick\u00e9 \u0159e\u0161en\u00ed<\/h3>\n<p>Sn\u00ed\u017een\u00edm pot\u0159eby fyzick\u00fdch kl\u00ed\u010d\u016f a pap\u00edrov\u00fdch vizitek p\u0159isp\u00edvaj\u00ed kl\u00ed\u010denky NFC k udr\u017eiteln\u011bj\u0161\u00edmu prost\u0159ed\u00ed. Jejich <strong>recyklovateln\u00e9 materi\u00e1ly<\/strong> a digit\u00e1ln\u00ed funkce z nich \u010din\u00ed ekologickou volbu.<\/p>\n<h2>Jak pou\u017e\u00edvat NFC kl\u00ed\u010denku<\/h2>\n<h3>Nastaven\u00ed va\u0161\u00ed NFC kl\u00ed\u010denky<\/h3>\n<p>Pou\u017eit\u00ed NFC kl\u00ed\u010denky je jednoduch\u00e9:<\/p>\n<ol>\n<li><strong>Zak\u00f3dujte NFC \u010dip:<\/strong> Pomoc\u00ed aplikace kompatibiln\u00ed s NFC naprogramujte \u010dip po\u017eadovan\u00fdmi daty.<\/li>\n<li><strong>P\u0159ipojte ke kl\u00ed\u010d\u016fm:<\/strong> P\u0159ipevn\u011bte kl\u00ed\u010denku ke krou\u017eku na kl\u00ed\u010de nebo ta\u0161ce.<\/li>\n<li><strong>Klepn\u011bte a jd\u011bte:<\/strong> Jednodu\u0161e klepn\u011bte svou NFC kl\u00ed\u010denkou na kompatibiln\u00ed \u010dte\u010dku a prove\u010fte po\u017eadovanou akci.<\/li>\n<\/ol>\n<h3>Kompatibilita se za\u0159\u00edzen\u00edmi<\/h3>\n<p>NFC kl\u00ed\u010denky jsou <strong>kompatibiln\u00ed s NFC<\/strong>-povolen\u00e9 smartphony, tablety a r\u016fzn\u00e9 \u010dte\u010dky NFC. Tato kompatibilita zaji\u0161\u0165uje \u0161irokou pou\u017eitelnost nap\u0159\u00ed\u010d r\u016fzn\u00fdmi platformami a za\u0159\u00edzen\u00edmi, v\u010detn\u011b <strong>Android<\/strong> a iOS.<\/p>\n<h2>Z\u00e1kaznick\u00e9 recenze a zp\u011btn\u00e1 vazba<\/h2>\n<h3>Co \u0159\u00edkaj\u00ed u\u017eivatel\u00e9<\/h3>\n<p>Z\u00e1kazn\u00edci chv\u00e1lili NFC kl\u00ed\u010denky pro jejich v\u0161estrannost a snadn\u00e9 pou\u017eit\u00ed. Mnoz\u00ed zd\u016fraz\u0148uj\u00ed pohodl\u00ed nahrazen\u00ed v\u00edce fyzick\u00fdch karet a kl\u00ed\u010d\u016f jedin\u00fdm kompaktn\u00edm za\u0159\u00edzen\u00edm. U\u017eivatel\u00e9 tak\u00e9 oce\u0148uj\u00ed mo\u017enost <strong>p\u0159izp\u016fsobit<\/strong> jejich kl\u00ed\u010denky a dod\u00e1vaj\u00ed tomuto high-tech dopl\u0148ku osobitost.<\/p>\n<h3>Spole\u010dn\u00e9 obavy<\/h3>\n<p>N\u011bkte\u0159\u00ed u\u017eivatel\u00e9 vyj\u00e1d\u0159ili obavy ohledn\u011b po\u010d\u00e1te\u010dn\u00ed k\u0159ivky u\u010den\u00ed a pot\u0159eby za\u0159\u00edzen\u00ed s podporou NFC. Jakmile se v\u0161ak s touto technologi\u00ed sezn\u00e1m\u00ed, v\u011bt\u0161ina zjist\u00ed, \u017ee v\u00fdrazn\u011b zlep\u0161uje jejich ka\u017edodenn\u00ed rutinu.<\/p>\n<h2>Nej\u010dast\u011bj\u0161\u00ed dotazy<\/h2>\n<p><strong>Ot\u00e1zka: Jak\u00e1 je kapacita \u00falo\u017ei\u0161t\u011b NFC kl\u00ed\u010denky?<\/strong><br \/>\nOdpov\u011b\u010f: V z\u00e1vislosti na modelu mohou kl\u00ed\u010denky NFC ukl\u00e1dat r\u016fzn\u00e1 mno\u017estv\u00ed dat, obvykle od jednoduch\u00fdch adres URL a\u017e po slo\u017eit\u011bj\u0161\u00ed kontaktn\u00ed informace.<\/p>\n<p><strong>Ot\u00e1zka: Mohu pou\u017e\u00edt NFC kl\u00ed\u010denku pro bezkontaktn\u00ed platby?<\/strong><br \/>\nOdpov\u011b\u010f: N\u011bkter\u00e9 NFC kl\u00ed\u010denky lze naprogramovat pro platebn\u00ed funkce, ale to do zna\u010dn\u00e9 m\u00edry z\u00e1vis\u00ed na typu \u010dipu a kompatibilit\u011b s platebn\u00edmi syst\u00e9my.<\/p>\n<p><strong>Ot\u00e1zka: Jsou kl\u00ed\u010denky NFC vodot\u011bsn\u00e9?<\/strong><br \/>\nOdpov\u011b\u010f: Mnoho NFC kl\u00ed\u010denek je navr\u017eeno tak, aby byly vodot\u011bsn\u00e9 nebo vod\u011bodoln\u00e9, co\u017e zaji\u0161\u0165uje, \u017ee vydr\u017e\u00ed ka\u017edodenn\u00ed pou\u017e\u00edv\u00e1n\u00ed.<\/p>\n<h2>Z\u00e1v\u011br<\/h2>\n<p>An <strong>NFC kl\u00ed\u010denka<\/strong> je v\u00edc ne\u017e jen stylov\u00fd dopln\u011bk; je to br\u00e1na k chyt\u0159ej\u0161\u00edmu a propojen\u011bj\u0161\u00edmu \u017eivotu. S jeho <strong>p\u0159izp\u016fsobiteln\u00e9<\/strong> funkce, robustn\u00ed zabezpe\u010den\u00ed a \u0161irok\u00e1 \u0161k\u00e1la aplikac\u00ed, je to investice, kter\u00e1 zlep\u0161uje osobn\u00ed i pracovn\u00ed \u017eivot. A\u0165 u\u017e jste technologick\u00fd nad\u0161enec nebo obchodn\u00ed profesion\u00e1l, NFC kl\u00ed\u010denka je nezbytn\u00fdm n\u00e1strojem pro digit\u00e1ln\u00ed v\u011bk.<\/p>","protected":false},"excerpt":{"rendered":"<p><strong><em>NFC kl\u00ed\u010denka Ntag213 Ntag215 Ntag216<\/em><\/strong> nab\u00edz\u00ed ide\u00e1ln\u00ed kombinaci bezpe\u010dnosti, spolehlivosti a u\u017eivatelsk\u00e9ho pohodl\u00ed. Jeho <strong>bezkontaktn\u00ed technologie<\/strong>, <strong>kompaktn\u00ed design<\/strong>a <strong>v\u0161estrannost pro v\u00edce aplikac\u00ed<\/strong> je ide\u00e1ln\u00ed volbou pro modern\u00ed syst\u00e9my \u0159\u00edzen\u00ed p\u0159\u00edstupu, platby a identifikaci.<\/p>","protected":false},"featured_media":2865,"template":"","meta":{"_kad_post_transparent":"default","_kad_post_title":"","_kad_post_layout":"default","_kad_post_sidebar_id":"","_kad_post_content_style":"default","_kad_post_vertical_padding":"default","_kad_post_feature":"","_kad_post_feature_position":"","_kad_post_header":false,"_kad_post_footer":false,"_kad_post_classname":""},"product_brand":[],"product_cat":[54],"product_tag":[346,349,344,345,343],"class_list":{"0":"post-2864","1":"product","2":"type-product","3":"status-publish","4":"has-post-thumbnail","6":"product_cat-hot-selling-rfid-tags","7":"product_tag-nfc-key-tag","8":"product_tag-nfc-key-tags","9":"product_tag-nfc-keychain","10":"product_tag-rfid-fob","11":"product_tag-rfid-keyfobs","13":"first","14":"instock","15":"shipping-taxable","16":"product-type-simple","17":"entry","18":"content-bg","19":"loop-entry"},"_links":{"self":[{"href":"https:\/\/rfid-laundry-tag.com\/cs\/wp-json\/wp\/v2\/product\/2864","targetHints":{"allow":["GET"]}}],"collection":[{"href":"https:\/\/rfid-laundry-tag.com\/cs\/wp-json\/wp\/v2\/product"}],"about":[{"href":"https:\/\/rfid-laundry-tag.com\/cs\/wp-json\/wp\/v2\/types\/product"}],"version-history":[{"count":2,"href":"https:\/\/rfid-laundry-tag.com\/cs\/wp-json\/wp\/v2\/product\/2864\/revisions"}],"predecessor-version":[{"id":2867,"href":"https:\/\/rfid-laundry-tag.com\/cs\/wp-json\/wp\/v2\/product\/2864\/revisions\/2867"}],"wp:featuredmedia":[{"embeddable":true,"href":"https:\/\/rfid-laundry-tag.com\/cs\/wp-json\/wp\/v2\/media\/2865"}],"wp:attachment":[{"href":"https:\/\/rfid-laundry-tag.com\/cs\/wp-json\/wp\/v2\/media?parent=2864"}],"wp:term":[{"taxonomy":"product_brand","embeddable":true,"href":"https:\/\/rfid-laundry-tag.com\/cs\/wp-json\/wp\/v2\/product_brand?post=2864"},{"taxonomy":"product_cat","embeddable":true,"href":"https:\/\/rfid-laundry-tag.com\/cs\/wp-json\/wp\/v2\/product_cat?post=2864"},{"taxonomy":"product_tag","embeddable":true,"href":"https:\/\/rfid-laundry-tag.com\/cs\/wp-json\/wp\/v2\/product_tag?post=2864"}],"curies":[{"name":"wp","href":"https:\/\/api.w.org\/{rel}","templated":true}]}}