{"id":2860,"date":"2024-11-05T13:06:31","date_gmt":"2024-11-05T13:06:31","guid":{"rendered":"https:\/\/rfid-laundry-tag.com\/?post_type=product&#038;p=2860"},"modified":"2024-11-05T13:13:50","modified_gmt":"2024-11-05T13:13:50","slug":"rfid-keyfobs-abs-iso14443a","status":"publish","type":"product","link":"https:\/\/rfid-laundry-tag.com\/cs\/rfid-keyfobs-abs-iso14443a\/","title":{"rendered":"RFID kl\u00ed\u010denky ABS ISO14443A"},"content":{"rendered":"<h2>RFID kl\u00ed\u010denky ABS ISO14443A<\/h2>\n<table class=\"has-title all magic-13\">\n<tbody>\n<tr>\n<td colspan=\"1\" rowspan=\"2\">\n<div class=\"magic-14\">materi\u00e1l<\/div>\n<\/td>\n<td colspan=\"1\" rowspan=\"1\">\n<div class=\"magic-15\">Materi\u00e1l ant\u00e9ny: hlin\u00edkov\u00e1 f\u00f3lie<\/div>\n<\/td>\n<\/tr>\n<tr>\n<td colspan=\"1\" rowspan=\"1\">\n<div class=\"magic-15\" data-spm-anchor-id=\"a2700.details.0.i43.3c939b1b0qFtg1\">povrchov\u00fd materi\u00e1l: ABS\/k\u016f\u017ee\/d\u0159evo<\/div>\n<\/td>\n<\/tr>\n<tr>\n<td colspan=\"1\" rowspan=\"1\">\n<div class=\"magic-17\">velikost<\/div>\n<\/td>\n<td colspan=\"1\" rowspan=\"1\">\n<div class=\"magic-15\" data-spm-anchor-id=\"a2700.details.0.i41.3c939b1b0qFtg1\">40,38 * 31,5 mm, 35,5 * 28 mm, 51,5 * 32 mm., nebo p\u0159izp\u016fsoben\u00e9<\/div>\n<\/td>\n<\/tr>\n<tr>\n<td colspan=\"1\" rowspan=\"1\">\n<div class=\"magic-17\">Zak\u00e1zkov\u00e1 \u0159emesla<\/div>\n<\/td>\n<td colspan=\"1\" rowspan=\"1\">\n<div class=\"magic-15\">logo S\u00edtotisk\/k\u00f3d UID, k\u00f3d s\u00e9rie nebo p\u0159izp\u016fsoben\u00fd<\/div>\n<\/td>\n<\/tr>\n<tr>\n<td colspan=\"1\" rowspan=\"1\">\n<div class=\"magic-17\">Provozn\u00ed teplota<\/div>\n<\/td>\n<td colspan=\"1\" rowspan=\"1\">\n<div class=\"magic-15\">-20 \u00b0C~+90 \u00b0C<\/div>\n<\/td>\n<\/tr>\n<tr>\n<td colspan=\"1\" rowspan=\"1\">\n<div class=\"magic-17\">zak\u00f3dovat<\/div>\n<\/td>\n<td colspan=\"1\" rowspan=\"1\">\n<div class=\"magic-15\">zapisovateln\u00fd \u010dip k dispozici<\/div>\n<\/td>\n<\/tr>\n<tr>\n<td colspan=\"1\" rowspan=\"1\">\n<div class=\"magic-17\">barevn\u00e9 mo\u017enosti<\/div>\n<\/td>\n<td colspan=\"1\" rowspan=\"1\">\n<div class=\"magic-15\" data-spm-anchor-id=\"a2700.details.0.i42.3c939b1b0qFtg1\">\u010cerven\u00e1, modr\u00e1, \u010dern\u00e1, fialov\u00e1, oran\u017eov\u00e1, \u017elut\u00e1 (lze p\u0159izp\u016fsobit)<\/div>\n<\/td>\n<\/tr>\n<tr>\n<td colspan=\"1\" rowspan=\"1\">\n<div class=\"magic-17\">\u010dtec\u00ed vzd\u00e1lenost<\/div>\n<\/td>\n<td colspan=\"1\" rowspan=\"1\">\n<div class=\"magic-15\">1~10 cm (v z\u00e1vislosti na \u010dte\u010dce)<\/div>\n<\/td>\n<\/tr>\n<tr>\n<td colspan=\"1\" rowspan=\"1\">\n<div class=\"magic-17\">aplikac\u00ed<\/div>\n<\/td>\n<td colspan=\"1\" rowspan=\"1\">\n<div class=\"magic-15\" data-spm-anchor-id=\"a2700.details.0.i40.3c939b1b0qFtg1\">\u010dlensk\u00fd syst\u00e9m\/posilovna\/kontrola p\u0159\u00edstupu\/platba atd.<\/div>\n<\/td>\n<\/tr>\n<\/tbody>\n<\/table>\n<p><strong>RFID kl\u00ed\u010denky<\/strong> jsou v pop\u0159ed\u00ed bezpe\u010dn\u00e9 a pohodln\u00e9 spr\u00e1vy p\u0159\u00edstupu. Tato mal\u00e1, lehk\u00e1 za\u0159\u00edzen\u00ed pou\u017e\u00edvaj\u00ed <strong>radiofrekven\u010dn\u00ed identifikace<\/strong> (RFID) technologie umo\u017e\u0148uj\u00edc\u00ed rychl\u00fd a bezprobl\u00e9mov\u00fd vstup do zabezpe\u010den\u00fdch oblast\u00ed. B\u011b\u017en\u011b se pou\u017e\u00edvaj\u00ed v r\u016fzn\u00fdch pr\u016fmyslov\u00fdch odv\u011btv\u00edch, v\u010detn\u011b pohostinstv\u00ed, kancel\u00e1\u0159sk\u00fdch budov a reziden\u010dn\u00edch nemovitost\u00ed, pro syst\u00e9my bezpe\u010dn\u00e9 kontroly p\u0159\u00edstupu.<\/p>\n<p>V tomto popisu produktu prozkoum\u00e1me funkce a v\u00fdhody <strong>RFID kl\u00ed\u010denky<\/strong>se zam\u011b\u0159en\u00edm na <strong>ABS ISO14443A<\/strong> specifikace. Probereme, pro\u010d jsou tyto p\u0159\u00edv\u011bsky preferovanou volbou pro podniky i jednotlivce, kte\u0159\u00ed hledaj\u00ed efektivn\u00ed, bezpe\u010dn\u00e1 a snadno pou\u017eiteln\u00e1 \u0159e\u0161en\u00ed p\u0159\u00edstupu.<\/p>\n<p><strong>RFID kl\u00ed\u010denky<\/strong> jsou v pop\u0159ed\u00ed bezpe\u010dn\u00e9 a pohodln\u00e9 spr\u00e1vy p\u0159\u00edstupu. Tato mal\u00e1, lehk\u00e1 za\u0159\u00edzen\u00ed pou\u017e\u00edvaj\u00ed <strong>radiofrekven\u010dn\u00ed identifikace<\/strong> (RFID) technologie umo\u017e\u0148uj\u00edc\u00ed rychl\u00fd a bezprobl\u00e9mov\u00fd vstup do zabezpe\u010den\u00fdch oblast\u00ed. B\u011b\u017en\u011b se pou\u017e\u00edvaj\u00ed v r\u016fzn\u00fdch pr\u016fmyslov\u00fdch odv\u011btv\u00edch, v\u010detn\u011b pohostinstv\u00ed, kancel\u00e1\u0159sk\u00fdch budov a reziden\u010dn\u00edch nemovitost\u00ed, pro syst\u00e9my bezpe\u010dn\u00e9 kontroly p\u0159\u00edstupu.<\/p>\n<h2><strong>Co je RFID kl\u00ed\u010denka?<\/strong><\/h2>\n<p>An <strong>RFID kl\u00ed\u010denka<\/strong> je kompaktn\u00ed p\u0159enosn\u00e9 za\u0159\u00edzen\u00ed, kter\u00e9 komunikuje s <strong>RFID \u010dte\u010dka<\/strong> umo\u017enit p\u0159\u00edstup do zabezpe\u010den\u00e9 oblasti. Obvykle obsahuje mal\u00fd mikro\u010dip a ant\u00e9nu zabudovanou do odoln\u00e9ho <strong>ABS pouzdro<\/strong>. The <strong>Frekvence 13,56 MHz<\/strong> pou\u017e\u00edvan\u00e9 ISO14443A RFID kl\u00ed\u010denky zaji\u0161\u0165uj\u00ed spolehlivou a rychlou detekci, co\u017e z nich d\u011bl\u00e1 vysoce efektivn\u00ed \u0159e\u0161en\u00ed pro syst\u00e9my kontroly p\u0159\u00edstupu.<\/p>\n<p>Na rozd\u00edl od tradi\u010dn\u00edch kl\u00ed\u010d\u016f nebo karet, an <strong>RFID kl\u00ed\u010denka<\/strong> nevy\u017eaduje fyzick\u00fd kontakt se \u010dte\u010dkou; funguje na <strong>bezkontaktn\u00ed<\/strong> z\u00e1sady, d\u00edky \u010demu\u017e je bezpe\u010dn\u011bj\u0161\u00ed a pohodln\u011bj\u0161\u00ed. U\u017eivatel\u00e9 mohou jednodu\u0161e klepnout na sv\u016fj fob v bl\u00edzkosti \u010dte\u010dky a z\u00edskat p\u0159\u00edstup, co\u017e eliminuje pot\u0159ebu ru\u010dn\u00edho odemyk\u00e1n\u00ed nebo PIN k\u00f3d\u016f.<\/p>\n<hr \/>\n<h2><strong>Kl\u00ed\u010dov\u00e9 vlastnosti RFID kl\u00ed\u010denky<\/strong><\/h2>\n<h3><strong>1. Zabezpe\u010den\u00e1 kontrola p\u0159\u00edstupu<\/strong><\/h3>\n<p>Jedna z nejv\u011bt\u0161\u00edch v\u00fdhod pou\u017e\u00edv\u00e1n\u00ed <strong>RFID kl\u00ed\u010denky<\/strong> je zv\u00fd\u0161en\u00e1 bezpe\u010dnost. Tato za\u0159\u00edzen\u00ed nab\u00edzej\u00ed v\u00edce vrstev ochrany, v\u010detn\u011b \u0161ifrovac\u00edch protokol\u016f, kter\u00e9 zabra\u0148uj\u00ed neopr\u00e1vn\u011bn\u00fdm u\u017eivatel\u016fm z\u00edskat p\u0159\u00edstup. The <strong>13,56 MHz<\/strong> frekvence pou\u017e\u00edvan\u00e1 <strong>ISO14443A kl\u00ed\u010denky<\/strong> zaji\u0161\u0165uje vysokou kompatibilitu s r\u016fzn\u00fdmi <strong>syst\u00e9my kontroly p\u0159\u00edstupu<\/strong>, od hotelov\u00fdch z\u00e1mk\u016f a\u017e po vchod do kancel\u00e1\u0159e.<\/p>\n<p>Pomoc\u00ed technologie RFID, <strong>RFID kl\u00ed\u010denky<\/strong> nab\u00eddka <strong>bezkl\u00ed\u010dov\u00fd vstup<\/strong>, co\u017e sni\u017euje riziko vyp\u00e1\u010den\u00ed z\u00e1mku nebo neopr\u00e1vn\u011bn\u00e9 duplikace. P\u0159i integraci do <strong>\u0159\u00edzen\u00ed p\u0159\u00edstupu<\/strong> syst\u00e9my, slou\u017e\u00ed tyto ovlada\u010de jako bezpe\u010dn\u00fd token pro ov\u011b\u0159ov\u00e1n\u00ed a ov\u011b\u0159ov\u00e1n\u00ed u\u017eivatel\u016f s minim\u00e1ln\u00edm \u00fasil\u00edm.<\/p>\n<h3><strong>2. Odoln\u00e1 konstrukce ABS<\/strong><\/h3>\n<p>Konstrukce <strong>RFID kl\u00ed\u010denky<\/strong> je stejn\u011b d\u016fle\u017eit\u00e1 jako jejich funk\u010dnost. Tyto p\u0159\u00edv\u011bsky jsou vyrobeny z <strong>ABS plast<\/strong>, co\u017e je odoln\u00fd, lehk\u00fd materi\u00e1l, kter\u00fd odol\u00e1 r\u016fzn\u00fdm podm\u00ednk\u00e1m prost\u0159ed\u00ed. A\u0165 u\u017e je pou\u017e\u00edv\u00e1te v kancel\u00e1\u0159i nebo je nos\u00edte na kl\u00ed\u010dence, tyto kl\u00ed\u010denky jsou vyrobeny tak, aby vydr\u017eely.<\/p>\n<p>The <strong>ABS pouzdro<\/strong> nejen chr\u00e1n\u00ed vnit\u0159n\u00ed sou\u010d\u00e1sti, ale tak\u00e9 zaji\u0161\u0165uje, \u017ee p\u0159\u00edv\u011bsek z\u016fstane funk\u010dn\u00ed i po del\u0161\u00edm pou\u017e\u00edv\u00e1n\u00ed. Jejich kompaktn\u00ed velikost a robustn\u00ed design je \u010din\u00ed odoln\u00fdmi proti opot\u0159eben\u00ed a zaji\u0161\u0165uj\u00ed dlouhodob\u00e9 \u0159e\u0161en\u00ed pro pot\u0159eby kontroly p\u0159\u00edstupu.<\/p>\n<h3><strong>3. Snadn\u00e1 integrace se syst\u00e9my RFID<\/strong><\/h3>\n<p><strong>RFID kl\u00ed\u010denky<\/strong> jsou pln\u011b kompatibiln\u00ed s v\u011bt\u0161inou <strong>RFID syst\u00e9my<\/strong>. A\u0165 u\u017e upgradujete z tradi\u010dn\u00edch kl\u00ed\u010dov\u00fdch karet nebo instalujete zcela nov\u00fd syst\u00e9m kontroly p\u0159\u00edstupu, tyto p\u0159\u00edv\u011bsky se hladce integruj\u00ed do st\u00e1vaj\u00edc\u00ed infrastruktury. The <strong>ISO14443A<\/strong> standard je \u0161iroce uzn\u00e1v\u00e1n a pou\u017e\u00edv\u00e1n v r\u016fzn\u00fdch pr\u016fmyslov\u00fdch odv\u011btv\u00edch, co\u017e zaji\u0161\u0165uje kompatibilitu se \u010dte\u010dkami a softwarem.<\/p>\n<p>Nav\u00edc mnoho <strong>RFID kl\u00ed\u010denky<\/strong> jsou <strong>p\u0159episovateln\u00e9<\/strong>, co\u017e firm\u00e1m umo\u017e\u0148uje m\u011bnit p\u0159\u00edstupov\u00e9 \u00fadaje podle pot\u0159eby, ani\u017e by museli kupovat nov\u00e9 p\u0159\u00edv\u011bsky. Tento <strong>flexibilita<\/strong> d\u011bl\u00e1 z RFID kl\u00ed\u010denky vynikaj\u00edc\u00ed dlouhodobou investici pro organizace, kter\u00e9 hledaj\u00ed \u0161k\u00e1lovateln\u00e1 \u0159e\u0161en\u00ed p\u0159\u00edstupu.<\/p>\n<hr \/>\n<h2><strong>Pro\u010d si vybrat ISO14443A RFID kl\u00ed\u010denky?<\/strong><\/h2>\n<h3><strong>4. Vysok\u00e1 frekvence pro rychlej\u0161\u00ed odezvu<\/strong><\/h3>\n<p><strong>13,56 MHz RFID kl\u00ed\u010denky<\/strong>, jako <strong>ISO14443A<\/strong>, nab\u00edzej\u00ed vysokofrekven\u010dn\u00ed rozsah, kter\u00fd umo\u017e\u0148uje <strong>rychl\u00e1 detekce<\/strong> a komunikaci s RFID \u010dte\u010dkou. Tento vysokofrekven\u010dn\u00ed rozsah zaji\u0161\u0165uje rychl\u00fd a efektivn\u00ed p\u0159\u00edstup a zlep\u0161uje u\u017eivatelsk\u00fd komfort.<\/p>\n<p>Kdy\u017e podr\u017e\u00edte p\u0159\u00edv\u011bsek v bl\u00edzkosti \u010dte\u010dky, syst\u00e9m rychle identifikuje p\u0159ihla\u0161ovac\u00ed \u00fadaje ulo\u017een\u00e9 v p\u0159\u00edv\u011bsku a ud\u011bl\u00ed p\u0159\u00edstup ve zlomku sekundy. Tato rychl\u00e1 doba odezvy je zvl\u00e1\u0161t\u011b d\u016fle\u017eit\u00e1 v oblastech s vysok\u00fdm provozem, proto\u017ee zaji\u0161\u0165uje, \u017ee se netvo\u0159\u00ed \u010d\u00e1ry a lid\u00e9 mohou bez prodlen\u00ed vstoupit a vystoupit.<\/p>\n<h3><strong>5. V\u0161estrannost pro v\u00edce aplikac\u00ed<\/strong><\/h3>\n<p><strong>RFID kl\u00ed\u010denky<\/strong> jsou vysoce univerz\u00e1ln\u00ed a lze je pou\u017e\u00edt v r\u016fzn\u00fdch aplikac\u00edch krom\u011b dve\u0159n\u00edch z\u00e1mk\u016f. N\u011bkter\u00e1 b\u011b\u017en\u00e1 pou\u017eit\u00ed pro <strong>RFID kl\u00ed\u010denky<\/strong> zahrnout:<\/p>\n<ul>\n<li><strong>P\u0159\u00edstup do hotelov\u00e9ho pokoje:<\/strong> Host\u00e9 mohou pou\u017e\u00edt sv\u016fj p\u0159\u00edv\u011bsek k odemknut\u00ed dve\u0159\u00ed hotelov\u00e9ho pokoje.<\/li>\n<li><strong>Zabezpe\u010den\u00ed pracovi\u0161t\u011b:<\/strong> Zam\u011bstnanci mohou pou\u017e\u00edvat FOB pro p\u0159\u00edstup do kancel\u00e1\u0159\u00ed, serveroven nebo omezen\u00fdch prostor.<\/li>\n<li><strong>Platba a identifikace:<\/strong> Ur\u010dit\u00fd <strong>RFID kl\u00ed\u010denky<\/strong> lze tak\u00e9 pou\u017e\u00edt k platb\u00e1m nebo identifikaci v \u010dlensk\u00fdch programech.<\/li>\n<\/ul>\n<p>D\u00edky sv\u00e9 mal\u00e9 velikosti a p\u0159enosnosti jsou tyto p\u0159\u00edv\u011bsky vhodn\u00fdm \u0159e\u0161en\u00edm pro \u0161irokou \u0161k\u00e1lu pr\u016fmyslov\u00fdch odv\u011btv\u00ed.<\/p>\n<h3><strong>6. Bezkontaktn\u00ed technologie pro pohodl\u00ed a hygienu<\/strong><\/h3>\n<p>V dne\u0161n\u00edm sv\u011bt\u011b, <strong>bezkontaktn\u00ed technologie<\/strong> si z\u00edskal v\u00fdznamnou pozornost d\u00edky hygienick\u00fdm v\u00fdhod\u00e1m, kter\u00e9 poskytuje. <strong>RFID kl\u00ed\u010denky<\/strong> jsou bezkontaktn\u00ed, co\u017e znamen\u00e1, \u017ee u\u017eivatel\u00e9 se nemus\u00ed fyzicky dot\u00fdkat z\u00e1mku nebo \u010dte\u010dky. To sni\u017euje riziko p\u0159enosu choroboplodn\u00fdch z\u00e1rodk\u016f a bakteri\u00ed, tak\u017ee je ide\u00e1ln\u00ed volbou pro prost\u0159ed\u00ed, jako jsou nemocnice, \u0161koly a kancel\u00e1\u0159e, kde je hygiena z\u00e1sadn\u00ed.<\/p>\n<p>Nav\u00edc toto <strong>bezkl\u00ed\u010dov\u00fd vstup<\/strong> syst\u00e9m zvy\u0161uje pohodl\u00ed. U\u017eivatel\u00e9 nemus\u00ed hledat kl\u00ed\u010de ani si pamatovat k\u00f3dy PIN \u2013 mohou je jednodu\u0161e nosit <strong>RFID kl\u00ed\u010denka<\/strong> na kl\u00ed\u010dence nebo v kapse, p\u0159ipraven\u00e9 k pou\u017eit\u00ed, kdykoli je pot\u0159eba.<\/p>\n<p>Tyto <strong>RFID kl\u00ed\u010denky<\/strong> p\u016fsob\u00ed na a <strong>Frekvence 13,56 MHz<\/strong>, tak\u017ee jsou kompatibiln\u00ed s v\u011bt\u0161inou <strong>RFID \u010dte\u010dky<\/strong> pou\u017e\u00edvan\u00e9 v modern\u00edch p\u0159\u00edstupov\u00fdch syst\u00e9mech. N\u00e1ramky jsou vyrobeny z vysoce kvalitn\u00edho materi\u00e1lu <strong>ABS plast<\/strong>, zaji\u0161\u0165uj\u00edc\u00ed odoln\u00fd a lehk\u00fd design, kter\u00fd je p\u0159enosn\u00fd a m\u00e1 dlouhou \u017eivotnost.<\/p>\n<hr \/>\n<h2><strong>Dopad na \u017eivotn\u00ed prost\u0159ed\u00ed a udr\u017eitelnost<\/strong><\/h2>\n<p>Jak se organizace pohybuj\u00ed sm\u011brem <strong>bezkontaktn\u00ed p\u0159\u00edstup<\/strong> a bezpe\u010dnostn\u00edch \u0159e\u0161en\u00ed, je d\u016fle\u017eit\u00e9 zv\u00e1\u017eit dopad t\u011bchto produkt\u016f na \u017eivotn\u00ed prost\u0159ed\u00ed. The <strong>ABS plast<\/strong> pou\u017eit\u00fd v <strong>RFID kl\u00ed\u010denky<\/strong> je \u0161iroce recyklovateln\u00fd materi\u00e1l. nav\u00edc <strong>RFID syst\u00e9my<\/strong> samy o sob\u011b pom\u00e1haj\u00ed sni\u017eovat pot\u0159ebu fyzick\u00fdch kl\u00ed\u010d\u016f a tradi\u010dn\u00edch z\u00e1mk\u016f a d\u00e1le sni\u017euj\u00ed celkovou ekologickou stopu.<\/p>\n<p>Nav\u00edc mnoho <strong>RFID kl\u00ed\u010denky<\/strong> m\u016f\u017ee b\u00fdt <strong>p\u0159eps\u00e1no<\/strong>, co\u017e znamen\u00e1, \u017ee je nen\u00ed pot\u0159eba neust\u00e1le vym\u011b\u0148ovat. To sni\u017euje elektronick\u00fd odpad, co\u017e z nich \u010din\u00ed udr\u017eitelnou volbu pro podniky a jednotlivce, kte\u0159\u00ed hledaj\u00ed ekologick\u00e1 \u0159e\u0161en\u00ed.<\/p>\n<hr \/>\n<h2><strong>Z\u00e1kaznick\u00e9 recenze a zp\u011btn\u00e1 vazba<\/strong><\/h2>\n<p>Mnoho z\u00e1kazn\u00edk\u016f oce\u0148uje jeho pohodl\u00ed a bezpe\u010dnost <strong>RFID kl\u00ed\u010denky<\/strong> poskytnout. Zde je rychl\u00e9 shrnut\u00ed b\u011b\u017en\u00e9 zp\u011btn\u00e9 vazby:<\/p>\n<ul>\n<li><strong>\u201cPohodln\u00fd a rychl\u00fd p\u0159\u00edstup!\u201d<\/strong> \u2013 Mnoho u\u017eivatel\u016f zd\u016fraz\u0148uje rychlost a efektivitu <strong>RFID kl\u00ed\u010denky<\/strong>. D\u00edky rychl\u00e9 dob\u011b odezvy jsou ide\u00e1ln\u00ed volbou pro ru\u0161n\u00e1 prost\u0159ed\u00ed, jako jsou kancel\u00e1\u0159sk\u00e9 budovy a hotely.<\/li>\n<li><strong>\u201cOdoln\u00fd a spolehliv\u00fd\u201d<\/strong> \u2013 Z\u00e1kazn\u00edci tak\u00e9 oce\u0148uj\u00ed <strong>odoln\u00e1 konstrukce<\/strong> z fobs, p\u0159i\u010dem\u017e mnoz\u00ed poznamen\u00e1vaj\u00ed, \u017ee vydr\u017eely m\u011bs\u00edce nebo roky ka\u017edodenn\u00edho pou\u017e\u00edv\u00e1n\u00ed.<\/li>\n<li><strong>\u201cSkv\u011bl\u00e9 pro hotely\u201d<\/strong> \u2013 Pohostinsk\u00e9 podniky se t\u011b\u0161\u00ed snadn\u00e9mu pou\u017eit\u00ed <strong>RFID kl\u00ed\u010denky<\/strong> pro p\u0159\u00edstup host\u016f, co\u017e eliminuje pot\u0159ebu tradi\u010dn\u00edch kl\u00ed\u010d\u016f od pokoje.<\/li>\n<\/ul>\n<hr \/>\n<h2><strong>Nej\u010dast\u011bj\u0161\u00ed dotazy<\/strong><\/h2>\n<h3><strong>1. Lze RFID kl\u00ed\u010denky naprogramovat?<\/strong><\/h3>\n<p>Ano, mnoho <strong>RFID kl\u00ed\u010denky<\/strong> jsou <strong>p\u0159episovateln\u00e9<\/strong>, co\u017e znamen\u00e1, \u017ee m\u016f\u017eete zm\u011bnit data na nich ulo\u017een\u00e1, jako jsou p\u0159\u00edstupov\u00e9 \u00fadaje.<\/p>\n<h3><strong>2. Jak daleko m\u016f\u017ee RFID kl\u00ed\u010denka p\u0159en\u00e1\u0161et?<\/strong><\/h3>\n<p>Rozsah an <strong>RFID kl\u00ed\u010denka<\/strong> typicky sah\u00e1 od <strong>0 a\u017e 10 cm<\/strong> v z\u00e1vislosti na \u010dten\u00e1\u0159i a podm\u00ednk\u00e1ch prost\u0159ed\u00ed.<\/p>\n<h3><strong>3. Jsou RFID kl\u00ed\u010denky bezpe\u010dn\u00e9?<\/strong><\/h3>\n<p>Ano, <strong>RFID kl\u00ed\u010denky<\/strong> jsou velmi bezpe\u010dn\u00e9. \u010casto obsahuj\u00ed \u0161ifrov\u00e1n\u00ed a dal\u0161\u00ed ochrann\u00e9 funkce, kter\u00e9 zabra\u0148uj\u00ed neopr\u00e1vn\u011bn\u00e9mu p\u0159\u00edstupu.<\/p>\n<h3><strong>4. Jak\u00e1 odv\u011btv\u00ed pou\u017e\u00edvaj\u00ed RFID kl\u00ed\u010denky?<\/strong><\/h3>\n<p><strong>RFID kl\u00ed\u010denky<\/strong> se pou\u017e\u00edvaj\u00ed v r\u016fzn\u00fdch pr\u016fmyslov\u00fdch odv\u011btv\u00edch, v\u010detn\u011b pohostinstv\u00ed, zdravotnictv\u00ed, firemn\u00edch kancel\u00e1\u0159\u00ed a dokonce i pro kl\u00ed\u010de od auta.<\/p>\n<hr \/>\n<h2><strong>Z\u00e1v\u011br: Pro\u010d kupovat RFID kl\u00ed\u010denky?<\/strong><\/h2>\n<p>Investice do <strong>RFID kl\u00ed\u010denky<\/strong> poskytuje zv\u00fd\u0161enou bezpe\u010dnost, pohodl\u00ed a trvanlivost pro firmy i jednotlivce. A\u0165 u\u017e hled\u00e1te zefektivn\u011bn\u00ed sv\u00e9ho <strong>syst\u00e9m kontroly p\u0159\u00edstupu<\/strong>, implementovat <strong>bezkl\u00ed\u010dov\u00fd vstup<\/strong> ve va\u0161em hotelu nebo zlep\u0161it bezpe\u010dnost ve va\u0161\u00ed kancel\u00e1\u0159i, <strong>RFID kl\u00ed\u010denky<\/strong> jsou praktick\u00fdm \u0159e\u0161en\u00edm, kter\u00e9 je n\u00e1kladov\u011b efektivn\u00ed a spolehliv\u00e9.<\/p>\n<p>D\u00edky jejich pokro\u010dil\u00e9 technologii je snadn\u00e1 integrace s <strong>RFID syst\u00e9my<\/strong>a dlouhotrvaj\u00edc\u00ed konstrukce, <strong>RFID kl\u00ed\u010denky<\/strong> p\u0159edstavuj\u00ed perspektivn\u00ed \u0159e\u0161en\u00ed dne\u0161n\u00edch bezpe\u010dnostn\u00edch v\u00fdzev.<\/p>\n<p>&nbsp;<\/p>","protected":false},"excerpt":{"rendered":"<p><strong>RFID kl\u00ed\u010denky<\/strong> ABS ISO14443A nab\u00edz\u00ed mo\u017enosti du\u00e1ln\u00ed frekvence (13,56 MHz\/125 kHz), odoln\u00fd design, programovateln\u00e9 UID a pokro\u010dil\u00e9 bezpe\u010dnostn\u00ed funkce, jako je antiklonov\u00e1n\u00ed a \u0161ifrovan\u00e1 komunikace.<\/p>","protected":false},"featured_media":2861,"template":"","meta":{"_kad_post_transparent":"default","_kad_post_title":"","_kad_post_layout":"default","_kad_post_sidebar_id":"","_kad_post_content_style":"default","_kad_post_vertical_padding":"default","_kad_post_feature":"","_kad_post_feature_position":"","_kad_post_header":false,"_kad_post_footer":false,"_kad_post_classname":""},"product_brand":[],"product_cat":[54],"product_tag":[346,344,345,343,351,350],"class_list":{"0":"post-2860","1":"product","2":"type-product","3":"status-publish","4":"has-post-thumbnail","6":"product_cat-hot-selling-rfid-tags","7":"product_tag-nfc-key-tag","8":"product_tag-nfc-keychain","9":"product_tag-rfid-fob","10":"product_tag-rfid-keyfobs","11":"product_tag-rfid-keyfobs-abs","12":"product_tag-rfid-keyfobs-iso14443a","14":"first","15":"instock","16":"shipping-taxable","17":"product-type-simple","18":"entry","19":"content-bg","20":"loop-entry"},"_links":{"self":[{"href":"https:\/\/rfid-laundry-tag.com\/cs\/wp-json\/wp\/v2\/product\/2860","targetHints":{"allow":["GET"]}}],"collection":[{"href":"https:\/\/rfid-laundry-tag.com\/cs\/wp-json\/wp\/v2\/product"}],"about":[{"href":"https:\/\/rfid-laundry-tag.com\/cs\/wp-json\/wp\/v2\/types\/product"}],"version-history":[{"count":2,"href":"https:\/\/rfid-laundry-tag.com\/cs\/wp-json\/wp\/v2\/product\/2860\/revisions"}],"predecessor-version":[{"id":2863,"href":"https:\/\/rfid-laundry-tag.com\/cs\/wp-json\/wp\/v2\/product\/2860\/revisions\/2863"}],"wp:featuredmedia":[{"embeddable":true,"href":"https:\/\/rfid-laundry-tag.com\/cs\/wp-json\/wp\/v2\/media\/2861"}],"wp:attachment":[{"href":"https:\/\/rfid-laundry-tag.com\/cs\/wp-json\/wp\/v2\/media?parent=2860"}],"wp:term":[{"taxonomy":"product_brand","embeddable":true,"href":"https:\/\/rfid-laundry-tag.com\/cs\/wp-json\/wp\/v2\/product_brand?post=2860"},{"taxonomy":"product_cat","embeddable":true,"href":"https:\/\/rfid-laundry-tag.com\/cs\/wp-json\/wp\/v2\/product_cat?post=2860"},{"taxonomy":"product_tag","embeddable":true,"href":"https:\/\/rfid-laundry-tag.com\/cs\/wp-json\/wp\/v2\/product_tag?post=2860"}],"curies":[{"name":"wp","href":"https:\/\/api.w.org\/{rel}","templated":true}]}}