{"id":2853,"date":"2024-11-05T12:54:13","date_gmt":"2024-11-05T12:54:13","guid":{"rendered":"https:\/\/rfid-laundry-tag.com\/?post_type=product&#038;p=2853"},"modified":"2024-11-05T13:04:21","modified_gmt":"2024-11-05T13:04:21","slug":"proximity-abs-tk4100-key-fob","status":"publish","type":"product","link":"https:\/\/rfid-laundry-tag.com\/cs\/proximity-abs-tk4100-key-fob\/","title":{"rendered":"Kl\u00ed\u010denka Proximity ABS TK4100"},"content":{"rendered":"<h2>Kl\u00ed\u010denka Proximity ABS TK4100<\/h2>\n<table class=\"has-title all magic-13\">\n<tbody>\n<tr>\n<td colspan=\"1\" rowspan=\"2\">\n<div class=\"magic-14\">materi\u00e1l<\/div>\n<\/td>\n<td colspan=\"1\" rowspan=\"1\">\n<div class=\"magic-15\">Materi\u00e1l ant\u00e9ny: hlin\u00edkov\u00e1 f\u00f3lie<\/div>\n<\/td>\n<\/tr>\n<tr>\n<td colspan=\"1\" rowspan=\"1\">\n<div class=\"magic-15\">povrchov\u00fd materi\u00e1l: ABS\/k\u016f\u017ee\/d\u0159evo<\/div>\n<\/td>\n<\/tr>\n<tr>\n<td colspan=\"1\" rowspan=\"1\">\n<div class=\"magic-17\">velikost<\/div>\n<\/td>\n<td colspan=\"1\" rowspan=\"1\">\n<div class=\"magic-15\" data-spm-anchor-id=\"a2700.details.0.i41.3c939b1b0qFtg1\">40,38 * 31,5 mm, 35,5 * 28 mm, 51,5 * 32 mm., nebo p\u0159izp\u016fsoben\u00e9<\/div>\n<\/td>\n<\/tr>\n<tr>\n<td colspan=\"1\" rowspan=\"1\">\n<div class=\"magic-17\">Zak\u00e1zkov\u00e1 \u0159emesla<\/div>\n<\/td>\n<td colspan=\"1\" rowspan=\"1\">\n<div class=\"magic-15\">logo S\u00edtotisk\/k\u00f3d UID, k\u00f3d s\u00e9rie nebo p\u0159izp\u016fsoben\u00fd<\/div>\n<\/td>\n<\/tr>\n<tr>\n<td colspan=\"1\" rowspan=\"1\">\n<div class=\"magic-17\">Provozn\u00ed teplota<\/div>\n<\/td>\n<td colspan=\"1\" rowspan=\"1\">\n<div class=\"magic-15\">-20 \u00b0C~+90 \u00b0C<\/div>\n<\/td>\n<\/tr>\n<tr>\n<td colspan=\"1\" rowspan=\"1\">\n<div class=\"magic-17\">zak\u00f3dovat<\/div>\n<\/td>\n<td colspan=\"1\" rowspan=\"1\">\n<div class=\"magic-15\">zapisovateln\u00fd \u010dip k dispozici<\/div>\n<\/td>\n<\/tr>\n<tr>\n<td colspan=\"1\" rowspan=\"1\">\n<div class=\"magic-17\">barevn\u00e9 mo\u017enosti<\/div>\n<\/td>\n<td colspan=\"1\" rowspan=\"1\">\n<div class=\"magic-15\">\u010cerven\u00e1, modr\u00e1, \u010dern\u00e1, fialov\u00e1, oran\u017eov\u00e1, \u017elut\u00e1 (lze p\u0159izp\u016fsobit)<\/div>\n<\/td>\n<\/tr>\n<tr>\n<td colspan=\"1\" rowspan=\"1\">\n<div class=\"magic-17\">\u010dtec\u00ed vzd\u00e1lenost<\/div>\n<\/td>\n<td colspan=\"1\" rowspan=\"1\">\n<div class=\"magic-15\">1~10 cm (v z\u00e1vislosti na \u010dte\u010dce)<\/div>\n<\/td>\n<\/tr>\n<tr>\n<td colspan=\"1\" rowspan=\"1\">\n<div class=\"magic-17\">aplikac\u00ed<\/div>\n<\/td>\n<td colspan=\"1\" rowspan=\"1\">\n<div class=\"magic-15\" data-spm-anchor-id=\"a2700.details.0.i40.3c939b1b0qFtg1\">\u010dlensk\u00fd syst\u00e9m\/posilovna\/kontrola p\u0159\u00edstupu\/platba atd.<\/div>\n<\/td>\n<\/tr>\n<\/tbody>\n<\/table>\n<p>&nbsp;<\/p>\n<p>Ka\u017ed\u00fd <strong>Kl\u00ed\u010denka Proximity ABS TK4100<\/strong> je p\u0159edprogramov\u00e1n s jedine\u010dn\u00fdm \u010d\u00edseln\u00fdm ID \u010d\u00edslem, tak\u017ee je ide\u00e1ln\u00ed volbou pro pou\u017eit\u00ed v RFID <strong>Bezdotykov\u00e9 p\u0159\u00edstupov\u00e9 syst\u00e9my<\/strong>. Tyto p\u0159\u00edv\u011bsky na kl\u00ed\u010de jsou navr\u017eeny tak, aby se hladce integrovaly se syst\u00e9my, kter\u00e9 spravuj\u00ed p\u0159\u00edstup ke dve\u0159\u00edm, elektrick\u00fdm z\u00e1mk\u016fm a dokonce i videotelefon\u016fm, a zaji\u0161\u0165uj\u00ed tak bezpe\u010dn\u00e9 a spolehliv\u00e9 odemyk\u00e1n\u00ed.<\/p>\n<p>Kl\u00ed\u010denky jsou vyrobeny z odoln\u00e9ho materi\u00e1lu <strong>Materi\u00e1l ABS<\/strong>, nab\u00eddka <strong>vodot\u011bsn\u00fd<\/strong> ochrana pro zaji\u0161t\u011bn\u00ed dlouhodob\u00e9ho v\u00fdkonu v r\u016fzn\u00fdch prost\u0159ed\u00edch. Ka\u017ed\u00fd p\u0159\u00edv\u011bsek na kl\u00ed\u010de je p\u0159ipojen k a <strong>kovov\u00fd krou\u017eek na kl\u00ed\u010de<\/strong>, co\u017e usnad\u0148uje p\u0159en\u00e1\u0161en\u00ed a p\u0159ipevn\u011bn\u00ed na kl\u00ed\u010denky nebo \u0161\u0148\u016frky. D\u00edky tomu jsou pohodln\u00e9 pro u\u017eivatele a z\u00e1rove\u0148 si zachov\u00e1vaj\u00ed svou funk\u010dnost v n\u00e1ro\u010dn\u00fdch podm\u00ednk\u00e1ch.<\/p>\n<p>Tyto kl\u00ed\u010denky jsou \u0161iroce pou\u017e\u00edv\u00e1ny v <strong>syst\u00e9my kontroly p\u0159\u00edstupu<\/strong>, umo\u017e\u0148uj\u00edc\u00ed funkce, jako je odemyk\u00e1n\u00ed dve\u0159\u00ed, spr\u00e1va hesel a p\u0159\u00edstupov\u00e1 opr\u00e1vn\u011bn\u00ed. jsou <strong>kompatibiln\u00ed se standardn\u00edmi p\u0159\u00edstupov\u00fdmi za\u0159\u00edzen\u00edmi EM ID<\/strong> nebo <strong>\u010dte\u010dky ID<\/strong>, d\u00edky \u010demu\u017e jsou vysoce univerz\u00e1ln\u00ed pro r\u016fzn\u00e9 aplikace \u0159\u00edzen\u00ed p\u0159\u00edstupu.<\/p>","protected":false},"excerpt":{"rendered":"<p>The <strong>Kl\u00ed\u010denka Proximity ABS TK4100<\/strong> je vysoce spolehliv\u00e1, odoln\u00e1 a bezpe\u010dn\u00e1 RFID kl\u00ed\u010denka vhodn\u00e1 pro r\u016fzn\u00e9 syst\u00e9my kontroly p\u0159\u00edstupu. Je p\u0159edem naprogramov\u00e1n s jedine\u010dn\u00fdm ID a je \u0161iroce pou\u017e\u00edv\u00e1n <strong>odemyk\u00e1n\u00ed dve\u0159\u00ed<\/strong>, <strong>spr\u00e1va hesel<\/strong>a dal\u0161\u00ed. Vyrobeno z vod\u011bodoln\u00e9ho ABS materi\u00e1lu s kovov\u00fdm krou\u017ekem na kl\u00ed\u010de, je ide\u00e1ln\u00ed pro vnit\u0159n\u00ed i venkovn\u00ed pou\u017eit\u00ed.<\/p>","protected":false},"featured_media":2855,"template":"","meta":{"_kad_post_transparent":"default","_kad_post_title":"","_kad_post_layout":"default","_kad_post_sidebar_id":"","_kad_post_content_style":"default","_kad_post_vertical_padding":"default","_kad_post_feature":"","_kad_post_feature_position":"","_kad_post_header":false,"_kad_post_footer":false,"_kad_post_classname":""},"product_brand":[],"product_cat":[54],"product_tag":[348,346,349,344,345,343],"class_list":{"0":"post-2853","1":"product","2":"type-product","3":"status-publish","4":"has-post-thumbnail","6":"product_cat-hot-selling-rfid-tags","7":"product_tag-nfc-key-fobs-ntag213","8":"product_tag-nfc-key-tag","9":"product_tag-nfc-key-tags","10":"product_tag-nfc-keychain","11":"product_tag-rfid-fob","12":"product_tag-rfid-keyfobs","14":"first","15":"instock","16":"shipping-taxable","17":"product-type-simple","18":"entry","19":"content-bg","20":"loop-entry"},"_links":{"self":[{"href":"https:\/\/rfid-laundry-tag.com\/cs\/wp-json\/wp\/v2\/product\/2853","targetHints":{"allow":["GET"]}}],"collection":[{"href":"https:\/\/rfid-laundry-tag.com\/cs\/wp-json\/wp\/v2\/product"}],"about":[{"href":"https:\/\/rfid-laundry-tag.com\/cs\/wp-json\/wp\/v2\/types\/product"}],"version-history":[{"count":2,"href":"https:\/\/rfid-laundry-tag.com\/cs\/wp-json\/wp\/v2\/product\/2853\/revisions"}],"predecessor-version":[{"id":2859,"href":"https:\/\/rfid-laundry-tag.com\/cs\/wp-json\/wp\/v2\/product\/2853\/revisions\/2859"}],"wp:featuredmedia":[{"embeddable":true,"href":"https:\/\/rfid-laundry-tag.com\/cs\/wp-json\/wp\/v2\/media\/2855"}],"wp:attachment":[{"href":"https:\/\/rfid-laundry-tag.com\/cs\/wp-json\/wp\/v2\/media?parent=2853"}],"wp:term":[{"taxonomy":"product_brand","embeddable":true,"href":"https:\/\/rfid-laundry-tag.com\/cs\/wp-json\/wp\/v2\/product_brand?post=2853"},{"taxonomy":"product_cat","embeddable":true,"href":"https:\/\/rfid-laundry-tag.com\/cs\/wp-json\/wp\/v2\/product_cat?post=2853"},{"taxonomy":"product_tag","embeddable":true,"href":"https:\/\/rfid-laundry-tag.com\/cs\/wp-json\/wp\/v2\/product_tag?post=2853"}],"curies":[{"name":"wp","href":"https:\/\/api.w.org\/{rel}","templated":true}]}}