{"id":2850,"date":"2024-11-05T12:42:51","date_gmt":"2024-11-05T12:42:51","guid":{"rendered":"https:\/\/rfid-laundry-tag.com\/?post_type=product&#038;p=2850"},"modified":"2024-11-05T12:49:55","modified_gmt":"2024-11-05T12:49:55","slug":"nfc-key-fobs-ntag213","status":"publish","type":"product","link":"https:\/\/rfid-laundry-tag.com\/cs\/nfc-key-fobs-ntag213\/","title":{"rendered":"NFC kl\u00ed\u010denky Ntag213"},"content":{"rendered":"<h2>NFC kl\u00ed\u010denky Ntag213<\/h2>\n<p>Kl\u00ed\u010denky NFC, jako je Ntag213, revolu\u010dn\u011b m\u011bn\u00ed zp\u016fsob, jak\u00fdm interagujeme s na\u0161imi prost\u0159ed\u00edmi, a nab\u00edzej\u00ed bezpe\u010dn\u00e1, bezkontaktn\u00ed \u0159e\u0161en\u00ed pro \u0159\u00edzen\u00ed p\u0159\u00edstupu, identifikaci a dal\u0161\u00ed. A\u0165 u\u017e pot\u0159ebujete syst\u00e9m bezkl\u00ed\u010dov\u00e9ho vstupu pro va\u0161i kancel\u00e1\u0159, hotel nebo osobn\u00ed vozidlo, kl\u00ed\u010denka Ntag213 NFC poskytuje bezprobl\u00e9mov\u00fd a spolehliv\u00fd z\u00e1\u017eitek. Tento popis produktu se pono\u0159\u00ed do v\u00fdhod, funkc\u00ed a pou\u017eit\u00ed kl\u00ed\u010denky Ntag213 NFC a nab\u00edz\u00ed komplexn\u00ed podrobnosti pro ty, kte\u0159\u00ed uva\u017euj\u00ed o t\u00e9to pokro\u010dil\u00e9 technologii.<\/p>\n<hr \/>\n<h2>P\u0159ehled produktu<\/h2>\n<p>The <strong>NFC kl\u00ed\u010denka Ntag213<\/strong> je vysoce v\u00fdkonn\u00e9 bezkontaktn\u00ed za\u0159\u00edzen\u00ed, kter\u00e9 vyu\u017e\u00edv\u00e1 technologii NFC (Near Field Communication). Tato kl\u00ed\u010denka, navr\u017een\u00e1 tak, aby byla kompaktn\u00ed, bezpe\u010dn\u00e1 a u\u017eivatelsky p\u0159\u00edv\u011btiv\u00e1, umo\u017e\u0148uje \u0161irokou \u0161k\u00e1lu aplikac\u00ed v\u010detn\u011b \u0159\u00edzen\u00ed p\u0159\u00edstupu, platebn\u00edch syst\u00e9m\u016f a ov\u011b\u0159ov\u00e1n\u00ed produktu. Kl\u00ed\u010denka Ntag213 se zam\u011b\u0159en\u00edm na bezpe\u010dnost, snadn\u00e9 pou\u017eit\u00ed a efektivitu poskytuje vynikaj\u00edc\u00ed funkce pro podniky, hotely, dom\u00e1cnosti a dal\u0161\u00ed.<\/p>\n<h3>Pro\u010d si koupit kl\u00ed\u010denku Ntag213 NFC?<\/h3>\n<p>Ntag213 je v\u00edce ne\u017e jen kl\u00ed\u010denka \u2013 je to spolehliv\u00e9 a bezpe\u010dn\u00e9 \u0159e\u0161en\u00ed p\u0159\u00edstupu. Nab\u00edz\u00ed kombinaci vysoce kvalitn\u00edho v\u00fdkonu, snadn\u00e9 integrace a kompatibility se st\u00e1vaj\u00edc\u00edmi syst\u00e9my a je ide\u00e1ln\u00ed volbou pro podniky, kter\u00e9 cht\u011bj\u00ed upgradovat sv\u00e1 bezpe\u010dnostn\u00ed opat\u0159en\u00ed, nebo jednotlivce, kte\u0159\u00ed hledaj\u00ed efektivn\u011bj\u0161\u00ed zp\u016fsob spr\u00e1vy p\u0159\u00edstupu. Zde je d\u016fvod, pro\u010d se vyplat\u00ed investovat:<\/p>\n<ul>\n<li><strong>Spolehliv\u00e9 zabezpe\u010den\u00ed:<\/strong> D\u00edky vestav\u011bn\u00e9mu \u0161ifrov\u00e1n\u00ed a jedine\u010dn\u00e9mu identifik\u00e1toru (UID) zaji\u0161\u0165uje tato kl\u00ed\u010denka bezpe\u010dn\u00fd p\u0159\u00edstup bez rizika duplikace nebo neopr\u00e1vn\u011bn\u00e9ho pou\u017eit\u00ed.<\/li>\n<li><strong>Dlouhotrvaj\u00edc\u00ed v\u00fddr\u017e:<\/strong> Kl\u00ed\u010denka Ntag213 NFC, navr\u017een\u00e1 pro ka\u017edodenn\u00ed pou\u017eit\u00ed, se m\u016f\u017ee pochlubit dlouhou \u017eivotnost\u00ed s a\u017e 100 000 cykly z\u00e1pisu a dobou uchov\u00e1n\u00ed dat 10 let.<\/li>\n<li><strong>V\u0161estrann\u00e1 kompatibilita:<\/strong> Jeho kompatibilita s ob\u011bma <strong>13,56 MHz RFID syst\u00e9my<\/strong> a <strong>Za\u0159\u00edzen\u00ed s podporou NFC<\/strong> z n\u011bj d\u011bl\u00e1 v\u0161estrann\u00e9 \u0159e\u0161en\u00ed pro r\u016fzn\u00e9 aplikace.<\/li>\n<\/ul>\n<p>Poj\u010fme se hloub\u011bji pono\u0159it do kl\u00ed\u010dov\u00fdch funkc\u00ed a v\u00fdhod kl\u00ed\u010denky Ntag213 NFC.<\/p>\n<hr \/>\n<h2>Technologie NFC: P\u00e1te\u0159 modern\u00edch bezpe\u010dnostn\u00edch \u0159e\u0161en\u00ed<\/h2>\n<p>Technologie NFC (Near-Field Communication) je hnac\u00ed silou bezkontaktn\u00edch p\u0159\u00edstupov\u00fdch syst\u00e9m\u016f. <strong>Ntag213<\/strong> je jednou z nejpopul\u00e1rn\u011bj\u0161\u00edch zna\u010dek NFC vyvinut\u00fdch spole\u010dnost\u00ed <strong>NXP\u00ae Semiconductors<\/strong>, dodr\u017eov\u00e1n\u00ed <strong>Zna\u010dka f\u00f3ra NFC typu 2<\/strong> norma. Tato shoda zaji\u0161\u0165uje, \u017ee za\u0159\u00edzen\u00ed bezprobl\u00e9mov\u011b spolupracuje se smartphony, tablety a vyhrazen\u00fdmi \u010dte\u010dkami NFC s podporou NFC.<\/p>\n<h3>Bezprobl\u00e9mov\u00e1 integrace se syst\u00e9my kontroly p\u0159\u00edstupu<\/h3>\n<p>A\u0165 u\u017e je to a <strong>hotelov\u00fd vstupn\u00ed syst\u00e9m<\/strong>, <strong>bezkl\u00ed\u010dov\u00fd vstup do kancel\u00e1\u0159e<\/strong>nebo osobn\u00ed p\u0159\u00edstupov\u00fd syst\u00e9m, technologie NFC tento proces zjednodu\u0161uje. The <strong>Ntag213 NFC kl\u00ed\u010denka<\/strong> je kritickou sou\u010d\u00e1st\u00ed modern\u00edch p\u0159\u00edstupov\u00fdch \u0159e\u0161en\u00ed, kter\u00e1 nab\u00edz\u00ed a <strong>bezpe\u010dn\u00e1, bezkontaktn\u00ed metoda<\/strong> pro odemyk\u00e1n\u00ed dve\u0159\u00ed, z\u00edsk\u00e1n\u00ed p\u0159\u00edstupu do zak\u00e1zan\u00fdch oblast\u00ed a dokonce i prov\u00e1d\u011bn\u00ed plateb. D\u00edky intuitivn\u00edm funkc\u00edm p\u0159ibl\u00ed\u017een\u00ed mohou u\u017eivatel\u00e9 odemykat dve\u0159e pouh\u00fdm p\u0159idr\u017een\u00edm p\u0159\u00edv\u011bsku pobl\u00ed\u017e \u010dte\u010dky s podporou NFC.<\/p>\n<h3>Vy\u0161\u0161\u00ed u\u017eivatelsk\u00e9 pohodl\u00ed<\/h3>\n<p>Technologie NFC eliminuje pot\u0159ebu tradi\u010dn\u00edch kl\u00ed\u010d\u016f nebo fyzick\u00fdch karet, co\u017e umo\u017e\u0148uje rychlej\u0161\u00ed a efektivn\u011bj\u0161\u00ed p\u0159\u00edstup. The <strong>\u010dtec\u00ed vzd\u00e1lenost<\/strong> a\u017e 100 mm (v z\u00e1vislosti na geometrii ant\u00e9ny) zaji\u0161\u0165uje snadn\u00e9 sn\u00edm\u00e1n\u00ed kl\u00ed\u010denky bez nutnosti p\u0159\u00edm\u00e9ho kontaktu. Tato funkce poskytuje majitel\u016fm podnik\u016f i u\u017eivatel\u016fm v\u011bt\u0161\u00ed pohodl\u00ed.<\/p>\n<hr \/>\n<h2>Kl\u00ed\u010dov\u00e9 vlastnosti kl\u00ed\u010denky Ntag213 NFC<\/h2>\n<h3>1. <strong>Vestav\u011bn\u00e9 funkce zabezpe\u010den\u00ed pro bezpe\u010dn\u00fd p\u0159\u00edstup<\/strong><\/h3>\n<p>Zabezpe\u010den\u00ed je nejvy\u0161\u0161\u00ed prioritou, pokud jde o \u0159\u00edzen\u00ed p\u0159\u00edstupu a <strong>Kl\u00ed\u010denka Ntag213 NFC<\/strong> dod\u00e1v\u00e1 pr\u00e1v\u011b to. S jeho <strong>unik\u00e1tn\u00ed 7bajtov\u00e9 UID<\/strong>, za\u0159\u00edzen\u00ed zaji\u0161\u0165uje, \u017ee ka\u017ed\u00fd p\u0159\u00edv\u011bsek na kl\u00ed\u010de je jedin\u00fd sv\u00e9ho druhu, co\u017e zabra\u0148uje neopr\u00e1vn\u011bn\u00e9mu kop\u00edrov\u00e1n\u00ed. The <strong>ochrana heslem<\/strong> a <strong>Podpis originality zalo\u017een\u00fd na ECC<\/strong> d\u00e1le chr\u00e1nit data a zajistit, aby s FOB nemohlo b\u00fdt manipulov\u00e1no.<\/p>\n<ul>\n<li><strong>Ochrana heslem<\/strong>: Mo\u017enost konfigurovat 32bitov\u00e9 heslo zaji\u0161\u0165uje, \u017ee do syst\u00e9mu maj\u00ed p\u0159\u00edstup pouze opr\u00e1vn\u011bn\u00ed u\u017eivatel\u00e9.<\/li>\n<li><strong>Podpis ECC<\/strong>: The <strong>Podpis originality zalo\u017een\u00fd na ECC<\/strong> nab\u00edz\u00ed dal\u0161\u00ed vrstvu zabezpe\u010den\u00ed, kter\u00e1 podvodn\u00edk\u016fm zt\u011b\u017euje pad\u011bl\u00e1n\u00ed p\u0159\u00edv\u011bsku na kl\u00ed\u010de.<\/li>\n<\/ul>\n<h3>2. <strong>Pou\u017eit\u00ed pro v\u00edce aplikac\u00ed<\/strong><\/h3>\n<p>Jednou z nejv\u00fdznamn\u011bj\u0161\u00edch v\u00fdhod <strong>Kl\u00ed\u010denka Ntag213 NFC<\/strong> je jeho v\u0161estrannost. M\u016f\u017ee b\u00fdt pou\u017eit pro r\u016fzn\u00e9 aplikace, v\u010detn\u011b:<\/p>\n<ul>\n<li><strong>\u0158\u00edzen\u00ed p\u0159\u00edstupu:<\/strong> Pou\u017e\u00edv\u00e1 se k odemyk\u00e1n\u00ed dve\u0159\u00ed v kancel\u00e1\u0159\u00edch, hotelech nebo dom\u00e1cnostech.<\/li>\n<li><strong>Platebn\u00ed syst\u00e9my:<\/strong> Bezpe\u010dn\u00e9, bezkontaktn\u00ed platby prost\u0159ednictv\u00edm mobiln\u00ed integrace NFC.<\/li>\n<li><strong>Ov\u011b\u0159en\u00ed produktu:<\/strong> Ov\u011b\u0159te pravost \u0161pi\u010dkov\u00fdch produkt\u016f nebo zbo\u017e\u00ed.<\/li>\n<li><strong>Chytr\u00e1 reklama:<\/strong> Vylep\u0161ete marketingov\u00e9 kampan\u011b mimo domov pomoc\u00ed zna\u010dek NFC vlo\u017een\u00fdch do ti\u0161t\u011bn\u00fdch m\u00e9di\u00ed.<\/li>\n<\/ul>\n<h3>3. <strong>Odolnost a \u017eivotnost<\/strong><\/h3>\n<p>S a <strong>z\u00e1pisov\u00e1 v\u00fddr\u017e 100 000 cykl\u016f<\/strong> a a <strong>doba uchov\u00e1v\u00e1n\u00ed dat 10 let<\/strong>, <strong>Kl\u00ed\u010denka Ntag213 NFC<\/strong> je postaven tak, aby vydr\u017eel. A\u0165 u\u017e je tato kl\u00ed\u010denka pou\u017e\u00edv\u00e1na denn\u011b v ru\u0161n\u00e9m kancel\u00e1\u0159sk\u00e9m prost\u0159ed\u00ed nebo jako sou\u010d\u00e1st aplikace s n\u00edzk\u00fdm provozem, vydr\u017e\u00ed dlouhodob\u00e9 pou\u017e\u00edv\u00e1n\u00ed bez sn\u00ed\u017een\u00ed v\u00fdkonu.<\/p>\n<h3>4. <strong>Kompaktn\u00ed a lehk\u00fd design<\/strong><\/h3>\n<p>Kl\u00ed\u010denka Ntag213 je kompaktn\u00ed a lehk\u00e1, tak\u017ee se snadno p\u0159en\u00e1\u0161\u00ed. To je <strong>kompatibiln\u00ed s kl\u00ed\u010denkami<\/strong>, co\u017e u\u017eivatel\u016fm umo\u017e\u0148uje p\u0159ipojit jej ke kl\u00ed\u010d\u016fm pro pohodln\u00fd p\u0159\u00edstup. The <strong>mal\u00e1 stopa<\/strong> je ide\u00e1ln\u00ed pro aplikace vy\u017eaduj\u00edc\u00ed \u0159e\u0161en\u00ed \u0161et\u0159\u00edc\u00ed m\u00edsto, jako jsou \u0161t\u00edtky zabudovan\u00e9 do \u0161t\u00edtk\u016f produkt\u016f nebo hern\u00ed karty.<\/p>\n<hr \/>\n<h2>Dopad na \u017eivotn\u00ed prost\u0159ed\u00ed a udr\u017eitelnost<\/h2>\n<p>Vzhledem k tomu, \u017ee podniky i spot\u0159ebitel\u00e9 nad\u00e1le up\u0159ednost\u0148uj\u00ed udr\u017eitelnost, <strong>Kl\u00ed\u010denka Ntag213 NFC<\/strong> je navr\u017een s ohledem na ekologickou odpov\u011bdnost. Jeho <strong>n\u00edzk\u00e1 spot\u0159eba energie<\/strong> a dlouhotrvaj\u00edc\u00ed trvanlivost p\u0159isp\u00edvaj\u00ed ke sn\u00ed\u017een\u00ed odpadu a men\u0161\u00edmu po\u010dtu v\u00fdm\u011bn v pr\u016fb\u011bhu \u010dasu. Nav\u00edc jako a <strong>pasivn\u00ed RFID tag<\/strong>Ntag213 nepot\u0159ebuje ke sv\u00e9mu fungov\u00e1n\u00ed baterii, co\u017e d\u00e1le minimalizuje jeho ekologickou stopu.<\/p>\n<hr \/>\n<h2>Jak pou\u017e\u00edvat kl\u00ed\u010denku Ntag213 NFC<\/h2>\n<p>Pomoc\u00ed <strong>Kl\u00ed\u010denka Ntag213 NFC<\/strong> je jednoduch\u00e9 a p\u0159\u00edmo\u010dar\u00e9:<\/p>\n<ol>\n<li><strong>Programov\u00e1n\u00ed<\/strong>: Pomoc\u00ed kompatibiln\u00edho softwaru NFC nebo \u010dte\u010dek naprogramujte kl\u00ed\u010denku pot\u0159ebn\u00fdmi informacemi, jako jsou p\u0159\u00edstupov\u00e9 \u00fadaje nebo platebn\u00ed \u00fadaje.<\/li>\n<li><strong>Integrace<\/strong>: Integrujte p\u0159\u00edv\u011bsek se syst\u00e9mem kontroly p\u0159\u00edstupu nebo platebn\u00edm termin\u00e1lem s podporou NFC.<\/li>\n<li><strong>Aktivace<\/strong>: Podr\u017ete kl\u00ed\u010denku v bl\u00edzkosti \u010dte\u010dky NFC, abyste z\u00edskali p\u0159\u00edstup nebo dokon\u010dili transakci. The <strong>bezkontaktn\u00ed<\/strong> interakce zaji\u0161\u0165uje hladk\u00e9 a efektivn\u00ed pou\u017eit\u00ed.<\/li>\n<\/ol>\n<hr \/>\n<h2>Z\u00e1kaznick\u00e9 recenze<\/h2>\n<p>Mnoho u\u017eivatel\u016f si pochvalovalo <strong>Kl\u00ed\u010denka Ntag213 NFC<\/strong> pro jeho <strong>snadn\u00e9 pou\u017eit\u00ed<\/strong>, <strong>zabezpe\u010den\u00ed<\/strong>a <strong>spolehlivost<\/strong>. Zde je n\u011bkolik ohlas\u016f od spokojen\u00fdch z\u00e1kazn\u00edk\u016f:<\/p>\n<ul>\n<li><strong>John D., vedouc\u00ed kancel\u00e1\u0159e<\/strong>: \u201eNtag213 usnadnil p\u0159\u00edstup k na\u0161\u00ed kancel\u00e1\u0159sk\u00e9 budov\u011b ne\u017e kdy p\u0159edt\u00edm. Je to bezpe\u010dn\u00e9, snadno se pou\u017e\u00edv\u00e1 a u\u017e se nemus\u00edm ob\u00e1vat ztr\u00e1ty kl\u00ed\u010d\u016f.\u201c<\/li>\n<li><strong>Sarah T., majitelka hotelu<\/strong>: \u201eImplementovali jsme Ntag213 pro n\u00e1\u0161 hotelov\u00fd kl\u00ed\u010dov\u00fd syst\u00e9m a v\u00fdrazn\u011b zlep\u0161il spokojenost host\u016f. Je to rychl\u00e9, bezpe\u010dn\u00e9 a velmi pohodln\u00e9.\u201c<\/li>\n<\/ul>\n<hr \/>\n<h2>Nej\u010dast\u011bj\u0161\u00ed dotazy<\/h2>\n<h3>Q1: Mohu si naprogramovat kl\u00ed\u010denku Ntag213 s\u00e1m?<\/h3>\n<p>Ano, kl\u00ed\u010denku Ntag213 m\u016f\u017eete naprogramovat pomoc\u00ed kompatibiln\u00edch \u010dte\u010dek NFC a softwaru. To usnad\u0148uje integraci ovlada\u010de s va\u0161imi st\u00e1vaj\u00edc\u00edmi syst\u00e9my.<\/p>\n<h3>Q2: Jak dlouho vydr\u017e\u00ed baterie kl\u00ed\u010denky Ntag213?<\/h3>\n<p>Kl\u00ed\u010denka Ntag213 nevy\u017eaduje baterii, proto\u017ee funguje pomoc\u00ed <strong>pasivn\u00ed technologie RFID<\/strong>, odeb\u00edraj\u00edc\u00ed energii ze \u010dte\u010dky NFC, kdy\u017e je v t\u011bsn\u00e9 bl\u00edzkosti.<\/p>\n<h3>Ot\u00e1zka 3: Jak\u00fd je rozsah \u010dten\u00ed kl\u00ed\u010denky Ntag213 NFC?<\/h3>\n<p>Typick\u00fd dosah \u010dten\u00ed je a\u017e 100 mm, v z\u00e1vislosti na faktorech, jako je nap\u0159 <strong>konstrukce ant\u00e9ny \u010dte\u010dky<\/strong> a s\u00edlu pole.<\/p>\n<hr \/>\n<h2>Z\u00e1v\u011br: Pro\u010d si vybrat kl\u00ed\u010denku Ntag213 NFC?<\/h2>\n<p>The <strong>Kl\u00ed\u010denka Ntag213 NFC<\/strong> nab\u00edz\u00ed ide\u00e1ln\u00ed kombinaci bezpe\u010dnosti, spolehlivosti a u\u017eivatelsk\u00e9ho pohodl\u00ed. Jeho <strong>bezkontaktn\u00ed technologie<\/strong>, <strong>kompaktn\u00ed design<\/strong>a <strong>v\u0161estrannost pro v\u00edce aplikac\u00ed<\/strong> je ide\u00e1ln\u00ed volbou pro modern\u00ed syst\u00e9my \u0159\u00edzen\u00ed p\u0159\u00edstupu, platby a identifikaci. Ntag213 je rozumnou investic\u00ed, a\u0165 u\u017e jste firma, kter\u00e1 chce zlep\u0161it svou bezpe\u010dnostn\u00ed infrastrukturu, nebo spot\u0159ebitel hledaj\u00edc\u00ed pohodln\u00e9 a bezpe\u010dn\u00e9 \u0159e\u0161en\u00ed pro va\u0161e pot\u0159eby osobn\u00edho p\u0159\u00edstupu.<\/p>\n<p>Zabezpe\u010dte si sv\u016fj p\u0159\u00edstup je\u0161t\u011b dnes pomoc\u00ed <strong>Kl\u00ed\u010denka Ntag213 NFC<\/strong>\u2013 budoucnost bezkontaktn\u00edho zabezpe\u010den\u00ed je tady.<\/p>","protected":false},"excerpt":{"rendered":"<p><strong>Kl\u00ed\u010denka Ntag213 NFC<\/strong> nab\u00edz\u00ed ide\u00e1ln\u00ed kombinaci bezpe\u010dnosti, spolehlivosti a u\u017eivatelsk\u00e9ho pohodl\u00ed. Jeho <strong>bezkontaktn\u00ed technologie<\/strong>, <strong>kompaktn\u00ed design<\/strong>a <strong>v\u0161estrannost pro v\u00edce aplikac\u00ed<\/strong> je ide\u00e1ln\u00ed volbou pro modern\u00ed syst\u00e9my \u0159\u00edzen\u00ed p\u0159\u00edstupu, platby a identifikaci.<\/p>","protected":false},"featured_media":2845,"template":"","meta":{"_kad_post_transparent":"default","_kad_post_title":"","_kad_post_layout":"default","_kad_post_sidebar_id":"","_kad_post_content_style":"default","_kad_post_vertical_padding":"default","_kad_post_feature":"","_kad_post_feature_position":"","_kad_post_header":false,"_kad_post_footer":false,"_kad_post_classname":""},"product_brand":[],"product_cat":[54],"product_tag":[348,346,349,344,345,343],"class_list":{"0":"post-2850","1":"product","2":"type-product","3":"status-publish","4":"has-post-thumbnail","6":"product_cat-hot-selling-rfid-tags","7":"product_tag-nfc-key-fobs-ntag213","8":"product_tag-nfc-key-tag","9":"product_tag-nfc-key-tags","10":"product_tag-nfc-keychain","11":"product_tag-rfid-fob","12":"product_tag-rfid-keyfobs","14":"first","15":"instock","16":"shipping-taxable","17":"product-type-simple","18":"entry","19":"content-bg","20":"loop-entry"},"_links":{"self":[{"href":"https:\/\/rfid-laundry-tag.com\/cs\/wp-json\/wp\/v2\/product\/2850","targetHints":{"allow":["GET"]}}],"collection":[{"href":"https:\/\/rfid-laundry-tag.com\/cs\/wp-json\/wp\/v2\/product"}],"about":[{"href":"https:\/\/rfid-laundry-tag.com\/cs\/wp-json\/wp\/v2\/types\/product"}],"version-history":[{"count":2,"href":"https:\/\/rfid-laundry-tag.com\/cs\/wp-json\/wp\/v2\/product\/2850\/revisions"}],"predecessor-version":[{"id":2852,"href":"https:\/\/rfid-laundry-tag.com\/cs\/wp-json\/wp\/v2\/product\/2850\/revisions\/2852"}],"wp:featuredmedia":[{"embeddable":true,"href":"https:\/\/rfid-laundry-tag.com\/cs\/wp-json\/wp\/v2\/media\/2845"}],"wp:attachment":[{"href":"https:\/\/rfid-laundry-tag.com\/cs\/wp-json\/wp\/v2\/media?parent=2850"}],"wp:term":[{"taxonomy":"product_brand","embeddable":true,"href":"https:\/\/rfid-laundry-tag.com\/cs\/wp-json\/wp\/v2\/product_brand?post=2850"},{"taxonomy":"product_cat","embeddable":true,"href":"https:\/\/rfid-laundry-tag.com\/cs\/wp-json\/wp\/v2\/product_cat?post=2850"},{"taxonomy":"product_tag","embeddable":true,"href":"https:\/\/rfid-laundry-tag.com\/cs\/wp-json\/wp\/v2\/product_tag?post=2850"}],"curies":[{"name":"wp","href":"https:\/\/api.w.org\/{rel}","templated":true}]}}