{"id":285,"date":"2024-06-26T10:45:44","date_gmt":"2024-06-26T10:45:44","guid":{"rendered":"https:\/\/rfid-laundry-tag.com\/?post_type=product&#038;p=285"},"modified":"2024-06-26T10:45:44","modified_gmt":"2024-06-26T10:45:44","slug":"rfid-nfc-inlay","status":"publish","type":"product","link":"https:\/\/rfid-laundry-tag.com\/cs\/rfid-nfc-inlay\/","title":{"rendered":"RFID NFC vlo\u017eka"},"content":{"rendered":"<div><strong>RFID NFC vlo\u017eky<\/strong> existuj\u00ed ve dvou typech, mokr\u00e9 a such\u00e9. Vlhk\u00e1 vlo\u017eka RFID NFC m\u00e1 lepiv\u00fd podklad, zat\u00edmco such\u00e1 ne. Poskytuj\u00ed mo\u017enost \u0161t\u00edtku pracuj\u00edc\u00ed na frekvenci 13,56 MHz speci\u00e1ln\u011b navr\u017eenou pro v\u00fdrobce origin\u00e1ln\u00edho vybaven\u00ed (OEM). Pro tyto vlo\u017eky jsou k dispozici pam\u011b\u0165ov\u00e9 \u010dipy ISO 15693 a 14443 NFC.<\/div>\n<div><\/div>\n<div class=\"text-title\"><strong><span class=\"magic-26\" style=\"font-family: Arial;\" data-spm-anchor-id=\"a2700.details.0.i47.6f4d7d7dnursE7\">Such\u00e1 vlo\u017eka<\/span><\/strong><\/div>\n<div class=\"text-content\"><span class=\"magic-6\" style=\"font-family: Arial;\">Jednodu\u0161e \u0159e\u010deno, such\u00e1 vlo\u017eka RFID je kombinac\u00ed \u010dipu RFID a ant\u00e9ny. M\u016f\u017ee b\u00fdt pou\u017eit pro v\u00fdrobu NFC n\u00e1lepky, RFID \u0161t\u00edtku, RFID l\u00edstku a r\u016fzn\u00fdch RFID \u0161t\u00edtk\u016f. <\/span><\/p>\n<div data-spm-anchor-id=\"a2700.details.0.i46.6f4d7d7dnursE7\"><span class=\"magic-6\" style=\"font-family: Arial;\"> Ant\u00e9na such\u00e9ho inlaye je hlin\u00edkov\u00e1 leptan\u00e1, kter\u00e1 je ten\u010d\u00ed ne\u017e m\u011bd\u011bn\u00e1 c\u00edvka. Tvar ant\u00e9ny m\u016f\u017ee b\u00fdt p\u0159izp\u016fsoben a p\u0159epracov\u00e1n na vy\u017e\u00e1d\u00e1n\u00ed.<\/span><\/p>\n<div><\/div>\n<\/div>\n<\/div>\n<div>\n<div class=\"text-title\"><strong><span class=\"magic-26\" style=\"font-family: Arial;\">Mokr\u00e1 vlo\u017eka<\/span><\/strong><\/div>\n<div class=\"text-content\"><span class=\"magic-6\" style=\"font-family: Arial;\" data-spm-anchor-id=\"a2700.details.0.i49.6f4d7d7dnursE7\">Such\u00e1 vlo\u017eka RFID p\u0159idan\u00e1 s lepidlem se naz\u00fdv\u00e1 vlhk\u00e1 vlo\u017eka. Pokud nepot\u0159ebujete \u017e\u00e1dn\u00fd tisk na povrch, lze jej pou\u017e\u00edt p\u0159\u00edmo jako RFID \u0161t\u00edtek nebo NFC n\u00e1lepku. Nalepen\u00ed na p\u0159edm\u011bty m\u016f\u017ee u\u0161et\u0159it n\u00e1klady a dos\u00e1hnout stejn\u00e9ho \u00fa\u010delu. Je tak\u00e9 \u0161iroce pou\u017e\u00edv\u00e1n p\u0159i v\u00fdrob\u011b RFID \u0161t\u00edtk\u016f. Ant\u00e9na mokr\u00e9 inlay je hlin\u00edkov\u00e1 leptan\u00e1, kter\u00e1 je ten\u010d\u00ed ve srovn\u00e1n\u00ed s m\u011bd\u011bnou c\u00edvkou. Tvar ant\u00e9ny m\u016f\u017ee b\u00fdt p\u0159izp\u016fsoben a p\u0159epracov\u00e1n na vy\u017e\u00e1d\u00e1n\u00ed.<\/span><\/p>\n<div><span class=\"magic-6\" style=\"font-family: Arial;\">\u00a0<\/span><\/div>\n<div data-spm-anchor-id=\"a2700.details.0.i48.6f4d7d7dnursE7\">\n<table class=\"hight-light-first-column all magic-14\">\n<tbody>\n<tr>\n<td colspan=\"1\" rowspan=\"1\">\n<div class=\"magic-15\"><b>Materi\u00e1l<\/b><\/div>\n<\/td>\n<td colspan=\"1\" rowspan=\"1\">\n<div class=\"magic-16\" data-spm-anchor-id=\"a2700.details.0.i34.21f6414cWQ4Zrf\">Pap\u00edr \/Termopap\u00edr \/ Tkanina \/ PVC \/ PET \/ Epoxid \/ Anti-Metal<\/div>\n<\/td>\n<\/tr>\n<tr>\n<td colspan=\"1\" rowspan=\"1\">\n<div class=\"magic-15\"><b>Velikost<\/b><\/div>\n<\/td>\n<td colspan=\"1\" rowspan=\"1\">\n<div class=\"magic-16\">Pr\u016fm\u011br 18 mm, Pr\u016fm\u011br 20 mm, Pr\u016fm\u011br 22 mm, Pr\u016fm\u011br 25 mm, 25 * 25 mm, 30 * 30 mm, 40 * 40 mm, 50 * 50 mm nebo p\u0159izp\u016fsoben\u00e1 velikost.<\/div>\n<\/td>\n<\/tr>\n<tr>\n<td colspan=\"1\" rowspan=\"1\">\n<div class=\"magic-15\"><b>Tisk<\/b><\/div>\n<\/td>\n<td colspan=\"1\" rowspan=\"1\">\n<div class=\"magic-16\">Nen\u00ed pot\u0159eba tisknout<\/div>\n<\/td>\n<\/tr>\n<tr>\n<td colspan=\"1\" rowspan=\"1\">\n<div class=\"magic-15\"><b>K dispozici \u010dip<\/b><\/div>\n<\/td>\n<td colspan=\"1\" rowspan=\"1\">\n<div class=\"magic-16\">MIFARE Classic\u00ae 1K; MIFARE Classic\u00ae 4K; MIFARE Ultralight\u00ae; MIFARE Ultralight\u00ae C;<\/p>\n<div>NTAG 213, Ntag215, NTAG 216 nebo p\u0159izp\u016fsoben\u00fd \u010dip.I CODE SLIX atd.<\/div>\n<\/div>\n<\/td>\n<\/tr>\n<tr>\n<td colspan=\"1\" rowspan=\"1\">\n<div class=\"magic-21\"><b>Protokol:<\/b><\/div>\n<\/td>\n<td colspan=\"4\" rowspan=\"1\">\n<div class=\"magic-22\">ISO\/IEC 14443 Typ A<\/div>\n<\/td>\n<\/tr>\n<tr>\n<td colspan=\"1\" rowspan=\"1\">\n<div class=\"magic-26\"><b>\u0158emesla:<\/b><\/div>\n<\/td>\n<td colspan=\"4\" rowspan=\"1\">\n<div class=\"magic-22\" data-spm-anchor-id=\"a2700.details.0.i33.21f6414cWQ4Zrf\">Tisk, \u010d\u00e1rov\u00fd k\u00f3d, QR k\u00f3d atd.<\/div>\n<\/td>\n<\/tr>\n<\/tbody>\n<\/table>\n<\/div>\n<\/div>\n<\/div>","protected":false},"excerpt":{"rendered":"<p>RFID HF\/NFC vlo\u017eka nebo transpond\u00e9r, typ nedokon\u010den\u00e9 sou\u010d\u00e1sti, lze p\u0159em\u011bnit na r\u016fzn\u00e9 polo\u017eky, jako jsou vstupenky, odznaky, \u0161t\u00edtky nebo karty. Sou\u010dasn\u011b mohou b\u00fdt tyto HF NFC RFID vlo\u017eky vyr\u00e1b\u011bny v \u0159ad\u011b velikost\u00ed p\u0159izp\u016fsoben\u00fdch va\u0161im specifick\u00fdm pot\u0159eb\u00e1m.<\/p>","protected":false},"featured_media":287,"template":"","meta":{"_kad_post_transparent":"default","_kad_post_title":"","_kad_post_layout":"default","_kad_post_sidebar_id":"","_kad_post_content_style":"default","_kad_post_vertical_padding":"default","_kad_post_feature":"","_kad_post_feature_position":"","_kad_post_header":false,"_kad_post_footer":false,"_kad_post_classname":""},"product_brand":[],"product_cat":[54],"product_tag":[112,111,110],"class_list":{"0":"post-285","1":"product","2":"type-product","3":"status-publish","4":"has-post-thumbnail","6":"product_cat-hot-selling-rfid-tags","7":"product_tag-13-56mhz-rfid-inlay","8":"product_tag-nfc-inlay","9":"product_tag-rfid-nfc-inlay","11":"first","12":"instock","13":"shipping-taxable","14":"product-type-simple","15":"entry","16":"content-bg","17":"loop-entry"},"_links":{"self":[{"href":"https:\/\/rfid-laundry-tag.com\/cs\/wp-json\/wp\/v2\/product\/285","targetHints":{"allow":["GET"]}}],"collection":[{"href":"https:\/\/rfid-laundry-tag.com\/cs\/wp-json\/wp\/v2\/product"}],"about":[{"href":"https:\/\/rfid-laundry-tag.com\/cs\/wp-json\/wp\/v2\/types\/product"}],"version-history":[{"count":0,"href":"https:\/\/rfid-laundry-tag.com\/cs\/wp-json\/wp\/v2\/product\/285\/revisions"}],"wp:featuredmedia":[{"embeddable":true,"href":"https:\/\/rfid-laundry-tag.com\/cs\/wp-json\/wp\/v2\/media\/287"}],"wp:attachment":[{"href":"https:\/\/rfid-laundry-tag.com\/cs\/wp-json\/wp\/v2\/media?parent=285"}],"wp:term":[{"taxonomy":"product_brand","embeddable":true,"href":"https:\/\/rfid-laundry-tag.com\/cs\/wp-json\/wp\/v2\/product_brand?post=285"},{"taxonomy":"product_cat","embeddable":true,"href":"https:\/\/rfid-laundry-tag.com\/cs\/wp-json\/wp\/v2\/product_cat?post=285"},{"taxonomy":"product_tag","embeddable":true,"href":"https:\/\/rfid-laundry-tag.com\/cs\/wp-json\/wp\/v2\/product_tag?post=285"}],"curies":[{"name":"wp","href":"https:\/\/api.w.org\/{rel}","templated":true}]}}