{"id":2843,"date":"2024-11-05T12:37:22","date_gmt":"2024-11-05T12:37:22","guid":{"rendered":"https:\/\/rfid-laundry-tag.com\/?post_type=product&#038;p=2843"},"modified":"2024-11-05T12:37:24","modified_gmt":"2024-11-05T12:37:24","slug":"rfid-keyfobs-mifare-s50-1k","status":"publish","type":"product","link":"https:\/\/rfid-laundry-tag.com\/cs\/rfid-keyfobs-mifare-s50-1k\/","title":{"rendered":"RFID kl\u00ed\u010denky Mifare S50 1K"},"content":{"rendered":"<h2>RFID kl\u00ed\u010denky Mifare S50 1K<\/h2>\n<p><span class=\"AnswerParser_TextContainer__z_Iiv\" data-testid=\"youchat-text\">V\u0161estrann\u00fd <strong>RFID kl\u00ed\u010denka<\/strong> p\u0159edstavuje dokonalou kombinaci pohodl\u00ed a bezpe\u010dnosti pro modern\u00ed syst\u00e9my kontroly p\u0159\u00edstupu. Tato kompaktn\u00ed za\u0159\u00edzen\u00ed jsou k dispozici ve frekvenc\u00edch 13,56 MHz a 125 kHz a nab\u00edzej\u00ed spolehlivou identifikaci a bezprobl\u00e9movou spr\u00e1vu p\u0159\u00edstupu pro r\u016fzn\u00e9 aplikace.<\/span><\/p>\n<p>NXP<sup>\u00ae<\/sup>\u00a0vyvinula MIFARE<sup>\u00ae<\/sup>\u00a0MF1ICS50 pro pou\u017eit\u00ed v bezkontaktn\u00ed \u010dipov\u00e9 kart\u011b podle ISO\/IEC 14443 Type-A.<\/p>\n<p>MIFARE MF1ICS50 IC se pou\u017e\u00edv\u00e1 v aplikac\u00edch, jako je prodej j\u00edzdenek na ve\u0159ejnou dopravu, kde velk\u00e1 m\u011bsta p\u0159ijala MIFARE jako sv\u00e9 \u0159e\u0161en\u00ed pro elektronick\u00e9 j\u00edzdenky.<\/p>\n<p>Inteligentn\u00ed antikolizn\u00ed funkce umo\u017e\u0148uje provoz v\u00edce ne\u017e jedn\u00e9 karty v ter\u00e9nu sou\u010dasn\u011b. Antikolizn\u00ed algoritmus vybere ka\u017edou kartu jednotliv\u011b a zajist\u00ed, \u017ee proveden\u00ed transakce s vybranou kartou prob\u011bhne spr\u00e1vn\u011b bez po\u0161kozen\u00ed dat v d\u016fsledku jin\u00fdch karet v poli.<\/p>\n<p>MF1ICS50 je navr\u017een pro jednoduchou integraci a u\u017eivatelsk\u00e9 pohodl\u00ed. Co\u017e by umo\u017enilo zpracovat kompletn\u00ed transakce ticketingu za m\u00e9n\u011b ne\u017e 100 ms. U\u017eivatel karty MF1ICS50 tak nen\u00ed nucen zastavit se u \u010dte\u010dky, co\u017e vede k vysok\u00e9 propustnosti u z\u00e1vor a zkr\u00e1cen\u00ed doby n\u00e1stupu do autobus\u016f. Karta zalo\u017een\u00e1 na produktu MIFARE m\u016f\u017ee b\u011bhem transakce tak\u00e9 z\u016fstat v pen\u011b\u017eence, i kdy\u017e jsou v n\u00ed mince.<\/p>\n<h3>Vlastnosti \u010dipu Mifare S50 1K<\/h3>\n<div id=\"featuresXsp\" class=\"features-list\">\n<div class=\"features-xsp\">\n<div class=\"collapse-mobile ste-list\">\n<h3>MIFARE, RF rozhran\u00ed (ISO\/IEC 14443 A)<\/h3>\n<ul class=\"boxes\">\n<li>Bezkontaktn\u00ed p\u0159enos dat a nap\u00e1jen\u00ed (nen\u00ed pot\u0159eba baterie)<\/li>\n<li>Provozn\u00ed vzd\u00e1lenost: a\u017e 100 mm (v z\u00e1vislosti na geometrii ant\u00e9ny)<\/li>\n<li>Pracovn\u00ed frekvence: 13,56 MHz<\/li>\n<li>P\u0159enos dat: 106 kbit\/s<\/li>\n<li>Integrita dat: 16-bitov\u00fd CRC, parita, k\u00f3dov\u00e1n\u00ed bit\u016f, po\u010d\u00edt\u00e1n\u00ed bit\u016f<\/li>\n<li>Antikolizn\u00ed<\/li>\n<li>Typick\u00e1 transakce prodeje vstupenek: &lt; 100 ms (v\u010detn\u011b spr\u00e1vy z\u00e1lohy)<\/li>\n<\/ul>\n<\/div>\n<div class=\"collapse-mobile ste-list\">\n<h3>EEPROM<\/h3>\n<ul class=\"boxes\">\n<li>1 kB \u2013 4 kB, organizovan\u00e9 v 16 sektorech po 4 bloc\u00edch po 16 bytech (jeden blok se skl\u00e1d\u00e1 z 16 bajt\u016f)<\/li>\n<li>U\u017eivatelsky definovateln\u00e9 podm\u00ednky p\u0159\u00edstupu pro ka\u017ed\u00fd blok pam\u011bti<\/li>\n<li>Uchov\u00e1v\u00e1n\u00ed dat po dobu 10 let<\/li>\n<li>Z\u00e1pis v\u00fddr\u017e 100 000 \u2013 200 000 cykl\u016f<\/li>\n<\/ul>\n<\/div>\n<div class=\"collapse-mobile ste-list\">\n<h3>Bezpe\u010dnostn\u00ed<\/h3>\n<ul class=\"boxes\">\n<li>Vz\u00e1jemn\u00e9 t\u0159\u00edpr\u016fchodov\u00e9 ov\u011b\u0159ov\u00e1n\u00ed (ISO\/IEC DIS 9798-2)<\/li>\n<li>Individu\u00e1ln\u00ed sada dvou kl\u00ed\u010d\u016f na sektor (na aplikaci) pro podporu v\u00edce aplikac\u00ed s hierarchi\u00ed kl\u00ed\u010d\u016f<\/li>\n<li>Jedine\u010dn\u00e9 s\u00e9riov\u00e9 \u010d\u00edslo pro ka\u017ed\u00e9 za\u0159\u00edzen\u00ed<\/li>\n<\/ul>\n<\/div>\n<div class=\"collapse-mobile ste-list\">\n<h3>Mo\u017enosti doru\u010den\u00ed<\/h3>\n<ul class=\"boxes\">\n<li>Zem\u0159\u00edt na oplatku<\/li>\n<li>Nara\u017een\u00e1 kostka na pl\u00e1tku<\/li>\n<li>Modul bezkontaktn\u00ed karty MOA4 nebo MOA2<\/li>\n<\/ul>\n<\/div>\n<\/div>\n<\/div>\n<h2 class=\"AnswerParser_AnswerParserH2__SIHnF\">P\u0159ehled produktu a technick\u00e9 specifikace<\/h2>\n<p><span class=\"AnswerParser_TextContainer__z_Iiv\" data-testid=\"youchat-text\">Funkce na\u0161ich RFID kl\u00ed\u010denek:<\/span><\/p>\n<ul class=\"AnswerParser_AnswerParserUnorderedList__P_1FW\">\n<li class=\"AnswerParser_ListItem__XqLOV\" translate=\"yes\">Mo\u017enosti du\u00e1ln\u00ed frekvence: 13,56 MHz<\/li>\n<li class=\"AnswerParser_ListItem__XqLOV\" translate=\"yes\">Odoln\u00e1 ABS nebo ko\u017een\u00e1 konstrukce<\/li>\n<li class=\"AnswerParser_ListItem__XqLOV\" translate=\"yes\">Kompatibiln\u00ed s hlavn\u00edmi syst\u00e9my kontroly p\u0159\u00edstupu<\/li>\n<li class=\"AnswerParser_ListItem__XqLOV\" translate=\"yes\">Programovateln\u00e9 UID<\/li>\n<li class=\"AnswerParser_ListItem__XqLOV\" translate=\"yes\">Vod\u011bodoln\u00e9 proveden\u00ed<\/li>\n<li class=\"AnswerParser_ListItem__XqLOV\" translate=\"yes\">Ochrana proti blokov\u00e1n\u00ed sign\u00e1lu<\/li>\n<\/ul>\n<h2 class=\"AnswerParser_AnswerParserH2__SIHnF\">Pokro\u010dil\u00e9 funkce zabezpe\u010den\u00ed<\/h2>\n<p><span class=\"AnswerParser_TextContainer__z_Iiv\" data-testid=\"youchat-text\">Bezpe\u010dnost je v na\u0161em designu kl\u00ed\u010denky prvo\u0159ad\u00e1:<\/span><\/p>\n<ul class=\"AnswerParser_AnswerParserUnorderedList__P_1FW\">\n<li class=\"AnswerParser_ListItem__XqLOV\" translate=\"yes\"><strong>Technologie proti klonov\u00e1n\u00ed<\/strong>: Zabra\u0148uje neopr\u00e1vn\u011bn\u00e9mu kop\u00edrov\u00e1n\u00ed<\/li>\n<li class=\"AnswerParser_ListItem__XqLOV\" translate=\"yes\"><strong>\u0160ifrovan\u00e1 komunikace<\/strong>: Zabezpe\u010den\u00fd p\u0159enos dat<\/li>\n<li class=\"AnswerParser_ListItem__XqLOV\" translate=\"yes\"><strong>Jedine\u010dn\u00fd identifik\u00e1tor<\/strong>: Ka\u017ed\u00e1 kl\u00ed\u010denka m\u00e1 odli\u0161n\u00e9 UID<\/li>\n<li class=\"AnswerParser_ListItem__XqLOV\" translate=\"yes\"><strong>Ochrana sign\u00e1lu<\/strong>: K dispozici voliteln\u00e1 technologie Faradayovy klece<\/li>\n<\/ul>\n<h2 class=\"AnswerParser_AnswerParserH2__SIHnF\">Aplikace a p\u0159\u00edpady pou\u017eit\u00ed<\/h2>\n<p><span class=\"AnswerParser_TextContainer__z_Iiv\" data-testid=\"youchat-text\">Tyto v\u0161estrann\u00e9 <strong>RFID kl\u00ed\u010denky Mifare S50 1K<\/strong> excelovat v:<\/span><\/p>\n<ul class=\"AnswerParser_AnswerParserUnorderedList__P_1FW\">\n<li class=\"AnswerParser_ListItem__XqLOV\" translate=\"yes\">Syst\u00e9my kontroly vstupu do dve\u0159\u00ed<\/li>\n<li class=\"AnswerParser_ListItem__XqLOV\" translate=\"yes\">P\u0159\u00edstup do hotelov\u00e9ho pokoje<\/li>\n<li class=\"AnswerParser_ListItem__XqLOV\" translate=\"yes\">Bezkl\u00ed\u010dov\u00fd vstup do vozidla<\/li>\n<li class=\"AnswerParser_ListItem__XqLOV\" translate=\"yes\">Sledov\u00e1n\u00ed doch\u00e1zky<\/li>\n<li class=\"AnswerParser_ListItem__XqLOV\" translate=\"yes\">Platebn\u00ed syst\u00e9my<\/li>\n<li class=\"AnswerParser_ListItem__XqLOV\" translate=\"yes\">Veden\u00ed \u010dlenstv\u00ed v klubu\/SPA<\/li>\n<li class=\"AnswerParser_ListItem__XqLOV\" translate=\"yes\">Kontrola p\u0159\u00edstupu na parkovi\u0161t\u011b<\/li>\n<\/ul>\n<h2 class=\"AnswerParser_AnswerParserH2__SIHnF\">Design a odolnost<\/h2>\n<p><span class=\"AnswerParser_TextContainer__z_Iiv\" data-testid=\"youchat-text\">Na\u0161e kl\u00ed\u010denky jsou navr\u017eeny pro dlouhou \u017eivotnost:<\/span><\/p>\n<ul class=\"AnswerParser_AnswerParserUnorderedList__P_1FW\">\n<li class=\"AnswerParser_ListItem__XqLOV\" translate=\"yes\">Pouzdro ABS odoln\u00e9 proti n\u00e1razu<\/li>\n<li class=\"AnswerParser_ListItem__XqLOV\" translate=\"yes\">V\u00fdb\u011br z pr\u00e9miov\u00e9 k\u016f\u017ee<\/li>\n<li class=\"AnswerParser_ListItem__XqLOV\" translate=\"yes\">Zes\u00edlen\u00e9 uchycen\u00ed krou\u017eku na kl\u00ed\u010de<\/li>\n<li class=\"AnswerParser_ListItem__XqLOV\" translate=\"yes\">Konstrukce odoln\u00e1 v\u016f\u010di pov\u011btrnostn\u00edm vliv\u016fm<\/li>\n<li class=\"AnswerParser_ListItem__XqLOV\" translate=\"yes\">Dostupn\u00e9 ve v\u00edce barv\u00e1ch<\/li>\n<\/ul>\n<h2 class=\"AnswerParser_AnswerParserH2__SIHnF\">Tabulka technick\u00fdch specifikac\u00ed<\/h2>\n<div class=\"AnswerParser_TableContainer__Erb6v\" data-testid=\"table-container\">\n<table>\n<thead>\n<tr>\n<th style=\"text-align: left;\">Funkce<\/th>\n<th style=\"text-align: left;\">Specifikace<\/th>\n<\/tr>\n<\/thead>\n<tbody>\n<tr>\n<td>Mo\u017enosti frekvence<\/td>\n<td>13,56 MHz<\/td>\n<\/tr>\n<tr>\n<td>P\u0159e\u010dt\u011bte si rozsah<\/td>\n<td>A\u017e 5 cm<\/td>\n<\/tr>\n<tr>\n<td>Pam\u011b\u0165<\/td>\n<td>1K (Mifare S50)<\/td>\n<\/tr>\n<tr>\n<td>Materi\u00e1l<\/td>\n<td>ABS nebo K\u016f\u017ee<\/td>\n<\/tr>\n<tr>\n<td>Velikost<\/td>\n<td>40 mm x 30 mm x 6 mm<\/td>\n<\/tr>\n<tr>\n<td>Provozn\u00ed teplota<\/td>\n<td>-20 \u00b0C a\u017e +70 \u00b0C<\/td>\n<\/tr>\n<\/tbody>\n<\/table>\n<\/div>\n<h2 class=\"AnswerParser_AnswerParserH2__SIHnF\">Mo\u017enosti p\u0159izp\u016fsoben\u00ed<\/h2>\n<p><span class=\"AnswerParser_TextContainer__z_Iiv\" data-testid=\"youchat-text\">Nab\u00edz\u00edme rozs\u00e1hl\u00e9 p\u0159izp\u016fsoben\u00ed:<\/span><\/p>\n<ul class=\"AnswerParser_AnswerParserUnorderedList__P_1FW\">\n<li class=\"AnswerParser_ListItem__XqLOV\" translate=\"yes\">Tisk loga<\/li>\n<li class=\"AnswerParser_ListItem__XqLOV\" translate=\"yes\">Vlastn\u00ed barvy<\/li>\n<li class=\"AnswerParser_ListItem__XqLOV\" translate=\"yes\">K\u00f3dov\u00e1n\u00ed s\u00e9riov\u00e9ho \u010d\u00edsla<\/li>\n<li class=\"AnswerParser_ListItem__XqLOV\" translate=\"yes\">Speci\u00e1ln\u00ed balen\u00ed<\/li>\n<li class=\"AnswerParser_ListItem__XqLOV\" translate=\"yes\">K dispozici hromadn\u00e9 mno\u017estv\u00ed<\/li>\n<\/ul>\n<h3 class=\"AnswerParser_AnswerParserH3__Mpe4s\">Kl\u00ed\u010dov\u00e9 v\u00fdhody:<\/h3>\n<ol class=\"AnswerParser_AnswerParserOrderedList__kl_2Y\">\n<li class=\"AnswerParser_ListItem__XqLOV\" translate=\"yes\"><strong>Pohodl\u00ed<\/strong>: Snadn\u00e9 p\u0159en\u00e1\u0161en\u00ed a pou\u017eit\u00ed<\/li>\n<li class=\"AnswerParser_ListItem__XqLOV\" translate=\"yes\"><strong>Trvanlivost<\/strong>: Vyrobeno tak, aby vydr\u017eelo<\/li>\n<li class=\"AnswerParser_ListItem__XqLOV\" translate=\"yes\"><strong>V\u0161estrannost<\/strong>: V\u00edce aplikac\u00ed<\/li>\n<li class=\"AnswerParser_ListItem__XqLOV\" translate=\"yes\"><strong>Bezpe\u010dnostn\u00ed<\/strong>: Pokro\u010dil\u00e9 \u0161ifrov\u00e1n\u00ed<\/li>\n<li class=\"AnswerParser_ListItem__XqLOV\" translate=\"yes\"><strong>P\u0159izp\u016fsoben\u00ed<\/strong>: Flexibiln\u00ed mo\u017enosti<\/li>\n<\/ol>\n<blockquote><p><span class=\"AnswerParser_TextContainer__z_Iiv\" data-testid=\"youchat-text\">&quot;Na\u0161e RFID kl\u00ed\u010denky poskytuj\u00ed dokonalou rovnov\u00e1hu zabezpe\u010den\u00ed a pohodl\u00ed pro modern\u00ed pot\u0159eby kontroly p\u0159\u00edstupu.&quot;<\/span><\/p><\/blockquote>\n<h2 class=\"AnswerParser_AnswerParserH2__SIHnF\">Instalace a nastaven\u00ed<\/h2>\n<p><span class=\"AnswerParser_TextContainer__z_Iiv\" data-testid=\"youchat-text\">Jednoduch\u00fd postup implementace:<\/span><\/p>\n<ol class=\"AnswerParser_AnswerParserOrderedList__kl_2Y\">\n<li class=\"AnswerParser_ListItem__XqLOV\" translate=\"yes\">Vyberte typ frekvence<\/li>\n<li class=\"AnswerParser_ListItem__XqLOV\" translate=\"yes\">Jedine\u010dn\u00e9 identifik\u00e1tory programu<\/li>\n<li class=\"AnswerParser_ListItem__XqLOV\" translate=\"yes\">Zaregistrujte se v syst\u00e9mu kontroly p\u0159\u00edstupu<\/li>\n<li class=\"AnswerParser_ListItem__XqLOV\" translate=\"yes\">Test funk\u010dnosti<\/li>\n<li class=\"AnswerParser_ListItem__XqLOV\" translate=\"yes\">Nasadit u\u017eivatel\u016fm<\/li>\n<\/ol>\n<h2 class=\"AnswerParser_AnswerParserH2__SIHnF\">Informace pro objedn\u00e1n\u00ed<\/h2>\n<ul class=\"AnswerParser_AnswerParserUnorderedList__P_1FW\">\n<li class=\"AnswerParser_ListItem__XqLOV\" translate=\"yes\">Minim\u00e1ln\u00ed objedn\u00e1vka: 200 kus\u016f<\/li>\n<li class=\"AnswerParser_ListItem__XqLOV\" translate=\"yes\">Mo\u017enost mno\u017estevn\u00edch slev<\/li>\n<li class=\"AnswerParser_ListItem__XqLOV\" translate=\"yes\">Vzorov\u00e9 objedn\u00e1vky v\u00edt\u00e1ny<\/li>\n<li class=\"AnswerParser_ListItem__XqLOV\" translate=\"yes\">Rychl\u00e9 dodac\u00ed lh\u016fty<\/li>\n<li class=\"AnswerParser_ListItem__XqLOV\" translate=\"yes\">Technick\u00e1 podpora v cen\u011b<\/li>\n<\/ul>\n<p><span class=\"AnswerParser_TextContainer__z_Iiv\" data-testid=\"youchat-text\">Kontaktujte n\u00e1s je\u0161t\u011b dnes pro ceny a prodiskutujte, jak mohou na\u0161e RFID kl\u00ed\u010denky vylep\u0161it v\u00e1\u0161 syst\u00e9m kontroly p\u0159\u00edstupu. Zak\u00e1zkov\u00e1 \u0159e\u0161en\u00ed a objemov\u00e9 ceny dostupn\u00e9 na vy\u017e\u00e1d\u00e1n\u00ed.<\/span><\/p>","protected":false},"excerpt":{"rendered":"<p>RFID kl\u00ed\u010denky Mifare S50 1K, na\u0161e <strong>RFID kl\u00ed\u010denky<\/strong> nab\u00edz\u00ed mo\u017enosti du\u00e1ln\u00ed frekvence (13,56 MHz\/125 kHz), odoln\u00fd design, programovateln\u00e9 UID a pokro\u010dil\u00e9 bezpe\u010dnostn\u00ed funkce, jako je anti-klonov\u00e1n\u00ed a \u0161ifrovan\u00e1 komunikace.<\/p>","protected":false},"featured_media":2844,"template":"","meta":{"_kad_post_transparent":"default","_kad_post_title":"","_kad_post_layout":"default","_kad_post_sidebar_id":"","_kad_post_content_style":"default","_kad_post_vertical_padding":"default","_kad_post_feature":"","_kad_post_feature_position":"","_kad_post_header":false,"_kad_post_footer":false,"_kad_post_classname":""},"product_brand":[],"product_cat":[54],"product_tag":[347,346,344,345,343],"class_list":{"0":"post-2843","1":"product","2":"type-product","3":"status-publish","4":"has-post-thumbnail","6":"product_cat-hot-selling-rfid-tags","7":"product_tag-mifare-key-fobs","8":"product_tag-nfc-key-tag","9":"product_tag-nfc-keychain","10":"product_tag-rfid-fob","11":"product_tag-rfid-keyfobs","13":"first","14":"instock","15":"shipping-taxable","16":"product-type-simple","17":"entry","18":"content-bg","19":"loop-entry"},"_links":{"self":[{"href":"https:\/\/rfid-laundry-tag.com\/cs\/wp-json\/wp\/v2\/product\/2843","targetHints":{"allow":["GET"]}}],"collection":[{"href":"https:\/\/rfid-laundry-tag.com\/cs\/wp-json\/wp\/v2\/product"}],"about":[{"href":"https:\/\/rfid-laundry-tag.com\/cs\/wp-json\/wp\/v2\/types\/product"}],"version-history":[{"count":2,"href":"https:\/\/rfid-laundry-tag.com\/cs\/wp-json\/wp\/v2\/product\/2843\/revisions"}],"predecessor-version":[{"id":2849,"href":"https:\/\/rfid-laundry-tag.com\/cs\/wp-json\/wp\/v2\/product\/2843\/revisions\/2849"}],"wp:featuredmedia":[{"embeddable":true,"href":"https:\/\/rfid-laundry-tag.com\/cs\/wp-json\/wp\/v2\/media\/2844"}],"wp:attachment":[{"href":"https:\/\/rfid-laundry-tag.com\/cs\/wp-json\/wp\/v2\/media?parent=2843"}],"wp:term":[{"taxonomy":"product_brand","embeddable":true,"href":"https:\/\/rfid-laundry-tag.com\/cs\/wp-json\/wp\/v2\/product_brand?post=2843"},{"taxonomy":"product_cat","embeddable":true,"href":"https:\/\/rfid-laundry-tag.com\/cs\/wp-json\/wp\/v2\/product_cat?post=2843"},{"taxonomy":"product_tag","embeddable":true,"href":"https:\/\/rfid-laundry-tag.com\/cs\/wp-json\/wp\/v2\/product_tag?post=2843"}],"curies":[{"name":"wp","href":"https:\/\/api.w.org\/{rel}","templated":true}]}}