{"id":2830,"date":"2024-11-04T15:27:11","date_gmt":"2024-11-04T15:27:11","guid":{"rendered":"https:\/\/rfid-laundry-tag.com\/?post_type=product&#038;p=2830"},"modified":"2024-11-04T15:36:34","modified_gmt":"2024-11-04T15:36:34","slug":"washable-laundry-rfid-tags-manufacturer","status":"publish","type":"product","link":"https:\/\/rfid-laundry-tag.com\/cs\/washable-laundry-rfid-tags-manufacturer\/","title":{"rendered":"V\u00fdrobce omyvateln\u00fdch \u0161t\u00edtk\u016f RFID"},"content":{"rendered":"<div>\n<div class=\"auto-hide-last-sibling-br paragraph_1252f paragraph-element\">\n<h1 class=\"AnswerParser_AnswerParserH1__6UNv6\">V\u00fdrobce omyvateln\u00fdch \u0161t\u00edtk\u016f RFID<\/h1>\n<h1 class=\"AnswerParser_AnswerParserH1__6UNv6\">Omyvateln\u00e9 pr\u00e1deln\u00ed \u0161t\u00edtky RFID<\/h1>\n<table width=\"637\">\n<tbody>\n<tr>\n<td width=\"328\">N\u00e1zev polo\u017eky:<\/td>\n<td width=\"309\">Omyvateln\u00e9 pr\u00e1deln\u00ed \u0161t\u00edtky RFID<\/td>\n<\/tr>\n<tr>\n<td width=\"328\">RFID standard:<\/td>\n<td width=\"309\">ISO\/IEC 18000-6 TypeC (EPC Gen2)<\/td>\n<\/tr>\n<tr>\n<td width=\"328\">Velikost a hmotnost:<\/td>\n<td width=\"309\">70\u00d715 mm, 0,6g<\/td>\n<\/tr>\n<tr>\n<td width=\"328\">Typ \u010dipu:<\/td>\n<td width=\"309\">Impinj Monza 4QT, NXP U CODE 8, NXP U CODE 9<\/td>\n<\/tr>\n<tr>\n<td width=\"328\">Pam\u011b\u0165 EPC:<\/td>\n<td width=\"309\">128 bit\u016f<\/td>\n<\/tr>\n<tr>\n<td width=\"328\">U\u017eivatelsk\u00e1 pam\u011b\u0165:<\/td>\n<td width=\"309\">512 bit\u016f<\/td>\n<\/tr>\n<tr>\n<td width=\"328\">Rozsah \u010dten\u00ed (2W ERP FCC):<\/td>\n<td width=\"309\">8m<\/td>\n<\/tr>\n<tr>\n<td width=\"328\">Rozsah \u010dten\u00ed (2W ERP ETSI):<\/td>\n<td width=\"309\">8m<\/td>\n<\/tr>\n<tr>\n<td width=\"328\">Ozna\u010dov\u00e1n\u00ed:<\/td>\n<td width=\"309\">\u0160it\u00ed, lepidlo pro ra\u017een\u00ed za tepla<\/td>\n<\/tr>\n<tr>\n<td width=\"328\">Odhadovan\u00e1 \u017eivotnost:<\/td>\n<td width=\"309\">200 myc\u00edch cykl\u016f nebo 3 roky, podle toho, co nastane d\u0159\u00edve<\/td>\n<\/tr>\n<tr>\n<td width=\"328\">Zp\u016fsob pran\u00ed:<\/td>\n<td width=\"309\">Pr\u00e1delna, Chemick\u00e9 \u010di\u0161t\u011bn\u00ed<\/td>\n<\/tr>\n<tr>\n<td width=\"328\">Tlak ods\u00e1v\u00e1n\u00ed vody:<\/td>\n<td width=\"309\">60 bar<\/td>\n<\/tr>\n<tr>\n<td width=\"328\">Vod\u011bodolnost:<\/td>\n<td width=\"309\">Vod\u011bodoln\u00fd<\/td>\n<\/tr>\n<tr>\n<td width=\"328\">Chemick\u00e1 odolnost:<\/td>\n<td width=\"309\">Prac\u00ed prost\u0159edek, aviv\u00e1\u017e, b\u011blidlo (kysl\u00edk\/chl\u00f3r), alk\u00e1lie<\/td>\n<\/tr>\n<tr>\n<td width=\"328\">P\u0159edsu\u0161en\u00ed v bubnu:<\/td>\n<td width=\"309\">125 \u00baC po dobu 15-20 minut<\/td>\n<\/tr>\n<tr>\n<td width=\"328\">Teplota sterilizace:<\/td>\n<td width=\"309\">135\u00b0C po dobu 15-20 minut<\/td>\n<\/tr>\n<tr>\n<td width=\"328\">Teplota pran\u00ed:<\/td>\n<td width=\"309\">90\u00b0C, a\u017e 15 min.<\/td>\n<\/tr>\n<tr>\n<td width=\"328\">Provozn\u00ed vlhkost \/ teplota:<\/td>\n<td width=\"309\">-20 a\u017e 110 \u00b0C, 8 a\u017e 951 TP3TRH<\/td>\n<\/tr>\n<tr>\n<td width=\"328\">Skladov\u00e1n\u00ed vlhkosti\/teploty:<\/td>\n<td width=\"309\">-40 a\u017e 110 \u00b0C, 8 a\u017e 95%RH<\/td>\n<\/tr>\n<\/tbody>\n<\/table>\n<\/div>\n<div class=\"auto-hide-last-sibling-br paragraph_1252f paragraph-element\"><\/div>\n<\/div>\n<div class=\"auto-hide-last-sibling-br paragraph_1252f paragraph-element\">\n<div data-spm-anchor-id=\"a2700.details.0.i57.23b419c7xXORP0\"><span class=\"AnswerParser_TextContainer__z_Iiv\" data-testid=\"youchat-text\"><strong>Prateln\u00e9 \u0161t\u00edtky RFID na pr\u00e1dlo<\/strong>\u00a0p\u0159evratn\u011b m\u011bn\u00ed zp\u016fsob, jak\u00fdm tyto organizace sleduj\u00ed a spravuj\u00ed sv\u00e9 pr\u00e1dlo, uniformy a dal\u0161\u00ed od\u011bvy. Jako p\u0159edn\u00ed v\u00fdrobce t\u011bchto inovativn\u00edch \u0161t\u00edtk\u016f poskytujeme vysoce kvalitn\u00ed, odoln\u00e1 a spolehliv\u00e1 \u0159e\u0161en\u00ed, kter\u00e1 zvy\u0161uj\u00ed provozn\u00ed efektivitu a sni\u017euj\u00ed n\u00e1klady.<\/span><span class=\"AnswerParser_TextContainer__z_Iiv\" data-testid=\"youchat-text\">N\u00e1\u0161\u00a0<strong>vod\u011bodoln\u00e9 omyvateln\u00e9 RFID \u0161t\u00edtky na pr\u00e1dlo<\/strong> jsou navr\u017eeny tak, aby vydr\u017eely n\u00e1ro\u010dn\u00e9 procesy pr\u016fmyslov\u00e9ho pran\u00ed a zajistily, \u017ee va\u0161e syst\u00e9my sledov\u00e1n\u00ed a \u0159\u00edzen\u00ed z\u016fstanou \u00fa\u010dinn\u00e9 i po n\u011bkolika prac\u00edch cyklech. S \u017eivotnost\u00ed a\u017e 200 pran\u00ed nebo t\u0159i roky jsou tyto \u0161t\u00edtky chytrou investic\u00ed pro jak\u00fdkoli provoz pr\u00e1delny.<\/span><\/div>\n<\/div>\n<div data-spm-anchor-id=\"a2700.details.0.i57.23b419c7xXORP0\"><\/div>\n<div class=\"auto-hide-last-sibling-br paragraph_1252f paragraph-element\">\n<h2 class=\"AnswerParser_AnswerParserH2__SIHnF\">P\u0159ehled produktu<\/h2>\n<h3 class=\"AnswerParser_AnswerParserH3__Mpe4s\">1. Co jsou omyvateln\u00e9 \u0161t\u00edtky RFID?<\/h3>\n<p><span class=\"AnswerParser_TextContainer__z_Iiv\" data-testid=\"youchat-text\">Omyvateln\u00e9 pr\u00e1deln\u00ed \u0161t\u00edtky RFID jsou specializovan\u00e9 \u0161t\u00edtky ur\u010den\u00e9 pro sledov\u00e1n\u00ed textili\u00ed v pr\u00e1deln\u00e1ch. Vyu\u017e\u00edvaj\u00ed technologii RFID k p\u0159enosu dat do \u010dte\u010dek RFID, co\u017e umo\u017e\u0148uje automatick\u00e9 sledov\u00e1n\u00ed a spr\u00e1vu pr\u00e1dla. Tyto \u0161t\u00edtky jsou nezbytn\u00e9 pro pr\u016fmyslov\u00e1 odv\u011btv\u00ed, kter\u00e1 vy\u017eaduj\u00ed p\u0159esnou kontrolu z\u00e1sob a efektivn\u00ed spr\u00e1vu od\u011bv\u016f.<\/span><\/p>\n<h3 class=\"AnswerParser_AnswerParserH3__Mpe4s\">2. Kl\u00ed\u010dov\u00e9 vlastnosti na\u0161ich omyvateln\u00fdch \u0161t\u00edtk\u016f RFID<\/h3>\n<p><span class=\"AnswerParser_TextContainer__z_Iiv\" data-testid=\"youchat-text\">Na\u0161e etikety na pr\u00e1dlo RFID p\u0159ich\u00e1zej\u00ed s n\u011bkolika funkcemi, d\u00edky kter\u00fdm jsou ide\u00e1ln\u00ed pro r\u016fzn\u00e9 aplikace pran\u00ed. Jsou vyrobeny z odoln\u00fdch materi\u00e1l\u016f, kter\u00e9 odol\u00e1vaj\u00ed vysok\u00fdm teplot\u00e1m a agresivn\u00edm chemik\u00e1li\u00edm, zaji\u0161\u0165uj\u00ed dlouhou \u017eivotnost a spolehlivost. \u0160t\u00edtky jsou tak\u00e9 navr\u017eeny tak, aby je bylo mo\u017en\u00e9 p\u0159i\u0161\u00edt nebo nalepit na od\u011bvy, co\u017e poskytuje flexibilitu v tom, jak je lze pou\u017e\u00edt.<\/span><\/p>\n<h3 class=\"AnswerParser_AnswerParserH3__Mpe4s\">3. V\u00fdhody pou\u017e\u00edv\u00e1n\u00ed omyvateln\u00fdch \u0161t\u00edtk\u016f RFID<\/h3>\n<p><span class=\"AnswerParser_TextContainer__z_Iiv\" data-testid=\"youchat-text\">Implementace \u0161t\u00edtk\u016f na pr\u00e1dlo RFID ve va\u0161ich provozech m\u016f\u017ee v\u00e9st k v\u00fdznamn\u00fdm v\u00fdhod\u00e1m, v\u010detn\u011b lep\u0161\u00ed p\u0159esnosti invent\u00e1\u0159e, sn\u00ed\u017een\u00ed n\u00e1klad\u016f na pracovn\u00ed s\u00edlu a vy\u0161\u0161\u00ed bezpe\u010dnosti. Automatizac\u00ed procesu sledov\u00e1n\u00ed mohou podniky zefektivnit spr\u00e1vu pr\u00e1delny a zam\u011b\u0159it se na poskytov\u00e1n\u00ed lep\u0161\u00edch slu\u017eeb sv\u00fdm z\u00e1kazn\u00edk\u016fm.<\/span><\/p>\n<h3 class=\"AnswerParser_AnswerParserH3__Mpe4s\">4. Technick\u00e9 specifikace<\/h3>\n<p><span class=\"AnswerParser_TextContainer__z_Iiv\" data-testid=\"youchat-text\">Na\u0161e vod\u011bodoln\u00e9 omyvateln\u00e9 \u0161t\u00edtky na pr\u00e1dlo RFID spl\u0148uj\u00ed normu ISO\/IEC 18000-6 Type C (EPC Gen2). Zde jsou n\u011bkter\u00e9 kl\u00ed\u010dov\u00e9 specifikace:<\/span><\/p>\n<ul class=\"AnswerParser_AnswerParserUnorderedList__P_1FW\">\n<li class=\"AnswerParser_ListItem__XqLOV\" translate=\"yes\"><strong>Velikost &amp; Hmotnost<\/strong>: 70\u00d715 mm, 0,6g<\/li>\n<li class=\"AnswerParser_ListItem__XqLOV\" translate=\"yes\"><strong>Typ \u010dipu<\/strong>: Impinj Monza 4QT, NXP U CODE 8, NXP U CODE 9<\/li>\n<li class=\"AnswerParser_ListItem__XqLOV\" translate=\"yes\"><strong>Pam\u011b\u0165 EPC<\/strong>: 128 bit\u016f<\/li>\n<li class=\"AnswerParser_ListItem__XqLOV\" translate=\"yes\"><strong>U\u017eivatelsk\u00e1 pam\u011b\u0165<\/strong>: 512 bit\u016f<\/li>\n<li class=\"AnswerParser_ListItem__XqLOV\" translate=\"yes\"><strong>P\u0159e\u010dt\u011bte si rozsah<\/strong>: A\u017e 8 metr\u016f<\/li>\n<li class=\"AnswerParser_ListItem__XqLOV\" translate=\"yes\"><strong>Odhadovan\u00e1 \u017eivotnost<\/strong>: 200 myc\u00edch cykl\u016f nebo 3 roky<\/li>\n<\/ul>\n<h3 class=\"AnswerParser_AnswerParserH3__Mpe4s\">5. N\u00e1vod k pou\u017eit\u00ed<\/h3>\n<p><span class=\"AnswerParser_TextContainer__z_Iiv\" data-testid=\"youchat-text\">Chcete-li zajistit optim\u00e1ln\u00ed v\u00fdkon va\u0161ich omyvateln\u00fdch prac\u00edch \u0161t\u00edtk\u016f RFID, postupujte podle t\u011bchto pokyn\u016f:<\/span><\/p>\n<ul class=\"AnswerParser_AnswerParserUnorderedList__P_1FW\">\n<li class=\"AnswerParser_ListItem__XqLOV\" translate=\"yes\"><strong>Ozna\u010dov\u00e1n\u00ed<\/strong>: \u0160t\u00edtky lze v\u0161\u00edt do od\u011bv\u016f nebo p\u0159ipevnit pomoc\u00ed lepidla pro ra\u017een\u00ed za tepla.<\/li>\n<li class=\"AnswerParser_ListItem__XqLOV\" translate=\"yes\"><strong>Myt\u00ed<\/strong>: Vhodn\u00e9 pro pran\u00ed a chemick\u00e9 \u010di\u0161t\u011bn\u00ed.<\/li>\n<li class=\"AnswerParser_ListItem__XqLOV\" translate=\"yes\"><strong>Vod\u011bodolnost<\/strong>: Navr\u017eeno tak, aby vydr\u017eelo extrak\u010dn\u00ed tlak vody a\u017e 60 bar\u016f.<\/li>\n<\/ul>\n<h3 class=\"AnswerParser_AnswerParserH3__Mpe4s\">6. Vliv na \u017eivotn\u00ed prost\u0159ed\u00ed<\/h3>\n<p><span class=\"AnswerParser_TextContainer__z_Iiv\" data-testid=\"youchat-text\">Na\u0161e etikety na pr\u00e1dlo RFID jsou navr\u017eeny s ohledem na udr\u017eitelnost. Jsou vyrobeny z materi\u00e1l\u016f, kter\u00e9 jsou odoln\u00e9 v\u016f\u010di b\u011b\u017en\u00fdm prac\u00edm chemik\u00e1li\u00edm, co\u017e sni\u017euje nutnost \u010dast\u00e9 v\u00fdm\u011bny. To nejen sni\u017euje mno\u017estv\u00ed odpadu, ale tak\u00e9 p\u0159isp\u00edv\u00e1 k udr\u017eiteln\u011bj\u0161\u00edmu provozu pr\u00e1delny.<\/span><\/p>\n<h3 class=\"AnswerParser_AnswerParserH3__Mpe4s\">7. Z\u00e1kaznick\u00e9 recenze<\/h3>\n<p><span class=\"AnswerParser_TextContainer__z_Iiv\" data-testid=\"youchat-text\">Na\u0161i z\u00e1kazn\u00edci neust\u00e1le chv\u00e1l\u00ed na\u0161e prateln\u00e9 \u0161t\u00edtky na pr\u00e1dlo RFID pro jejich odolnost a \u00fa\u010dinnost. Mnoz\u00ed hl\u00e1sili v\u00fdznamn\u00e1 zlep\u0161en\u00ed v procesech \u0159\u00edzen\u00ed pran\u00ed pr\u00e1dla, jako d\u016fvod sn\u00ed\u017een\u00ed ztr\u00e1t a zv\u00fd\u0161en\u00ed \u00fa\u010dinnosti. Zde je to, co \u0159ekl jeden z na\u0161ich klient\u016f:<\/span><\/p>\n<blockquote><p><span class=\"AnswerParser_TextContainer__z_Iiv\" data-testid=\"youchat-text\">\u201eOd t\u00e9 doby, co jsme za\u010dali pou\u017e\u00edvat tyto RFID \u0161t\u00edtky, se na\u0161e p\u0159esnost invent\u00e1\u0159e dramaticky zlep\u0161ila. Nyn\u00ed m\u016f\u017eeme snadno sledovat ka\u017ed\u00fd od\u011bv!\u201c<\/span><\/p><\/blockquote>\n<h3 class=\"AnswerParser_AnswerParserH3__Mpe4s\">8. Nej\u010dast\u011bj\u0161\u00ed dotazy<\/h3>\n<p><span class=\"AnswerParser_TextContainer__z_Iiv\" data-testid=\"youchat-text\"><strong>Ot\u00e1zka: Jak dlouho vydr\u017e\u00ed \u0161t\u00edtky na pr\u00e1dlo RFID?<\/strong><br \/>\nOdpov\u011b\u010f: Na\u0161e \u0161t\u00edtky jsou navr\u017eeny tak, aby vydr\u017eely a\u017e 200 myc\u00edch cykl\u016f nebo t\u0159i roky, podle toho, co nastane d\u0159\u00edve.<\/span><\/p>\n<p><span class=\"AnswerParser_TextContainer__z_Iiv\" data-testid=\"youchat-text\"><strong>Ot\u00e1zka: Vydr\u017e\u00ed tyto \u0161t\u00edtky vysok\u00e9 teploty?<\/strong><br \/>\nOdpov\u011b\u010f: Ano, na\u0161e etikety na pr\u00e1dlo RFID vydr\u017e\u00ed vysok\u00e9 teploty b\u011bhem proces\u016f pran\u00ed a su\u0161en\u00ed.<\/span><\/p>\n<p><span class=\"AnswerParser_TextContainer__z_Iiv\" data-testid=\"youchat-text\"><strong>Ot\u00e1zka: Jak si mohu objednat tyto \u0161t\u00edtky?<\/strong><br \/>\nOdpov\u011b\u010f: Vypl\u0148te pros\u00edm n\u00ed\u017ee uveden\u00fd popt\u00e1vkov\u00fd formul\u00e1\u0159 a dejte n\u00e1m v\u011bd\u011bt, jak\u00fd typ RFID \u010dte\u010dky nebo nastaven\u00ed ant\u00e9ny pot\u0159ebujete.<\/span><\/p>\n<h3 class=\"AnswerParser_AnswerParserH3__Mpe4s\">9. Souvisej\u00edc\u00ed produkty<\/h3>\n<p><span class=\"AnswerParser_TextContainer__z_Iiv\" data-testid=\"youchat-text\">Krom\u011b na\u0161ich omyvateln\u00fdch \u0161t\u00edtk\u016f na pr\u00e1dlo RFID nab\u00edz\u00edme \u0159adu souvisej\u00edc\u00edch produkt\u016f, v\u010detn\u011b \u010dte\u010dek RFID a ant\u00e9n, kter\u00e9 dopln\u00ed v\u00e1\u0161 syst\u00e9m spr\u00e1vy pr\u00e1dla. Na\u0161e \u0159e\u0161en\u00ed jsou navr\u017eena tak, aby bezprobl\u00e9mov\u011b spolupracovala a poskytovala v\u00e1m komplexn\u00ed syst\u00e9m sledov\u00e1n\u00ed a spr\u00e1vy.<\/span><\/p>\n<h3 class=\"AnswerParser_AnswerParserH3__Mpe4s\">10. Kontaktujte n\u00e1s<\/h3>\n<p><span class=\"AnswerParser_TextContainer__z_Iiv\" data-testid=\"youchat-text\">Pro v\u00edce informac\u00ed o na\u0161ich prateln\u00fdch prateln\u00fdch RFID \u0161t\u00edtc\u00edch nebo pro projedn\u00e1n\u00ed va\u0161ich specifick\u00fdch pot\u0159eb, pros\u00edm\u00a0<strong>kontaktujte n\u00e1s<\/strong>. N\u00e1\u0161 t\u00fdm je p\u0159ipraven v\u00e1m pomoci p\u0159i hled\u00e1n\u00ed nejlep\u0161\u00edch \u0159e\u0161en\u00ed pro va\u0161e pr\u00e1delny.<\/span><\/p>\n<hr \/>\n<p><span class=\"AnswerParser_TextContainer__z_Iiv\" data-testid=\"youchat-text\">V\u00fdb\u011brem na\u0161eho\u00a0<strong>prateln\u00e9 pr\u00e1dlo RFID tagy<\/strong>, investujete do \u0159e\u0161en\u00ed, kter\u00e9 nejen zv\u00fd\u0161\u00ed va\u0161i provozn\u00ed efektivitu, ale tak\u00e9 p\u0159isp\u011bje k udr\u017eiteln\u011bj\u0161\u00ed budoucnosti. S na\u0161\u00edm z\u00e1vazkem ke kvalit\u011b a spokojenosti z\u00e1kazn\u00edk\u016f n\u00e1m m\u016f\u017eete d\u016fv\u011b\u0159ovat, \u017ee v\u00e1m poskytneme nejlep\u0161\u00ed \u0159e\u0161en\u00ed RFID pro va\u0161e pot\u0159eby v oblasti spr\u00e1vy pr\u00e1dla. Nev\u00e1hejte a zjist\u011bte, jak na\u0161e produkty mohou dnes zm\u011bnit va\u0161e pr\u00e1delny!<\/span><\/p>\n<p>&nbsp;<\/p>\n<\/div>\n<div class=\"auto-hide-last-sibling-br paragraph_1252f paragraph-element\"><\/div>","protected":false},"excerpt":{"rendered":"<p>Objevte na\u0161e <strong>Omyvateln\u00e9 \u0161t\u00edtky na pr\u00e1dlo RFID<\/strong>! Perfektn\u00ed pro sledov\u00e1n\u00ed pr\u00e1dla a uniforem, odoln\u00fd, vod\u011bodoln\u00fd a navr\u017een\u00fd pro bezprobl\u00e9movou spr\u00e1vu pr\u00e1dla.<\/p>","protected":false},"featured_media":2825,"template":"","meta":{"_kad_post_transparent":"default","_kad_post_title":"","_kad_post_layout":"default","_kad_post_sidebar_id":"","_kad_post_content_style":"default","_kad_post_vertical_padding":"default","_kad_post_feature":"","_kad_post_feature_position":"","_kad_post_header":false,"_kad_post_footer":false,"_kad_post_classname":""},"product_brand":[],"product_cat":[16],"product_tag":[340,31,65,30,341],"class_list":{"0":"post-2830","1":"product","2":"type-product","3":"status-publish","4":"has-post-thumbnail","6":"product_cat-uhf-rfid-laundry-tags","7":"product_tag-rfid-chips","8":"product_tag-rfid-tag-for-linen-laundry","9":"product_tag-textile-rfid-laundry-tags","10":"product_tag-uhf-rfid-laundry-tag","11":"product_tag-washable-laundry-rfid-tags-manufacturer","13":"first","14":"instock","15":"featured","16":"shipping-taxable","17":"product-type-simple","18":"entry","19":"content-bg","20":"loop-entry"},"_links":{"self":[{"href":"https:\/\/rfid-laundry-tag.com\/cs\/wp-json\/wp\/v2\/product\/2830","targetHints":{"allow":["GET"]}}],"collection":[{"href":"https:\/\/rfid-laundry-tag.com\/cs\/wp-json\/wp\/v2\/product"}],"about":[{"href":"https:\/\/rfid-laundry-tag.com\/cs\/wp-json\/wp\/v2\/types\/product"}],"version-history":[{"count":2,"href":"https:\/\/rfid-laundry-tag.com\/cs\/wp-json\/wp\/v2\/product\/2830\/revisions"}],"predecessor-version":[{"id":2832,"href":"https:\/\/rfid-laundry-tag.com\/cs\/wp-json\/wp\/v2\/product\/2830\/revisions\/2832"}],"wp:featuredmedia":[{"embeddable":true,"href":"https:\/\/rfid-laundry-tag.com\/cs\/wp-json\/wp\/v2\/media\/2825"}],"wp:attachment":[{"href":"https:\/\/rfid-laundry-tag.com\/cs\/wp-json\/wp\/v2\/media?parent=2830"}],"wp:term":[{"taxonomy":"product_brand","embeddable":true,"href":"https:\/\/rfid-laundry-tag.com\/cs\/wp-json\/wp\/v2\/product_brand?post=2830"},{"taxonomy":"product_cat","embeddable":true,"href":"https:\/\/rfid-laundry-tag.com\/cs\/wp-json\/wp\/v2\/product_cat?post=2830"},{"taxonomy":"product_tag","embeddable":true,"href":"https:\/\/rfid-laundry-tag.com\/cs\/wp-json\/wp\/v2\/product_tag?post=2830"}],"curies":[{"name":"wp","href":"https:\/\/api.w.org\/{rel}","templated":true}]}}