{"id":2822,"date":"2024-11-04T14:49:24","date_gmt":"2024-11-04T14:49:24","guid":{"rendered":"https:\/\/rfid-laundry-tag.com\/?post_type=product&#038;p=2822"},"modified":"2024-11-04T15:12:28","modified_gmt":"2024-11-04T15:12:28","slug":"waterproof-washable-rfid-laundry-tag","status":"publish","type":"product","link":"https:\/\/rfid-laundry-tag.com\/cs\/waterproof-washable-rfid-laundry-tag\/","title":{"rendered":"Vodot\u011bsn\u00fd omyvateln\u00fd RFID \u0161t\u00edtek na pr\u00e1dlo"},"content":{"rendered":"<div>\n<div class=\"auto-hide-last-sibling-br paragraph_1252f paragraph-element\">\n<h2>Vodot\u011bsn\u00fd omyvateln\u00fd RFID \u0161t\u00edtek na pr\u00e1dlo<\/h2>\n<table width=\"637\">\n<tbody>\n<tr>\n<td width=\"328\">N\u00e1zev polo\u017eky:<\/td>\n<td width=\"309\">Vodot\u011bsn\u00fd omyvateln\u00fd RFID \u0161t\u00edtek na pr\u00e1dlo<\/td>\n<\/tr>\n<tr>\n<td width=\"328\">RFID standard:<\/td>\n<td width=\"309\">ISO\/IEC 18000-6 TypeC (EPC Gen2)<\/td>\n<\/tr>\n<tr>\n<td width=\"328\">Velikost a hmotnost:<\/td>\n<td width=\"309\">70\u00d715 mm, 0,6g<\/td>\n<\/tr>\n<tr>\n<td width=\"328\">Typ \u010dipu:<\/td>\n<td width=\"309\">Impinj Monza 4QT, NXP U CODE 8, NXP U CODE 9<\/td>\n<\/tr>\n<tr>\n<td width=\"328\">Pam\u011b\u0165 EPC:<\/td>\n<td width=\"309\">128 bit\u016f<\/td>\n<\/tr>\n<tr>\n<td width=\"328\">U\u017eivatelsk\u00e1 pam\u011b\u0165:<\/td>\n<td width=\"309\">512 bit\u016f<\/td>\n<\/tr>\n<tr>\n<td width=\"328\">Rozsah \u010dten\u00ed (2W ERP FCC):<\/td>\n<td width=\"309\">8m<\/td>\n<\/tr>\n<tr>\n<td width=\"328\">Rozsah \u010dten\u00ed (2W ERP ETSI):<\/td>\n<td width=\"309\">8m<\/td>\n<\/tr>\n<tr>\n<td width=\"328\">Ozna\u010dov\u00e1n\u00ed:<\/td>\n<td width=\"309\">\u0160it\u00ed, lepidlo pro ra\u017een\u00ed za tepla<\/td>\n<\/tr>\n<tr>\n<td width=\"328\">Odhadovan\u00e1 \u017eivotnost:<\/td>\n<td width=\"309\">200 myc\u00edch cykl\u016f nebo 3 roky, podle toho, co nastane d\u0159\u00edve<\/td>\n<\/tr>\n<tr>\n<td width=\"328\">Zp\u016fsob pran\u00ed:<\/td>\n<td width=\"309\">Pr\u00e1delna, Chemick\u00e9 \u010di\u0161t\u011bn\u00ed<\/td>\n<\/tr>\n<tr>\n<td width=\"328\">Tlak ods\u00e1v\u00e1n\u00ed vody:<\/td>\n<td width=\"309\">60 bar<\/td>\n<\/tr>\n<tr>\n<td width=\"328\">Vod\u011bodolnost:<\/td>\n<td width=\"309\">Vod\u011bodoln\u00fd<\/td>\n<\/tr>\n<tr>\n<td width=\"328\">Chemick\u00e1 odolnost:<\/td>\n<td width=\"309\">Prac\u00ed prost\u0159edek, aviv\u00e1\u017e, b\u011blidlo (kysl\u00edk\/chl\u00f3r), alk\u00e1lie<\/td>\n<\/tr>\n<tr>\n<td width=\"328\">P\u0159edsu\u0161en\u00ed v bubnu:<\/td>\n<td width=\"309\">125 \u00baC po dobu 15-20 minut<\/td>\n<\/tr>\n<tr>\n<td width=\"328\">Teplota sterilizace:<\/td>\n<td width=\"309\">135\u00b0C po dobu 15-20 minut<\/td>\n<\/tr>\n<tr>\n<td width=\"328\">Teplota pran\u00ed:<\/td>\n<td width=\"309\">90\u00b0C, a\u017e 15 min.<\/td>\n<\/tr>\n<tr>\n<td width=\"328\">Provozn\u00ed vlhkost \/ teplota:<\/td>\n<td width=\"309\">-20 a\u017e 110 \u00b0C, 8 a\u017e 951 TP3TRH<\/td>\n<\/tr>\n<tr>\n<td width=\"328\">Skladov\u00e1n\u00ed vlhkosti\/teploty:<\/td>\n<td width=\"309\">-40 a\u017e 110 \u00b0C, 8 a\u017e 95%RH<\/td>\n<\/tr>\n<\/tbody>\n<\/table>\n<\/div>\n<div class=\"auto-hide-last-sibling-br paragraph_1252f paragraph-element\"><\/div>\n<\/div>\n<div class=\"auto-hide-last-sibling-br paragraph_1252f paragraph-element\">\n<div data-spm-anchor-id=\"a2700.details.0.i57.23b419c7xXORP0\"><span data-spm-anchor-id=\"a2700.details.0.i75.23b419c7xXORP0\"><b>Vlastnosti:<\/b><br \/>\n1) Technologie UHF pro sou\u010dasn\u00e9 \u010dten\u00ed stovek tag\u016f.<br \/>\n2) \u010ctec\u00ed vzd\u00e1lenost v\u00edce ne\u017e 8 stop.<br \/>\n3) Nov\u00fd mechanick\u00fd design pro lep\u0161\u00ed v\u00fdkon pro ploch\u00e9 pr\u00e1dlo.<br \/>\n4) Vhodn\u00e9 pro vysokotlak\u00e9 extraktory do 60 bar.<br \/>\n5) Vhodn\u00e9 pro sterilizaci v autokl\u00e1vu.<br \/>\n6) Mal\u00fd, m\u011bkk\u00fd, pru\u017en\u00fd materi\u00e1l ide\u00e1ln\u00ed pro textilie, pr\u00e1dlo, od\u011bvy a dopl\u0148ky.<\/span><\/div>\n<\/div>\n<div data-spm-anchor-id=\"a2700.details.0.i57.23b419c7xXORP0\"><\/div>\n<div data-spm-anchor-id=\"a2700.details.0.i57.23b419c7xXORP0\"><span class=\"AnswerParser_TextContainer__z_Iiv\" data-testid=\"youchat-text\">The\u00a0<strong>Vodot\u011bsn\u00fd omyvateln\u00fd RFID \u0161t\u00edtek na pr\u00e1dlo<\/strong>\u00a0je revolu\u010dn\u00ed \u0159e\u0161en\u00ed navr\u017een\u00e9 pro zefektivn\u011bn\u00ed sledov\u00e1n\u00ed a spr\u00e1vy od\u011bv\u016f, pr\u00e1dla a uniforem. Tyto \u0161t\u00edtky nejen zvy\u0161uj\u00ed provozn\u00ed efektivitu, ale tak\u00e9 poskytuj\u00ed v\u00fdznamn\u00e9 \u00faspory n\u00e1klad\u016f a lep\u0161\u00ed kontrolu z\u00e1sob. D\u00edky sv\u00e9mu odoln\u00e9mu a omyvateln\u00e9mu designu jsou ide\u00e1ln\u00ed pro vysokoteplotn\u00ed prac\u00ed cykly, co\u017e z nich \u010din\u00ed chytrou investici pro jak\u00fdkoli provoz pr\u00e1delny.<\/span><\/p>\n<h2 class=\"AnswerParser_AnswerParserH2__SIHnF\">Pro\u010d zvolit vod\u011bodoln\u00e9 omyvateln\u00e9 \u0161t\u00edtky RFID na pr\u00e1dlo?<\/h2>\n<p><span class=\"AnswerParser_TextContainer__z_Iiv\" data-testid=\"youchat-text\">V\u00fdhody pou\u017e\u00edv\u00e1n\u00ed\u00a0<strong>RFID \u0161t\u00edtky na pr\u00e1dlo<\/strong>\u00a0jsou \u010detn\u00e9. Umo\u017e\u0148uj\u00ed automatizovan\u00e9 sledov\u00e1n\u00ed pr\u00e1dla, sni\u017euj\u00ed ru\u010dn\u00ed pr\u00e1ci a minimalizuj\u00ed chyby. Tato technologie umo\u017e\u0148uje spr\u00e1vu z\u00e1sob v re\u00e1ln\u00e9m \u010dase a zaji\u0161\u0165uje, \u017ee ka\u017ed\u00fd od\u011bv je zapo\u010d\u00edt\u00e1n. Vodot\u011bsn\u00e9 a omyvateln\u00e9 vlastnosti t\u011bchto \u0161t\u00edtk\u016f nav\u00edc zaji\u0161\u0165uj\u00ed dlouhou \u017eivotnost a spolehlivost, a to i v t\u011bch nejn\u00e1ro\u010dn\u011bj\u0161\u00edch prac\u00edch prost\u0159ed\u00edch. Investov\u00e1n\u00edm do\u00a0<strong>RFID \u0161t\u00edtky na pr\u00e1dlo<\/strong>mohou podniky zv\u00fd\u0161it svou provozn\u00ed efektivitu, zlep\u0161it spokojenost z\u00e1kazn\u00edk\u016f a v kone\u010dn\u00e9m d\u016fsledku zv\u00fd\u0161it ziskovost.<\/span><\/div>\n<h3 class=\"wp-block-heading\">Instalace<\/h3>\n<p><strong>Stitch Tagging<\/strong>: K v\u0161it\u00ed do lemu l\u00e1tky. P\u0159i\u0161ijte visa\u010dku na pr\u00e1dlo sm\u011brem od lini\u00ed skl\u00e1d\u00e1n\u00ed.<br \/>\n<strong>Tepeln\u00e9 t\u011bsn\u011bn\u00ed<\/strong>: K tepeln\u00e9mu zataven\u00ed p\u0159\u00edmo na textilii p\u0159i +200\u00b0C (392\u00b0F), po dobu 12~14s.<br \/>\n<strong>V s\u00e1\u010dku<\/strong>: K p\u0159i\u0161it\u00ed jako standardn\u00ed \u0161t\u00edtek pro p\u00e9\u010di. P\u0159i\u0161ijte visa\u010dku na pr\u00e1dlo sm\u011brem od lini\u00ed skl\u00e1d\u00e1n\u00ed.<\/p>\n<div class=\"auto-hide-last-sibling-br paragraph_1252f paragraph-element\">\n<div><\/div>\n<p style=\"font-weight: 400;\"><span style=\"font-style: inherit; font-weight: inherit;\" data-spm-anchor-id=\"a2700.details.0.i52.7e74253fSAfL7T\">Jak <\/span><b><strong style=\"font-style: inherit;\">SILN\u00dd<\/strong><\/b><span style=\"font-style: inherit; font-weight: inherit;\"> oni jsou ?<\/span><\/p>\n<p><b><strong>\u2460<\/strong><\/b>.Do\u0161lo k po\u0161kozen\u00ed \u010dip\u016f RFID p\u0159i vysok\u00fdch teplot\u00e1ch?<span style=\"font-style: inherit; font-weight: inherit;\"> \u2013<\/span><b><strong>\u2714 Na\u0161e textiln\u00ed \u0161t\u00edtky na pr\u00e1dlo RFID jsou navr\u017eeny pro pou\u017eit\u00ed p\u0159i 200 \u00b0C<\/strong><\/b><span style=\"font-style: inherit; font-weight: inherit;\">.<\/span><\/p>\n<p style=\"font-weight: 400;\"><b><strong>\u2461<\/strong><\/b>Kolikr\u00e1t m\u016f\u017eeme vyprat \u0161t\u00edtky, kter\u00e9 jsou p\u0159ipevn\u011bny k textiln\u00edm v\u00fdrobk\u016fm uniforem? <b><strong>\u2013\u2714Na\u0161e textiln\u00ed \u0161t\u00edtky na pr\u00e1dlo RFID lze pr\u00e1t v\u00edce ne\u017e 200kr\u00e1t se z\u00e1rukou po dobu 2 let po odesl\u00e1n\u00ed.<\/strong><\/b><\/p>\n<p style=\"font-weight: 400;\"><b><strong>\u2462<\/strong><\/b>Budeme utr\u00e1cet za presti\u017en\u00ed uniformy textiln\u00ed v\u00fdrobky, pokra\u010dovat v pr\u00e1ci v p\u0159\u00edpad\u011b rozdrcen\u00ed t\u0159\u00edsek? <b><strong>\u2013\u2714Na\u0161i textiln\u00ed visa\u010dku na pr\u00e1dlo jsme navrhli tak, aby vydr\u017eela tlak 60 bar\u016f v procesu lisov\u00e1n\u00ed va\u0161ich textiln\u00edch v\u00fdrobk\u016f.<\/strong><\/b><\/p>\n<p style=\"font-weight: 400;\"><b><strong>\u2463<\/strong><\/b>Kam um\u00edst\u00edte textiln\u00ed \u0161t\u00edtky na pr\u00e1dlo RFID na textilie uniforem? <b><strong>\u2013 \u2714RFID textiln\u00ed \u0161t\u00edtky na pr\u00e1dlo jsou instalov\u00e1ny podle dostupnosti uniforem.<\/strong><\/b><\/p>\n<h3 class=\"AnswerParser_AnswerParserH3__Mpe4s\">Vlastnosti vodot\u011bsn\u00fdch omyvateln\u00fdch \u0161t\u00edtk\u016f RFID na pr\u00e1dlo<\/h3>\n<p><span class=\"AnswerParser_TextContainer__z_Iiv\" data-testid=\"youchat-text\">The\u00a0<strong>Vodot\u011bsn\u00fd omyvateln\u00fd RFID \u0161t\u00edtek na pr\u00e1dlo<\/strong>\u00a0je navr\u017een s n\u011bkolika kl\u00ed\u010dov\u00fdmi funkcemi, kter\u00e9 z n\u011bj \u010din\u00ed z\u00e1kladn\u00ed n\u00e1stroj pro spr\u00e1vu pr\u00e1dla. Tyto \u0161t\u00edtky jsou vyrobeny z odoln\u00fdch materi\u00e1l\u016f, kter\u00e9 odol\u00e1vaj\u00ed vysok\u00fdm teplot\u00e1m a n\u00e1ro\u010dn\u00fdm podm\u00ednk\u00e1m pran\u00ed. Jsou vybaveny technologi\u00ed UHF RFID, kter\u00e1 umo\u017e\u0148uje \u010dtec\u00ed dosah a\u017e 6 metr\u016f, co\u017e je ide\u00e1ln\u00ed pro sledov\u00e1n\u00ed v\u00edce polo\u017eek sou\u010dasn\u011b.<\/span><span class=\"AnswerParser_TextContainer__z_Iiv\" data-testid=\"youchat-text\">Krom\u011b toho jsou tyto \u0161t\u00edtky lehk\u00e9, v\u00e1\u017e\u00ed pouze 0,6 gramu a jsou dod\u00e1v\u00e1ny v kompaktn\u00ed velikosti 70 \u00d7 15 mm, tak\u017ee je lze snadno p\u0159ipevnit na r\u016fzn\u00e9 textilie, ani\u017e by p\u0159id\u00e1valy objem. \u0160t\u00edtky lze v\u0161\u00edt do od\u011bv\u016f nebo p\u0159ipevnit pomoc\u00ed lepidla, co\u017e poskytuje flexibilitu p\u0159i aplikaci.<\/span><\/p>\n<h3 class=\"AnswerParser_AnswerParserH3__Mpe4s\">Technick\u00e9 specifikace<\/h3>\n<p><span class=\"AnswerParser_TextContainer__z_Iiv\" data-testid=\"youchat-text\">Pochopen\u00ed technick\u00fdch specifikac\u00ed\u00a0<strong>RFID \u0161t\u00edtek na pr\u00e1dlo<\/strong>\u00a0je z\u00e1sadn\u00ed pro podniky, kter\u00e9 cht\u011bj\u00ed tuto technologii implementovat. \u0160t\u00edtky spl\u0148uj\u00ed normu ISO\/IEC 18000-6 Type C (EPC Gen2), kter\u00e1 zaji\u0161\u0165uje kompatibilitu s \u0161irokou \u0159adou RFID \u010dte\u010dek.<\/span><\/p>\n<ul class=\"AnswerParser_AnswerParserUnorderedList__P_1FW\">\n<li class=\"AnswerParser_ListItem__XqLOV\" translate=\"yes\"><strong>Typ \u010dipu<\/strong>: Impinj Monza 4QT, NXP U CODE 8, NXP U CODE 9<\/li>\n<li class=\"AnswerParser_ListItem__XqLOV\" translate=\"yes\"><strong>Pam\u011b\u0165 EPC<\/strong>: 128 bit\u016f<\/li>\n<li class=\"AnswerParser_ListItem__XqLOV\" translate=\"yes\"><strong>U\u017eivatelsk\u00e1 pam\u011b\u0165<\/strong>: 512 bit\u016f<\/li>\n<li class=\"AnswerParser_ListItem__XqLOV\" translate=\"yes\"><strong>Myc\u00ed cykly<\/strong>: Navr\u017eeno tak, aby vydr\u017eelo v\u00edce ne\u017e 200 myc\u00edch cykl\u016f bez ztr\u00e1ty funk\u010dnosti.<\/li>\n<\/ul>\n<p><span class=\"AnswerParser_TextContainer__z_Iiv\" data-testid=\"youchat-text\">Tyto specifikace zd\u016fraz\u0148uj\u00ed odolnost a spolehlivost \u0161t\u00edtku, d\u00edky \u010demu\u017e je vhodn\u00fd pro r\u016fzn\u00e9 pran\u00ed pr\u00e1dla.<\/span><\/p>\n<h3 class=\"AnswerParser_AnswerParserH3__Mpe4s\">V\u00fdhody pou\u017e\u00edv\u00e1n\u00ed RFID \u0161t\u00edtk\u016f na pr\u00e1dlo<\/h3>\n<p><span class=\"AnswerParser_TextContainer__z_Iiv\" data-testid=\"youchat-text\">Prov\u00e1d\u011bn\u00ed\u00a0<strong>RFID \u0161t\u00edtky na pr\u00e1dlo<\/strong>\u00a0nab\u00edz\u00ed \u0159adu v\u00fdhod pro podniky. Za prv\u00e9 v\u00fdrazn\u011b zkracuj\u00ed \u010das str\u00e1ven\u00fd spr\u00e1vou z\u00e1sob. D\u00edky automatick\u00e9mu sledov\u00e1n\u00ed mohou zam\u011bstnanci rychle naj\u00edt a spravovat pr\u00e1dlo, co\u017e vede ke zv\u00fd\u0161en\u00ed produktivity.<\/span><span class=\"AnswerParser_TextContainer__z_Iiv\" data-testid=\"youchat-text\">Za druh\u00e9, tyto \u0161t\u00edtky zvy\u0161uj\u00ed bezpe\u010dnost t\u00edm, \u017ee zabra\u0148uj\u00ed ztr\u00e1t\u011b a kr\u00e1de\u017ei od\u011bv\u016f. Schopnost sledovat ka\u017edou polo\u017eku v re\u00e1ln\u00e9m \u010dase zaji\u0161\u0165uje, \u017ee podniky mohou udr\u017eovat p\u0159esn\u00e9 z\u00e1znamy o sv\u00fdch z\u00e1sob\u00e1ch. A kone\u010dn\u011b, data shrom\u00e1\u017ed\u011bn\u00e1 ze syst\u00e9m\u016f RFID mohou poskytnout cenn\u00e9 informace o provozech pr\u00e1delny a pomohou podnik\u016fm optimalizovat jejich procesy a sn\u00ed\u017eit n\u00e1klady.<\/span><\/p>\n<h3 class=\"AnswerParser_AnswerParserH3__Mpe4s\">Vliv na \u017eivotn\u00ed prost\u0159ed\u00ed<\/h3>\n<p><span class=\"AnswerParser_TextContainer__z_Iiv\" data-testid=\"youchat-text\">The\u00a0<strong>Vodot\u011bsn\u00fd omyvateln\u00fd RFID \u0161t\u00edtek na pr\u00e1dlo<\/strong>\u00a0je p\u0159\u00ednosem nejen pro podniky, ale i pro \u017eivotn\u00ed prost\u0159ed\u00ed. Sn\u00ed\u017een\u00edm pot\u0159eby ru\u010dn\u00edho sledov\u00e1n\u00ed a minimalizac\u00ed chyb p\u0159isp\u00edvaj\u00ed tyto \u0161t\u00edtky k efektivn\u011bj\u0161\u00edmu pran\u00ed, co\u017e m\u016f\u017ee v\u00e9st k ni\u017e\u0161\u00ed spot\u0159eb\u011b vody a energie.<\/span><span class=\"AnswerParser_TextContainer__z_Iiv\" data-testid=\"youchat-text\">Trvanlivost t\u011bchto \u0161t\u00edtk\u016f nav\u00edc znamen\u00e1, \u017ee je nen\u00ed t\u0159eba \u010dasto vym\u011b\u0148ovat, co\u017e sni\u017euje mno\u017estv\u00ed odpadu. Podniky se tak\u00e9 mohou rozhodnout implementovat syst\u00e9my RFID, kter\u00e9 jsou kompatibiln\u00ed s ekologicky \u0161etrn\u00fdmi postupy, co\u017e d\u00e1le pos\u00edl\u00ed jejich \u00fasil\u00ed o udr\u017eitelnost.<\/span><\/p>\n<h3 class=\"AnswerParser_AnswerParserH3__Mpe4s\">N\u00e1vod k pou\u017eit\u00ed<\/h3>\n<p><span class=\"AnswerParser_TextContainer__z_Iiv\" data-testid=\"youchat-text\">Chcete-li maximalizovat \u00fa\u010dinnost\u00a0<strong>RFID \u0161t\u00edtky na pr\u00e1dlo<\/strong>, spr\u00e1vn\u00e9 pou\u017eit\u00ed je nezbytn\u00e9. Zde je n\u011bkolik kl\u00ed\u010dov\u00fdch krok\u016f pro implementaci:<\/span><\/p>\n<ol class=\"AnswerParser_AnswerParserOrderedList__kl_2Y\">\n<li class=\"AnswerParser_ListItem__XqLOV\" translate=\"yes\"><span class=\"AnswerParser_TextContainer__z_Iiv\" data-testid=\"youchat-text\"><strong>Ozna\u010dov\u00e1n\u00ed<\/strong>: P\u0159ipevn\u011bte \u0161t\u00edtky RFID na od\u011bvy nebo pr\u00e1dlo pomoc\u00ed \u0161ic\u00edch nebo lepic\u00edch metod. Ujist\u011bte se, \u017ee jsou \u0161t\u00edtky bezpe\u010dn\u011b p\u0159ipevn\u011bny, aby vydr\u017eely pran\u00ed.<\/span><\/li>\n<li class=\"AnswerParser_ListItem__XqLOV\" translate=\"yes\"><span class=\"AnswerParser_TextContainer__z_Iiv\" data-testid=\"youchat-text\"><strong>Sn\u00edm\u00e1n\u00ed<\/strong>: Pou\u017eijte \u010dte\u010dku RFID ke skenov\u00e1n\u00ed \u0161t\u00edtk\u016f b\u011bhem procesu pran\u00ed. To lze prov\u00e9st na r\u016fzn\u00fdch m\u00edstech, v\u010detn\u011b p\u0159ed\u00e1n\u00ed, myt\u00ed a vyzvednut\u00ed.<\/span><\/li>\n<li class=\"AnswerParser_ListItem__XqLOV\" translate=\"yes\"><span class=\"AnswerParser_TextContainer__z_Iiv\" data-testid=\"youchat-text\"><strong>Spr\u00e1va dat<\/strong>: Vyu\u017eijte software RFID ke spr\u00e1v\u011b a anal\u00fdze dat shrom\u00e1\u017ed\u011bn\u00fdch ze \u0161t\u00edtk\u016f. To pom\u016f\u017ee p\u0159i sledov\u00e1n\u00ed \u00farovn\u011b z\u00e1sob a identifikaci p\u0159\u00edpadn\u00fdch nesrovnalost\u00ed.<\/span><\/li>\n<\/ol>\n<h3 class=\"AnswerParser_AnswerParserH3__Mpe4s\">Z\u00e1kaznick\u00e9 recenze<\/h3>\n<p><span class=\"AnswerParser_TextContainer__z_Iiv\" data-testid=\"youchat-text\">Zp\u011btn\u00e1 vazba od z\u00e1kazn\u00edk\u016f je z\u00e1sadn\u00edm aspektem pochopen\u00ed \u00fa\u010dinnosti\u00a0<strong>RFID \u0161t\u00edtky na pr\u00e1dlo<\/strong>. Mnoho u\u017eivatel\u016f hl\u00e1silo po implementaci t\u011bchto zna\u010dek v\u00fdznamn\u00e1 zlep\u0161en\u00ed v pran\u00ed pr\u00e1dla.<\/span><span class=\"AnswerParser_TextContainer__z_Iiv\" data-testid=\"youchat-text\">Nap\u0159\u00edklad mana\u017eer hotelu poznamenal: \u201eOd t\u00e9 doby, co jsme za\u010dali pou\u017e\u00edvat \u0161t\u00edtky na pr\u00e1dlo RFID, se na\u0161e spr\u00e1va z\u00e1sob stala bezprobl\u00e9movou. M\u016f\u017eeme bez n\u00e1mahy sledovat na\u0161e pr\u00e1dlo a uniformy, co\u017e n\u00e1m u\u0161et\u0159ilo \u010das i pen\u00edze.\u201c<\/span><span class=\"AnswerParser_TextContainer__z_Iiv\" data-testid=\"youchat-text\">Dal\u0161\u00ed z\u00e1kazn\u00edk ze zdravotnick\u00e9ho za\u0159\u00edzen\u00ed uvedl: \u201eTrvalost t\u011bchto \u0161t\u00edtk\u016f je p\u016fsobiv\u00e1. Bez probl\u00e9m\u016f vydr\u017e\u00ed n\u011bkolik myc\u00edch cykl\u016f, co\u017e zaji\u0161\u0165uje, \u017ee dodr\u017eujeme na\u0161e p\u0159\u00edsn\u00e9 hygienick\u00e9 normy.<\/span><\/p>\n<h3 class=\"AnswerParser_AnswerParserH3__Mpe4s\">Souvisej\u00edc\u00ed produkty<\/h3>\n<p><span class=\"AnswerParser_TextContainer__z_Iiv\" data-testid=\"youchat-text\">Krom\u011b toho\u00a0<strong>Vodot\u011bsn\u00fd omyvateln\u00fd RFID \u0161t\u00edtek na pr\u00e1dlo<\/strong>existuje n\u011bkolik souvisej\u00edc\u00edch produkt\u016f, kter\u00e9 mohou zlep\u0161it syst\u00e9my \u0159\u00edzen\u00ed pr\u00e1dla. Pat\u0159\u00ed sem:<\/span><\/p>\n<ul class=\"AnswerParser_AnswerParserUnorderedList__P_1FW\">\n<li class=\"AnswerParser_ListItem__XqLOV\" translate=\"yes\"><strong>RFID \u0161t\u00edtky<\/strong>: Ide\u00e1ln\u00ed pro men\u0161\u00ed p\u0159edm\u011bty nebo specifick\u00e9 aplikace.<\/li>\n<li class=\"AnswerParser_ListItem__XqLOV\" translate=\"yes\"><strong>RFID samolepky<\/strong>: V\u0161estrann\u00e9 a snadno aplikovateln\u00e9 na r\u016fzn\u00e9 povrchy.<\/li>\n<li class=\"AnswerParser_ListItem__XqLOV\" translate=\"yes\"><strong>RFID \u010dte\u010dky<\/strong>: Nezbytn\u00e9 pro efektivn\u00ed skenov\u00e1n\u00ed a spr\u00e1vu ozna\u010den\u00fdch polo\u017eek.<\/li>\n<\/ul>\n<h3 class=\"AnswerParser_AnswerParserH3__Mpe4s\">\u00a0\u010casto kladen\u00e9 ot\u00e1zky (FAQ)<\/h3>\n<p><span class=\"AnswerParser_TextContainer__z_Iiv\" data-testid=\"youchat-text\"><strong>Ot\u00e1zka: Jak dlouho vydr\u017e\u00ed \u0161t\u00edtky na pr\u00e1dlo RFID?<\/strong><br \/>\nA: Na\u0161e\u00a0<strong>RFID \u0161t\u00edtky na pr\u00e1dlo<\/strong>\u00a0jsou navr\u017eeny tak, aby vydr\u017eely v\u00edce ne\u017e 200 myc\u00edch cykl\u016f a zajistily tak dlouhotrvaj\u00edc\u00ed v\u00fdkon.<\/span><\/p>\n<p><span class=\"AnswerParser_TextContainer__z_Iiv\" data-testid=\"youchat-text\"><strong>Ot\u00e1zka: Lze tyto \u0161t\u00edtky pou\u017e\u00edt p\u0159i pran\u00ed p\u0159i vysok\u00fdch teplot\u00e1ch?<\/strong><br \/>\nOdpov\u011b\u010f: Ano, tyto \u0161t\u00edtky jsou speci\u00e1ln\u011b navr\u017eeny tak, aby vydr\u017eely vysok\u00e9 teploty, tak\u017ee jsou vhodn\u00e9 pro pr\u016fmyslov\u00e9 pr\u00e1delny.<\/span><\/p>\n<p><span class=\"AnswerParser_TextContainer__z_Iiv\" data-testid=\"youchat-text\"><strong>Ot\u00e1zka: Jak si mohu objednat \u0161t\u00edtky na pr\u00e1dlo RFID?<\/strong><br \/>\nOdpov\u011b\u010f: Chcete-li zadat objedn\u00e1vku nebo se zeptat na mo\u017enosti p\u0159izp\u016fsoben\u00ed, vypl\u0148te pros\u00edm kontaktn\u00ed formul\u00e1\u0159 na na\u0161ich webov\u00fdch str\u00e1nk\u00e1ch a n\u00e1\u0161 t\u00fdm v\u00e1m okam\u017eit\u011b pom\u016f\u017ee.<\/span><\/p>\n<h3 class=\"AnswerParser_AnswerParserH3__Mpe4s\">Z\u00e1v\u011br<\/h3>\n<p><span class=\"AnswerParser_TextContainer__z_Iiv\" data-testid=\"youchat-text\">The\u00a0<strong>Vodot\u011bsn\u00fd omyvateln\u00fd RFID \u0161t\u00edtek na pr\u00e1dlo<\/strong>\u00a0je z\u00e1sadn\u00ed zm\u011bnou pro podniky, kter\u00e9 cht\u011bj\u00ed zlep\u0161it sv\u00e9 procesy \u0159\u00edzen\u00ed pr\u00e1delny. D\u00edky sv\u00e9mu odoln\u00e9mu designu, vysp\u011bl\u00e9 technologii a \u010detn\u00fdm v\u00fdhod\u00e1m jde o investici, kter\u00e1 se vyplat\u00ed v efektivit\u011b a \u00faspor\u00e1ch n\u00e1klad\u016f.<\/span><span class=\"AnswerParser_TextContainer__z_Iiv\" data-testid=\"youchat-text\">P\u0159ijet\u00edm technologie RFID mohou podniky zefektivnit sv\u00e9 operace, zlep\u0161it p\u0159esnost z\u00e1sob a v kone\u010dn\u00e9m d\u016fsledku poskytovat lep\u0161\u00ed slu\u017eby sv\u00fdm z\u00e1kazn\u00edk\u016fm. Nenechte si uj\u00edt p\u0159\u00edle\u017eitost k revoluci ve spr\u00e1v\u011b pr\u00e1dla \u2013<strong>kontaktujte n\u00e1s<\/strong>\u00a0dnes se dozv\u00edte v\u00edce o na\u0161ich \u0159e\u0161en\u00edch RFID a o tom, jak mohou b\u00fdt p\u0159\u00ednosem pro va\u0161i organizaci.<\/span><\/p>\n<p>&nbsp;<\/p>\n<\/div>\n<div class=\"auto-hide-last-sibling-br paragraph_1252f paragraph-element\"><\/div>","protected":false},"excerpt":{"rendered":"<p><strong>Vodot\u011bsn\u00fd omyvateln\u00fd RFID \u0161t\u00edtek na pr\u00e1dlo<\/strong>\u00a0je z\u00e1sadn\u00ed zm\u011bnou pro podniky, kter\u00e9 cht\u011bj\u00ed zlep\u0161it sv\u00e9 procesy \u0159\u00edzen\u00ed pr\u00e1delny. D\u00edky sv\u00e9mu odoln\u00e9mu designu, vysp\u011bl\u00e9 technologii a \u010detn\u00fdm v\u00fdhod\u00e1m jde o investici, kter\u00e1 se vyplat\u00ed v efektivit\u011b a \u00faspor\u00e1ch n\u00e1klad\u016f.<\/p>","protected":false},"featured_media":2827,"template":"","meta":{"_kad_post_transparent":"default","_kad_post_title":"","_kad_post_layout":"default","_kad_post_sidebar_id":"","_kad_post_content_style":"default","_kad_post_vertical_padding":"default","_kad_post_feature":"","_kad_post_feature_position":"","_kad_post_header":false,"_kad_post_footer":false,"_kad_post_classname":""},"product_brand":[],"product_cat":[16],"product_tag":[340,31,65,30,325],"class_list":{"0":"post-2822","1":"product","2":"type-product","3":"status-publish","4":"has-post-thumbnail","6":"product_cat-uhf-rfid-laundry-tags","7":"product_tag-rfid-chips","8":"product_tag-rfid-tag-for-linen-laundry","9":"product_tag-textile-rfid-laundry-tags","10":"product_tag-uhf-rfid-laundry-tag","11":"product_tag-washable-rfid-laundry-tag","13":"first","14":"instock","15":"featured","16":"shipping-taxable","17":"product-type-simple","18":"entry","19":"content-bg","20":"loop-entry"},"_links":{"self":[{"href":"https:\/\/rfid-laundry-tag.com\/cs\/wp-json\/wp\/v2\/product\/2822","targetHints":{"allow":["GET"]}}],"collection":[{"href":"https:\/\/rfid-laundry-tag.com\/cs\/wp-json\/wp\/v2\/product"}],"about":[{"href":"https:\/\/rfid-laundry-tag.com\/cs\/wp-json\/wp\/v2\/types\/product"}],"version-history":[{"count":2,"href":"https:\/\/rfid-laundry-tag.com\/cs\/wp-json\/wp\/v2\/product\/2822\/revisions"}],"predecessor-version":[{"id":2829,"href":"https:\/\/rfid-laundry-tag.com\/cs\/wp-json\/wp\/v2\/product\/2822\/revisions\/2829"}],"wp:featuredmedia":[{"embeddable":true,"href":"https:\/\/rfid-laundry-tag.com\/cs\/wp-json\/wp\/v2\/media\/2827"}],"wp:attachment":[{"href":"https:\/\/rfid-laundry-tag.com\/cs\/wp-json\/wp\/v2\/media?parent=2822"}],"wp:term":[{"taxonomy":"product_brand","embeddable":true,"href":"https:\/\/rfid-laundry-tag.com\/cs\/wp-json\/wp\/v2\/product_brand?post=2822"},{"taxonomy":"product_cat","embeddable":true,"href":"https:\/\/rfid-laundry-tag.com\/cs\/wp-json\/wp\/v2\/product_cat?post=2822"},{"taxonomy":"product_tag","embeddable":true,"href":"https:\/\/rfid-laundry-tag.com\/cs\/wp-json\/wp\/v2\/product_tag?post=2822"}],"curies":[{"name":"wp","href":"https:\/\/api.w.org\/{rel}","templated":true}]}}