{"id":281,"date":"2024-06-26T09:42:03","date_gmt":"2024-06-26T09:42:03","guid":{"rendered":"https:\/\/rfid-laundry-tag.com\/?post_type=product&#038;p=281"},"modified":"2024-07-16T16:25:37","modified_gmt":"2024-07-16T16:25:37","slug":"uhf-rfid-wet-inlay","status":"publish","type":"product","link":"https:\/\/rfid-laundry-tag.com\/cs\/uhf-rfid-wet-inlay\/","title":{"rendered":"UHF RFID mokr\u00e1 vlo\u017eka"},"content":{"rendered":"<table class=\"all magic-1\" style=\"font-family: var(--global-body-font-family);\">\n<tbody>\n<tr>\n<td colspan=\"1\" rowspan=\"1\">\n<div class=\"magic-2\" data-spm-anchor-id=\"a2700.details.0.i124.27902306LbjcO6\"><b>N\u00e1zev produktu<\/b><\/div>\n<\/td>\n<td colspan=\"1\" rowspan=\"1\">\n<div class=\"magic-3\">UHF RFID mokr\u00e1 vlo\u017eka<\/div>\n<\/td>\n<\/tr>\n<tr>\n<td colspan=\"1\" rowspan=\"1\">\n<div class=\"magic-2\"><b data-spm-anchor-id=\"a2700.pc-decorate.0.i1.2adc3333pGXB5C\">Materi\u00e1l<\/b><\/div>\n<\/td>\n<td colspan=\"1\" rowspan=\"1\">\n<div class=\"magic-3\">Nat\u00edran\u00fd pap\u00edr, PET atd<\/div>\n<\/td>\n<\/tr>\n<tr>\n<td colspan=\"1\" rowspan=\"1\">\n<div class=\"magic-2\"><b>\u010cip<\/b><\/div>\n<\/td>\n<td colspan=\"1\" rowspan=\"1\">\n<div class=\"magic-3\">Mimozem\u0161\u0165an H9<\/div>\n<\/td>\n<\/tr>\n<tr>\n<td colspan=\"1\" rowspan=\"1\">\n<div class=\"magic-2\"><b data-spm-anchor-id=\"a2700.pc-decorate.0.i7.2adc3333pGXB5C\">Barva<\/b><\/div>\n<\/td>\n<td colspan=\"1\" rowspan=\"1\">\n<div class=\"magic-3\">B\u00edl\u00fd<\/div>\n<\/td>\n<\/tr>\n<tr>\n<td colspan=\"1\" rowspan=\"1\">\n<div class=\"magic-2\"><b>U\u017eivatelsk\u00e1 pam\u011b\u0165<\/b><\/div>\n<\/td>\n<td colspan=\"1\" rowspan=\"1\">\n<div class=\"magic-3\">688 bit\u016f<\/div>\n<\/td>\n<\/tr>\n<tr>\n<td colspan=\"1\" rowspan=\"1\">\n<div class=\"magic-2\"><b>Pam\u011b\u0165 EPC<\/b><\/div>\n<\/td>\n<td colspan=\"1\" rowspan=\"1\">\n<div class=\"magic-3\" data-spm-anchor-id=\"a2700.details.0.i125.27902306LbjcO6\">496 bit\u016f<\/div>\n<\/td>\n<\/tr>\n<tr>\n<td colspan=\"1\" rowspan=\"1\">\n<div class=\"magic-2\"><b data-spm-anchor-id=\"a2700.pc-decorate.0.i18.2adc3333pGXB5C\">Protokol<\/b><\/div>\n<\/td>\n<td colspan=\"1\" rowspan=\"1\">\n<div class=\"magic-3\">Glob\u00e1ln\u00ed EPC Class1 Gen2 ISO\/IEC 18000-6C<\/div>\n<\/td>\n<\/tr>\n<tr>\n<td colspan=\"1\" rowspan=\"1\">\n<div class=\"magic-2\"><b data-spm-anchor-id=\"a2700.pc-decorate.0.i9.74c33333KAtYOv\">Frekvence<\/b><\/div>\n<\/td>\n<td colspan=\"1\" rowspan=\"1\">\n<div class=\"magic-3\">860-960 MHz<\/div>\n<\/td>\n<\/tr>\n<tr>\n<td colspan=\"1\" rowspan=\"1\">\n<div class=\"magic-2\"><b>Rozsah \u010dte\u010dky<\/b><\/div>\n<\/td>\n<td colspan=\"1\" rowspan=\"1\">\n<div class=\"magic-3\">6M\uff08Z\u00e1vis\u00ed na prost\u0159ed\u00ed a vzd\u00e1lenosti \u010dten\u00ed a z\u00e1pisu\uff09<\/div>\n<\/td>\n<\/tr>\n<tr>\n<td colspan=\"1\" rowspan=\"1\">\n<div class=\"magic-2\"><b data-spm-anchor-id=\"a2700.pc-decorate.0.i17.6f873333hkY330\">Pracovn\u00ed metoda<\/b><\/div>\n<\/td>\n<td colspan=\"1\" rowspan=\"1\">\n<div class=\"magic-3\">Pasivn\u00ed<\/div>\n<\/td>\n<\/tr>\n<tr>\n<td colspan=\"1\" rowspan=\"1\">\n<div class=\"magic-2\"><b>Pracovn\u00ed recyklace<\/b><\/div>\n<\/td>\n<td colspan=\"1\" rowspan=\"1\">\n<div class=\"magic-3\">&gt;100 000kr\u00e1t<\/div>\n<\/td>\n<\/tr>\n<tr>\n<td colspan=\"1\" rowspan=\"1\">\n<div class=\"magic-2\"><b data-spm-anchor-id=\"a2700.pc-decorate.0.i51.200a3333J5VKbe\">aplikace<\/b><\/div>\n<\/td>\n<td colspan=\"1\" rowspan=\"1\">\n<div class=\"magic-3\">Sledovatelnost proti pad\u011bl\u00e1n\u00ed, p\u0159enos dat<\/div>\n<\/td>\n<\/tr>\n<\/tbody>\n<\/table>\n<div><\/div>\n<div class=\"auto-hide-last-sibling-br paragraph_9dc5f paragraph-element\">Aplikace, mimo jin\u00e9:<\/div>\n<ol class=\"auto-hide-last-sibling-br\">\n<li>\n<div class=\"auto-hide-last-sibling-br paragraph_9dc5f paragraph-element\">Spr\u00e1va z\u00e1sob: Tyto zna\u010dky lze pou\u017e\u00edt ke sledov\u00e1n\u00ed stavu z\u00e1sob ve skladech a maloobchodn\u00edch prodejn\u00e1ch, d\u00edky \u010demu\u017e je proces spr\u00e1vy z\u00e1sob efektivn\u011bj\u0161\u00ed a p\u0159esn\u011bj\u0161\u00ed.<\/div>\n<\/li>\n<li>\n<div class=\"auto-hide-last-sibling-br paragraph_9dc5f paragraph-element\">\u0158\u00edzen\u00ed dodavatelsk\u00e9ho \u0159et\u011bzce: Ozna\u010den\u00edm polo\u017eek \u0161t\u00edtky RFID mohou spole\u010dnosti sledovat pohyb a stav zbo\u017e\u00ed v cel\u00e9m dodavatelsk\u00e9m \u0159et\u011bzci, od v\u00fdroby a\u017e po prodej, co\u017e zvy\u0161uje transparentnost a provozn\u00ed efektivitu.<\/div>\n<\/li>\n<li>\n<div class=\"auto-hide-last-sibling-br paragraph_9dc5f paragraph-element\">Spr\u00e1va logistiky: \u0160t\u00edtky RFID zjednodu\u0161uj\u00ed proces sledov\u00e1n\u00ed z\u00e1silek a spr\u00e1vu zbo\u017e\u00ed b\u011bhem p\u0159epravy. Poskytuj\u00ed informace v re\u00e1ln\u00e9m \u010dase o poloze a stavu zbo\u017e\u00ed, \u010d\u00edm\u017e sni\u017euj\u00ed chyby a zpo\u017ed\u011bn\u00ed.<\/div>\n<\/li>\n<li>\n<div class=\"auto-hide-last-sibling-br paragraph_9dc5f paragraph-element\">Kosmetika: Zna\u010dky mohou pou\u017e\u00edvat \u0161t\u00edtky RFID pro ov\u011b\u0159en\u00ed pravosti, co\u017e pom\u00e1h\u00e1 p\u0159edch\u00e1zet pad\u011bl\u00e1n\u00ed a zaji\u0161\u0165uje, \u017ee spot\u0159ebitel\u00e9 obdr\u017e\u00ed origin\u00e1ln\u00ed produkty.<\/div>\n<\/li>\n<li>\n<div class=\"auto-hide-last-sibling-br paragraph_9dc5f paragraph-element\">Zdravotn\u00ed p\u00e9\u010de: \u0160t\u00edtky RFID mohou sledovat \u017eivotn\u011b d\u016fle\u017eit\u00e9 l\u00e9ka\u0159sk\u00e9 vybaven\u00ed, spravovat farmaceutick\u00e9 z\u00e1soby a z\u00e1znamy o pacientech, \u010d\u00edm\u017e poskytuj\u00ed z\u00e1sadn\u00ed zlep\u0161en\u00ed p\u00e9\u010de o pacienty a managementu nemocnic.<\/div>\n<\/li>\n<li>\n<div class=\"auto-hide-last-sibling-br paragraph_9dc5f paragraph-element\">Oble\u010den\u00ed: V m\u00f3dn\u00edm pr\u016fmyslu mohou \u0161t\u00edtky RFID spravovat z\u00e1soby, bojovat proti kr\u00e1de\u017e\u00edm, \u0159\u00eddit zku\u0161enosti s mont\u00e1\u017e\u00ed a poskytovat data pro podrobnou anal\u00fdzu chov\u00e1n\u00ed z\u00e1kazn\u00edk\u016f.<\/div>\n<\/li>\n<li>\n<div class=\"auto-hide-last-sibling-br paragraph_9dc5f paragraph-element\">\u0160perky: RFID vlo\u017eky poskytuj\u00ed efektivn\u00ed zp\u016fsob sledov\u00e1n\u00ed vysoce hodnotn\u00fdch p\u0159edm\u011bt\u016f, jako jsou \u0161perky. Mohou tak\u00e9 pomoci ov\u011b\u0159it pravost \u0161perk\u016f a zabr\u00e1nit kr\u00e1de\u017ei.<\/div>\n<\/li>\n<li>\n<div class=\"auto-hide-last-sibling-br paragraph_9dc5f paragraph-element\">Sledov\u00e1n\u00ed majetku: Spole\u010dnosti pou\u017e\u00edvaj\u00ed \u0161t\u00edtky RFID ke sledov\u00e1n\u00ed sv\u00fdch aktiv, v\u010detn\u011b vybaven\u00ed, vozidel a dal\u0161\u00edch cenn\u00fdch p\u0159edm\u011bt\u016f, \u010d\u00edm\u017e minimalizuj\u00ed ztr\u00e1ty a zlep\u0161uj\u00ed celkovou spr\u00e1vu majetku.<\/div>\n<\/li>\n<\/ol>\n<div class=\"auto-hide-last-sibling-br paragraph_9dc5f paragraph-element\">Stru\u010dn\u011b \u0159e\u010deno, UHF RFID vlo\u017eky a RFID UHF \u0161t\u00edtky v\u00fdznamn\u011b p\u0159isp\u00edvaj\u00ed ke zlep\u0161en\u00ed provozn\u00ed \u00fa\u010dinnosti, p\u0159esnosti a zabezpe\u010den\u00ed v r\u016fzn\u00fdch pr\u016fmyslov\u00fdch odv\u011btv\u00edch.<\/div>","protected":false},"excerpt":{"rendered":"<p>UHF RFID vlo\u017eky a RFID UHF \u0161t\u00edtky skute\u010dn\u011b hraj\u00ed kl\u00ed\u010dovou roli v mnoha pr\u016fmyslov\u00fdch odv\u011btv\u00edch d\u00edky sv\u00e9mu robustn\u00edmu v\u00fdkonu a rozs\u00e1hl\u00e9 aplikaci.<\/p>","protected":false},"featured_media":282,"template":"","meta":{"_kad_post_transparent":"default","_kad_post_title":"","_kad_post_layout":"default","_kad_post_sidebar_id":"","_kad_post_content_style":"default","_kad_post_vertical_padding":"default","_kad_post_feature":"","_kad_post_feature_position":"","_kad_post_header":false,"_kad_post_footer":false,"_kad_post_classname":""},"product_brand":[],"product_cat":[54,189],"product_tag":[108,107],"class_list":{"0":"post-281","1":"product","2":"type-product","3":"status-publish","4":"has-post-thumbnail","6":"product_cat-hot-selling-rfid-tags","7":"product_cat-rfid-inlay","8":"product_tag-rfid-inlay","9":"product_tag-uhf-rfid-wet-inlay","11":"first","12":"instock","13":"shipping-taxable","14":"product-type-simple","15":"entry","16":"content-bg","17":"loop-entry"},"_links":{"self":[{"href":"https:\/\/rfid-laundry-tag.com\/cs\/wp-json\/wp\/v2\/product\/281","targetHints":{"allow":["GET"]}}],"collection":[{"href":"https:\/\/rfid-laundry-tag.com\/cs\/wp-json\/wp\/v2\/product"}],"about":[{"href":"https:\/\/rfid-laundry-tag.com\/cs\/wp-json\/wp\/v2\/types\/product"}],"version-history":[{"count":1,"href":"https:\/\/rfid-laundry-tag.com\/cs\/wp-json\/wp\/v2\/product\/281\/revisions"}],"predecessor-version":[{"id":721,"href":"https:\/\/rfid-laundry-tag.com\/cs\/wp-json\/wp\/v2\/product\/281\/revisions\/721"}],"wp:featuredmedia":[{"embeddable":true,"href":"https:\/\/rfid-laundry-tag.com\/cs\/wp-json\/wp\/v2\/media\/282"}],"wp:attachment":[{"href":"https:\/\/rfid-laundry-tag.com\/cs\/wp-json\/wp\/v2\/media?parent=281"}],"wp:term":[{"taxonomy":"product_brand","embeddable":true,"href":"https:\/\/rfid-laundry-tag.com\/cs\/wp-json\/wp\/v2\/product_brand?post=281"},{"taxonomy":"product_cat","embeddable":true,"href":"https:\/\/rfid-laundry-tag.com\/cs\/wp-json\/wp\/v2\/product_cat?post=281"},{"taxonomy":"product_tag","embeddable":true,"href":"https:\/\/rfid-laundry-tag.com\/cs\/wp-json\/wp\/v2\/product_tag?post=281"}],"curies":[{"name":"wp","href":"https:\/\/api.w.org\/{rel}","templated":true}]}}