{"id":2792,"date":"2024-10-29T11:28:05","date_gmt":"2024-10-29T11:28:05","guid":{"rendered":"https:\/\/rfid-laundry-tag.com\/?post_type=product&#038;p=2792"},"modified":"2024-10-29T13:03:05","modified_gmt":"2024-10-29T13:03:05","slug":"fdx-b-134-2khz-rfid-animal-id-glass-tag-syringe-transponder","status":"publish","type":"product","link":"https:\/\/rfid-laundry-tag.com\/cs\/fdx-b-134-2khz-rfid-animal-id-glass-tag-syringe-transponder\/","title":{"rendered":"Transpond\u00e9r st\u0159\u00edka\u010dky FDX-B 134,2 khz RFID pro zv\u00ed\u0159ec\u00ed identifika\u010dn\u00ed \u0161t\u00edtek na st\u0159\u00edka\u010dce"},"content":{"rendered":"<h2>Transpond\u00e9r st\u0159\u00edka\u010dky FDX-B 134,2 khz RFID pro zv\u00ed\u0159ec\u00ed identifika\u010dn\u00ed \u0161t\u00edtek na st\u0159\u00edka\u010dce<\/h2>\n<p><span class=\"AnswerParser_TextContainer__z_Iiv\" data-testid=\"youchat-text\"><strong>Transpond\u00e9r st\u0159\u00edka\u010dky FDX-B 134,2 kHz RFID pro zv\u00ed\u0159ec\u00ed ID Glass Tag<\/strong>\u00a0je \u0161pi\u010dkov\u00e9 \u0159e\u0161en\u00ed pro identifikaci a management zv\u00ed\u0159at. Tento \u0161t\u00edtek RFID ze skla, navr\u017een\u00fd speci\u00e1ln\u011b pro dom\u00e1c\u00ed zv\u00ed\u0159ata a hospod\u00e1\u0159sk\u00e1 zv\u00ed\u0159ata, zaji\u0161\u0165uje p\u0159esn\u00e9 sledov\u00e1n\u00ed a identifikaci, co\u017e z n\u011bj \u010din\u00ed nezbytn\u00fd n\u00e1stroj pro veterin\u00e1\u0159e, chovatele a majitele dom\u00e1c\u00edch zv\u00ed\u0159at. D\u00edky sv\u00fdm robustn\u00edm vlastnostem a spolehliv\u00e9mu v\u00fdkonu se do tohoto produktu vyplat\u00ed investovat ka\u017ed\u00e9mu, kdo se zab\u00fdv\u00e1 p\u00e9\u010d\u00ed a managementem zv\u00ed\u0159at.<\/span><\/p>\n<h2 class=\"AnswerParser_AnswerParserH2__SIHnF\">Pro\u010d si vybrat FDX-B 134,2 kHz RFID identifika\u010dn\u00ed \u0161t\u00edtek pro zv\u00ed\u0159ata?<\/h2>\n<p><span class=\"AnswerParser_TextContainer__z_Iiv\" data-testid=\"youchat-text\">Sklen\u011bn\u00fd \u0161t\u00edtek FDX-B RFID nen\u00ed jen jednoduch\u00fdm identifika\u010dn\u00edm n\u00e1strojem; nab\u00edz\u00ed \u0159adu v\u00fdhod, kter\u00e9 zlep\u0161uj\u00ed hospoda\u0159en\u00ed se zv\u00ed\u0159aty. Jeho\u00a0<strong>biosklo<\/strong>\u00a0konstrukce zaji\u0161\u0165uje odolnost a biokompatibilitu, d\u00edky \u010demu\u017e je bezpe\u010dn\u00e1 pro implantaci. Zna\u010dka pracuje s frekvenc\u00ed\u00a0<strong>134,2 kHz<\/strong>, kter\u00fd je v souladu s mezin\u00e1rodn\u00edmi standardy (ISO11784\/785, ISO14443A) a zaji\u0161\u0165uje spolehliv\u00fd v\u00fdkon v r\u016fzn\u00fdch aplikac\u00edch. Krom\u011b toho,\u00a0<strong>100% sterilizace l\u00e9ka\u0159sk\u00e9 kvality<\/strong>\u00a0zaru\u010duje, \u017ee \u0161t\u00edtek je bezpe\u010dn\u00fd pro pou\u017eit\u00ed u zv\u00ed\u0159at, \u010d\u00edm\u017e se minimalizuje riziko infekce nebo komplikac\u00ed po implantaci.<\/span><\/p>\n<h3 class=\"AnswerParser_AnswerParserH3__Mpe4s\">P\u0159ehled produktu<\/h3>\n<h4 class=\"AnswerParser_AnswerParserH4__ghxg8\">1. Vlastnosti produktu<\/h4>\n<p><span class=\"AnswerParser_TextContainer__z_Iiv\" data-testid=\"youchat-text\">Sklen\u011bn\u00fd \u0161t\u00edtek FDX-B RFID se dod\u00e1v\u00e1 v r\u016fzn\u00fdch velikostech, v\u010detn\u011b\u00a0<strong>1,25 * 7 mm<\/strong>,\u00a0<strong>1,4 * 8 mm<\/strong>,\u00a0<strong>2 * 8 mm<\/strong>,\u00a0<strong>2*12 mm<\/strong>a\u00a0<strong>3*15mm<\/strong>. Tato \u0159ada umo\u017e\u0148uje flexibilitu v aplikaci, uspokojuj\u00edc\u00ed r\u016fzn\u00e9 velikosti zv\u00ed\u0159at od mal\u00fdch dom\u00e1c\u00edch zv\u00ed\u0159at a\u017e po v\u011bt\u0161\u00ed hospod\u00e1\u0159sk\u00e1 zv\u00ed\u0159ata. Zna\u010dka je\u00a0<strong>antibakteri\u00e1ln\u00ed, antialergick\u00e9 a proti odm\u00edtnut\u00ed<\/strong>\u00a0funkce zaji\u0161\u0165uj\u00ed, \u017ee je bezpe\u010dn\u00fd pro v\u0161echny druhy zv\u00ed\u0159at a poskytuje klid pro majitele dom\u00e1c\u00edch mazl\u00ed\u010dk\u016f a veterin\u00e1\u0159e.<\/span><\/p>\n<h4 class=\"AnswerParser_AnswerParserH4__ghxg8\">2. Technick\u00e9 specifikace<\/h4>\n<table class=\"hight-light-first-column all magic-18\">\n<tbody>\n<tr>\n<td colspan=\"1\" rowspan=\"1\">\n<div class=\"magic-19\">Polo\u017eka<\/div>\n<\/td>\n<td colspan=\"1\" rowspan=\"1\">\n<div class=\"magic-20\">RFID \u0161t\u00edtek na sklo<\/div>\n<\/td>\n<\/tr>\n<tr>\n<td colspan=\"1\" rowspan=\"1\">\n<div class=\"magic-19\">Materi\u00e1l<\/div>\n<\/td>\n<td colspan=\"1\" rowspan=\"1\">\n<div class=\"magic-20\">Biosklo<\/div>\n<\/td>\n<\/tr>\n<tr>\n<td colspan=\"1\" rowspan=\"1\">\n<div class=\"magic-19\">Dostupn\u00e1 velikost<\/div>\n<\/td>\n<td colspan=\"1\" rowspan=\"1\">\n<div class=\"magic-20\">1,25 * 7 mm, 1,4 * 8 mm, 2 * 8 mm, 2 * 12 mm, 3 * 15 mm atd.<\/div>\n<\/td>\n<\/tr>\n<tr>\n<td colspan=\"1\" rowspan=\"1\">\n<div class=\"magic-19\">Pracovn\u00ed frekvence<\/div>\n<\/td>\n<td colspan=\"1\" rowspan=\"1\">\n<div class=\"magic-20\" data-spm-anchor-id=\"a2700.details.0.i46.2ffc6c8dJHsoYV\">134,2 kHz, 125 khz, 13,56 MHz<\/div>\n<\/td>\n<\/tr>\n<tr>\n<td colspan=\"1\" rowspan=\"1\">\n<div class=\"magic-19\">Protocal<\/div>\n<\/td>\n<td colspan=\"1\" rowspan=\"1\">\n<div class=\"magic-20\">ISO11784\/785, ISO14443A<\/div>\n<\/td>\n<\/tr>\n<tr>\n<td colspan=\"1\" rowspan=\"1\">\n<div class=\"magic-19\">Artcraft<\/div>\n<\/td>\n<td colspan=\"1\" rowspan=\"1\">\n<div class=\"magic-20\">Programov\u00e1n\u00ed ID \u010d\u00edsel<\/div>\n<\/td>\n<\/tr>\n<tr>\n<td colspan=\"1\" rowspan=\"1\">\n<div class=\"magic-19\">Sterilizace<\/div>\n<\/td>\n<td colspan=\"1\" rowspan=\"1\">\n<div class=\"magic-20\">100% Sterilizace na l\u00e9ka\u0159sk\u00e9 \u00farovni<\/div>\n<\/td>\n<\/tr>\n<tr>\n<td colspan=\"1\" rowspan=\"1\">\n<div class=\"magic-19\">Funkce \u010dipu<\/div>\n<\/td>\n<td colspan=\"1\" rowspan=\"1\">\n<div class=\"magic-20\">Antibakteri\u00e1ln\u00ed, antialergick\u00fd, proti odm\u00edtnut\u00ed<\/div>\n<\/td>\n<\/tr>\n<tr>\n<td colspan=\"1\" rowspan=\"1\">\n<div class=\"magic-19\">aplikace<\/div>\n<\/td>\n<td colspan=\"1\" rowspan=\"1\">\n<div class=\"magic-20\" data-spm-anchor-id=\"a2700.details.0.i45.2ffc6c8dJHsoYV\">Spr\u00e1va dom\u00e1c\u00edch mazl\u00ed\u010dk\u016f atd<\/div>\n<\/td>\n<\/tr>\n<\/tbody>\n<\/table>\n<p><span class=\"AnswerParser_TextContainer__z_Iiv\" data-testid=\"youchat-text\">Tyto specifikace zd\u016fraz\u0148uj\u00ed v\u0161estrannost a spolehlivost \u0161t\u00edtku, d\u00edky \u010demu\u017e je vhodn\u00fd pro r\u016fzn\u00e9 pot\u0159eby identifikace zv\u00ed\u0159at.<\/span><\/p>\n<h4 class=\"AnswerParser_AnswerParserH4__ghxg8\">3. N\u00e1vod k pou\u017eit\u00ed<\/h4>\n<p><span class=\"AnswerParser_TextContainer__z_Iiv\" data-testid=\"youchat-text\">Sklen\u011bn\u00fd \u0161t\u00edtek FDX-B RFID je navr\u017een pro snadnou implantaci pomoc\u00ed specializovan\u00e9 injek\u010dn\u00ed st\u0159\u00edka\u010dky. Postup je p\u0159\u00edmo\u010dar\u00fd:<\/span><\/p>\n<ol class=\"AnswerParser_AnswerParserOrderedList__kl_2Y\">\n<li class=\"AnswerParser_ListItem__XqLOV\" translate=\"yes\"><strong>P\u0159ipravte injek\u010dn\u00ed st\u0159\u00edka\u010dku<\/strong>\u00a0se sklen\u011bn\u00fdm \u0161t\u00edtkem RFID.<\/li>\n<li class=\"AnswerParser_ListItem__XqLOV\" translate=\"yes\"><strong>Najd\u011bte m\u00edsto implantace<\/strong>\u00a0na zv\u00ed\u0159eti, typicky mezi lopatkami.<\/li>\n<li class=\"AnswerParser_ListItem__XqLOV\" translate=\"yes\"><strong>Vlo\u017ete zna\u010dku<\/strong>\u00a0pomoc\u00ed injek\u010dn\u00ed st\u0159\u00edka\u010dky a ujist\u011bte se, \u017ee je um\u00edst\u011bna pod k\u016f\u017ei.<\/li>\n<\/ol>\n<p><span class=\"AnswerParser_TextContainer__z_Iiv\" data-testid=\"youchat-text\">Tento jednoduch\u00fd postup umo\u017e\u0148uje rychl\u00e9 a efektivn\u00ed ozna\u010dov\u00e1n\u00ed zv\u00ed\u0159at a minimalizuje stres jak pro zv\u00ed\u0159e, tak pro psovoda.<\/span><\/p>\n<h4 class=\"AnswerParser_AnswerParserH4__ghxg8\">4. Vliv na \u017eivotn\u00ed prost\u0159ed\u00ed<\/h4>\n<p><span class=\"AnswerParser_TextContainer__z_Iiv\" data-testid=\"youchat-text\">Sklen\u011bn\u00fd \u0161t\u00edtek FDX-B RFID je navr\u017een s ohledem na udr\u017eitelnost. Materi\u00e1l z bioskla je \u0161etrn\u00fd k \u017eivotn\u00edmu prost\u0159ed\u00ed a lze jej bezpe\u010dn\u011b zlikvidovat bez po\u0161kozen\u00ed ekosyst\u00e9mu. V\u00fdrobn\u00ed proces nav\u00edc dodr\u017euje p\u0159\u00edsn\u00e9 ekologick\u00e9 normy, co\u017e zaji\u0161\u0165uje minim\u00e1ln\u00ed odpad a spot\u0159ebu energie.<\/span><\/p>\n<h4 class=\"AnswerParser_AnswerParserH4__ghxg8\">5. Z\u00e1kaznick\u00e9 recenze<\/h4>\n<p><span class=\"AnswerParser_TextContainer__z_Iiv\" data-testid=\"youchat-text\">Z\u00e1kazn\u00edci chv\u00e1lili sklen\u011bn\u00e9 \u0161t\u00edtky FDX-B RFID pro jejich spolehlivost a snadn\u00e9 pou\u017eit\u00ed. Mnoho veterin\u00e1\u0159\u016f uv\u00e1d\u00ed, \u017ee zna\u010dky v\u00fdrazn\u011b zlep\u0161ily jejich schopnost sledovat a \u0159\u00eddit zv\u00ed\u0159ata, co\u017e vede k lep\u0161\u00edm zdravotn\u00edm v\u00fdsledk\u016fm. Majitel\u00e9 dom\u00e1c\u00edch zv\u00ed\u0159at oce\u0148uj\u00ed klid, kter\u00fd p\u0159ich\u00e1z\u00ed s v\u011bdom\u00edm, \u017ee jejich mazl\u00ed\u010dci lze snadno identifikovat, pokud se ztrat\u00ed.<\/span><\/p>\n<h4 class=\"AnswerParser_AnswerParserH4__ghxg8\">6. Nej\u010dast\u011bj\u0161\u00ed dotazy<\/h4>\n<p><span class=\"AnswerParser_TextContainer__z_Iiv\" data-testid=\"youchat-text\"><strong>Ot\u00e1zka: Jak dlouho vydr\u017e\u00ed \u0161t\u00edtek RFID po implantaci?<\/strong><br \/>\nA: Sklen\u011bn\u00fd \u0161t\u00edtek FDX-B RFID je navr\u017een tak, aby vydr\u017eel po cel\u00fd \u017eivot zv\u00ed\u0159ete a poskytoval trvalou identifikaci.<\/span><span class=\"AnswerParser_TextContainer__z_Iiv\" data-testid=\"youchat-text\"><strong>Ot\u00e1zka: Je proces implantace pro zv\u00ed\u0159e bolestiv\u00fd?<\/strong><br \/>\nOdpov\u011b\u010f: Proces implantace je rychl\u00fd a minim\u00e1ln\u011b invazivn\u00ed, zp\u016fsobuje jen m\u00edrn\u00e9 nepohodl\u00ed, podobn\u011b jako o\u010dkov\u00e1n\u00ed.<\/span><span class=\"AnswerParser_TextContainer__z_Iiv\" data-testid=\"youchat-text\"><strong>Ot\u00e1zka: Lze zna\u010dku \u010d\u00edst na d\u00e1lku?<\/strong><br \/>\nOdpov\u011b\u010f: Ano, \u0161t\u00edtek lze \u010d\u00edst ze vzd\u00e1lenosti n\u011bkolika centimetr\u016f, v z\u00e1vislosti na pou\u017eit\u00e9 \u010dte\u010dce.<\/span><\/p>\n<h4 class=\"AnswerParser_AnswerParserH4__ghxg8\">7. Souvisej\u00edc\u00ed produkty<\/h4>\n<p><span class=\"AnswerParser_TextContainer__z_Iiv\" data-testid=\"youchat-text\">Krom\u011b \u0161t\u00edtku na sklo FDX-B RFID nab\u00edz\u00edme \u0159adu souvisej\u00edc\u00edch produkt\u016f, v\u010detn\u011b \u010dte\u010dek RFID a softwarov\u00fdch \u0159e\u0161en\u00ed pro management zv\u00ed\u0159at. Tyto produkty mohou zlep\u0161it va\u0161e mo\u017enosti sledov\u00e1n\u00ed a zefektivnit va\u0161e operace.<\/span><\/p>\n<h4 class=\"AnswerParser_AnswerParserH4__ghxg8\">8. Zaji\u0161t\u011bn\u00ed kvality<\/h4>\n<p><span class=\"AnswerParser_TextContainer__z_Iiv\" data-testid=\"youchat-text\">Sklen\u011bn\u00fd \u0161t\u00edtek FDX-B RFID se vyr\u00e1b\u00ed za p\u0159\u00edsn\u00fdch opat\u0159en\u00ed kontroly kvality, co\u017e zaji\u0161\u0165uje st\u00e1lou kvalitu a v\u00fdkon. Je akreditov\u00e1n r\u016fzn\u00fdmi mezin\u00e1rodn\u00edmi standardy, v\u010detn\u011b ISO 9001, ISO 14001 a ISO 45001, kter\u00e9 poskytuj\u00ed z\u00e1ruku jeho spolehlivosti a bezpe\u010dnosti.<\/span><\/p>\n<h4 class=\"AnswerParser_AnswerParserH4__ghxg8\">9. Z\u00e1v\u011br<\/h4>\n<p><span class=\"AnswerParser_TextContainer__z_Iiv\" data-testid=\"youchat-text\">Investice do\u00a0<strong>Transpond\u00e9r st\u0159\u00edka\u010dky FDX-B 134,2 kHz RFID pro zv\u00ed\u0159ec\u00ed ID Glass Tag<\/strong>\u00a0je chytrou volbou pro ka\u017ed\u00e9ho, kdo se zab\u00fdv\u00e1 p\u00e9\u010d\u00ed o zv\u00ed\u0159ata. Jeho pokro\u010dil\u00e9 funkce, snadn\u00e9 pou\u017eit\u00ed a z\u00e1vazek k bezpe\u010dnosti z n\u011bj \u010din\u00ed neoceniteln\u00fd n\u00e1stroj pro efektivn\u00ed p\u00e9\u010di o zv\u00ed\u0159ata. A\u0165 u\u017e jste veterin\u00e1\u0159, chovatel nebo majitel dom\u00e1c\u00edho mazl\u00ed\u010dka, tento \u0161t\u00edtek ze skla RFID zlep\u0161\u00ed va\u0161i schopnost efektivn\u011b sledovat a identifikovat zv\u00ed\u0159ata.<\/span><\/p>\n<h4 class=\"AnswerParser_AnswerParserH4__ghxg8\">10. V\u00fdzva k akci<\/h4>\n<p><span class=\"AnswerParser_TextContainer__z_Iiv\" data-testid=\"youchat-text\">Jste p\u0159ipraveni zlep\u0161it sv\u00e9 postupy chovu zv\u00ed\u0159at?\u00a0<strong>Kontaktujte n\u00e1s je\u0161t\u011b dnes<\/strong>\u00a0Chcete-li se dozv\u011bd\u011bt v\u00edce o \u0161t\u00edtku na sklo FDX-B RFID a prozkoumat na\u0161i \u0159adu \u0159e\u0161en\u00ed RFID. Vypl\u0148te n\u00e1\u0161 popt\u00e1vkov\u00fd formul\u00e1\u0159 pro bezplatn\u00fd vzorek nebo prodiskutujte sv\u00e9 specifick\u00e9 pot\u0159eby s na\u0161imi odborn\u00edky!<\/span><\/p>","protected":false},"excerpt":{"rendered":"<p>Transpond\u00e9r FDX-B 134,2 kHz RFID pro identifikaci zv\u00ed\u0159at se sklen\u011bn\u00fdm \u0161t\u00edtkem je \u0161pi\u010dkov\u00e9 \u0159e\u0161en\u00ed pro identifikaci a spr\u00e1vu zv\u00ed\u0159at.<\/p>","protected":false},"featured_media":2793,"template":"","meta":{"_kad_post_transparent":"default","_kad_post_title":"","_kad_post_layout":"default","_kad_post_sidebar_id":"","_kad_post_content_style":"default","_kad_post_vertical_padding":"default","_kad_post_feature":"","_kad_post_feature_position":"","_kad_post_header":false,"_kad_post_footer":false,"_kad_post_classname":""},"product_brand":[],"product_cat":[54],"product_tag":[327,330,329,328],"class_list":{"0":"post-2792","1":"product","2":"type-product","3":"status-publish","4":"has-post-thumbnail","6":"product_cat-hot-selling-rfid-tags","7":"product_tag-fdx-b-134-2khz-rfid-animal-tag","8":"product_tag-rfid-animal-id-glass-tag-syringe","9":"product_tag-rfid-glass-tag-syringe-animal-microchip","10":"product_tag-rfid-pet-microchip-implant-capsule","12":"first","13":"instock","14":"shipping-taxable","15":"product-type-simple","16":"entry","17":"content-bg","18":"loop-entry"},"_links":{"self":[{"href":"https:\/\/rfid-laundry-tag.com\/cs\/wp-json\/wp\/v2\/product\/2792","targetHints":{"allow":["GET"]}}],"collection":[{"href":"https:\/\/rfid-laundry-tag.com\/cs\/wp-json\/wp\/v2\/product"}],"about":[{"href":"https:\/\/rfid-laundry-tag.com\/cs\/wp-json\/wp\/v2\/types\/product"}],"version-history":[{"count":2,"href":"https:\/\/rfid-laundry-tag.com\/cs\/wp-json\/wp\/v2\/product\/2792\/revisions"}],"predecessor-version":[{"id":2797,"href":"https:\/\/rfid-laundry-tag.com\/cs\/wp-json\/wp\/v2\/product\/2792\/revisions\/2797"}],"wp:featuredmedia":[{"embeddable":true,"href":"https:\/\/rfid-laundry-tag.com\/cs\/wp-json\/wp\/v2\/media\/2793"}],"wp:attachment":[{"href":"https:\/\/rfid-laundry-tag.com\/cs\/wp-json\/wp\/v2\/media?parent=2792"}],"wp:term":[{"taxonomy":"product_brand","embeddable":true,"href":"https:\/\/rfid-laundry-tag.com\/cs\/wp-json\/wp\/v2\/product_brand?post=2792"},{"taxonomy":"product_cat","embeddable":true,"href":"https:\/\/rfid-laundry-tag.com\/cs\/wp-json\/wp\/v2\/product_cat?post=2792"},{"taxonomy":"product_tag","embeddable":true,"href":"https:\/\/rfid-laundry-tag.com\/cs\/wp-json\/wp\/v2\/product_tag?post=2792"}],"curies":[{"name":"wp","href":"https:\/\/api.w.org\/{rel}","templated":true}]}}