{"id":2790,"date":"2024-10-29T10:34:39","date_gmt":"2024-10-29T10:34:39","guid":{"rendered":"https:\/\/rfid-laundry-tag.com\/?post_type=product&#038;p=2790"},"modified":"2024-10-29T10:49:45","modified_gmt":"2024-10-29T10:49:45","slug":"rfid-pet-microchip-implant-capsule","status":"publish","type":"product","link":"https:\/\/rfid-laundry-tag.com\/cs\/rfid-pet-microchip-implant-capsule\/","title":{"rendered":"RFID kapsle s mikro\u010dipem pro dom\u00e1c\u00ed mazl\u00ed\u010dky"},"content":{"rendered":"<p><span class=\"AnswerParser_TextContainer__z_Iiv\" data-testid=\"youchat-text\"><strong>RFID kapsle s mikro\u010dipem pro dom\u00e1c\u00ed mazl\u00ed\u010dky<\/strong>\u00a0nab\u00edz\u00ed spolehliv\u00e9 a efektivn\u00ed \u0159e\u0161en\u00ed pro majitele dom\u00e1c\u00edch mazl\u00ed\u010dk\u016f, kte\u0159\u00ed cht\u011bj\u00ed m\u00edt p\u0159ehled o sv\u00fdch zv\u00ed\u0159atech. Tento inovativn\u00ed produkt je navr\u017een tak, aby poskytoval trvalou metodu identifikace, kter\u00e1 je jak bezpe\u010dn\u00e1, tak \u00fa\u010dinn\u00e1. D\u00edky sv\u00e9 pokro\u010dil\u00e9 technologii a l\u00e9ka\u0159sk\u00fdm materi\u00e1l\u016fm je tento mikro\u010dip nezbytnost\u00ed pro zodpov\u011bdn\u00e9 dr\u017een\u00ed dom\u00e1c\u00edch mazl\u00ed\u010dk\u016f.<\/span><\/p>\n<h2 class=\"AnswerParser_AnswerParserH2__SIHnF\">Pro\u010d si vybrat RFID mikro\u010dipovou implant\u00e1tovou kapsli pro dom\u00e1c\u00ed mazl\u00ed\u010dky?<\/h2>\n<p><span class=\"AnswerParser_TextContainer__z_Iiv\" data-testid=\"youchat-text\">RFID mikro\u010dipov\u00e1 implant\u00e1tov\u00e1 kapsle pro dom\u00e1c\u00ed mazl\u00ed\u010dky nen\u00ed jen produkt; je to z\u00e1vazek k bezpe\u010dnosti va\u0161eho mazl\u00ed\u010dka. Implantac\u00ed tohoto mikro\u010dipu zajist\u00edte, \u017ee va\u0161eho mazl\u00ed\u010dka bude mo\u017en\u00e9 snadno identifikovat, pokud se n\u011bkdy ztrat\u00ed. Mikro\u010dip je mal\u00fd, odoln\u00fd a vyroben\u00fd z\u00a0<strong>biosklo<\/strong>, tak\u017ee je bezpe\u010dn\u00fd pro implantaci. S r\u016fzn\u00fdmi dostupn\u00fdmi velikostmi, v\u010detn\u011b\u00a0<strong>1,25 * 7 mm<\/strong>,\u00a0<strong>2*12 mm<\/strong>a dal\u0161\u00ed, lze jej pou\u017e\u00edt pro dom\u00e1c\u00ed mazl\u00ed\u010dky v\u0161ech velikost\u00ed, od mal\u00fdch ryb a\u017e po velk\u00e9 psy.<\/span><\/p>\n<h3 class=\"AnswerParser_AnswerParserH3__Mpe4s\">Kl\u00ed\u010dov\u00e9 v\u00fdhody:<\/h3>\n<ul class=\"AnswerParser_AnswerParserUnorderedList__P_1FW\">\n<li class=\"AnswerParser_ListItem__XqLOV\" translate=\"yes\"><strong>Trval\u00e1 identifikace<\/strong>: Na rozd\u00edl od obojk\u016f nebo visa\u010dek nelze mikro\u010dip ztratit ani odstranit.<\/li>\n<li class=\"AnswerParser_ListItem__XqLOV\" translate=\"yes\"><strong>Sterilizace l\u00e9ka\u0159sk\u00e9 kvality<\/strong>: Ka\u017ed\u00e1 kapsle proch\u00e1z\u00ed\u00a0<strong>100% sterilizace l\u00e9ka\u0159sk\u00e9 kvality<\/strong>zaji\u0161\u0165uj\u00edc\u00ed bezpe\u010dnost p\u0159i implantaci.<\/li>\n<li class=\"AnswerParser_ListItem__XqLOV\" translate=\"yes\"><strong>Antibakteri\u00e1ln\u00ed a antialergick\u00e9 vlastnosti<\/strong>: \u010cip je navr\u017een tak, aby minimalizoval riziko infekce a alergick\u00fdch reakc\u00ed.<\/li>\n<\/ul>\n<h2 class=\"AnswerParser_AnswerParserH2__SIHnF\">Vlastnosti produktu<\/h2>\n<h3 class=\"AnswerParser_AnswerParserH3__Mpe4s\">1. Pokro\u010dil\u00e1 technologie<\/h3>\n<p><span class=\"AnswerParser_TextContainer__z_Iiv\" data-testid=\"youchat-text\">RFID mikro\u010dipov\u00e1 implant\u00e1tov\u00e1 kapsle pro dom\u00e1c\u00ed mazl\u00ed\u010dky pracuje s frekvenc\u00ed\u00a0<strong>134,2 kHz<\/strong>, v souladu s\u00a0<strong>ISO11784\/785<\/strong>\u00a0a\u00a0<strong>ISO14443A<\/strong>\u00a0protokoly. To zaji\u0161\u0165uje kompatibilitu s r\u016fzn\u00fdmi \u010dte\u010dkami RFID, co\u017e usnad\u0148uje skenov\u00e1n\u00ed a z\u00edsk\u00e1v\u00e1n\u00ed informac\u00ed o va\u0161em mazl\u00ed\u010dkovi.<\/span><\/p>\n<h3 class=\"AnswerParser_AnswerParserH3__Mpe4s\">2. Odoln\u00fd a bezpe\u010dn\u00fd materi\u00e1l<\/h3>\n<p><span class=\"AnswerParser_TextContainer__z_Iiv\" data-testid=\"youchat-text\">Vyrobeno z\u00a0<strong>biosklo<\/strong>, je mikro\u010dip navr\u017een tak, aby odolal \u00faskal\u00edm \u017eivotn\u00edho stylu zv\u00ed\u0159at. The\u00a0<strong>parylenov\u00fd povlak<\/strong>\u00a0zabra\u0148uje migraci po implantaci a zaji\u0161\u0165uje, \u017ee \u010dip z\u016fstane bezpe\u010dn\u011b na sv\u00e9m m\u00edst\u011b.<\/span><\/p>\n<h3 class=\"AnswerParser_AnswerParserH3__Mpe4s\">3. Mo\u017enosti velikosti<\/h3>\n<p><span class=\"AnswerParser_TextContainer__z_Iiv\" data-testid=\"youchat-text\">Implanta\u010dn\u00ed kapsle s mikro\u010dipem pro dom\u00e1c\u00ed mazl\u00ed\u010dky, dostupn\u00e1 v n\u011bkolika velikostech, vyhovuje r\u016fzn\u00fdm zv\u00ed\u0159at\u016fm:<\/span><\/p>\n<ul class=\"AnswerParser_AnswerParserUnorderedList__P_1FW\">\n<li class=\"AnswerParser_ListItem__XqLOV\" translate=\"yes\"><strong>1,25 * 7 mm<\/strong>: Ide\u00e1ln\u00ed pro mal\u00e1 dom\u00e1c\u00ed zv\u00ed\u0159ata, jako jsou ryby a my\u0161i.<\/li>\n<li class=\"AnswerParser_ListItem__XqLOV\" translate=\"yes\"><strong>2*12 mm<\/strong>: B\u011b\u017en\u011b se pou\u017e\u00edv\u00e1 pro psy, ko\u010dky a v\u011bt\u0161\u00ed zv\u00ed\u0159ata.<\/li>\n<\/ul>\n<h3 class=\"AnswerParser_AnswerParserH3__Mpe4s\">4. Snadn\u00e1 implantace<\/h3>\n<p><span class=\"AnswerParser_TextContainer__z_Iiv\" data-testid=\"youchat-text\">Mikro\u010dip lze snadno implantovat pomoc\u00ed injek\u010dn\u00ed st\u0159\u00edka\u010dky, d\u00edky \u010demu\u017e je proces pro va\u0161eho mazl\u00ed\u010dka rychl\u00fd a bezbolestn\u00fd. The\u00a0<strong>injektor<\/strong>\u00a0je navr\u017een pro p\u0159esnost a zaji\u0161\u0165uje spr\u00e1vn\u00e9 um\u00edst\u011bn\u00ed \u010dipu.<\/span><\/p>\n<h3 class=\"AnswerParser_AnswerParserH3__Mpe4s\">5. Programovateln\u00e9 ID \u010d\u00edslo<\/h3>\n<p><span class=\"AnswerParser_TextContainer__z_Iiv\" data-testid=\"youchat-text\">Ka\u017ed\u00fd mikro\u010dip je dod\u00e1v\u00e1n s jedine\u010dn\u00fdm ID \u010d\u00edslem, kter\u00e9 lze naprogramovat tak, aby se propojilo s informacemi o va\u0161em mazl\u00ed\u010dkovi, v\u010detn\u011b anamn\u00e9zy a podrobnost\u00ed o majiteli. Tato funkce zvy\u0161uje \u0161ance na \u00fasp\u011b\u0161n\u00e9 shled\u00e1n\u00ed, pokud v\u00e1\u0161 mazl\u00ed\u010dek zmiz\u00ed.<\/span><\/p>\n<h2 class=\"AnswerParser_AnswerParserH2__SIHnF\">Vliv na \u017eivotn\u00ed prost\u0159ed\u00ed<\/h2>\n<p><span class=\"AnswerParser_TextContainer__z_Iiv\" data-testid=\"youchat-text\">Implanta\u010dn\u00ed kapsle RFID Pet Microchip je navr\u017eena s ohledem na udr\u017eitelnost. Pou\u017eit\u00e9 materi\u00e1ly jsou \u0161etrn\u00e9 k \u017eivotn\u00edmu prost\u0159ed\u00ed a v\u00fdrobn\u00ed proces dodr\u017euje p\u0159\u00edsn\u00e9\u00a0<strong>ISO 9001<\/strong>\u00a0a\u00a0<strong>ISO 14001<\/strong>\u00a0standardy. Tento z\u00e1vazek kvality a udr\u017eitelnosti zaji\u0161\u0165uje, \u017ee se rozhodujete zodpov\u011bdn\u011b pro sv\u00e9ho mazl\u00ed\u010dka a planetu.<\/span><\/p>\n<h2 class=\"AnswerParser_AnswerParserH2__SIHnF\">Z\u00e1kaznick\u00e9 recenze<\/h2>\n<p><span class=\"AnswerParser_TextContainer__z_Iiv\" data-testid=\"youchat-text\">Mnoho majitel\u016f dom\u00e1c\u00edch mazl\u00ed\u010dk\u016f nalezlo klid po implantaci kapsle s mikro\u010dipem pro dom\u00e1c\u00ed mazl\u00ed\u010dky RFID do sv\u00fdch mazl\u00ed\u010dk\u016f. Zde jsou n\u011bkter\u00e9 posudky:<\/span><\/p>\n<ul class=\"AnswerParser_AnswerParserUnorderedList__P_1FW\">\n<li class=\"AnswerParser_ListItem__XqLOV\" translate=\"yes\"><strong>Sarah T.<\/strong>: \u201eB\u00e1l jsem se, \u017ee se moje ko\u010dka ztrat\u00ed, ale te\u010f se c\u00edt\u00edm mnohem l\u00e9pe, kdy\u017e v\u00edm, \u017ee m\u00e1 mikro\u010dip. Je to mal\u00e1 cena za jej\u00ed bezpe\u010dnost!\u201c<\/li>\n<li class=\"AnswerParser_ListItem__XqLOV\" translate=\"yes\"><strong>John D.<\/strong>: \u201eProces implantace byl rychl\u00fd a snadn\u00fd. Tento produkt v\u0159ele doporu\u010duji v\u0161em majitel\u016fm dom\u00e1c\u00edch mazl\u00ed\u010dk\u016f.\u201d<\/li>\n<\/ul>\n<h2 class=\"AnswerParser_AnswerParserH2__SIHnF\">Nej\u010dast\u011bj\u0161\u00ed dotazy<\/h2>\n<h3 class=\"AnswerParser_AnswerParserH3__Mpe4s\">Jak funguje mikro\u010dip pro dom\u00e1c\u00ed mazl\u00ed\u010dky RFID?<\/h3>\n<p><span class=\"AnswerParser_TextContainer__z_Iiv\" data-testid=\"youchat-text\">Mikro\u010dip vyu\u017e\u00edv\u00e1 technologii radiofrekven\u010dn\u00ed identifikace k p\u0159enosu jedine\u010dn\u00e9ho ID \u010d\u00edsla va\u0161eho mazl\u00ed\u010dka do skeneru. Tyto informace pak lze propojit s va\u0161imi kontaktn\u00edmi \u00fadaji.<\/span><\/p>\n<h3 class=\"AnswerParser_AnswerParserH3__Mpe4s\">Je proces implantace pro m\u00e9ho mazl\u00ed\u010dka bolestiv\u00fd?<\/h3>\n<p><span class=\"AnswerParser_TextContainer__z_Iiv\" data-testid=\"youchat-text\">Implantace je podobn\u00e1 b\u011b\u017en\u00e9mu o\u010dkov\u00e1n\u00ed a je obecn\u011b rychl\u00e1 a bezbolestn\u00e1. V\u011bt\u0161ina dom\u00e1c\u00edch zv\u00ed\u0159at za\u017e\u00edv\u00e1 minim\u00e1ln\u00ed nepohodl\u00ed.<\/span><\/p>\n<h3 class=\"AnswerParser_AnswerParserH3__Mpe4s\">Lze mikro\u010dip vyjmout?<\/h3>\n<p><span class=\"AnswerParser_TextContainer__z_Iiv\" data-testid=\"youchat-text\">Ne, mikro\u010dip pro dom\u00e1c\u00ed mazl\u00ed\u010dky RFID je navr\u017een jako trval\u00e1 forma identifikace. Po implantaci ji nelze odstranit.<\/span><\/p>\n<h3 class=\"AnswerParser_AnswerParserH3__Mpe4s\">Co kdy\u017e se m\u016fj mazl\u00ed\u010dek ztrat\u00ed?<\/h3>\n<p><span class=\"AnswerParser_TextContainer__z_Iiv\" data-testid=\"youchat-text\">Pokud je v\u00e1\u0161 mazl\u00ed\u010dek nalezen a naskenov\u00e1n, jedine\u010dn\u00e9 ID \u010d\u00edslo poskytne p\u0159\u00edstup k va\u0161im kontaktn\u00edm informac\u00edm, co\u017e umo\u017en\u00ed rychl\u00e9 shled\u00e1n\u00ed.<\/span><\/p>\n<h2 class=\"AnswerParser_AnswerParserH2__SIHnF\">Z\u00e1v\u011br<\/h2>\n<p><span class=\"AnswerParser_TextContainer__z_Iiv\" data-testid=\"youchat-text\">Investice do\u00a0<strong>RFID kapsle s mikro\u010dipem pro dom\u00e1c\u00ed mazl\u00ed\u010dky<\/strong>\u00a0je proaktivn\u00edm krokem k zaji\u0161t\u011bn\u00ed bezpe\u010d\u00ed a pohody va\u0161eho mazl\u00ed\u010dka. D\u00edky sv\u00e9 pokro\u010dil\u00e9 technologii, odoln\u00fdm materi\u00e1l\u016fm a snadn\u00e9mu pou\u017eit\u00ed je tento mikro\u010dip nezbytn\u00fdm n\u00e1strojem pro zodpov\u011bdn\u00e9 vlastnictv\u00ed dom\u00e1c\u00edch mazl\u00ed\u010dk\u016f. Ne\u010dekejte, a\u017e bude p\u0159\u00edli\u0161 pozd\u011b \u2013 zajist\u011bte budoucnost sv\u00e9ho mazl\u00ed\u010dka je\u0161t\u011b dnes s t\u00edmto spolehliv\u00fdm identifika\u010dn\u00edm \u0159e\u0161en\u00edm.<\/span><span class=\"AnswerParser_TextContainer__z_Iiv\" data-testid=\"youchat-text\">Pro v\u00edce informac\u00ed nebo pro objedn\u00e1n\u00ed vypl\u0148te pros\u00edm n\u00e1\u0161 popt\u00e1vkov\u00fd formul\u00e1\u0159. V\u00e1\u0161 mazl\u00ed\u010dek si zaslou\u017e\u00ed to nejlep\u0161\u00ed!<\/span><\/p>","protected":false},"excerpt":{"rendered":"<p>Implanta\u010dn\u00ed kapsle RFID Pet Microchip nab\u00edz\u00ed spolehlivou, hum\u00e1nn\u00ed identifikaci zv\u00ed\u0159at s odoln\u00fdm designem z bioskla, kter\u00fd zaji\u0161\u0165uje bezpe\u010dnost a p\u0159esnost pro r\u016fzn\u00e9 druhy.<\/p>","protected":false},"featured_media":2787,"template":"","meta":{"_kad_post_transparent":"default","_kad_post_title":"","_kad_post_layout":"default","_kad_post_sidebar_id":"","_kad_post_content_style":"default","_kad_post_vertical_padding":"default","_kad_post_feature":"","_kad_post_feature_position":"","_kad_post_header":false,"_kad_post_footer":false,"_kad_post_classname":""},"product_brand":[],"product_cat":[54],"product_tag":[327,326,329,328],"class_list":{"0":"post-2790","1":"product","2":"type-product","3":"status-publish","4":"has-post-thumbnail","6":"product_cat-hot-selling-rfid-tags","7":"product_tag-fdx-b-134-2khz-rfid-animal-tag","8":"product_tag-rfid-animal-id-glass-tag","9":"product_tag-rfid-glass-tag-syringe-animal-microchip","10":"product_tag-rfid-pet-microchip-implant-capsule","12":"first","13":"instock","14":"shipping-taxable","15":"product-type-simple","16":"entry","17":"content-bg","18":"loop-entry"},"_links":{"self":[{"href":"https:\/\/rfid-laundry-tag.com\/cs\/wp-json\/wp\/v2\/product\/2790","targetHints":{"allow":["GET"]}}],"collection":[{"href":"https:\/\/rfid-laundry-tag.com\/cs\/wp-json\/wp\/v2\/product"}],"about":[{"href":"https:\/\/rfid-laundry-tag.com\/cs\/wp-json\/wp\/v2\/types\/product"}],"version-history":[{"count":1,"href":"https:\/\/rfid-laundry-tag.com\/cs\/wp-json\/wp\/v2\/product\/2790\/revisions"}],"predecessor-version":[{"id":2791,"href":"https:\/\/rfid-laundry-tag.com\/cs\/wp-json\/wp\/v2\/product\/2790\/revisions\/2791"}],"wp:featuredmedia":[{"embeddable":true,"href":"https:\/\/rfid-laundry-tag.com\/cs\/wp-json\/wp\/v2\/media\/2787"}],"wp:attachment":[{"href":"https:\/\/rfid-laundry-tag.com\/cs\/wp-json\/wp\/v2\/media?parent=2790"}],"wp:term":[{"taxonomy":"product_brand","embeddable":true,"href":"https:\/\/rfid-laundry-tag.com\/cs\/wp-json\/wp\/v2\/product_brand?post=2790"},{"taxonomy":"product_cat","embeddable":true,"href":"https:\/\/rfid-laundry-tag.com\/cs\/wp-json\/wp\/v2\/product_cat?post=2790"},{"taxonomy":"product_tag","embeddable":true,"href":"https:\/\/rfid-laundry-tag.com\/cs\/wp-json\/wp\/v2\/product_tag?post=2790"}],"curies":[{"name":"wp","href":"https:\/\/api.w.org\/{rel}","templated":true}]}}