{"id":279,"date":"2024-06-26T08:08:27","date_gmt":"2024-06-26T08:08:27","guid":{"rendered":"https:\/\/rfid-laundry-tag.com\/?post_type=product&#038;p=279"},"modified":"2024-06-26T09:06:58","modified_gmt":"2024-06-26T09:06:58","slug":"uhf-rfid-flexible-anti-metal-tag","status":"publish","type":"product","link":"https:\/\/rfid-laundry-tag.com\/cs\/uhf-rfid-flexible-anti-metal-tag\/","title":{"rendered":"Flexibiln\u00ed antikovov\u00fd \u0161t\u00edtek UHF RFID"},"content":{"rendered":"<table style=\"border-collapse: collapse; width: 370.82pt;\" border=\"0\" width=\"618\" cellspacing=\"0\" cellpadding=\"0\">\n<tbody>\n<tr style=\"height: 17.40pt;\">\n<td class=\"et2\" style=\"height: 17.40pt; width: 127.80pt;\" width=\"213\" height=\"29\">N\u00e1zev polo\u017eky<\/td>\n<td class=\"et3\" style=\"width: 243.00pt;\" width=\"405\">Flexibiln\u00ed antikovov\u00fd \u0161t\u00edtek UHF RFID<\/td>\n<\/tr>\n<tr style=\"height: 41.00pt;\">\n<td class=\"et4\" style=\"height: 41.00pt; width: 127.80pt;\" width=\"213\" height=\"68\">Materi\u00e1l<\/td>\n<td class=\"et5\" style=\"width: 243.00pt;\" width=\"405\">Nat\u00edran\u00fd pap\u00edr + EFVA p\u011bna<\/td>\n<\/tr>\n<tr style=\"height: 25.00pt;\">\n<td class=\"et4\" style=\"height: 25.00pt; width: 127.80pt;\" width=\"213\" height=\"41\">Velikost<\/td>\n<td class=\"et5\" style=\"width: 243.00pt;\" width=\"405\">90 * 25 * 1,2 mm, 60 * 25 * 1,2 mm, 70 * 30 atd.<\/td>\n<\/tr>\n<tr style=\"height: 17.40pt;\">\n<td class=\"et4\" style=\"height: 17.40pt; width: 127.80pt;\" width=\"213\" height=\"29\">\u010cip<\/td>\n<td class=\"et5\" style=\"width: 243.00pt;\" width=\"405\">Monza R6, U9 atd<\/td>\n<\/tr>\n<tr style=\"height: 40.00pt;\">\n<td class=\"et4\" style=\"height: 40.00pt; width: 127.80pt;\" width=\"213\" height=\"66\">Protokol<\/td>\n<td class=\"et5\" style=\"width: 243.00pt;\" width=\"405\">ISO\/IEC18000-6C<\/td>\n<\/tr>\n<tr style=\"height: 17.40pt;\">\n<td class=\"et4\" style=\"height: 17.40pt; width: 127.80pt;\" width=\"213\" height=\"29\">Frekvence<\/td>\n<td class=\"et5\" style=\"width: 243.00pt;\" width=\"405\">902-928 MHz<\/td>\n<\/tr>\n<tr style=\"height: 63.00pt;\">\n<td class=\"et4\" style=\"height: 63.00pt; width: 127.80pt;\" width=\"213\" height=\"105\">Personalizace<\/td>\n<td class=\"et5\" style=\"width: 243.00pt;\" width=\"405\">Tisk loga, k\u00f3dov\u00e1n\u00ed<\/td>\n<\/tr>\n<tr style=\"height: 60.00pt;\">\n<td class=\"et6\" style=\"height: 60.00pt; width: 127.80pt;\" width=\"213\" height=\"100\">aplikace<\/td>\n<td class=\"et7\" style=\"width: 243.00pt;\" width=\"405\">skladov\u00e1 police, IT aktiva \/ Kovov\u00fd kontejner \/ Sledov\u00e1n\u00ed za\u0159\u00edzen\u00ed a za\u0159\u00edzen\u00ed<\/td>\n<\/tr>\n<\/tbody>\n<\/table>\n<div><\/div>\n<div class=\"auto-hide-last-sibling-br paragraph_9dc5f paragraph-element\">\n<div class=\"auto-hide-last-sibling-br paragraph_9dc5f paragraph-element\">\u0160t\u00edtek RFID pro tisk na kov nab\u00edz\u00ed \u0159adu pozoruhodn\u00fdch funkc\u00ed, d\u00edky kter\u00fdm je ide\u00e1ln\u00ed volbou pro r\u016fzn\u00e9 aplikace:<\/div>\n<p><br class=\"container_21264 wrapper_661ac undefined\" \/><\/p>\n<ol class=\"auto-hide-last-sibling-br\">\n<li>\n<div class=\"auto-hide-last-sibling-br paragraph_9dc5f paragraph-element\">Perfektn\u00ed v\u00fdkon RFID na kovov\u00fdch povr\u0161\u00edch: \u0160t\u00edtek je speci\u00e1ln\u011b navr\u017een tak, aby poskytoval optim\u00e1ln\u00ed v\u00fdkon p\u0159i p\u0159ipojen\u00ed ke kovov\u00fdm entit\u00e1m.<\/div>\n<\/li>\n<li>\n<div class=\"auto-hide-last-sibling-br paragraph_9dc5f paragraph-element\">Ultra-mal\u00fd a ultratenk\u00fd: S tlou\u0161\u0165kou pouze 1 mm je \u0161t\u00edtek RFID neuv\u011b\u0159iteln\u011b kompaktn\u00ed, tak\u017ee je ide\u00e1ln\u00ed pro termotransferov\u00fd tisk.<\/div>\n<\/li>\n<li>\n<div class=\"auto-hide-last-sibling-br paragraph_9dc5f paragraph-element\">Flexibilita: \u0160t\u00edtek je navr\u017een tak, aby byl flexibiln\u00ed, co\u017e znamen\u00e1, \u017ee se m\u016f\u017ee bez probl\u00e9m\u016f p\u0159izp\u016fsobit zak\u0159iven\u00fdm povrch\u016fm.<\/div>\n<\/li>\n<li>\n<div class=\"auto-hide-last-sibling-br paragraph_9dc5f paragraph-element\">Velk\u00fd dosah \u010dten\u00ed: Jakmile je \u0161t\u00edtek p\u0159ipevn\u011bn na kovov\u00fd povrch, m\u016f\u017ee se pochlubit p\u016fsobiv\u00fdm dosahem \u010dten\u00ed a\u017e 8 metr\u016f a nab\u00edz\u00ed vynikaj\u00edc\u00ed sledovatelnost.<\/div>\n<\/li>\n<li>\n<div class=\"auto-hide-last-sibling-br paragraph_9dc5f paragraph-element\">Frekven\u010dn\u00ed podpora: Zna\u010dka podporuje frekvence jak FCC (Federal Communications Commission) tak ETSI (Evropsk\u00fd institut pro telekomunika\u010dn\u00ed standardy), tak\u017ee je adaptabiln\u00ed pro pou\u017eit\u00ed v r\u016fzn\u00fdch regionech.<\/div>\n<\/li>\n<li>\n<div class=\"auto-hide-last-sibling-br paragraph_9dc5f paragraph-element\">\u0160pi\u010dkov\u00e1 ochrana: D\u00edky hodnocen\u00ed IP68 je \u0161t\u00edtek RFID prachot\u011bsn\u00fd a vydr\u017e\u00ed pono\u0159en\u00ed do vody, co\u017e z n\u011bj \u010din\u00ed vynikaj\u00edc\u00ed volbu pro n\u00e1ro\u010dn\u00e1 prost\u0159ed\u00ed nebo aplikace, kde je nezbytn\u00e1 odolnost v\u016f\u010di drsn\u00fdm podm\u00ednk\u00e1m.<\/div>\n<\/li>\n<\/ol>\n<div class=\"auto-hide-last-sibling-br paragraph_9dc5f paragraph-element\">Tyto funkce se spojuj\u00ed a d\u011blaj\u00ed z RFID tagu Printable On Metal v\u00fdkonn\u00fd a v\u0161estrann\u00fd n\u00e1stroj pro sledov\u00e1n\u00ed a spr\u00e1vu aktiv na kovov\u00fdch povr\u0161\u00edch.<\/div>\n<\/div>","protected":false},"excerpt":{"rendered":"<p>Flexibiln\u00ed antikovov\u00e9 \u0161t\u00edtky UHF RFID jsou speci\u00e1ln\u011b vytvo\u0159eny tak, aby efektivn\u011b fungovaly v n\u00e1ro\u010dn\u00fdch prost\u0159ed\u00edch a na kovov\u00fdch povr\u0161\u00edch. \u0160t\u00edtky jsou navr\u017eeny pro provoz na frekvenc\u00edch 865 MHz a\u017e 867 MHz UHF a jsou odoln\u00e9 v\u016f\u010di vod\u011b, prachu a extr\u00e9mn\u00edm teplot\u00e1m.<\/p>","protected":false},"featured_media":280,"template":"","meta":{"_kad_post_transparent":"default","_kad_post_title":"","_kad_post_layout":"default","_kad_post_sidebar_id":"","_kad_post_content_style":"default","_kad_post_vertical_padding":"default","_kad_post_feature":"","_kad_post_feature_position":"","_kad_post_header":false,"_kad_post_footer":false,"_kad_post_classname":""},"product_brand":[],"product_cat":[54],"product_tag":[106],"class_list":{"0":"post-279","1":"product","2":"type-product","3":"status-publish","4":"has-post-thumbnail","6":"product_cat-hot-selling-rfid-tags","7":"product_tag-uhf-rfid-flexible-anti-metal-tag","9":"first","10":"instock","11":"shipping-taxable","12":"product-type-simple","13":"entry","14":"content-bg","15":"loop-entry"},"_links":{"self":[{"href":"https:\/\/rfid-laundry-tag.com\/cs\/wp-json\/wp\/v2\/product\/279","targetHints":{"allow":["GET"]}}],"collection":[{"href":"https:\/\/rfid-laundry-tag.com\/cs\/wp-json\/wp\/v2\/product"}],"about":[{"href":"https:\/\/rfid-laundry-tag.com\/cs\/wp-json\/wp\/v2\/types\/product"}],"version-history":[{"count":0,"href":"https:\/\/rfid-laundry-tag.com\/cs\/wp-json\/wp\/v2\/product\/279\/revisions"}],"wp:featuredmedia":[{"embeddable":true,"href":"https:\/\/rfid-laundry-tag.com\/cs\/wp-json\/wp\/v2\/media\/280"}],"wp:attachment":[{"href":"https:\/\/rfid-laundry-tag.com\/cs\/wp-json\/wp\/v2\/media?parent=279"}],"wp:term":[{"taxonomy":"product_brand","embeddable":true,"href":"https:\/\/rfid-laundry-tag.com\/cs\/wp-json\/wp\/v2\/product_brand?post=279"},{"taxonomy":"product_cat","embeddable":true,"href":"https:\/\/rfid-laundry-tag.com\/cs\/wp-json\/wp\/v2\/product_cat?post=279"},{"taxonomy":"product_tag","embeddable":true,"href":"https:\/\/rfid-laundry-tag.com\/cs\/wp-json\/wp\/v2\/product_tag?post=279"}],"curies":[{"name":"wp","href":"https:\/\/api.w.org\/{rel}","templated":true}]}}