{"id":2784,"date":"2024-10-29T10:04:23","date_gmt":"2024-10-29T10:04:23","guid":{"rendered":"https:\/\/rfid-laundry-tag.com\/?post_type=product&#038;p=2784"},"modified":"2024-10-29T10:32:07","modified_gmt":"2024-10-29T10:32:07","slug":"134-2khz-tube-rfid-glass-tag","status":"publish","type":"product","link":"https:\/\/rfid-laundry-tag.com\/cs\/134-2khz-tube-rfid-glass-tag\/","title":{"rendered":"134,2KHz trubice RFID Glass Tag"},"content":{"rendered":"<p><span class=\"AnswerParser_TextContainer__z_Iiv\" data-testid=\"youchat-text\"><strong>134,2KHz trubice RFID Glass Tag<\/strong>\u00a0je inovativn\u00ed a spolehliv\u00e9 \u0159e\u0161en\u00ed pro identifikaci a management zv\u00ed\u0159at. Tento \u0161t\u00edtek ze skla RFID, navr\u017een\u00fd speci\u00e1ln\u011b pro spln\u011bn\u00ed norem ISO, poskytuje v\u00fdjime\u010dnou \u00farove\u0148 p\u0159esnosti a odolnosti, tak\u017ee je ide\u00e1ln\u00ed volbou pro majitele dom\u00e1c\u00edch zv\u00ed\u0159at, veterin\u00e1\u0159e a chovatele hospod\u00e1\u0159sk\u00fdch zv\u00ed\u0159at. D\u00edky sv\u00e9 kompaktn\u00ed velikosti a pokro\u010dil\u00fdm funkc\u00edm zaji\u0161\u0165uje tento produkt efektivn\u00ed sledov\u00e1n\u00ed a identifikaci zv\u00ed\u0159at a zlep\u0161uje postupy \u0159\u00edzen\u00ed v r\u016fzn\u00fdch aplikac\u00edch.<\/span><\/p>\n<h2 class=\"AnswerParser_AnswerParserH2__SIHnF\">V\u00fdhody sklen\u011bn\u00e9ho \u0161t\u00edtku RFID s trubic\u00ed 134,2 kHz<\/h2>\n<p><span class=\"AnswerParser_TextContainer__z_Iiv\" data-testid=\"youchat-text\">Investice do 134,2kHz trubice RFID Glass Tag nab\u00edz\u00ed \u0159adu v\u00fdhod. Poskytuje bezprobl\u00e9movou metodu identifikace, kter\u00e1 je nejen efektivn\u00ed, ale tak\u00e9 hum\u00e1nn\u00ed. \u0160t\u00edtek je vyroben z bioskla, co\u017e zaji\u0161\u0165uje, \u017ee je bezpe\u010dn\u00fd pro implantaci zv\u00ed\u0159at\u016fm. Jeho steriliza\u010dn\u00ed proces na l\u00e9ka\u0159sk\u00e9 \u00farovni zaru\u010duje, \u017ee ka\u017ed\u00fd \u0161t\u00edtek neobsahuje kontaminanty, \u010d\u00edm\u017e se sni\u017euje riziko infekc\u00ed. Antibakteri\u00e1ln\u00ed a antialergick\u00e9 vlastnosti \u0161t\u00edtku nav\u00edc zaji\u0161\u0165uj\u00ed, \u017ee zv\u00ed\u0159ata z\u016fstanou po implantaci pohodln\u00e1.<\/span><span class=\"AnswerParser_TextContainer__z_Iiv\" data-testid=\"youchat-text\">Tato sklen\u011bn\u00e1 etiketa RFID je k dispozici v r\u016fzn\u00fdch velikostech (1,25<em>7 mm, 1,4<\/em>8 mm, 2<em>8 mm, 2<\/em>12 mm a 3 x 15 mm), kter\u00e9 vyhovuj\u00ed r\u016fzn\u00fdm druh\u016fm a velikostem zv\u00ed\u0159at. Pracuje na pracovn\u00ed frekvenci 134,2 kHz, d\u00edky \u010demu\u017e je vhodn\u00fd pro \u0161irokou \u0161k\u00e1lu aplikac\u00ed, od chovu dom\u00e1c\u00edch zv\u00ed\u0159at a\u017e po sledov\u00e1n\u00ed hospod\u00e1\u0159sk\u00fdch zv\u00ed\u0159at.<\/span><\/p>\n<h2 class=\"AnswerParser_AnswerParserH2__SIHnF\">P\u0159ehled produktu<\/h2>\n<h3 class=\"AnswerParser_AnswerParserH3__Mpe4s\">1. Co je to RFID Glass Tag?<\/h3>\n<p><span class=\"AnswerParser_TextContainer__z_Iiv\" data-testid=\"youchat-text\">RFID sklen\u011bn\u00e9 \u0161t\u00edtky, zn\u00e1m\u00e9 tak\u00e9 jako RFID kapslov\u00e9 \u0161t\u00edtky, jsou mal\u00e9 transpond\u00e9ry ur\u010den\u00e9 p\u0159edev\u0161\u00edm pro identifikaci zv\u00ed\u0159at. Vyu\u017e\u00edvaj\u00ed technologii radiofrekven\u010dn\u00ed identifikace (RFID), kter\u00e1 umo\u017e\u0148uje p\u0159esn\u00e9 sledov\u00e1n\u00ed a \u0159\u00edzen\u00ed zv\u00ed\u0159at. Sklen\u011bn\u00fd \u0161t\u00edtek RFID s tubusem 134,2 kHz je speci\u00e1ln\u011b navr\u017een tak, aby spl\u0148oval protokoly ISO11784\/785 a ISO14443A, co\u017e zaji\u0161\u0165uje kompatibilitu s r\u016fzn\u00fdmi syst\u00e9my RFID.<\/span><\/p>\n<h3 class=\"AnswerParser_AnswerParserH3__Mpe4s\">2. Kl\u00ed\u010dov\u00e9 vlastnosti sklen\u011bn\u00e9ho \u0161t\u00edtku RFID 134,2 kHz<\/h3>\n<ul class=\"AnswerParser_AnswerParserUnorderedList__P_1FW\">\n<li class=\"AnswerParser_ListItem__XqLOV\" translate=\"yes\"><strong>Materi\u00e1l<\/strong>: Sklen\u011bn\u00fd \u0161t\u00edtek RFID je vyroben z bioskla, odoln\u00e9ho a biologicky kompatibiln\u00edho materi\u00e1lu, kter\u00fd zaji\u0161\u0165uje bezpe\u010dnost a pohodu implantovan\u00fdch zv\u00ed\u0159at.<\/li>\n<li class=\"AnswerParser_ListItem__XqLOV\" translate=\"yes\"><strong>Dostupn\u00e9 velikosti<\/strong>: \u0160t\u00edtek je nab\u00edzen v n\u011bkolika velikostech, v\u010detn\u011b 1.25<em>7mm (ide\u00e1ln\u00ed pro mal\u00e1 dom\u00e1c\u00ed zv\u00ed\u0159ata), 2<\/em>12 mm (b\u011b\u017en\u011b pou\u017e\u00edvan\u00e9 pro psy a ko\u010dky) a dal\u0161\u00ed velikosti vhodn\u00e9 pro r\u016fzn\u00e9 druhy.<\/li>\n<li class=\"AnswerParser_ListItem__XqLOV\" translate=\"yes\"><strong>Pracovn\u00ed frekvence<\/strong>: Tento \u0161t\u00edtek pracuje na frekvenci 134,2 kHz a je navr\u017een pro spolehliv\u00fd v\u00fdkon v r\u016fzn\u00fdch prost\u0159ed\u00edch.<\/li>\n<\/ul>\n<h3 class=\"AnswerParser_AnswerParserH3__Mpe4s\">3. Technick\u00e9 specifikace<\/h3>\n<div class=\"AnswerParser_TableContainer__Erb6v\" data-testid=\"table-container\">\n<table>\n<thead>\n<tr>\n<th style=\"text-align: left;\">Specifikace<\/th>\n<th style=\"text-align: left;\">Podrobnosti<\/th>\n<\/tr>\n<\/thead>\n<tbody>\n<tr>\n<td><strong>Materi\u00e1l<\/strong><\/td>\n<td>Biosklo<\/td>\n<\/tr>\n<tr>\n<td><strong>Dostupn\u00e9 velikosti<\/strong><\/td>\n<td>1.25<em>7 mm, 1,4<\/em>8 mm, 2<em>8 mm, 2<\/em>12mm, 3*15mm<\/td>\n<\/tr>\n<tr>\n<td><strong>Pracovn\u00ed frekvence<\/strong><\/td>\n<td>134,2 kHz, 125 kHz, 13,56 MHz<\/td>\n<\/tr>\n<tr>\n<td><strong>Protokol<\/strong><\/td>\n<td>ISO11784\/785, ISO14443A<\/td>\n<\/tr>\n<tr>\n<td><strong>Sterilizace<\/strong><\/td>\n<td>100% Sterilizace na l\u00e9ka\u0159sk\u00e9 \u00farovni<\/td>\n<\/tr>\n<tr>\n<td><strong>Vlastnosti \u010dipu<\/strong><\/td>\n<td>Antibakteri\u00e1ln\u00ed, antialergick\u00e1, antirejekce<\/td>\n<\/tr>\n<\/tbody>\n<\/table>\n<\/div>\n<h3 class=\"AnswerParser_AnswerParserH3__Mpe4s\">4. N\u00e1vod k pou\u017eit\u00ed<\/h3>\n<p><span class=\"AnswerParser_TextContainer__z_Iiv\" data-testid=\"youchat-text\">Instalace 134,2kHz trubice RFID Glass Tag je p\u0159\u00edmo\u010dar\u00e1. Lze jej snadno implantovat pomoc\u00ed injek\u010dn\u00ed st\u0159\u00edka\u010dky, co\u017e z n\u011bj \u010din\u00ed rychlou a bezbolestnou proceduru pro zv\u00ed\u0159ata. \u0160t\u00edtek by m\u011bl b\u00fdt um\u00edst\u011bn podko\u017en\u011b, aby mohl z\u016fstat bezpe\u010dn\u011b na m\u00edst\u011b a z\u00e1rove\u0148 poskytoval spolehlivou identifikaci.<\/span><\/p>\n<h3 class=\"AnswerParser_AnswerParserH3__Mpe4s\">5. Vliv na \u017eivotn\u00ed prost\u0159ed\u00ed<\/h3>\n<p><span class=\"AnswerParser_TextContainer__z_Iiv\" data-testid=\"youchat-text\">Sklen\u011bn\u00fd \u0161t\u00edtek RFID je navr\u017een s ohledem na minim\u00e1ln\u00ed dopad na \u017eivotn\u00ed prost\u0159ed\u00ed. Materi\u00e1l z bioskla je recyklovateln\u00fd a v\u00fdrobn\u00ed proces dodr\u017euje p\u0159\u00edsn\u00e9 ekologick\u00e9 normy. Krom\u011b toho jsou \u0161t\u00edtky vyr\u00e1b\u011bny podle certifikac\u00ed ISO 9001 a ISO 14001, co\u017e zaji\u0161\u0165uje udr\u017eiteln\u00e9 postupy b\u011bhem cel\u00e9ho v\u00fdrobn\u00edho procesu.<\/span><\/p>\n<h3 class=\"AnswerParser_AnswerParserH3__Mpe4s\">6. Z\u00e1kaznick\u00e9 recenze<\/h3>\n<p><span class=\"AnswerParser_TextContainer__z_Iiv\" data-testid=\"youchat-text\">Z\u00e1kazn\u00edci chv\u00e1lili 134,2 kHz trubici RFID Glass Tag pro jej\u00ed spolehlivost a snadn\u00e9 pou\u017eit\u00ed. Mnoho veterin\u00e1\u0159\u016f jej doporu\u010duje pro identifikaci dom\u00e1c\u00edch zv\u00ed\u0159at, p\u0159i\u010dem\u017e si v\u0161\u00edm\u00e1 jeho pohodl\u00ed pro zv\u00ed\u0159ata a jeho p\u0159esnosti p\u0159i sledov\u00e1n\u00ed. Spr\u00e1vci dobytka tak\u00e9 oce\u0148uj\u00ed jeho odolnost a klid, kter\u00fd poskytuje p\u0159i \u0159\u00edzen\u00ed jejich st\u00e1d.<\/span><\/p>\n<h3 class=\"AnswerParser_AnswerParserH3__Mpe4s\">7. Nej\u010dast\u011bj\u0161\u00ed dotazy<\/h3>\n<p><span class=\"AnswerParser_TextContainer__z_Iiv\" data-testid=\"youchat-text\"><strong>Ot\u00e1zka: Jak dlouho vydr\u017e\u00ed \u0161t\u00edtek ze skla RFID?<\/strong><br \/>\nOdpov\u011b\u010f: Sklen\u011bn\u00fd \u0161t\u00edtek RFID je navr\u017een pro dlouhodob\u00e9 pou\u017eit\u00ed, kter\u00e9 \u010dasto vydr\u017e\u00ed po cel\u00fd \u017eivot zv\u00ed\u0159ete, pokud je spr\u00e1vn\u011b implantov\u00e1n.<\/span><\/p>\n<p><span class=\"AnswerParser_TextContainer__z_Iiv\" data-testid=\"youchat-text\"><strong>Ot\u00e1zka: Je \u0161t\u00edtek bezpe\u010dn\u00fd pro v\u0161echna zv\u00ed\u0159ata?<\/strong><br \/>\nOdpov\u011b\u010f: Ano, materi\u00e1l z bioskla a procesy sterilizace l\u00e9ka\u0159sk\u00e9 kvality zaji\u0161\u0165uj\u00ed, \u017ee je bezpe\u010dn\u00fd pro v\u0161echny typy zv\u00ed\u0159at, v\u010detn\u011b dom\u00e1c\u00edch zv\u00ed\u0159at a hospod\u00e1\u0159sk\u00fdch zv\u00ed\u0159at.<\/span><\/p>\n<p><span class=\"AnswerParser_TextContainer__z_Iiv\" data-testid=\"youchat-text\"><strong>Ot\u00e1zka: Lze zna\u010dku \u010d\u00edst na d\u00e1lku?<\/strong><br \/>\nOdpov\u011b\u010f: Ano, rozsah \u010dten\u00ed se m\u016f\u017ee li\u0161it v z\u00e1vislosti na pou\u017eit\u00e9 \u010dte\u010dce, ale obvykle umo\u017e\u0148uje efektivn\u00ed skenov\u00e1n\u00ed bez nutnosti p\u0159\u00edm\u00e9ho kontaktu.<\/span><\/p>\n<h3 class=\"AnswerParser_AnswerParserH3__Mpe4s\">8. Souvisej\u00edc\u00ed produkty<\/h3>\n<p><span class=\"AnswerParser_TextContainer__z_Iiv\" data-testid=\"youchat-text\">Prozkoumejte na\u0161i \u0159adu souvisej\u00edc\u00edch produkt\u016f, v\u010detn\u011b \u0161t\u00edtk\u016f RFID, n\u00e1lepek RFID a dal\u0161\u00edch \u0159e\u0161en\u00ed pro ozna\u010dov\u00e1n\u00ed RFID, kter\u00e1 dopl\u0148uj\u00ed 134,2 kHz tubu RFID Glass Tag. Tyto produkty mohou zlep\u0161it va\u0161e identifika\u010dn\u00ed syst\u00e9my a zefektivnit procesy \u0159\u00edzen\u00ed zv\u00ed\u0159at.<\/span><\/p>\n<h3 class=\"AnswerParser_AnswerParserH3__Mpe4s\">9. Z\u00e1v\u011br<\/h3>\n<p><span class=\"AnswerParser_TextContainer__z_Iiv\" data-testid=\"youchat-text\">The\u00a0<strong>134,2KHz trubice RFID Glass Tag<\/strong>\u00a0nab\u00edz\u00ed \u0161pi\u010dkov\u00e9 \u0159e\u0161en\u00ed pro identifikaci a \u0159\u00edzen\u00ed zv\u00ed\u0159at. D\u00edky sv\u00e9mu robustn\u00edmu designu, efektivn\u00edmu provozu a hum\u00e1nn\u00edmu pou\u017eit\u00ed p\u0159edstavuje spolehliv\u00fd n\u00e1stroj pro majitele dom\u00e1c\u00edch mazl\u00ed\u010dk\u016f i chovatele hospod\u00e1\u0159sk\u00fdch zv\u00ed\u0159at. Investujte do budoucnosti sledov\u00e1n\u00ed a \u0159\u00edzen\u00ed zv\u00ed\u0159at s t\u00edmto \u0161pi\u010dkov\u00fdm \u0159e\u0161en\u00edm RFID.<\/span><\/p>","protected":false},"excerpt":{"rendered":"<p>Tube RFID Glass Tag 134,2 kHz nab\u00edz\u00ed spolehlivou, hum\u00e1nn\u00ed identifikaci zv\u00ed\u0159at s odoln\u00fdm designem z bioskla, kter\u00fd zaji\u0161\u0165uje bezpe\u010dnost a p\u0159esnost pro r\u016fzn\u00e9 druhy.<\/p>","protected":false},"featured_media":2785,"template":"","meta":{"_kad_post_transparent":"default","_kad_post_title":"","_kad_post_layout":"default","_kad_post_sidebar_id":"","_kad_post_content_style":"default","_kad_post_vertical_padding":"default","_kad_post_feature":"","_kad_post_feature_position":"","_kad_post_header":false,"_kad_post_footer":false,"_kad_post_classname":""},"product_brand":[],"product_cat":[54],"product_tag":[327,326,328],"class_list":{"0":"post-2784","1":"product","2":"type-product","3":"status-publish","4":"has-post-thumbnail","6":"product_cat-hot-selling-rfid-tags","7":"product_tag-fdx-b-134-2khz-rfid-animal-tag","8":"product_tag-rfid-animal-id-glass-tag","9":"product_tag-rfid-pet-microchip-implant-capsule","11":"first","12":"instock","13":"shipping-taxable","14":"product-type-simple","15":"entry","16":"content-bg","17":"loop-entry"},"_links":{"self":[{"href":"https:\/\/rfid-laundry-tag.com\/cs\/wp-json\/wp\/v2\/product\/2784","targetHints":{"allow":["GET"]}}],"collection":[{"href":"https:\/\/rfid-laundry-tag.com\/cs\/wp-json\/wp\/v2\/product"}],"about":[{"href":"https:\/\/rfid-laundry-tag.com\/cs\/wp-json\/wp\/v2\/types\/product"}],"version-history":[{"count":1,"href":"https:\/\/rfid-laundry-tag.com\/cs\/wp-json\/wp\/v2\/product\/2784\/revisions"}],"predecessor-version":[{"id":2789,"href":"https:\/\/rfid-laundry-tag.com\/cs\/wp-json\/wp\/v2\/product\/2784\/revisions\/2789"}],"wp:featuredmedia":[{"embeddable":true,"href":"https:\/\/rfid-laundry-tag.com\/cs\/wp-json\/wp\/v2\/media\/2785"}],"wp:attachment":[{"href":"https:\/\/rfid-laundry-tag.com\/cs\/wp-json\/wp\/v2\/media?parent=2784"}],"wp:term":[{"taxonomy":"product_brand","embeddable":true,"href":"https:\/\/rfid-laundry-tag.com\/cs\/wp-json\/wp\/v2\/product_brand?post=2784"},{"taxonomy":"product_cat","embeddable":true,"href":"https:\/\/rfid-laundry-tag.com\/cs\/wp-json\/wp\/v2\/product_cat?post=2784"},{"taxonomy":"product_tag","embeddable":true,"href":"https:\/\/rfid-laundry-tag.com\/cs\/wp-json\/wp\/v2\/product_tag?post=2784"}],"curies":[{"name":"wp","href":"https:\/\/api.w.org\/{rel}","templated":true}]}}