{"id":2775,"date":"2024-10-24T16:17:52","date_gmt":"2024-10-24T16:17:52","guid":{"rendered":"https:\/\/rfid-laundry-tag.com\/?post_type=product&#038;p=2775"},"modified":"2024-10-29T09:32:48","modified_gmt":"2024-10-29T09:32:48","slug":"waterproof-washable-uhf-textile-rfid-laundry-tag-with-hole","status":"publish","type":"product","link":"https:\/\/rfid-laundry-tag.com\/cs\/waterproof-washable-uhf-textile-rfid-laundry-tag-with-hole\/","title":{"rendered":"Vodot\u011bsn\u00fd omyvateln\u00fd UHF textiln\u00ed RFID \u0161t\u00edtek na pr\u00e1dlo s otvorem"},"content":{"rendered":"<h1><strong>Vodot\u011bsn\u00fd omyvateln\u00fd UHF textiln\u00ed RFID \u0161t\u00edtek na pr\u00e1dlo s otvorem<\/strong><\/h1>\n<p><strong>Vodot\u011bsn\u00fd omyvateln\u00fd UHF textiln\u00ed RFID \u0161t\u00edtek na pr\u00e1dlo s otvorem,<\/strong>revolu\u010dn\u00ed produkt p\u0159izp\u016fsoben\u00fd pro zlep\u0161en\u00ed sledov\u00e1n\u00ed a spr\u00e1vy pr\u00e1dla. Tento \u0161t\u00edtek RFID, navr\u017een\u00fd pro odolnost a snadn\u00e9 pou\u017eit\u00ed, je z\u00e1sadn\u00ed pro udr\u017een\u00ed provozn\u00ed \u00fa\u010dinnosti v r\u016fzn\u00fdch prost\u0159ed\u00edch, od pr\u016fmyslov\u00fdch pr\u00e1delen po nemocnice a hotely. \u010ct\u011bte d\u00e1le a objevte \u010detn\u00e9 v\u00fdhody za\u010dlen\u011bn\u00ed t\u011bchto \u0161t\u00edtk\u016f do prac\u00edho za\u0159\u00edzen\u00ed.<\/p>\n<table class=\"all magic-7\">\n<tbody>\n<tr>\n<td colspan=\"1\" rowspan=\"1\">\n<div class=\"magic-8\" data-spm-anchor-id=\"a2700.details.0.i41.3a7a13dayRHcNe\">RFID standard:<\/div>\n<\/td>\n<td colspan=\"1\" rowspan=\"1\">\n<div class=\"magic-9\">ISO\/IEC 18000-6 TypeC (EPC Gen2)<\/div>\n<\/td>\n<\/tr>\n<tr>\n<td colspan=\"1\" rowspan=\"1\">\n<div class=\"magic-8\">Velikost a hmotnost:<\/div>\n<\/td>\n<td colspan=\"1\" rowspan=\"1\">\n<div class=\"magic-9\">70\u00d715 mm, 0,7g<\/div>\n<\/td>\n<\/tr>\n<tr>\n<td colspan=\"1\" rowspan=\"1\">\n<div class=\"magic-8\">Typ \u010dipu:<\/div>\n<\/td>\n<td colspan=\"1\" rowspan=\"1\">\n<div class=\"magic-9\">NXP Ucode 9<\/div>\n<\/td>\n<\/tr>\n<tr>\n<td colspan=\"1\" rowspan=\"1\">\n<div class=\"magic-8\">Pam\u011b\u0165 EPC:<\/div>\n<\/td>\n<td colspan=\"1\" rowspan=\"1\">\n<div class=\"magic-9\">128 bit\u016f<\/div>\n<\/td>\n<\/tr>\n<tr>\n<td colspan=\"1\" rowspan=\"1\">\n<div class=\"magic-8\">U\u017eivatelsk\u00e1 pam\u011b\u0165:<\/div>\n<\/td>\n<td colspan=\"1\" rowspan=\"1\">\n<div class=\"magic-9\">96 bit\u016f<\/div>\n<\/td>\n<\/tr>\n<tr>\n<td colspan=\"1\" rowspan=\"1\">\n<div class=\"magic-8\">Rozsah \u010dten\u00ed (pevn\u00e1 \u010dte\u010dka):<\/div>\n<\/td>\n<td colspan=\"1\" rowspan=\"1\">\n<div class=\"magic-9\">10m<\/div>\n<\/td>\n<\/tr>\n<tr>\n<td colspan=\"1\" rowspan=\"1\">\n<div class=\"magic-8\">Rozsah \u010dten\u00ed (ru\u010dn\u00ed \u010dte\u010dka):<\/div>\n<\/td>\n<td colspan=\"1\" rowspan=\"1\">\n<div class=\"magic-9\">8m<\/div>\n<\/td>\n<\/tr>\n<tr>\n<td colspan=\"1\" rowspan=\"1\">\n<div class=\"magic-8\">Ozna\u010dov\u00e1n\u00ed:<\/div>\n<\/td>\n<td colspan=\"1\" rowspan=\"1\">\n<div class=\"magic-9\">\u0160it\u00ed, tepeln\u00e9 lepen\u00ed<\/div>\n<\/td>\n<\/tr>\n<tr>\n<td colspan=\"1\" rowspan=\"1\">\n<div class=\"magic-8\">Odhadovan\u00e1 \u017eivotnost:<\/div>\n<\/td>\n<td colspan=\"1\" rowspan=\"1\">\n<div class=\"magic-9\">200 myc\u00edch cykl\u016f nebo 3 roky, podle toho, co nastane d\u0159\u00edve<\/div>\n<\/td>\n<\/tr>\n<tr>\n<td colspan=\"1\" rowspan=\"1\">\n<div class=\"magic-8\">Zp\u016fsob pran\u00ed:<\/div>\n<\/td>\n<td colspan=\"1\" rowspan=\"1\">\n<div class=\"magic-9\">Pr\u00e1delna, Chemick\u00e9 \u010di\u0161t\u011bn\u00ed<\/div>\n<\/td>\n<\/tr>\n<tr>\n<td colspan=\"1\" rowspan=\"1\">\n<div class=\"magic-8\">Tlak ods\u00e1v\u00e1n\u00ed vody:<\/div>\n<\/td>\n<td colspan=\"1\" rowspan=\"1\">\n<div class=\"magic-9\">60 bar<\/div>\n<\/td>\n<\/tr>\n<tr>\n<td colspan=\"1\" rowspan=\"1\">\n<div class=\"magic-8\">Vod\u011bodolnost:<\/div>\n<\/td>\n<td colspan=\"1\" rowspan=\"1\">\n<div class=\"magic-9\">Vod\u011bodoln\u00fd<\/div>\n<\/td>\n<\/tr>\n<tr>\n<td colspan=\"1\" rowspan=\"1\">\n<div class=\"magic-8\">Chemick\u00e1 odolnost:<\/div>\n<\/td>\n<td colspan=\"1\" rowspan=\"1\">\n<div class=\"magic-9\">Prac\u00ed prost\u0159edek, aviv\u00e1\u017e, b\u011blidlo (kysl\u00edk\/chl\u00f3r), alk\u00e1lie<\/div>\n<\/td>\n<\/tr>\n<tr>\n<td colspan=\"1\" rowspan=\"1\">\n<div class=\"magic-8\">P\u0159edsu\u0161en\u00ed v bubnu:<\/div>\n<\/td>\n<td colspan=\"1\" rowspan=\"1\">\n<div class=\"magic-9\">125 \u00baC po dobu 15-20 minut<\/div>\n<\/td>\n<\/tr>\n<tr>\n<td colspan=\"1\" rowspan=\"1\">\n<div class=\"magic-8\" data-spm-anchor-id=\"a2700.details.0.i43.3a7a13dayRHcNe\">Teplota sterilizace:<\/div>\n<\/td>\n<td colspan=\"1\" rowspan=\"1\">\n<div class=\"magic-9\">135\u00b0C po dobu 15-20 minut<\/div>\n<\/td>\n<\/tr>\n<tr>\n<td colspan=\"1\" rowspan=\"1\">\n<div class=\"magic-8\">Teplota pran\u00ed:<\/div>\n<\/td>\n<td colspan=\"1\" rowspan=\"1\">\n<div class=\"magic-9\">90\u00b0C, a\u017e 15 min.<\/div>\n<\/td>\n<\/tr>\n<tr>\n<td colspan=\"1\" rowspan=\"1\">\n<div class=\"magic-8\">Provozn\u00ed vlhkost \/ teplota:<\/div>\n<\/td>\n<td colspan=\"1\" rowspan=\"1\">\n<div class=\"magic-9\" data-spm-anchor-id=\"a2700.details.0.i42.3a7a13dayRHcNe\">-20 a\u017e 110 \u00b0C, 8 a\u017e 951 TP3TRH<\/div>\n<\/td>\n<\/tr>\n<tr>\n<td colspan=\"1\" rowspan=\"1\">\n<div class=\"magic-8\">Skladov\u00e1n\u00ed vlhkosti\/teploty:<\/div>\n<\/td>\n<td colspan=\"1\" rowspan=\"1\">\n<div class=\"magic-9\">-40 a\u017e 110 \u00b0C, 8 a\u017e 95%RH<\/div>\n<\/td>\n<\/tr>\n<\/tbody>\n<\/table>\n<h3>Pro\u010d zvolit vod\u011bodoln\u00e9 omyvateln\u00e9 textiln\u00ed RFID \u0161t\u00edtky na pr\u00e1dlo UHF?<\/h3>\n<p>Investice do RFID \u0161t\u00edtk\u016f na pr\u00e1dlo nab\u00edz\u00ed \u0159adu v\u00fdhod, kter\u00e9 podnik\u016fm umo\u017e\u0148uj\u00ed zefektivnit jejich procesy. Zde je n\u011bkolik p\u0159esv\u011bd\u010div\u00fdch d\u016fvod\u016f, pro\u010d zv\u00e1\u017eit\u00a0<strong>RFID \u0161t\u00edtek na pr\u00e1dlo<\/strong>\u00a0pro va\u0161e pr\u00e1delny:<\/p>\n<ul>\n<li><strong>Vylep\u0161en\u00e9 sledov\u00e1n\u00ed a spr\u00e1va:<\/strong>\u00a0Dejte sbohem ztracen\u00fdm nebo \u0161patn\u011b um\u00edst\u011bn\u00fdm v\u011bcem. Technologie UHF zaji\u0161\u0165uje, \u017ee ka\u017ed\u00fd od\u011bv nebo pr\u00e1dlo lze p\u0159esn\u011b sledovat, sni\u017euje ru\u010dn\u00ed chyby a zlep\u0161uje \u0159\u00edzen\u00ed z\u00e1sob.<\/li>\n<li><strong>Trvanlivost a spolehlivost:<\/strong>\u00a0Tyto \u0161t\u00edtky RFID vyroben\u00e9 tak, aby vydr\u017eely p\u0159\u00edsn\u00e9 podm\u00ednky pran\u00ed, vydr\u017e\u00ed vysok\u00e9 teploty a v\u00edce cykl\u016f pran\u00ed (a\u017e 200), d\u00edky \u010demu\u017e jsou ide\u00e1ln\u00edm \u0159e\u0161en\u00edm pro komer\u010dn\u00ed a pr\u016fmyslov\u00e9 pr\u00e1delny.<\/li>\n<li><strong>V\u0161estrannost p\u0159i pou\u017eit\u00ed:<\/strong>\u00a0D\u00edky mo\u017enosti \u0161it\u00ed nebo tepeln\u00e9ho zataven\u00ed na r\u016fzn\u00e9 textilie, tyto\u00a0<strong>omyvateln\u00e9 RFID \u0161t\u00edtky<\/strong>\u00a0jsou ide\u00e1ln\u00ed pro hotely, nemocnice a jak\u00e9koli za\u0159\u00edzen\u00ed, kter\u00e9 vy\u017eaduje p\u0159\u00edsnou spr\u00e1vu pr\u00e1dla.<\/li>\n<\/ul>\n<h3>Kl\u00ed\u010dov\u00e9 vlastnosti vodot\u011bsn\u00e9ho omyvateln\u00e9ho textiln\u00edho RFID \u0161t\u00edtku na pr\u00e1dlo UHF<\/h3>\n<h4>1. Pokro\u010dil\u00e1 technologie RFID<\/h4>\n<p>N\u00e1\u0161\u00a0<strong>RFID \u0161t\u00edtky na pr\u00e1dlo<\/strong>\u00a0jsou v souladu s normou ISO\/IEC 18000-6 typ C (EPC Gen2), co\u017e zaji\u0161\u0165uje, \u017ee spl\u0148uj\u00ed pr\u016fmyslov\u00e9 standardy pro v\u00fdkon a spolehlivost. Integrace \u0161pi\u010dkov\u00e9 technologie UHF umo\u017e\u0148uje rychl\u00fd p\u0159enos dat a efektivn\u00ed sledovac\u00ed procesy.<\/p>\n<h4>2. Velikost a hmotnost<\/h4>\n<p>S rozm\u011bry\u00a0<strong>70\u00d715 mm<\/strong>\u00a0a lehk\u00fd design just\u00a0<strong>0,7 g<\/strong>Tyto \u0161t\u00edtky lze snadno za\u010dlenit do jak\u00e9hokoli od\u011bvu bez p\u0159id\u00e1n\u00ed objemu nebo nepohodl\u00ed. Kompaktn\u00ed velikost umo\u017e\u0148uje bezprobl\u00e9movou integraci do r\u016fzn\u00fdch textili\u00ed, a\u0165 u\u017e pro\u00a0<strong>uniformy, pr\u00e1dlo nebo jin\u00e9 pr\u00e1dlo<\/strong>.<\/p>\n<h4>3. Vysok\u00fd rozsah \u010dten\u00ed<\/h4>\n<p>The\u00a0<strong>rozsah \u010dten\u00ed<\/strong>\u00a0je kritick\u00fdm faktorem pro efektivn\u00ed syst\u00e9my RFID. Na\u0161e zna\u010dky mohou dos\u00e1hnout a\u00a0<strong>\u010dtec\u00ed vzd\u00e1lenost a\u017e 10 metr\u016f s pevn\u00fdmi \u010dte\u010dkami<\/strong>\u00a0a\u00a0<strong>8 metr\u016f s ru\u010dn\u00edmi \u010dte\u010dkami<\/strong>. Tato roz\u0161\u00ed\u0159en\u00e1 \u0159ada optimalizuje proces sledov\u00e1n\u00ed a umo\u017e\u0148uje efektivn\u00ed kontrolu z\u00e1sob a \u0159\u00edzen\u00ed pracovn\u00edho toku v ru\u0161n\u00fdch pr\u00e1deln\u00e1ch.<\/p>\n<h4>4. Odoln\u00fd v drsn\u00fdch podm\u00ednk\u00e1ch<\/h4>\n<p>Tyto jsou navr\u017eeny pro odolnost\u00a0<strong>vod\u011bodoln\u00e9 RFID \u0161t\u00edtky<\/strong>\u00a0dok\u00e1\u017ee vydr\u017eet n\u00e1ro\u010dn\u00e9 \u010distic\u00ed procesy, v\u010detn\u011b:<\/p>\n<ul>\n<li><strong>Teplota pran\u00ed:<\/strong>\u00a0A\u017e do\u00a0<strong>90 \u00b0C<\/strong>\u00a0po dobu 15 minut, aby bylo zaji\u0161t\u011bno d\u016fkladn\u00e9 vy\u010di\u0161t\u011bn\u00ed.<\/li>\n<li><strong>Teplota sterilizace:<\/strong>\u00a0Schopn\u00fd odolat steriliza\u010dn\u00edm proces\u016fm p\u0159i\u00a0<strong>135 \u00b0C<\/strong>\u00a0po dobu 15-20 minut, d\u00edky \u010demu\u017e jsou vhodn\u00e9 pro l\u00e9ka\u0159sk\u00e9 prost\u0159ed\u00ed.<\/li>\n<li><strong>Chemick\u00e1 odolnost:<\/strong>\u00a0Odol\u00e1v\u00e1 b\u011b\u017en\u00fdm prac\u00edm chemik\u00e1li\u00edm, jako jsou prac\u00ed prost\u0159edky, zm\u011bk\u010dovadla a b\u011blidla, zaji\u0161\u0165uje dlouhou \u017eivotnost a konzistentn\u00ed v\u00fdkon.<\/li>\n<\/ul>\n<h4>5. Environment\u00e1ln\u00ed hlediska<\/h4>\n<p>Tyto \u0161t\u00edtky jsou navr\u017eeny tak, aby vydr\u017eely\u00a0<strong>vysok\u00fd tlak na extrakci vody<\/strong>\u00a0a\u017e do\u00a0<strong>60 bar<\/strong>, zaji\u0161\u0165uj\u00edc\u00ed, \u017ee z\u016fstanou funk\u010dn\u00ed i v t\u011bch nejn\u00e1ro\u010dn\u011bj\u0161\u00edch podm\u00ednk\u00e1ch pran\u00ed. Pou\u017eit\u00e9 materi\u00e1ly jsou \u0161etrn\u00e9 k \u017eivotn\u00edmu prost\u0159ed\u00ed, co\u017e d\u00e1le zvy\u0161uje jejich hodnotu.<\/p>\n<h4>6. \u017divotnost a pokyny k pou\u017eit\u00ed<\/h4>\n<p>S odhadovanou \u017eivotnost\u00ed\u00a0<strong>200 myc\u00edch cykl\u016f nebo 3 roky<\/strong>\u00a0(podle toho, co nastane d\u0159\u00edve), na\u0161e etikety na pr\u00e1dlo RFID jsou vyrobeny tak, aby vydr\u017eely. Mohou plynule p\u0159ech\u00e1zet z prost\u0159ed\u00ed pr\u00e1delny do prost\u0159ed\u00ed chemick\u00e9ho \u010di\u0161t\u011bn\u00ed, d\u00edky \u010demu\u017e jsou v\u0161estrann\u00e9 pro r\u016fzn\u00e9 provozn\u00ed pot\u0159eby.<\/p>\n<h3>Souvisej\u00edc\u00ed produkty<\/h3>\n<p>Pro dopln\u011bn\u00ed na\u0161eho\u00a0<strong>vod\u011bodoln\u00e9 omyvateln\u00e9 UHF textiln\u00ed RFID \u0161t\u00edtky na pr\u00e1dlo<\/strong>, zva\u017ete prozkoum\u00e1n\u00ed t\u011bchto souvisej\u00edc\u00edch produkt\u016f:<\/p>\n<ul>\n<li><strong>\u010cte\u010dky RFID:<\/strong>\u00a0Z\u00e1kladn\u00ed n\u00e1stroje pro efektivn\u00ed \u010dten\u00ed a sledov\u00e1n\u00ed RFID tag\u016f v r\u00e1mci va\u0161eho provozu.<\/li>\n<li><strong>Ozna\u010dov\u00e1n\u00ed spot\u0159ebn\u00edho materi\u00e1lu:<\/strong>\u00a0Mo\u017enosti \u0161it\u00ed, tepeln\u00e9ho sva\u0159ov\u00e1n\u00ed nebo p\u0159ipevn\u011bn\u00ed RFID \u0161t\u00edtk\u016f k r\u016fzn\u00fdm textili\u00edm.<\/li>\n<li><strong>Softwarov\u00e1 \u0159e\u0161en\u00ed:<\/strong>\u00a0Software pro spr\u00e1vu RFID pro sledov\u00e1n\u00ed z\u00e1sob a vylep\u0161en\u00ed syst\u00e9mu spr\u00e1vy pr\u00e1dla.<\/li>\n<\/ul>\n<h3>Dopad na \u017eivotn\u00ed prost\u0159ed\u00ed a p\u0159\u00ednosy pro pr\u016fmysl<\/h3>\n<ol>\n<li><strong>Sn\u00ed\u017een\u00e9 mno\u017estv\u00ed odpadu:<\/strong>\u00a0Efektivn\u00edm sledov\u00e1n\u00edm pr\u00e1dla a od\u011bv\u016f pom\u00e1haj\u00ed tyto \u0161t\u00edtky sni\u017eovat mno\u017estv\u00ed odpadu ze ztracen\u00fdch nebo \u0161patn\u011b um\u00edst\u011bn\u00fdch polo\u017eek, co\u017e p\u0159isp\u00edv\u00e1 k udr\u017eiteln\u011bj\u0161\u00edm postup\u016fm v pr\u016fmyslu pr\u00e1delny.<\/li>\n<li><strong>Optimalizovan\u00e1 spr\u00e1va zdroj\u016f:<\/strong>\u00a0Efektivn\u00ed sledov\u00e1n\u00ed vede k optimalizovan\u00fdm prac\u00edm operac\u00edm a zaji\u0161\u0165uje, \u017ee ve\u0161ker\u00e9 pr\u00e1dlo a od\u011bvy jsou udr\u017eov\u00e1ny ve \u0161pi\u010dkov\u00e9 kvalit\u011b, co\u017e v kone\u010dn\u00e9m d\u016fsledku prodlu\u017euje jejich \u017eivotnost a sni\u017euje n\u00e1klady na v\u00fdm\u011bnu.<\/li>\n<li><strong>Lep\u0161\u00ed spokojenost z\u00e1kazn\u00edk\u016f:<\/strong>\u00a0Efektivn\u00ed \u0159\u00edzen\u00ed z\u00e1sob znamen\u00e1, \u017ee z\u00e1kazn\u00edci obdr\u017e\u00ed sv\u00e9 pr\u00e1dlo v\u010das a organizovan\u011b, co\u017e vede k lep\u0161\u00edm zku\u0161enostem z\u00e1kazn\u00edk\u016f v odv\u011btv\u00edch, jako je pohostinstv\u00ed a zdravotn\u00ed p\u00e9\u010de.<\/li>\n<\/ol>\n<h3>Z\u00e1kaznick\u00e9 recenze a zku\u0161enosti<\/h3>\n<p>Na\u0161i z\u00e1kazn\u00edci hl\u00e1sili v\u00fdznamn\u00e1 zlep\u0161en\u00ed v pran\u00ed pr\u00e1dla po implementaci na\u0161ich vodot\u011bsn\u00fdch omyvateln\u00fdch textiln\u00edch RFID \u0161t\u00edtk\u016f na pr\u00e1dlo UHF. Zde je n\u011bkolik sv\u011bdectv\u00ed:<\/p>\n<ul>\n<li><strong>\u201eOd t\u00e9 doby, co jsme za\u010dali pou\u017e\u00edvat tyto RFID etikety na pr\u00e1dlo, jsme drasticky zkr\u00e1tili \u010das str\u00e1ven\u00fd hled\u00e1n\u00edm \u0161patn\u011b um\u00edst\u011bn\u00fdch v\u011bc\u00ed. Na\u0161e efektivita se zlep\u0161ila a na\u0161i zam\u011bstnanci se mohou soust\u0159edit na poskytov\u00e1n\u00ed kvalitn\u00edch slu\u017eeb,\u201c<\/strong>\u00a0\u0159\u00edk\u00e1 Linda, mana\u017eerka v m\u00edstn\u00edm hotelu.<\/li>\n<li><strong>\u201eTrvalost t\u011bchto \u0161t\u00edtk\u016f byla p\u016fsobiv\u00e1. Obstoj\u00ed v na\u0161ich p\u0159\u00edsn\u00fdch myc\u00edch cyklech a st\u00e1le perfektn\u011b funguj\u00ed. V\u0159ele je doporu\u010duji pro jakoukoli komer\u010dn\u00ed pr\u00e1delnu,\u201c<\/strong>\u00a0\u0159\u00edk\u00e1 Mark, provozn\u00ed mana\u017eer v pr\u016fmyslov\u00e9 pr\u00e1deln\u011b.<\/li>\n<\/ul>\n<h3>\u010casto kladen\u00e9 ot\u00e1zky (FAQ)<\/h3>\n<h4>1. Jak\u00fd je rozsah provozn\u00edch teplot pro tyto \u0161t\u00edtky RFID?<\/h4>\n<p>RFID \u0161t\u00edtky mohou pracovat v teplotn\u00edm rozsahu\u00a0<strong>-20 a\u017e 110 \u00b0C<\/strong>\u00a0a tolerovat\u00a0<strong>8 a\u017e 95% relativn\u00ed vlhkost<\/strong>, co\u017e zaji\u0161\u0165uje, \u017ee mohou fungovat v r\u016fzn\u00fdch prost\u0159ed\u00edch.<\/p>\n<h4>2. Jak m\u00e1m p\u0159ipevnit \u0161t\u00edtky na pr\u00e1dlo RFID k od\u011bv\u016fm?<\/h4>\n<p>\u0160t\u00edtky lze p\u0159ipevnit pomoc\u00ed\u00a0<strong>\u0161it\u00ed nebo tepeln\u00e9 zataven\u00ed<\/strong>poskytuj\u00edc\u00ed flexibilitu na z\u00e1klad\u011b va\u0161ich provozn\u00edch pot\u0159eb a typ\u016f od\u011bv\u016f.<\/p>\n<h4>3. Lze tyto \u0161t\u00edtky pou\u017e\u00edt pro chemick\u00e9 \u010di\u0161t\u011bn\u00ed?<\/h4>\n<p>Ano, tyto RFID \u0161t\u00edtky jsou dostate\u010dn\u011b univerz\u00e1ln\u00ed pro pou\u017eit\u00ed v obou\u00a0<strong>nastaven\u00ed pran\u00ed a chemick\u00e9ho \u010di\u0161t\u011bn\u00ed<\/strong>.<\/p>\n<h4>4. Jak maximalizuji \u017eivotnost m\u00fdch RFID \u0161t\u00edtk\u016f na pr\u00e1dlo?<\/h4>\n<p>Abyste zajistili dlouhou \u017eivotnost, dodr\u017eujte p\u0159ilo\u017een\u00e9 pokyny pro pran\u00ed a su\u0161en\u00ed a vyhn\u011bte se vystaven\u00ed extr\u00e9mn\u00edm chemik\u00e1li\u00edm krom\u011b standardn\u00edch prac\u00edch prost\u0159edk\u016f a aviv\u00e1\u017ee.<\/p>\n<h3>Z\u00e1v\u011br: Transformujte svou spr\u00e1vu pr\u00e1delny pomoc\u00ed technologie RFID<\/h3>\n<p>The\u00a0<strong>Vodot\u011bsn\u00fd omyvateln\u00fd UHF textiln\u00ed RFID \u0161t\u00edtek na pr\u00e1dlo s otvorem<\/strong>\u00a0je v\u00edc ne\u017e jen dopln\u011bk k pran\u00ed; je to nezbytn\u00fd n\u00e1stroj pro modern\u00ed\u00a0<strong>spr\u00e1va pr\u00e1delny<\/strong>. Investov\u00e1n\u00edm do odoln\u00fdch, spolehliv\u00fdch a snadno pou\u017eiteln\u00fdch \u0161t\u00edtk\u016f m\u016f\u017eete zefektivnit provoz, sn\u00ed\u017eit ztr\u00e1ty a zv\u00fd\u0161it celkovou efektivitu slu\u017eeb pr\u00e1delny.<\/p>","protected":false},"excerpt":{"rendered":"<p>Vodot\u011bsn\u00fd omyvateln\u00fd UHF textiln\u00ed RFID \u0161t\u00edtek na pr\u00e1dlo s otvorem, navr\u017een\u00fd pro odolnost a efektivn\u00ed sledov\u00e1n\u00ed v pr\u016fmyslov\u00fdch pr\u00e1deln\u00e1ch.<\/p>","protected":false},"featured_media":2776,"template":"","meta":{"_kad_post_transparent":"default","_kad_post_title":"","_kad_post_layout":"default","_kad_post_sidebar_id":"","_kad_post_content_style":"default","_kad_post_vertical_padding":"default","_kad_post_feature":"","_kad_post_feature_position":"","_kad_post_header":false,"_kad_post_footer":false,"_kad_post_classname":""},"product_brand":[],"product_cat":[19],"product_tag":[324,65,30,325],"class_list":{"0":"post-2775","1":"product","2":"type-product","3":"status-publish","4":"has-post-thumbnail","6":"product_cat-textile-rfid-laundry-tag","7":"product_tag-rfid-laundry-tag","8":"product_tag-textile-rfid-laundry-tags","9":"product_tag-uhf-rfid-laundry-tag","10":"product_tag-washable-rfid-laundry-tag","12":"first","13":"instock","14":"featured","15":"shipping-taxable","16":"product-type-simple","17":"entry","18":"content-bg","19":"loop-entry"},"_links":{"self":[{"href":"https:\/\/rfid-laundry-tag.com\/cs\/wp-json\/wp\/v2\/product\/2775","targetHints":{"allow":["GET"]}}],"collection":[{"href":"https:\/\/rfid-laundry-tag.com\/cs\/wp-json\/wp\/v2\/product"}],"about":[{"href":"https:\/\/rfid-laundry-tag.com\/cs\/wp-json\/wp\/v2\/types\/product"}],"version-history":[{"count":3,"href":"https:\/\/rfid-laundry-tag.com\/cs\/wp-json\/wp\/v2\/product\/2775\/revisions"}],"predecessor-version":[{"id":2782,"href":"https:\/\/rfid-laundry-tag.com\/cs\/wp-json\/wp\/v2\/product\/2775\/revisions\/2782"}],"wp:featuredmedia":[{"embeddable":true,"href":"https:\/\/rfid-laundry-tag.com\/cs\/wp-json\/wp\/v2\/media\/2776"}],"wp:attachment":[{"href":"https:\/\/rfid-laundry-tag.com\/cs\/wp-json\/wp\/v2\/media?parent=2775"}],"wp:term":[{"taxonomy":"product_brand","embeddable":true,"href":"https:\/\/rfid-laundry-tag.com\/cs\/wp-json\/wp\/v2\/product_brand?post=2775"},{"taxonomy":"product_cat","embeddable":true,"href":"https:\/\/rfid-laundry-tag.com\/cs\/wp-json\/wp\/v2\/product_cat?post=2775"},{"taxonomy":"product_tag","embeddable":true,"href":"https:\/\/rfid-laundry-tag.com\/cs\/wp-json\/wp\/v2\/product_tag?post=2775"}],"curies":[{"name":"wp","href":"https:\/\/api.w.org\/{rel}","templated":true}]}}