{"id":2766,"date":"2024-10-24T15:10:58","date_gmt":"2024-10-24T15:10:58","guid":{"rendered":"https:\/\/rfid-laundry-tag.com\/?post_type=product&#038;p=2766"},"modified":"2024-10-24T15:25:26","modified_gmt":"2024-10-24T15:25:26","slug":"nfc-inlay-for-mlfare-ultralight-ev1-chip","status":"publish","type":"product","link":"https:\/\/rfid-laundry-tag.com\/cs\/nfc-inlay-for-mlfare-ultralight-ev1-chip\/","title":{"rendered":"NFC vlo\u017eka pro \u010dip MlFARE Ultralight EV1"},"content":{"rendered":"<div><\/div>\n<div>\n<div class=\"text-content\">\n<h2>NFC vlo\u017eka pro \u010dip MlFARE Ultralight EV1<\/h2>\n<div><\/div>\n<div data-spm-anchor-id=\"a2700.details.0.i48.6f4d7d7dnursE7\">\n<table class=\"hight-light-first-column all magic-14\">\n<tbody>\n<tr>\n<td colspan=\"1\" rowspan=\"1\">\n<div class=\"magic-15\"><b>Materi\u00e1l<\/b><\/div>\n<\/td>\n<td colspan=\"1\" rowspan=\"1\">\n<div class=\"magic-16\" data-spm-anchor-id=\"a2700.details.0.i34.21f6414cWQ4Zrf\">Pap\u00edr \/Termopap\u00edr\/Tkanina\/ PVC\/ PET<\/div>\n<\/td>\n<\/tr>\n<tr>\n<td colspan=\"1\" rowspan=\"1\">\n<div class=\"magic-15\"><b>Velikost<\/b><\/div>\n<\/td>\n<td colspan=\"1\" rowspan=\"1\">\n<div class=\"magic-16\">18 * 56 mm, 25 * 25 mm, 30 * 30 mm, 40 * 40 mm, Dia18 mm, Dia20 mm, Dia22 mm, Dia25 mm, nebo p\u0159izp\u016fsoben\u00e1 velikost.<\/div>\n<\/td>\n<\/tr>\n<tr>\n<td colspan=\"1\" rowspan=\"1\">\n<div class=\"magic-15\"><b>Tisk<\/b><\/div>\n<\/td>\n<td colspan=\"1\" rowspan=\"1\">\n<div class=\"magic-16\">Nen\u00ed pot\u0159eba tisknout<\/div>\n<\/td>\n<\/tr>\n<tr>\n<td colspan=\"1\" rowspan=\"1\">\n<div class=\"magic-15\"><b>K dispozici \u010dip<\/b><\/div>\n<\/td>\n<td colspan=\"1\" rowspan=\"1\">\n<div class=\"magic-16\">\n<p><strong>NXP Mifare Ultralight ev1 <\/strong><\/p>\n<\/div>\n<\/td>\n<\/tr>\n<tr>\n<td colspan=\"1\" rowspan=\"1\">\n<div class=\"magic-21\"><b>Protokol:<\/b><\/div>\n<\/td>\n<td colspan=\"4\" rowspan=\"1\">\n<div class=\"magic-22\">ISO\/IEC 14443 Typ A<\/div>\n<\/td>\n<\/tr>\n<tr>\n<td colspan=\"1\" rowspan=\"1\">\n<div class=\"magic-26\"><b>\u0158emesla:<\/b><\/div>\n<\/td>\n<td colspan=\"4\" rowspan=\"1\">\n<div class=\"magic-22\" data-spm-anchor-id=\"a2700.details.0.i33.21f6414cWQ4Zrf\">Tisk, \u010d\u00e1rov\u00fd k\u00f3d, QR k\u00f3d atd.<\/div>\n<\/td>\n<\/tr>\n<\/tbody>\n<\/table>\n<\/div>\n<\/div>\n<p>&nbsp;<\/p>\n<p>MIFARE Ultralight EV1 je n\u00e1stupcem MIFARE Ultralight ticketing IC a je pln\u011b funk\u010dn\u00ed zp\u011btn\u011b kompatibiln\u00ed. Jeho vylep\u0161en\u00e1 sada funkc\u00ed a p\u0159\u00edkaz\u016f umo\u017e\u0148uje efektivn\u011bj\u0161\u00ed implementace a nab\u00edz\u00ed v\u011bt\u0161\u00ed flexibilitu v n\u00e1vrz\u00edch syst\u00e9mu.<\/p>\n<p>Mechanick\u00e9 a elektrick\u00e9 specifikace MIFARE Ultralight EV1 jsou p\u0159izp\u016fsobeny tak, aby spl\u0148ovaly po\u017eadavky v\u00fdrobc\u016f intarzi\u00ed a pap\u00edrov\u00fdch vstupenek.<\/p>\n<h3>Bezkontaktn\u00ed p\u0159enos energie a dat<\/h3>\n<p>V MIFARE<sup>\u00ae<\/sup>\u00a0syst\u00e9m je MF0ULx1 p\u0159ipojen k c\u00edvce s n\u011bkolika ot\u00e1\u010dkami. MF0ULx1 vyhovuje form\u00e1t\u016fm l\u00edstk\u016f TFC.0 (Edmondson) a TFC.1 (ISO).<\/p>\n<p>\u010cip MF0ULx1, kter\u00fd obsahuje rezonan\u010dn\u00ed kondenz\u00e1tor na \u010dipu 17 pF, podporuje form\u00e1ty l\u00edstk\u016f TFC.1 i TFC.0.<\/p>\n<h3>Antikolizn\u00ed<\/h3>\n<p>Inteligentn\u00ed antikolizn\u00ed funkce umo\u017e\u0148uje provoz v\u00edce ne\u017e jedn\u00e9 karty v ter\u00e9nu sou\u010dasn\u011b. Antikolizn\u00ed algoritmus vybere ka\u017edou kartu samostatn\u011b. Zaji\u0161\u0165uje, \u017ee proveden\u00ed transakce zvolenou kartou prob\u011bhne spr\u00e1vn\u011b bez z\u00e1sahu jin\u00e9 karty v ter\u00e9nu.<\/p>\n<h3>Jednoduch\u00e1 integrace a u\u017eivatelsk\u00e9 pohodl\u00ed<\/h3>\n<p>MF0ULx1 je navr\u017een pro jednoduchou integraci a u\u017eivatelsk\u00e9 pohodl\u00ed, kter\u00e9 umo\u017e\u0148uje zpracovat kompletn\u00ed transakce ticketingu za m\u00e9n\u011b ne\u017e 35 ms.<\/p>\n<h3>Zabezpe\u010den\u00ed NFC Inlay pro \u010dip MlFARE Ultralight EV1<\/h3>\n<ul>\n<li>V\u00fdrobce naprogramoval 7bajtov\u00e9 UID pro ka\u017ed\u00e9 za\u0159\u00edzen\u00ed<\/li>\n<li>32bitov\u00e1 u\u017eivatelsky definovateln\u00e1 oblast jednor\u00e1zov\u00e9ho programov\u00e1n\u00ed (OTP).<\/li>\n<li>3 nez\u00e1visl\u00e9 24bitov\u00e9 jednosm\u011brn\u00e9 \u010d\u00edta\u010de<\/li>\n<li>Programovateln\u00e1 funkce uzam\u010den\u00ed pouze pro \u010dten\u00ed na str\u00e1nku (na 2 str\u00e1nky pro \u010d\u00e1st roz\u0161\u00ed\u0159en\u00e9 pam\u011bti)<\/li>\n<li>Podpis originality zalo\u017een\u00fd na ECC<\/li>\n<li>32bitov\u00e1 ochrana heslem, aby se zabr\u00e1nilo necht\u011bn\u00fdm operac\u00edm s pam\u011bt\u00ed<\/li>\n<\/ul>\n<div class=\"text-content\">\n<h2 class=\"AnswerParser_AnswerParserH2__SIHnF\">Porozum\u011bn\u00ed vlo\u017ek\u00e1m NFC: Z\u00e1klady<\/h2>\n<p><span class=\"AnswerParser_TextContainer__z_Iiv\" data-testid=\"youchat-text\">NFC vlo\u017eky jsou\u00a0<strong>tenk\u00e9, vysokofrekven\u010dn\u00ed zna\u010dky<\/strong>\u00a0kter\u00e9 vyu\u017e\u00edvaj\u00ed\u00a0<strong>Technologie RFID<\/strong>\u00a0povolit\u00a0<strong>bezkontaktn\u00ed komunikace<\/strong>\u00a0mezi za\u0159\u00edzen\u00edmi. Tyto vlo\u017eky jsou obvykle zapu\u0161t\u011bny do r\u016fzn\u00fdch materi\u00e1l\u016f, v\u010detn\u011b pap\u00edru, plastu nebo jin\u00fdch substr\u00e1t\u016f, co\u017e umo\u017e\u0148uje jejich za\u010dlen\u011bn\u00ed do \u0161t\u00edtk\u016f, karet nebo dokonce propaga\u010dn\u00edch materi\u00e1l\u016f. Technologie funguje na principu elektromagnetick\u00e9 indukce a umo\u017e\u0148uje za\u0159\u00edzen\u00edm, jako jsou chytr\u00e9 telefony, komunikovat s tagy s podporou NFC jednodu\u0161e t\u00edm, \u017ee jsou v t\u011bsn\u00e9 bl\u00edzkosti.<\/span><span class=\"AnswerParser_TextContainer__z_Iiv\" data-testid=\"youchat-text\">Mezi z\u00e1kladn\u00ed sou\u010d\u00e1sti vlo\u017eky NFC pat\u0159\u00ed a\u00a0<strong>\u010dip<\/strong>\u00a0(jako nap\u0159\u00a0<strong>MIFARE Ultralight EV1<\/strong>\u00a0nebo\u00a0<strong>NXP NTAG213<\/strong>) a an\u00a0<strong>ant\u00e9na<\/strong>. Spole\u010dn\u011b usnad\u0148uj\u00ed v\u00fdm\u011bnu dat a p\u0159enos energie, d\u00edky \u010demu\u017e jsou vlo\u017eky NFC v\u0161estrann\u00fdm \u0159e\u0161en\u00edm pro mnoho aplikac\u00ed.<\/span><\/p>\n<h2 class=\"AnswerParser_AnswerParserH2__SIHnF\">Kl\u00ed\u010dov\u00e9 vlastnosti NFC Inlay pro \u010dip MlFARE Ultralight EV1<\/h2>\n<p><span class=\"AnswerParser_TextContainer__z_Iiv\" data-testid=\"youchat-text\">Jednou z v\u00fdjime\u010dn\u00fdch funkc\u00ed vlo\u017eek NFC je jejich\u00a0<strong>kompatibilita<\/strong>\u00a0s r\u016fzn\u00fdmi standardy NFC, v\u010detn\u011b\u00a0<strong>ISO 14443<\/strong>\u00a0a\u00a0<strong>ISO 15693<\/strong>. To zaji\u0161\u0165uje, \u017ee je lze pou\u017e\u00edt v cel\u00e9 \u0159ad\u011b za\u0159\u00edzen\u00ed a aplikac\u00ed. The\u00a0<strong>MIFARE Ultralight EV1<\/strong>\u00a0je zvl\u00e1\u0161t\u011b pozoruhodn\u00fd pro svou zp\u011btnou kompatibilitu s p\u0159edchoz\u00edmi verzemi, d\u00edky \u010demu\u017e je flexibiln\u00ed volbou pro podniky, kter\u00e9 cht\u011bj\u00ed upgradovat sv\u00e9 syst\u00e9my bez kompletn\u00edho p\u0159epracov\u00e1n\u00ed.<\/span><span class=\"AnswerParser_TextContainer__z_Iiv\" data-testid=\"youchat-text\">Krom\u011b toho vlo\u017eky NFC \u010dasto p\u0159ich\u00e1zej\u00ed s pokro\u010dil\u00fdmi funkcemi, jako jsou:<\/span><\/p>\n<ul class=\"AnswerParser_AnswerParserUnorderedList__P_1FW\">\n<li class=\"AnswerParser_ListItem__XqLOV\" translate=\"yes\"><strong>Antikolizn\u00ed technologie<\/strong>: To umo\u017e\u0148uje, aby v\u00edce zna\u010dek NFC fungovalo sou\u010dasn\u011b bez ru\u0161en\u00ed, co\u017e zaji\u0161\u0165uje hladk\u00e9 transakce.<\/li>\n<li class=\"AnswerParser_ListItem__XqLOV\" translate=\"yes\"><strong>Bezpe\u010dnostn\u00ed prvky<\/strong>: Mnoho vlo\u017eek NFC, jako jsou ty z\u00a0<strong>Avery Dennison<\/strong>, zahrnuj\u00ed \u0161ifrov\u00e1n\u00ed a ochranu heslem, kter\u00e9 poskytuj\u00ed dal\u0161\u00ed vrstvu zabezpe\u010den\u00ed proti neopr\u00e1vn\u011bn\u00e9mu p\u0159\u00edstupu.<\/li>\n<li class=\"AnswerParser_ListItem__XqLOV\" translate=\"yes\"><strong>U\u017eivatelsky p\u0159\u00edv\u011btiv\u00e1 integrace<\/strong>: Inlay NFC navr\u017een\u00e9 pro rychlou implementaci lze integrovat do st\u00e1vaj\u00edc\u00edch syst\u00e9m\u016f s minim\u00e1ln\u00edm \u00fasil\u00edm, co\u017e podnik\u016fm umo\u017e\u0148uje efektivn\u011b zefektivnit jejich provoz.<\/li>\n<\/ul>\n<h2 class=\"AnswerParser_AnswerParserH2__SIHnF\">V\u00fdhody pou\u017eit\u00ed NFC Inlay pro \u010dip MlFARE Ultralight EV1<\/h2>\n<p><span class=\"AnswerParser_TextContainer__z_Iiv\" data-testid=\"youchat-text\">Investice do vlo\u017eek NFC nab\u00edz\u00ed podnik\u016fm \u0159adu v\u00fdhod:<\/span><\/p>\n<ul class=\"AnswerParser_AnswerParserUnorderedList__P_1FW\">\n<li class=\"AnswerParser_ListItem__XqLOV\" translate=\"yes\"><strong>Vylep\u0161en\u00e1 z\u00e1kaznick\u00e1 zku\u0161enost<\/strong>: Technologie NFC zjednodu\u0161uje interakci mezi z\u00e1kazn\u00edky a produkty a umo\u017e\u0148uje rychl\u00fd p\u0159\u00edstup k informac\u00edm nebo transakc\u00edm pouh\u00fdm klepnut\u00edm na jejich smartphone.<\/li>\n<li class=\"AnswerParser_ListItem__XqLOV\" translate=\"yes\"><strong>N\u00e1kladov\u011b efektivn\u00ed \u0159e\u0161en\u00ed<\/strong>: Vlo\u017eky NFC jsou obvykle cenov\u011b dostupn\u011bj\u0161\u00ed ne\u017e tradi\u010dn\u00ed syst\u00e9my RFID, d\u00edky \u010demu\u017e jsou atraktivn\u00ed volbou pro podniky v\u0161ech velikost\u00ed.<\/li>\n<li class=\"AnswerParser_ListItem__XqLOV\" translate=\"yes\"><strong>Zv\u00fd\u0161en\u00e1 anga\u017eovanost<\/strong>: D\u00edky funkc\u00edm pro ukl\u00e1d\u00e1n\u00ed adres URL, informac\u00ed o produktech nebo propaga\u010dn\u00edho obsahu povzbuzuj\u00ed vlo\u017eky NFC z\u00e1kazn\u00edky, aby se hloub\u011bji zab\u00fdvali zna\u010dkami a produkty.<\/li>\n<\/ul>\n<h2 class=\"AnswerParser_AnswerParserH2__SIHnF\">Aplikace technologie NFC<\/h2>\n<p><span class=\"AnswerParser_TextContainer__z_Iiv\" data-testid=\"youchat-text\">Vlo\u017eky NFC se st\u00e1vaj\u00ed v\u0161udyp\u0159\u00edtomn\u00fdmi v r\u016fzn\u00fdch odv\u011btv\u00edch, v\u010detn\u011b:<\/span><\/p>\n<ul class=\"AnswerParser_AnswerParserUnorderedList__P_1FW\">\n<li class=\"AnswerParser_ListItem__XqLOV\" translate=\"yes\"><strong>Maloobchodn\u00ed<\/strong>: Od chytr\u00fdch \u0161t\u00edtk\u016f, kter\u00e9 poskytuj\u00ed informace o produktech, a\u017e po v\u011brnostn\u00ed programy, kter\u00e9 odm\u011b\u0148uj\u00ed z\u00e1kazn\u00edky pouh\u00fdm klepnut\u00edm, vlo\u017eky NFC p\u0159edstavuj\u00ed revoluci v maloobchodn\u00edch zku\u0161enostech.<\/li>\n<li class=\"AnswerParser_ListItem__XqLOV\" translate=\"yes\"><strong>Spr\u00e1va ud\u00e1lost\u00ed<\/strong>: NFC n\u00e1ramky nebo odznaky umo\u017e\u0148uj\u00ed bezprobl\u00e9mov\u00fd vstup na ud\u00e1losti, co\u017e umo\u017e\u0148uje snadn\u00e9 sledov\u00e1n\u00ed a spr\u00e1vu \u00fa\u010dastn\u00edk\u016f.<\/li>\n<li class=\"AnswerParser_ListItem__XqLOV\" translate=\"yes\"><strong>Chytr\u00e9 balen\u00ed<\/strong>: Zna\u010dky vyu\u017e\u00edvaj\u00ed v balen\u00ed NFC vlo\u017eky, aby spot\u0159ebitel\u016fm poskytly interaktivn\u00ed obsah, jako jsou recepty nebo pokyny k pou\u017eit\u00ed produkt\u016f.<\/li>\n<\/ul>\n<h2 class=\"AnswerParser_AnswerParserH2__SIHnF\">Porovn\u00e1n\u00ed r\u016fzn\u00fdch vlo\u017eek NFC: NTAG213, NTAG215, NTAG216<\/h2>\n<p><span class=\"AnswerParser_TextContainer__z_Iiv\" data-testid=\"youchat-text\">P\u0159i v\u00fdb\u011bru vlo\u017eky NFC je d\u016fle\u017eit\u00e9 pochopit rozd\u00edly mezi obl\u00edben\u00fdmi mo\u017enostmi, jako je\u00a0<strong>NTAG213<\/strong>,\u00a0<strong>NTAG215<\/strong>a\u00a0<strong>NTAG216<\/strong>.<\/span><\/p>\n<div class=\"AnswerParser_TableContainer__Erb6v\" data-testid=\"table-container\">\n<table>\n<thead>\n<tr>\n<th>Funkce<\/th>\n<th>NTAG213<\/th>\n<th>NTAG215<\/th>\n<th>NTAG216<\/th>\n<\/tr>\n<\/thead>\n<tbody>\n<tr>\n<td>Velikost pam\u011bti<\/td>\n<td>144 bajt\u016f<\/td>\n<td>504 bajt\u016f<\/td>\n<td>888 bajt\u016f<\/td>\n<\/tr>\n<tr>\n<td>UID<\/td>\n<td>7 bajt\u016f<\/td>\n<td>7 bajt\u016f<\/td>\n<td>7 bajt\u016f<\/td>\n<\/tr>\n<tr>\n<td>P\u0159e\u010dt\u011bte si rozsah<\/td>\n<td>A\u017e 10 cm<\/td>\n<td>A\u017e 10 cm<\/td>\n<td>A\u017e 10 cm<\/td>\n<\/tr>\n<tr>\n<td>Bezpe\u010dnostn\u00ed funkce<\/td>\n<td>Z\u00e1kladn\u00ed<\/td>\n<td>Modern\u00ed<\/td>\n<td>Modern\u00ed<\/td>\n<\/tr>\n<\/tbody>\n<\/table>\n<\/div>\n<p><span class=\"AnswerParser_TextContainer__z_Iiv\" data-testid=\"youchat-text\">Ka\u017ed\u00e1 z t\u011bchto vlo\u017eek m\u00e1 jedine\u010dn\u00e9 vlastnosti, kter\u00e9 uspokoj\u00ed pot\u0159eby r\u016fzn\u00fdch aplikac\u00ed a umo\u017e\u0148uj\u00ed podnik\u016fm vybrat si nejvhodn\u011bj\u0161\u00ed mo\u017enost na z\u00e1klad\u011b jejich po\u017eadavk\u016f.<\/span><\/p>\n<h2 class=\"AnswerParser_AnswerParserH2__SIHnF\">Integrace vlo\u017eek NFC v maloobchod\u011b<\/h2>\n<p><span class=\"AnswerParser_TextContainer__z_Iiv\" data-testid=\"youchat-text\">NFC vlo\u017eky jsou ide\u00e1ln\u00ed pro vylep\u0161en\u00ed\u00a0<strong>maloobchodn\u00ed prost\u0159ed\u00ed<\/strong>\u00a0poskytov\u00e1n\u00edm inovativn\u00edch \u0159e\u0161en\u00ed, jako jsou:<\/span><\/p>\n<ul class=\"AnswerParser_AnswerParserUnorderedList__P_1FW\">\n<li class=\"AnswerParser_ListItem__XqLOV\" translate=\"yes\"><strong>Bezkontaktn\u00ed platba<\/strong>: Z\u00e1kazn\u00edci mohou nakupovat rychle a bezpe\u010dn\u011b pomoc\u00ed sv\u00fdch chytr\u00fdch telefon\u016f.<\/li>\n<li class=\"AnswerParser_ListItem__XqLOV\" translate=\"yes\"><strong>Ov\u011b\u0159en\u00ed produktu<\/strong>: Vlo\u017eky NFC mohou poskytnout jedine\u010dn\u00e9 ID pro ka\u017ed\u00fd produkt, co\u017e pom\u00e1h\u00e1 v boji proti pad\u011bl\u00e1n\u00ed a zaji\u0161\u0165uje pravost.<\/li>\n<li class=\"AnswerParser_ListItem__XqLOV\" translate=\"yes\"><strong>Interaktivn\u00ed marketing<\/strong>: Vyu\u017eit\u00ed zna\u010dek NFC v reklam\u011b m\u016f\u017ee v\u00e9st ke zv\u00fd\u0161en\u00e9mu zapojen\u00ed z\u00e1kazn\u00edk\u016f prost\u0159ednictv\u00edm propaga\u010dn\u00edch nab\u00eddek nebo podrobn\u00fdch informac\u00ed o produktech.<\/li>\n<\/ul>\n<h2 class=\"AnswerParser_AnswerParserH2__SIHnF\">Bezpe\u010dnostn\u00ed funkce vlo\u017eek NFC<\/h2>\n<p><span class=\"AnswerParser_TextContainer__z_Iiv\" data-testid=\"youchat-text\">Bezpe\u010dnost je v dne\u0161n\u00edm digit\u00e1ln\u00edm prost\u0159ed\u00ed prvo\u0159ad\u00e1. Vlo\u017eky NFC jsou vybaveny r\u016fzn\u00fdmi bezpe\u010dnostn\u00edmi funkcemi, v\u010detn\u011b:<\/span><\/p>\n<ul class=\"AnswerParser_AnswerParserUnorderedList__P_1FW\">\n<li class=\"AnswerParser_ListItem__XqLOV\" translate=\"yes\"><strong>V\u00fdrobcem naprogramovan\u00e9 7bajtov\u00e9 UID<\/strong>: Ka\u017ed\u00e1 vlo\u017eka NFC m\u00e1 jedine\u010dn\u00fd identifik\u00e1tor, kter\u00fd zaji\u0161\u0165uje, \u017ee transakce jsou bezpe\u010dn\u00e9 a sledovateln\u00e9.<\/li>\n<li class=\"AnswerParser_ListItem__XqLOV\" translate=\"yes\"><strong>32bitov\u00e1 ochrana heslem<\/strong>: To zabra\u0148uje neopr\u00e1vn\u011bn\u00e9mu p\u0159\u00edstupu a necht\u011bn\u00fdm operac\u00edm s pam\u011bt\u00ed, co\u017e firm\u00e1m poskytuje klid.<\/li>\n<li class=\"AnswerParser_ListItem__XqLOV\" translate=\"yes\"><strong>Podpis originality zalo\u017een\u00fd na ECC<\/strong>: T\u00edm je zaji\u0161t\u011bno, \u017ee produkty jsou origin\u00e1ln\u00ed a nejsou s nimi manipulov\u00e1ny.<\/li>\n<\/ul>\n<h2 class=\"AnswerParser_AnswerParserH2__SIHnF\">Dopad na \u017eivotn\u00ed prost\u0159ed\u00ed a udr\u017eitelnost<\/h2>\n<p><span class=\"AnswerParser_TextContainer__z_Iiv\" data-testid=\"youchat-text\">Vzhledem k tomu, \u017ee se podniky st\u00e1le v\u00edce zam\u011b\u0159uj\u00ed na udr\u017eitelnost, vynikaj\u00ed vlo\u017eky NFC jako ekologick\u00e1 \u0159e\u0161en\u00ed. Mnoho vlo\u017eek NFC je vyrobeno z recyklovateln\u00fdch materi\u00e1l\u016f, co\u017e sni\u017euje odpad a dopad na \u017eivotn\u00ed prost\u0159ed\u00ed. Nav\u00edc jejich integrace do st\u00e1vaj\u00edc\u00edch syst\u00e9m\u016f m\u016f\u017ee v\u00e9st ke zv\u00fd\u0161en\u00ed efektivity a d\u00e1le p\u0159isp\u011bt k udr\u017eiteln\u011bj\u0161\u00edmu p\u0159\u00edstupu k obchodn\u00edm operac\u00edm.<\/span><\/p>\n<h2 class=\"AnswerParser_AnswerParserH2__SIHnF\">Z\u00e1kaznick\u00e9 recenze a p\u0159\u00edpadov\u00e9 studie<\/h2>\n<p><span class=\"AnswerParser_TextContainer__z_Iiv\" data-testid=\"youchat-text\">Zp\u011btn\u00e1 vazba od z\u00e1kazn\u00edk\u016f pou\u017e\u00edvaj\u00edc\u00edch vlo\u017eky NFC je v drtiv\u00e9 v\u011bt\u0161in\u011b pozitivn\u00ed. Mnoz\u00ed hl\u00e1s\u00ed zv\u00fd\u0161enou spokojenost z\u00e1kazn\u00edk\u016f d\u00edky snadn\u00e9mu pou\u017eit\u00ed a zv\u00fd\u0161en\u00e9mu zapojen\u00ed. Nap\u0159\u00edklad spole\u010dnosti v maloobchodn\u00edm sektoru zaznamenaly po implementaci technologie NFC v\u00fdrazn\u00e9 zlep\u0161en\u00ed v \u00fa\u010dasti na v\u011brnostn\u00edch programech a metrik\u00e1ch interakce se z\u00e1kazn\u00edky.<\/span><\/p>\n<h3 class=\"AnswerParser_AnswerParserH3__Mpe4s\">P\u0159\u00edpadov\u00e1 studie: Avery Dennison NFC Inlays<\/h3>\n<p><span class=\"AnswerParser_TextContainer__z_Iiv\" data-testid=\"youchat-text\">NFC vlo\u017eky Avery Dennison byly \u00fasp\u011b\u0161n\u011b integrov\u00e1ny do r\u016fzn\u00fdch maloobchodn\u00edch prost\u0159ed\u00ed a poskytuj\u00ed efektivn\u00ed \u0159e\u0161en\u00ed pro p\u0159\u00edstup k informac\u00edm o produktech a interakci se z\u00e1kazn\u00edky. Maloobchodn\u00edci pou\u017e\u00edvaj\u00edc\u00ed produkty Avery Dennison hl\u00e1sili n\u00e1r\u016fst zapojen\u00ed z\u00e1kazn\u00edk\u016f o 30% a n\u00e1r\u016fst prodeje o 20% b\u011bhem propaga\u010dn\u00edch kampan\u00ed.<\/span><\/p>\n<h2 class=\"AnswerParser_AnswerParserH2__SIHnF\">\u010cast\u00e9 dotazy o vlo\u017ek\u00e1ch NFC<\/h2>\n<p><span class=\"AnswerParser_TextContainer__z_Iiv\" data-testid=\"youchat-text\"><strong>1. Co je to vlo\u017eka NFC?<\/strong><br \/>\nVlo\u017eka NFC je tenk\u00fd bezkontaktn\u00ed \u0161t\u00edtek, kter\u00fd vyu\u017e\u00edv\u00e1 technologii NFC k umo\u017en\u011bn\u00ed komunikace mezi za\u0159\u00edzen\u00edmi. Obvykle se skl\u00e1d\u00e1 z \u010dipu a ant\u00e9ny, co\u017e usnad\u0148uje p\u0159enos dat a v\u00fdm\u011bnu energie.<\/span><\/p>\n<p><span class=\"AnswerParser_TextContainer__z_Iiv\" data-testid=\"youchat-text\"><strong>2. Jak funguj\u00ed vlo\u017eky NFC?<\/strong><br \/>\nVlo\u017eky NFC funguj\u00ed na principu elektromagnetick\u00e9 indukce, co\u017e umo\u017e\u0148uje za\u0159\u00edzen\u00edm, jako jsou chytr\u00e9 telefony, komunikovat se \u0161t\u00edtky, kdy\u017e jsou v t\u011bsn\u00e9 bl\u00edzkosti.<\/span><\/p>\n<p><span class=\"AnswerParser_TextContainer__z_Iiv\" data-testid=\"youchat-text\"><strong>3. Jsou vlo\u017eky NFC bezpe\u010dn\u00e9?<\/strong><br \/>\nAno, mnoho vlo\u017eek NFC m\u00e1 vestav\u011bn\u00e9 bezpe\u010dnostn\u00ed funkce, v\u010detn\u011b ochrany heslem a \u0161ifrov\u00e1n\u00ed, kter\u00e9 zaji\u0161\u0165uj\u00ed bezpe\u010dn\u00e9 transakce a p\u0159enos dat.<\/span><\/p>\n<p><span class=\"AnswerParser_TextContainer__z_Iiv\" data-testid=\"youchat-text\"><strong>4. Lze vlo\u017eky NFC pou\u017e\u00edt pro platby?<\/strong><br \/>\nAbsolutn\u011b! Vlo\u017eky NFC jsou \u0161iroce pou\u017e\u00edv\u00e1ny v bezkontaktn\u00edch platebn\u00edch syst\u00e9mech, d\u00edky nim\u017e jsou transakce pro z\u00e1kazn\u00edky rychl\u00e9 a bezpe\u010dn\u00e9.<\/span><\/p>\n<p><span class=\"AnswerParser_TextContainer__z_Iiv\" data-testid=\"youchat-text\"><strong>5. Kde mohu zakoupit vlo\u017eky NFC?<\/strong><br \/>\nVlo\u017eky NFC lze zakoupit od r\u016fzn\u00fdch dodavatel\u016f, v\u010detn\u011b\u00a0<strong>Avery Dennison<\/strong>a jsou k dispozici v r\u016fzn\u00fdch typech a specifikac\u00edch, aby vyhovovaly pot\u0159eb\u00e1m r\u016fzn\u00fdch aplikac\u00ed.<\/span><\/p>\n<h3 class=\"AnswerParser_AnswerParserH3__Mpe4s\">Z\u00e1v\u011br<\/h3>\n<p><span class=\"AnswerParser_TextContainer__z_Iiv\" data-testid=\"youchat-text\">Z\u00e1v\u011brem lze \u0159\u00edci, \u017ee vlo\u017eky NFC jsou spolehliv\u00fdm a nejmodern\u011bj\u0161\u00edm produktem, kter\u00fd spl\u0148uje r\u016fzn\u00e9 pot\u0159eby aplikac\u00ed v r\u016fzn\u00fdch odv\u011btv\u00edch. Investice do technologie NFC je d\u00edky jejich n\u00e1kladov\u00e9 efektivit\u011b, bezpe\u010dnostn\u00edm funkc\u00edm a snadn\u00e9 integraci chytrou volbou pro podniky, kter\u00e9 cht\u011bj\u00ed zlep\u0161it z\u00e1kaznickou zku\u0161enost a zefektivnit provoz. Chcete-li se dozv\u011bd\u011bt v\u00edce o vlo\u017ek\u00e1ch NFC a prozkoumat na\u0161e doporu\u010den\u00ed produkt\u016f, vypl\u0148te pros\u00edm je\u0161t\u011b dnes popt\u00e1vkov\u00fd formul\u00e1\u0159!<\/span><\/p>\n<p>&nbsp;<\/p>\n<\/div>\n<\/div>","protected":false},"excerpt":{"rendered":"<p>Vylep\u0161ete sv\u016fj maloobchodn\u00ed z\u00e1\u017eitek pomoc\u00ed vlo\u017een\u00ed NFC pro bezpe\u010dn\u00e9 platby, ov\u011b\u0159ov\u00e1n\u00ed produkt\u016f a interaktivn\u00ed marketingov\u00e1 \u0159e\u0161en\u00ed.<\/p>","protected":false},"featured_media":2767,"template":"","meta":{"_kad_post_transparent":"default","_kad_post_title":"","_kad_post_layout":"default","_kad_post_sidebar_id":"","_kad_post_content_style":"default","_kad_post_vertical_padding":"default","_kad_post_feature":"","_kad_post_feature_position":"","_kad_post_header":false,"_kad_post_footer":false,"_kad_post_classname":""},"product_brand":[],"product_cat":[189],"product_tag":[322,114,323,108],"class_list":{"0":"post-2766","1":"product","2":"type-product","3":"status-publish","4":"has-post-thumbnail","6":"product_cat-rfid-inlay","7":"product_tag-nfc-inlay-mifare-ultralight-ev1","8":"product_tag-nfc-label","9":"product_tag-nfc-sticker","10":"product_tag-rfid-inlay","12":"first","13":"instock","14":"shipping-taxable","15":"product-type-simple","16":"entry","17":"content-bg","18":"loop-entry"},"_links":{"self":[{"href":"https:\/\/rfid-laundry-tag.com\/cs\/wp-json\/wp\/v2\/product\/2766","targetHints":{"allow":["GET"]}}],"collection":[{"href":"https:\/\/rfid-laundry-tag.com\/cs\/wp-json\/wp\/v2\/product"}],"about":[{"href":"https:\/\/rfid-laundry-tag.com\/cs\/wp-json\/wp\/v2\/types\/product"}],"version-history":[{"count":1,"href":"https:\/\/rfid-laundry-tag.com\/cs\/wp-json\/wp\/v2\/product\/2766\/revisions"}],"predecessor-version":[{"id":2770,"href":"https:\/\/rfid-laundry-tag.com\/cs\/wp-json\/wp\/v2\/product\/2766\/revisions\/2770"}],"wp:featuredmedia":[{"embeddable":true,"href":"https:\/\/rfid-laundry-tag.com\/cs\/wp-json\/wp\/v2\/media\/2767"}],"wp:attachment":[{"href":"https:\/\/rfid-laundry-tag.com\/cs\/wp-json\/wp\/v2\/media?parent=2766"}],"wp:term":[{"taxonomy":"product_brand","embeddable":true,"href":"https:\/\/rfid-laundry-tag.com\/cs\/wp-json\/wp\/v2\/product_brand?post=2766"},{"taxonomy":"product_cat","embeddable":true,"href":"https:\/\/rfid-laundry-tag.com\/cs\/wp-json\/wp\/v2\/product_cat?post=2766"},{"taxonomy":"product_tag","embeddable":true,"href":"https:\/\/rfid-laundry-tag.com\/cs\/wp-json\/wp\/v2\/product_tag?post=2766"}],"curies":[{"name":"wp","href":"https:\/\/api.w.org\/{rel}","templated":true}]}}