{"id":2761,"date":"2024-10-21T16:41:28","date_gmt":"2024-10-21T16:41:28","guid":{"rendered":"https:\/\/rfid-laundry-tag.com\/?post_type=product&#038;p=2761"},"modified":"2024-10-21T16:54:52","modified_gmt":"2024-10-21T16:54:52","slug":"iso15693-i-code-slix-patrol-nfc-tag","status":"publish","type":"product","link":"https:\/\/rfid-laundry-tag.com\/cs\/iso15693-i-code-slix-patrol-nfc-tag\/","title":{"rendered":"ISO15693 I CODE SLIX Patrol NFC Tag"},"content":{"rendered":"<h1>ISO15693 I CODE SLIX Patrol NFC Tag<\/h1>\n<p>The\u00a0<strong>ICODE SLI X Patrol NFC Tag<\/strong>\u00a0je ur\u010den pro ty, kte\u0159\u00ed po\u017eaduj\u00ed spolehlivost a v\u00fdkon v n\u00e1ro\u010dn\u00fdch prost\u0159ed\u00edch. Toto pokro\u010dilo\u00a0<strong>NFC tag<\/strong>\u00a0je ide\u00e1ln\u00ed pro hl\u00eddkov\u00e9 aplikace a umo\u017e\u0148uje bezprobl\u00e9movou komunikaci se za\u0159\u00edzen\u00edmi s podporou NFC. Postaven tak, aby odolal zkou\u0161ce \u010dasu a drsn\u00fdm podm\u00ednk\u00e1m, nab\u00edz\u00ed neuv\u011b\u0159iteln\u00e9\u00a0<strong>IP65<\/strong>\u00a0hodnocen\u00ed, zaji\u0161\u0165uj\u00edc\u00ed, \u017ee z\u016fstane funk\u010dn\u00ed i p\u0159i vystaven\u00ed vlhkosti a prachu. D\u00edky sv\u00fdm mo\u017enostem p\u0159izp\u016fsoben\u00ed a vysok\u00e9 odolnosti je ICODE SLI X nezbytn\u00fdm n\u00e1strojem pro bezpe\u010dnostn\u00ed person\u00e1l, sledov\u00e1n\u00ed majetku a r\u016fzn\u00e9 pr\u016fmyslov\u00e9 aplikace.<\/p>\n<h2 class=\"AnswerParser_AnswerParserH2__SIHnF\">Vlastnosti a v\u00fdhody ICODE SLI X NFC Tag<\/h2>\n<ul class=\"AnswerParser_AnswerParserUnorderedList__P_1FW\">\n<li class=\"AnswerParser_ListItem__XqLOV\" translate=\"yes\"><strong>Odoln\u00e1 konstrukce<\/strong>: Vyrobeno z\u00a0<strong>ABS<\/strong>\u00a0Materi\u00e1l ICODE SLI X je odoln\u00fd v\u016f\u010di fyzick\u00e9mu po\u0161kozen\u00ed a vliv\u016fm prost\u0159ed\u00ed.<\/li>\n<li class=\"AnswerParser_ListItem__XqLOV\" translate=\"yes\"><strong>V\u0161estrann\u00e9 velikosti<\/strong>: Dostupn\u00e9 v\u00a0<strong>25 mm, 30 mm a 52 mm<\/strong>\u00a0mo\u017enosti pr\u016fm\u011bru, lze tento \u0161t\u00edtek upravit tak, aby vyhovoval specifick\u00fdm pot\u0159eb\u00e1m aplikace.<\/li>\n<li class=\"AnswerParser_ListItem__XqLOV\" translate=\"yes\"><strong>Vysok\u00fd v\u00fdkon<\/strong>: Provoz v\u00a0<strong>13,56 MHz<\/strong>, tag poskytuje vynikaj\u00edc\u00ed v\u00fdkon p\u0159i p\u0159enosu dat a umo\u017e\u0148uje rychlou a spolehlivou komunikaci.<\/li>\n<\/ul>\n<table class=\"all magic-8\">\n<tbody>\n<tr>\n<td colspan=\"1\" rowspan=\"1\">\n<div class=\"magic-9\" data-spm-anchor-id=\"a2700.details.0.i71.50be21afmO5Aid\">\u010cip<\/div>\n<\/td>\n<td colspan=\"1\" rowspan=\"1\">\n<div class=\"magic-10\">ICODE SLI X (p\u0159izp\u016fsoben\u00fd)<\/div>\n<\/td>\n<\/tr>\n<tr>\n<td colspan=\"1\" rowspan=\"1\">\n<div class=\"magic-9\">Rozm\u011bry<\/div>\n<\/td>\n<td colspan=\"1\" rowspan=\"1\">\n<div class=\"magic-10\" data-spm-anchor-id=\"a2700.details.0.i73.50be21afmO5Aid\">25 mm, 30 mm, 52 mm pr\u016fm\u011br (p\u0159izp\u016fsoben\u00fd)<\/div>\n<\/td>\n<\/tr>\n<tr>\n<td colspan=\"1\" rowspan=\"1\">\n<div class=\"magic-9\">Tlou\u0161\u0165ka<\/div>\n<\/td>\n<td colspan=\"1\" rowspan=\"1\">\n<div class=\"magic-10\">3 mm, Velikost otvoru: pr\u016fm\u011br 5 mm<\/div>\n<\/td>\n<\/tr>\n<tr>\n<td colspan=\"1\" rowspan=\"1\">\n<div class=\"magic-9\">Materi\u00e1l<\/div>\n<\/td>\n<td colspan=\"1\" rowspan=\"1\">\n<div class=\"magic-10\">ABS<\/div>\n<\/td>\n<\/tr>\n<tr>\n<td colspan=\"1\" rowspan=\"1\">\n<div class=\"magic-9\">IP hodnocen\u00ed<\/div>\n<\/td>\n<td colspan=\"1\" rowspan=\"1\">\n<div class=\"magic-10\">IP 65<\/div>\n<\/td>\n<\/tr>\n<tr>\n<td colspan=\"1\" rowspan=\"1\">\n<div class=\"magic-9\">Teplota aplikace<\/div>\n<\/td>\n<td colspan=\"1\" rowspan=\"1\">\n<div class=\"magic-10\">-40~80\u00b0<\/div>\n<\/td>\n<\/tr>\n<tr>\n<td colspan=\"1\" rowspan=\"1\">\n<div class=\"magic-9\">Provozn\u00ed teplota<\/div>\n<\/td>\n<td colspan=\"1\" rowspan=\"1\">\n<div class=\"magic-10\" data-spm-anchor-id=\"a2700.details.0.i72.50be21afmO5Aid\">-40~70\u00b0C<\/div>\n<\/td>\n<\/tr>\n<tr>\n<td colspan=\"1\" rowspan=\"1\">\n<div class=\"magic-9\">Pam\u011b\u0165<\/div>\n<\/td>\n<td colspan=\"1\" rowspan=\"1\">\n<div class=\"magic-10\">1K bit\u016f (z\u00e1vis\u00ed na \u010dipu)<\/div>\n<\/td>\n<\/tr>\n<tr>\n<td colspan=\"1\" rowspan=\"1\">\n<div class=\"magic-9\">Frekven\u010dn\u00ed rozsah s nejlep\u0161\u00edm v\u00fdkonem<\/div>\n<\/td>\n<td colspan=\"1\" rowspan=\"1\">\n<div class=\"magic-10\">13,56 MHz<\/div>\n<\/td>\n<\/tr>\n<tr>\n<td colspan=\"1\" rowspan=\"1\">\n<div class=\"magic-9\">IC Life<\/div>\n<\/td>\n<td colspan=\"1\" rowspan=\"1\">\n<div class=\"magic-10\">Zapi\u0161te v\u00fddr\u017e 100 000 cykl\u016f Uchov\u00e1n\u00ed data<\/div>\n<\/td>\n<\/tr>\n<\/tbody>\n<\/table>\n<p>&nbsp;<\/p>\n<h3 class=\"AnswerParser_AnswerParserH3__Mpe4s\">1. Kompatibilita a funk\u010dnost zna\u010dek NFC<\/h3>\n<p><span class=\"AnswerParser_TextContainer__z_Iiv\" data-testid=\"youchat-text\">The\u00a0<strong>ICODE SLI X NFC Tag<\/strong>\u00a0je kompatibiln\u00ed se \u0161irokou \u0161k\u00e1lou\u00a0<strong>Za\u0159\u00edzen\u00ed s podporou NFC<\/strong>v\u010detn\u011b chytr\u00fdch telefon\u016f a tablet\u016f. Tato kompatibilita umo\u017e\u0148uje u\u017eivatel\u016fm snadno\u00a0<strong>\u010d\u00edst NFC<\/strong>\u00a0tagy pomoc\u00ed sv\u00fdch za\u0159\u00edzen\u00ed, a\u0165 u\u017e pou\u017e\u00edvaj\u00ed\u00a0<strong>iPhone<\/strong>\u00a0nebo an\u00a0<strong>Android<\/strong>\u00a0telefon. Integrace\u00a0<strong>Technologie NFC<\/strong>\u00a0znamen\u00e1, \u017ee u\u017eivatel\u00e9 mohou rychle p\u0159ilo\u017eit sv\u00e1 za\u0159\u00edzen\u00ed na \u0161t\u00edtek pro okam\u017eit\u00fd p\u0159\u00edstup k dat\u016fm, tak\u017ee je ide\u00e1ln\u00ed pro vizitky, syst\u00e9my zabezpe\u010den\u00e9ho vstupu nebo sd\u00edlen\u00ed informac\u00ed.<\/span><span class=\"AnswerParser_TextContainer__z_Iiv\" data-testid=\"youchat-text\">Zna\u010dka je navr\u017eena pro pou\u017eit\u00ed v r\u016fzn\u00fdch aplikac\u00edch a umo\u017e\u0148uje podnik\u016fm zefektivnit operace a zlep\u0161it komunikaci. A\u0165 u\u017e jej pou\u017e\u00edv\u00e1te jako sou\u010d\u00e1st a\u00a0<strong>hl\u00eddkov\u00fd syst\u00e9m<\/strong>\u00a0nebo pro sledov\u00e1n\u00ed majetku poskytuje ICODE SLI X spolehliv\u00e9 \u0159e\u0161en\u00ed, kter\u00e9 se m\u016f\u017ee uk\u00e1zat jako neoceniteln\u00e9 v ka\u017edodenn\u00edch operac\u00edch.<\/span><\/p>\n<h3 class=\"AnswerParser_AnswerParserH3__Mpe4s\">2. V\u00fdkon zna\u010dky NFC na kovov\u00e9m povrchu<\/h3>\n<p><span class=\"AnswerParser_TextContainer__z_Iiv\" data-testid=\"youchat-text\">Jednou z v\u00fdjime\u010dn\u00fdch vlastnost\u00ed ICODE SLI X je jeho schopnost efektivn\u011b fungovat jako\u00a0<strong>kovov\u00fd \u0161t\u00edtek NFC<\/strong>. Tradi\u010dn\u00ed \u0161t\u00edtky NFC \u010dasto z\u00e1pas\u00ed s kovov\u00fdmi povrchy kv\u016fli ru\u0161en\u00ed, ale tento \u0161t\u00edtek vyu\u017e\u00edv\u00e1 pokro\u010dil\u00e9\u00a0<strong>antikovov\u00e1 technologie<\/strong>\u00a0pro zaji\u0161t\u011bn\u00ed spolehliv\u00e9ho v\u00fdkonu. To znamen\u00e1, \u017ee jej m\u016f\u017eete bezpe\u010dn\u011b p\u0159ipevnit na kovov\u00e9 povrchy bez ztr\u00e1ty funk\u010dnosti, tak\u017ee je ide\u00e1ln\u00ed pro pr\u016fmyslov\u00e1 nastaven\u00ed nebo bezpe\u010dnostn\u00ed kontroln\u00ed body.<\/span><span class=\"AnswerParser_TextContainer__z_Iiv\" data-testid=\"youchat-text\">Po p\u0159ipevn\u011bn\u00ed na kov si ICODE SLI X zachov\u00e1v\u00e1 siln\u00e9 spojen\u00ed se za\u0159\u00edzen\u00edmi NFC, co\u017e umo\u017e\u0148uje bezprobl\u00e9mov\u00fd p\u0159enos dat bez pot\u0159eby dal\u0161\u00edho vybaven\u00ed. Tato funkce je zvl\u00e1\u0161t\u011b v\u00fdhodn\u00e1 pro podniky, kter\u00e9 cht\u011bj\u00ed implementovat\u00a0<strong>bezkontaktn\u00ed \u0159e\u0161en\u00ed<\/strong>\u00a0v drsn\u00fdch prost\u0159ed\u00edch.<\/span><\/p>\n<h3 class=\"AnswerParser_AnswerParserH3__Mpe4s\">3. Mo\u017enosti p\u0159izp\u016fsoben\u00ed pro r\u016fzn\u00e9 aplikace<\/h3>\n<p><span class=\"AnswerParser_TextContainer__z_Iiv\" data-testid=\"youchat-text\">P\u0159izp\u016fsoben\u00ed je kl\u00ed\u010dov\u00e9, pokud jde o implementaci technologie NFC v r\u016fzn\u00fdch pr\u016fmyslov\u00fdch odv\u011btv\u00edch. ICODE SLI X lze upravit tak, aby spl\u0148ovalo specifick\u00e9 po\u017eadavky, v\u010detn\u011b velikosti a kapacity pam\u011bti. S mo\u017enostmi pro\u00a0<strong>25 mm, 30 mm a 52 mm<\/strong>\u00a0pr\u016fm\u011bry, podniky si mohou vybrat perfektn\u00ed velikost pro sv\u00e9 pot\u0159eby.<\/span><span class=\"AnswerParser_TextContainer__z_Iiv\" data-testid=\"youchat-text\">Nav\u00edc lze upravit kapacitu pam\u011bti, co\u017e umo\u017e\u0148uje r\u016fzn\u00e9 pot\u0159eby ukl\u00e1d\u00e1n\u00ed dat. A\u0165 u\u017e pot\u0159ebujete jednoduch\u00fd\u00a0<strong>NFC n\u00e1lepka<\/strong>\u00a0pro vizitku nebo slo\u017eit\u011bj\u0161\u00ed \u0159e\u0161en\u00ed pro sledov\u00e1n\u00ed majetku lze ICODE SLI X upravit tak, aby poskytoval spr\u00e1vnou funk\u010dnost.<\/span><\/p>\n<h3 class=\"AnswerParser_AnswerParserH3__Mpe4s\">4. Design odoln\u00fd v\u016f\u010di \u017eivotn\u00edmu prost\u0159ed\u00ed<\/h3>\n<p><span class=\"AnswerParser_TextContainer__z_Iiv\" data-testid=\"youchat-text\">s\u00a0<strong>IP65<\/strong>\u00a0ICODE SLI X je navr\u017een tak, aby vydr\u017eel vystaven\u00ed prachu a vlhkosti, tak\u017ee je vhodn\u00fd pro venkovn\u00ed a pr\u016fmyslov\u00e9 pou\u017eit\u00ed. \u0160t\u00edtek m\u016f\u017ee pracovat p\u0159i teplot\u00e1ch v rozmez\u00ed od\u00a0<strong>-40 \u00b0C a\u017e 80 \u00b0C<\/strong>zaji\u0161\u0165uj\u00edc\u00ed konzistentn\u00ed v\u00fdkon v extr\u00e9mn\u00edch podm\u00ednk\u00e1ch.<\/span><span class=\"AnswerParser_TextContainer__z_Iiv\" data-testid=\"youchat-text\">Tato robustnost znamen\u00e1, \u017ee se podniky mohou spolehnout na ICODE SLI X\u00a0<strong>dlouhodob\u00e9 u\u017e\u00edv\u00e1n\u00ed<\/strong>, co\u017e sni\u017euje pot\u0159ebu \u010dast\u00fdch v\u00fdm\u011bn a v kone\u010dn\u00e9m d\u016fsledku \u0161et\u0159\u00ed n\u00e1klady. Odolnost \u0161t\u00edtku zaji\u0161\u0165uje, \u017ee dok\u00e1\u017ee p\u0159e\u017e\u00edt v nejn\u00e1ro\u010dn\u011bj\u0161\u00edch prost\u0159ed\u00edch, co\u017e z n\u011bj \u010din\u00ed chytrou investici pro jak\u00fdkoli provoz.<\/span><\/p>\n<h3 class=\"AnswerParser_AnswerParserH3__Mpe4s\">5. Snadn\u00e1 instalace a pou\u017eit\u00ed<\/h3>\n<p><span class=\"AnswerParser_TextContainer__z_Iiv\" data-testid=\"youchat-text\">Instalace ICODE SLI X je p\u0159\u00edmo\u010dar\u00e1 d\u00edky jeho designu s a\u00a0<strong>otvor pro \u0161roub<\/strong>\u00a0pro bezpe\u010dn\u00e9 uchycen\u00ed. A\u0165 u\u017e se rozhodnete jej dodr\u017eet s\u00a0<strong>lepidlo NFC<\/strong>\u00a0podlo\u017een\u00edm nebo p\u0159i\u0161roubov\u00e1n\u00edm na m\u00edsto je proces instalace jednoduch\u00fd a efektivn\u00ed.<\/span><span class=\"AnswerParser_TextContainer__z_Iiv\" data-testid=\"youchat-text\">Po instalaci je pou\u017e\u00edv\u00e1n\u00ed \u0161t\u00edtku stejn\u011b snadn\u00e9. U\u017eivatel\u00e9 mohou jednodu\u0161e\u00a0<strong>klepn\u011bte na zna\u010dku<\/strong>\u00a0s jejich\u00a0<strong>Telefon s podporou NFC<\/strong>\u00a0pro p\u0159\u00edstup k informac\u00edm nebo prov\u00e1d\u011bn\u00ed p\u0159\u00edkaz\u016f. Tato snadnost pou\u017eit\u00ed d\u011bl\u00e1 z ICODE SLI X ide\u00e1ln\u00ed volbu pro podniky, kter\u00e9 cht\u011bj\u00ed implementovat\u00a0<strong>bezdr\u00e1tov\u00e9 komunikace<\/strong>\u00a0bez slo\u017eitost\u00ed tradi\u010dn\u00edch syst\u00e9m\u016f.<\/span><\/p>\n<h3 class=\"AnswerParser_AnswerParserH3__Mpe4s\">6. \u010casto kladen\u00e9 ot\u00e1zky o ICODE SLI X NFC Tag<\/h3>\n<p><span class=\"AnswerParser_TextContainer__z_Iiv\" data-testid=\"youchat-text\"><strong>Ot\u00e1zka: Lze ICODE SLI X pou\u017e\u00edt pro bezkontaktn\u00ed platby?<\/strong><br \/>\nOdpov\u011b\u010f: ICODE SLI X je navr\u017een pro p\u0159enos dat a komunikaci, lze jej v\u0161ak integrovat do syst\u00e9m\u016f, kter\u00e9 podporuj\u00ed bezkontaktn\u00ed platby, ale s\u00e1m o sob\u011b nen\u00ed za\u0159\u00edzen\u00edm pro zpracov\u00e1n\u00ed plateb.<\/span><\/p>\n<p><span class=\"AnswerParser_TextContainer__z_Iiv\" data-testid=\"youchat-text\"><strong>Ot\u00e1zka: Je ICODE SLI X vodot\u011bsn\u00fd?<\/strong><br \/>\nOdpov\u011b\u010f: ICODE SLI X m\u00e1 stupe\u0148 kryt\u00ed IP65, tak\u017ee je odoln\u00fd proti prachu a st\u0159\u00edkaj\u00edc\u00ed vod\u011b, ale nen\u00ed pln\u011b vodot\u011bsn\u00fd. Je vhodn\u00fd pro venkovn\u00ed pou\u017eit\u00ed za r\u016fzn\u00fdch pov\u011btrnostn\u00edch podm\u00ednek.<\/span><\/p>\n<p><span class=\"AnswerParser_TextContainer__z_Iiv\" data-testid=\"youchat-text\"><strong>Ot\u00e1zka: Jak dlouho vydr\u017e\u00ed baterie?<\/strong><br \/>\nA: Tagy NFC jako ICODE SLI X nemaj\u00ed baterii; p\u0159i poklep\u00e1n\u00ed odeb\u00edraj\u00ed energii ze za\u0159\u00edzen\u00ed s podporou NFC a zaji\u0161\u0165uj\u00ed dlouhodobou funk\u010dnost s minim\u00e1ln\u00ed \u00fadr\u017ebou.<\/span><\/p>","protected":false},"excerpt":{"rendered":"<p>The <strong>ICODE SLI X Patrol NFC Tag<\/strong> vynik\u00e1 jako spolehliv\u00e9 a v\u0161estrann\u00e9 \u0159e\u0161en\u00ed RFID ve slu\u017eb\u011b a hl\u00eddce pro pot\u0159eby komunikace na kovu.<\/p>","protected":false},"featured_media":2763,"template":"","meta":{"_kad_post_transparent":"default","_kad_post_title":"","_kad_post_layout":"default","_kad_post_sidebar_id":"","_kad_post_content_style":"default","_kad_post_vertical_padding":"default","_kad_post_feature":"","_kad_post_feature_position":"","_kad_post_header":false,"_kad_post_footer":false,"_kad_post_classname":""},"product_brand":[],"product_cat":[54],"product_tag":[133,320,321],"class_list":{"0":"post-2761","1":"product","2":"type-product","3":"status-publish","4":"has-post-thumbnail","6":"product_cat-hot-selling-rfid-tags","7":"product_tag-i-code-slix-nfc-tag","8":"product_tag-iso15693-nfc-tag","9":"product_tag-patrol-nfc-tag","11":"first","12":"instock","13":"shipping-taxable","14":"product-type-simple","15":"entry","16":"content-bg","17":"loop-entry"},"_links":{"self":[{"href":"https:\/\/rfid-laundry-tag.com\/cs\/wp-json\/wp\/v2\/product\/2761","targetHints":{"allow":["GET"]}}],"collection":[{"href":"https:\/\/rfid-laundry-tag.com\/cs\/wp-json\/wp\/v2\/product"}],"about":[{"href":"https:\/\/rfid-laundry-tag.com\/cs\/wp-json\/wp\/v2\/types\/product"}],"version-history":[{"count":1,"href":"https:\/\/rfid-laundry-tag.com\/cs\/wp-json\/wp\/v2\/product\/2761\/revisions"}],"predecessor-version":[{"id":2765,"href":"https:\/\/rfid-laundry-tag.com\/cs\/wp-json\/wp\/v2\/product\/2761\/revisions\/2765"}],"wp:featuredmedia":[{"embeddable":true,"href":"https:\/\/rfid-laundry-tag.com\/cs\/wp-json\/wp\/v2\/media\/2763"}],"wp:attachment":[{"href":"https:\/\/rfid-laundry-tag.com\/cs\/wp-json\/wp\/v2\/media?parent=2761"}],"wp:term":[{"taxonomy":"product_brand","embeddable":true,"href":"https:\/\/rfid-laundry-tag.com\/cs\/wp-json\/wp\/v2\/product_brand?post=2761"},{"taxonomy":"product_cat","embeddable":true,"href":"https:\/\/rfid-laundry-tag.com\/cs\/wp-json\/wp\/v2\/product_cat?post=2761"},{"taxonomy":"product_tag","embeddable":true,"href":"https:\/\/rfid-laundry-tag.com\/cs\/wp-json\/wp\/v2\/product_tag?post=2761"}],"curies":[{"name":"wp","href":"https:\/\/api.w.org\/{rel}","templated":true}]}}