{"id":2742,"date":"2024-10-11T16:12:50","date_gmt":"2024-10-11T16:12:50","guid":{"rendered":"https:\/\/rfid-laundry-tag.com\/?post_type=product&#038;p=2742"},"modified":"2024-10-29T14:33:03","modified_gmt":"2024-10-29T14:33:03","slug":"epoxy-menu-nfc-tags","status":"publish","type":"product","link":"https:\/\/rfid-laundry-tag.com\/cs\/epoxy-menu-nfc-tags\/","title":{"rendered":"Epoxy Menu NFC Tagy"},"content":{"rendered":"<p><span class=\"AnswerParser_TextContainer__z_Iiv\" data-testid=\"youchat-text\"><strong>Epoxy Menu NFC Tagy<\/strong>\u00a0vyu\u017eijte nejmodern\u011bj\u0161\u00ed technologii NFC a QR k\u00f3d\u016f k transformaci zp\u016fsobu interakce host\u016f s menu. Tyto inovativn\u00ed \u0161t\u00edtky umo\u017e\u0148uj\u00ed z\u00e1kazn\u00edk\u016fm rychle proch\u00e1zet a objedn\u00e1vat p\u0159\u00edmo ze sv\u00fdch chytr\u00fdch telefon\u016f, \u010d\u00edm\u017e vylep\u0161uj\u00ed jejich gastronomick\u00fd z\u00e1\u017eitek a z\u00e1rove\u0148 zjednodu\u0161uj\u00ed provoz restaurac\u00ed, kav\u00e1ren a bar\u016f. D\u00edky p\u0159izp\u016fsobiteln\u00fdm design\u016fm a robustn\u00edm funkc\u00edm jsou tyto \u0161t\u00edtky nutnost\u00ed v ka\u017ed\u00e9m modern\u00edm podniku.<\/span><\/p>\n<h2 class=\"AnswerParser_AnswerParserH2__SIHnF\">P\u0159ehled produktu<\/h2>\n<h3 class=\"AnswerParser_AnswerParserH3__Mpe4s\">1. Co jsou Epoxy Menu NFC Tagy?<\/h3>\n<p><span class=\"AnswerParser_TextContainer__z_Iiv\" data-testid=\"youchat-text\">Epoxy Menu NFC Tagy jsou pokro\u010dil\u00e9 digit\u00e1ln\u00ed n\u00e1stroje navr\u017een\u00e9 pro usnadn\u011bn\u00ed bezprobl\u00e9mov\u00e9ho p\u0159\u00edstupu k nab\u00eddk\u00e1m a objedn\u00e1v\u00e1n\u00ed. Tyto \u0161t\u00edtky jsou vyrobeny z odoln\u00fdch materi\u00e1l\u016f, jako je PVC a jsou vybaveny \u010dipy NFC, lze je upravit pomoc\u00ed log, s\u00e9riov\u00fdch \u010d\u00edsel a dokonce i dynamick\u00fdch QR k\u00f3d\u016f. Jejich epoxidov\u00fd lepic\u00ed povrch zaji\u0161\u0165uje dlouhou \u017eivotnost a odolnost, d\u00edky \u010demu\u017e jsou vhodn\u00e9 do r\u016fzn\u00fdch prost\u0159ed\u00ed.<\/span><\/p>\n<h3 class=\"AnswerParser_AnswerParserH3__Mpe4s\">2. Kl\u00ed\u010dov\u00e9 vlastnosti Epoxy Menu NFC Tagy<\/h3>\n<ul class=\"AnswerParser_AnswerParserUnorderedList__P_1FW\">\n<li class=\"AnswerParser_ListItem__XqLOV\" translate=\"yes\"><strong>Trvanlivost<\/strong>: Povrch z epoxidov\u00e9 prysky\u0159ice poskytuje v\u00fdjime\u010dnou ochranu proti oleji, vod\u011b, po\u0161kr\u00e1b\u00e1n\u00ed a UV z\u00e1\u0159en\u00ed a zaji\u0161\u0165uje, \u017ee \u0161t\u00edtky z\u016fstanou funk\u010dn\u00ed a vizu\u00e1ln\u011b p\u0159ita\u017eliv\u00e9 v pr\u016fb\u011bhu \u010dasu.<\/li>\n<li class=\"AnswerParser_ListItem__XqLOV\" translate=\"yes\"><strong>V\u0161estrannost<\/strong>: S velikostmi dostupn\u00fdmi v kulat\u00e9m (\u042460mm, \u042475mm, \u0424100mm) a \u010dtvercov\u00e9m (80x80mm) lze tyto \u0161t\u00edtky upravit tak, aby vyhovovaly jak\u00e9mukoli estetick\u00e9mu designu nebo po\u017eadavk\u016fm na zna\u010dku.<\/li>\n<li class=\"AnswerParser_ListItem__XqLOV\" translate=\"yes\"><strong>Kompatibilita<\/strong>: Antikovov\u00e1 vrstva umo\u017e\u0148uje t\u011bmto \u0161t\u00edtk\u016fm efektivn\u011b fungovat na kovov\u00fdch i nekovov\u00fdch povr\u0161\u00edch, tak\u017ee jsou ide\u00e1ln\u00ed pro r\u016fzn\u00e9 aplikace.<\/li>\n<\/ul>\n<h3 class=\"AnswerParser_AnswerParserH3__Mpe4s\">3. Technick\u00e9 specifikace<\/h3>\n<table class=\"has-title all magic-15\">\n<tbody>\n<tr>\n<td colspan=\"1\" rowspan=\"1\">\n<div class=\"magic-16\" data-spm-anchor-id=\"a2700.details.0.i39.7beebf0eKrXqHT\"><span class=\"magic-17\">Polo\u017eka<\/span><\/div>\n<\/td>\n<td colspan=\"1\" rowspan=\"1\">\n<div class=\"magic-18\"><span class=\"magic-17\">Epoxy Menu NFC Tagy <\/span><\/div>\n<\/td>\n<\/tr>\n<tr>\n<td colspan=\"1\" rowspan=\"1\">\n<div class=\"magic-16\"><span class=\"magic-17\">Speci\u00e1ln\u00ed funkce<\/span><\/div>\n<\/td>\n<td colspan=\"1\" rowspan=\"1\">\n<div class=\"magic-18\"><span class=\"magic-17\">Vodot\u011bsn\u00fd \/ odoln\u00fd proti pov\u011btrnostn\u00edm vliv\u016fm<\/span><\/div>\n<\/td>\n<\/tr>\n<tr>\n<td colspan=\"1\" rowspan=\"1\">\n<div class=\"magic-16\"><span class=\"magic-17\">Komunika\u010dn\u00ed rozhran\u00ed<\/span><\/div>\n<\/td>\n<td colspan=\"1\" rowspan=\"1\">\n<div class=\"magic-18\"><span class=\"magic-17\">NFC<\/span><\/div>\n<\/td>\n<\/tr>\n<tr>\n<td colspan=\"1\" rowspan=\"1\">\n<div class=\"magic-16\"><span class=\"magic-17\">Frekvence<\/span><\/div>\n<\/td>\n<td colspan=\"1\" rowspan=\"1\">\n<div class=\"magic-18\"><span class=\"magic-17\">13,56 MHz<\/span><\/div>\n<\/td>\n<\/tr>\n<tr>\n<td colspan=\"1\" rowspan=\"1\">\n<div class=\"magic-16\"><span class=\"magic-17\">Materi\u00e1l<\/span><\/div>\n<\/td>\n<td colspan=\"1\" rowspan=\"1\">\n<div class=\"magic-18\">Epoxid + PET\/PVC + NFC vlo\u017eka + Antikovov\u00e1 vrstva + 3M lepidlo<\/div>\n<\/td>\n<\/tr>\n<tr>\n<td colspan=\"1\" rowspan=\"1\">\n<div class=\"magic-16\">Velikost<\/div>\n<\/td>\n<td colspan=\"1\" rowspan=\"1\">\n<div class=\"magic-18\">Kulat\u00e9: \u042460mm, \u042475mm, \u0424100mm; \u010ctverec: 80 x 80 mm nebo p\u0159izp\u016fsoben\u00fd<\/div>\n<\/td>\n<\/tr>\n<tr>\n<td colspan=\"1\" rowspan=\"1\">\n<div class=\"magic-16\"><span class=\"magic-17\">Protokol<\/span><\/div>\n<\/td>\n<td colspan=\"1\" rowspan=\"1\">\n<div class=\"magic-18\"><span class=\"magic-17\">ISO 14443A<\/span><\/div>\n<\/td>\n<\/tr>\n<tr>\n<td colspan=\"1\" rowspan=\"1\">\n<div class=\"magic-16\"><span class=\"magic-17\">\u010cip<\/span><\/div>\n<\/td>\n<td colspan=\"1\" rowspan=\"1\">\n<div class=\"magic-18\">NTAG213, NTAG215, NTAG216 (k dispozici dal\u0161\u00ed \u010dipy)<\/div>\n<\/td>\n<\/tr>\n<tr>\n<td colspan=\"1\" rowspan=\"1\">\n<div class=\"magic-16\"><span class=\"magic-17\">Pam\u011b\u0165<\/span><\/div>\n<\/td>\n<td colspan=\"1\" rowspan=\"1\">\n<div class=\"magic-18\"><span class=\"magic-17\">144 bajt\u016f, 504 bajt\u016f, 888 bajt\u016f atd<\/span><\/div>\n<\/td>\n<\/tr>\n<tr>\n<td colspan=\"1\" rowspan=\"1\">\n<div class=\"magic-16\"><span class=\"magic-17\">\u010ctec\u00ed vzd\u00e1lenost<\/span><\/div>\n<\/td>\n<td colspan=\"1\" rowspan=\"1\">\n<div class=\"magic-18\"><span class=\"magic-17\">3-15 cm v z\u00e1vislosti na \u010dte\u010dce a velikosti \u0161t\u00edtku<\/span><\/div>\n<\/td>\n<\/tr>\n<tr>\n<td colspan=\"1\" rowspan=\"1\">\n<div class=\"magic-16\"><span class=\"magic-17\">Tisk<\/span><\/div>\n<\/td>\n<td colspan=\"1\" rowspan=\"1\">\n<div class=\"magic-18\"><span class=\"magic-17\">Tisk CMYK 4C\/Offset\/S\u00edtotisk<\/span><\/div>\n<\/td>\n<\/tr>\n<tr>\n<td colspan=\"1\" rowspan=\"1\">\n<div class=\"magic-16\"><span class=\"magic-17\">\u0158emeslo<\/span><\/div>\n<\/td>\n<td colspan=\"1\" rowspan=\"1\">\n<div class=\"magic-18\"><span class=\"magic-17\">Laserov\u00fd k\u00f3d\\UV inkoust\\S\u00e9riov\u00e9 \u010d\u00edslo\\Reli\u00e9fn\u00ed\\Term\u00e1ln\u00ed tisk<\/span><\/div>\n<\/td>\n<\/tr>\n<tr>\n<td colspan=\"1\" rowspan=\"1\">\n<div class=\"magic-16\"><span class=\"magic-17\">Povrch<\/span><\/div>\n<\/td>\n<td colspan=\"1\" rowspan=\"1\">\n<div class=\"magic-18\"><span class=\"magic-17\">Leskl\u00fd \/ matn\u00fd \/ matn\u00fd \/ pr\u016fhledn\u00fd<\/span><\/div>\n<\/td>\n<\/tr>\n<tr>\n<td colspan=\"1\" rowspan=\"1\">\n<div class=\"magic-16\"><span class=\"magic-17\">Funkce<\/span><\/div>\n<\/td>\n<td colspan=\"1\" rowspan=\"1\">\n<div class=\"magic-18\"><span class=\"magic-17\" data-spm-anchor-id=\"a2700.details.0.i40.7beebf0eKrXqHT\">NFC soci\u00e1ln\u00ed m\u00e9dia, spr\u00e1va logistiky, spr\u00e1va aktiv, \u0159\u00edzen\u00ed dodavatelsk\u00e9ho \u0159et\u011bzce, spr\u00e1va vozidel, \u0159\u00edzen\u00ed v\u00fdroby, spr\u00e1va skladu, spr\u00e1va produkt\u016f, ov\u011b\u0159ov\u00e1n\u00ed produkt\u016f, sledov\u00e1n\u00ed majetku, sledov\u00e1n\u00ed manipulace se zavazadly, spr\u00e1va z\u00e1sob, platby, n\u00e1ramek atd. Laminov\u00e1n\u00ed, Spolehliv\u00e9, plynul\u00e9 tiskov\u00e1 plocha.<\/span><\/div>\n<\/td>\n<\/tr>\n<tr>\n<td colspan=\"1\" rowspan=\"1\">\n<div class=\"magic-16\"><span class=\"magic-17\">Hmotnost karty standardn\u00ed velikosti<\/span><\/div>\n<\/td>\n<td colspan=\"1\" rowspan=\"1\">\n<div class=\"magic-18\"><span class=\"magic-17\">120*120*4mm 0,058KG\/ks\u00a0 \u00a0<\/span><\/p>\n<div data-spm-anchor-id=\"a2700.pc-decorate.0.i47.51c0333312LtHT\"><span class=\"magic-17\">Ka\u017ed\u00fd bal\u00ed\u010dek n\u00e1lepek s pr\u016fhledn\u00fdm s\u00e1\u010dkem Opp,\u00a0\u00a0<\/span><\/div>\n<div data-spm-anchor-id=\"a2700.pc-decorate.0.i114.51c0333312LtHT\"><span class=\"magic-17\">320ks \/ karikatura<\/span><\/div>\n<\/div>\n<\/td>\n<\/tr>\n<\/tbody>\n<\/table>\n<h3 class=\"AnswerParser_AnswerParserH3__Mpe4s\">4. Mo\u017enosti p\u0159izp\u016fsoben\u00ed<\/h3>\n<p><span class=\"AnswerParser_TextContainer__z_Iiv\" data-testid=\"youchat-text\">Jednou z v\u00fdjime\u010dn\u00fdch funkc\u00ed Epoxy Menu NFC Tags jsou jejich mo\u017enosti p\u0159izp\u016fsoben\u00ed. Firmy mohou otisknout sv\u00e1 loga, jedine\u010dn\u00e9 identifik\u00e1tory a dokonce i dynamick\u00e9 QR k\u00f3dy, kter\u00e9 odkazuj\u00ed na konkr\u00e9tn\u00ed akce nebo nab\u00eddky. Tato \u00farove\u0148 personalizace nejen zlep\u0161uje viditelnost zna\u010dky, ale tak\u00e9 jedine\u010dn\u00fdm zp\u016fsobem zapojuje z\u00e1kazn\u00edky.<\/span><\/p>\n<h3 class=\"AnswerParser_AnswerParserH3__Mpe4s\">5. Aplikace v pohostinstv\u00ed<\/h3>\n<p><span class=\"AnswerParser_TextContainer__z_Iiv\" data-testid=\"youchat-text\">Epoxy Menu NFC Tagy jsou ide\u00e1ln\u00ed pro r\u016fzn\u00e9 aplikace, v\u010detn\u011b:<\/span><\/p>\n<ul class=\"AnswerParser_AnswerParserUnorderedList__P_1FW\">\n<li class=\"AnswerParser_ListItem__XqLOV\" translate=\"yes\"><strong>Digit\u00e1ln\u00ed menu<\/strong>: Host\u00e9 mohou p\u0159istupovat k nab\u00eddce pouh\u00fdm poklep\u00e1n\u00edm smartphonu na \u0161t\u00edtek nebo naskenov\u00e1n\u00edm QR k\u00f3du, \u010d\u00edm\u017e se sn\u00ed\u017e\u00ed pot\u0159eba fyzick\u00fdch nab\u00eddek.<\/li>\n<li class=\"AnswerParser_ListItem__XqLOV\" translate=\"yes\"><strong>Rychl\u00e1 pokladna<\/strong>: Zjednodu\u0161te platebn\u00ed proces integrac\u00ed platebn\u00edch odkaz\u016f p\u0159\u00edmo do zna\u010dek NFC.<\/li>\n<li class=\"AnswerParser_ListItem__XqLOV\" translate=\"yes\"><strong>Odkazy na soci\u00e1ln\u00ed s\u00edt\u011b<\/strong>: Povzbu\u010fte z\u00e1kazn\u00edky, aby se pod\u011blili o sv\u00e9 zku\u0161enosti pomoc\u00ed odkazu na str\u00e1nky soci\u00e1ln\u00edch m\u00e9di\u00ed nebo recenzn\u00ed platformy.<\/li>\n<\/ul>\n<h3 class=\"AnswerParser_AnswerParserH3__Mpe4s\">6. Vliv na \u017eivotn\u00ed prost\u0159ed\u00ed<\/h3>\n<p><span class=\"AnswerParser_TextContainer__z_Iiv\" data-testid=\"youchat-text\">Pou\u017eit\u00ed Epoxy Menu NFC Tags m\u016f\u017ee v\u00fdrazn\u011b sn\u00ed\u017eit pl\u00fdtv\u00e1n\u00ed pap\u00edrem spojen\u00e9 s tradi\u010dn\u00edmi nab\u00eddkami. Volbou digit\u00e1ln\u00edch \u0159e\u0161en\u00ed podniky p\u0159isp\u00edvaj\u00ed k udr\u017eitelnosti \u017eivotn\u00edho prost\u0159ed\u00ed a z\u00e1rove\u0148 zvy\u0161uj\u00ed pohodl\u00ed z\u00e1kazn\u00edk\u016f.<\/span><\/p>\n<h3 class=\"AnswerParser_AnswerParserH3__Mpe4s\">7. Z\u00e1kaznick\u00e9 recenze a zp\u011btn\u00e1 vazba<\/h3>\n<p><span class=\"AnswerParser_TextContainer__z_Iiv\" data-testid=\"youchat-text\">Z\u00e1kazn\u00edci si pochvalovali\u00a0<strong>Epoxy Menu NFC Tagy<\/strong>\u00a0pro jejich trvanlivost a snadn\u00e9 pou\u017eit\u00ed. Mnoz\u00ed si v\u0161imli, \u017ee \u0161t\u00edtky zlep\u0161ily jejich z\u00e1\u017eitek ze stolov\u00e1n\u00ed t\u00edm, \u017ee poskytuj\u00ed rychl\u00fd p\u0159\u00edstup k nab\u00eddk\u00e1m a zkracuj\u00ed \u010dekac\u00ed doby. Jako v\u00fdznamn\u00e1 v\u00fdhoda byla tak\u00e9 zd\u016frazn\u011bna mo\u017enost aktualizovat polo\u017eky nab\u00eddky v re\u00e1ln\u00e9m \u010dase.<\/span><\/p>\n<h3 class=\"AnswerParser_AnswerParserH3__Mpe4s\">8. Nej\u010dast\u011bj\u0161\u00ed dotazy<\/h3>\n<p><span class=\"AnswerParser_TextContainer__z_Iiv\" data-testid=\"youchat-text\"><strong>Ot\u00e1zka: Jak nainstaluji \u0161t\u00edtky Epoxy Menu NFC?<\/strong><br \/>\nOdpov\u011b\u010f: Jednodu\u0161e odlepte zadn\u00ed stranu lepidla 3M a p\u0159ilepte \u0161t\u00edtek na \u010dist\u00fd a such\u00fd povrch. Ujist\u011bte se, \u017ee je um\u00edst\u011bn tak, aby k n\u011bmu z\u00e1kazn\u00edci m\u011bli snadn\u00fd p\u0159\u00edstup.<\/span><span class=\"AnswerParser_TextContainer__z_Iiv\" data-testid=\"youchat-text\"><strong>Ot\u00e1zka: Mohu aktualizovat informace na zna\u010dk\u00e1ch NFC?<\/strong><br \/>\nA: Ano! Informace lze kdykoli aktualizovat, co\u017e v\u00e1m umo\u017en\u00ed udr\u017eovat nab\u00eddku aktu\u00e1ln\u00ed, ani\u017e byste pot\u0159ebovali nov\u00e9 \u0161t\u00edtky.<\/span><span class=\"AnswerParser_TextContainer__z_Iiv\" data-testid=\"youchat-text\"><strong>Ot\u00e1zka: Jak\u00e9 je minim\u00e1ln\u00ed mno\u017estv\u00ed objedn\u00e1vky?<\/strong><br \/>\nOdpov\u011b\u010f: Minim\u00e1ln\u00ed objednac\u00ed mno\u017estv\u00ed je 100 kus\u016f, lep\u0161\u00ed ceny jsou dostupn\u00e9 pro objedn\u00e1vky 500 kus\u016f nebo v\u00edce.<\/span><\/p>\n<h3 class=\"AnswerParser_AnswerParserH3__Mpe4s\">9. Pro\u010d zvolit Epoxy Menu NFC Tagy?<\/h3>\n<p><span class=\"AnswerParser_TextContainer__z_Iiv\" data-testid=\"youchat-text\">Investice do\u00a0<strong>Epoxy Menu NFC Tagy<\/strong>\u00a0znamen\u00e1 investovat do budoucnosti, kde je prioritou z\u00e1kaznick\u00e1 zku\u0161enost. Tyto \u0161t\u00edtky nejen zvy\u0161uj\u00ed provozn\u00ed efektivitu, ale tak\u00e9 poskytuj\u00ed modern\u00ed n\u00e1dech tradi\u010dn\u00edch kulin\u00e1\u0159sk\u00fdch z\u00e1\u017eitk\u016f. D\u00edky sv\u00fdm robustn\u00edm funkc\u00edm a p\u0159izp\u016fsobiteln\u00fdm mo\u017enostem jsou nezbytn\u00fdm n\u00e1strojem pro ka\u017ed\u00e9 za\u0159\u00edzen\u00ed, kter\u00e9 chce z\u016fstat na konkuren\u010dn\u00edm trhu pohostinstv\u00ed.<\/span><\/p>\n<h3 class=\"AnswerParser_AnswerParserH3__Mpe4s\">10. Za\u010dn\u011bte je\u0161t\u011b dnes!<\/h3>\n<p><span class=\"AnswerParser_TextContainer__z_Iiv\" data-testid=\"youchat-text\">Jste p\u0159ipraveni pozvednout sv\u016fj j\u00eddeln\u00ed z\u00e1\u017eitek?\u00a0<strong>Kontaktujte n\u00e1s je\u0161t\u011b dnes<\/strong>\u00a0vy\u017e\u00e1dejte si bezplatn\u00fd skladov\u00fd vzorek na\u0161ich Epoxy Menu NFC Tag\u016f a sami uvid\u00edte rozd\u00edl. S na\u0161\u00edm z\u00e1vazkem ke kvalit\u011b a spokojenosti z\u00e1kazn\u00edk\u016f jsme tu, abychom v\u00e1m pomohli na ka\u017ed\u00e9m kroku.<\/span><\/p>","protected":false},"excerpt":{"rendered":"<p>Vylep\u0161ete stolov\u00e1n\u00ed pomoc\u00ed Epoxy Menu NFC Tags! Umo\u017en\u011bte rychl\u00fd p\u0159\u00edstup k nab\u00eddk\u00e1m a objedn\u00e1vk\u00e1m prost\u0159ednictv\u00edm chytr\u00fdch telefon\u016f, vylep\u0161ete z\u00e1\u017eitek host\u016f a optimalizujte provoz restaurace.<\/p>","protected":false},"featured_media":2800,"template":"","meta":{"_kad_post_transparent":"default","_kad_post_title":"","_kad_post_layout":"default","_kad_post_sidebar_id":"","_kad_post_content_style":"default","_kad_post_vertical_padding":"default","_kad_post_feature":"","_kad_post_feature_position":"","_kad_post_header":false,"_kad_post_footer":false,"_kad_post_classname":""},"product_brand":[],"product_cat":[54],"product_tag":[277,333,217,332,331],"class_list":{"0":"post-2742","1":"product","2":"type-product","3":"status-publish","4":"has-post-thumbnail","6":"product_cat-hot-selling-rfid-tags","7":"product_tag-menu-nfc-tags","8":"product_tag-nfc-epoxy-sticker","9":"product_tag-nfc-tags","10":"product_tag-restaurant-desk-nfc-menu-tag","11":"product_tag-table-nfc-tags","13":"first","14":"instock","15":"shipping-taxable","16":"product-type-simple","17":"entry","18":"content-bg","19":"loop-entry"},"_links":{"self":[{"href":"https:\/\/rfid-laundry-tag.com\/cs\/wp-json\/wp\/v2\/product\/2742","targetHints":{"allow":["GET"]}}],"collection":[{"href":"https:\/\/rfid-laundry-tag.com\/cs\/wp-json\/wp\/v2\/product"}],"about":[{"href":"https:\/\/rfid-laundry-tag.com\/cs\/wp-json\/wp\/v2\/types\/product"}],"version-history":[{"count":1,"href":"https:\/\/rfid-laundry-tag.com\/cs\/wp-json\/wp\/v2\/product\/2742\/revisions"}],"predecessor-version":[{"id":2801,"href":"https:\/\/rfid-laundry-tag.com\/cs\/wp-json\/wp\/v2\/product\/2742\/revisions\/2801"}],"wp:featuredmedia":[{"embeddable":true,"href":"https:\/\/rfid-laundry-tag.com\/cs\/wp-json\/wp\/v2\/media\/2800"}],"wp:attachment":[{"href":"https:\/\/rfid-laundry-tag.com\/cs\/wp-json\/wp\/v2\/media?parent=2742"}],"wp:term":[{"taxonomy":"product_brand","embeddable":true,"href":"https:\/\/rfid-laundry-tag.com\/cs\/wp-json\/wp\/v2\/product_brand?post=2742"},{"taxonomy":"product_cat","embeddable":true,"href":"https:\/\/rfid-laundry-tag.com\/cs\/wp-json\/wp\/v2\/product_cat?post=2742"},{"taxonomy":"product_tag","embeddable":true,"href":"https:\/\/rfid-laundry-tag.com\/cs\/wp-json\/wp\/v2\/product_tag?post=2742"}],"curies":[{"name":"wp","href":"https:\/\/api.w.org\/{rel}","templated":true}]}}