{"id":2714,"date":"2024-09-28T14:57:16","date_gmt":"2024-09-28T14:57:16","guid":{"rendered":"https:\/\/rfid-laundry-tag.com\/?post_type=product&#038;p=2714"},"modified":"2024-09-28T15:13:47","modified_gmt":"2024-09-28T15:13:47","slug":"custom-laundry-rfid-tag","status":"publish","type":"product","link":"https:\/\/rfid-laundry-tag.com\/cs\/custom-laundry-rfid-tag\/","title":{"rendered":"Custom Laundry RFID Tag"},"content":{"rendered":"<div>\n<div class=\"auto-hide-last-sibling-br paragraph_1252f paragraph-element\">\n<table width=\"637\">\n<tbody>\n<tr>\n<td width=\"328\">N\u00e1zev polo\u017eky:<\/td>\n<td width=\"309\"><strong>Custom Laundry RFID Tag<\/strong><\/td>\n<\/tr>\n<tr>\n<td width=\"328\">RFID standard:<\/td>\n<td width=\"309\">ISO\/IEC 18000-6 TypeC (EPC Gen2)<\/td>\n<\/tr>\n<tr>\n<td width=\"328\">Velikost a hmotnost:<\/td>\n<td width=\"309\">70\u00d715 mm, 0,6g<\/td>\n<\/tr>\n<tr>\n<td width=\"328\">Typ \u010dipu:<\/td>\n<td width=\"309\">Impinj Monza 4QT, NXP U CODE 8, NXP U CODE 9<\/td>\n<\/tr>\n<tr>\n<td width=\"328\">Pam\u011b\u0165 EPC:<\/td>\n<td width=\"309\">128 bit\u016f<\/td>\n<\/tr>\n<tr>\n<td width=\"328\">U\u017eivatelsk\u00e1 pam\u011b\u0165:<\/td>\n<td width=\"309\">512 bit\u016f<\/td>\n<\/tr>\n<tr>\n<td width=\"328\">Rozsah \u010dten\u00ed (2W ERP FCC):<\/td>\n<td width=\"309\">8m<\/td>\n<\/tr>\n<tr>\n<td width=\"328\">Rozsah \u010dten\u00ed (2W ERP ETSI):<\/td>\n<td width=\"309\">8m<\/td>\n<\/tr>\n<tr>\n<td width=\"328\">Ozna\u010dov\u00e1n\u00ed:<\/td>\n<td width=\"309\">\u0160it\u00ed, lepidlo pro ra\u017een\u00ed za tepla<\/td>\n<\/tr>\n<tr>\n<td width=\"328\">Odhadovan\u00e1 \u017eivotnost:<\/td>\n<td width=\"309\">200 myc\u00edch cykl\u016f nebo 3 roky, podle toho, co nastane d\u0159\u00edve<\/td>\n<\/tr>\n<tr>\n<td width=\"328\">Zp\u016fsob pran\u00ed:<\/td>\n<td width=\"309\">Pr\u00e1delna, Chemick\u00e9 \u010di\u0161t\u011bn\u00ed<\/td>\n<\/tr>\n<tr>\n<td width=\"328\">Tlak ods\u00e1v\u00e1n\u00ed vody:<\/td>\n<td width=\"309\">60 bar<\/td>\n<\/tr>\n<tr>\n<td width=\"328\">Vod\u011bodolnost:<\/td>\n<td width=\"309\">Vod\u011bodoln\u00fd<\/td>\n<\/tr>\n<tr>\n<td width=\"328\">Chemick\u00e1 odolnost:<\/td>\n<td width=\"309\">Prac\u00ed prost\u0159edek, aviv\u00e1\u017e, b\u011blidlo (kysl\u00edk\/chl\u00f3r), alk\u00e1lie<\/td>\n<\/tr>\n<tr>\n<td width=\"328\">P\u0159edsu\u0161en\u00ed v bubnu:<\/td>\n<td width=\"309\">125 \u00baC po dobu 15-20 minut<\/td>\n<\/tr>\n<tr>\n<td width=\"328\">Teplota sterilizace:<\/td>\n<td width=\"309\">135\u00b0C po dobu 15-20 minut<\/td>\n<\/tr>\n<tr>\n<td width=\"328\">Teplota pran\u00ed:<\/td>\n<td width=\"309\">90\u00b0C, a\u017e 15 min.<\/td>\n<\/tr>\n<tr>\n<td width=\"328\">Provozn\u00ed vlhkost \/ teplota:<\/td>\n<td width=\"309\">-20 a\u017e 110 \u00b0C, 8 a\u017e 951 TP3TRH<\/td>\n<\/tr>\n<tr>\n<td width=\"328\">Skladov\u00e1n\u00ed vlhkosti\/teploty:<\/td>\n<td width=\"309\">-40 a\u017e 110 \u00b0C, 8 a\u017e 95%RH<\/td>\n<\/tr>\n<\/tbody>\n<\/table>\n<\/div>\n<\/div>\n<div class=\"auto-hide-last-sibling-br paragraph_1252f paragraph-element\">\n<h2 class=\"AnswerParser_AnswerParserH2__SIHnF\">Pro\u010d si vybrat vlastn\u00ed \u0161t\u00edtek RFID pro pr\u00e1delnu?<\/h2>\n<p><span class=\"AnswerParser_TextContainer__z_Iiv\" data-testid=\"youchat-text\">Investice do a\u00a0<strong>vlastn\u00ed pr\u00e1deln\u00ed \u0161t\u00edtek RFID<\/strong>\u00a0zvy\u0161uje provozn\u00ed efektivitu, sni\u017euje ztr\u00e1ty a zlep\u0161uje kontrolu z\u00e1sob. Automatizac\u00ed procesu sledov\u00e1n\u00ed mohou podniky u\u0161et\u0159it \u010das a zdroje a z\u00e1rove\u0148 zajistit p\u0159esn\u00e9 z\u00e1znamy o textiln\u00edch polo\u017ek\u00e1ch. Trvanlivost a chemick\u00e1 odolnost t\u011bchto \u0161t\u00edtk\u016f je \u010din\u00ed ide\u00e1ln\u00edmi pro r\u016fzn\u00e1 prost\u0159ed\u00ed pr\u00e1delny a poskytuj\u00ed u\u017eivatel\u016fm klid.<\/span><\/p>\n<h2 class=\"AnswerParser_AnswerParserH2__SIHnF\">Vlastnosti Custom Laundry RFID Tag<\/h2>\n<h3 class=\"AnswerParser_AnswerParserH3__Mpe4s\">1. Odoln\u00fd a omyvateln\u00fd design<\/h3>\n<p><span class=\"AnswerParser_TextContainer__z_Iiv\" data-testid=\"youchat-text\">The\u00a0<strong>vlastn\u00ed pr\u00e1deln\u00ed \u0161t\u00edtek RFID<\/strong>\u00a0je speci\u00e1ln\u011b navr\u017een tak, aby odolal p\u0159\u00edsn\u00fdm podm\u00ednk\u00e1m komer\u010dn\u00edho pran\u00ed. S velikost\u00ed 70 \u00d7 15 mm a hmotnost\u00ed pouh\u00fdch 0,6 g je lehk\u00fd a p\u0159itom dostate\u010dn\u011b robustn\u00ed, aby vydr\u017eel a\u017e 200 myc\u00edch cykl\u016f nebo t\u0159i roky pou\u017e\u00edv\u00e1n\u00ed. Tento \u0161t\u00edtek je vyroben z vod\u011bodoln\u00fdch a chemicky odoln\u00fdch materi\u00e1l\u016f a m\u016f\u017ee p\u0159e\u017e\u00edt v drsn\u00e9m prost\u0159ed\u00ed, v\u010detn\u011b vystaven\u00ed detergent\u016fm, zm\u011bk\u010dovadl\u016fm a b\u011blidl\u016fm.<\/span><\/p>\n<h3 class=\"AnswerParser_AnswerParserH3__Mpe4s\">2. Pokro\u010dil\u00e1 technologie RFID<\/h3>\n<p><span class=\"AnswerParser_TextContainer__z_Iiv\" data-testid=\"youchat-text\">Funguje na standardu ISO\/IEC 18000-6 Type C (EPC Gen2).\u00a0<strong>RFID \u0161t\u00edtek na pr\u00e1dlo<\/strong>\u00a0m\u00e1 p\u016fsobiv\u00fd \u010dtec\u00ed dosah 8 metr\u016f, co\u017e usnad\u0148uje sledov\u00e1n\u00ed pr\u00e1dla bez nutnosti p\u0159\u00edm\u00e9 viditelnosti. Pokro\u010dil\u00e9 typy \u010dip\u016f, v\u010detn\u011b Impinj Monza 4QT a NXP U CODE 8\/9, umo\u017e\u0148uj\u00ed efektivn\u00ed p\u0159enos dat a spolehliv\u00fd v\u00fdkon i v n\u00e1ro\u010dn\u00fdch podm\u00ednk\u00e1ch.<\/span><\/p>\n<h3 class=\"AnswerParser_AnswerParserH3__Mpe4s\">3. V\u0161estrann\u00e9 mo\u017enosti ozna\u010dov\u00e1n\u00ed<\/h3>\n<p><span class=\"AnswerParser_TextContainer__z_Iiv\" data-testid=\"youchat-text\">The\u00a0<strong>vlastn\u00ed pr\u00e1deln\u00ed \u0161t\u00edtek RFID<\/strong>\u00a0nab\u00edz\u00ed flexibiln\u00ed \u0159e\u0161en\u00ed ozna\u010dov\u00e1n\u00ed, v\u010detn\u011b \u0161it\u00ed a lepic\u00edch metod hork\u00e9ho ra\u017een\u00ed. Tato v\u0161estrannost umo\u017e\u0148uje snadnou integraci do r\u016fzn\u00fdch textiln\u00edch p\u0159edm\u011bt\u016f a zaji\u0161\u0165uje, \u017ee \u0161t\u00edtky z\u016fstanou bezpe\u010dn\u011b p\u0159ipevn\u011bny po celou dobu sv\u00e9ho \u017eivotn\u00edho cyklu.<\/span><\/p>\n<h3 class=\"AnswerParser_AnswerParserH3__Mpe4s\">4. Chemick\u00e1 a teplotn\u00ed odolnost<\/h3>\n<p><span class=\"AnswerParser_TextContainer__z_Iiv\" data-testid=\"youchat-text\">Navr\u017eeno tak, aby odol\u00e1valo vysok\u00fdm teplot\u00e1m\u00a0<strong>RFID \u0161t\u00edtek<\/strong>\u00a0snese teploty pran\u00ed a\u017e 90\u00b0C po dobu 15 minut a sterilizaci p\u0159i 135\u00b0C po dobu 15-20 minut. D\u00edky extrak\u010dn\u00edmu tlaku vody 60 bar\u016f jsou tyto \u0161t\u00edtky vyrobeny tak, aby zvl\u00e1dly n\u00e1ro\u010dn\u00e9 myc\u00ed prost\u0159ed\u00ed, tak\u017ee jsou vhodn\u00e9 pro pr\u016fmyslov\u00e9 pr\u00e1delny.<\/span><\/p>\n<h3 class=\"AnswerParser_AnswerParserH3__Mpe4s\">5. Roz\u0161\u00ed\u0159en\u00e9 \u0159\u00edzen\u00ed z\u00e1sob<\/h3>\n<p><span class=\"AnswerParser_TextContainer__z_Iiv\" data-testid=\"youchat-text\">Vyu\u017eit\u00ed\u00a0<strong>RFID sledov\u00e1n\u00ed pr\u00e1dla<\/strong>\u00a0technologie umo\u017e\u0148uje podnik\u016fm zefektivnit provoz pr\u00e1delny. \u0160t\u00edtky usnad\u0148uj\u00ed efektivn\u00ed spr\u00e1vu z\u00e1sob, pom\u00e1haj\u00ed p\u0159edch\u00e1zet ztr\u00e1t\u00e1m a zaji\u0161\u0165uj\u00ed, \u017ee v\u0161echny polo\u017eky jsou za\u00fa\u010dtov\u00e1ny. Tato \u00farove\u0148 sledov\u00e1n\u00ed je nezbytn\u00e1 pro zdravotnick\u00e1 za\u0159\u00edzen\u00ed, hotely a dal\u0161\u00ed organizace s vysok\u00fdmi objemy pr\u00e1dla.<\/span><\/p>\n<h3 class=\"AnswerParser_AnswerParserH3__Mpe4s\">6. Vliv na \u017eivotn\u00ed prost\u0159ed\u00ed<\/h3>\n<p><span class=\"AnswerParser_TextContainer__z_Iiv\" data-testid=\"youchat-text\">The\u00a0<strong>vlastn\u00ed pr\u00e1deln\u00ed \u0161t\u00edtek RFID<\/strong>\u00a0je nejen odoln\u00fd, ale tak\u00e9 \u0161etrn\u00fd k \u017eivotn\u00edmu prost\u0159ed\u00ed. Sn\u00ed\u017een\u00edm pot\u0159eby ru\u010dn\u00edho sledov\u00e1n\u00ed a minimalizac\u00ed ztr\u00e1t textili\u00ed p\u0159isp\u00edvaj\u00ed tyto \u0161t\u00edtky k udr\u017eiteln\u011bj\u0161\u00edm postup\u016fm pran\u00ed. Implementace technologie RFID m\u016f\u017ee v\u00e9st ke sn\u00ed\u017een\u00ed odpadu a lep\u0161\u00edmu \u00fasil\u00ed o recyklaci.<\/span><\/div>\n<div><\/div>\n<div>\n<h2 class=\"AnswerParser_AnswerParserH2__SIHnF\">N\u00e1vod k pou\u017eit\u00ed<\/h2>\n<ol class=\"AnswerParser_AnswerParserOrderedList__kl_2Y\">\n<li class=\"AnswerParser_ListItem__XqLOV\" translate=\"yes\"><strong>Ozna\u010dov\u00e1n\u00ed<\/strong>: Vyberte si preferovan\u00fd zp\u016fsob ozna\u010dov\u00e1n\u00ed (\u0161it\u00ed nebo ra\u017een\u00ed za tepla), abyste \u0161t\u00edtek RFID bezpe\u010dn\u011b p\u0159ipevnili k od\u011bvu nebo lnu.<\/li>\n<li class=\"AnswerParser_ListItem__XqLOV\" translate=\"yes\"><strong>Myt\u00ed<\/strong>: Postupujte podle pokyn\u016f pro pran\u00ed a ujist\u011bte se, \u017ee \u0161t\u00edtek je vystaven doporu\u010den\u00fdm teplot\u00e1m a chemick\u00e9mu nastaven\u00ed.<\/li>\n<li class=\"AnswerParser_ListItem__XqLOV\" translate=\"yes\"><strong>Sledov\u00e1n\u00ed<\/strong>: Vyu\u017eijte \u010dte\u010dku RFID k efektivn\u00edmu sledov\u00e1n\u00ed a spr\u00e1v\u011b z\u00e1sob pr\u00e1dla, zaji\u0161t\u011bn\u00ed p\u0159esn\u00fdch z\u00e1znam\u016f a minimalizaci ztr\u00e1t.<\/li>\n<\/ol>\n<h2 class=\"AnswerParser_AnswerParserH2__SIHnF\">Z\u00e1kaznick\u00e9 recenze<\/h2>\n<p><span class=\"AnswerParser_TextContainer__z_Iiv\" data-testid=\"youchat-text\">\u201ePomoc\u00ed\u00a0<strong>vlastn\u00ed pr\u00e1deln\u00ed \u0161t\u00edtek RFID<\/strong>\u00a0zm\u011bnila na\u0161e pr\u00e1delny. Jsme schopni plynule sledovat na\u0161e pr\u00e1dlo a zaznamenali jsme v\u00fdrazn\u00e9 sn\u00ed\u017een\u00ed ztr\u00e1t.\u201c \u2013 Sarah, mana\u017eerka hotelu<\/span><span class=\"AnswerParser_TextContainer__z_Iiv\" data-testid=\"youchat-text\">\u201eToto \u0159e\u0161en\u00ed RFID je odoln\u00e9 a bez probl\u00e9m\u016f odol\u00e1v\u00e1 na\u0161im proces\u016fm pr\u016fmyslov\u00e9ho pran\u00ed. V\u0159ele doporu\u010duji!\u201d \u2013 Mark, provozn\u00ed \u0159editel<\/span><\/p>\n<h2 class=\"AnswerParser_AnswerParserH2__SIHnF\">\u010casto kladen\u00e9 ot\u00e1zky (FAQ)<\/h2>\n<p><span class=\"AnswerParser_TextContainer__z_Iiv\" data-testid=\"youchat-text\"><strong>Ot\u00e1zka: Jak dlouho vydr\u017e\u00ed \u0161t\u00edtek RFID?<\/strong><br \/>\nA:\u00a0<strong>vlastn\u00ed pr\u00e1deln\u00ed \u0161t\u00edtek RFID<\/strong>\u00a0je navr\u017eena tak, aby vydr\u017eela a\u017e 200 myc\u00edch cykl\u016f nebo t\u0159i roky, podle toho, co nastane d\u0159\u00edve.<\/span><\/div>\n<div><span class=\"AnswerParser_TextContainer__z_Iiv\" data-testid=\"youchat-text\"><strong>Ot\u00e1zka: M\u016f\u017ee \u0161t\u00edtek odolat vysok\u00fdm teplot\u00e1m?<\/strong><br \/>\nOdpov\u011b\u010f: Ano, \u0161t\u00edtek je navr\u017een tak, aby vydr\u017eel teploty pran\u00ed a\u017e 90 \u00b0C a teploty sterilizace 135 \u00b0C.<\/span><\/div>\n<div><span class=\"AnswerParser_TextContainer__z_Iiv\" data-testid=\"youchat-text\"><strong>Ot\u00e1zka: Jak p\u0159ipevn\u00edm \u0161t\u00edtek RFID na sv\u016fj textil?<\/strong><br \/>\nOdpov\u011b\u010f: \u0160t\u00edtek lze v\u0161\u00edt do l\u00e1tky nebo p\u0159ipevnit pomoc\u00ed lepidla pro ra\u017een\u00ed za tepla, v z\u00e1vislosti na va\u0161ich preferenc\u00edch.<\/span><\/div>\n<div><span class=\"AnswerParser_TextContainer__z_Iiv\" data-testid=\"youchat-text\"><strong>Ot\u00e1zka: Je \u0161t\u00edtek RFID vodot\u011bsn\u00fd?<\/strong><br \/>\nOdpov\u011b\u010f: Ano, \u0161t\u00edtek je vod\u011bodoln\u00fd a vydr\u017e\u00ed vystaven\u00ed r\u016fzn\u00fdm chemik\u00e1li\u00edm a podm\u00ednk\u00e1m pran\u00ed.<\/span><\/p>\n<h3 class=\"AnswerParser_AnswerParserH3__Mpe4s\">Souvisej\u00edc\u00ed produkty<\/h3>\n<ul class=\"AnswerParser_AnswerParserUnorderedList__P_1FW\">\n<li class=\"AnswerParser_ListItem__XqLOV\" translate=\"yes\"><strong>RFID pl\u00e1t\u011bn\u00e9 \u0161t\u00edtky<\/strong>: Ide\u00e1ln\u00ed pro sledov\u00e1n\u00ed pr\u00e1dla v hotelech a zdravotnick\u00fdch za\u0159\u00edzen\u00edch.<\/li>\n<li class=\"AnswerParser_ListItem__XqLOV\" translate=\"yes\"><strong>Omyvateln\u00e9 \u0161t\u00edtky RFID<\/strong>: Ide\u00e1ln\u00ed pro od\u011bvy, kter\u00e9 vy\u017eaduj\u00ed \u010dast\u00e9 pran\u00ed a sledov\u00e1n\u00ed.<\/li>\n<li class=\"AnswerParser_ListItem__XqLOV\" translate=\"yes\"><strong>\u0158e\u0161en\u00ed pr\u016fmyslov\u00e9ho pran\u00ed<\/strong>: \u0158e\u0161en\u00ed RFID na m\u00edru pro velkoobjemov\u00e9 pr\u00e1delny.<\/li>\n<\/ul>\n<\/div>\n<div data-spm-anchor-id=\"a2700.details.0.i57.23b419c7xXORP0\">\n<div class=\"auto-hide-last-sibling-br paragraph_1252f paragraph-element\"><\/div>\n<\/div>\n<div class=\"auto-hide-last-sibling-br paragraph_1252f paragraph-element\"><\/div>","protected":false},"excerpt":{"rendered":"<p>Bezpe\u010dn\u011b ozna\u010dte sv\u00e9 od\u011bvy odoln\u00fdmi <strong>Pr\u00e1delna RFID \u0161t\u00edtky<\/strong>, navr\u017een\u00fd pro vysok\u00e9 teploty, vod\u011bodoln\u00fd a ide\u00e1ln\u00ed pro efektivn\u00ed sledov\u00e1n\u00ed pr\u00e1dla.<\/p>","protected":false},"featured_media":2715,"template":"","meta":{"_kad_post_transparent":"default","_kad_post_title":"","_kad_post_layout":"default","_kad_post_sidebar_id":"","_kad_post_content_style":"default","_kad_post_vertical_padding":"default","_kad_post_feature":"","_kad_post_feature_position":"","_kad_post_header":false,"_kad_post_footer":false,"_kad_post_classname":""},"product_brand":[],"product_cat":[19],"product_tag":[315,297,31,30],"class_list":{"0":"post-2714","1":"product","2":"type-product","3":"status-publish","4":"has-post-thumbnail","6":"product_cat-textile-rfid-laundry-tag","7":"product_tag-custom-laundry-rfid-tag","8":"product_tag-rfid-chips-for-uniform","9":"product_tag-rfid-tag-for-linen-laundry","10":"product_tag-uhf-rfid-laundry-tag","12":"first","13":"instock","14":"featured","15":"shipping-taxable","16":"product-type-simple","17":"entry","18":"content-bg","19":"loop-entry"},"_links":{"self":[{"href":"https:\/\/rfid-laundry-tag.com\/cs\/wp-json\/wp\/v2\/product\/2714","targetHints":{"allow":["GET"]}}],"collection":[{"href":"https:\/\/rfid-laundry-tag.com\/cs\/wp-json\/wp\/v2\/product"}],"about":[{"href":"https:\/\/rfid-laundry-tag.com\/cs\/wp-json\/wp\/v2\/types\/product"}],"version-history":[{"count":1,"href":"https:\/\/rfid-laundry-tag.com\/cs\/wp-json\/wp\/v2\/product\/2714\/revisions"}],"predecessor-version":[{"id":2716,"href":"https:\/\/rfid-laundry-tag.com\/cs\/wp-json\/wp\/v2\/product\/2714\/revisions\/2716"}],"wp:featuredmedia":[{"embeddable":true,"href":"https:\/\/rfid-laundry-tag.com\/cs\/wp-json\/wp\/v2\/media\/2715"}],"wp:attachment":[{"href":"https:\/\/rfid-laundry-tag.com\/cs\/wp-json\/wp\/v2\/media?parent=2714"}],"wp:term":[{"taxonomy":"product_brand","embeddable":true,"href":"https:\/\/rfid-laundry-tag.com\/cs\/wp-json\/wp\/v2\/product_brand?post=2714"},{"taxonomy":"product_cat","embeddable":true,"href":"https:\/\/rfid-laundry-tag.com\/cs\/wp-json\/wp\/v2\/product_cat?post=2714"},{"taxonomy":"product_tag","embeddable":true,"href":"https:\/\/rfid-laundry-tag.com\/cs\/wp-json\/wp\/v2\/product_tag?post=2714"}],"curies":[{"name":"wp","href":"https:\/\/api.w.org\/{rel}","templated":true}]}}