{"id":2699,"date":"2024-09-26T14:38:21","date_gmt":"2024-09-26T14:38:21","guid":{"rendered":"https:\/\/rfid-laundry-tag.com\/?post_type=product&#038;p=2699"},"modified":"2024-09-26T15:40:42","modified_gmt":"2024-09-26T15:40:42","slug":"mifare-desfire-ev2-2k-4k-8k-rfid-nfc-inlay","status":"publish","type":"product","link":"https:\/\/rfid-laundry-tag.com\/cs\/mifare-desfire-ev2-2k-4k-8k-rfid-nfc-inlay\/","title":{"rendered":"MIFARE Desfire EV2 2K 4K 8K RFID NFC VLO\u017dKA"},"content":{"rendered":"<p><span class=\"AnswerParser_TextContainer__z_Iiv\" data-testid=\"youchat-text\"><strong>MIFARE Desfire EV2 2K 4K 8K RFID NFC VLO\u017dKA<\/strong> <\/span><\/p>\n<p><span class=\"AnswerParser_TextContainer__z_Iiv\" data-testid=\"youchat-text\">The\u00a0<strong>MIFARE\u00ae DESFire\u00ae EV2<\/strong>\u00a0je nejnov\u011bj\u0161\u00ed v\u00fdvoj v technologii RFID, kter\u00fd nab\u00edz\u00ed bezkonkuren\u010dn\u00ed zabezpe\u010den\u00ed, v\u0161estrannost a efektivitu. Toto pokro\u010dil\u00e9 \u0159e\u0161en\u00ed \u010dipov\u00fdch karet, vyvinut\u00e9 spole\u010dnost\u00ed NXP, spl\u0148uje p\u0159\u00edsn\u00e9 po\u017eadavky modern\u00edch aplikac\u00ed, od bezpe\u010dn\u00e9ho \u0159\u00edzen\u00ed p\u0159\u00edstupu a\u017e po bezprobl\u00e9mov\u00e9 syst\u00e9my ve\u0159ejn\u00e9 dopravy. D\u00edky vylep\u0161en\u00fdm kryptografick\u00fdm schopnostem a flexibiln\u00ed aplika\u010dn\u00ed architektu\u0159e je MIFARE DESFire EV2 ide\u00e1ln\u00ed volbou pro podniky a vl\u00e1dy, kter\u00e9 cht\u011bj\u00ed implementovat spolehliv\u00e1 a \u0161k\u00e1lovateln\u00e1 bezkontaktn\u00ed \u0159e\u0161en\u00ed.<\/span><\/p>\n<h2 class=\"AnswerParser_AnswerParserH2__SIHnF\">Komplexn\u00ed integrace RFID a NFC<\/h2>\n<h3 class=\"AnswerParser_AnswerParserH3__Mpe4s\">Pokro\u010dil\u00e9 schopnosti MIFARE DESFire<\/h3>\n<p><span class=\"AnswerParser_TextContainer__z_Iiv\" data-testid=\"youchat-text\">Produktov\u00e1 \u0159ada MIFARE DESFire je zn\u00e1m\u00e1 sv\u00fdmi pokro\u010dil\u00fdmi funkcemi a robustn\u00edm zabezpe\u010den\u00edm. Verze EV2 tyto schopnosti roz\u0161i\u0159uje o podporu v\u00edce aplikac\u00ed na jedn\u00e9 kart\u011b, vysok\u00e9 rychlosti datov\u00fdch transakc\u00ed a roz\u0161\u00ed\u0159en\u00e9 mo\u017enosti ukl\u00e1d\u00e1n\u00ed do pam\u011bti. D\u00edky \u0161ifrov\u00e1n\u00ed DES, 2K3DES, 3K3DES a AES zaji\u0161\u0165uje MIFARE DESFire EV2 bezpe\u010dn\u00fd p\u0159enos dat nap\u0159\u00ed\u010d r\u016fzn\u00fdmi platformami.<\/span><\/p>\n<h3 class=\"AnswerParser_AnswerParserH3__Mpe4s\">Flexibiln\u00ed mo\u017enosti vkl\u00e1d\u00e1n\u00ed<\/h3>\n<p><span class=\"AnswerParser_TextContainer__z_Iiv\" data-testid=\"youchat-text\">RFID vlo\u017eky jsou kl\u00ed\u010dovou sou\u010d\u00e1st\u00ed p\u0159i vytv\u00e1\u0159en\u00ed \u0161k\u00e1lovateln\u00fdch a p\u0159izp\u016fsobiteln\u00fdch \u0159e\u0161en\u00ed. Mo\u017enosti vlo\u017eek MIFARE DESFire EV2 nab\u00edzej\u00ed flexibilitu tvarov\u00fdch faktor\u016f, jako jsou karty, \u0161t\u00edtky a n\u00e1ramky, p\u0159izp\u016fsobiteln\u00e9 r\u016fzn\u00fdm pot\u0159eb\u00e1m aplikac\u00ed. A\u0165 u\u017e jde o j\u00edzdenky na dopravu nebo v\u011brnostn\u00ed programy, vlo\u017eka poskytuje z\u00e1kladn\u00ed technologii pro spolehliv\u00fd v\u00fdkon.<\/span><\/p>\n<h3 class=\"AnswerParser_AnswerParserH3__Mpe4s\">Zabezpe\u010den\u00ed NXP MIFARE DESFire EV2<\/h3>\n<p><span class=\"AnswerParser_TextContainer__z_Iiv\" data-testid=\"youchat-text\">Bezpe\u010dnost je srdcem MIFARE DESFire EV2. M\u00e1 certifikaci Common Criteria EAL5+, tak\u017ee je vhodn\u00fd pro vysoce zabezpe\u010den\u00e9 aplikace, jako jsou elektronick\u00e9 pasy a bankovn\u00ed karty. Tato certifikace zaji\u0161\u0165uje nejvy\u0161\u0161\u00ed \u00farove\u0148 zabezpe\u010den\u00ed pro ochranu citliv\u00fdch dat a zabr\u00e1n\u011bn\u00ed neopr\u00e1vn\u011bn\u00e9mu p\u0159\u00edstupu.<\/span><\/p>\n<h2 class=\"AnswerParser_AnswerParserH2__SIHnF\">Vlastnosti a v\u00fdhody produktu<\/h2>\n<h3 class=\"AnswerParser_AnswerParserH3__Mpe4s\">Rychl\u00fd p\u0159enos dat a robustn\u00ed \u0161ifrov\u00e1n\u00ed<\/h3>\n<p><span class=\"AnswerParser_TextContainer__z_Iiv\" data-testid=\"youchat-text\">S rychlost\u00ed p\u0159enosu dat a\u017e 848 kbit\/s umo\u017e\u0148uje MIFARE DESFire EV2 rychlou a efektivn\u00ed komunikaci mezi za\u0159\u00edzen\u00edmi. Jeho robustn\u00ed metody \u0161ifrov\u00e1n\u00ed, v\u010detn\u011b AES, zaji\u0161\u0165uj\u00ed, \u017ee v\u0161echna data z\u016fstanou b\u011bhem p\u0159enosu v bezpe\u010d\u00ed, co\u017e u\u017eivatel\u016fm i oper\u00e1tor\u016fm poskytuje klid.<\/span><\/p>\n<h3 class=\"AnswerParser_AnswerParserH3__Mpe4s\">Mo\u017enosti velkokapacitn\u00ed pam\u011bti<\/h3>\n<p><span class=\"AnswerParser_TextContainer__z_Iiv\" data-testid=\"youchat-text\">MIFARE DESFire EV2 nab\u00edz\u00ed r\u016fzn\u00e9 velikosti pam\u011bti, v\u010detn\u011b 2 kB, 4 kB, 8 kB, 16 kB nebo 32 kB, kter\u00e9 vyhovuj\u00ed r\u016fzn\u00fdm pot\u0159eb\u00e1m \u00falo\u017ei\u0161t\u011b. Tato flexibilita umo\u017e\u0148uje ukl\u00e1d\u00e1n\u00ed v\u00edce aplikac\u00ed a velk\u00fdch soubor\u016f dat, tak\u017ee je ide\u00e1ln\u00ed pro komplexn\u00ed prost\u0159ed\u00ed.<\/span><\/p>\n<h3 class=\"AnswerParser_AnswerParserH3__Mpe4s\">Bezprobl\u00e9mov\u00e1 integrace se syst\u00e9my NFC a RFID<\/h3>\n<p><span class=\"AnswerParser_TextContainer__z_Iiv\" data-testid=\"youchat-text\">MIFARE DESFire EV2, navr\u017een\u00fd tak, aby vyhovoval norm\u00e1m ISO\/IEC 14443 A, se bez probl\u00e9m\u016f integruje se st\u00e1vaj\u00edc\u00ed infrastrukturou \u010dte\u010dek NFC. Tato kompatibilita zaji\u0161\u0165uje, \u017ee podniky mohou upgradovat sv\u00e9 syst\u00e9my bez nutnosti rozs\u00e1hl\u00fdch \u00faprav, \u010d\u00edm\u017e se sni\u017euj\u00ed n\u00e1klady a doba implementace.<\/span><\/p>\n<h2 class=\"AnswerParser_AnswerParserH2__SIHnF\">Pou\u017eit\u00ed a aplikace<\/h2>\n<h3 class=\"AnswerParser_AnswerParserH3__Mpe4s\">Iniciativy Smart City<\/h3>\n<p><span class=\"AnswerParser_TextContainer__z_Iiv\" data-testid=\"youchat-text\">MIFARE DESFire EV2 je z\u00e1kladn\u00edm kamenem aplikac\u00ed pro chytr\u00e9 m\u011bsto, kter\u00e9 umo\u017e\u0148uj\u00ed integrovan\u00e9 slu\u017eby, jako je ve\u0159ejn\u00e1 doprava, p\u0159\u00edstup k m\u011bstsk\u00fdm atrakc\u00edm a m\u00edstn\u00ed v\u011brnostn\u00ed programy. Jeho schopnost podporovat v\u00edce aplikac\u00ed na jedn\u00e9 kart\u011b je pohodln\u00e1 pro u\u017eivatele a efektivn\u00ed pro administr\u00e1tory.<\/span><\/p>\n<h3 class=\"AnswerParser_AnswerParserH3__Mpe4s\">\u0158\u00edzen\u00ed p\u0159\u00edstupu a spr\u00e1va identit<\/h3>\n<p><span class=\"AnswerParser_TextContainer__z_Iiv\" data-testid=\"youchat-text\">V syst\u00e9mech kontroly p\u0159\u00edstupu poskytuje MIFARE DESFire EV2 bezpe\u010dn\u00e9 \u0159e\u0161en\u00ed pro spr\u00e1vu a ov\u011b\u0159ov\u00e1n\u00ed u\u017eivatel\u016f. Jeho pokro\u010dil\u00e9 \u0161ifrov\u00e1n\u00ed a velk\u00e1 kapacita pam\u011bti umo\u017e\u0148uj\u00ed podrobn\u00e9 protokoly p\u0159\u00edstupu a v\u00edce\u00farov\u0148ovou autentizaci u\u017eivatel\u016f, co\u017e zlep\u0161uje bezpe\u010dnostn\u00ed protokoly.<\/span><\/p>\n<h3 class=\"AnswerParser_AnswerParserH3__Mpe4s\">V\u011brnostn\u00ed a mikroplatebn\u00ed \u0159e\u0161en\u00ed<\/h3>\n<p><span class=\"AnswerParser_TextContainer__z_Iiv\" data-testid=\"youchat-text\">Maloobchodn\u00edci a poskytovatel\u00e9 slu\u017eeb mohou vyu\u017e\u00edt MIFARE DESFire EV2 pro v\u011brnostn\u00ed a mikroplatebn\u00ed aplikace. D\u00edky rychl\u00e9mu zpracov\u00e1n\u00ed dat a mo\u017enostem bezpe\u010dn\u00fdch transakc\u00ed je ide\u00e1ln\u00ed pro rychl\u00e9 a p\u0159esn\u00e9 zpracov\u00e1n\u00ed velk\u00fdch objem\u016f transakc\u00ed.<\/span><\/p>\n<h2 class=\"AnswerParser_AnswerParserH2__SIHnF\">Technick\u00e9 specifikace<\/h2>\n<div class=\"AnswerParser_TableContainer__Erb6v\" data-testid=\"table-container\">\n<table>\n<thead>\n<tr>\n<th style=\"text-align: left;\">Funkce<\/th>\n<th style=\"text-align: left;\">Specifikace<\/th>\n<\/tr>\n<\/thead>\n<tbody>\n<tr>\n<td>RF rozhran\u00ed<\/td>\n<td>ISO\/IEC 14443 Typ A<\/td>\n<\/tr>\n<tr>\n<td>Rychlosti p\u0159enosu dat<\/td>\n<td>106, 212, 424, 848 kbit\/s<\/td>\n<\/tr>\n<tr>\n<td>Mo\u017enosti pam\u011bti<\/td>\n<td>2 kB, 4 kB, 8 kB, 16 kB, 32 kB<\/td>\n<\/tr>\n<tr>\n<td>Bezpe\u010dnostn\u00ed<\/td>\n<td>\u0160ifrov\u00e1n\u00ed AES, DES, 2K3DES, 3K3DES<\/td>\n<\/tr>\n<tr>\n<td>Osv\u011bd\u010den\u00ed<\/td>\n<td>Spole\u010dn\u00e1 krit\u00e9ria EAL5+<\/td>\n<\/tr>\n<tr>\n<td>Podpora aplikac\u00ed<\/td>\n<td>A\u017e 32 soubor\u016f na aplikaci<\/td>\n<\/tr>\n<tr>\n<td>Provozn\u00ed vzd\u00e1lenost<\/td>\n<td>A\u017e 100 mm (v z\u00e1vislosti na geometrii ant\u00e9ny)<\/td>\n<\/tr>\n<\/tbody>\n<\/table>\n<\/div>\n<h2 class=\"AnswerParser_AnswerParserH2__SIHnF\">Dopad na \u017eivotn\u00ed prost\u0159ed\u00ed a udr\u017eitelnost<\/h2>\n<p><span class=\"AnswerParser_TextContainer__z_Iiv\" data-testid=\"youchat-text\">MIFARE DESFire EV2 je navr\u017een s ohledem na udr\u017eitelnost. Jeho dlouh\u00e9 uchov\u00e1v\u00e1n\u00ed dat a vysok\u00e1 v\u00fddr\u017e p\u0159i z\u00e1pisu minimalizuj\u00ed pot\u0159ebu \u010dast\u00fdch v\u00fdm\u011bn a sni\u017euj\u00ed odpad a dopad na \u017eivotn\u00ed prost\u0159ed\u00ed. Nav\u00edc jeho kompatibilita se st\u00e1vaj\u00edc\u00ed infrastrukturou pom\u00e1h\u00e1 vyhnout se zbyte\u010dn\u00fdm upgrad\u016fm a \u0161et\u0159\u00ed zdroje.<\/span><\/p>\n<h2 class=\"AnswerParser_AnswerParserH2__SIHnF\">Z\u00e1kaznick\u00e9 recenze a reference<\/h2>\n<p><span class=\"AnswerParser_TextContainer__z_Iiv\" data-testid=\"youchat-text\">\u201eOd integrace MIFARE DESFire EV2 do na\u0161eho syst\u00e9mu ve\u0159ejn\u00e9 dopravy jsme zaznamenali v\u00fdrazn\u00e9 zlep\u0161en\u00ed rychlosti a spolehlivosti transakc\u00ed. Na\u0161i z\u00e1kazn\u00edci oce\u0148uj\u00ed bezprobl\u00e9mov\u00fd z\u00e1\u017eitek.\u201d \u2013\u00a0<strong>M\u011bstsk\u00fd dopravn\u00ed \u00fa\u0159ad<\/strong><\/span><span class=\"AnswerParser_TextContainer__z_Iiv\" data-testid=\"youchat-text\">\u201eBezpe\u010dnostn\u00ed funkce MIFARE DESFire EV2 zm\u011bnily hru pro na\u0161e \u0159e\u0161en\u00ed \u0159\u00edzen\u00ed p\u0159\u00edstupu. Nyn\u00ed m\u016f\u017eeme na\u0161im klient\u016fm nab\u00eddnout \u00farove\u0148 zabezpe\u010den\u00ed, kter\u00e1 byla d\u0159\u00edve nedosa\u017eiteln\u00e1.\u201c \u2013\u00a0<strong>Poskytovatel bezpe\u010dnostn\u00edch \u0159e\u0161en\u00ed<\/strong><\/span><\/p>\n<h2 class=\"AnswerParser_AnswerParserH2__SIHnF\">\u010casto kladen\u00e9 ot\u00e1zky (FAQ)<\/h2>\n<p><span class=\"AnswerParser_TextContainer__z_Iiv\" data-testid=\"youchat-text\"><strong>Ot\u00e1zka: \u010c\u00edm se MIFARE Desfire EV2 2K 4K 8K RFID NFC INLAY li\u0161\u00ed od p\u0159edchoz\u00edch model\u016f?<\/strong><br \/>\nOdpov\u011b\u010f: Model EV2 nab\u00edz\u00ed vylep\u0161en\u00e9 metody \u0161ifrov\u00e1n\u00ed, v\u011bt\u0161\u00ed mo\u017enosti pam\u011bti a podporuje v\u00edce aplikac\u00ed, d\u00edky \u010demu\u017e je v\u0161estrann\u011bj\u0161\u00ed a bezpe\u010dn\u011bj\u0161\u00ed ne\u017e jeho p\u0159edch\u016fdci.<\/span><\/p>\n<p><span class=\"AnswerParser_TextContainer__z_Iiv\" data-testid=\"youchat-text\"><strong>Ot\u00e1zka: Je MIFARE Desfire EV2 2K 4K 8K RFID NFC INLAY kompatibiln\u00ed se st\u00e1vaj\u00edc\u00edmi \u010dte\u010dkami NFC?<\/strong><br \/>\nOdpov\u011b\u010f: Ano, vyhovuje norm\u00e1m ISO\/IEC 14443, co\u017e zaji\u0161\u0165uje bezprobl\u00e9movou kompatibilitu se sou\u010dasnou infrastrukturou NFC.<\/span><\/p>\n<p><span class=\"AnswerParser_TextContainer__z_Iiv\" data-testid=\"youchat-text\"><strong>Ot\u00e1zka: Lze MIFARE Desfire EV2 2K 4K 8K RFID NFC INLAY pou\u017e\u00edt pro mobiln\u00ed platby?<\/strong><br \/>\nOdpov\u011b\u010f: Jeho mo\u017enosti bezpe\u010dn\u00fdch transakc\u00ed a rychl\u00e9 p\u0159enosov\u00e9 rychlosti z n\u011bj \u010din\u00ed ide\u00e1ln\u00ed \u0159e\u0161en\u00ed pro mobiln\u00ed platby.<\/span><\/p>","protected":false},"excerpt":{"rendered":"<p>MIFARE Desfire EV2 2K 4K 8K RFID NFC INLAY je pokro\u010dil\u00e9 \u0159e\u0161en\u00ed RFID nab\u00edzej\u00edc\u00ed vysokou bezpe\u010dnost, rychl\u00fd p\u0159enos dat, flexibiln\u00ed mo\u017enosti pam\u011bti a bezprobl\u00e9movou integraci pro v\u00edce aplikac\u00ed.<\/p>","protected":false},"featured_media":2700,"template":"","meta":{"_kad_post_transparent":"default","_kad_post_title":"","_kad_post_layout":"default","_kad_post_sidebar_id":"","_kad_post_content_style":"default","_kad_post_vertical_padding":"default","_kad_post_feature":"","_kad_post_feature_position":"","_kad_post_header":false,"_kad_post_footer":false,"_kad_post_classname":""},"product_brand":[],"product_cat":[189],"product_tag":[313,111,108],"class_list":{"0":"post-2699","1":"product","2":"type-product","3":"status-publish","4":"has-post-thumbnail","6":"product_cat-rfid-inlay","7":"product_tag-mifare-desfire-inlay","8":"product_tag-nfc-inlay","9":"product_tag-rfid-inlay","11":"first","12":"instock","13":"shipping-taxable","14":"product-type-simple","15":"entry","16":"content-bg","17":"loop-entry"},"_links":{"self":[{"href":"https:\/\/rfid-laundry-tag.com\/cs\/wp-json\/wp\/v2\/product\/2699","targetHints":{"allow":["GET"]}}],"collection":[{"href":"https:\/\/rfid-laundry-tag.com\/cs\/wp-json\/wp\/v2\/product"}],"about":[{"href":"https:\/\/rfid-laundry-tag.com\/cs\/wp-json\/wp\/v2\/types\/product"}],"version-history":[{"count":2,"href":"https:\/\/rfid-laundry-tag.com\/cs\/wp-json\/wp\/v2\/product\/2699\/revisions"}],"predecessor-version":[{"id":2703,"href":"https:\/\/rfid-laundry-tag.com\/cs\/wp-json\/wp\/v2\/product\/2699\/revisions\/2703"}],"wp:featuredmedia":[{"embeddable":true,"href":"https:\/\/rfid-laundry-tag.com\/cs\/wp-json\/wp\/v2\/media\/2700"}],"wp:attachment":[{"href":"https:\/\/rfid-laundry-tag.com\/cs\/wp-json\/wp\/v2\/media?parent=2699"}],"wp:term":[{"taxonomy":"product_brand","embeddable":true,"href":"https:\/\/rfid-laundry-tag.com\/cs\/wp-json\/wp\/v2\/product_brand?post=2699"},{"taxonomy":"product_cat","embeddable":true,"href":"https:\/\/rfid-laundry-tag.com\/cs\/wp-json\/wp\/v2\/product_cat?post=2699"},{"taxonomy":"product_tag","embeddable":true,"href":"https:\/\/rfid-laundry-tag.com\/cs\/wp-json\/wp\/v2\/product_tag?post=2699"}],"curies":[{"name":"wp","href":"https:\/\/api.w.org\/{rel}","templated":true}]}}