{"id":2689,"date":"2024-09-26T09:32:20","date_gmt":"2024-09-26T09:32:20","guid":{"rendered":"https:\/\/rfid-laundry-tag.com\/?post_type=product&#038;p=2689"},"modified":"2024-09-26T14:30:31","modified_gmt":"2024-09-26T14:30:31","slug":"rfid-nfc-mifare-desfire-inlay","status":"publish","type":"product","link":"https:\/\/rfid-laundry-tag.com\/cs\/rfid-nfc-mifare-desfire-inlay\/","title":{"rendered":"RFID NFC MIFARE Desfire INLAY"},"content":{"rendered":"<h1>RFID NFC MIFARE Desfire INLAY<\/h1>\n<p>The<strong> RFID NFC MIFARE Desfire INLAY<\/strong>\u00a0je pokro\u010dil\u00e9 \u0159e\u0161en\u00ed navr\u017een\u00e9 pro aplikace vy\u017eaduj\u00edc\u00ed robustn\u00ed zabezpe\u010den\u00ed a v\u00fdjime\u010dn\u00fd v\u00fdkon. D\u00edky integrovan\u00e9mu \u010dipu RFID a p\u0159izp\u016fsobiteln\u00fdm funkc\u00edm nab\u00edz\u00ed tato vlo\u017eka bezprobl\u00e9mov\u00fd z\u00e1\u017eitek pro r\u016fzn\u00e1 pou\u017eit\u00ed \u2013 od \u0159\u00edzen\u00ed p\u0159\u00edstupu po platebn\u00ed syst\u00e9my. A\u0165 u\u017e jste podnik, kter\u00fd chce upgradovat sv\u00e9 identifika\u010dn\u00ed metody, nebo jednotlivec, kter\u00fd hled\u00e1 bezpe\u010dn\u00e9 transakce, vlo\u017eky MIFARE DESFire p\u0159edstavuj\u00ed p\u0159esv\u011bd\u010divou volbu.<\/p>\n<h3>Vlastnosti MIFARE_DESFIRE EV2 2K\/4k\/8K<\/h3>\n<div id=\"featuresXsp\" class=\"features-list toggle-opacity in\">\n<div class=\"features-xsp\">\n<div class=\"collapse-mobile ste-list\">\n<h3>RF rozhran\u00ed: ISO\/IEC 14443 Typ A<\/h3>\n<ul class=\"boxes\">\n<li>Bezkontaktn\u00ed rozhran\u00ed v souladu s ISO\/IEC 14443-2\/3 A<\/li>\n<li>N\u00edzk\u00e1 Hmin umo\u017e\u0148uj\u00edc\u00ed opera\u010dn\u00ed vzd\u00e1lenost a\u017e 100 mm (v z\u00e1vislosti na v\u00fdkonu poskytovan\u00e9m PCD a geometri\u00ed ant\u00e9ny)<\/li>\n<li>Rychl\u00fd p\u0159enos dat: 106 kbit\/s, 212 kbit\/s, 424 kbit\/s, 848 kbit\/s<\/li>\n<li>7bajtov\u00fd jedine\u010dn\u00fd identifik\u00e1tor (mo\u017enost n\u00e1hodn\u00e9ho ID)<\/li>\n<li>Pou\u017e\u00edv\u00e1 p\u0159enosov\u00fd protokol ISO\/IEC 14443-4<\/li>\n<li>Konfigurovateln\u00e9 FSCI pro podporu velikosti r\u00e1mce a\u017e 128 bajt\u016f (nov\u00e9)<\/li>\n<\/ul>\n<\/div>\n<div class=\"collapse-mobile ste-list\">\n<h3>Energeticky nez\u00e1visl\u00e1 pam\u011b\u0165<\/h3>\n<ul class=\"boxes\">\n<li>2 kB, 4 kB, 8 kB, 16 kB nebo 32 kB NV<\/li>\n<li>Uchov\u00e1v\u00e1n\u00ed dat po dobu 25 let<\/li>\n<li>Typick\u00e1 v\u00fddr\u017e 500 000 cykl\u016f<\/li>\n<li>Rychl\u00e9 programovac\u00ed cykly (maz\u00e1n\u00ed\/z\u00e1pis)<\/li>\n<\/ul>\n<\/div>\n<div class=\"collapse-mobile ste-list\">\n<h3>NV-organizace pam\u011bti<\/h3>\n<ul class=\"boxes\">\n<li>Flexibiln\u00ed syst\u00e9m soubor\u016f: u\u017eivatel m\u016f\u017ee voln\u011b definovat aplika\u010dn\u00ed struktury na PICC<\/li>\n<li>Prakticky \u017e\u00e1dn\u00e9 omezen\u00ed po\u010dtu aplikac\u00ed na PICC (nov\u00e9)<\/li>\n<li>A\u017e 32 soubor\u016f v ka\u017ed\u00e9 aplikaci (k dispozici 6 typ\u016f soubor\u016f: standardn\u00ed datov\u00fd soubor, z\u00e1lo\u017en\u00ed datov\u00fd soubor, hodnotov\u00fd soubor, line\u00e1rn\u00ed z\u00e1znam, cyklick\u00fd z\u00e1znam a transak\u010dn\u00ed MAC soubor)<\/li>\n<li>Velikost souboru je ur\u010dena p\u0159i vytv\u00e1\u0159en\u00ed (ne pro soubor MAC transakce)<\/li>\n<\/ul>\n<\/div>\n<\/div>\n<\/div>\n<h2>Kl\u00ed\u010dov\u00e9 v\u00fdhody RFID NFC MIFARE Desfire INLAY<\/h2>\n<p>MIFARE DESFire <a href=\"https:\/\/rfid-laundry-tag.com\/cs\/rfid-inlay\/\">RFID vlo\u017eky<\/a> nejsou jen \u0161t\u00edtky; p\u0159edstavuj\u00ed krok do budoucnosti, kde vedle sebe existuj\u00ed efektivita, flexibilita a bezpe\u010dnost. Tyto vlo\u017eky lze p\u0159izp\u016fsobit tak, aby vyhovovaly va\u0161im konkr\u00e9tn\u00edm pot\u0159eb\u00e1m, prezentuj\u00ed va\u0161i zna\u010dku a z\u00e1rove\u0148 poskytuj\u00ed vylep\u0161en\u00e9 funkce. V\u0161estrannost platformy MIFARE DESFire umo\u017e\u0148uje aplikace od bezkontaktn\u00edch plateb a\u017e po zabezpe\u010den\u00e9 syst\u00e9my kontroly p\u0159\u00edstupu.<\/p>\n<h3>Vlastnosti vlo\u017eky MIFARE DESFire RFID<\/h3>\n<p>MIFARE DESFire <a href=\"https:\/\/rfid-laundry-tag.com\/cs\/rfid-inlay\/\">RFID vlo\u017eka<\/a> nab\u00edz\u00ed \u0159adu funkc\u00ed, kter\u00e9 z n\u011bj d\u011blaj\u00ed nezbytn\u00fd n\u00e1stroj v modern\u00edch RFID aplikac\u00edch. To zahrnuje kompatibilitu se za\u0159\u00edzen\u00edmi s podporou NFC, v\u00edce datov\u00fdch kapacit (a\u017e 32k) a bezpe\u010dn\u00e9 \u0161ifrovac\u00ed standardy, kter\u00e9 chr\u00e1n\u00ed u\u017eivatelsk\u00e1 data.<\/p>\n<h3>S\u00edla technologie MIFARE DESFire<\/h3>\n<p>Technologie MIFARE DESFire je v pop\u0159ed\u00ed odv\u011btv\u00ed RFID, zn\u00e1m\u00e1 svou efektivitou p\u0159i p\u0159enosu dat a zabezpe\u010den\u00edm. Platforma vyhovuje bezpe\u010dnostn\u00ed certifikaci Common Criteria EAL5+, d\u00edky \u010demu\u017e je spolehliv\u00e1 pro citliv\u00e9 aplikace, jako jsou bankovn\u00ed karty a elektronick\u00e9 pasy.<\/p>\n<h3>V\u0161estrann\u00e9 aplikace RFID vlo\u017eek<\/h3>\n<p>Mo\u017enosti p\u0159izp\u016fsoben\u00ed pro MIFARE DESFire <a href=\"https:\/\/rfid-laundry-tag.com\/cs\/rfid-inlay\/\">RFID vlo\u017eky<\/a> jsou rozs\u00e1hl\u00e9. Od slu\u017eeb chytr\u00fdch m\u011bst po v\u011brnostn\u00ed programy a \u0159e\u0161en\u00ed bezhotovostn\u00edch plateb, funkce jsou p\u0159izp\u016fsobeny tak, aby spl\u0148ovaly po\u017eadavky modern\u00edch technologi\u00ed.<\/p>\n<h3>Mo\u017enosti p\u0159izp\u016fsoben\u00ed pro va\u0161i firmu<\/h3>\n<p>S MIFARE DESFire <a href=\"https:\/\/rfid-laundry-tag.com\/cs\/rfid-inlay\/\">RFID vlo\u017eky<\/a>, m\u016f\u017eete p\u0159izp\u016fsobit v\u0161e od tvaru a velikosti a\u017e po ti\u0161t\u011bn\u00e1 loga a s\u00e9riov\u00e1 \u010d\u00edsla. Tato flexibilita zvy\u0161uje viditelnost zna\u010dky a poskytuje jedine\u010dnou u\u017eivatelskou zku\u0161enost p\u0159izp\u016fsobenou konkr\u00e9tn\u00edm obchodn\u00edm pot\u0159eb\u00e1m.<\/p>\n<h3>Roz\u0161\u00ed\u0159en\u00e9 funkce zabezpe\u010den\u00ed<\/h3>\n<p>Bezpe\u010dnostn\u00ed opat\u0159en\u00ed zabudovan\u00e1 do vlo\u017eek MIFARE DESFire RFID nemaj\u00ed obdoby. D\u00edky vz\u00e1jemn\u00e9 t\u0159\u00edpr\u016fchodov\u00e9 autentizaci a \u0161ifrov\u00e1n\u00ed AES pro p\u0159enos dat si u\u017eivatel\u00e9 mohou b\u00fdt jisti, \u017ee jejich informace z\u016fstanou soukrom\u00e9 a bezpe\u010dn\u00e9.<\/p>\n<h3>Ekologick\u00e9 aspekty<\/h3>\n<p>Proto\u017ee technologie RFID zahrnuje udr\u017eitelnost, lze vlo\u017eky MIFARE DESFire vyr\u00e1b\u011bt z ekologick\u00fdch materi\u00e1l\u016f. Tento aspekt nejen sni\u017euje dopad na \u017eivotn\u00ed prost\u0159ed\u00ed, ale tak\u00e9 slad\u00ed va\u0161e podnik\u00e1n\u00ed s modern\u00edmi spot\u0159ebitelsk\u00fdmi hodnotami.<\/p>\n<h3>Stru\u010dn\u00fd p\u0159ehled technick\u00fdch specifikac\u00ed<\/h3>\n<div>\n<div class=\"overflow-x-auto custom-scrollbar custom-scrollbar-wide mb-2\">\n<table class=\"w-fit !mb-2 !max-w-none\">\n<thead>\n<tr>\n<th style=\"text-align: left;\"><strong>Specifikace<\/strong><\/th>\n<th style=\"text-align: left;\"><strong>Popis<\/strong><\/th>\n<\/tr>\n<\/thead>\n<tbody>\n<tr>\n<td><strong>RF rozhran\u00ed<\/strong><\/td>\n<td>ISO\/IEC 14443 Typ A<\/td>\n<\/tr>\n<tr>\n<td><strong>Provozn\u00ed vzd\u00e1lenost<\/strong><\/td>\n<td>A\u017e 100 mm<\/td>\n<\/tr>\n<tr>\n<td><strong>Rychlosti p\u0159enosu dat<\/strong><\/td>\n<td>106 kbit\/s a\u017e 848 kbit\/s<\/td>\n<\/tr>\n<tr>\n<td><strong>Mo\u017enosti pam\u011bti<\/strong><\/td>\n<td>2k, 4k, 8k, 16k nebo 32k NV<\/td>\n<\/tr>\n<tr>\n<td><strong>Jedine\u010dn\u00fd identifik\u00e1tor<\/strong><\/td>\n<td>7 bajt\u016f s mo\u017enost\u00ed n\u00e1hodn\u00e9ho ID<\/td>\n<\/tr>\n<tr>\n<td><strong>Bezpe\u010dnostn\u00ed certifikace<\/strong><\/td>\n<td>Spole\u010dn\u00e1 krit\u00e9ria EAL5+<\/td>\n<\/tr>\n<\/tbody>\n<\/table>\n<\/div>\n<\/div>\n<h3>Ohlasy z\u00e1kazn\u00edk\u016f<\/h3>\n<p>Klienti z r\u016fzn\u00fdch odv\u011btv\u00ed chv\u00e1lili vlo\u017eky MIFARE DESFire pro jejich v\u00fdkon a spolehlivost. Zp\u011btn\u00e1 vazba zd\u016fraz\u0148uje snadnost integrace, efektivitu operac\u00ed a celkovou spokojenost s bezpe\u010dnostn\u00edmi funkcemi.<\/p>\n<h3>\u010casto kladen\u00e9 ot\u00e1zky (FAQ)<\/h3>\n<p><strong>Jak\u00e1 je maxim\u00e1ln\u00ed velikost pam\u011bti pro vlo\u017eky MIFARE DESFire?<\/strong><\/p>\n<ul>\n<li style=\"list-style-type: none;\">\n<ul>\n<li>Maxim\u00e1ln\u00ed dostupn\u00e1 velikost pam\u011bti je 32 kB.<\/li>\n<\/ul>\n<\/li>\n<\/ul>\n<p><strong>Jsou tyto vlo\u017eky kompatibiln\u00ed se st\u00e1vaj\u00edc\u00edmi \u010dte\u010dkami NFC?<\/strong><\/p>\n<ul>\n<li style=\"list-style-type: none;\">\n<ul>\n<li>Ano, jsou pln\u011b kompatibiln\u00ed se st\u00e1vaj\u00edc\u00ed infrastrukturou \u010dte\u010dek NFC.<\/li>\n<\/ul>\n<\/li>\n<\/ul>\n<p><strong>Mohu upravit nastaven\u00ed p\u0159enosu dat?<\/strong><\/p>\n<ul>\n<li style=\"list-style-type: none;\">\n<ul>\n<li>Ano, velikost r\u00e1mu m\u016f\u017eete nakonfigurovat tak, aby vyhovovala pot\u0159eb\u00e1m va\u0161\u00ed aplikace.<\/li>\n<\/ul>\n<\/li>\n<\/ul>\n<h3>Z\u00e1v\u011bre\u010dn\u00e9 \u00favahy o vlo\u017ek\u00e1ch MIFARE DESFire RFID<\/h3>\n<p>MIFARE DESFire RFID Inlay zt\u011bles\u0148uje dokonal\u00e9 spojen\u00ed bezpe\u010dnosti, v\u00fdkonu a v\u0161estrannosti. D\u00edky mo\u017enostem p\u0159izp\u016fsoben\u00ed, vysok\u00fdm bezpe\u010dnostn\u00edm standard\u016fm a \u0159ad\u011b aplikac\u00ed je investice do t\u00e9to technologie chytrou volbou pro podniky i jednotlivce.<\/p>\n<p>Odemkn\u011bte dal\u0161\u00ed \u00farove\u0148 zabezpe\u010den\u00ed a efektivity s\u00a0<strong>MIFARE DESFire RFID vlo\u017eky<\/strong>.\u00a0<strong>Kontaktujte n\u00e1s<\/strong>\u00a0dnes prozkoumejte, jak mohou na\u0161e \u0159e\u0161en\u00ed splnit va\u0161e pot\u0159eby a upgradovat va\u0161e obchodn\u00ed mo\u017enosti. A\u0165 u\u017e hled\u00e1te vylep\u0161en\u00ed \u0159\u00edzen\u00ed p\u0159\u00edstupu, optimalizaci platebn\u00edch syst\u00e9m\u016f nebo integraci chytr\u00e9ho sledovac\u00edho \u0159e\u0161en\u00ed, technologie MIFARE DESFire je va\u0161\u00edm kl\u00ed\u010dem k bezpe\u010dn\u00e9 budoucnosti.<\/p>","protected":false},"excerpt":{"rendered":"<p>Objevte RFID NFC MIFARE Desfire INLAY \u2013 bezpe\u010dn\u00e1, v\u0161estrann\u00e1 a p\u0159izp\u016fsobiteln\u00e1 \u0159e\u0161en\u00ed pro \u0159\u00edzen\u00ed p\u0159\u00edstupu a platby, zaji\u0161\u0165uj\u00edc\u00ed zv\u00fd\u0161enou efektivitu a bezpe\u010dnost.<\/p>","protected":false},"featured_media":2673,"template":"","meta":{"_kad_post_transparent":"default","_kad_post_title":"","_kad_post_layout":"default","_kad_post_sidebar_id":"","_kad_post_content_style":"default","_kad_post_vertical_padding":"default","_kad_post_feature":"","_kad_post_feature_position":"","_kad_post_header":false,"_kad_post_footer":false,"_kad_post_classname":""},"product_brand":[],"product_cat":[189],"product_tag":[313,111,108],"class_list":{"0":"post-2689","1":"product","2":"type-product","3":"status-publish","4":"has-post-thumbnail","6":"product_cat-rfid-inlay","7":"product_tag-mifare-desfire-inlay","8":"product_tag-nfc-inlay","9":"product_tag-rfid-inlay","11":"first","12":"instock","13":"shipping-taxable","14":"product-type-simple","15":"entry","16":"content-bg","17":"loop-entry"},"_links":{"self":[{"href":"https:\/\/rfid-laundry-tag.com\/cs\/wp-json\/wp\/v2\/product\/2689","targetHints":{"allow":["GET"]}}],"collection":[{"href":"https:\/\/rfid-laundry-tag.com\/cs\/wp-json\/wp\/v2\/product"}],"about":[{"href":"https:\/\/rfid-laundry-tag.com\/cs\/wp-json\/wp\/v2\/types\/product"}],"version-history":[{"count":2,"href":"https:\/\/rfid-laundry-tag.com\/cs\/wp-json\/wp\/v2\/product\/2689\/revisions"}],"predecessor-version":[{"id":2693,"href":"https:\/\/rfid-laundry-tag.com\/cs\/wp-json\/wp\/v2\/product\/2689\/revisions\/2693"}],"wp:featuredmedia":[{"embeddable":true,"href":"https:\/\/rfid-laundry-tag.com\/cs\/wp-json\/wp\/v2\/media\/2673"}],"wp:attachment":[{"href":"https:\/\/rfid-laundry-tag.com\/cs\/wp-json\/wp\/v2\/media?parent=2689"}],"wp:term":[{"taxonomy":"product_brand","embeddable":true,"href":"https:\/\/rfid-laundry-tag.com\/cs\/wp-json\/wp\/v2\/product_brand?post=2689"},{"taxonomy":"product_cat","embeddable":true,"href":"https:\/\/rfid-laundry-tag.com\/cs\/wp-json\/wp\/v2\/product_cat?post=2689"},{"taxonomy":"product_tag","embeddable":true,"href":"https:\/\/rfid-laundry-tag.com\/cs\/wp-json\/wp\/v2\/product_tag?post=2689"}],"curies":[{"name":"wp","href":"https:\/\/api.w.org\/{rel}","templated":true}]}}