{"id":268,"date":"2024-06-21T15:32:44","date_gmt":"2024-06-21T15:32:44","guid":{"rendered":"https:\/\/rfid-laundry-tag.com\/?post_type=product&#038;p=268"},"modified":"2024-06-28T10:04:38","modified_gmt":"2024-06-28T10:04:38","slug":"uhf-rfid-label-alien-h9","status":"publish","type":"product","link":"https:\/\/rfid-laundry-tag.com\/cs\/uhf-rfid-label-alien-h9\/","title":{"rendered":"UHF RFID \u0161t\u00edtek Alien H9"},"content":{"rendered":"<h2>UHF RFID \u0161t\u00edtek Alien H9<\/h2>\n<p><span style=\"font-family: inherit; font-size: 24px; font-weight: bold;\">UHF RFID \u0161t\u00edtek pro sledov\u00e1n\u00ed z\u00e1sob<\/span><\/p>\n<div class=\"J_module\">\n<div class=\"ife-detail-decorate-table\">\n<table class=\"all magic-10\">\n<tbody>\n<tr>\n<td colspan=\"1\" rowspan=\"1\">\n<div class=\"magic-11\">\u010cip<\/div>\n<\/td>\n<td colspan=\"1\" rowspan=\"1\">\n<div class=\"magic-12\">Mimozem\u0161\u0165an H9<\/div>\n<\/td>\n<\/tr>\n<tr>\n<td colspan=\"1\" rowspan=\"1\">\n<div class=\"magic-11\">Frekvence<\/div>\n<\/td>\n<td colspan=\"1\" rowspan=\"1\">\n<div class=\"magic-12\">860-960 MHz<\/div>\n<\/td>\n<\/tr>\n<tr>\n<td colspan=\"1\" rowspan=\"1\">\n<div class=\"magic-11\">Materi\u00e1l<\/div>\n<\/td>\n<td colspan=\"1\" rowspan=\"1\">\n<div class=\"magic-12\">Nat\u00edran\u00fd pap\u00edr\/PET\/Syntetick\u00fd pap\u00edr\/Termopap\u00edr\/p\u0159izp\u016fsoben\u00ed<\/div>\n<\/td>\n<\/tr>\n<tr>\n<td colspan=\"1\" rowspan=\"1\">\n<div class=\"magic-11\">Pracovn\u00ed re\u017eim<\/div>\n<\/td>\n<td colspan=\"1\" rowspan=\"1\">\n<div class=\"magic-12\">Pasivn\u00ed<\/div>\n<\/td>\n<\/tr>\n<tr>\n<td colspan=\"1\" rowspan=\"1\">\n<div class=\"magic-11\">IC Life<\/div>\n<\/td>\n<td colspan=\"1\" rowspan=\"1\">\n<div class=\"magic-12\">100 000 programovac\u00edch cykl\u016f, 10 let uchov\u00e1v\u00e1n\u00ed dat<\/div>\n<\/td>\n<\/tr>\n<tr>\n<td colspan=\"1\" rowspan=\"1\">\n<div class=\"magic-11\">Provozn\u00ed teplota\/vlhkost<\/div>\n<\/td>\n<td colspan=\"1\" rowspan=\"1\">\n<div class=\"magic-12\">-25~50\u2103\/20%~80% RH<\/div>\n<\/td>\n<\/tr>\n<tr>\n<td colspan=\"1\" rowspan=\"1\">\n<div class=\"magic-11\">Skladovac\u00ed teplota\/vlhkost<\/div>\n<\/td>\n<td colspan=\"1\" rowspan=\"1\">\n<div class=\"magic-12\">+23\u00b0C\u00b15\u00b0C\/ 50%\u00b110% RH (bez kondenzace).<\/div>\n<\/td>\n<\/tr>\n<tr>\n<td colspan=\"1\" rowspan=\"1\">\n<div class=\"magic-11\">Ant\u00e9na<\/div>\n<\/td>\n<td colspan=\"1\" rowspan=\"1\">\n<div class=\"magic-12\">Lept\u00e1n\u00ed hlin\u00edku, 94,8 x 8,1 mm<\/div>\n<\/td>\n<\/tr>\n<tr>\n<td colspan=\"1\" rowspan=\"1\">\n<div class=\"magic-11\">Mokr\u00e1 vlo\u017eka\/velikost \u0161t\u00edtku<\/div>\n<\/td>\n<td colspan=\"1\" rowspan=\"1\">\n<div class=\"magic-12\">98 * 15 mm nebo p\u0159izp\u016fsoben\u00ed<\/div>\n<\/td>\n<\/tr>\n<tr>\n<td colspan=\"1\" rowspan=\"1\">\n<div class=\"magic-11\">Tisk<\/div>\n<\/td>\n<td colspan=\"1\" rowspan=\"1\">\n<div class=\"magic-12\">Plnobarevn\u00fd tisk, logo, \u010d\u00e1rov\u00fd k\u00f3d, QR k\u00f3d atd<\/div>\n<\/td>\n<\/tr>\n<tr>\n<td colspan=\"1\" rowspan=\"1\">\n<div class=\"magic-11\">Ochutnat<\/div>\n<\/td>\n<td colspan=\"1\" rowspan=\"1\">\n<div class=\"magic-12\">Vzorek je zdarma pro v\u00e1\u0161 test kvality<\/div>\n<\/td>\n<\/tr>\n<tr>\n<td colspan=\"1\" rowspan=\"1\">\n<div class=\"magic-11\">Protokol<\/div>\n<\/td>\n<td colspan=\"1\" rowspan=\"1\">\n<div class=\"magic-12\">ISO\/IEC 18000-6C EPC Class1 Gen2<\/div>\n<\/td>\n<\/tr>\n<tr>\n<td colspan=\"1\" rowspan=\"1\">\n<div class=\"magic-11\">Obal<\/div>\n<\/td>\n<td colspan=\"1\" rowspan=\"1\">\n<div class=\"magic-12\">1000-5000ks\/role, 4 role\/karton<\/div>\n<\/td>\n<\/tr>\n<tr>\n<td colspan=\"1\" rowspan=\"1\">\n<div class=\"magic-11\">M\u00edsto p\u016fvodu<\/div>\n<\/td>\n<td colspan=\"1\" rowspan=\"1\">\n<div class=\"magic-12\">Chengdu, \u010c\u00edna<\/div>\n<\/td>\n<\/tr>\n<tr>\n<td colspan=\"1\" rowspan=\"4\">\n<div class=\"magic-11\">Aplikace\/\u0158e\u0161en\u00ed<\/div>\n<\/td>\n<td colspan=\"1\" rowspan=\"1\">\n<div class=\"magic-12\">Bezpe\u010dn\u00e1 kontrola vstupu\/bezhotovostn\u00ed platby \u010clenstv\u00ed a v\u011brnostn\u00ed programy<\/div>\n<\/td>\n<\/tr>\n<tr>\n<td colspan=\"1\" rowspan=\"1\">\n<div class=\"magic-12\" data-spm-anchor-id=\"a2700.details.0.i80.59c943e8HVzkHD\">P\u0159\u00edstup k ud\u00e1lostem a branding\/soci\u00e1ln\u00ed m\u00e9dia\/maloobchod<\/div>\n<\/td>\n<\/tr>\n<tr>\n<td colspan=\"1\" rowspan=\"1\">\n<div class=\"magic-12\">Prost\u0159ed\u00ed\/Hry a hra\u010dky Um\u00edst\u011bn\u00ed\/Elektronika\/V\u00fdstavy<\/div>\n<\/td>\n<\/tr>\n<tr>\n<td colspan=\"1\" rowspan=\"1\">\n<div class=\"magic-12\">Ud\u00e1losti\/Po\u017eadavek na vol\u00e1n\u00ed\/vizitky<\/div>\n<\/td>\n<\/tr>\n<\/tbody>\n<\/table>\n<p>&nbsp;<\/p>\n<\/div>\n<\/div>\n<div class=\"J_module\">\n<div><\/div>\n<div class=\"auto-hide-last-sibling-br paragraph_9dc5f paragraph-element\">\u0160t\u00edtky UHF RFID (Ultra High Frequency Radio Frequency Identification Labels) jsou skute\u010dn\u011b univerz\u00e1ln\u00ed n\u00e1stroje s rozs\u00e1hl\u00fdmi aplikacemi v r\u016fzn\u00fdch odv\u011btv\u00edch.<\/div>\n<div class=\"auto-hide-last-sibling-br paragraph_9dc5f paragraph-element\">Identifikace: Tyto \u0161t\u00edtky mohou snadno ukl\u00e1dat osobn\u00ed \u00fadaje, co\u017e je u\u017eite\u010dn\u00e9 ve sc\u00e9n\u00e1\u0159\u00edch ov\u011b\u0159ov\u00e1n\u00ed identity, co\u017e z nich \u010din\u00ed spolehlivou volbu pro r\u016fzn\u00e9 instituce, kter\u00e9 vy\u017eaduj\u00ed bezpe\u010dn\u00e9 a \u00fa\u010dinn\u00e9 metody identifikace.<\/div>\n<div><\/div>\n<div class=\"auto-hide-last-sibling-br paragraph_9dc5f paragraph-element\">Ve\u0159ejn\u00e1 doprava a vstupenky na akce: \u0160t\u00edtky UHF RFID se b\u011b\u017en\u011b pou\u017e\u00edvaj\u00ed v automatizovan\u00fdch syst\u00e9mech prodeje j\u00edzdenek, jako jsou \u017eetony na metro nebo autobusy, a tak\u00e9 p\u0159i prodeji vstupenek na akce, kde umo\u017e\u0148uj\u00ed rychl\u00fd a efektivn\u00ed vstup.<\/div>\n<div><\/div>\n<div class=\"auto-hide-last-sibling-br paragraph_9dc5f paragraph-element\">Elektronick\u00fd v\u00fdb\u011br m\u00fdtn\u00e9ho: Pou\u017eit\u00ed \u0161t\u00edtk\u016f UHF RFID zde umo\u017e\u0148uje rychl\u00e9 platby m\u00fdtn\u00e9ho bez nutnosti zastaven\u00ed vozidel, co\u017e v\u00fdrazn\u011b sni\u017euje provoz a zvy\u0161uje pohodl\u00ed u\u017eivatele.<\/div>\n<div><\/div>\n<div class=\"auto-hide-last-sibling-br paragraph_9dc5f paragraph-element\">Spr\u00e1va majetku: \u0160t\u00edtky mohou b\u00fdt p\u0159ipojeny k aktiv\u016fm, co\u017e umo\u017e\u0148uje sledov\u00e1n\u00ed v re\u00e1ln\u00e9m \u010dase, um\u00edst\u011bn\u00ed a aktualizaci informac\u00ed, zlep\u0161uje spr\u00e1vu z\u00e1sob a sni\u017euje ztr\u00e1ty nebo kr\u00e1de\u017ee.<\/div>\n<div><\/div>\n<div class=\"auto-hide-last-sibling-br paragraph_9dc5f paragraph-element\">Knihovny a p\u016fj\u010dovny: Pou\u017e\u00edvaj\u00ed se ke sledov\u00e1n\u00ed knih nebo jin\u00fdch polo\u017eek, kter\u00e9 p\u0159ich\u00e1zej\u00ed a vych\u00e1zej\u00ed z knihovny, \u010d\u00edm\u017e je proces p\u016fj\u010dov\u00e1n\u00ed a vracen\u00ed efektivn\u011bj\u0161\u00ed. Lze je uplatnit i v p\u016fj\u010dovn\u00e1ch pro lep\u0161\u00ed spr\u00e1vu pronajat\u00fdch v\u011bc\u00ed.<\/div>\n<div><\/div>\n<div class=\"auto-hide-last-sibling-br paragraph_9dc5f paragraph-element\">V\u011brnostn\u00ed syst\u00e9m: \u0160t\u00edtky UHF RFID lze pou\u017e\u00edt ve v\u011brnostn\u00edch nebo v\u011brnostn\u00edch kart\u00e1ch pro podniky, co\u017e zlep\u0161uje udr\u017een\u00ed z\u00e1kazn\u00edk\u016f a poskytuje skv\u011blou u\u017eivatelskou zku\u0161enost.<\/div>\n<div><\/div>\n<div class=\"auto-hide-last-sibling-br paragraph_9dc5f paragraph-element\">\u0158\u00edzen\u00ed \u0159\u00edzen\u00ed p\u0159\u00edstupu: V m\u00edstech, kter\u00e1 vy\u017eaduj\u00ed bezpe\u010dn\u00fd p\u0159\u00edstup, jako jsou kancel\u00e1\u0159e, obytn\u00e9 oblasti nebo ur\u010dit\u00e9 ve\u0159ejn\u00e9 prostory, lze tyto \u0161t\u00edtky pou\u017e\u00edt pro efektivn\u00ed \u0159\u00edzen\u00ed p\u0159\u00edstupu a p\u0159idat dal\u0161\u00ed vrstvu zabezpe\u010den\u00ed.<\/div>\n<div><\/div>\n<div class=\"auto-hide-last-sibling-br paragraph_9dc5f paragraph-element\">Nav\u00edc na\u0161e vlastn\u00ed programovac\u00ed a k\u00f3dovac\u00ed slu\u017eby mohou odpov\u00eddat specifick\u00fdm pot\u0159eb\u00e1m z\u00e1kazn\u00edka, d\u00edky \u010demu\u017e jsou \u0161t\u00edtky UHF RFID vysoce n\u00e1kladov\u011b efektivn\u00ed a pohodln\u00e9 \u0159e\u0161en\u00ed pro mnoho podnik\u016f a slu\u017eeb.<\/div>\n<div><\/div>\n<\/div>\n<div><\/div>\n<div><strong>Pro\u010d si vybrat USA?<\/strong><\/div>\n<div><\/div>\n<div>Jsme p\u0159edn\u00edm poskytovatelem technologie RFID s v\u00edce ne\u017e 11 lety zku\u0161enost\u00ed a p\u0159in\u00e1\u0161\u00edme pokro\u010dilou efektivitu, spolehlivost a p\u0159esnost do glob\u00e1ln\u00edch dodavatelsk\u00fdch \u0159et\u011bzc\u016f z\u00e1kazn\u00edk\u016f pomoc\u00ed \u0161pi\u010dkov\u00fdch produkt\u016f, \u0159e\u0161en\u00ed a technologi\u00ed. Jako v\u00fdrobce na glob\u00e1ln\u00ed \u00farovni nab\u00edz\u00edme z\u00e1kazn\u00edk\u016fm platformu z\u00e1kladn\u00edch technologi\u00ed, v\u010detn\u011b kontroly p\u0159\u00edstupu, ozna\u010dov\u00e1n\u00ed zv\u00ed\u0159at, komunikace v bl\u00edzk\u00e9m poli (NFC), r\u016fzn\u00fdch \u010dte\u010dek RFID a \u0159e\u0161en\u00ed. Na\u0161e \u0159e\u0161en\u00ed obsahuj\u00ed vysoce konfigurovateln\u00e9 aplika\u010dn\u00ed r\u00e1mce a elegantn\u00ed u\u017eivatelsk\u00e1 rozhran\u00ed s pokro\u010dilou analytikou, kter\u00e1 umo\u017e\u0148uje komplexn\u00ed business intelligence a viditelnost dat v r\u016fzn\u00fdch odv\u011btv\u00edch.<\/div>","protected":false},"excerpt":{"rendered":"<p>UHF RFID Label m\u016f\u017ee b\u00fdt \u0161iroce pou\u017e\u00edv\u00e1n p\u0159i identifikaci, ve\u0159ejn\u00e9 doprav\u011b, elektronick\u00e9m v\u00fdb\u011bru m\u00fdtn\u00e9ho na akce, spr\u00e1v\u011b majetku, knihovn\u00e1ch a pron\u00e1jmech, spr\u00e1v\u011b v\u011brnostn\u00edho syst\u00e9mu a \u0159\u00edzen\u00ed p\u0159\u00edstupu atd. Poskytujeme programovac\u00ed a k\u00f3dovac\u00ed slu\u017eby, kter\u00e9 p\u0159esn\u011b odpov\u00eddaj\u00ed po\u017eadavk\u016fm z\u00e1kazn\u00edka na programov\u00e1n\u00ed nebo k\u00f3dov\u00e1n\u00ed.<\/p>","protected":false},"featured_media":270,"template":"","meta":{"_kad_post_transparent":"default","_kad_post_title":"","_kad_post_layout":"default","_kad_post_sidebar_id":"","_kad_post_content_style":"default","_kad_post_vertical_padding":"default","_kad_post_feature":"","_kad_post_feature_position":"","_kad_post_header":false,"_kad_post_footer":false,"_kad_post_classname":""},"product_brand":[],"product_cat":[54],"product_tag":[102,100,98],"class_list":{"0":"post-268","1":"product","2":"type-product","3":"status-publish","4":"has-post-thumbnail","6":"product_cat-hot-selling-rfid-tags","7":"product_tag-paper-uhf-rfid-sticker","8":"product_tag-rfid-label","9":"product_tag-uhf-rfid-label","11":"first","12":"instock","13":"shipping-taxable","14":"product-type-simple","15":"entry","16":"content-bg","17":"loop-entry"},"_links":{"self":[{"href":"https:\/\/rfid-laundry-tag.com\/cs\/wp-json\/wp\/v2\/product\/268","targetHints":{"allow":["GET"]}}],"collection":[{"href":"https:\/\/rfid-laundry-tag.com\/cs\/wp-json\/wp\/v2\/product"}],"about":[{"href":"https:\/\/rfid-laundry-tag.com\/cs\/wp-json\/wp\/v2\/types\/product"}],"version-history":[{"count":0,"href":"https:\/\/rfid-laundry-tag.com\/cs\/wp-json\/wp\/v2\/product\/268\/revisions"}],"wp:featuredmedia":[{"embeddable":true,"href":"https:\/\/rfid-laundry-tag.com\/cs\/wp-json\/wp\/v2\/media\/270"}],"wp:attachment":[{"href":"https:\/\/rfid-laundry-tag.com\/cs\/wp-json\/wp\/v2\/media?parent=268"}],"wp:term":[{"taxonomy":"product_brand","embeddable":true,"href":"https:\/\/rfid-laundry-tag.com\/cs\/wp-json\/wp\/v2\/product_brand?post=268"},{"taxonomy":"product_cat","embeddable":true,"href":"https:\/\/rfid-laundry-tag.com\/cs\/wp-json\/wp\/v2\/product_cat?post=268"},{"taxonomy":"product_tag","embeddable":true,"href":"https:\/\/rfid-laundry-tag.com\/cs\/wp-json\/wp\/v2\/product_tag?post=268"}],"curies":[{"name":"wp","href":"https:\/\/api.w.org\/{rel}","templated":true}]}}