{"id":2665,"date":"2024-09-24T15:11:41","date_gmt":"2024-09-24T15:11:41","guid":{"rendered":"https:\/\/rfid-laundry-tag.com\/?post_type=product&#038;p=2665"},"modified":"2024-09-24T15:21:08","modified_gmt":"2024-09-24T15:21:08","slug":"rfid-mifare-classic-1k-inlay","status":"publish","type":"product","link":"https:\/\/rfid-laundry-tag.com\/cs\/rfid-mifare-classic-1k-inlay\/","title":{"rendered":"RFID MIFARE Classic 1K vlo\u017eka"},"content":{"rendered":"<table class=\"has-title all magic-13\">\n<tbody>\n<tr>\n<td colspan=\"1\" rowspan=\"1\">\n<div class=\"magic-14\" data-spm-anchor-id=\"a2700.details.0.i37.2ec61361oDo4aX\">N\u00e1zev produktu<\/div>\n<\/td>\n<td colspan=\"1\" rowspan=\"1\">\n<div class=\"magic-15\"><strong>RFID MIFARE Classic 1K vlo\u017eka<\/strong><\/div>\n<\/td>\n<\/tr>\n<tr>\n<td colspan=\"1\" rowspan=\"1\">\n<div class=\"magic-14\">\u010cip<\/div>\n<\/td>\n<td colspan=\"1\" rowspan=\"1\">\n<div class=\"magic-15\">MIFARE Classic\u00ae 1K<\/div>\n<\/td>\n<\/tr>\n<tr>\n<td colspan=\"1\" rowspan=\"1\">\n<div class=\"magic-14\">Frekvence<\/div>\n<\/td>\n<td colspan=\"1\" rowspan=\"1\">\n<div class=\"magic-15\">13,56 MHz<\/div>\n<\/td>\n<\/tr>\n<tr>\n<td colspan=\"1\" rowspan=\"1\">\n<div class=\"magic-14\">Vzd\u00e1lenost \u010dten\u00ed<\/div>\n<\/td>\n<td colspan=\"1\" rowspan=\"1\">\n<div class=\"magic-15\">1-5 cm<\/div>\n<\/td>\n<\/tr>\n<tr>\n<td colspan=\"1\" rowspan=\"1\">\n<div class=\"magic-14\">Materi\u00e1l<\/div>\n<\/td>\n<td colspan=\"1\" rowspan=\"1\">\n<div class=\"magic-15\">K\u0159\u00eddov\u00fd pap\u00edr<\/div>\n<\/td>\n<\/tr>\n<tr>\n<td colspan=\"1\" rowspan=\"1\">\n<div class=\"magic-14\">Substr\u00e1t<\/div>\n<\/td>\n<td colspan=\"1\" rowspan=\"1\">\n<div class=\"magic-15\">PET<\/div>\n<\/td>\n<\/tr>\n<tr>\n<td colspan=\"1\" rowspan=\"1\">\n<div class=\"magic-14\">Pr\u016fm\u011br 50 mm Velikost<\/div>\n<\/td>\n<td colspan=\"1\" rowspan=\"1\">\n<div class=\"magic-15\">Pr\u016fm\u011br 25 mm nebo p\u0159izp\u016fsoben\u00ed<\/div>\n<\/td>\n<\/tr>\n<tr>\n<td colspan=\"1\" rowspan=\"1\">\n<div class=\"magic-14\">Pracovn\u00ed re\u017eim<\/div>\n<\/td>\n<td colspan=\"1\" rowspan=\"1\">\n<div class=\"magic-15\">Pasivn\u00ed<\/div>\n<\/td>\n<\/tr>\n<tr>\n<td colspan=\"1\" rowspan=\"1\">\n<div class=\"magic-14\">Napi\u0161te cykly<\/div>\n<\/td>\n<td colspan=\"1\" rowspan=\"1\">\n<div class=\"magic-15\">100000<\/div>\n<\/td>\n<\/tr>\n<tr>\n<td colspan=\"1\" rowspan=\"1\">\n<div class=\"magic-14\">Provozn\u00ed teplota \/ vlhkost<\/div>\n<\/td>\n<td colspan=\"1\" rowspan=\"1\">\n<div class=\"magic-15\">-40~70\u2103\/20%~90% RH<\/div>\n<\/td>\n<\/tr>\n<tr>\n<td colspan=\"1\" rowspan=\"1\">\n<div class=\"magic-14\">Skladovac\u00ed teplota \/ vlhkost<\/div>\n<\/td>\n<td colspan=\"1\" rowspan=\"1\">\n<div class=\"magic-15\">-20~50\u2103 \/ 20%~90% RH (bez kondenzace).<\/div>\n<\/td>\n<\/tr>\n<tr>\n<td colspan=\"1\" rowspan=\"1\">\n<div class=\"magic-14\">Dostupnost vzorku<\/div>\n<\/td>\n<td colspan=\"1\" rowspan=\"1\">\n<div class=\"magic-15\">Vzorky zdarma jsou k dispozici na vy\u017e\u00e1d\u00e1n\u00ed<\/div>\n<\/td>\n<\/tr>\n<tr>\n<td colspan=\"1\" rowspan=\"1\">\n<div class=\"magic-14\">Obal<\/div>\n<\/td>\n<td colspan=\"1\" rowspan=\"1\">\n<div class=\"magic-15\">1000-5000ks\/role, 4 role\/karton<\/div>\n<\/td>\n<\/tr>\n<tr>\n<td colspan=\"1\" rowspan=\"1\">\n<div class=\"magic-14\">\n<p>aplikace<\/p>\n<div><\/div>\n<\/div>\n<\/td>\n<td colspan=\"1\" rowspan=\"1\">\n<div class=\"magic-15\" data-spm-anchor-id=\"a2700.details.0.i47.2ec61361oDo4aX\">Bezpe\u010dn\u00e1 kontrola vstupu\/bezhotovostn\u00ed platby \u010clenstv\u00ed a v\u011brnostn\u00ed programy P\u0159\u00edstup k ud\u00e1lostem a branding\/Soci\u00e1ln\u00ed m\u00e9dia\/Maloobchod<br \/>\nProst\u0159ed\u00ed\/Hry a hra\u010dky Um\u00edst\u011bn\u00ed\/Elektronika\/V\u00fdstavy\/Ud\u00e1losti\/Po\u017eadavek na zavol\u00e1n\u00ed\/Vizitky<\/div>\n<\/td>\n<\/tr>\n<\/tbody>\n<\/table>\n<p>&nbsp;<\/p>\n<p>The <strong>RFID MIFARE Classic 1K vlo\u017eka<\/strong> je v\u0161estrann\u00e9 \u0159e\u0161en\u00ed navr\u017een\u00e9 tak, aby spl\u0148ovalo rostouc\u00ed po\u017eadavky modern\u00edch aplikac\u00ed. Tato inlay s podporou NFC pracuj\u00edc\u00ed na frekvenci 13,56 MHz si zachov\u00e1v\u00e1 v\u0161echny z\u00e1kladn\u00ed vlastnosti technologie MIFARE Classic a z\u00e1rove\u0148 poskytuje u\u017eivatelsky p\u0159\u00edv\u011btiv\u00e9 funkce. D\u00edky sv\u00e9 kompaktn\u00ed velikosti o pr\u016fm\u011bru 25 mm a tlou\u0161\u0165ce 0,5 mm je k dispozici v praktick\u00e9m form\u00e1tu n\u00e1lepek s pr\u00e1zdn\u00fdmi \u0161t\u00edtky, co\u017e usnad\u0148uje p\u0159ipevn\u011bn\u00ed a pou\u017eit\u00ed v r\u016fzn\u00fdch aplikac\u00edch. A\u0165 u\u017e hled\u00e1te RFID \u0159e\u0161en\u00ed pro platebn\u00ed syst\u00e9my, kontrolu p\u0159\u00edstupu nebo identifikaci, MIFARE Classic 1K Inlay nab\u00edz\u00ed bezkonkuren\u010dn\u00ed spolehlivost a v\u00fdkon.<\/p>\n<h3>Pro\u010d zvolit MIFARE Classic 1K Inlay?<\/h3>\n<ul>\n<li><strong>Snadn\u00e1 integrace<\/strong>: Ide\u00e1ln\u00ed pro r\u016fzn\u00e9 aplikace, od platebn\u00edch syst\u00e9m\u016f po prodej vstupenek na akce, tato vlo\u017eka se hladce integruje do st\u00e1vaj\u00edc\u00edch platforem.<\/li>\n<li><strong>Cenov\u011b efektivn\u00ed \u0159e\u0161en\u00ed<\/strong>: D\u00edky n\u00edzk\u00e9 cen\u011b, vysok\u00e9 kvalit\u011b a odoln\u00e9mu designu p\u0159edstavuje ekonomickou mo\u017enost bez kompromis\u016f ve v\u00fdkonu.<\/li>\n<li><strong>U\u017eivatelsky p\u0159\u00edv\u011btiv\u00fd<\/strong>: Form\u00e1t pr\u00e1zdn\u00e9 n\u00e1lepky umo\u017e\u0148uje snadn\u00e9 ozna\u010dov\u00e1n\u00ed a vlastn\u00ed aplikace, co\u017e zlep\u0161uje u\u017eivatelsk\u00fd komfort.<\/li>\n<\/ul>\n<h3>Vysv\u011btlen\u00ed technologie NFC<\/h3>\n<p>Technologie NFC (Near Field Communication) tvo\u0159\u00ed p\u00e1te\u0159 MIFARE Classic 1K Inlay. Vyu\u017eit\u00edm t\u00e9to technologie umo\u017e\u0148uje inlay bezkontaktn\u00ed v\u00fdm\u011bnu dat mezi za\u0159\u00edzen\u00edmi. Tato funkce se neomezuje pouze na interakce karet a \u010dte\u010dky, ale tak\u00e9 usnad\u0148uje mobiln\u00ed platby a zabezpe\u010denou kontrolu p\u0159\u00edstupu.<\/p>\n<h3>Kl\u00ed\u010dov\u00e9 v\u00fdhody MIFARE Classic 1K<\/h3>\n<ul>\n<li><strong>Vylep\u0161en\u00e9 zabezpe\u010den\u00ed<\/strong>: D\u00edky jedine\u010dn\u00e9mu 4bajtov\u00e9mu UID pom\u00e1h\u00e1 MIFARE Classic 1K Inlay p\u0159edch\u00e1zet duplikaci dat a p\u0159id\u00e1v\u00e1 va\u0161im aplikac\u00edm dal\u0161\u00ed vrstvu zabezpe\u010den\u00ed.<\/li>\n<li><strong>V\u0161estrannost<\/strong>: Vhodn\u00e9 pro r\u016fzn\u00e9 bezkontaktn\u00ed aplikace, od maloobchodu po p\u0159epravu, zvy\u0161uj\u00edc\u00ed zapojen\u00ed u\u017eivatel\u016f.<\/li>\n<li><strong>Kompatibilita<\/strong>: Pln\u011b kompatibiln\u00ed se \u010dte\u010dkou\/zapisova\u010dkou ACR122U spolu s dal\u0161\u00edmi za\u0159\u00edzen\u00edmi MIFARE Classic, d\u00edky \u010demu\u017e je univerz\u00e1ln\u00edm n\u00e1strojem ve va\u0161em arzen\u00e1lu NFC.<\/li>\n<\/ul>\n<h2>Technick\u00e9 specifikace<\/h2>\n<div>\n<div class=\"overflow-x-auto custom-scrollbar custom-scrollbar-wide mb-2\">\n<table class=\"w-fit !mb-2 !max-w-none\">\n<thead>\n<tr>\n<th style=\"text-align: left;\">Funkce<\/th>\n<th style=\"text-align: left;\">Specifikace<\/th>\n<\/tr>\n<\/thead>\n<tbody>\n<tr>\n<td><strong>Velikost pam\u011bti<\/strong><\/td>\n<td>1K Byte<\/td>\n<\/tr>\n<tr>\n<td><strong>Velikost UID<\/strong><\/td>\n<td>4 bajty<\/td>\n<\/tr>\n<tr>\n<td><strong>Frekvence<\/strong><\/td>\n<td>13,56 MHz<\/td>\n<\/tr>\n<tr>\n<td><strong>Dodr\u017eov\u00e1n\u00ed<\/strong><\/td>\n<td>ISO\/IEC 14443A<\/td>\n<\/tr>\n<tr>\n<td><strong>V\u00fdchoz\u00ed kl\u00ed\u010d<\/strong><\/td>\n<td>FF FF FF FF FF FF FF<\/td>\n<\/tr>\n<tr>\n<td><strong>Typ \u010dipu<\/strong><\/td>\n<td>MIFARE Classic EV1 1K (MF1S503yX)<\/td>\n<\/tr>\n<\/tbody>\n<\/table>\n<\/div>\n<\/div>\n<h3>N\u00e1vod k pou\u017eit\u00ed<\/h3>\n<p>Chcete-li pou\u017e\u00edt vlo\u017eku MIFARE Classic 1K Inlay, jednodu\u0161e ji p\u0159ipevn\u011bte k po\u017eadovan\u00e9mu povrchu pomoc\u00ed dodan\u00e9 lepic\u00ed podlo\u017eky. Ujist\u011bte se, \u017ee povrch je \u010dist\u00fd a such\u00fd pro optim\u00e1ln\u00ed p\u0159ilnavost. Po p\u0159ipevn\u011bn\u00ed lze vlo\u017eku \u010d\u00edst a zapisovat na ni pomoc\u00ed za\u0159\u00edzen\u00ed s podporou NFC nebo kompatibiln\u00ed \u010dte\u010dky, jako je ACR122U.<\/p>\n<h3>Vliv na \u017eivotn\u00ed prost\u0159ed\u00ed<\/h3>\n<p>Vlo\u017eka MIFARE Classic 1K Inlay je vyrobena s ohledem na \u017eivotn\u00ed prost\u0159ed\u00ed. Vyu\u017eit\u00ed odoln\u00fdch a recyklovateln\u00fdch materi\u00e1l\u016f zaji\u0161\u0165uje, \u017ee z\u00e1rove\u0148 p\u0159isp\u00edv\u00e1te k va\u0161im osobn\u00edm nebo obchodn\u00edm pot\u0159eb\u00e1m a z\u00e1rove\u0148 se zapoj\u00edte do ekologick\u00fdch postup\u016f.<\/p>\n<h2>Z\u00e1kaznick\u00e9 recenze<\/h2>\n<p><strong>John Doe, majitel firmy<\/strong><br \/>\n<em>\u201eDo na\u0161eho platebn\u00edho syst\u00e9mu jsme integrovali vlo\u017eky MIFARE Classic 1K a \u00fa\u010dinnost byla pozoruhodn\u00e1! V\u00fdrazn\u011b to zkr\u00e1tilo transak\u010dn\u00ed \u010dasy a zv\u00fd\u0161ilo spokojenost z\u00e1kazn\u00edk\u016f.\u201c<\/em><\/p>\n<p><strong>Jane Smith, Event Manager<\/strong><br \/>\n<em>\u201eIntarzie opat\u0159en\u00e9 lepidlem bylo snadn\u00e9 p\u0159ipevnit na na\u0161e odznaky. Jsou spolehliv\u00ed a b\u011bhem akce fungovali bezchybn\u011b!\u201c<\/em><\/p>\n<h2>Nej\u010dast\u011bj\u0161\u00ed dotazy<\/h2>\n<ul>\n<li><strong>Jak\u00fd je rozsah vlo\u017eky MIFARE Classic 1K?<\/strong><br \/>\nEfektivn\u00ed dosah je typicky asi 10 cm p\u0159i pou\u017eit\u00ed typick\u00fdch \u010dtec\u00edch za\u0159\u00edzen\u00ed NFC.<\/li>\n<li><strong>Mohu p\u0159izp\u016fsobit MIFARE Classic 1K Inlay?<\/strong><br \/>\nAno, vlo\u017eky lze vytisknout nebo zak\u00f3dovat vlastn\u00edmi daty, tak\u017ee jsou vhodn\u00e9 pro r\u016fzn\u00e9 aplikace.<\/li>\n<li><strong>Je vlo\u017eka MIFARE Classic 1K Inlay vodot\u011bsn\u00e1?<\/strong><br \/>\nI kdy\u017e jsou vlo\u017eky navr\u017eeny tak, aby odol\u00e1valy m\u00edrn\u00fdm podm\u00ednk\u00e1m prost\u0159ed\u00ed, doporu\u010duje se vyhnout se dlouhodob\u00e9mu vystaven\u00ed vod\u011b, aby byla zachov\u00e1na optim\u00e1ln\u00ed funk\u010dnost.<\/li>\n<\/ul>","protected":false},"excerpt":{"rendered":"<p>Objevte RFID MIFARE Classic 1K Inlay, v\u0161estrann\u00e9 \u0159e\u0161en\u00ed NFC s 1K pam\u011bt\u00ed pro bezpe\u010dn\u00e9, bezkontaktn\u00ed aplikace v r\u016fzn\u00fdch prost\u0159ed\u00edch.<\/p>","protected":false},"featured_media":2671,"template":"","meta":{"_kad_post_transparent":"default","_kad_post_title":"","_kad_post_layout":"default","_kad_post_sidebar_id":"","_kad_post_content_style":"default","_kad_post_vertical_padding":"default","_kad_post_feature":"","_kad_post_feature_position":"","_kad_post_header":false,"_kad_post_footer":false,"_kad_post_classname":""},"product_brand":[],"product_cat":[189],"product_tag":[311,111,108],"class_list":{"0":"post-2665","1":"product","2":"type-product","3":"status-publish","4":"has-post-thumbnail","6":"product_cat-rfid-inlay","7":"product_tag-mifare-classic-1k-inlay","8":"product_tag-nfc-inlay","9":"product_tag-rfid-inlay","11":"first","12":"instock","13":"shipping-taxable","14":"product-type-simple","15":"entry","16":"content-bg","17":"loop-entry"},"_links":{"self":[{"href":"https:\/\/rfid-laundry-tag.com\/cs\/wp-json\/wp\/v2\/product\/2665","targetHints":{"allow":["GET"]}}],"collection":[{"href":"https:\/\/rfid-laundry-tag.com\/cs\/wp-json\/wp\/v2\/product"}],"about":[{"href":"https:\/\/rfid-laundry-tag.com\/cs\/wp-json\/wp\/v2\/types\/product"}],"version-history":[{"count":1,"href":"https:\/\/rfid-laundry-tag.com\/cs\/wp-json\/wp\/v2\/product\/2665\/revisions"}],"predecessor-version":[{"id":2670,"href":"https:\/\/rfid-laundry-tag.com\/cs\/wp-json\/wp\/v2\/product\/2665\/revisions\/2670"}],"wp:featuredmedia":[{"embeddable":true,"href":"https:\/\/rfid-laundry-tag.com\/cs\/wp-json\/wp\/v2\/media\/2671"}],"wp:attachment":[{"href":"https:\/\/rfid-laundry-tag.com\/cs\/wp-json\/wp\/v2\/media?parent=2665"}],"wp:term":[{"taxonomy":"product_brand","embeddable":true,"href":"https:\/\/rfid-laundry-tag.com\/cs\/wp-json\/wp\/v2\/product_brand?post=2665"},{"taxonomy":"product_cat","embeddable":true,"href":"https:\/\/rfid-laundry-tag.com\/cs\/wp-json\/wp\/v2\/product_cat?post=2665"},{"taxonomy":"product_tag","embeddable":true,"href":"https:\/\/rfid-laundry-tag.com\/cs\/wp-json\/wp\/v2\/product_tag?post=2665"}],"curies":[{"name":"wp","href":"https:\/\/api.w.org\/{rel}","templated":true}]}}