{"id":265,"date":"2024-06-21T15:26:22","date_gmt":"2024-06-21T15:26:22","guid":{"rendered":"https:\/\/rfid-laundry-tag.com\/?post_type=product&#038;p=265"},"modified":"2024-08-14T16:48:09","modified_gmt":"2024-08-14T16:48:09","slug":"uhf-rfid-sticker-nxp-u-code-9","status":"publish","type":"product","link":"https:\/\/rfid-laundry-tag.com\/cs\/uhf-rfid-sticker-nxp-u-code-9\/","title":{"rendered":"UHF RFID n\u00e1lepka-NXP U K\u00d3D 9"},"content":{"rendered":"<h2>UHF RFID n\u00e1lepka-NXP U K\u00d3D 9<\/h2>\n<p><span style=\"font-family: inherit; font-size: 24px; font-weight: bold;\">N\u00e1lepka UHF RFID pro sledov\u00e1n\u00ed zdroj\u016f spr\u00e1vy z\u00e1sob<\/span><\/p>\n<div class=\"J_module\">\n<div class=\"ife-detail-decorate-table\">\n<table class=\"all magic-10\">\n<tbody>\n<tr>\n<td colspan=\"1\" rowspan=\"1\">\n<div class=\"magic-11\">\u010cip<\/div>\n<\/td>\n<td colspan=\"1\" rowspan=\"1\">\n<div class=\"magic-12\">NXP U K\u00d3D 9<\/div>\n<\/td>\n<\/tr>\n<tr>\n<td colspan=\"1\" rowspan=\"1\">\n<div class=\"magic-11\">Frekvence<\/div>\n<\/td>\n<td colspan=\"1\" rowspan=\"1\">\n<div class=\"magic-12\">860-960 MHz<\/div>\n<\/td>\n<\/tr>\n<tr>\n<td colspan=\"1\" rowspan=\"1\">\n<div class=\"magic-11\">Materi\u00e1l<\/div>\n<\/td>\n<td colspan=\"1\" rowspan=\"1\">\n<div class=\"magic-12\">Nat\u00edran\u00fd pap\u00edr\/PET\/Syntetick\u00fd pap\u00edr\/Termopap\u00edr\/p\u0159izp\u016fsoben\u00ed<\/div>\n<\/td>\n<\/tr>\n<tr>\n<td colspan=\"1\" rowspan=\"1\">\n<div class=\"magic-11\">Pracovn\u00ed re\u017eim<\/div>\n<\/td>\n<td colspan=\"1\" rowspan=\"1\">\n<div class=\"magic-12\">Pasivn\u00ed<\/div>\n<\/td>\n<\/tr>\n<tr>\n<td colspan=\"1\" rowspan=\"1\">\n<div class=\"magic-11\">IC Life<\/div>\n<\/td>\n<td colspan=\"1\" rowspan=\"1\">\n<div class=\"magic-12\">100 000 programovac\u00edch cykl\u016f, 10 let uchov\u00e1v\u00e1n\u00ed dat<\/div>\n<\/td>\n<\/tr>\n<tr>\n<td colspan=\"1\" rowspan=\"1\">\n<div class=\"magic-11\">Provozn\u00ed teplota\/vlhkost<\/div>\n<\/td>\n<td colspan=\"1\" rowspan=\"1\">\n<div class=\"magic-12\">-25~50\u2103\/20%~80% RH<\/div>\n<\/td>\n<\/tr>\n<tr>\n<td colspan=\"1\" rowspan=\"1\">\n<div class=\"magic-11\">Skladovac\u00ed teplota\/vlhkost<\/div>\n<\/td>\n<td colspan=\"1\" rowspan=\"1\">\n<div class=\"magic-12\">+23\u00b0C\u00b15\u00b0C\/ 50%\u00b110% RH (bez kondenzace).<\/div>\n<\/td>\n<\/tr>\n<tr>\n<td colspan=\"1\" rowspan=\"1\">\n<div class=\"magic-11\">Ant\u00e9na<\/div>\n<\/td>\n<td colspan=\"1\" rowspan=\"1\">\n<div class=\"magic-12\">Lept\u00e1n\u00ed hlin\u00edku, 94,8 x 8,1 mm<\/div>\n<\/td>\n<\/tr>\n<tr>\n<td colspan=\"1\" rowspan=\"1\">\n<div class=\"magic-11\">Mokr\u00e1 vlo\u017eka\/velikost \u0161t\u00edtku<\/div>\n<\/td>\n<td colspan=\"1\" rowspan=\"1\">\n<div class=\"magic-12\">98 * 15 mm nebo p\u0159izp\u016fsoben\u00ed<\/div>\n<\/td>\n<\/tr>\n<tr>\n<td colspan=\"1\" rowspan=\"1\">\n<div class=\"magic-11\">Tisk<\/div>\n<\/td>\n<td colspan=\"1\" rowspan=\"1\">\n<div class=\"magic-12\">Plnobarevn\u00fd tisk, logo, \u010d\u00e1rov\u00fd k\u00f3d, QR k\u00f3d atd<\/div>\n<\/td>\n<\/tr>\n<tr>\n<td colspan=\"1\" rowspan=\"1\">\n<div class=\"magic-11\">Ochutnat<\/div>\n<\/td>\n<td colspan=\"1\" rowspan=\"1\">\n<div class=\"magic-12\">Vzorek je zdarma pro v\u00e1\u0161 test kvality<\/div>\n<\/td>\n<\/tr>\n<tr>\n<td colspan=\"1\" rowspan=\"1\">\n<div class=\"magic-11\">Protokol<\/div>\n<\/td>\n<td colspan=\"1\" rowspan=\"1\">\n<div class=\"magic-12\">ISO\/IEC 18000-6C EPC Class1 Gen2<\/div>\n<\/td>\n<\/tr>\n<tr>\n<td colspan=\"1\" rowspan=\"1\">\n<div class=\"magic-11\">Obal<\/div>\n<\/td>\n<td colspan=\"1\" rowspan=\"1\">\n<div class=\"magic-12\">1000-5000ks\/role, 4 role\/karton<\/div>\n<\/td>\n<\/tr>\n<tr>\n<td colspan=\"1\" rowspan=\"1\">\n<div class=\"magic-11\">M\u00edsto p\u016fvodu<\/div>\n<\/td>\n<td colspan=\"1\" rowspan=\"1\">\n<div class=\"magic-12\">Chengdu, \u010c\u00edna<\/div>\n<\/td>\n<\/tr>\n<tr>\n<td colspan=\"1\" rowspan=\"4\">\n<div class=\"magic-11\">Aplikace\/\u0158e\u0161en\u00ed<\/div>\n<\/td>\n<td colspan=\"1\" rowspan=\"1\">\n<div class=\"magic-12\">Bezpe\u010dn\u00e1 kontrola vstupu\/bezhotovostn\u00ed platby \u010clenstv\u00ed a v\u011brnostn\u00ed programy<\/div>\n<\/td>\n<\/tr>\n<tr>\n<td colspan=\"1\" rowspan=\"1\">\n<div class=\"magic-12\" data-spm-anchor-id=\"a2700.details.0.i80.59c943e8HVzkHD\">P\u0159\u00edstup k ud\u00e1lostem a branding\/soci\u00e1ln\u00ed m\u00e9dia\/maloobchod<\/div>\n<\/td>\n<\/tr>\n<tr>\n<td colspan=\"1\" rowspan=\"1\">\n<div class=\"magic-12\">Prost\u0159ed\u00ed\/Hry a hra\u010dky Um\u00edst\u011bn\u00ed\/Elektronika\/V\u00fdstavy<\/div>\n<\/td>\n<\/tr>\n<tr>\n<td colspan=\"1\" rowspan=\"1\">\n<div class=\"magic-12\">Ud\u00e1losti\/Po\u017eadavek na vol\u00e1n\u00ed\/vizitky<\/div>\n<\/td>\n<\/tr>\n<\/tbody>\n<\/table>\n<p>&nbsp;<\/p>\n<\/div>\n<\/div>\n<div class=\"text-title\"><span class=\"magic-26\" style=\"color: #000000;\">Servisn\u00ed re\u017eim syst\u00e9mu<\/span><\/div>\n<div class=\"text-content\" data-spm-anchor-id=\"a2700.details.0.i55.72f139f1jxVcfh\">Poskytujeme inteligentn\u00ed \u0159e\u0161en\u00ed spr\u00e1vy zalo\u017een\u00e1 na technologii RFID, kter\u00e1 mohou firm\u00e1m pomoci v digit\u00e1ln\u00ed spr\u00e1v\u011b v oblastech spr\u00e1vy majetku, leasingu, sklad\u016f a logistiky.<\/div>\n<div data-spm-anchor-id=\"a2700.details.0.i55.72f139f1jxVcfh\"><\/div>\n<div class=\"J_module\">\n<p>RFID Inlay je speci\u00e1ln\u00ed term\u00edn pro RFID pr\u016fmysl, kter\u00fd ozna\u010duje p\u0159edlaminovan\u00fd produkt slo\u017een\u00fd z v\u00edcevrstv\u00e9ho PVC nebo jin\u00fdch materi\u00e1l\u016f obsahuj\u00edc\u00edch \u010dipy a c\u00edvky. Po r\u016fzn\u00fdch form\u00e1ch balen\u00ed lze vyrobit r\u016fzn\u00e9 druhy RFID \u0161t\u00edtk\u016f. Inlay lze ch\u00e1pat jako polotovary bez zapouzd\u0159en\u00ed RFID tag\u016f. RFID inlay lze rozd\u011blit na suchou inlay a mokrou inlay. RFID Dry inlay neobsahuje zadn\u00ed lepidlo a jeho struktura je ant\u00e9na + \u010dip + \u010dip; RFID Wet inlay obsahuje zadn\u00ed lepidlo, kter\u00e9 lze p\u0159\u00edmo p\u0159ipevnit na p\u0159edm\u011bty. Struktura je ant\u00e9na + \u010dip + bal\u00ed\u010dek \u010dipu + PET + lepidlo + uvol\u0148ovac\u00ed pap\u00edr Frekven\u010dn\u00ed po\u017eadavky: 869-915mhz-uhf \/ 13,56mhz-iso14443 \/ 13,56mhz-iso 15693. MIND m\u00e1 techniky a nab\u00edz\u00ed slu\u017eby n\u00e1vrhu ant\u00e9ny, aby spl\u0148ovaly r\u016fzn\u00e9 po\u017eadavky z\u00e1kazn\u00edk\u016f.<\/p>\n<\/div>","protected":false},"excerpt":{"rendered":"<p>N\u00e1lepka UHF RFID-NXP U K\u00d3D 9. N\u00e1lepka UHF RFID je v souladu se standardem EPC C1G2 (ISO18000-6C), co\u017e umo\u017e\u0148uje jej\u00ed univerz\u00e1ln\u00ed pou\u017eit\u00ed d\u00edky pracovn\u00ed frekvenci 860-960MHz. Ka\u017ed\u00e1 n\u00e1lepka m\u00e1 sv\u00e9 vlastn\u00ed ID a m\u016f\u017ee obsahovat osobn\u00ed \u00fadaje. Tato funkce umo\u017e\u0148uje jeho \u0161irok\u00e9 uplatn\u011bn\u00ed p\u0159i spr\u00e1v\u011b r\u016fzn\u00fdch sektor\u016f v\u010detn\u011b od\u011bv\u016f, sledov\u00e1n\u00ed zavazadel na leti\u0161t\u00edch, logistiky a spr\u00e1vy majetku.<\/p>","protected":false},"featured_media":267,"template":"","meta":{"_kad_post_transparent":"default","_kad_post_title":"","_kad_post_layout":"default","_kad_post_sidebar_id":"","_kad_post_content_style":"default","_kad_post_vertical_padding":"default","_kad_post_feature":"","_kad_post_feature_position":"","_kad_post_header":false,"_kad_post_footer":false,"_kad_post_classname":""},"product_brand":[],"product_cat":[54],"product_tag":[102],"class_list":{"0":"post-265","1":"product","2":"type-product","3":"status-publish","4":"has-post-thumbnail","6":"product_cat-hot-selling-rfid-tags","7":"product_tag-paper-uhf-rfid-sticker","9":"first","10":"instock","11":"shipping-taxable","12":"product-type-simple","13":"entry","14":"content-bg","15":"loop-entry"},"_links":{"self":[{"href":"https:\/\/rfid-laundry-tag.com\/cs\/wp-json\/wp\/v2\/product\/265","targetHints":{"allow":["GET"]}}],"collection":[{"href":"https:\/\/rfid-laundry-tag.com\/cs\/wp-json\/wp\/v2\/product"}],"about":[{"href":"https:\/\/rfid-laundry-tag.com\/cs\/wp-json\/wp\/v2\/types\/product"}],"version-history":[{"count":1,"href":"https:\/\/rfid-laundry-tag.com\/cs\/wp-json\/wp\/v2\/product\/265\/revisions"}],"predecessor-version":[{"id":1337,"href":"https:\/\/rfid-laundry-tag.com\/cs\/wp-json\/wp\/v2\/product\/265\/revisions\/1337"}],"wp:featuredmedia":[{"embeddable":true,"href":"https:\/\/rfid-laundry-tag.com\/cs\/wp-json\/wp\/v2\/media\/267"}],"wp:attachment":[{"href":"https:\/\/rfid-laundry-tag.com\/cs\/wp-json\/wp\/v2\/media?parent=265"}],"wp:term":[{"taxonomy":"product_brand","embeddable":true,"href":"https:\/\/rfid-laundry-tag.com\/cs\/wp-json\/wp\/v2\/product_brand?post=265"},{"taxonomy":"product_cat","embeddable":true,"href":"https:\/\/rfid-laundry-tag.com\/cs\/wp-json\/wp\/v2\/product_cat?post=265"},{"taxonomy":"product_tag","embeddable":true,"href":"https:\/\/rfid-laundry-tag.com\/cs\/wp-json\/wp\/v2\/product_tag?post=265"}],"curies":[{"name":"wp","href":"https:\/\/api.w.org\/{rel}","templated":true}]}}