{"id":2641,"date":"2024-09-22T15:06:11","date_gmt":"2024-09-22T15:06:11","guid":{"rendered":"https:\/\/rfid-laundry-tag.com\/?post_type=product&#038;p=2641"},"modified":"2024-09-22T15:36:05","modified_gmt":"2024-09-22T15:36:05","slug":"on-heavy-duty-nfc-tag-for-patrol","status":"publish","type":"product","link":"https:\/\/rfid-laundry-tag.com\/cs\/on-heavy-duty-nfc-tag-for-patrol\/","title":{"rendered":"Na Heavy Duty NFC Tag pro Patrol"},"content":{"rendered":"<p>Efektivn\u00ed spr\u00e1va hl\u00eddek je z\u00e1sadn\u00ed pro bezpe\u010dnost a efektivn\u00ed operace v r\u016fzn\u00fdch pr\u016fmyslov\u00fdch odv\u011btv\u00edch, jako jsou budovy, tov\u00e1rny a sklady. The\u00a0<strong>Na Heavy Duty NFC Tag pro Patrol<\/strong>\u00a0je navr\u017een tak, aby pov\u00fd\u0161il monitorovac\u00ed procesy hl\u00eddkov\u00e9ho person\u00e1lu, zajistil komplexn\u00ed z\u00e1znamy a bezkonkuren\u010dn\u00ed odpov\u011bdnost. Tato inovativn\u00ed technologie nejen zjednodu\u0161uje sledov\u00e1n\u00ed hl\u00eddek, ale tak\u00e9 vytv\u00e1\u0159\u00ed prost\u0159ed\u00ed vedouc\u00ed k bezpe\u010dnosti a provozn\u00ed efektivit\u011b.<\/p>\n<h2>\u00a0\u00davod do On Heavy Duty NFC Tags<\/h2>\n<p>V prost\u0159ed\u00ed, kter\u00e9 neust\u00e1le vy\u017eaduje odpov\u011bdnost a p\u0159esnost,\u00a0<strong>Na \u0161t\u00edtc\u00edch NFC Heavy Duty<\/strong>\u00a0poskytuj\u00ed spolehliv\u00e9 \u0159e\u0161en\u00ed pro spr\u00e1vu hl\u00eddek. Tyto zna\u010dky umo\u017e\u0148uj\u00ed mana\u017eer\u016fm a vedouc\u00edm sledovat hl\u00eddkov\u00e9 aktivity a zaji\u0161\u0165uj\u00ed, \u017ee ka\u017ed\u00fd krok je p\u0159esn\u011b monitorov\u00e1n a zaznamen\u00e1n. Vyu\u017eit\u00edm\u00a0<strong>kovov\u00e9 NFC<\/strong>\u00a0technologie jsou tyto \u0161t\u00edtky navr\u017eeny tak, aby p\u0159ilnuly k povrch\u016fm v nejn\u00e1ro\u010dn\u011bj\u0161\u00edch prost\u0159ed\u00edch.<\/p>\n<p>The\u00a0<strong>NFC tag<\/strong>\u00a0slou\u017e\u00ed v\u00edce pr\u016fmyslov\u00fdm odv\u011btv\u00edm a pom\u00e1h\u00e1 p\u0159eklenout propast mezi syst\u00e9my manu\u00e1ln\u00edho sledov\u00e1n\u00ed a automatizovan\u00fdmi, efektivn\u00edmi monitorovac\u00edmi procesy. Integrac\u00ed takov\u00e9 pokro\u010dil\u00e9 technologie do va\u0161ich bezpe\u010dnostn\u00edch operac\u00ed m\u016f\u017eete o\u010dek\u00e1vat bezkonkuren\u010dn\u00ed \u00farove\u0148 slu\u017eeb a efektivity.<\/p>\n<h2>Kl\u00ed\u010dov\u00e9 vlastnosti zna\u010dek NFC<\/h2>\n<p><strong>Na \u0161t\u00edtc\u00edch NFC Heavy Duty<\/strong>\u00a0se skl\u00e1daj\u00ed z n\u011bkolika kl\u00ed\u010dov\u00fdch funkc\u00ed, d\u00edky kter\u00fdm vynikaj\u00ed na trhu:<\/p>\n<ul>\n<li><strong>Odoln\u00e1 konstrukce:<\/strong>\u00a0Tyto \u0161t\u00edtky byly navr\u017eeny pro pou\u017eit\u00ed v n\u00e1ro\u010dn\u00fdch podm\u00ednk\u00e1ch, vydr\u017e\u00ed drsn\u00e9 podm\u00ednky a jsou navr\u017eeny pro p\u0159ipevn\u011bn\u00ed na jak\u00fdkoli kovov\u00fd povrch. Jejich robustn\u00ed konstrukce je odoln\u00e1 proti opot\u0159eben\u00ed a zaji\u0161\u0165uje dlouhotrvaj\u00edc\u00ed v\u00fdkon.<\/li>\n<li><strong>Pokro\u010dil\u00e1 technologie NTAG:<\/strong>\u00a0Za\u010dlen\u011bn\u00ed\u00a0<strong>ntag213<\/strong>\u00a0\u010dip zaru\u010duje rychl\u00fd p\u0159enos dat a efektivn\u00ed provoz. S kapacitou pam\u011bti 180 bajt\u016f je tag schopen ukl\u00e1dat pot\u0159ebn\u00e1 data pro efektivn\u00ed sledov\u00e1n\u00ed.<\/li>\n<li><strong>Kompatibilita s kovov\u00fdmi povrchy:<\/strong>\u00a0The\u00a0<strong>antikovov\u00e9<\/strong>\u00a0Tato funkce umo\u017e\u0148uje t\u011bmto \u0161t\u00edtk\u016fm efektivn\u011b fungovat, kdy\u017e jsou um\u00edst\u011bny na jak\u00e9mkoli kovov\u00e9m povrchu, co\u017e zaji\u0161\u0165uje spolehlivost v r\u016fzn\u00fdch provozn\u00edch prost\u0159ed\u00edch.<\/li>\n<\/ul>\n<h2>V\u00fdhody pou\u017eit\u00ed zna\u010dek NFC v hl\u00eddkov\u00fdch operac\u00edch<\/h2>\n<p>Prov\u00e1d\u011bn\u00ed\u00a0<strong>NFC<\/strong>\u00a0technologie v r\u00e1mci hl\u00eddkov\u00fdch operac\u00ed p\u0159in\u00e1\u0161\u00ed \u0159adu v\u00fdhod:<\/p>\n<ul>\n<li><strong>Sledov\u00e1n\u00ed v re\u00e1ln\u00e9m \u010dase:<\/strong>\u00a0Mana\u017ee\u0159i mohou sledovat trasy a \u010dasy obch\u016fzek v re\u00e1ln\u00e9m \u010dase, co\u017e v\u00fdznamn\u011b napom\u00e1h\u00e1 vylep\u0161ov\u00e1n\u00ed bezpe\u010dnostn\u00edch protokol\u016f a zaji\u0161\u0165uje, \u017ee ka\u017ed\u00e1 obch\u016fzka bude dokon\u010dena podle pl\u00e1nu.<\/li>\n<li><strong>Efektivn\u00ed veden\u00ed z\u00e1znam\u016f:<\/strong>\u00a0The\u00a0<strong>NFC tag<\/strong>\u00a0umo\u017e\u0148uje snadn\u00e9 protokolov\u00e1n\u00ed hl\u00eddkov\u00fdch \u010dinnost\u00ed, pom\u00e1h\u00e1 minimalizovat lidsk\u00e9 chyby a zjednodu\u0161uje administrativn\u00ed \u00fakoly spojen\u00e9 s hl\u00e1\u0161en\u00edm.<\/li>\n<\/ul>\n<p>Investice do\u00a0<strong>NFC na kovu<\/strong>\u00a0tags se prom\u00edt\u00e1 do lep\u0161\u00ed spr\u00e1vy zdroj\u016f a vylep\u0161en\u00fdch bezpe\u010dnostn\u00edch opat\u0159en\u00ed.<\/p>\n<h2>Jak nainstalovat zna\u010dky NFC<\/h2>\n<p>Instalace\u00a0<strong>Na \u0161t\u00edtc\u00edch NFC Heavy Duty<\/strong>\u00a0je p\u0159\u00edmo\u010dar\u00fd. Zde je postup:<\/p>\n<ol>\n<li><strong>P\u0159\u00edprava povrchu:<\/strong>\u00a0Ujist\u011bte se, \u017ee vybran\u00fd kovov\u00fd povrch je \u010dist\u00fd a bez prachu nebo vlhkosti, abyste dos\u00e1hli siln\u00e9ho p\u0159ilnut\u00ed.<\/li>\n<li><strong>Um\u00edst\u011bn\u00ed \u0161t\u00edtku:<\/strong>\u00a0Ur\u010dete optim\u00e1ln\u00ed um\u00edst\u011bn\u00ed zna\u010dky. Pou\u017eijte a\u00a0<strong>otvor pro \u0161roub<\/strong>\u00a0pokud je to nutn\u00e9 pro trvalej\u0161\u00ed \u0159e\u0161en\u00ed, nebo pou\u017eijte adhezivn\u00ed podklad pro snadnou aplikaci.<\/li>\n<li><strong>Testov\u00e1n\u00ed \u0161t\u00edtku:<\/strong>\u00a0Po aplikaci zkontrolujte rozsah \u010dten\u00ed a funk\u010dnost, abyste zaru\u010dili spr\u00e1vnou funkci.<\/li>\n<\/ol>\n<p>Spr\u00e1vn\u00e1 instalace zajist\u00ed dlouhou \u017eivotnost a zlep\u0161\u00ed efektivitu va\u0161eho syst\u00e9mu \u0159\u00edzen\u00ed hl\u00eddek.<\/p>\n<p><img fetchpriority=\"high\" decoding=\"async\" class=\"alignnone wp-image-2646\" src=\"https:\/\/rfid-laundry-tag.com\/wp-content\/uploads\/2024\/09\/7_H17fee47b9eae43d5a80c5a2bc6771f13t-300x300.jpg\" alt=\"NFC TAGS\" width=\"489\" height=\"489\" srcset=\"https:\/\/rfid-laundry-tag.com\/wp-content\/uploads\/2024\/09\/7_H17fee47b9eae43d5a80c5a2bc6771f13t-300x300.jpg 300w, https:\/\/rfid-laundry-tag.com\/wp-content\/uploads\/2024\/09\/7_H17fee47b9eae43d5a80c5a2bc6771f13t-150x150.jpg 150w, https:\/\/rfid-laundry-tag.com\/wp-content\/uploads\/2024\/09\/7_H17fee47b9eae43d5a80c5a2bc6771f13t-768x768.jpg 768w, https:\/\/rfid-laundry-tag.com\/wp-content\/uploads\/2024\/09\/7_H17fee47b9eae43d5a80c5a2bc6771f13t-12x12.jpg 12w, https:\/\/rfid-laundry-tag.com\/wp-content\/uploads\/2024\/09\/7_H17fee47b9eae43d5a80c5a2bc6771f13t-600x600.jpg 600w, https:\/\/rfid-laundry-tag.com\/wp-content\/uploads\/2024\/09\/7_H17fee47b9eae43d5a80c5a2bc6771f13t-100x100.jpg 100w, https:\/\/rfid-laundry-tag.com\/wp-content\/uploads\/2024\/09\/7_H17fee47b9eae43d5a80c5a2bc6771f13t.jpg 1000w\" sizes=\"(max-width: 489px) 100vw, 489px\" \/><\/p>\n<h2>Technick\u00e9 specifikace On Heavy Duty NFC tag\u016f<\/h2>\n<p>N\u00ed\u017ee jsou uvedeny d\u016fle\u017eit\u00e9 technick\u00e9 specifikace pro\u00a0<strong>Na \u0161t\u00edtc\u00edch NFC Heavy Duty<\/strong>:<\/p>\n<div>\n<div class=\"overflow-x-auto custom-scrollbar custom-scrollbar-wide mb-2\">\n<table class=\"w-fit !mb-2 !max-w-none\">\n<thead>\n<tr>\n<th style=\"text-align: left;\">Funkce<\/th>\n<th style=\"text-align: left;\">Specifikace<\/th>\n<\/tr>\n<\/thead>\n<tbody>\n<tr>\n<td>Velikost<\/td>\n<td>25 mm, 30 mm<\/td>\n<\/tr>\n<tr>\n<td>\u010cip<\/td>\n<td>NTAG213<\/td>\n<\/tr>\n<tr>\n<td>Frekvence<\/td>\n<td>13,56 MHz<\/td>\n<\/tr>\n<tr>\n<td>Protokol<\/td>\n<td>ISO\/IEC 14443A<\/td>\n<\/tr>\n<tr>\n<td>Pam\u011b\u0165<\/td>\n<td>180 bajt\u016f<\/td>\n<\/tr>\n<tr>\n<td>Provozn\u00ed teplota<\/td>\n<td>-20 a\u017e 65 stup\u0148\u016f C<\/td>\n<\/tr>\n<tr>\n<td>Dodac\u00ed lh\u016fta<\/td>\n<td>7 pracovn\u00edch dn\u016f<\/td>\n<\/tr>\n<tr>\n<td>Uchov\u00e1v\u00e1n\u00ed dat<\/td>\n<td>\u226510 let<\/td>\n<\/tr>\n<tr>\n<td>Rozsah \u010dten\u00ed<\/td>\n<td>0-10 cm<\/td>\n<\/tr>\n<\/tbody>\n<\/table>\n<\/div>\n<\/div>\n<p>Pochopen\u00ed t\u011bchto specifikac\u00ed pom\u00e1h\u00e1 u\u017eivatel\u016fm p\u0159i ur\u010dov\u00e1n\u00ed nejlep\u0161\u00ed zna\u010dky pro jejich specifick\u00e9 pot\u0159eby.<\/p>\n<h2>Vliv zna\u010dek NFC na \u017eivotn\u00ed prost\u0159ed\u00ed<\/h2>\n<p>Vliv pou\u017e\u00edv\u00e1n\u00ed na \u017eivotn\u00ed prost\u0159ed\u00ed\u00a0<strong>Technologie NFC<\/strong>\u00a0je rostouc\u00ed obava. Na\u0161t\u011bst\u00ed jsou tyto zna\u010dky navr\u017eeny s ohledem na udr\u017eiteln\u00e9 postupy:<\/p>\n<ul>\n<li><strong>Pou\u017eit\u00e9 materi\u00e1ly:<\/strong>\u00a0Materi\u00e1ly pou\u017eit\u00e9 p\u0159i v\u00fdrob\u011b\u00a0<strong>kovov\u00e9 NFC<\/strong>\u00a0\u0161t\u00edtky jsou vyb\u00edr\u00e1ny pro jejich dlouhou \u017eivotnost a recyklovatelnost.<\/li>\n<li><strong>Sn\u00ed\u017een\u00e9 mno\u017estv\u00ed odpadu:<\/strong>\u00a0Odstran\u011bn\u00edm pot\u0159eby pap\u00edrov\u00fdch protokol\u016f a ru\u010dn\u00edho veden\u00ed z\u00e1znam\u016f mohou organizace v\u00fdrazn\u011b sn\u00ed\u017eit svou stopu odpadu z pap\u00edru.<\/li>\n<\/ul>\n<p>Obj\u00edm\u00e1n\u00ed\u00a0<strong>NFC tagy<\/strong>\u00a0nejen zvy\u0161uje bezpe\u010dnost, ale je tak\u00e9 v souladu s ekologick\u00fdmi provozn\u00edmi postupy.<\/p>\n<h3>Z\u00e1kaznick\u00e9 zku\u0161enosti a recenze<\/h3>\n<p>Aplikace v re\u00e1ln\u00e9m sv\u011bt\u011b\u00a0<strong>NFC tag<\/strong>\u00a0m\u016f\u017ee ovlivnit n\u00e1kupn\u00ed rozhodov\u00e1n\u00ed. Zde se pono\u0159\u00edme do ohlas\u016f a zku\u0161enost\u00ed z\u00e1kazn\u00edk\u016f.<\/p>\n<h2>\u010casto kladen\u00e9 ot\u00e1zky o On Heavy Duty NFC Tagy<\/h2>\n<p><strong>Ot\u00e1zka: Lze tyto zna\u010dky NFC pou\u017e\u00edvat ve velmi hork\u00fdch nebo studen\u00fdch podm\u00ednk\u00e1ch?<\/strong><br \/>\nOdpov\u011b\u010f: Ano, rozsah provozn\u00edch teplot -20 a\u017e 65 stup\u0148\u016f C je \u010din\u00ed vhodn\u00fdmi pro r\u016fzn\u00e1 prost\u0159ed\u00ed.<\/p>\n<p><strong>Ot\u00e1zka: Jak dlouho vydr\u017e\u00ed data na \u0161t\u00edtku?<\/strong><br \/>\nOdpov\u011b\u010f: Doba uchov\u00e1v\u00e1n\u00ed dat je minim\u00e1ln\u011b 10 let, co\u017e zaji\u0161\u0165uje dlouhodobou spolehlivost.<\/p>\n<p>M\u00e1te-li dal\u0161\u00ed ot\u00e1zky, nev\u00e1hejte se na n\u00e1s obr\u00e1tit a po\u017e\u00e1dat o vysv\u011btlen\u00ed.<\/p>\n<p>Na z\u00e1v\u011br,\u00a0<strong>Na Heavy Duty NFC Tagy pro Patrol<\/strong>\u00a0jsou nepostradateln\u00fdm n\u00e1strojem pro modern\u00ed organizace, kter\u00e9 cht\u011bj\u00ed zlep\u0161it sv\u00e9 bezpe\u010dnostn\u00ed a mana\u017eersk\u00e9 postupy. D\u00edky sv\u00e9 pokro\u010dil\u00e9 technologii, odolnosti a p\u0159izp\u016fsobivosti p\u0159in\u00e1\u0161ej\u00ed tyto \u0161t\u00edtky v\u00fdznamn\u00e1 provozn\u00ed vylep\u0161en\u00ed.<\/p>","protected":false},"excerpt":{"rendered":"<p>Zvy\u0161te efektivitu hl\u00eddek s na\u0161\u00edm On Heavy Duty NFC Tag, ur\u010den\u00fdm pro kovov\u00e9 povrchy. Odoln\u00e9, spolehliv\u00e9 a perfektn\u00ed pro efektivn\u00ed spr\u00e1vu zabezpe\u010den\u00ed.<\/p>","protected":false},"featured_media":2642,"template":"","meta":{"_kad_post_transparent":"default","_kad_post_title":"","_kad_post_layout":"default","_kad_post_sidebar_id":"","_kad_post_content_style":"default","_kad_post_vertical_padding":"default","_kad_post_feature":"","_kad_post_feature_position":"","_kad_post_header":false,"_kad_post_footer":false,"_kad_post_classname":""},"product_brand":[],"product_cat":[54],"product_tag":[305,216,290],"class_list":{"0":"post-2641","1":"product","2":"type-product","3":"status-publish","4":"has-post-thumbnail","6":"product_cat-hot-selling-rfid-tags","7":"product_tag-heavy-duty-nfc-tags","8":"product_tag-nfc-patrol-tag","9":"product_tag-nfc-tag","11":"first","12":"instock","13":"shipping-taxable","14":"product-type-simple","15":"entry","16":"content-bg","17":"loop-entry"},"_links":{"self":[{"href":"https:\/\/rfid-laundry-tag.com\/cs\/wp-json\/wp\/v2\/product\/2641","targetHints":{"allow":["GET"]}}],"collection":[{"href":"https:\/\/rfid-laundry-tag.com\/cs\/wp-json\/wp\/v2\/product"}],"about":[{"href":"https:\/\/rfid-laundry-tag.com\/cs\/wp-json\/wp\/v2\/types\/product"}],"version-history":[{"count":1,"href":"https:\/\/rfid-laundry-tag.com\/cs\/wp-json\/wp\/v2\/product\/2641\/revisions"}],"predecessor-version":[{"id":2647,"href":"https:\/\/rfid-laundry-tag.com\/cs\/wp-json\/wp\/v2\/product\/2641\/revisions\/2647"}],"wp:featuredmedia":[{"embeddable":true,"href":"https:\/\/rfid-laundry-tag.com\/cs\/wp-json\/wp\/v2\/media\/2642"}],"wp:attachment":[{"href":"https:\/\/rfid-laundry-tag.com\/cs\/wp-json\/wp\/v2\/media?parent=2641"}],"wp:term":[{"taxonomy":"product_brand","embeddable":true,"href":"https:\/\/rfid-laundry-tag.com\/cs\/wp-json\/wp\/v2\/product_brand?post=2641"},{"taxonomy":"product_cat","embeddable":true,"href":"https:\/\/rfid-laundry-tag.com\/cs\/wp-json\/wp\/v2\/product_cat?post=2641"},{"taxonomy":"product_tag","embeddable":true,"href":"https:\/\/rfid-laundry-tag.com\/cs\/wp-json\/wp\/v2\/product_tag?post=2641"}],"curies":[{"name":"wp","href":"https:\/\/api.w.org\/{rel}","templated":true}]}}