{"id":2638,"date":"2024-09-22T14:53:50","date_gmt":"2024-09-22T14:53:50","guid":{"rendered":"https:\/\/rfid-laundry-tag.com\/?post_type=product&#038;p=2638"},"modified":"2024-09-22T14:53:51","modified_gmt":"2024-09-22T14:53:51","slug":"on-metal-nfc-screw-tag-for-checkpoint-security","status":"publish","type":"product","link":"https:\/\/rfid-laundry-tag.com\/cs\/on-metal-nfc-screw-tag-for-checkpoint-security\/","title":{"rendered":"Kovov\u00fd NFC \u0161roubovac\u00ed \u0161t\u00edtek pro zabezpe\u010den\u00ed Checkpoint"},"content":{"rendered":"<p><strong>Kovov\u00fd \u0161roubovac\u00ed \u0161t\u00edtek NFC pro zabezpe\u010den\u00ed Checkpoint:<\/strong>\u00a0Zajist\u011bte robustn\u00ed zabezpe\u010den\u00ed kontroln\u00edch bod\u016f s na\u0161\u00edm odoln\u00fdm kovov\u00fdm \u0161roubovac\u00edm \u0161t\u00edtkem NFC. Postaven s NTAG213 pro spolehliv\u00fd p\u0159enos dat na kovov\u00fdch povr\u0161\u00edch, bez probl\u00e9m\u016f se integruje do va\u0161ich bezpe\u010dnostn\u00edch protokol\u016f, poskytuje rychl\u00fd p\u0159\u00edstup a sledov\u00e1n\u00ed v re\u00e1ln\u00e9m \u010dase pro zv\u00fd\u0161en\u00ed bezpe\u010dnosti a efektivity.<\/p>\n<h2>Vlastnosti On-Metal NFC Screw Tag<\/h2>\n<p>The\u00a0<strong>Kovov\u00fd NFC \u0161roubovac\u00ed \u0161t\u00edtek<\/strong>\u00a0je navr\u017een s n\u011bkolika pozoruhodn\u00fdmi funkcemi, kter\u00e9 z n\u011bj \u010din\u00ed v\u0161estrann\u00e9 \u0159e\u0161en\u00ed:<\/p>\n<ul>\n<li><strong>Trvanlivost<\/strong>: Konstrukce s an\u00a0<strong>ABS sko\u0159epina<\/strong>\u00a0Tento \u0161t\u00edtek je odoln\u00fd v\u016f\u010di prachu, vod\u011b a chemick\u00e9 korozi, tak\u017ee je odoln\u00fd v\u016f\u010di drsn\u00e9mu prost\u0159ed\u00ed\u00a0<strong>IP67<\/strong>\u00a0\u00farove\u0148 ochrany.<\/li>\n<li><strong>Vysok\u00fd v\u00fdkon<\/strong>: Zna\u010dka vyu\u017e\u00edv\u00e1\u00a0<strong>NTAG213<\/strong>\u00a0technologie usnad\u0148uj\u00edc\u00ed vysok\u00e9 rychlosti \u010dten\u00ed s rychlost\u00ed p\u0159enosu dat a\u017e\u00a0<strong>106 kbit\/s<\/strong>, co\u017e umo\u017e\u0148uje efektivn\u00ed provoz v ru\u0161n\u00e9m prost\u0159ed\u00ed.<\/li>\n<li><strong>Anti-Metal technologie<\/strong>: The\u00a0<strong>antikovov\u00e9<\/strong>\u00a0Funkce zaji\u0161\u0165uje, \u017ee \u0161t\u00edtek funguje efektivn\u011b, i kdy\u017e je p\u0159ipevn\u011bn na kovov\u00e9 povrchy, kter\u00e9 by norm\u00e1ln\u011b ru\u0161ily sign\u00e1ly NFC.<\/li>\n<\/ul>\n<p>D\u00edky t\u011bmto vlastnostem je On-Metal NFC Screw Tag ide\u00e1ln\u00ed pro aplikace v logistice, kontrole doch\u00e1zky a dal\u0161\u00edch pr\u016fmyslov\u00fdch odv\u011btv\u00edch, kde jsou odolnost a v\u00fdkon prvo\u0159ad\u00e9.<\/p>\n<h2>Technick\u00e9 specifikace<\/h2>\n<div>\n<div class=\"overflow-x-auto custom-scrollbar custom-scrollbar-wide mb-2\">\n<table class=\"w-fit !mb-2 !max-w-none\">\n<thead>\n<tr>\n<th>Specifikace<\/th>\n<th>Podrobnosti<\/th>\n<\/tr>\n<\/thead>\n<tbody>\n<tr>\n<td><strong>\u010cip<\/strong><\/td>\n<td>NTAG213<\/td>\n<\/tr>\n<tr>\n<td><strong>Pam\u011b\u0165<\/strong><\/td>\n<td>144\/504\/888\/1K bajt\u016f<\/td>\n<\/tr>\n<tr>\n<td><strong>Protokol<\/strong><\/td>\n<td>ISO 14443A<\/td>\n<\/tr>\n<tr>\n<td><strong>Frekvence<\/strong><\/td>\n<td>13,56 MHz<\/td>\n<\/tr>\n<tr>\n<td><strong>Mo\u017enosti barev<\/strong><\/td>\n<td>\u010cern\u00e1, b\u00edl\u00e1, \u017elut\u00e1<\/td>\n<\/tr>\n<tr>\n<td><strong>Pr\u016fm\u011br<\/strong><\/td>\n<td>25\/30\/35\/40\/52 mm (k dispozici vlastn\u00ed velikosti)<\/td>\n<\/tr>\n<tr>\n<td><strong>Tlou\u0161\u0165ka<\/strong><\/td>\n<td>5 mm<\/td>\n<\/tr>\n<tr>\n<td><strong>Hmotnost<\/strong><\/td>\n<td>3 g<\/td>\n<\/tr>\n<tr>\n<td><strong>Provozn\u00ed teplota<\/strong><\/td>\n<td>-25 \u00b0C a\u017e 70 \u00b0C<\/td>\n<\/tr>\n<tr>\n<td><strong>Smazatelnost<\/strong><\/td>\n<td>&gt; 100 000 v\u00fdmaz\u016f<\/td>\n<\/tr>\n<tr>\n<td><strong>Vzd\u00e1lenost \u010dten\u00ed<\/strong><\/td>\n<td>2-20 cm (v z\u00e1vislosti na prost\u0159ed\u00ed)<\/td>\n<\/tr>\n<\/tbody>\n<\/table>\n<\/div>\n<\/div>\n<p>Vyzbrojen\u00fd t\u011bmito schopnostmi, On-Metal NFC Screw Tag p\u0159edstavuje v\u00fdkonn\u00fd n\u00e1stroj pro r\u016fzn\u00e9\u00a0<strong>NFC aplikace<\/strong>.<\/p>\n<h2>Aplikace v r\u016fzn\u00fdch odv\u011btv\u00edch<\/h2>\n<p>V\u0161estrannost On-Metal NFC Screw Tag umo\u017e\u0148uje jeho pou\u017eit\u00ed ve v\u00edce sektorech:<\/p>\n<ul>\n<li><strong>\u0158\u00edzen\u00ed p\u0159\u00edstupu<\/strong>: Snadno spravujte vstupn\u00ed body na zabezpe\u010den\u00fdch m\u00edstech p\u0159ipojen\u00edm\u00a0<strong>NFC tagy<\/strong>\u00a0na dve\u0159e nebo vrata. Zna\u010dky lze propojit s u\u017eivatelsk\u00fdmi profily pro bezprobl\u00e9movou autentizaci.<\/li>\n<li><strong>Logistika a \u0159\u00edzen\u00ed z\u00e1sob<\/strong>: Zjednodu\u0161te sledov\u00e1n\u00ed zbo\u017e\u00ed um\u00edst\u011bn\u00edm \u0161t\u00edtk\u016f na kovov\u00e9 n\u00e1doby. Odolnost t\u011bchto \u0161t\u00edtk\u016f zaji\u0161\u0165uje, \u017ee odol\u00e1vaj\u00ed n\u00e1ro\u010dn\u00fdm podm\u00ednk\u00e1m v\u00fdroby a p\u0159epravy.<\/li>\n<li><strong>Ve\u0159ejn\u00e1 doprava<\/strong>: Vylep\u0161ete u\u017eivatelskou zku\u0161enost pou\u017eit\u00edm On-Metal NFC tag\u016f pro syst\u00e9my j\u00edzdenek, co\u017e jezdc\u016fm umo\u017en\u00ed snadno zkontrolovat sv\u016fj stav nebo dob\u00edt sv\u00e9 \u00fa\u010dty.<\/li>\n<\/ul>\n<p>Implementac\u00ed t\u011bchto zna\u010dek mohou spole\u010dnosti zefektivnit provoz a v\u00fdrazn\u011b zlep\u0161it poskytov\u00e1n\u00ed slu\u017eeb.<\/p>\n<h2>V\u00fdhody pou\u017eit\u00ed NTAG213, NTAG215 a NTAG216<\/h2>\n<p>\u010cipy NTAG213, NTAG215 a NTAG216 od NXP Semiconductors nab\u00edzej\u00ed v\u00fdrazn\u00e9 v\u00fdhody:<\/p>\n<ol>\n<li><strong>Segmentace<\/strong>: U\u017eivatel\u00e9 mohou segmentovat pam\u011b\u0165 pro v\u00edce aplikac\u00ed, d\u00edky \u010demu\u017e jsou funkce tag\u016f flexibiln\u00ed.<\/li>\n<li><strong>Bezpe\u010dnostn\u00ed funkce<\/strong>: Vybaveno\u00a0<em><strong>Podpisy originality zalo\u017een\u00e9 na ECC<\/strong><\/em>\u00a0a\u00a0<strong>ochrana heslem<\/strong>Tyto zna\u010dky chr\u00e1n\u00ed data p\u0159ed neopr\u00e1vn\u011bn\u00fdm p\u0159\u00edstupem a zaji\u0161\u0165uj\u00ed integritu.<\/li>\n<li><strong>Vysok\u00e1 kapacita a v\u00fdkon<\/strong>: D\u00edky mo\u017enostem roz\u0161\u00ed\u0159en\u00e9 pam\u011bti je vhodn\u00fd pro aplikace vy\u017eaduj\u00edc\u00ed zna\u010dn\u00e9 \u00falo\u017ei\u0161t\u011b dat p\u0159i zachov\u00e1n\u00ed schopnost\u00ed rychl\u00e9ho \u010dten\u00ed.<\/li>\n<\/ol>\n<p>Tyto v\u00fdhody umo\u017e\u0148uj\u00ed podnik\u016fm p\u0159izp\u016fsobit sv\u00e1 \u0159e\u0161en\u00ed konkr\u00e9tn\u00edm provozn\u00edm pot\u0159eb\u00e1m.<\/p>\n<h2>N\u00e1vod k instalaci a pou\u017eit\u00ed<\/h2>\n<p>Instalace On-Metal NFC Screw Tag je p\u0159\u00edmo\u010dar\u00e1:<\/p>\n<ol>\n<li><strong>Vyberte um\u00edst\u011bn\u00ed<\/strong>: Vyberte rovn\u00fd povrch kovov\u00e9ho p\u0159edm\u011btu, kam bude \u0161t\u00edtek um\u00edst\u011bn. Zajist\u011bte\u00a0<strong>povrch<\/strong>\u00a0je \u010dist\u00fd a such\u00fd.<\/li>\n<li><strong>Zajist\u011bte \u0161rouby<\/strong>: Pou\u017eijte p\u0159ilo\u017een\u00e9 \u0161rouby\u00a0<em>otvory pro \u0161rouby<\/em>\u00a0na \u0161t\u00edtku pro trval\u00e9 upevn\u011bn\u00ed.<\/li>\n<li><strong>Mo\u017enost lepen\u00ed<\/strong>: Alternativn\u011b lze \u0161t\u00edtek p\u0159ipevnit pomoc\u00ed siln\u00e9ho lepidla, je-li to preferov\u00e1no.<\/li>\n<\/ol>\n<p>Po instalaci lze \u0161t\u00edtky snadno skenovat pomoc\u00ed kompatibiln\u00edch za\u0159\u00edzen\u00ed s podporou NFC, co\u017e umo\u017e\u0148uje okam\u017eit\u00fd p\u0159\u00edstup k informac\u00edm ulo\u017een\u00fdm na \u0161t\u00edtku.<\/p>\n<h2>\u010cast\u00e9 dotazy t\u00fdkaj\u00edc\u00ed se On-Metal NFC Tag\u016f<\/h2>\n<p><strong>Ot\u00e1zka: M\u016f\u017ee On-Metal NFC Screw Tag fungovat na v\u0161ech kovov\u00fdch povr\u0161\u00edch?<\/strong><br \/>\nOdpov\u011b\u010f: Ano, d\u00edky jeho specializaci\u00a0<strong>antikovov\u00e1 technologie<\/strong>, \u0161t\u00edtek funguje efektivn\u011b na r\u016fzn\u00fdch kovov\u00fdch povr\u0161\u00edch bez ru\u0161en\u00ed.<\/p>\n<p><strong>Ot\u00e1zka: Jak naprogramuji nebo zap\u00ed\u0161u data do tagu NTAG213?<\/strong><br \/>\nOdpov\u011b\u010f: Programov\u00e1n\u00ed lze prov\u00e9st pomoc\u00ed kompatibiln\u00edch za\u0159\u00edzen\u00ed s podporou NFC s p\u0159\u00edslu\u0161nou aplikac\u00ed. U slo\u017eit\u011bj\u0161\u00edch aplikac\u00ed zva\u017ete pou\u017eit\u00ed speci\u00e1ln\u00edho softwaru pro z\u00e1pis NFC.<\/p>\n<p><strong>Ot\u00e1zka: Jak\u00fd je rozsah provozn\u00edch teplot pro tyto \u0161t\u00edtky?<\/strong><br \/>\nA: \u0160t\u00edtky funguj\u00ed efektivn\u011b p\u0159i teplot\u00e1ch v rozmez\u00ed od\u00a0<strong>-25 \u00b0C a\u017e 70 \u00b0C<\/strong>.<\/p>\n<h2>Ohledy na \u017eivotn\u00ed prost\u0159ed\u00ed<\/h2>\n<p>The\u00a0<strong>Kovov\u00fd NFC \u0161roubovac\u00ed \u0161t\u00edtek<\/strong>\u00a0je navr\u017een s ohledem na udr\u017eitelnost. Jeho robustn\u00ed konstrukce minimalizuje pot\u0159ebu v\u00fdm\u011bn a sni\u017euje mno\u017estv\u00ed odpadu. Krom\u011b toho, kdy\u017e jsou n\u00e1le\u017eit\u011b zlikvidov\u00e1ny, prvky pou\u017eit\u00e9 p\u0159i v\u00fdrob\u011b t\u011bchto \u0161t\u00edtk\u016f jsou recyklovateln\u00e9.<\/p>","protected":false},"excerpt":{"rendered":"<p>Vylep\u0161ete sv\u00e9 operace pomoc\u00ed On-Metal NFC Screw Tag. Odoln\u00e9, v\u0161estrann\u00e9 a vybaven\u00e9 technologi\u00ed NFC pro bezprobl\u00e9mov\u00fd p\u0159enos dat na kovov\u00fdch povr\u0161\u00edch.<\/p>","protected":false},"featured_media":2639,"template":"","meta":{"_kad_post_transparent":"default","_kad_post_title":"","_kad_post_layout":"default","_kad_post_sidebar_id":"","_kad_post_content_style":"default","_kad_post_vertical_padding":"default","_kad_post_feature":"","_kad_post_feature_position":"","_kad_post_header":false,"_kad_post_footer":false,"_kad_post_classname":""},"product_brand":[],"product_cat":[54],"product_tag":[305,216,304],"class_list":{"0":"post-2638","1":"product","2":"type-product","3":"status-publish","4":"has-post-thumbnail","6":"product_cat-hot-selling-rfid-tags","7":"product_tag-heavy-duty-nfc-tags","8":"product_tag-nfc-patrol-tag","9":"product_tag-nfc-screw-tag","11":"first","12":"instock","13":"shipping-taxable","14":"product-type-simple","15":"entry","16":"content-bg","17":"loop-entry"},"_links":{"self":[{"href":"https:\/\/rfid-laundry-tag.com\/cs\/wp-json\/wp\/v2\/product\/2638","targetHints":{"allow":["GET"]}}],"collection":[{"href":"https:\/\/rfid-laundry-tag.com\/cs\/wp-json\/wp\/v2\/product"}],"about":[{"href":"https:\/\/rfid-laundry-tag.com\/cs\/wp-json\/wp\/v2\/types\/product"}],"version-history":[{"count":1,"href":"https:\/\/rfid-laundry-tag.com\/cs\/wp-json\/wp\/v2\/product\/2638\/revisions"}],"predecessor-version":[{"id":2640,"href":"https:\/\/rfid-laundry-tag.com\/cs\/wp-json\/wp\/v2\/product\/2638\/revisions\/2640"}],"wp:featuredmedia":[{"embeddable":true,"href":"https:\/\/rfid-laundry-tag.com\/cs\/wp-json\/wp\/v2\/media\/2639"}],"wp:attachment":[{"href":"https:\/\/rfid-laundry-tag.com\/cs\/wp-json\/wp\/v2\/media?parent=2638"}],"wp:term":[{"taxonomy":"product_brand","embeddable":true,"href":"https:\/\/rfid-laundry-tag.com\/cs\/wp-json\/wp\/v2\/product_brand?post=2638"},{"taxonomy":"product_cat","embeddable":true,"href":"https:\/\/rfid-laundry-tag.com\/cs\/wp-json\/wp\/v2\/product_cat?post=2638"},{"taxonomy":"product_tag","embeddable":true,"href":"https:\/\/rfid-laundry-tag.com\/cs\/wp-json\/wp\/v2\/product_tag?post=2638"}],"curies":[{"name":"wp","href":"https:\/\/api.w.org\/{rel}","templated":true}]}}