{"id":2587,"date":"2024-09-20T13:25:42","date_gmt":"2024-09-20T13:25:42","guid":{"rendered":"https:\/\/rfid-laundry-tag.com\/?post_type=product&#038;p=2587"},"modified":"2024-09-20T14:18:31","modified_gmt":"2024-09-20T14:18:31","slug":"rfid-chips-for-uniform-and-linen","status":"publish","type":"product","link":"https:\/\/rfid-laundry-tag.com\/cs\/rfid-chips-for-uniform-and-linen\/","title":{"rendered":"RFID \u010dipy pro uniformy a pr\u00e1dlo"},"content":{"rendered":"<div>\n<div class=\"auto-hide-last-sibling-br paragraph_1252f paragraph-element\">\n<table width=\"637\">\n<tbody>\n<tr>\n<td width=\"328\"><strong>N\u00e1zev polo\u017eky:<\/strong><\/td>\n<td width=\"309\"><strong>RFID \u010dipy pro uniformy a pr\u00e1dlo<\/strong><\/td>\n<\/tr>\n<tr>\n<td width=\"328\">RFID standard:<\/td>\n<td width=\"309\">ISO\/IEC 18000-6 TypeC (EPC Gen2)<\/td>\n<\/tr>\n<tr>\n<td width=\"328\">Velikost a hmotnost:<\/td>\n<td width=\"309\">70\u00d715 mm, 0,6g<\/td>\n<\/tr>\n<tr>\n<td width=\"328\">Typ \u010dipu:<\/td>\n<td width=\"309\">Impinj Monza 4QT, NXP U K\u00d3D 9<\/td>\n<\/tr>\n<tr>\n<td width=\"328\">Pam\u011b\u0165 EPC:<\/td>\n<td width=\"309\">128 bit\u016f<\/td>\n<\/tr>\n<tr>\n<td width=\"328\">U\u017eivatelsk\u00e1 pam\u011b\u0165:<\/td>\n<td width=\"309\">512 bit\u016f<\/td>\n<\/tr>\n<tr>\n<td width=\"328\">Rozsah \u010dten\u00ed (2W ERP FCC):<\/td>\n<td width=\"309\">8m<\/td>\n<\/tr>\n<tr>\n<td width=\"328\">Rozsah \u010dten\u00ed (2W ERP ETSI):<\/td>\n<td width=\"309\">8m<\/td>\n<\/tr>\n<tr>\n<td width=\"328\">Ozna\u010dov\u00e1n\u00ed:<\/td>\n<td width=\"309\">\u0160it\u00ed, lepidlo pro ra\u017een\u00ed za tepla<\/td>\n<\/tr>\n<tr>\n<td width=\"328\">Odhadovan\u00e1 \u017eivotnost:<\/td>\n<td width=\"309\">200 myc\u00edch cykl\u016f nebo 3 roky, podle toho, co nastane d\u0159\u00edve<\/td>\n<\/tr>\n<tr>\n<td width=\"328\">Zp\u016fsob pran\u00ed:<\/td>\n<td width=\"309\">Pr\u00e1delna, Chemick\u00e9 \u010di\u0161t\u011bn\u00ed<\/td>\n<\/tr>\n<tr>\n<td width=\"328\">Tlak ods\u00e1v\u00e1n\u00ed vody:<\/td>\n<td width=\"309\">60 bar<\/td>\n<\/tr>\n<tr>\n<td width=\"328\">Vod\u011bodolnost:<\/td>\n<td width=\"309\">Vod\u011bodoln\u00fd<\/td>\n<\/tr>\n<tr>\n<td width=\"328\">Chemick\u00e1 odolnost:<\/td>\n<td width=\"309\">Prac\u00ed prost\u0159edek, aviv\u00e1\u017e, b\u011blidlo (kysl\u00edk\/chl\u00f3r), alk\u00e1lie<\/td>\n<\/tr>\n<tr>\n<td width=\"328\">P\u0159edsu\u0161en\u00ed v bubnu:<\/td>\n<td width=\"309\">125 \u00baC po dobu 15-20 minut<\/td>\n<\/tr>\n<tr>\n<td width=\"328\">Teplota sterilizace:<\/td>\n<td width=\"309\">135\u00b0C po dobu 15-20 minut<\/td>\n<\/tr>\n<tr>\n<td width=\"328\">Teplota pran\u00ed:<\/td>\n<td width=\"309\">90\u00b0C, a\u017e 15 min.<\/td>\n<\/tr>\n<tr>\n<td width=\"328\">Provozn\u00ed vlhkost \/ teplota:<\/td>\n<td width=\"309\">-20 a\u017e 110 \u00b0C, 8 a\u017e 951 TP3TRH<\/td>\n<\/tr>\n<tr>\n<td width=\"328\">Skladov\u00e1n\u00ed vlhkosti\/teploty:<\/td>\n<td width=\"309\">-40 a\u017e 110 \u00b0C, 8 a\u017e 95%RH<\/td>\n<\/tr>\n<\/tbody>\n<\/table>\n<\/div>\n<\/div>\n<div class=\"auto-hide-last-sibling-br paragraph_1252f paragraph-element\">\n<div data-spm-anchor-id=\"a2700.details.0.i57.23b419c7xXORP0\">\n<h2>Nej\u010dast\u011bj\u0161\u00ed dotazy o RFID Laundry Tags<\/h2>\n<h3>Co kdy\u017e se moje \u0161t\u00edtky RFID po\u0161kod\u00ed?<\/h3>\n<p>RFID \u0161t\u00edtky jsou navr\u017eeny tak, aby vydr\u017eely sc\u00e9n\u00e1\u0159e vysok\u00e9ho tlaku a vysok\u00e9 teploty typick\u00e9 pro pr\u016fmyslov\u00e9 myt\u00ed. Pokud se \u0161t\u00edtek po\u0161kod\u00ed, je snadn\u00e9 jej vym\u011bnit za nov\u00fd.<\/p>\n<h3>Jsou etikety na pr\u00e1dlo RFID kompatibiln\u00ed s \u010d\u00e1rov\u00fdmi k\u00f3dy?<\/h3>\n<p>Ano, RFID \u0161t\u00edtky mohou fungovat spole\u010dn\u011b se st\u00e1vaj\u00edc\u00edmi syst\u00e9my \u010d\u00e1rov\u00fdch k\u00f3d\u016f a poskytnout tak komplexn\u00ed \u0159e\u0161en\u00ed spr\u00e1vy z\u00e1sob.<\/p>\n<h3>Jak zajist\u00edm, \u017ee moje zna\u010dky funguj\u00ed spr\u00e1vn\u011b?<\/h3>\n<p>Prov\u00e1d\u011bjte rutinn\u00ed skenov\u00e1n\u00ed va\u0161ich RFID \u0161t\u00edtk\u016f na pr\u00e1dlo, abyste ov\u011b\u0159ili jejich funk\u010dnost a konzistenci. Pravideln\u00e9 kontroly pomohou udr\u017eet provozn\u00ed efektivitu.<\/p>\n<\/div>\n<\/div>\n<h3 class=\"wp-block-heading\">Instalace<\/h3>\n<p><strong>Stitch Tagging<\/strong>: K v\u0161it\u00ed do lemu l\u00e1tky. P\u0159i\u0161ijte visa\u010dku na pr\u00e1dlo sm\u011brem od lini\u00ed skl\u00e1d\u00e1n\u00ed.<br \/>\n<strong>Tepeln\u00e9 t\u011bsn\u011bn\u00ed<\/strong>: K tepeln\u00e9mu zataven\u00ed p\u0159\u00edmo na textilii p\u0159i +200\u00b0C (392\u00b0F), po dobu 12~14s.<br \/>\n<strong>V s\u00e1\u010dku<\/strong>: K p\u0159i\u0161it\u00ed jako standardn\u00ed \u0161t\u00edtek pro p\u00e9\u010di. P\u0159i\u0161ijte visa\u010dku na pr\u00e1dlo sm\u011brem od lini\u00ed skl\u00e1d\u00e1n\u00ed.<\/p>\n<div class=\"auto-hide-last-sibling-br paragraph_1252f paragraph-element\">\n<div class=\"auto-hide-last-sibling-br paragraph_1252f paragraph-element\"><strong>Pou\u017eit\u00ed textiln\u00edho textiln\u00edho omyvateln\u00e9ho UHF RFID pr\u00e1deln\u00edho \u0161t\u00edtku:<\/strong><\/div>\n<ol class=\"auto-hide-last-sibling-br\">\n<li>Industrial Laundry: Zefektiv\u0148uje \u010distic\u00ed procesy a distribu\u010dn\u00ed logistiku jednotn\u00e9ho pr\u00e1dla.<\/li>\n<li>Sektor pohostinstv\u00ed: Vylep\u0161uje spr\u00e1vu syst\u00e9m\u016f pr\u00e1delny pro hotelov\u00fd n\u00e1bytek a ru\u010dn\u00edky.<\/li>\n<li>Zdravotnick\u00fd pr\u016fmysl: Pom\u00e1h\u00e1 p\u0159i organizaci a \u00fadr\u017eb\u011b nemocni\u010dn\u00edho a zdravotnick\u00e9ho oble\u010den\u00ed.<\/li>\n<\/ol>\n<p style=\"font-weight: 400;\">\n<\/div>","protected":false},"excerpt":{"rendered":"<p>Vylep\u0161ete spr\u00e1vu uniforem a pr\u00e1dla pomoc\u00ed odoln\u00fdch \u010dip\u016f RFID, kter\u00e9 zajist\u00ed efektivn\u00ed sledov\u00e1n\u00ed, invent\u00e1\u0159 v re\u00e1ln\u00e9m \u010dase a zefektivn\u011bn\u00e9 procesy pran\u00ed.<\/p>","protected":false},"featured_media":2590,"template":"","meta":{"_kad_post_transparent":"default","_kad_post_title":"","_kad_post_layout":"default","_kad_post_sidebar_id":"","_kad_post_content_style":"default","_kad_post_vertical_padding":"default","_kad_post_feature":"","_kad_post_feature_position":"","_kad_post_header":false,"_kad_post_footer":false,"_kad_post_classname":""},"product_brand":[],"product_cat":[19,16],"product_tag":[298,297,296,30],"class_list":{"0":"post-2587","1":"product","2":"type-product","3":"status-publish","4":"has-post-thumbnail","6":"product_cat-textile-rfid-laundry-tag","7":"product_cat-uhf-rfid-laundry-tags","8":"product_tag-rfid-chip-for-linens","9":"product_tag-rfid-chips-for-uniform","10":"product_tag-textile-uhf-rfid-tags","11":"product_tag-uhf-rfid-laundry-tag","13":"first","14":"instock","15":"featured","16":"shipping-taxable","17":"product-type-simple","18":"entry","19":"content-bg","20":"loop-entry"},"_links":{"self":[{"href":"https:\/\/rfid-laundry-tag.com\/cs\/wp-json\/wp\/v2\/product\/2587","targetHints":{"allow":["GET"]}}],"collection":[{"href":"https:\/\/rfid-laundry-tag.com\/cs\/wp-json\/wp\/v2\/product"}],"about":[{"href":"https:\/\/rfid-laundry-tag.com\/cs\/wp-json\/wp\/v2\/types\/product"}],"version-history":[{"count":1,"href":"https:\/\/rfid-laundry-tag.com\/cs\/wp-json\/wp\/v2\/product\/2587\/revisions"}],"predecessor-version":[{"id":2591,"href":"https:\/\/rfid-laundry-tag.com\/cs\/wp-json\/wp\/v2\/product\/2587\/revisions\/2591"}],"wp:featuredmedia":[{"embeddable":true,"href":"https:\/\/rfid-laundry-tag.com\/cs\/wp-json\/wp\/v2\/media\/2590"}],"wp:attachment":[{"href":"https:\/\/rfid-laundry-tag.com\/cs\/wp-json\/wp\/v2\/media?parent=2587"}],"wp:term":[{"taxonomy":"product_brand","embeddable":true,"href":"https:\/\/rfid-laundry-tag.com\/cs\/wp-json\/wp\/v2\/product_brand?post=2587"},{"taxonomy":"product_cat","embeddable":true,"href":"https:\/\/rfid-laundry-tag.com\/cs\/wp-json\/wp\/v2\/product_cat?post=2587"},{"taxonomy":"product_tag","embeddable":true,"href":"https:\/\/rfid-laundry-tag.com\/cs\/wp-json\/wp\/v2\/product_tag?post=2587"}],"curies":[{"name":"wp","href":"https:\/\/api.w.org\/{rel}","templated":true}]}}