{"id":2581,"date":"2024-09-19T13:02:28","date_gmt":"2024-09-19T13:02:28","guid":{"rendered":"https:\/\/rfid-laundry-tag.com\/?post_type=product&#038;p=2581"},"modified":"2024-09-19T13:40:21","modified_gmt":"2024-09-19T13:40:21","slug":"on-metal-nfc-screw-tag-ntag213","status":"publish","type":"product","link":"https:\/\/rfid-laundry-tag.com\/cs\/on-metal-nfc-screw-tag-ntag213\/","title":{"rendered":"Kovov\u00fd NFC \u0161roubovac\u00ed \u0161t\u00edtek Ntag213"},"content":{"rendered":"<p>The <strong>Kovov\u00fd NFC \u0161roubovac\u00ed \u0161t\u00edtek<\/strong> je vysoce odoln\u00fd NFC tag navr\u017een\u00fd speci\u00e1ln\u011b pro pr\u016fmyslov\u00e9 pou\u017eit\u00ed. Jeho <strong>ABS nebo PVC konstrukce<\/strong> zaji\u0161\u0165uje, \u017ee je <strong>vodot\u011bsn\u00fd<\/strong> a <strong>tepeln\u011b odoln\u00fd<\/strong>, tak\u017ee je vhodn\u00fd do n\u00e1ro\u010dn\u00fdch prost\u0159ed\u00ed, jako je vysok\u00e1 vlhkost nebo extr\u00e9mn\u00ed teploty.<\/p>\n<h3>Kl\u00ed\u010dov\u00e9 vlastnosti:<\/h3>\n<ul>\n<li><strong>Typ \u010dipu<\/strong>: NXP NTAG213 (kompatibiln\u00ed se v\u0161emi mobiln\u00edmi za\u0159\u00edzen\u00edmi)<\/li>\n<li><strong>Tvar<\/strong>: Kulat\u00fd<\/li>\n<li><strong>Velikost<\/strong>: pr\u016fm\u011br 30 mm plus tlou\u0161\u0165ka 2,5 mm<\/li>\n<li><strong>Velikost ant\u00e9ny<\/strong>: 25 mm<\/li>\n<li><strong>Celkov\u00e1 pam\u011b\u0165<\/strong>: 144 bajt\u016f<\/li>\n<li><strong>Form\u00e1tovan\u00e1 pam\u011b\u0165<\/strong>: 137 bajt\u016f<\/li>\n<li><strong>Provozn\u00ed frekvence<\/strong>: 13,56 MHz<\/li>\n<\/ul>\n<h3>Ide\u00e1ln\u00ed pro:<\/h3>\n<ul>\n<li>Pou\u017eit\u00ed na kovov\u00e9 povrchy bez ru\u0161en\u00ed.<\/li>\n<li>Dlouh\u00e1 \u010dtec\u00ed vzd\u00e1lenost i v n\u00e1ro\u010dn\u00fdch pr\u016fmyslov\u00fdch podm\u00ednk\u00e1ch.<\/li>\n<li>Kompatibilita se v\u0161emi za\u0159\u00edzen\u00edmi s podporou NFC (nap\u0159. smartphony, tablety).<\/li>\n<\/ul>\n<p>Tento \u0161t\u00edtek je tak\u00e9 p\u0159izp\u016fsobiteln\u00fd a nab\u00edz\u00ed r\u016fzn\u00e9 typy \u010dip\u016f a <strong>Mo\u017enosti tisku ID<\/strong>. Lze jej p\u0159ipevnit \u0161roubem nebo lepidlem, co\u017e zaji\u0161\u0165uje bezpe\u010dn\u00e9 p\u0159ipevn\u011bn\u00ed ke kovov\u00fdm p\u0159edm\u011bt\u016fm.<\/p>\n<h3 class=\"AnswerParser_AnswerParserH3__Mpe4s\">Technick\u00e9 specifikace<\/h3>\n<div class=\"AnswerParser_TableContainer__Erb6v\" data-testid=\"table-container\">\n<table>\n<thead>\n<tr>\n<th>Funkce<\/th>\n<th>Specifikace<\/th>\n<\/tr>\n<\/thead>\n<tbody>\n<tr>\n<td>Pr\u016fm\u011br<\/td>\n<td>30 mm<\/td>\n<\/tr>\n<tr>\n<td>Tlou\u0161\u0165ka<\/td>\n<td>3 mm<\/td>\n<\/tr>\n<tr>\n<td>Otvor pro \u0161roub<\/td>\n<td>3 mm<\/td>\n<\/tr>\n<tr>\n<td>Typ \u010dipu<\/td>\n<td>NTAG213<\/td>\n<\/tr>\n<tr>\n<td>Pam\u011b\u0165<\/td>\n<td>144 bajt\u016f<\/td>\n<\/tr>\n<tr>\n<td>Frekvence<\/td>\n<td>13,56 MHz (HF)<\/td>\n<\/tr>\n<\/tbody>\n<\/table>\n<\/div>\n<h2 class=\"AnswerParser_AnswerParserH2__SIHnF\">\u010cip Ntag213: \u0160pi\u010dkov\u00e1 technologie NFC<\/h2>\n<p><span class=\"AnswerParser_TextContainer__z_Iiv\" data-testid=\"youchat-text\">V srdci na\u0161eho On-Metal NFC Screw Tag le\u017e\u00ed v\u00fdkonn\u00fd \u010dip Ntag213, kter\u00fd nab\u00edz\u00ed:<\/span><\/p>\n<ul class=\"AnswerParser_AnswerParserUnorderedList__P_1FW\">\n<li class=\"AnswerParser_ListItem__XqLOV\" translate=\"yes\">144 bajt\u016f u\u017eivatelsk\u00e9 pam\u011bti<\/li>\n<li class=\"AnswerParser_ListItem__XqLOV\" translate=\"yes\">Vysok\u00e1 rychlost \u010dten\u00ed a z\u00e1pisu<\/li>\n<li class=\"AnswerParser_ListItem__XqLOV\" translate=\"yes\">Kompatibilita se v\u0161emi za\u0159\u00edzen\u00edmi s podporou NFC<\/li>\n<\/ul>\n<p><span class=\"AnswerParser_TextContainer__z_Iiv\" data-testid=\"youchat-text\">Tento pokro\u010dil\u00fd \u010dip zaji\u0161\u0165uje rychl\u00fd a spolehliv\u00fd p\u0159enos va\u0161ich dat, tak\u017ee je ide\u00e1ln\u00ed pro \u0161irokou \u0161k\u00e1lu aplikac\u00ed NFC.<\/span><\/p>\n<h2 class=\"AnswerParser_AnswerParserH2__SIHnF\">V\u00fdkon na kovu: P\u0159ekon\u00e1n\u00ed probl\u00e9m\u016f s ru\u0161en\u00edm<\/h2>\n<p><span class=\"AnswerParser_TextContainer__z_Iiv\" data-testid=\"youchat-text\">Tradi\u010dn\u00ed \u0161t\u00edtky NFC \u010dasto bojuj\u00ed p\u0159i um\u00edst\u011bn\u00ed na kovov\u00e9 povrchy kv\u016fli ru\u0161en\u00ed sign\u00e1lu. Na\u0161e On-Metal NFC \u0161roubovac\u00ed \u0161t\u00edtky jsou speci\u00e1ln\u011b navr\u017eeny tak, aby:<\/span><\/p>\n<ul class=\"AnswerParser_AnswerParserUnorderedList__P_1FW\">\n<li class=\"AnswerParser_ListItem__XqLOV\" translate=\"yes\">Udr\u017eujte optim\u00e1ln\u00ed v\u00fdkon na kovov\u00fdch povr\u0161\u00edch<\/li>\n<li class=\"AnswerParser_ListItem__XqLOV\" translate=\"yes\">Poskytujte konzistentn\u00ed rozsahy \u010dten\u00ed<\/li>\n<li class=\"AnswerParser_ListItem__XqLOV\" translate=\"yes\">Eliminujte pot\u0159ebu distan\u010dn\u00edch vlo\u017eek nebo dal\u0161\u00edch lepidel<\/li>\n<\/ul>\n<p><span class=\"AnswerParser_TextContainer__z_Iiv\" data-testid=\"youchat-text\">Vyu\u017eit\u00edm pokro\u010dil\u00e9 antikovov\u00e9 technologie zaji\u0161\u0165uj\u00ed tyto \u0161t\u00edtky spolehlivou komunikaci, i kdy\u017e jsou p\u0159ipevn\u011bny p\u0159\u00edmo ke kovov\u00fdm p\u0159edm\u011bt\u016fm.<\/span><\/p>\n<h2 class=\"AnswerParser_AnswerParserH2__SIHnF\">Snadn\u00e1 integrace: Kompatibiln\u00ed s va\u0161\u00ed st\u00e1vaj\u00edc\u00ed infrastrukturou NFC<\/h2>\n<p><span class=\"AnswerParser_TextContainer__z_Iiv\" data-testid=\"youchat-text\">Na\u0161e On-Metal NFC Screw Tags jsou navr\u017eeny tak, aby se hladce integrovaly s va\u0161\u00edm aktu\u00e1ln\u00edm ekosyst\u00e9mem NFC. Jsou to:<\/span><\/p>\n<ul class=\"AnswerParser_AnswerParserUnorderedList__P_1FW\">\n<li class=\"AnswerParser_ListItem__XqLOV\" translate=\"yes\">Kompatibiln\u00ed se v\u0161emi standardn\u00edmi \u010dte\u010dkami NFC<\/li>\n<li class=\"AnswerParser_ListItem__XqLOV\" translate=\"yes\">Snadno programovateln\u00e9 pomoc\u00ed chytr\u00fdch telefon\u016f s podporou NFC<\/li>\n<li class=\"AnswerParser_ListItem__XqLOV\" translate=\"yes\">Vhodn\u00e9 pro za\u0159\u00edzen\u00ed Android i iOS<\/li>\n<\/ul>\n<p><span class=\"AnswerParser_TextContainer__z_Iiv\" data-testid=\"youchat-text\">Tato v\u0161estrannost zaji\u0161\u0165uje, \u017ee m\u016f\u017eete implementovat tyto zna\u010dky bez nutnosti n\u00e1kladn\u00e9ho upgradu infrastruktury.<\/span><\/p>\n<h2 class=\"AnswerParser_AnswerParserH2__SIHnF\">Mo\u017enosti p\u0159izp\u016fsoben\u00ed: P\u0159izp\u016fsobte si \u0161t\u00edtky sv\u00fdm pot\u0159eb\u00e1m<\/h2>\n<p><span class=\"AnswerParser_TextContainer__z_Iiv\" data-testid=\"youchat-text\">Ch\u00e1peme, \u017ee ka\u017ed\u00fd podnik m\u00e1 jedine\u010dn\u00e9 po\u017eadavky. Proto nab\u00edz\u00edme \u0159adu mo\u017enost\u00ed p\u0159izp\u016fsoben\u00ed pro na\u0161e On-Metal NFC \u0161roubovac\u00ed \u0161t\u00edtky:<\/span><\/p>\n<ul class=\"AnswerParser_AnswerParserUnorderedList__P_1FW\">\n<li class=\"AnswerParser_ListItem__XqLOV\" translate=\"yes\">Vlastn\u00ed potisk s va\u0161\u00edm logem nebo zna\u010dkou<\/li>\n<li class=\"AnswerParser_ListItem__XqLOV\" translate=\"yes\">R\u016fzn\u00e9 barevn\u00e9 mo\u017enosti, aby odpov\u00eddaly va\u0161\u00ed estetice<\/li>\n<li class=\"AnswerParser_ListItem__XqLOV\" translate=\"yes\">Personalizovan\u00e9 k\u00f3dov\u00e1n\u00ed s va\u0161imi konkr\u00e9tn\u00edmi daty<\/li>\n<\/ul>\n<p><span class=\"AnswerParser_TextContainer__z_Iiv\" data-testid=\"youchat-text\">N\u00e1\u0161 t\u00fdm odborn\u00edk\u016f je p\u0159ipraven pomoci v\u00e1m vytvo\u0159it dokonal\u00e9 \u0159e\u0161en\u00ed NFC pro va\u0161e obchodn\u00ed pot\u0159eby.<\/span><\/p>\n<h2 class=\"AnswerParser_AnswerParserH2__SIHnF\">Dopad na \u017eivotn\u00ed prost\u0159ed\u00ed: Udr\u017eiteln\u00e1 \u0159e\u0161en\u00ed NFC<\/h2>\n<p><span class=\"AnswerParser_TextContainer__z_Iiv\" data-testid=\"youchat-text\">V dne\u0161n\u00edm ekologicky uv\u011bdom\u011bl\u00e9m sv\u011bt\u011b jsme odhodl\u00e1ni poskytovat udr\u017eiteln\u00e1 \u0159e\u0161en\u00ed NFC. Na\u0161e kovov\u00e9 NFC \u0161roubov\u00e9 \u0161t\u00edtky:<\/span><\/p>\n<ul class=\"AnswerParser_AnswerParserUnorderedList__P_1FW\">\n<li class=\"AnswerParser_ListItem__XqLOV\" translate=\"yes\">Jsou vyrobeny z recyklovateln\u00fdch materi\u00e1l\u016f<\/li>\n<li class=\"AnswerParser_ListItem__XqLOV\" translate=\"yes\">Maj\u00ed dlouhou \u017eivotnost, sni\u017euj\u00ed odpad<\/li>\n<li class=\"AnswerParser_ListItem__XqLOV\" translate=\"yes\">P\u0159isp\u011bjte k bezpap\u00edrov\u00fdm syst\u00e9m\u016fm, kter\u00e9 sni\u017euj\u00ed celkov\u00fd dopad na \u017eivotn\u00ed prost\u0159ed\u00ed<\/li>\n<\/ul>\n<p><span class=\"AnswerParser_TextContainer__z_Iiv\" data-testid=\"youchat-text\">V\u00fdb\u011brem na\u0161ich \u0161t\u00edtk\u016f neinvestujete pouze do nejmodern\u011bj\u0161\u00ed technologie, ale tak\u00e9 do udr\u017eiteln\u011bj\u0161\u00ed budoucnosti.<\/span><\/p>\n<h2 class=\"AnswerParser_AnswerParserH2__SIHnF\">N\u00e1kladov\u011b efektivn\u00ed \u0159e\u0161en\u00ed: Maximalizujte n\u00e1vratnost investic<\/h2>\n<p><span class=\"AnswerParser_TextContainer__z_Iiv\" data-testid=\"youchat-text\">Zat\u00edmco po\u010d\u00e1te\u010dn\u00ed n\u00e1klady na On-Metal NFC Screw Tags mohou b\u00fdt vy\u0161\u0161\u00ed ne\u017e tradi\u010dn\u00ed \u0161t\u00edtky zalo\u017een\u00e9 na n\u00e1lepk\u00e1ch, nab\u00edzej\u00ed v\u00fdznamn\u00e9 dlouhodob\u00e9 v\u00fdhody:<\/span><\/p>\n<ul class=\"AnswerParser_AnswerParserUnorderedList__P_1FW\">\n<li class=\"AnswerParser_ListItem__XqLOV\" translate=\"yes\">Sn\u00ed\u017een\u00e9 n\u00e1klady na v\u00fdm\u011bnu d\u00edky vynikaj\u00edc\u00ed \u017eivotnosti<\/li>\n<li class=\"AnswerParser_ListItem__XqLOV\" translate=\"yes\">Zlep\u0161en\u00e1 efektivita p\u0159i sledov\u00e1n\u00ed a spr\u00e1v\u011b aktiv<\/li>\n<li class=\"AnswerParser_ListItem__XqLOV\" translate=\"yes\">Potenci\u00e1l pro efektivn\u011bj\u0161\u00ed provoz a \u00fasporu n\u00e1klad\u016f<\/li>\n<\/ul>\n<p><span class=\"AnswerParser_TextContainer__z_Iiv\" data-testid=\"youchat-text\">Investice do na\u0161ich vysoce kvalitn\u00edch \u0161t\u00edtk\u016f NFC m\u016f\u017ee \u010dasem v\u00e9st ke zna\u010dn\u00e9 n\u00e1vratnosti investic.<\/span><\/p>\n<h2 class=\"AnswerParser_AnswerParserH2__SIHnF\">Snadn\u00e1 instalace a n\u00e1vod k pou\u017eit\u00ed<\/h2>\n<p><span class=\"AnswerParser_TextContainer__z_Iiv\" data-testid=\"youchat-text\">Za\u010d\u00edt s na\u0161imi On-Metal NFC \u0161roubovac\u00edmi \u0161t\u00edtky je jednoduch\u00e9:<\/span><\/p>\n<ol class=\"AnswerParser_AnswerParserOrderedList__kl_2Y\">\n<li class=\"AnswerParser_ListItem__XqLOV\" translate=\"yes\">O\u010dist\u011bte kovov\u00fd povrch, kam budete \u0161t\u00edtek p\u0159ipev\u0148ovat<\/li>\n<li class=\"AnswerParser_ListItem__XqLOV\" translate=\"yes\">Pro bezpe\u010dn\u00e9 upevn\u011bn\u00ed \u0161t\u00edtku pou\u017eijte 3mm otvor pro \u0161roub<\/li>\n<li class=\"AnswerParser_ListItem__XqLOV\" translate=\"yes\">Naprogramujte \u0161t\u00edtek pomoc\u00ed za\u0159\u00edzen\u00ed s podporou NFC<\/li>\n<li class=\"AnswerParser_ListItem__XqLOV\" translate=\"yes\">Za\u010dn\u011bte pou\u017e\u00edvat nov\u011b nainstalovanou zna\u010dku NFC!<\/li>\n<\/ol>\n<p><span class=\"AnswerParser_TextContainer__z_Iiv\" data-testid=\"youchat-text\">Podrobn\u00e9 pokyny a pr\u016fvodce programov\u00e1n\u00edm najdete ve sv\u00e9 doru\u010den\u00e9 po\u0161t\u011b po n\u00e1kupu, kde najdete na\u0161i komplexn\u00ed u\u017eivatelskou p\u0159\u00edru\u010dku.<\/span><\/p>\n<h2 class=\"AnswerParser_AnswerParserH2__SIHnF\">\u010casto kladen\u00e9 ot\u00e1zky<\/h2>\n<p><span class=\"AnswerParser_TextContainer__z_Iiv\" data-testid=\"youchat-text\"><strong>Ot\u00e1zka: Lze tyto \u0161t\u00edtky pou\u017e\u00edt na nekovov\u00e9 povrchy?<\/strong>\u00a0<\/span><\/p>\n<p><span class=\"AnswerParser_TextContainer__z_Iiv\" data-testid=\"youchat-text\">Odpov\u011b\u010f: Ano, i kdy\u017e jsou na\u0161e \u0161t\u00edtky optimalizov\u00e1ny pro kovov\u00e9 povrchy, funguj\u00ed stejn\u011b dob\u0159e i na nekovov\u00fdch materi\u00e1lech.<\/span><\/p>\n<p><span class=\"AnswerParser_TextContainer__z_Iiv\" data-testid=\"youchat-text\"><strong>Ot\u00e1zka: Jak\u00fd je rozsah \u010dten\u00ed t\u011bchto zna\u010dek NFC?<\/strong>\u00a0<\/span><\/p>\n<p><span class=\"AnswerParser_TextContainer__z_Iiv\" data-testid=\"youchat-text\">Odpov\u011b\u010f: Typick\u00fd dosah \u010dten\u00ed je a\u017e 5 cm, v z\u00e1vislosti na pou\u017eit\u00e9m \u010dtec\u00edm za\u0159\u00edzen\u00ed.<\/span><\/p>\n<p><span class=\"AnswerParser_TextContainer__z_Iiv\" data-testid=\"youchat-text\"><strong>Ot\u00e1zka: Jsou tyto \u0161t\u00edtky vodot\u011bsn\u00e9?<\/strong>\u00a0<\/span><\/p>\n<p><span class=\"AnswerParser_TextContainer__z_Iiv\" data-testid=\"youchat-text\">Odpov\u011b\u010f: Ano, kovov\u00e1 konstrukce je \u010din\u00ed vysoce odoln\u00fdmi v\u016f\u010di vod\u011b a jin\u00fdm kapalin\u00e1m.<\/span><\/p>","protected":false},"excerpt":{"rendered":"<p>The <strong>Kovov\u00fd NFC \u0161roubovac\u00ed \u0161t\u00edtek<\/strong> je vysoce odoln\u00fd NFC tag navr\u017een\u00fd speci\u00e1ln\u011b pro pr\u016fmyslov\u00e9 pou\u017eit\u00ed.<\/p>","protected":false},"featured_media":2582,"template":"","meta":{"_kad_post_transparent":"default","_kad_post_title":"","_kad_post_layout":"default","_kad_post_sidebar_id":"","_kad_post_content_style":"default","_kad_post_vertical_padding":"default","_kad_post_feature":"","_kad_post_feature_position":"","_kad_post_header":false,"_kad_post_footer":false,"_kad_post_classname":""},"product_brand":[],"product_cat":[54],"product_tag":[295,216,290,294],"class_list":{"0":"post-2581","1":"product","2":"type-product","3":"status-publish","4":"has-post-thumbnail","6":"product_cat-hot-selling-rfid-tags","7":"product_tag-nfc-disc-tag","8":"product_tag-nfc-patrol-tag","9":"product_tag-nfc-tag","10":"product_tag-on-metal-nfc-screw-tag","12":"first","13":"instock","14":"shipping-taxable","15":"product-type-simple","16":"entry","17":"content-bg","18":"loop-entry"},"_links":{"self":[{"href":"https:\/\/rfid-laundry-tag.com\/cs\/wp-json\/wp\/v2\/product\/2581","targetHints":{"allow":["GET"]}}],"collection":[{"href":"https:\/\/rfid-laundry-tag.com\/cs\/wp-json\/wp\/v2\/product"}],"about":[{"href":"https:\/\/rfid-laundry-tag.com\/cs\/wp-json\/wp\/v2\/types\/product"}],"version-history":[{"count":1,"href":"https:\/\/rfid-laundry-tag.com\/cs\/wp-json\/wp\/v2\/product\/2581\/revisions"}],"predecessor-version":[{"id":2586,"href":"https:\/\/rfid-laundry-tag.com\/cs\/wp-json\/wp\/v2\/product\/2581\/revisions\/2586"}],"wp:featuredmedia":[{"embeddable":true,"href":"https:\/\/rfid-laundry-tag.com\/cs\/wp-json\/wp\/v2\/media\/2582"}],"wp:attachment":[{"href":"https:\/\/rfid-laundry-tag.com\/cs\/wp-json\/wp\/v2\/media?parent=2581"}],"wp:term":[{"taxonomy":"product_brand","embeddable":true,"href":"https:\/\/rfid-laundry-tag.com\/cs\/wp-json\/wp\/v2\/product_brand?post=2581"},{"taxonomy":"product_cat","embeddable":true,"href":"https:\/\/rfid-laundry-tag.com\/cs\/wp-json\/wp\/v2\/product_cat?post=2581"},{"taxonomy":"product_tag","embeddable":true,"href":"https:\/\/rfid-laundry-tag.com\/cs\/wp-json\/wp\/v2\/product_tag?post=2581"}],"curies":[{"name":"wp","href":"https:\/\/api.w.org\/{rel}","templated":true}]}}