{"id":2576,"date":"2024-09-17T14:08:34","date_gmt":"2024-09-17T14:08:34","guid":{"rendered":"https:\/\/rfid-laundry-tag.com\/?post_type=product&#038;p=2576"},"modified":"2024-09-17T14:08:35","modified_gmt":"2024-09-17T14:08:35","slug":"custom-anti-metal-nfc-coin-tag","status":"publish","type":"product","link":"https:\/\/rfid-laundry-tag.com\/cs\/custom-anti-metal-nfc-coin-tag\/","title":{"rendered":"Vlastn\u00ed antikovov\u00fd \u0161t\u00edtek na mince NFC"},"content":{"rendered":"<h3>Vlastn\u00ed antikovov\u00fd \u0161t\u00edtek na mince NFC<\/h3>\n<h2 class=\"AnswerParser_AnswerParserH2__SIHnF\">Co jsou to vlastn\u00ed antikovov\u00e9 \u0161t\u00edtky na mince NFC?<\/h2>\n<p><span class=\"AnswerParser_TextContainer__z_Iiv\" data-testid=\"youchat-text\"><strong>Vlastn\u00ed antikovov\u00e9 \u0161t\u00edtky na mince NFC<\/strong>\u00a0jsou speci\u00e1ln\u011b navr\u017een\u00e9 NFC tagy, kter\u00e9 lze zabudovat do r\u016fzn\u00fdch produkt\u016f nebo propaga\u010dn\u00edch materi\u00e1l\u016f. Na rozd\u00edl od standardn\u00edch \u0161t\u00edtk\u016f NFC jsou tyto \u0161t\u00edtky navr\u017eeny tak, aby efektivn\u011b fungovaly na kovov\u00fdch povr\u0161\u00edch, d\u00edky \u010demu\u017e jsou univerz\u00e1ln\u00ed pro \u0159adu aplikac\u00ed. Velikost a design \u0161t\u00edtk\u016f lze p\u0159izp\u016fsobit, co\u017e podnik\u016fm umo\u017e\u0148uje vytv\u00e1\u0159et jedine\u010dn\u00e1 \u0159e\u0161en\u00ed, kter\u00e1 zlep\u0161uj\u00ed interakci se z\u00e1kazn\u00edky.<\/span><span class=\"AnswerParser_TextContainer__z_Iiv\" data-testid=\"youchat-text\">Tyto \u0161t\u00edtky na mince NFC lze vlo\u017eit do chytr\u00fdch plak\u00e1t\u016f, okenn\u00edch v\u00fdloh a dokonce p\u0159\u00edmo na produkty, co\u017e spot\u0159ebitel\u016fm umo\u017e\u0148uje klepnut\u00edm na sv\u00e9 chytr\u00e9 telefony s podporou NFC z\u00edskat okam\u017eit\u00fd p\u0159\u00edstup k relevantn\u00edm informac\u00edm nebo kampan\u00edm.<\/span><\/p>\n<h2 class=\"AnswerParser_AnswerParserH2__SIHnF\">Jak technologie NFC funguje?<\/h2>\n<p><span class=\"AnswerParser_TextContainer__z_Iiv\" data-testid=\"youchat-text\">Technologie NFC umo\u017e\u0148uje komunikaci mezi za\u0159\u00edzen\u00edmi na kr\u00e1tkou vzd\u00e1lenost. P\u0159i interakci spot\u0159ebitele se zna\u010dkou NFC to funguje takto:<\/span><\/p>\n<ol class=\"AnswerParser_AnswerParserOrderedList__kl_2Y\">\n<li class=\"AnswerParser_ListItem__XqLOV\" translate=\"yes\"><strong>Klepn\u011bte na Interakce<\/strong>: Kdy\u017e spot\u0159ebitel p\u0159ilo\u017e\u00ed sv\u016fj smartphone s podporou NFC na \u0161t\u00edtek NFC, telefon detekuje jedine\u010dn\u00fd identifik\u00e1tor \u0161t\u00edtku.<\/li>\n<li class=\"AnswerParser_ListItem__XqLOV\" translate=\"yes\"><strong>Detekce URL<\/strong>: Zna\u010dka NFC obsahuje adresu URL, kter\u00e1 je propojena s konkr\u00e9tn\u00ed kampan\u00ed nebo informac\u00ed.<\/li>\n<li class=\"AnswerParser_ListItem__XqLOV\" translate=\"yes\"><strong>V\u00fdm\u011bna dat<\/strong>: Smartphone ode\u0161le adresu URL cloudov\u00e9mu serveru, kter\u00fd na\u010dte data kampan\u011b p\u0159idru\u017een\u00e1 k t\u00e9to adrese URL.<\/li>\n<li class=\"AnswerParser_ListItem__XqLOV\" translate=\"yes\"><strong>Displej na smartphonu<\/strong>: Na\u010dten\u00e9 informace o kampani se pot\u00e9 zobraz\u00ed na chytr\u00e9m telefonu spot\u0159ebitele, co\u017e poskytuje okam\u017eit\u00fd p\u0159\u00edstup k obsahu, jako jsou propaga\u010dn\u00ed nab\u00eddky, podrobnosti o produktu nebo interaktivn\u00ed z\u00e1\u017eitky.<\/li>\n<\/ol>\n<p><span class=\"AnswerParser_TextContainer__z_Iiv\" data-testid=\"youchat-text\">Tato bezprobl\u00e9mov\u00e1 v\u00fdm\u011bna informac\u00ed zvy\u0161uje zapojen\u00ed u\u017eivatel\u016f a zjednodu\u0161uje zp\u016fsob, jak\u00fdm se zna\u010dky spojuj\u00ed se sv\u00fdm publikem.<\/span><\/p>\n<h2 class=\"AnswerParser_AnswerParserH2__SIHnF\">V\u00fdhody pou\u017e\u00edv\u00e1n\u00ed vlastn\u00edch zna\u010dek minc\u00ed NFC<\/h2>\n<p><span class=\"AnswerParser_TextContainer__z_Iiv\" data-testid=\"youchat-text\">Pou\u017e\u00edv\u00e1n\u00ed vlastn\u00edch zna\u010dek minc\u00ed NFC nab\u00edz\u00ed \u0159adu v\u00fdhod:<\/span><\/p>\n<ul class=\"AnswerParser_AnswerParserUnorderedList__P_1FW\">\n<li class=\"AnswerParser_ListItem__XqLOV\" translate=\"yes\"><strong>Bezprobl\u00e9mov\u00e1 interakce<\/strong>: Na rozd\u00edl od marketingu WiFi, NFC nevy\u017eaduje, aby spot\u0159ebitel\u00e9 konfigurovali sv\u00e9 smartphony. U\u017eivatel\u00e9 mohou rychle p\u0159istupovat k informac\u00edm jednoduch\u00fdm klepnut\u00edm, tak\u017ee je u\u017eivatelsky p\u0159\u00edv\u011btiv\u00fd.<\/li>\n<li class=\"AnswerParser_ListItem__XqLOV\" translate=\"yes\"><strong>Vylep\u0161en\u00e9 zapojen\u00ed<\/strong>: Zna\u010dky minc\u00ed NFC umo\u017e\u0148uj\u00ed zna\u010dk\u00e1m vytv\u00e1\u0159et interaktivn\u00ed a dynamick\u00e9 marketingov\u00e9 kampan\u011b, kter\u00e9 p\u0159itahuj\u00ed pozornost spot\u0159ebitel\u016f a podporuj\u00ed v\u011brnost zna\u010dce.<\/li>\n<li class=\"AnswerParser_ListItem__XqLOV\" translate=\"yes\"><strong>V\u0161estrannost<\/strong>: Tyto \u0161t\u00edtky lze aplikovat na r\u016fzn\u00e9 povrchy v\u010detn\u011b kovu, d\u00edky \u010demu\u017e jsou vhodn\u00e9 pro \u0161irokou \u0161k\u00e1lu produkt\u016f a propaga\u010dn\u00edch materi\u00e1l\u016f.<\/li>\n<\/ul>\n<p><span class=\"AnswerParser_TextContainer__z_Iiv\" data-testid=\"youchat-text\">Tyto v\u00fdhody stav\u00ed NFC tagy coin\u016f jako mocn\u00fd n\u00e1stroj pro modern\u00ed marketingov\u00e9 strategie.<\/span><\/p>\n<h2 class=\"AnswerParser_AnswerParserH2__SIHnF\">Mo\u017enosti materi\u00e1lu a designu pro \u0161t\u00edtky na mince NFC<\/h2>\n<p><span class=\"AnswerParser_TextContainer__z_Iiv\" data-testid=\"youchat-text\">Vlastn\u00ed \u0161t\u00edtky na mince NFC jsou vyrobeny z odoln\u00fdch materi\u00e1l\u016f, kter\u00e9 zaji\u0161\u0165uj\u00ed dlouhou \u017eivotnost a funk\u010dnost:<\/span><\/p>\n<ul class=\"AnswerParser_AnswerParserUnorderedList__P_1FW\">\n<li class=\"AnswerParser_ListItem__XqLOV\" translate=\"yes\"><strong>PVC\/PET<\/strong>: Tyto materi\u00e1ly se b\u011b\u017en\u011b pou\u017e\u00edvaj\u00ed pro svou pevnost a pru\u017enost, tak\u017ee jsou ide\u00e1ln\u00ed pro ka\u017edodenn\u00ed pou\u017eit\u00ed.<\/li>\n<li class=\"AnswerParser_ListItem__XqLOV\" translate=\"yes\"><strong>Anti-kovov\u00fd materi\u00e1l<\/strong>: Jedine\u010dn\u00fd antikovov\u00fd design umo\u017e\u0148uje pou\u017eit\u00ed zna\u010dek NFC na kovov\u00fdch povr\u0161\u00edch bez ru\u0161en\u00ed, co\u017e zaji\u0161\u0165uje spolehliv\u00fd v\u00fdkon.<\/li>\n<\/ul>\n<p><span class=\"AnswerParser_TextContainer__z_Iiv\" data-testid=\"youchat-text\">Krom\u011b toho lze velikost \u0161t\u00edtk\u016f na mince NFC upravit tak, aby vyhovovaly specifick\u00fdm pot\u0159eb\u00e1m, co\u017e poskytuje flexibilitu v designu a aplikaci.<\/span><\/p>\n<h2 class=\"AnswerParser_AnswerParserH2__SIHnF\">Tiska\u0159sk\u00e9 a \u0159emesln\u00e9 techniky<\/h2>\n<p><span class=\"AnswerParser_TextContainer__z_Iiv\" data-testid=\"youchat-text\">Mo\u017enosti tisku a tvorby, kter\u00e9 jsou k dispozici pro vlastn\u00ed \u0161t\u00edtky minc\u00ed NFC, zahrnuj\u00ed:<\/span><\/p>\n<ul class=\"AnswerParser_AnswerParserUnorderedList__P_1FW\">\n<li class=\"AnswerParser_ListItem__XqLOV\" translate=\"yes\"><strong>Ofsetov\u00fd tisk CMYK\/Digit\u00e1ln\u00ed tisk<\/strong>: Tyto techniky umo\u017e\u0148uj\u00ed vysoce kvalitn\u00ed barevn\u00e9 n\u00e1vrhy, kter\u00e9 mohou obsahovat loga, zna\u010dky a dal\u0161\u00ed vizu\u00e1ln\u00ed prvky.<\/li>\n<li class=\"AnswerParser_ListItem__XqLOV\" translate=\"yes\"><strong>Techniky \u0159emesla<\/strong>: Ka\u017ed\u00e1 zna\u010dka m\u016f\u017ee b\u00fdt vytvo\u0159ena s jedine\u010dn\u00fdmi funkcemi, jako je \u010d\u00edslov\u00e1n\u00ed nebo k\u00f3dov\u00e1n\u00ed, aby se zlep\u0161ila funk\u010dnost a branding.<\/li>\n<\/ul>\n<p><span class=\"AnswerParser_TextContainer__z_Iiv\" data-testid=\"youchat-text\">Tyto mo\u017enosti zaji\u0161\u0165uj\u00ed, \u017ee ka\u017ed\u00fd \u0161t\u00edtek na mince NFC lze p\u0159izp\u016fsobit tak, aby odr\u00e1\u017eel identitu zna\u010dky p\u0159i zachov\u00e1n\u00ed vysok\u00fdch standard\u016f kvality.<\/span><\/p>\n<h2 class=\"AnswerParser_AnswerParserH2__SIHnF\">Aplikace NFC Coin Tags v marketingu<\/h2>\n<p><span class=\"AnswerParser_TextContainer__z_Iiv\" data-testid=\"youchat-text\">NFC \u0161t\u00edtky na mince lze vyu\u017e\u00edt v r\u016fzn\u00fdch marketingov\u00fdch aplikac\u00edch, v\u010detn\u011b:<\/span><\/p>\n<ul class=\"AnswerParser_AnswerParserUnorderedList__P_1FW\">\n<li class=\"AnswerParser_ListItem__XqLOV\" translate=\"yes\"><strong>Chytr\u00e9 plak\u00e1ty<\/strong>: Zna\u010dky mohou do plak\u00e1t\u016f vkl\u00e1dat zna\u010dky minc\u00ed NFC, aby spot\u0159ebitele zaujaly interaktivn\u00edm obsahem, jako jsou videa nebo propaga\u010dn\u00ed nab\u00eddky.<\/li>\n<li class=\"AnswerParser_ListItem__XqLOV\" translate=\"yes\"><strong>Balen\u00ed produktu<\/strong>: Integrac\u00ed zna\u010dek NFC do balen\u00ed produktu mohou spole\u010dnosti poskytnout z\u00e1kazn\u00edk\u016fm snadn\u00fd p\u0159\u00edstup k informac\u00edm o produktu, v\u010detn\u011b pokyn\u016f, tip\u016f k pou\u017eit\u00ed a speci\u00e1ln\u00edch nab\u00eddek.<\/li>\n<li class=\"AnswerParser_ListItem__XqLOV\" translate=\"yes\"><strong>Ud\u00e1lostn\u00ed kampan\u011b<\/strong>: \u0160t\u00edtky na mince NFC lze pou\u017e\u00edt na akc\u00edch pro usnadn\u011bn\u00ed rychl\u00e9ho p\u0159\u00edstupu k informac\u00edm o akc\u00edch, pl\u00e1n\u016fm a propaga\u010dn\u00edm materi\u00e1l\u016fm.<\/li>\n<\/ul>\n<p><span class=\"AnswerParser_TextContainer__z_Iiv\" data-testid=\"youchat-text\">Tyto aplikace demonstruj\u00ed v\u0161estrannost \u0161t\u00edtk\u016f na mince NFC p\u0159i zvy\u0161ov\u00e1n\u00ed marketingov\u00e9ho \u00fasil\u00ed a zapojen\u00ed spot\u0159ebitel\u016f.<\/span><\/p>\n<h2 class=\"AnswerParser_AnswerParserH2__SIHnF\">Minim\u00e1ln\u00ed mno\u017estv\u00ed objedn\u00e1vky a dostupnost vzorku<\/h2>\n<p><span class=\"AnswerParser_TextContainer__z_Iiv\" data-testid=\"youchat-text\">P\u0159i zva\u017eov\u00e1n\u00ed vlastn\u00edch zna\u010dek minc\u00ed NFC je d\u016fle\u017eit\u00e9 si uv\u011bdomit n\u00e1sleduj\u00edc\u00ed:<\/span><\/p>\n<ul class=\"AnswerParser_AnswerParserUnorderedList__P_1FW\">\n<li class=\"AnswerParser_ListItem__XqLOV\" translate=\"yes\"><strong>Minim\u00e1ln\u00ed mno\u017estv\u00ed objedn\u00e1vky (MOQ)<\/strong>: MOQ pro vlastn\u00ed zna\u010dky minc\u00ed NFC je\u00a0<strong>500<\/strong>\u00a0jednotky, co\u017e zaji\u0161\u0165uje, \u017ee podniky mohou efektivn\u011b \u0161k\u00e1lovat sv\u00e9 propaga\u010dn\u00ed \u00fasil\u00ed.<\/li>\n<li class=\"AnswerParser_ListItem__XqLOV\" translate=\"yes\"><strong>Dostupnost vzorku<\/strong>: Na vy\u017e\u00e1d\u00e1n\u00ed jsou k dispozici bezplatn\u00e9 vzorky, kter\u00e9 firm\u00e1m umo\u017e\u0148uj\u00ed posoudit kvalitu a funk\u010dnost NFC tag\u016f p\u0159ed zad\u00e1n\u00edm v\u011bt\u0161\u00edch objedn\u00e1vek.<\/li>\n<\/ul>\n<p><span class=\"AnswerParser_TextContainer__z_Iiv\" data-testid=\"youchat-text\">Tato flexibilita podnik\u016fm usnad\u0148uje za\u010dlen\u011bn\u00ed technologie NFC do jejich marketingov\u00fdch strategi\u00ed.<\/span><\/p>\n<h2 class=\"AnswerParser_AnswerParserH2__SIHnF\">Bezpe\u010dnostn\u00ed funkce technologie NFC<\/h2>\n<p><span class=\"AnswerParser_TextContainer__z_Iiv\" data-testid=\"youchat-text\">Technologie NFC obsahuje n\u011bkolik bezpe\u010dnostn\u00edch funkc\u00ed pro ochranu dat a transakc\u00ed:<\/span><\/p>\n<ul class=\"AnswerParser_AnswerParserUnorderedList__P_1FW\">\n<li class=\"AnswerParser_ListItem__XqLOV\" translate=\"yes\"><strong>\u0160ifrov\u00e1n\u00ed<\/strong>: Data vym\u011b\u0148ovan\u00e1 mezi \u0161t\u00edtkem NFC a chytr\u00fdm telefonem lze \u0161ifrovat, co\u017e zaji\u0161\u0165uje, \u017ee citliv\u00e9 informace z\u016fstanou v bezpe\u010d\u00ed.<\/li>\n<li class=\"AnswerParser_ListItem__XqLOV\" translate=\"yes\"><strong>Odolnost proti neopr\u00e1vn\u011bn\u00e9 manipulaci<\/strong>: Mnoho zna\u010dek NFC je navr\u017eeno tak, aby odol\u00e1valy neopr\u00e1vn\u011bn\u00e9 manipulaci, a poskytuj\u00ed tak zna\u010dk\u00e1m a spot\u0159ebitel\u016fm dal\u0161\u00ed vrstvu zabezpe\u010den\u00ed.<\/li>\n<\/ul>\n<p><span class=\"AnswerParser_TextContainer__z_Iiv\" data-testid=\"youchat-text\">D\u00edky t\u011bmto funkc\u00edm zabezpe\u010den\u00ed je technologie NFC spolehlivou volbou pro firmy, kter\u00e9 cht\u011bj\u00ed zaujmout z\u00e1kazn\u00edky a z\u00e1rove\u0148 chr\u00e1nit jejich data.<\/span><\/p>\n<h2 class=\"AnswerParser_AnswerParserH2__SIHnF\">\u010casto kladen\u00e9 ot\u00e1zky o vlastn\u00edch antikovov\u00fdch NFC minc\u00edch \u0161t\u00edtc\u00edch<\/h2>\n<p><span class=\"AnswerParser_TextContainer__z_Iiv\" data-testid=\"youchat-text\"><strong>Ot\u00e1zka: Lze \u0161t\u00edtky na mince NFC znovu pou\u017e\u00edt?<\/strong><br \/>\nOdpov\u011b\u010f: \u0160t\u00edtky na mince NFC lze obvykle pou\u017e\u00edt v\u00edcekr\u00e1t v z\u00e1vislosti na typu \u010dipu a na tom, zda byly naprogramov\u00e1ny k ukl\u00e1d\u00e1n\u00ed nov\u00fdch dat.<\/span><\/p>\n<p><span class=\"AnswerParser_TextContainer__z_Iiv\" data-testid=\"youchat-text\"><strong>Ot\u00e1zka: Jak\u00e1 za\u0159\u00edzen\u00ed jsou kompatibiln\u00ed se \u0161t\u00edtky na mince NFC?<\/strong><br \/>\nOdpov\u011b\u010f: \u0160t\u00edtky na mince NFC jsou kompatibiln\u00ed s v\u011bt\u0161inou chytr\u00fdch telefon\u016f s podporou NFC, v\u010detn\u011b za\u0159\u00edzen\u00ed Android a iPhon\u016f.<\/span><\/p>\n<p><span class=\"AnswerParser_TextContainer__z_Iiv\" data-testid=\"youchat-text\"><strong>Ot\u00e1zka: Jsou \u0161t\u00edtky na mince NFC vodot\u011bsn\u00e9?<\/strong><br \/>\nOdpov\u011b\u010f: I kdy\u017e jsou \u0161t\u00edtky na mince NFC navr\u017eeny s ohledem na trvanlivost, jejich vod\u011bodolnost se m\u016f\u017ee li\u0161it v z\u00e1vislosti na pou\u017eit\u00fdch materi\u00e1lech. Je d\u016fle\u017eit\u00e9 zkontrolovat specifikace pro podrobnosti.<\/span><\/p>","protected":false},"excerpt":{"rendered":"<p>Vlastn\u00ed antikovov\u00e9 \u0161t\u00edtky na mince NFC umo\u017e\u0148uj\u00ed bezprobl\u00e9mov\u00e9 zapojen\u00ed spot\u0159ebitel\u016f. Klepnut\u00edm z\u00edsk\u00e1te okam\u017eit\u00fd p\u0159\u00edstup k informac\u00edm, ide\u00e1ln\u00ed pro marketing na kovov\u00fdch povr\u0161\u00edch.<\/p>","protected":false},"featured_media":2577,"template":"","meta":{"_kad_post_transparent":"default","_kad_post_title":"","_kad_post_layout":"default","_kad_post_sidebar_id":"","_kad_post_content_style":"default","_kad_post_vertical_padding":"default","_kad_post_feature":"","_kad_post_feature_position":"","_kad_post_header":false,"_kad_post_footer":false,"_kad_post_classname":""},"product_brand":[],"product_cat":[54],"product_tag":[292,290,293],"class_list":{"0":"post-2576","1":"product","2":"type-product","3":"status-publish","4":"has-post-thumbnail","6":"product_cat-hot-selling-rfid-tags","7":"product_tag-anti-metal-nfc-coin-tag","8":"product_tag-nfc-tag","9":"product_tag-nfc-token","11":"first","12":"instock","13":"shipping-taxable","14":"product-type-simple","15":"entry","16":"content-bg","17":"loop-entry"},"_links":{"self":[{"href":"https:\/\/rfid-laundry-tag.com\/cs\/wp-json\/wp\/v2\/product\/2576","targetHints":{"allow":["GET"]}}],"collection":[{"href":"https:\/\/rfid-laundry-tag.com\/cs\/wp-json\/wp\/v2\/product"}],"about":[{"href":"https:\/\/rfid-laundry-tag.com\/cs\/wp-json\/wp\/v2\/types\/product"}],"version-history":[{"count":1,"href":"https:\/\/rfid-laundry-tag.com\/cs\/wp-json\/wp\/v2\/product\/2576\/revisions"}],"predecessor-version":[{"id":2580,"href":"https:\/\/rfid-laundry-tag.com\/cs\/wp-json\/wp\/v2\/product\/2576\/revisions\/2580"}],"wp:featuredmedia":[{"embeddable":true,"href":"https:\/\/rfid-laundry-tag.com\/cs\/wp-json\/wp\/v2\/media\/2577"}],"wp:attachment":[{"href":"https:\/\/rfid-laundry-tag.com\/cs\/wp-json\/wp\/v2\/media?parent=2576"}],"wp:term":[{"taxonomy":"product_brand","embeddable":true,"href":"https:\/\/rfid-laundry-tag.com\/cs\/wp-json\/wp\/v2\/product_brand?post=2576"},{"taxonomy":"product_cat","embeddable":true,"href":"https:\/\/rfid-laundry-tag.com\/cs\/wp-json\/wp\/v2\/product_cat?post=2576"},{"taxonomy":"product_tag","embeddable":true,"href":"https:\/\/rfid-laundry-tag.com\/cs\/wp-json\/wp\/v2\/product_tag?post=2576"}],"curies":[{"name":"wp","href":"https:\/\/api.w.org\/{rel}","templated":true}]}}