{"id":2571,"date":"2024-09-17T13:42:59","date_gmt":"2024-09-17T13:42:59","guid":{"rendered":"https:\/\/rfid-laundry-tag.com\/?post_type=product&#038;p=2571"},"modified":"2024-09-17T13:43:00","modified_gmt":"2024-09-17T13:43:00","slug":"custom-guard-nfc-token-on-metal","status":"publish","type":"product","link":"https:\/\/rfid-laundry-tag.com\/cs\/custom-guard-nfc-token-on-metal\/","title":{"rendered":"Custom Guard NFC Token ON-METAL"},"content":{"rendered":"<h3>Custom Guard NFC Token ON-METAL<\/h3>\n<h3>Kl\u00ed\u010dov\u00e9 vlastnosti:<\/h3>\n<ul>\n<li><strong>Typ \u010dipu<\/strong>: NTAG213, zn\u00e1m\u00fd svou zna\u010dnou kapacitou pam\u011bti, vhodnou pro r\u016fzn\u00e9 aplikace.<\/li>\n<li><strong>Funkce On-Metal<\/strong>: Vybaveno 0,2 mm silnou antikovovou izola\u010dn\u00ed vrstvou, kter\u00e1 umo\u017e\u0148uje spolehliv\u00fd provoz NFC na kovov\u00fdch povr\u0161\u00edch.<\/li>\n<li><strong>Materi\u00e1l<\/strong>: Vyrobeno z hladk\u00e9ho, odoln\u00e9ho PVC plastu, navr\u017een\u00e9ho tak, aby byl vod\u011bodoln\u00fd a speci\u00e1ln\u011b p\u0159izp\u016fsobiteln\u00fd pomoc\u00ed log nebo um\u011bleck\u00fdch d\u011bl; k dispozici tak\u00e9 v \u010dern\u00e9 barv\u011b.<\/li>\n<li><strong>Lepidlo<\/strong>: Dod\u00e1v\u00e1 se s 3M 9448A hedv\u00e1bnou p\u00e1skou, lehk\u00fdm akrylov\u00fdm lepidlem, kter\u00e9 poskytuje silnou vazbu na r\u016fzn\u00e9 povrchy; k dispozici je tak\u00e9 varianta bez lepidla.<\/li>\n<li><strong>Mo\u017enosti velikosti<\/strong>: K dispozici v r\u016fzn\u00fdch tvarech, jako jsou kruhov\u00e9 (25 mm, 30 mm, 35 mm) a \u010dtvercov\u00e9 (30 mm x 30 mm), s mo\u017en\u00fdmi vlastn\u00edmi velikostmi.<\/li>\n<li><strong>Pracovn\u00ed re\u017eimy<\/strong>: Podporuje funkce \u010dten\u00ed i z\u00e1pisu pro ukl\u00e1d\u00e1n\u00ed a na\u010d\u00edt\u00e1n\u00ed dat.<\/li>\n<li><strong>P\u0159e\u010dt\u011bte si Vzd\u00e1lenost<\/strong>: Mo\u017enost \u010dten\u00ed ze vzd\u00e1lenosti 1-30 cm, v z\u00e1vislosti na konkr\u00e9tn\u00edch podm\u00ednk\u00e1ch pou\u017eit\u00ed.<\/li>\n<li><strong>Mo\u017enosti \u0159emesel<\/strong>: P\u0159izp\u016fsobiteln\u00e9 povrchov\u00e9 \u00fapravy v\u010detn\u011b leskl\u00e9ho, matn\u00e9ho, hologramu a mo\u017enost\u00ed pro laserov\u00e9 \u010d\u00edslov\u00e1n\u00ed nebo QR k\u00f3dy.<\/li>\n<\/ul>\n<h3>Aplikace:<\/h3>\n<ul>\n<li><strong>\u0158\u00edzen\u00ed p\u0159\u00edstupu<\/strong>: Ide\u00e1ln\u00ed pro monitorov\u00e1n\u00ed a \u0159\u00edzen\u00ed p\u0159\u00edstupu v r\u016fzn\u00fdch prost\u0159ed\u00edch.<\/li>\n<li><strong>Automatizace<\/strong>: Lze pou\u017e\u00edt v automatizovan\u00fdch syst\u00e9mech pro \u00fa\u010dely sledov\u00e1n\u00ed a identifikace.<\/li>\n<li><strong>\u0158\u00edzen\u00ed z\u00e1sob<\/strong>: U\u017eite\u010dn\u00e9 pro spr\u00e1vu z\u00e1sob a z\u00e1sob s identifikac\u00ed ozna\u010den\u00fdch polo\u017eek v re\u00e1ln\u00e9m \u010dase.<\/li>\n<li><strong>Prohl\u00eddky str\u00e1\u017e\u00ed<\/strong>: Speci\u00e1ln\u011b navr\u017eeno pro pou\u017eit\u00ed v syst\u00e9mech str\u00e1\u017en\u00edch prohl\u00eddek, kter\u00e9 zaji\u0161\u0165uj\u00ed efektivn\u00ed sledov\u00e1n\u00ed bezpe\u010dnostn\u00edho person\u00e1lu.<\/li>\n<\/ul>\n<p>Tento typ tokenu NFC hladce kombinuje funk\u010dnost a snadn\u00e9 pou\u017eit\u00ed, tak\u017ee je vynikaj\u00edc\u00ed volbou pro r\u016fzn\u00e9 aplikace NFC v oblasti zabezpe\u010den\u00ed a spr\u00e1vy majetku.<\/p>","protected":false},"excerpt":{"rendered":"<p>On-metal NFC tokeny zp\u016fsobily revoluci ve zp\u016fsobu, jak\u00fdm interagujeme s technologiemi, zejm\u00e9na v oblasti zabezpe\u010den\u00ed a spr\u00e1vy aktiv.<\/p>","protected":false},"featured_media":2572,"template":"","meta":{"_kad_post_transparent":"default","_kad_post_title":"","_kad_post_layout":"default","_kad_post_sidebar_id":"","_kad_post_content_style":"default","_kad_post_vertical_padding":"default","_kad_post_feature":"","_kad_post_feature_position":"","_kad_post_header":false,"_kad_post_footer":false,"_kad_post_classname":""},"product_brand":[],"product_cat":[54],"product_tag":[],"class_list":{"0":"post-2571","1":"product","2":"type-product","3":"status-publish","4":"has-post-thumbnail","6":"product_cat-hot-selling-rfid-tags","8":"first","9":"instock","10":"shipping-taxable","11":"product-type-simple","12":"entry","13":"content-bg","14":"loop-entry"},"_links":{"self":[{"href":"https:\/\/rfid-laundry-tag.com\/cs\/wp-json\/wp\/v2\/product\/2571","targetHints":{"allow":["GET"]}}],"collection":[{"href":"https:\/\/rfid-laundry-tag.com\/cs\/wp-json\/wp\/v2\/product"}],"about":[{"href":"https:\/\/rfid-laundry-tag.com\/cs\/wp-json\/wp\/v2\/types\/product"}],"version-history":[{"count":2,"href":"https:\/\/rfid-laundry-tag.com\/cs\/wp-json\/wp\/v2\/product\/2571\/revisions"}],"predecessor-version":[{"id":2575,"href":"https:\/\/rfid-laundry-tag.com\/cs\/wp-json\/wp\/v2\/product\/2571\/revisions\/2575"}],"wp:featuredmedia":[{"embeddable":true,"href":"https:\/\/rfid-laundry-tag.com\/cs\/wp-json\/wp\/v2\/media\/2572"}],"wp:attachment":[{"href":"https:\/\/rfid-laundry-tag.com\/cs\/wp-json\/wp\/v2\/media?parent=2571"}],"wp:term":[{"taxonomy":"product_brand","embeddable":true,"href":"https:\/\/rfid-laundry-tag.com\/cs\/wp-json\/wp\/v2\/product_brand?post=2571"},{"taxonomy":"product_cat","embeddable":true,"href":"https:\/\/rfid-laundry-tag.com\/cs\/wp-json\/wp\/v2\/product_cat?post=2571"},{"taxonomy":"product_tag","embeddable":true,"href":"https:\/\/rfid-laundry-tag.com\/cs\/wp-json\/wp\/v2\/product_tag?post=2571"}],"curies":[{"name":"wp","href":"https:\/\/api.w.org\/{rel}","templated":true}]}}