{"id":2567,"date":"2024-09-16T05:27:07","date_gmt":"2024-09-16T05:27:07","guid":{"rendered":"https:\/\/rfid-laundry-tag.com\/?post_type=product&#038;p=2567"},"modified":"2024-09-16T05:27:07","modified_gmt":"2024-09-16T05:27:07","slug":"custom-printing-on-metal-nfc-sticker-ntag213","status":"publish","type":"product","link":"https:\/\/rfid-laundry-tag.com\/cs\/custom-printing-on-metal-nfc-sticker-ntag213\/","title":{"rendered":"Vlastn\u00ed tisk na kovovou NFC n\u00e1lepku NTAG213"},"content":{"rendered":"<p><strong>Kovov\u00e1 NFC n\u00e1lepka<\/strong>\u00a0vybaven\u00fd spolehliv\u00fdm\u00a0<strong>\u010cip NTAG213 NFC<\/strong>. Tyto inovativn\u00ed n\u00e1lepky jsou navr\u017eeny tak, aby bezchybn\u011b fungovaly na kovov\u00fdch povr\u0161\u00edch a odemykaly dynamick\u00fd zp\u016fsob, jak zaujmout z\u00e1kazn\u00edky, rychle sd\u00edlet informace a zlep\u0161it marketingov\u00e9 strategie. A\u0165 u\u017e chcete p\u0159edv\u00e9st sv\u00e9 logo, poskytnout informace o produktu nebo zv\u00fd\u0161it interaktivitu z\u00e1kazn\u00edk\u016f, na\u0161e kovov\u00e9 n\u00e1lepky NFC jsou \u0159e\u0161en\u00edm, kter\u00e9 jste hledali.<\/p>\n<table class=\"has-title is-zebra hight-light-first-column all magic-22\">\n<tbody>\n<tr>\n<td colspan=\"1\" rowspan=\"1\">\n<div class=\"magic-23\" data-spm-anchor-id=\"a2700.details.0.i46.640212393xXGMO\">N\u00e1zev produktu<\/div>\n<\/td>\n<td colspan=\"4\" rowspan=\"1\">\n<div class=\"magic-24\">Vlastn\u00ed tisk na kovovou NFC n\u00e1lepku NTAG213<\/div>\n<\/td>\n<\/tr>\n<tr>\n<td colspan=\"1\" rowspan=\"1\">\n<div class=\"magic-23\">Pracovn\u00ed frekvence<\/div>\n<\/td>\n<td colspan=\"4\" rowspan=\"1\">\n<div class=\"magic-24\">13,56 MHz<\/div>\n<\/td>\n<\/tr>\n<tr>\n<td colspan=\"1\" rowspan=\"1\">\n<div class=\"magic-23\">Protokol<\/div>\n<\/td>\n<td colspan=\"4\" rowspan=\"1\">\n<div class=\"magic-24\">\u00a0F\u00f3rum NFC ISO14443A Typ 2<\/div>\n<\/td>\n<\/tr>\n<tr>\n<td colspan=\"1\" rowspan=\"1\">\n<div class=\"magic-23\">Materi\u00e1l<\/div>\n<\/td>\n<td colspan=\"4\" rowspan=\"1\">\n<div class=\"magic-27\">Pap\u00edr nebo b\u00edl\u00fd PET nebo m\u011bkk\u00e9\/tvrd\u00e9 PVC<\/div>\n<\/td>\n<\/tr>\n<tr>\n<td colspan=\"1\" rowspan=\"1\">\n<div class=\"magic-23\">IC<\/div>\n<\/td>\n<td colspan=\"4\" rowspan=\"1\">\n<div class=\"magic-27\">NXP Ntag213<\/div>\n<\/td>\n<\/tr>\n<tr>\n<td colspan=\"1\" rowspan=\"1\">\n<div class=\"magic-23\">Ant\u00e9na<\/div>\n<\/td>\n<td colspan=\"4\" rowspan=\"1\">\n<div class=\"magic-27\">Leptan\u00e1 ant\u00e9na<\/div>\n<\/td>\n<\/tr>\n<tr>\n<td colspan=\"1\" rowspan=\"1\">\n<div class=\"magic-23\">Ukl\u00e1d\u00e1n\u00ed dat<\/div>\n<\/td>\n<td colspan=\"4\" rowspan=\"1\">\n<div class=\"magic-27\">20 let<\/div>\n<\/td>\n<\/tr>\n<tr>\n<td colspan=\"1\" rowspan=\"1\">\n<div class=\"magic-23\">\u017divot \u010dipu<\/div>\n<\/td>\n<td colspan=\"4\" rowspan=\"1\">\n<div class=\"magic-27\">Napi\u0161te v\u00fddr\u017e p\u0159es 100 000 cykl\u016f<\/div>\n<\/td>\n<\/tr>\n<tr>\n<td colspan=\"1\" rowspan=\"1\">\n<div class=\"magic-23\">Skladovac\u00ed teplota<\/div>\n<\/td>\n<td colspan=\"4\" rowspan=\"1\">\n<div class=\"magic-27\">-40~+85\u00b0C<\/div>\n<\/td>\n<\/tr>\n<tr>\n<td colspan=\"1\" rowspan=\"1\">\n<div class=\"magic-23\">Pracovn\u00ed teplota<\/div>\n<\/td>\n<td colspan=\"4\" rowspan=\"1\">\n<div class=\"magic-27\">-20~+75\u00b0C<\/div>\n<\/td>\n<\/tr>\n<tr>\n<td colspan=\"1\" rowspan=\"1\">\n<div class=\"magic-23\">Skladovac\u00ed vlhkost<\/div>\n<\/td>\n<td colspan=\"4\" rowspan=\"1\">\n<div class=\"magic-27\">5%\uff5e95%<\/div>\n<\/td>\n<\/tr>\n<tr>\n<td colspan=\"1\" rowspan=\"1\">\n<div class=\"magic-23\">Zp\u016fsob instalace<\/div>\n<\/td>\n<td colspan=\"4\" rowspan=\"1\">\n<div class=\"magic-27\">Dr\u017ete se p\u0159edm\u011bt\u016f, kter\u00e9 chceme identifikovat<\/div>\n<\/td>\n<\/tr>\n<tr>\n<td colspan=\"1\" rowspan=\"1\">\n<div class=\"magic-23\">Pracovn\u00ed re\u017eim<\/div>\n<\/td>\n<td colspan=\"4\" rowspan=\"1\">\n<div class=\"magic-27\">Pasivn\u00ed (pasivn\u00ed RFID \u0161t\u00edtky)<\/div>\n<\/td>\n<\/tr>\n<tr>\n<td colspan=\"1\" rowspan=\"1\">\n<div class=\"magic-23\">Individu\u00e1ln\u00ed servis<\/div>\n<\/td>\n<td colspan=\"4\" rowspan=\"1\">\n<div class=\"magic-27\">P\u0159edprogramov\u00e1no: EPC<br \/>\nTisk: logo , laserov\u00e9 UID , p\u00edsmena , \u010d\u00e1rov\u00fd k\u00f3d, QR , \u010d\u00edslice , slogan<\/div>\n<\/td>\n<\/tr>\n<tr>\n<td colspan=\"1\" rowspan=\"1\">\n<div class=\"magic-23\">aplikace<\/div>\n<\/td>\n<td colspan=\"4\" rowspan=\"1\">\n<div class=\"magic-27\">\n<div data-spm-anchor-id=\"a2700.pc-decorate.0.i167.373e3333414ktv\">Bezkontaktn\u00ed platby<\/div>\n<div data-spm-anchor-id=\"a2700.pc-decorate.0.i167.373e3333414ktv\">soci\u00e1ln\u00ed m\u00e9dia<\/div>\n<div data-spm-anchor-id=\"a2700.pc-decorate.0.i168.373e3333414ktv\">za\u0159\u00edzen\u00ed aktiva mobiln\u00ed telefony, tablety, po\u010d\u00edta\u010de<\/div>\n<div data-spm-anchor-id=\"a2700.pc-decorate.0.i168.373e3333414ktv\">Logistika, maloobchod s m\u00f3dou, \u0161perky a kosmetikou<\/div>\n<div data-spm-anchor-id=\"a2700.pc-decorate.0.i168.373e3333414ktv\">Revize stroj\u016f a za\u0159\u00edzen\u00ed<\/div>\n<div data-spm-anchor-id=\"a2700.pc-decorate.0.i168.373e3333414ktv\">Identifikace a kontrola p\u0159\u00edstupu\u2026<\/div>\n<\/div>\n<\/td>\n<\/tr>\n<\/tbody>\n<\/table>\n<h2>Pro\u010d zvolit kovov\u00e9 NFC n\u00e1lepky Ntag213?<\/h2>\n<p>Investice do kovov\u00fdch NFC n\u00e1lepek nejen zv\u00fd\u0161\u00ed viditelnost va\u0161\u00ed zna\u010dky, ale tak\u00e9 zlep\u0161\u00ed u\u017eivatelsk\u00fd dojem. Pou\u017eit\u00ed an\u00a0<strong>NTAG213<\/strong>\u00a0\u010dip, tyto n\u00e1lepky mohou efektivn\u011b ukl\u00e1dat a p\u0159en\u00e1\u0161et data. P\u0159ich\u00e1zej\u00ed s a\u00a0<strong>144 bajt\u016f<\/strong>\u00a0\u00falo\u017enou kapacitu, kter\u00e1 nab\u00edz\u00ed dostatek prostoru pro z\u00e1kladn\u00ed informace, jako jsou adresy URL webov\u00fdch str\u00e1nek, kontaktn\u00ed \u00fadaje nebo propaga\u010dn\u00ed nab\u00eddky.<\/p>\n<h3>Kl\u00ed\u010dov\u00e9 v\u00fdhody kovov\u00fdch NFC n\u00e1lepek<\/h3>\n<ul>\n<li><strong>V\u0161estrann\u00e9 p\u0159izp\u016fsoben\u00ed<\/strong>: P\u0159izp\u016fsobte si ka\u017edou n\u00e1lepku logy, \u010d\u00e1rov\u00fdmi k\u00f3dy nebo textem vyti\u0161t\u011bn\u00fdm v CMYK a \u010dern\u00e9 barv\u011b. Na\u0161e n\u00e1lepky lze upravit tak, aby vyhovovaly va\u0161im pot\u0159eb\u00e1m v oblasti zna\u010dky.<\/li>\n<li><strong>Trvanlivost<\/strong>: Tyto n\u00e1lepky jsou vyrobeny tak, aby vydr\u017eely r\u016fzn\u00e9 podm\u00ednky prost\u0159ed\u00ed, jsou navr\u017eeny s feritovou vrstvou pro v\u00fdjime\u010dn\u00fd v\u00fdkon na kovov\u00fdch povr\u0161\u00edch.<\/li>\n<li><strong>Snadn\u00e9 pou\u017eit\u00ed<\/strong>: Jednoduch\u00e1 a rychl\u00e1 interakce \u2013 sta\u010d\u00ed klepnout na n\u00e1lepku se sv\u00fdm\u00a0<strong>iPhone<\/strong>\u00a0nebo\u00a0<strong>Android<\/strong>\u00a0za\u0159\u00edzen\u00ed pro okam\u017eit\u00fd p\u0159\u00edstup k ur\u010den\u00e9mu obsahu.<\/li>\n<\/ul>\n<h2>Pochopen\u00ed technologie NTAG213 NFC<\/h2>\n<p>\u010cip NTAG213 NFC je jedn\u00edm z nejspolehliv\u011bj\u0161\u00edch \u0159e\u0161en\u00ed v sektoru NFC, speci\u00e1ln\u011b vytvo\u0159en\u00fd pro zaji\u0161t\u011bn\u00ed kompatibility se za\u0159\u00edzen\u00edmi iOS i Android. S kapacitou pam\u011bti\u00a0<strong>144 bajt\u016f<\/strong>, uchov\u00e1v\u00e1 dostatek dat pro z\u00e1kladn\u00ed p\u0159\u00edpady pou\u017eit\u00ed. To, co odli\u0161uje NTAG213, jsou jeho vylep\u0161en\u00e9 funkce proti kolizi, kter\u00e9 umo\u017e\u0148uj\u00ed provoz v\u00edce zna\u010dek NFC sou\u010dasn\u011b bez konflikt\u016f.<\/p>\n<p>Kdy\u017e u\u017eivatel\u00e9 p\u0159ilo\u017e\u00ed sv\u016fj chytr\u00fd telefon k kovov\u00e9 n\u00e1lepce NFC, jsou okam\u017eit\u011b p\u0159ipojeni k po\u017eadovan\u00e9mu digit\u00e1ln\u00edmu obsahu, ani\u017e by museli stahovat jak\u00e9koli aplikace. Tento\u00a0<strong>plug-and-play<\/strong>\u00a0funk\u010dnost sni\u017euje p\u0159ek\u00e1\u017eky pro interakci, co\u017e z n\u011bj \u010din\u00ed ide\u00e1ln\u00ed n\u00e1stroj pro podniky, kter\u00e9 cht\u011bj\u00ed efektivn\u011b zapojit spot\u0159ebitele.<\/p>\n<h2>Mo\u017enosti p\u0159izp\u016fsoben\u00ed pro kovov\u00e9 samolepky<\/h2>\n<p>Jedn\u00edm z nejatraktivn\u011bj\u0161\u00edch aspekt\u016f kovov\u00fdch n\u00e1lepek NFC je \u0159ada dostupn\u00fdch mo\u017enost\u00ed p\u0159izp\u016fsoben\u00ed. Od tvar\u016f a velikost\u00ed a\u017e po mo\u017enosti tisku m\u016f\u017eete vyvinout produkt, kter\u00fd rezonuje s image va\u0161\u00ed zna\u010dky.<\/p>\n<ul>\n<li><strong>Ti\u0161t\u011bn\u00e9 vzory<\/strong>: Vyu\u017eijte vysoce kvalitn\u00ed tiskov\u00e9 techniky k p\u0159edveden\u00ed \u017eiv\u00fdch log, elegantn\u00edch p\u00edsmen a jedine\u010dn\u00fdch \u010d\u00e1rov\u00fdch k\u00f3d\u016f. Vyberte si mezi leskl\u00fdm nebo matn\u00fdm povrchem, kter\u00fd bude odpov\u00eddat estetice va\u0161eho produktu.<\/li>\n<li><strong>V\u00fdb\u011br materi\u00e1lu<\/strong>: Na\u0161e kovov\u00e9 samolepky lze tisknout na r\u016fzn\u00e9 materi\u00e1ly v\u010detn\u011b\u00a0<strong>PVC<\/strong>,\u00a0<strong>PET<\/strong>nebo\u00a0<strong>Pap\u00edr<\/strong>, co\u017e umo\u017e\u0148uje flexibilitu v pou\u017eit\u00ed a aplikaci.<\/li>\n<\/ul>\n<p>Tato \u00farove\u0148 p\u0159izp\u016fsoben\u00ed zaji\u0161\u0165uje, \u017ee va\u0161e n\u00e1lepky NFC nejen dob\u0159e funguj\u00ed, ale tak\u00e9 slou\u017e\u00ed jako vizu\u00e1ln\u00ed reprezentace va\u0161\u00ed zna\u010dky.<\/p>\n<h2>V\u00fdhody Anti-Metal NFC samolepek<\/h2>\n<p>NFC n\u00e1lepky navr\u017een\u00e9 pro pou\u017eit\u00ed na kovov\u00fdch povr\u0161\u00edch \u010del\u00ed jedine\u010dn\u00fdm v\u00fdzv\u00e1m. Tradi\u010dn\u00ed n\u00e1lepky v tomto prost\u0159ed\u00ed \u010dasto selh\u00e1vaj\u00ed, ale na\u0161e antikovov\u00e9 n\u00e1lepky NFC poskytuj\u00ed vynikaj\u00edc\u00ed \u0159e\u0161en\u00ed:<\/p>\n<ul>\n<li><strong>Feritov\u00e1 vrstva<\/strong>: Integrovan\u00e1 feritov\u00e1 vrstva pom\u00e1h\u00e1 \u00fa\u010dinn\u011b \u010delit ru\u0161en\u00ed sign\u00e1lu, ke kter\u00e9mu b\u011b\u017en\u011b doch\u00e1z\u00ed p\u0159i lepen\u00ed n\u00e1lepek na kov, a zaji\u0161\u0165uje hladk\u00fd p\u0159enos dat.<\/li>\n<li><strong>Vylep\u0161en\u00fd v\u00fdkon<\/strong>: Tyto n\u00e1lepky udr\u017euj\u00ed vynikaj\u00edc\u00ed komunika\u010dn\u00ed rozsah a stabilitu, podporuj\u00ed spokojenost u\u017eivatel\u016f a sni\u017euj\u00ed frustraci.<\/li>\n<\/ul>\n<p>V\u00fdb\u011brem na\u0161ich anti-kovov\u00fdch NFC n\u00e1lepek m\u016f\u017eete sv\u00fdm z\u00e1kazn\u00edk\u016fm poskytnout nep\u0159etr\u017eit\u00fd z\u00e1\u017eitek a v kone\u010dn\u00e9m d\u016fsledku zv\u00fd\u0161it efektivitu va\u0161ich kampan\u00ed.<\/p>\n<h2>V\u00fdb\u011br spr\u00e1vn\u00e9ho lepidla pro va\u0161e pot\u0159eby<\/h2>\n<p>V\u00fdb\u011br spr\u00e1vn\u00e9ho lepidla pro va\u0161e kovov\u00e9 NFC n\u00e1lepky je z\u00e1sadn\u00ed pro zaji\u0161t\u011bn\u00ed dlouh\u00e9 \u017eivotnosti a odolnosti. R\u016fzn\u00e9 aplikace mohou vy\u017eadovat r\u016fzn\u00e9 typy lepidel:<\/p>\n<ul>\n<li><strong>Siln\u00e9 lepidlo<\/strong>: Pro aplikace, kter\u00e9 zahrnuj\u00ed vystaven\u00ed vlhkosti nebo m\u011bn\u00edc\u00edm se teplot\u00e1m, je nutn\u00e9 siln\u00e9 lepidlo.<\/li>\n<li><strong>Odn\u00edmateln\u00e9 lepidlo<\/strong>: Pokud pot\u0159ebujete do\u010dasnou aplikaci, zva\u017ete odstraniteln\u00e1 lepidla, kter\u00e1 umo\u017e\u0148uj\u00ed snadn\u00e9 p\u0159em\u00edst\u011bn\u00ed nebo odstran\u011bn\u00ed bez zanech\u00e1n\u00ed zbytk\u016f.<\/li>\n<\/ul>\n<p>Kdy\u017e v\u011bnujete \u010das v\u00fdb\u011bru spr\u00e1vn\u00e9ho lepidla, m\u016f\u017eete zaru\u010dit dlouhou \u017eivotnost a \u00fa\u010dinnost va\u0161ich NFC n\u00e1lepek.<\/p>\n<h2>Aplikace On-Metal NFC samolepek<\/h2>\n<p>V\u0161estrannost kovov\u00fdch NFC samolepek znamen\u00e1, \u017ee je lze pou\u017e\u00edt v r\u016fzn\u00fdch odv\u011btv\u00edch. Zde jsou n\u011bkter\u00e9 prominentn\u00ed aplikace:<\/p>\n<ul>\n<li><strong>Maloobchodn\u00ed marketing<\/strong>: Okam\u017eit\u00e9 propaga\u010dn\u00ed akce, aktualizace a informace o produktech jsou p\u0159\u00edstupn\u00e9 pouh\u00fdm klepnut\u00edm na n\u00e1lepku na displeji produktu.<\/li>\n<li><strong>Spr\u00e1va ud\u00e1lost\u00ed<\/strong>: Zahr\u0148te n\u00e1lepky NFC do pr\u016fkaz\u016f a odznak\u016f pro rychl\u00fd p\u0159\u00edstup k pl\u00e1n\u016fm, bios a s\u00ed\u0165ov\u00fdm p\u0159\u00edle\u017eitostem.<\/li>\n<li><strong>Sledov\u00e1n\u00ed aktiv<\/strong>: Organizace mohou tyto n\u00e1lepky vyu\u017e\u00edt k zefektivn\u011bn\u00ed spr\u00e1vy z\u00e1sob. P\u0159ipojte je k za\u0159\u00edzen\u00ed pro snadnou identifikaci a sledov\u00e1n\u00ed stavu.<\/li>\n<\/ul>\n<p>Potenci\u00e1ln\u00ed aplikace jsou nekone\u010dn\u00e9 a jsou dokonale um\u00edst\u011bny tak, aby zlep\u0161ily u\u017eivatelsk\u00fd z\u00e1\u017eitek a obchodn\u00ed zapojen\u00ed.<\/p>\n<h2>Srovn\u00e1n\u00ed s ostatn\u00edmi NFC tagy<\/h2>\n<p>P\u0159i zva\u017eov\u00e1n\u00ed produkt\u016f NFC je d\u016fle\u017eit\u00e9 pochopit, jak na to\u00a0<strong>kovov\u00e9 NFC tagy<\/strong>\u00a0se li\u0161\u00ed od ostatn\u00edch mo\u017enost\u00ed.<\/p>\n<ul>\n<li><strong>V\u00fdkon<\/strong>: Na rozd\u00edl od standardn\u00edch \u0161t\u00edtk\u016f NFC nab\u00edzej\u00ed kovov\u00e9 n\u00e1lepky vynikaj\u00edc\u00ed v\u00fdkon na kovov\u00fdch povr\u0161\u00edch d\u00edky jejich specifick\u00e9mu designu a feritov\u00e9 podlo\u017ece.<\/li>\n<li><strong>Kapacita<\/strong>: Zat\u00edmco\u00a0<strong>NTAG215<\/strong>\u00a0nab\u00eddky\u00a0<strong>504 bajt\u016f<\/strong>\u00a0pam\u011bti je NTAG213 v\u00edce ne\u017e dosta\u010duj\u00edc\u00ed pro v\u011bt\u0161inu aplikac\u00ed, kter\u00e9 pot\u0159ebuj\u00ed z\u00e1kladn\u00ed URL odkazy nebo mal\u00fd text, co\u017e z n\u011bj \u010din\u00ed ekonomickou a efektivn\u00ed volbu.<\/li>\n<\/ul>\n<p>Pochopen\u00ed t\u011bchto kl\u00ed\u010dov\u00fdch rozd\u00edl\u016f pom\u00e1h\u00e1 podnik\u016fm vybrat si spr\u00e1vn\u00e9 \u0159e\u0161en\u00ed NFC pro jejich specifick\u00e9 pot\u0159eby.<\/p>\n<h2>\u010casto kladen\u00e9 ot\u00e1zky<\/h2>\n<p>Zde jsou n\u011bkter\u00e9 b\u011b\u017en\u00e9 dotazy t\u00fdkaj\u00edc\u00ed se na\u0161ich kovov\u00fdch n\u00e1lepek NFC:<\/p>\n<ol>\n<li><strong>Jak\u00e1 za\u0159\u00edzen\u00ed jsou kompatibiln\u00ed s n\u00e1lepkami NFC?<\/strong>\n<ul>\n<li>Ob\u011b\u00a0<strong>iPhone<\/strong>\u00a0a\u00a0<strong>Android<\/strong>\u00a0za\u0159\u00edzen\u00ed podporuj\u00ed technologii NFC, kter\u00e1 umo\u017e\u0148uje \u0161irokou \u0161k\u00e1lu interakc\u00ed.<\/li>\n<\/ul>\n<\/li>\n<li><strong>Kolik dat m\u016f\u017ee \u010dip NTAG213 NFC ulo\u017eit?<\/strong>\n<ul>\n<li>\u010cip NTAG213 m\u00e1 kapacitu \u00falo\u017ei\u0161t\u011b\u00a0<strong>144 bajt\u016f<\/strong>, vhodn\u00e9 pro stru\u010dn\u00fd text nebo odkazy.<\/li>\n<\/ul>\n<\/li>\n<li><strong>Lze samolepky vytisknout vlastn\u00edmi vzory?<\/strong>\n<ul>\n<li>Absolutn\u011b! Na\u0161e samolepky lze upravit pomoc\u00ed va\u0161ich log, \u010d\u00e1rov\u00fdch k\u00f3d\u016f nebo jak\u00e9hokoli tiskov\u00e9ho designu podle va\u0161eho v\u00fdb\u011bru.<\/li>\n<\/ul>\n<\/li>\n<\/ol>","protected":false},"excerpt":{"rendered":"<p>Objevte v\u0161estrannou kovovou NFC n\u00e1lepku NTAG213. P\u0159izp\u016fsobte si zna\u010dku, u\u017e\u00edvejte si odolnost a odemkn\u011bte okam\u017eitou interakci se smartphony!<\/p>","protected":false},"featured_media":2568,"template":"","meta":{"_kad_post_transparent":"default","_kad_post_title":"","_kad_post_layout":"default","_kad_post_sidebar_id":"","_kad_post_content_style":"default","_kad_post_vertical_padding":"default","_kad_post_feature":"","_kad_post_feature_position":"","_kad_post_header":false,"_kad_post_footer":false,"_kad_post_classname":""},"product_brand":[],"product_cat":[54],"product_tag":[290,291,289],"class_list":{"0":"post-2567","1":"product","2":"type-product","3":"status-publish","4":"has-post-thumbnail","6":"product_cat-hot-selling-rfid-tags","7":"product_tag-nfc-tag","8":"product_tag-ntag213-nfc-label","9":"product_tag-on-metal-nfc-sticker-ntag213","11":"first","12":"instock","13":"shipping-taxable","14":"product-type-simple","15":"entry","16":"content-bg","17":"loop-entry"},"_links":{"self":[{"href":"https:\/\/rfid-laundry-tag.com\/cs\/wp-json\/wp\/v2\/product\/2567","targetHints":{"allow":["GET"]}}],"collection":[{"href":"https:\/\/rfid-laundry-tag.com\/cs\/wp-json\/wp\/v2\/product"}],"about":[{"href":"https:\/\/rfid-laundry-tag.com\/cs\/wp-json\/wp\/v2\/types\/product"}],"version-history":[{"count":2,"href":"https:\/\/rfid-laundry-tag.com\/cs\/wp-json\/wp\/v2\/product\/2567\/revisions"}],"predecessor-version":[{"id":2570,"href":"https:\/\/rfid-laundry-tag.com\/cs\/wp-json\/wp\/v2\/product\/2567\/revisions\/2570"}],"wp:featuredmedia":[{"embeddable":true,"href":"https:\/\/rfid-laundry-tag.com\/cs\/wp-json\/wp\/v2\/media\/2568"}],"wp:attachment":[{"href":"https:\/\/rfid-laundry-tag.com\/cs\/wp-json\/wp\/v2\/media?parent=2567"}],"wp:term":[{"taxonomy":"product_brand","embeddable":true,"href":"https:\/\/rfid-laundry-tag.com\/cs\/wp-json\/wp\/v2\/product_brand?post=2567"},{"taxonomy":"product_cat","embeddable":true,"href":"https:\/\/rfid-laundry-tag.com\/cs\/wp-json\/wp\/v2\/product_cat?post=2567"},{"taxonomy":"product_tag","embeddable":true,"href":"https:\/\/rfid-laundry-tag.com\/cs\/wp-json\/wp\/v2\/product_tag?post=2567"}],"curies":[{"name":"wp","href":"https:\/\/api.w.org\/{rel}","templated":true}]}}