{"id":2543,"date":"2024-09-15T11:34:50","date_gmt":"2024-09-15T11:34:50","guid":{"rendered":"https:\/\/rfid-laundry-tag.com\/?post_type=product&#038;p=2543"},"modified":"2024-09-15T11:53:19","modified_gmt":"2024-09-15T11:53:19","slug":"uhf-rfid-sticker-for-car","status":"publish","type":"product","link":"https:\/\/rfid-laundry-tag.com\/cs\/uhf-rfid-sticker-for-car\/","title":{"rendered":"UHF RFID n\u00e1lepka pro auto"},"content":{"rendered":"<div data-elementor-type=\"product-post\" data-elementor-id=\"2543\" class=\"elementor elementor-2543\" data-elementor-settings=\"{&quot;ha_cmc_init_switcher&quot;:&quot;no&quot;}\" data-elementor-post-type=\"product\">\n\t\t\t\t<div class=\"elementor-element elementor-element-71a1224 e-flex e-con-boxed e-con e-parent\" data-id=\"71a1224\" data-element_type=\"container\" data-e-type=\"container\" data-settings=\"{&quot;_ha_eqh_enable&quot;:false}\">\n\t\t\t\t\t<div class=\"e-con-inner\">\n\t\t\t\t<div class=\"elementor-element elementor-element-7f470072 elementor-widget elementor-widget-text-editor\" data-id=\"7f470072\" data-element_type=\"widget\" data-e-type=\"widget\" data-widget_type=\"text-editor.default\">\n\t\t\t\t<div class=\"elementor-widget-container\">\n\t\t\t\t\t\t\t\t\t<h2 class=\"AnswerParser_AnswerParserH2__SIHnF\"><span style=\"color: #000000;\">Co jsou UHF RFID n\u00e1lepky?<\/span><\/h2><p><span style=\"color: #000000;\"><span class=\"AnswerParser_TextContainer__z_Iiv\" data-testid=\"youchat-text\"><strong>UHF RFID n\u00e1lepky<\/strong>\u00a0jsou specializovan\u00e9 \u0161t\u00edtky ur\u010den\u00e9 pro identifikaci a sledov\u00e1n\u00ed vozidel. Tyto n\u00e1lepky obsahuj\u00ed \u0161t\u00edtek UHF RFID, kter\u00fd funguje ve frekven\u010dn\u00edm rozsahu\u00a0<strong>860-960 MHz<\/strong>, umo\u017e\u0148uj\u00edc\u00ed komunikaci s RFID \u010dte\u010dkami na velkou vzd\u00e1lenost. Samolepky jsou obvykle vyrobeny s odoln\u00fdm lepic\u00edm podkladem, tak\u017ee je lze snadno aplikovat na r\u016fzn\u00e9 povrchy, v\u010detn\u011b \u010deln\u00edch skel a SPZ.<\/span><span class=\"AnswerParser_TextContainer__z_Iiv\" data-testid=\"youchat-text\">Tyto RFID n\u00e1lepky jsou navr\u017eeny tak, aby odol\u00e1valy vliv\u016fm prost\u0159ed\u00ed a zajistily spolehliv\u00fd v\u00fdkon v r\u016fzn\u00fdch podm\u00ednk\u00e1ch. D\u00edky kompaktn\u00ed velikosti a lehk\u00e9 konstrukci jsou ide\u00e1ln\u00ed pro pou\u017eit\u00ed na vozidlech, ani\u017e by zbyte\u010dn\u011b p\u0159id\u00e1vali objem.<\/span><\/span><\/p><h2 class=\"AnswerParser_AnswerParserH2__SIHnF\"><span style=\"color: #000000;\"><a href=\"https:\/\/rfid-laundry-tag.com\/cs\/hot-selling-rfid-tags\/page\/2\/\"><img fetchpriority=\"high\" decoding=\"async\" class=\"alignnone wp-image-2547 size-full\" src=\"https:\/\/rfid-laundry-tag.com\/wp-content\/uploads\/2024\/09\/OIP-C-4.jpg\" alt=\"\" width=\"474\" height=\"274\" srcset=\"https:\/\/rfid-laundry-tag.com\/wp-content\/uploads\/2024\/09\/OIP-C-4.jpg 474w, https:\/\/rfid-laundry-tag.com\/wp-content\/uploads\/2024\/09\/OIP-C-4-300x173.jpg 300w, https:\/\/rfid-laundry-tag.com\/wp-content\/uploads\/2024\/09\/OIP-C-4-18x10.jpg 18w\" sizes=\"(max-width: 474px) 100vw, 474px\" \/><\/a>Jak funguj\u00ed n\u00e1lepky UHF RFID?<\/span><\/h2><p><span style=\"color: #000000;\"><span class=\"AnswerParser_TextContainer__z_Iiv\" data-testid=\"youchat-text\">UHF RFID n\u00e1lepky funguj\u00ed s vyu\u017eit\u00edm technologie radiofrekven\u010dn\u00ed identifikace. Ka\u017ed\u00e1 n\u00e1lepka obsahuje jedine\u010dn\u00fd identifik\u00e1tor ulo\u017een\u00fd v RFID tagu. Kdy\u017e vozidlo vybaven\u00e9 n\u00e1lepkou projede v dosahu \u010dte\u010dky RFID, \u010dte\u010dka vys\u00edl\u00e1 r\u00e1diov\u00e9 vlny, kter\u00e9 aktivuj\u00ed \u0161t\u00edtek. \u0160t\u00edtek pot\u00e9 p\u0159ed\u00e1 sv\u016fj jedine\u010dn\u00fd identifik\u00e1tor zp\u011bt do \u010dte\u010dky, co\u017e umo\u017e\u0148uje automatickou identifikaci a sledov\u00e1n\u00ed vozidla.<\/span><span class=\"AnswerParser_TextContainer__z_Iiv\" data-testid=\"youchat-text\">Tento proces umo\u017e\u0148uje shroma\u017e\u010fov\u00e1n\u00ed a monitorov\u00e1n\u00ed dat v re\u00e1ln\u00e9m \u010dase, co\u017e firm\u00e1m i jednotlivc\u016fm usnad\u0148uje efektivn\u00ed spr\u00e1vu jejich vozidel. Schopnosti technologie UHF RFID s dlouh\u00fdm dosahem umo\u017e\u0148uj\u00ed detekci na vzd\u00e1lenost n\u011bkolika metr\u016f, co\u017e zvy\u0161uje pohodl\u00ed a pou\u017eitelnost.<\/span><\/span><\/p><h2 class=\"AnswerParser_AnswerParserH2__SIHnF\"><span style=\"color: #000000;\">V\u00fdhody pou\u017e\u00edv\u00e1n\u00ed UHF RFID n\u00e1lepek pro vozidla<\/span><\/h2><p><span class=\"AnswerParser_TextContainer__z_Iiv\" style=\"color: #000000;\" data-testid=\"youchat-text\">Pou\u017eit\u00ed UHF RFID n\u00e1lepek pro vozidla nab\u00edz\u00ed \u0159adu v\u00fdhod:<\/span><\/p><ul class=\"AnswerParser_AnswerParserUnorderedList__P_1FW\"><li class=\"AnswerParser_ListItem__XqLOV\" translate=\"yes\"><span style=\"color: #000000;\"><strong>Vylep\u0161en\u00e9 sledov\u00e1n\u00ed<\/strong>: RFID n\u00e1lepky poskytuj\u00ed p\u0159esn\u00e9 sledov\u00e1n\u00ed vozidel v re\u00e1ln\u00e9m \u010dase, co\u017e usnad\u0148uje sledov\u00e1n\u00ed jejich polohy a stavu.<\/span><\/li><li class=\"AnswerParser_ListItem__XqLOV\" translate=\"yes\"><span style=\"color: #000000;\"><strong>Vylep\u0161en\u00e1 kontrola p\u0159\u00edstupu<\/strong>: Tyto n\u00e1lepky lze integrovat do syst\u00e9m\u016f kontroly p\u0159\u00edstupu, co\u017e umo\u017e\u0148uje bezprobl\u00e9mov\u00fd vstup do zak\u00e1zan\u00fdch oblast\u00ed, jako jsou parkovi\u0161t\u011b a uzav\u0159en\u00e9 komunity.<\/span><\/li><li class=\"AnswerParser_ListItem__XqLOV\" translate=\"yes\"><span style=\"color: #000000;\"><strong>Cenov\u011b efektivn\u00ed \u0159e\u0161en\u00ed<\/strong>: N\u00e1lepky UHF RFID p\u0159edstavuj\u00ed ekonomick\u00fd zp\u016fsob implementace syst\u00e9m\u016f sledov\u00e1n\u00ed a \u0159\u00edzen\u00ed vozidel, sni\u017euj\u00ed pot\u0159ebu ru\u010dn\u00edch kontrol a zlep\u0161uj\u00ed provozn\u00ed efektivitu.<\/span><\/li><\/ul><p><span class=\"AnswerParser_TextContainer__z_Iiv\" style=\"color: #000000;\" data-testid=\"youchat-text\">D\u00edky t\u011bmto v\u00fdhod\u00e1m jsou n\u00e1lepky UHF RFID chytrou investic\u00ed pro podniky a jednotlivce, kte\u0159\u00ed cht\u011bj\u00ed zlep\u0161it sv\u00e9 procesy spr\u00e1vy vozidel.<\/span><\/p><p><a href=\"https:\/\/rfid-laundry-tag.com\/cs\/hot-selling-rfid-tags\/page\/2\/\"><img decoding=\"async\" class=\"alignnone size-full wp-image-2549\" src=\"https:\/\/rfid-laundry-tag.com\/wp-content\/uploads\/2024\/09\/uhf-rfid-windshield-sticker-tagS.jpg\" alt=\"UHF RFID Stickers for Cars\" width=\"1000\" height=\"437\" srcset=\"https:\/\/rfid-laundry-tag.com\/wp-content\/uploads\/2024\/09\/uhf-rfid-windshield-sticker-tagS.jpg 1000w, https:\/\/rfid-laundry-tag.com\/wp-content\/uploads\/2024\/09\/uhf-rfid-windshield-sticker-tagS-300x131.jpg 300w, https:\/\/rfid-laundry-tag.com\/wp-content\/uploads\/2024\/09\/uhf-rfid-windshield-sticker-tagS-768x336.jpg 768w, https:\/\/rfid-laundry-tag.com\/wp-content\/uploads\/2024\/09\/uhf-rfid-windshield-sticker-tagS-18x8.jpg 18w, https:\/\/rfid-laundry-tag.com\/wp-content\/uploads\/2024\/09\/uhf-rfid-windshield-sticker-tagS-600x262.jpg 600w\" sizes=\"(max-width: 1000px) 100vw, 1000px\" \/><\/a><\/p><h2 class=\"AnswerParser_AnswerParserH2__SIHnF\"><span style=\"color: #000000;\">Aplikace UHF RFID n\u00e1lepek ve spr\u00e1v\u011b vozidel<\/span><\/h2><p><span class=\"AnswerParser_TextContainer__z_Iiv\" style=\"color: #000000;\" data-testid=\"youchat-text\">UHF RFID n\u00e1lepky maj\u00ed \u0161irokou \u0161k\u00e1lu aplikac\u00ed p\u0159i spr\u00e1v\u011b vozidel, v\u010detn\u011b:<\/span><\/p><ul class=\"AnswerParser_AnswerParserUnorderedList__P_1FW\"><li class=\"AnswerParser_ListItem__XqLOV\" translate=\"yes\"><span style=\"color: #000000;\"><strong>Spr\u00e1va vozov\u00e9ho parku<\/strong>: Firmy mohou pou\u017e\u00edvat n\u00e1lepky RFID ke sledov\u00e1n\u00ed sv\u00fdch vozov\u00fdch park\u016f, sledov\u00e1n\u00ed vyu\u017eit\u00ed a optimalizaci tras pro efektivitu.<\/span><\/li><li class=\"AnswerParser_ListItem__XqLOV\" translate=\"yes\"><span style=\"color: #000000;\"><strong>Kontrola p\u0159\u00edstupu na parkovi\u0161t\u011b<\/strong>: RFID n\u00e1lepky lze pou\u017e\u00edt pro automatizovan\u00e9 parkovac\u00ed syst\u00e9my, kter\u00e9 umo\u017e\u0148uj\u00ed vozidl\u016fm vj\u00ed\u017ed\u011bt a vyj\u00ed\u017ed\u011bt bez pot\u0159eby fyzick\u00fdch l\u00edstk\u016f nebo pr\u016fkaz\u016f.<\/span><\/li><li class=\"AnswerParser_ListItem__XqLOV\" translate=\"yes\"><span style=\"color: #000000;\"><strong>\u0158\u00edzen\u00ed z\u00e1sob<\/strong>: Ve skladech a logistice pom\u00e1haj\u00ed n\u00e1lepky RFID sledovat vozidla a majetek, zaji\u0161\u0165uj\u00ed p\u0159esn\u00e9 z\u00e1znamy o z\u00e1sob\u00e1ch a sni\u017euj\u00ed ztr\u00e1ty.<\/span><\/li><\/ul><p><span class=\"AnswerParser_TextContainer__z_Iiv\" style=\"color: #000000;\" data-testid=\"youchat-text\">Tyto aplikace demonstruj\u00ed v\u0161estrannost a \u00fa\u010dinnost n\u00e1lepek UHF RFID v r\u016fzn\u00fdch sc\u00e9n\u00e1\u0159\u00edch spr\u00e1vy vozidel.<\/span><\/p><h2 class=\"AnswerParser_AnswerParserH2__SIHnF\"><span style=\"color: #000000;\">Technick\u00e9 specifikace UHF RFID n\u00e1lepek<\/span><\/h2><div class=\"AnswerParser_TableContainer__Erb6v\" data-testid=\"table-container\"><table><thead><tr><th style=\"text-align: left;\"><span style=\"color: #000000;\">Funkce<\/span><\/th><th style=\"text-align: left;\"><span style=\"color: #000000;\">Specifikace<\/span><\/th><\/tr><\/thead><tbody><tr><td style=\"text-align: left;\"><span style=\"color: #000000;\">Frekvence<\/span><\/td><td style=\"text-align: left;\"><span style=\"color: #000000;\">860-960 MHz<\/span><\/td><\/tr><tr><td><span style=\"color: #000000;\">Chipsy<\/span><\/td><td><span style=\"color: #000000;\">U k\u00f3d 9, Alien H3, Alien 9 atd<\/span><\/td><\/tr><tr><td><span style=\"color: #000000;\">Lepidlo<\/span><\/td><td><span style=\"color: #000000;\">Trvanliv\u00fd, odoln\u00fd v\u016f\u010di pov\u011btrnostn\u00edm vliv\u016fm<\/span><\/td><\/tr><tr><td><span style=\"color: #000000;\">P\u0159e\u010dt\u011bte si rozsah<\/span><\/td><td><span style=\"color: #000000;\">A\u017e n\u011bkolik metr\u016f<\/span><\/td><\/tr><tr><td><span style=\"color: #000000;\">Kompatibilita<\/span><\/td><td><span style=\"color: #000000;\">Pracuje s UHF RFID \u010dte\u010dkami<\/span><\/td><\/tr><tr><td><span style=\"color: #000000;\">Rozm\u011bry<\/span><\/td><td><span style=\"color: #000000;\">K dispozici p\u0159izp\u016fsobiteln\u00e9 velikosti<\/span><\/td><\/tr><\/tbody><\/table><h2 class=\"AnswerParser_AnswerParserH2__SIHnF\"><span style=\"color: #000000;\">Dopad n\u00e1lepek UHF RFID na \u017eivotn\u00ed prost\u0159ed\u00ed<\/span><\/h2><p><span class=\"AnswerParser_TextContainer__z_Iiv\" style=\"color: #000000;\" data-testid=\"youchat-text\">UHF RFID n\u00e1lepky jsou navr\u017eeny s ohledem na udr\u017eitelnost. Materi\u00e1ly pou\u017eit\u00e9 p\u0159i jejich v\u00fdrob\u011b jsou \u010dasto recyklovateln\u00e9 a samotn\u00e9 samolepky jsou odoln\u00e9, co\u017e sni\u017euje nutnost \u010dast\u00e9 v\u00fdm\u011bny. Zaveden\u00edm technologie RFID mohou podniky tak\u00e9 sn\u00ed\u017eit pap\u00edrov\u00fd odpad spojen\u00fd s tradi\u010dn\u00edmi metodami sledov\u00e1n\u00ed vozidel, co\u017e p\u0159isp\u00edv\u00e1 k udr\u017eiteln\u011bj\u0161\u00edmu provozu.<\/span><\/p><h2 class=\"AnswerParser_AnswerParserH2__SIHnF\"><span style=\"color: #000000;\">Z\u00e1kaznick\u00e9 recenze a zp\u011btn\u00e1 vazba<\/span><\/h2><p><span style=\"color: #000000;\"><span class=\"AnswerParser_TextContainer__z_Iiv\" data-testid=\"youchat-text\">Z\u00e1kazn\u00edci, kte\u0159\u00ed pro sv\u00e1 vozidla pou\u017e\u00edvali n\u00e1lepky UHF RFID, hl\u00e1sili vysokou m\u00edru spokojenosti. Mnoz\u00ed oce\u0148uj\u00ed snadnou instalaci a pohodl\u00ed automatick\u00e9ho sledov\u00e1n\u00ed. U\u017eivatel\u00e9 si v\u0161imli, \u017ee n\u00e1lepky funguj\u00ed dob\u0159e v r\u016fzn\u00fdch pov\u011btrnostn\u00edch podm\u00ednk\u00e1ch a poskytuj\u00ed spolehlivou kontrolu p\u0159\u00edstupu k parkovac\u00edm za\u0159\u00edzen\u00edm.<\/span><span class=\"AnswerParser_TextContainer__z_Iiv\" data-testid=\"youchat-text\">Pozitivn\u00ed zp\u011btn\u00e1 vazba zd\u016fraz\u0148uje efektivitu UHF RFID n\u00e1lepek p\u0159i zlep\u0161ov\u00e1n\u00ed proces\u016f spr\u00e1vy vozidel, d\u00edky \u010demu\u017e jsou obl\u00edbenou volbou mezi podniky i jednotlivci.<\/span><\/span><\/p><h2 class=\"AnswerParser_AnswerParserH2__SIHnF\"><span style=\"color: #000000;\">\u010casto kladen\u00e9 ot\u00e1zky o UHF RFID n\u00e1lepk\u00e1ch pro auta<\/span><\/h2><p><span style=\"color: #000000;\"><span class=\"AnswerParser_TextContainer__z_Iiv\" data-testid=\"youchat-text\"><strong>Ot\u00e1zka: Lze UHF RFID n\u00e1lepky odstranit a znovu pou\u017e\u00edt?<\/strong><br \/>Odpov\u011b\u010f: Zat\u00edmco n\u00e1lepky UHF RFID jsou navr\u017eeny pro dlouhou \u017eivotnost, jsou obvykle ur\u010deny pro jednor\u00e1zov\u00e9 aplikace. Jejich odstran\u011bn\u00ed m\u016f\u017ee zhor\u0161it jejich lepic\u00ed vlastnosti.\u00a0 \u00a0 \u00a0 \u00a0 \u00a0<\/span><\/span><\/p><p><span style=\"color: #000000;\"><span class=\"AnswerParser_TextContainer__z_Iiv\" data-testid=\"youchat-text\"><strong>Ot\u00e1zka: Jak dlouho vydr\u017e\u00ed n\u00e1lepky UHF RFID?<\/strong><br \/>Odpov\u011b\u010f: P\u0159i spr\u00e1vn\u00e9 instalaci a p\u00e9\u010di mohou n\u00e1lepky UHF RFID vydr\u017eet n\u011bkolik let, a to i v n\u00e1ro\u010dn\u00fdch podm\u00ednk\u00e1ch prost\u0159ed\u00ed.\u00a0<\/span><\/span><\/p><p><span style=\"color: #000000;\"><span class=\"AnswerParser_TextContainer__z_Iiv\" data-testid=\"youchat-text\"> \u00a0<\/span><span class=\"AnswerParser_TextContainer__z_Iiv\" data-testid=\"youchat-text\"><strong>Ot\u00e1zka: Jsou n\u00e1lepky UHF RFID vodot\u011bsn\u00e9?<\/strong><br \/>Odpov\u011b\u010f: Ano, v\u011bt\u0161ina n\u00e1lepek UHF RFID je navr\u017eena tak, aby byla odoln\u00e1 v\u016f\u010di pov\u011btrnostn\u00edm vliv\u016fm, tak\u017ee jsou vhodn\u00e9 pro venkovn\u00ed pou\u017eit\u00ed.<\/span><\/span><\/p><\/div>\t\t\t\t\t\t\t\t<\/div>\n\t\t\t\t<\/div>\n\t\t\t\t\t<\/div>\n\t\t\t\t<\/div>\n\t\t\t\t<\/div>","protected":false},"excerpt":{"rendered":"<p>N\u00e1lepky UHF RFID nab\u00edzej\u00ed spolehlivou identifikaci vozidla pro \u0159\u00edzen\u00ed p\u0159\u00edstupu a \u0159\u00edzen\u00ed z\u00e1sob, zvy\u0161uj\u00edc\u00ed dohled nad vozov\u00fdm parkem a efektivitu parkov\u00e1n\u00ed.<\/p>","protected":false},"featured_media":2544,"template":"","meta":{"_kad_post_transparent":"default","_kad_post_title":"","_kad_post_layout":"default","_kad_post_sidebar_id":"","_kad_post_content_style":"default","_kad_post_vertical_padding":"default","_kad_post_feature":"","_kad_post_feature_position":"","_kad_post_header":false,"_kad_post_footer":false,"_kad_post_classname":""},"product_brand":[],"product_cat":[54],"product_tag":[100,285,284],"class_list":{"0":"post-2543","1":"product","2":"type-product","3":"status-publish","4":"has-post-thumbnail","6":"product_cat-hot-selling-rfid-tags","7":"product_tag-rfid-label","8":"product_tag-rfid-tag","9":"product_tag-uhf-rfid-sticker","11":"first","12":"instock","13":"shipping-taxable","14":"product-type-simple","15":"entry","16":"content-bg","17":"loop-entry"},"_links":{"self":[{"href":"https:\/\/rfid-laundry-tag.com\/cs\/wp-json\/wp\/v2\/product\/2543","targetHints":{"allow":["GET"]}}],"collection":[{"href":"https:\/\/rfid-laundry-tag.com\/cs\/wp-json\/wp\/v2\/product"}],"about":[{"href":"https:\/\/rfid-laundry-tag.com\/cs\/wp-json\/wp\/v2\/types\/product"}],"version-history":[{"count":5,"href":"https:\/\/rfid-laundry-tag.com\/cs\/wp-json\/wp\/v2\/product\/2543\/revisions"}],"predecessor-version":[{"id":2558,"href":"https:\/\/rfid-laundry-tag.com\/cs\/wp-json\/wp\/v2\/product\/2543\/revisions\/2558"}],"wp:featuredmedia":[{"embeddable":true,"href":"https:\/\/rfid-laundry-tag.com\/cs\/wp-json\/wp\/v2\/media\/2544"}],"wp:attachment":[{"href":"https:\/\/rfid-laundry-tag.com\/cs\/wp-json\/wp\/v2\/media?parent=2543"}],"wp:term":[{"taxonomy":"product_brand","embeddable":true,"href":"https:\/\/rfid-laundry-tag.com\/cs\/wp-json\/wp\/v2\/product_brand?post=2543"},{"taxonomy":"product_cat","embeddable":true,"href":"https:\/\/rfid-laundry-tag.com\/cs\/wp-json\/wp\/v2\/product_cat?post=2543"},{"taxonomy":"product_tag","embeddable":true,"href":"https:\/\/rfid-laundry-tag.com\/cs\/wp-json\/wp\/v2\/product_tag?post=2543"}],"curies":[{"name":"wp","href":"https:\/\/api.w.org\/{rel}","templated":true}]}}