{"id":204,"date":"2024-06-18T09:26:05","date_gmt":"2024-06-18T09:26:05","guid":{"rendered":"https:\/\/rfid-laundry-tag.com\/?post_type=product&#038;p=204"},"modified":"2024-09-26T03:20:13","modified_gmt":"2024-09-26T03:20:13","slug":"textile-fabric-rfid-laundry-tags","status":"publish","type":"product","link":"https:\/\/rfid-laundry-tag.com\/cs\/textile-fabric-rfid-laundry-tags\/","title":{"rendered":"Textiln\u00ed textiln\u00ed \u0161t\u00edtky na pr\u00e1dlo RFID"},"content":{"rendered":"<div>\n<div class=\"auto-hide-last-sibling-br paragraph_1252f paragraph-element\">\n<table width=\"637\">\n<tbody>\n<tr>\n<td width=\"328\">N\u00e1zev polo\u017eky:<\/td>\n<td width=\"309\"><strong>Textiln\u00ed textiln\u00ed \u0161t\u00edtky na pr\u00e1dlo RFID<\/strong><\/td>\n<\/tr>\n<tr>\n<td width=\"328\">RFID standard:<\/td>\n<td width=\"309\">ISO\/IEC 18000-6 TypeC (EPC Gen2)<\/td>\n<\/tr>\n<tr>\n<td width=\"328\">Velikost a hmotnost:<\/td>\n<td width=\"309\">70\u00d715 mm, 0,6g<\/td>\n<\/tr>\n<tr>\n<td width=\"328\">Typ \u010dipu:<\/td>\n<td width=\"309\">Impinj Monza 4QT, NXP U CODE 8, NXP U CODE 9<\/td>\n<\/tr>\n<tr>\n<td width=\"328\">Pam\u011b\u0165 EPC:<\/td>\n<td width=\"309\">128 bit\u016f<\/td>\n<\/tr>\n<tr>\n<td width=\"328\">U\u017eivatelsk\u00e1 pam\u011b\u0165:<\/td>\n<td width=\"309\">512 bit\u016f<\/td>\n<\/tr>\n<tr>\n<td width=\"328\">Rozsah \u010dten\u00ed (2W ERP FCC):<\/td>\n<td width=\"309\">8m<\/td>\n<\/tr>\n<tr>\n<td width=\"328\">Rozsah \u010dten\u00ed (2W ERP ETSI):<\/td>\n<td width=\"309\">8m<\/td>\n<\/tr>\n<tr>\n<td width=\"328\">Ozna\u010dov\u00e1n\u00ed:<\/td>\n<td width=\"309\">\u0160it\u00ed, lepidlo pro ra\u017een\u00ed za tepla<\/td>\n<\/tr>\n<tr>\n<td width=\"328\">Odhadovan\u00e1 \u017eivotnost:<\/td>\n<td width=\"309\">200 myc\u00edch cykl\u016f nebo 3 roky, podle toho, co nastane d\u0159\u00edve<\/td>\n<\/tr>\n<tr>\n<td width=\"328\">Zp\u016fsob pran\u00ed:<\/td>\n<td width=\"309\">Pr\u00e1delna, Chemick\u00e9 \u010di\u0161t\u011bn\u00ed<\/td>\n<\/tr>\n<tr>\n<td width=\"328\">Tlak ods\u00e1v\u00e1n\u00ed vody:<\/td>\n<td width=\"309\">60 bar<\/td>\n<\/tr>\n<tr>\n<td width=\"328\">Vod\u011bodolnost:<\/td>\n<td width=\"309\">Vod\u011bodoln\u00fd<\/td>\n<\/tr>\n<tr>\n<td width=\"328\">Chemick\u00e1 odolnost:<\/td>\n<td width=\"309\">Prac\u00ed prost\u0159edek, aviv\u00e1\u017e, b\u011blidlo (kysl\u00edk\/chl\u00f3r), alk\u00e1lie<\/td>\n<\/tr>\n<tr>\n<td width=\"328\">P\u0159edsu\u0161en\u00ed v bubnu:<\/td>\n<td width=\"309\">125 \u00baC po dobu 15-20 minut<\/td>\n<\/tr>\n<tr>\n<td width=\"328\">Teplota sterilizace:<\/td>\n<td width=\"309\">135\u00b0C po dobu 15-20 minut<\/td>\n<\/tr>\n<tr>\n<td width=\"328\">Teplota pran\u00ed:<\/td>\n<td width=\"309\">90\u00b0C, a\u017e 15 min.<\/td>\n<\/tr>\n<tr>\n<td width=\"328\">Provozn\u00ed vlhkost \/ teplota:<\/td>\n<td width=\"309\">-20 a\u017e 110 \u00b0C, 8 a\u017e 951 TP3TRH<\/td>\n<\/tr>\n<tr>\n<td width=\"328\">Skladov\u00e1n\u00ed vlhkosti\/teploty:<\/td>\n<td width=\"309\">-40 a\u017e 110 \u00b0C, 8 a\u017e 95%RH<\/td>\n<\/tr>\n<\/tbody>\n<\/table>\n<\/div>\n<div class=\"auto-hide-last-sibling-br paragraph_1252f paragraph-element\"><\/div>\n<\/div>\n<div data-spm-anchor-id=\"a2700.details.0.i57.23b419c7xXORP0\">\n<div class=\"auto-hide-last-sibling-br paragraph_1252f paragraph-element\">\n<h2>Vlastnosti textiln\u00edch \u0161t\u00edtk\u016f RFID Laundry Tags<\/h2>\n<h3>1. Odoln\u00e9 a omyvateln\u00e9<\/h3>\n<p>N\u00e1\u0161\u00a0<strong>omyvateln\u00e9 RFID \u0161t\u00edtky<\/strong>\u00a0jsou pe\u010dliv\u011b navr\u017eeny tak, aby vydr\u017eely drsn\u00e9 podm\u00ednky pran\u00ed. Vydr\u017e\u00ed a\u017e\u00a0<strong>200 myc\u00edch cykl\u016f<\/strong>, odol\u00e1vaj\u00edc\u00ed vysok\u00fdm teplot\u00e1m b\u011bhem proces\u016f pran\u00ed a su\u0161en\u00ed. To zaji\u0161\u0165uj\u00ed odoln\u00e9 materi\u00e1ly a pou\u017eit\u00e9 technologie\u00a0<strong>cedulky lze p\u0159i\u0161\u00edt<\/strong>\u00a0do r\u016fzn\u00fdch p\u0159edm\u011bt\u016f, v\u010detn\u011b pr\u00e1dla a od\u011bv\u016f, ani\u017e by byla ohro\u017eena jejich celistvost. A\u0165 u\u017e jde o hork\u00e9 pran\u00ed p\u0159i\u00a0<strong>90 \u00b0C<\/strong>\u00a0nebo sterilizace p\u0159i\u00a0<strong>135 \u00b0C<\/strong>, jsou tyto \u0161t\u00edtky vyrobeny tak, aby vydr\u017eely po\u017eadavky pr\u016fmyslov\u00e9ho pran\u00ed.<\/p>\n<h3>2. Bezprobl\u00e9mov\u00e1 integrace se syst\u00e9my RFID<\/h3>\n<p>The\u00a0<strong>Technologie UHF RFID<\/strong>\u00a0zabudovan\u00e9 do pr\u00e1deln\u00edch \u0161t\u00edtk\u016f umo\u017e\u0148uje bezprobl\u00e9movou integraci se st\u00e1vaj\u00edc\u00edmi syst\u00e9my \u0159\u00edzen\u00ed pr\u00e1delny. A\u0165 u\u017e vyu\u017e\u00edv\u00e1te\u00a0<strong>RFID \u010dte\u010dky<\/strong>\u00a0pro automatizovan\u00e9 sledov\u00e1n\u00ed nebo jejich za\u010dlen\u011bn\u00ed do rozs\u00e1hlej\u0161\u00edho\u00a0<strong>\u0159\u00edzen\u00ed z\u00e1sob<\/strong>\u00a0Tyto zna\u010dky poskytuj\u00ed nezbytnou kompatibilitu pot\u0159ebnou pro zjednodu\u0161en\u00e9 operace. Spolehliv\u00fd dosah \u010dten\u00ed a\u017e\u00a0<strong>8 metr\u016f<\/strong>\u00a0zaji\u0161\u0165uje p\u0159esn\u00e9 sledov\u00e1n\u00ed a udr\u017euje z\u00e1soby pr\u00e1dla pod kontrolou.<\/p>\n<h3>3. Roz\u0161\u00ed\u0159en\u00e9 mo\u017enosti sledov\u00e1n\u00ed a spr\u00e1vy<\/h3>\n<p>S\u00a0<strong>RFID \u0161t\u00edtky na pr\u00e1dlo<\/strong>, m\u00e1te mo\u017enost sledovat ka\u017ed\u00fd kus pr\u00e1dla v ka\u017ed\u00e9 f\u00e1zi\u00a0<strong>proces pran\u00ed<\/strong>. Efektivn\u00ed identifikace a sledov\u00e1n\u00ed z\u00e1sob vede k praktick\u00fdm poznatk\u016fm, kter\u00e9 zlep\u0161uj\u00ed celkovou kontrolu z\u00e1sob. M\u016f\u017eete sledovat pohyb ka\u017ed\u00e9ho z nich\u00a0<strong>textiln\u00ed p\u0159edm\u011bt<\/strong>a zajistit, aby byly neprodlen\u011b vr\u00e1ceny spr\u00e1vn\u00fdm osob\u00e1m nebo m\u00edst\u016fm. Tato viditelnost je z\u00e1sadn\u00ed pro udr\u017een\u00ed spokojenosti z\u00e1kazn\u00edk\u016f v odv\u011btv\u00edch, jako je pohostinstv\u00ed a zdravotnictv\u00ed.<\/p>\n<h3>4. Robustn\u00ed chemick\u00e1 odolnost<\/h3>\n<p>N\u00e1\u0161\u00a0<strong>l\u00e1tkov\u00e9 \u0161t\u00edtky na pr\u00e1dlo<\/strong>\u00a0jsou navr\u017eeny tak, aby tolerovaly r\u016fzn\u00e9 chemik\u00e1lie b\u011b\u017en\u011b pou\u017e\u00edvan\u00e9 v pr\u016fmyslov\u00fdch pr\u00e1deln\u00e1ch. Mohou odolat prac\u00edm prost\u0159edk\u016fm, zm\u011bk\u010dovadl\u016fm a b\u011blidl\u016fm, v\u010detn\u011b kysl\u00edkov\u00fdch a chl\u00f3rov\u00fdch variant. Tato chemick\u00e1 odolnost prodlu\u017euje \u017eivotnost \u0161t\u00edtk\u016f a zaji\u0161\u0165uje spolehliv\u00fd v\u00fdkon i v t\u011bch nejdrsn\u011bj\u0161\u00edch podm\u00ednk\u00e1ch pran\u00ed.<\/p>\n<h3>5. V\u00edce mo\u017enost\u00ed ozna\u010dov\u00e1n\u00ed<\/h3>\n<p>Textiln\u00ed RFID etikety na pr\u00e1dlo nab\u00edzej\u00ed v\u0161estrannost\u00a0<strong>mo\u017enosti ozna\u010dov\u00e1n\u00ed<\/strong>. Z\u00e1kazn\u00edci si mohou vybrat mezi\u00a0<strong>\u0161it\u00ed<\/strong>\u00a0zna\u010dky p\u0159\u00edmo do od\u011bv\u016f nebo pomoc\u00ed\u00a0<strong>lepidlo pro ra\u017een\u00ed za tepla<\/strong>\u00a0pro bezpe\u010dn\u00e9 uchycen\u00ed. Tato p\u0159izp\u016fsobivost umo\u017e\u0148uje snadnou integraci do st\u00e1vaj\u00edc\u00edch textili\u00ed bez naru\u0161en\u00ed jejich funkce nebo vzhledu.<\/p>\n<h3 class=\"wp-block-heading\">Instalace textiln\u00edch \u0161t\u00edtk\u016f RFID Laundry Tags<\/h3>\n<p><strong>Stitch Tagging<\/strong>: K v\u0161it\u00ed do lemu l\u00e1tky. P\u0159i\u0161ijte visa\u010dku na pr\u00e1dlo sm\u011brem od lini\u00ed skl\u00e1d\u00e1n\u00ed.<br \/>\n<strong>Tepeln\u00e9 t\u011bsn\u011bn\u00ed<\/strong>: K tepeln\u00e9mu zataven\u00ed p\u0159\u00edmo na textilii p\u0159i +200\u00b0C (392\u00b0F), po dobu 12~14s.<br \/>\n<strong>V s\u00e1\u010dku<\/strong>: K p\u0159i\u0161it\u00ed jako standardn\u00ed \u0161t\u00edtek pro p\u00e9\u010di. P\u0159i\u0161ijte visa\u010dku na pr\u00e1dlo sm\u011brem od lini\u00ed skl\u00e1d\u00e1n\u00ed.<\/p>\n<h2>V\u00fdhody RFID Laundry Management<\/h2>\n<h3>Zv\u00fd\u0161en\u00e1 provozn\u00ed efektivita<\/h3>\n<p>Za\u010dlen\u011bn\u00ed\u00a0<strong>RFID \u0161t\u00edtky<\/strong>\u00a0do va\u0161eho\u00a0<strong>spr\u00e1va pr\u00e1delny<\/strong>\u00a0procesy v\u00fdrazn\u011b zvy\u0161uj\u00ed provozn\u00ed efektivitu. Automatizovan\u00e9 sledovac\u00ed syst\u00e9my eliminuj\u00ed pot\u0159ebu manu\u00e1ln\u00edch proces\u016f n\u00e1ro\u010dn\u00fdch na pr\u00e1ci, sni\u017euj\u00ed \u010das zam\u011bstnanc\u016f a n\u00e1klady spojen\u00e9 se sledov\u00e1n\u00edm polo\u017eek. To umo\u017e\u0148uje zam\u011bstnanc\u016fm soust\u0159edit se na kl\u00ed\u010dov\u00e9 \u00fakoly, kter\u00e9 p\u0159id\u00e1vaj\u00ed hodnotu podniku a zvy\u0161uj\u00ed celkovou produktivitu.<\/p>\n<h3>\u0160pi\u010dkov\u00e9 sledov\u00e1n\u00ed aktiv<\/h3>\n<p>D\u00edky technologii RFID m\u016f\u017eete sledovat ka\u017ed\u00fd kus pr\u00e1dla b\u011bhem cel\u00e9ho jeho \u017eivotn\u00edho cyklu, od po\u010d\u00e1te\u010dn\u00edho zpracov\u00e1n\u00ed a\u017e po vr\u00e1cen\u00ed do provozu. Tato vynikaj\u00edc\u00ed schopnost sledov\u00e1n\u00ed majetku pom\u00e1h\u00e1 p\u0159edch\u00e1zet ztr\u00e1t\u00e1m a zaji\u0161\u0165uje, \u017ee v\u0161echny polo\u017eky jsou zapo\u010d\u00edt\u00e1ny, co\u017e je zvl\u00e1\u0161t\u011b d\u016fle\u017eit\u00e9 v prost\u0159ed\u00edch s velk\u00fdm objemem, jako jsou nemocnice a hotely.<\/p>\n<h3>Shoda s pr\u016fmyslov\u00fdmi standardy<\/h3>\n<p>Pr\u00e1deln\u00ed \u0161t\u00edtky RFID jsou navr\u017eeny tak, aby spl\u0148ovaly p\u0159\u00edsn\u00e9 pr\u016fmyslov\u00e9 standardy pro odolnost a v\u00fdkon. Jejich robustn\u00ed design je vhodn\u00fd pro prost\u0159ed\u00ed s vysokou popt\u00e1vkou, tak\u017ee jsou ide\u00e1ln\u00ed pro komer\u010dn\u00ed aplikace. V\u00fdb\u011brem na\u0161ich textiln\u00edch RFID \u0161t\u00edtk\u016f slad\u00edte sv\u00e9 pr\u00e1delny s p\u0159edn\u00edmi postupy a zajist\u00edte, \u017ee va\u0161e podnik\u00e1n\u00ed z\u016fstane konkurenceschopn\u00e9.<\/p>\n<hr \/>\n<h2>Ohlasy z\u00e1kazn\u00edk\u016f<\/h2>\n<blockquote><p>\u201eOd t\u00e9 doby, co jsme zavedli RFID \u0161t\u00edtky na pr\u00e1dlo, jsme v\u00fdrazn\u011b omezili ztr\u00e1tu pr\u00e1dla. Sledovac\u00ed syst\u00e9m prom\u011bnil na\u0161i pr\u00e1delnu!\u201c \u2014\u00a0<em>Mary T., Facility Manager<\/em><\/p><\/blockquote>\n<blockquote><p>&quot;Nejen, \u017ee RFID \u0161t\u00edtky vydr\u017e\u00ed b\u011bhem myt\u00ed, ale v\u00fdrazn\u011b zkr\u00e1tily na\u0161i dobu obratu.&quot; \u2014\u00a0<em>John D., provozn\u00ed \u0159editel<\/em><\/p><\/blockquote>\n<hr \/>\n<h2>\u010casto kladen\u00e9 ot\u00e1zky (FAQ)<\/h2>\n<p><strong>Ot\u00e1zka: Jak dlouho mohou \u0161t\u00edtky na pr\u00e1dlo RFID vydr\u017eet?<\/strong><br \/>\nA: Na\u0161e\u00a0<strong>RFID \u0161t\u00edtky na pr\u00e1dlo<\/strong>\u00a0maj\u00ed odhadovanou \u017eivotnost\u00a0<strong>200 myc\u00edch cykl\u016f nebo 3 roky<\/strong>, v z\u00e1vislosti na podm\u00ednk\u00e1ch pou\u017eit\u00ed.<\/p>\n<p><strong>Ot\u00e1zka: Vydr\u017e\u00ed tyto \u0161t\u00edtky vysok\u00e9 teploty?<\/strong><br \/>\nOdpov\u011b\u010f: Ano, tyto \u0161t\u00edtky jsou navr\u017eeny tak, aby vydr\u017eely teploty pran\u00ed a\u017e\u00a0<strong>90 \u00b0C<\/strong>, sterilizace p\u0159i\u00a0<strong>135 \u00b0C<\/strong>a podm\u00ednky p\u0159edsu\u0161en\u00ed, d\u00edky \u010demu\u017e jsou ide\u00e1ln\u00ed pro pr\u016fmyslov\u00e9 pr\u00e1delny.<\/p>\n<p><strong>Ot\u00e1zka: Jsou \u0161t\u00edtky odoln\u00e9 v\u016f\u010di chemik\u00e1li\u00edm?<\/strong><br \/>\nA: Rozhodn\u011b. Tyto \u0161t\u00edtky jsou odoln\u00e9 v\u016f\u010di b\u011b\u017en\u00fdm prac\u00edm chemik\u00e1li\u00edm, v\u010detn\u011b prac\u00edch prost\u0159edk\u016f, zm\u011bk\u010dovadel a b\u011blidel.<\/p>\n<h3>Z\u00e1v\u011br<\/h3>\n<div class=\"auto-hide-last-sibling-br paragraph_1252f paragraph-element\"><strong>Textiln\u00ed textiln\u00ed \u0161t\u00edtky na pr\u00e1dlo RFID<\/strong> jsou speci\u00e1ln\u011b navr\u017een\u00e9 RFID \u0161t\u00edtky ur\u010den\u00e9 pro textilie, kter\u00e9 proch\u00e1zej\u00ed rozs\u00e1hl\u00fdmi procesy pr\u016fmyslov\u00e9ho pran\u00ed, v\u010detn\u011b sterilizace a \u017eehlen\u00ed.<\/div>\n<div class=\"auto-hide-last-sibling-br paragraph_1252f paragraph-element\">Tyto <strong>Textiln\u00ed textiln\u00ed \u0161t\u00edtky na pr\u00e1dlo RFID<\/strong> jsou z\u00e1sadn\u00ed pro efektivn\u00ed identifikaci, sledov\u00e1n\u00ed a spr\u00e1vu pr\u00e1dla a textili\u00ed. Pro podniky, kter\u00e9 spol\u00e9haj\u00ed na nep\u0159etr\u017eit\u00fd ob\u011bh \u010dist\u00fdch textili\u00ed, uniforem, pracovn\u00edch od\u011bv\u016f, l\u00e9ka\u0159sk\u00fdch od\u011bv\u016f nebo \u010distic\u00edch prost\u0159edk\u016f, mohou tyto \u0161t\u00edtky na pr\u00e1dlo v\u00fdrazn\u011b zv\u00fd\u0161it v\u00fdkon automatizovan\u00fdch syst\u00e9m\u016f. Usnad\u0148uj\u00ed rychlej\u0161\u00ed a p\u0159esn\u011bj\u0161\u00ed sledov\u00e1n\u00ed velk\u00e9ho po\u010dtu jednotliv\u00fdch polo\u017eek, \u010d\u00edm\u017e podporuj\u00ed kontrolu z\u00e1sob a sni\u017euj\u00ed ztr\u00e1ty. To p\u0159in\u00e1\u0161\u00ed zna\u010dnou \u00fasporu \u010dasu a n\u00e1klad\u016f a tak\u00e9 zv\u00fd\u0161enou produktivitu pro takov\u00e1 za\u0159\u00edzen\u00ed.<\/div>\n<\/div>\n<\/div>\n<div class=\"auto-hide-last-sibling-br paragraph_1252f paragraph-element\">\n<div class=\"auto-hide-last-sibling-br paragraph_1252f paragraph-element\"><strong>Textiln\u00ed \u0161t\u00edtek RFID<\/strong> pro uniformy pro pran\u00ed pr\u00e1dla jsou nepostradateln\u00e9 v mnoha pr\u016fmyslov\u00fdch odv\u011btv\u00edch, rozhoduj\u00edc\u00edm zp\u016fsobem podporuj\u00ed efektivn\u00ed sledov\u00e1n\u00ed majetku, \u0159\u00edzen\u00ed z\u00e1sob a zvy\u0161uj\u00ed celkovou provozn\u00ed efektivitu. Zde je pohled na jejich pou\u017eit\u00ed v r\u016fzn\u00fdch odv\u011btv\u00edch:<\/div>\n<div><\/div>\n<p>&nbsp;<\/p>\n<\/div>\n<div class=\"auto-hide-last-sibling-br paragraph_1252f paragraph-element\"><\/div>","protected":false},"excerpt":{"rendered":"<p>Textiln\u00ed textiln\u00ed \u0161t\u00edtky na pr\u00e1dlo RFID, vytvo\u0159en\u00e9 pokro\u010dilou technologi\u00ed UHF (860-960 MHz), spl\u0148uj\u00ed glob\u00e1ln\u00ed standardy, jako je EPC Class1 Gen2 a ISO 18000. Tyto textiln\u00ed \u0161t\u00edtky na pr\u00e1dlo UHF nab\u00edzej\u00ed kombinaci flexibility a odolnosti, kter\u00e1 vydr\u017e\u00ed v\u00edce ne\u017e 200 pran\u00ed. cyklech a tlaku a\u017e 60 bar\u016f. Pozoruhodnou vlastnost\u00ed textiln\u00edho \u0161t\u00edtku na pr\u00e1dlo UHF RFID je jeho potenci\u00e1l umo\u017enit hromadn\u00e9 \u010dten\u00ed ze vzd\u00e1lenosti n\u011bkolika metr\u016f, co\u017e slou\u017e\u00ed jako vysoce \u00fa\u010dinn\u00fd n\u00e1stroj pro spr\u00e1vu pr\u00e1dla.<\/p>","protected":false},"featured_media":2675,"template":"","meta":{"_kad_post_transparent":"default","_kad_post_title":"","_kad_post_layout":"default","_kad_post_sidebar_id":"","_kad_post_content_style":"default","_kad_post_vertical_padding":"default","_kad_post_feature":"","_kad_post_feature_position":"","_kad_post_header":false,"_kad_post_footer":false,"_kad_post_classname":""},"product_brand":[],"product_cat":[19],"product_tag":[297,31,65,30],"class_list":{"0":"post-204","1":"product","2":"type-product","3":"status-publish","4":"has-post-thumbnail","6":"product_cat-textile-rfid-laundry-tag","7":"product_tag-rfid-chips-for-uniform","8":"product_tag-rfid-tag-for-linen-laundry","9":"product_tag-textile-rfid-laundry-tags","10":"product_tag-uhf-rfid-laundry-tag","12":"first","13":"instock","14":"featured","15":"shipping-taxable","16":"product-type-simple","17":"entry","18":"content-bg","19":"loop-entry"},"_links":{"self":[{"href":"https:\/\/rfid-laundry-tag.com\/cs\/wp-json\/wp\/v2\/product\/204","targetHints":{"allow":["GET"]}}],"collection":[{"href":"https:\/\/rfid-laundry-tag.com\/cs\/wp-json\/wp\/v2\/product"}],"about":[{"href":"https:\/\/rfid-laundry-tag.com\/cs\/wp-json\/wp\/v2\/types\/product"}],"version-history":[{"count":3,"href":"https:\/\/rfid-laundry-tag.com\/cs\/wp-json\/wp\/v2\/product\/204\/revisions"}],"predecessor-version":[{"id":2678,"href":"https:\/\/rfid-laundry-tag.com\/cs\/wp-json\/wp\/v2\/product\/204\/revisions\/2678"}],"wp:featuredmedia":[{"embeddable":true,"href":"https:\/\/rfid-laundry-tag.com\/cs\/wp-json\/wp\/v2\/media\/2675"}],"wp:attachment":[{"href":"https:\/\/rfid-laundry-tag.com\/cs\/wp-json\/wp\/v2\/media?parent=204"}],"wp:term":[{"taxonomy":"product_brand","embeddable":true,"href":"https:\/\/rfid-laundry-tag.com\/cs\/wp-json\/wp\/v2\/product_brand?post=204"},{"taxonomy":"product_cat","embeddable":true,"href":"https:\/\/rfid-laundry-tag.com\/cs\/wp-json\/wp\/v2\/product_cat?post=204"},{"taxonomy":"product_tag","embeddable":true,"href":"https:\/\/rfid-laundry-tag.com\/cs\/wp-json\/wp\/v2\/product_tag?post=204"}],"curies":[{"name":"wp","href":"https:\/\/api.w.org\/{rel}","templated":true}]}}