{"id":193,"date":"2024-06-16T05:59:05","date_gmt":"2024-06-16T05:59:05","guid":{"rendered":"https:\/\/rfid-laundry-tag.com\/?post_type=product&#038;p=193"},"modified":"2024-09-23T09:29:31","modified_gmt":"2024-09-23T09:29:31","slug":"rfid-chips-in-clothing","status":"publish","type":"product","link":"https:\/\/rfid-laundry-tag.com\/cs\/rfid-chips-in-clothing\/","title":{"rendered":"RFID \u010dipy v oble\u010den\u00ed"},"content":{"rendered":"<div class=\"J_module\">\n<div class=\"ife-detail-decorate-table\">\n<table class=\"hight-light-first-column all magic-14\">\n<tbody>\n<tr>\n<td colspan=\"1\" rowspan=\"1\">\n<div class=\"magic-15\" data-spm-anchor-id=\"a2700.details.0.i95.236a58c1ycsfva\">N\u00e1zev produkce:<\/div>\n<\/td>\n<td colspan=\"1\" rowspan=\"1\">\n<div class=\"magic-16\"><strong>RFID \u010dipy v oble\u010den\u00ed<\/strong><\/div>\n<\/td>\n<\/tr>\n<tr>\n<td colspan=\"1\" rowspan=\"1\">\n<div class=\"magic-15\"><span class=\"magic-17\">Materi\u00e1l:<\/span><\/div>\n<\/td>\n<td colspan=\"1\" rowspan=\"1\">\n<div class=\"magic-16\">Polyester\/Slo\u017een\u00ed\/Sat\u00e9n\/Bavlna\/Netkan\u00e1\/PET atd.<\/div>\n<\/td>\n<\/tr>\n<tr>\n<td colspan=\"1\" rowspan=\"1\">\n<div class=\"magic-15\"><span class=\"magic-17\">Velikost:<\/span><\/div>\n<\/td>\n<td colspan=\"1\" rowspan=\"1\">\n<div class=\"magic-16\"><span class=\"magic-17\">80 * 38 mm \/ 60 * 30 mm nebo p\u0159izp\u016fsoben\u00e9<\/span><\/div>\n<\/td>\n<\/tr>\n<tr>\n<td colspan=\"1\" rowspan=\"1\">\n<div class=\"magic-15\"><span class=\"magic-17\">Typ:<\/span><\/div>\n<\/td>\n<td colspan=\"1\" rowspan=\"1\">\n<div class=\"magic-16\"><span class=\"magic-17\">Pasivn\u00ed, RFID<\/span><\/div>\n<\/td>\n<\/tr>\n<tr>\n<td colspan=\"1\" rowspan=\"1\">\n<div class=\"magic-15\">RF protokol:<\/div>\n<\/td>\n<td colspan=\"1\" rowspan=\"1\">\n<div class=\"magic-16\">ISO 18000-6C; EPC Class 1 Gen 2<\/div>\n<\/td>\n<\/tr>\n<tr>\n<td colspan=\"1\" rowspan=\"1\">\n<div class=\"magic-15\"><span class=\"magic-17\">Frekvence:<\/span><\/div>\n<\/td>\n<td colspan=\"1\" rowspan=\"1\">\n<div class=\"magic-16\"><span class=\"magic-17\">860~960 MHz<\/span><\/div>\n<\/td>\n<\/tr>\n<tr>\n<td colspan=\"1\" rowspan=\"1\">\n<div class=\"magic-15\">\u010cip<\/div>\n<\/td>\n<td colspan=\"1\" rowspan=\"1\">\n<div class=\"magic-16\">Alien Higgs, Monza 3, Monza 4D, Monza 4QT, Monza R6, Monza R6-P, Impinj M730, Impinj M750 atd.<\/div>\n<\/td>\n<\/tr>\n<tr>\n<td colspan=\"1\" rowspan=\"1\">\n<div class=\"magic-15\"><span class=\"magic-17\">Vzd\u00e1lenost \u010dten\u00ed:<\/span><\/div>\n<\/td>\n<td colspan=\"1\" rowspan=\"1\">\n<div class=\"magic-16\"><span class=\"magic-17\">UHF: 1~10m (z\u00e1vis\u00ed na \u010dte\u010dce a ant\u00e9n\u011b)<\/span><\/div>\n<\/td>\n<\/tr>\n<tr>\n<td colspan=\"1\" rowspan=\"1\">\n<div class=\"magic-15\"><span class=\"magic-17\">Pevn\u00fd zp\u016fsob:<\/span><\/div>\n<\/td>\n<td colspan=\"1\" rowspan=\"1\">\n<div class=\"magic-16\"><span class=\"magic-17\">\u0160it\u00ed \/ \u017eehlen\u00ed<\/span><\/div>\n<\/td>\n<\/tr>\n<tr>\n<td colspan=\"1\" rowspan=\"1\">\n<div class=\"magic-15\"><span class=\"magic-17\">Tisk:<\/span><\/div>\n<\/td>\n<td colspan=\"1\" rowspan=\"1\">\n<div class=\"magic-16\"><span class=\"magic-17\">Tisk, k\u00f3dov\u00e1n\u00ed, s\u00e9riov\u00e9 \u010d\u00edslo, design atd.<\/span><\/div>\n<\/td>\n<\/tr>\n<tr>\n<td colspan=\"1\" rowspan=\"1\">\n<div class=\"magic-15\"><span class=\"magic-17\">\u017divotnost IC:<\/span><\/div>\n<\/td>\n<td colspan=\"1\" rowspan=\"1\">\n<div class=\"magic-16\" data-spm-anchor-id=\"a2700.details.0.i94.236a58c1ycsfva\"><span class=\"magic-17\">100 000 programovac\u00edch cykl\u016f<br \/>\n10 let uchov\u00e1v\u00e1n\u00ed dat<\/span><\/div>\n<\/td>\n<\/tr>\n<tr>\n<td colspan=\"1\" rowspan=\"1\">\n<div class=\"magic-15\"><span class=\"magic-17\">Vzorov\u00e1 dostupnost:<\/span><\/div>\n<\/td>\n<td colspan=\"1\" rowspan=\"1\">\n<div class=\"magic-16\"><span class=\"magic-17\">Vzorky zdarma jsou k dispozici na vy\u017e\u00e1d\u00e1n\u00ed<\/span><\/div>\n<\/td>\n<\/tr>\n<tr>\n<td colspan=\"1\" rowspan=\"1\">\n<div class=\"magic-15\"><span class=\"magic-17\">Aplikace:\u00a0<\/span><\/div>\n<\/td>\n<td colspan=\"1\" rowspan=\"1\">\n<div class=\"magic-16\"><span class=\"magic-17\">\u00b7 \u0158\u00edzen\u00ed z\u00e1sob<br \/>\n\u00b7 Dodavatelsk\u00fd \u0159et\u011bzec<br \/>\n\u00b7 Maloobchod<\/span><\/div>\n<\/td>\n<\/tr>\n<tr>\n<td colspan=\"1\" rowspan=\"1\">\n<div class=\"magic-15\"><span class=\"magic-17\">Pou\u017eit\u00ed<\/span><\/div>\n<\/td>\n<td colspan=\"1\" rowspan=\"1\">\n<div class=\"magic-16\"><span class=\"magic-17\">Od\u011bvy, oble\u010den\u00ed, ta\u0161ky, boty atd.<\/span><\/div>\n<\/td>\n<\/tr>\n<\/tbody>\n<\/table>\n<\/div>\n<\/div>\n<div class=\"J_module\">\n<div class=\"detail-decorate-json-renderer-container\">\n<div class=\"magic-1\">\n<div class=\"magic-5\">\n<div class=\"magic-6\">\n<div>\n<h2 class=\"AnswerParser_AnswerParserH2__SIHnF\">S\u00edla technologie RFID p\u0159i sledov\u00e1n\u00ed od\u011bv\u016f<\/h2>\n<p><span class=\"AnswerParser_TextContainer__z_Iiv\" data-testid=\"youchat-text\">Technologie RFID (Radio Frequency Identification) zp\u016fsobila revoluci ve spr\u00e1v\u011b z\u00e1sob v r\u016fzn\u00fdch odv\u011btv\u00edch a nyn\u00ed d\u011bl\u00e1 vlny v od\u011bvn\u00edm sektoru. Na\u0161e \u0161t\u00edtky pro p\u00e9\u010di o pran\u00ed UHF RFID vyu\u017e\u00edvaj\u00ed tuto v\u00fdkonnou technologii k poskytov\u00e1n\u00ed bezkonkuren\u010dn\u00edch mo\u017enost\u00ed sledov\u00e1n\u00ed va\u0161ich od\u011bv\u016f.<\/span><span class=\"AnswerParser_TextContainer__z_Iiv\" data-testid=\"youchat-text\">Tyto \u0161t\u00edtky vyu\u017e\u00edvaj\u00ed radiofrekven\u010dn\u00ed sign\u00e1ly ke komunikaci se \u010dte\u010dkami RFID, co\u017e umo\u017e\u0148uje rychlou a p\u0159esnou identifikaci od\u011bv\u016f bez nutnosti skenov\u00e1n\u00ed v p\u0159\u00edm\u00e9 viditelnosti. To znamen\u00e1, \u017ee m\u016f\u017eete bez n\u00e1mahy sledovat v\u00edce polo\u017eek sou\u010dasn\u011b, co\u017e v\u00fdrazn\u011b sni\u017euje \u010das a \u00fasil\u00ed pot\u0159ebn\u00e9 pro kontroly z\u00e1sob.<\/span><\/div>\n<\/div>\n<div>\n<div class=\"auto-hide-last-sibling-br paragraph_1252f paragraph-element\">\n<div class=\"auto-hide-last-sibling-br paragraph_1252f paragraph-element\">\n<div class=\"auto-hide-last-sibling-br paragraph_1252f paragraph-element\">\n<div class=\"auto-hide-last-sibling-br paragraph_1252f paragraph-element\">Vyniknout mezi davem a efektivn\u011b spravovat z\u00e1soby jsou pro od\u011bvn\u00ed zna\u010dky kl\u00ed\u010dov\u00fdmi v\u00fdzvami. Zaveden\u00ed \u0161t\u00edtk\u016f RFID Apparel Tags m\u016f\u017ee tyto probl\u00e9my vy\u0159e\u0161it a pom\u016f\u017ee spole\u010dnostem nejen zlep\u0161it image a hodnotu jejich zna\u010dky, ale tak\u00e9 urychlit jejich operace glob\u00e1ln\u00edho dodavatelsk\u00e9ho \u0159et\u011bzce.<\/div>\n<p>&nbsp;<\/p>\n<div class=\"auto-hide-last-sibling-br paragraph_1252f paragraph-element\">Na\u0161e produkty sahaj\u00ed od graficky zdoben\u00fdch \u0161t\u00edtk\u016f a\u017e po obaly \u0161etrn\u00e9 k \u017eivotn\u00edmu prost\u0159ed\u00ed vybaven\u00e9 radiofrekven\u010dn\u00ed identifikac\u00ed (RFID). Tyto nab\u00eddky zvy\u0161uj\u00ed p\u0159ita\u017elivost od\u011bv\u016f pro spot\u0159ebitele a optimalizuj\u00ed procesy z\u00e1sob a skladov\u00e1n\u00ed. Z\u00e1rove\u0148 zvy\u0161uj\u00ed bezpe\u010dnost produkt\u016f a umo\u017e\u0148uj\u00ed maloobchodn\u00edk\u016fm v\u011bnovat v\u00edce \u010dasu sv\u00fdm z\u00e1kazn\u00edk\u016fm.<\/div>\n<p>&nbsp;<\/p>\n<div class=\"auto-hide-last-sibling-br paragraph_1252f paragraph-element\">T\u00edmto zp\u016fsobem RFID Apparel Tags slou\u017e\u00ed jako dvou\u00fa\u010delov\u00fd n\u00e1stroj \u2013 zesiluj\u00ed p\u0159ita\u017elivost zna\u010dky a zaji\u0161\u0165uj\u00ed provozn\u00ed efektivitu.<\/div>\n<\/div>\n<\/div>\n<div>\n<h2 class=\"AnswerParser_AnswerParserH2__SIHnF\">Aplikace v maloobchodn\u00edm pr\u016fmyslu i mimo n\u011bj<\/h2>\n<p><span class=\"AnswerParser_TextContainer__z_Iiv\" data-testid=\"youchat-text\">D\u00edky v\u0161estrannosti na\u0161ich \u0161t\u00edtk\u016f pro p\u00e9\u010di o myt\u00ed RFID jsou vhodn\u00e9 pro \u0161irokou \u0161k\u00e1lu aplikac\u00ed:<\/span><\/p>\n<ol class=\"AnswerParser_AnswerParserOrderedList__kl_2Y\">\n<li class=\"AnswerParser_ListItem__XqLOV\" translate=\"yes\"><strong>Maloobchodn\u00ed prodejny<\/strong>: Zefektivn\u011bte spr\u00e1vu z\u00e1sob a zlep\u0161ujte viditelnost produktu.<\/li>\n<li class=\"AnswerParser_ListItem__XqLOV\" translate=\"yes\"><strong>Slu\u017eby pr\u00e1delny<\/strong>: Snadno sledujte jednotliv\u00e9 od\u011bvy b\u011bhem prac\u00edch cykl\u016f.<\/li>\n<li class=\"AnswerParser_ListItem__XqLOV\" translate=\"yes\"><strong>Uniformy a pracovn\u00ed od\u011bvy<\/strong>: Efektivn\u00ed spr\u00e1va velk\u00e9ho mno\u017estv\u00ed podobn\u00fdch polo\u017eek.<\/li>\n<li class=\"AnswerParser_ListItem__XqLOV\" translate=\"yes\"><strong>Pohostinstv\u00ed<\/strong>: Sledujte pr\u00e1dlo, ru\u010dn\u00edky a uniformy zam\u011bstnanc\u016f.<\/li>\n<li class=\"AnswerParser_ListItem__XqLOV\" translate=\"yes\"><strong>L\u00e9ka\u0159sk\u00e9 peelingy<\/strong>: Zajist\u011bte \u0159\u00e1dn\u00e9 \u010di\u0161t\u011bn\u00ed a distribuci zdravotnick\u00e9ho oble\u010den\u00ed.<\/li>\n<li class=\"AnswerParser_ListItem__XqLOV\" translate=\"yes\"><strong>P\u016fj\u010dovny kost\u00fdm\u016f<\/strong>: Zjednodu\u0161te proces odhl\u00e1\u0161en\u00ed a vr\u00e1cen\u00ed pro p\u016fj\u010dovny.<\/li>\n<\/ol>\n<\/div>\n<div class=\"auto-hide-last-sibling-br paragraph_1252f paragraph-element\">\n<div class=\"auto-hide-last-sibling-br paragraph_1252f paragraph-element\">\n<h2 class=\"AnswerParser_AnswerParserH2__SIHnF\">Zlep\u0161ete viditelnost sv\u00e9ho dodavatelsk\u00e9ho \u0159et\u011bzce<\/h2>\n<p><span class=\"AnswerParser_TextContainer__z_Iiv\" data-testid=\"youchat-text\">Za\u010dlen\u011bn\u00edm na\u0161ich \u0161t\u00edtk\u016f pro p\u00e9\u010di o pran\u00ed RFID do va\u0161ich od\u011bv\u016f z\u00edsk\u00e1te neb\u00fdval\u00fd p\u0159ehled o sv\u00e9m dodavatelsk\u00e9m \u0159et\u011bzci. Sledujte sv\u00e9 oble\u010den\u00ed od v\u00fdroby a\u017e po prodej, a to i prost\u0159ednictv\u00edm n\u011bkolika prac\u00edch cykl\u016f v pr\u016fmyslov\u00fdch pr\u00e1deln\u00e1ch.<\/span><span class=\"AnswerParser_TextContainer__z_Iiv\" data-testid=\"youchat-text\">Tato zv\u00fd\u0161en\u00e1 viditelnost v\u00e1m umo\u017e\u0148uje:<\/span><\/p>\n<ul class=\"AnswerParser_AnswerParserUnorderedList__P_1FW\">\n<li class=\"AnswerParser_ListItem__XqLOV\" translate=\"yes\">Sni\u017ete smr\u0161\u0165ov\u00e1n\u00ed a ztr\u00e1ty<\/li>\n<li class=\"AnswerParser_ListItem__XqLOV\" translate=\"yes\">Zlep\u0161ete efektivitu v\u00fdm\u011bny produkt\u016f<\/li>\n<li class=\"AnswerParser_ListItem__XqLOV\" translate=\"yes\">Optimalizujte stav z\u00e1sob<\/li>\n<li class=\"AnswerParser_ListItem__XqLOV\" translate=\"yes\">Zvy\u0161te spokojenost z\u00e1kazn\u00edk\u016f lep\u0161\u00ed dostupnost\u00ed produkt\u016f<\/li>\n<\/ul>\n<h2 class=\"AnswerParser_AnswerParserH2__SIHnF\">Snadn\u00e1 instalace a pou\u017eit\u00ed<\/h2>\n<p><span class=\"AnswerParser_TextContainer__z_Iiv\" data-testid=\"youchat-text\">Na\u0161e \u0161t\u00edtky RFID pro p\u00e9\u010di o pran\u00ed jsou navr\u017eeny pro bezprobl\u00e9movou integraci do va\u0161ich od\u011bv\u016f:<\/span><\/p>\n<ol class=\"AnswerParser_AnswerParserOrderedList__kl_2Y\">\n<li class=\"AnswerParser_ListItem__XqLOV\" translate=\"yes\"><strong>Mo\u017enost v\u0161it\u00ed<\/strong>: Tradi\u010dn\u00ed zp\u016fsob upevn\u011bn\u00ed pro dlouhou \u017eivotnost.<\/li>\n<li class=\"AnswerParser_ListItem__XqLOV\" translate=\"yes\"><strong>Na\u017eehlovac\u00ed aplikace<\/strong>: Rychl\u00e1 a snadn\u00e1 instalace pomoc\u00ed technologie p\u0159enosu tepla.<\/li>\n<\/ol>\n<p><span class=\"AnswerParser_TextContainer__z_Iiv\" data-testid=\"youchat-text\">Ob\u011b metody zaji\u0161\u0165uj\u00ed, \u017ee \u0161t\u00edtek z\u016fstane bezpe\u010dn\u011b p\u0159ipevn\u011bn po celou dobu \u017eivotn\u00edho cyklu od\u011bvu.<\/span><\/p>\n<div class=\"auto-hide-last-sibling-br paragraph_1252f paragraph-element\"><strong>Zde je n\u011bkolik p\u0159\u00edklad\u016f toho, jak \u0161pi\u010dkov\u00e9 od\u011bvn\u00ed zna\u010dky \u00fasp\u011b\u0161n\u011b implementovaly RFID UHF \u0161t\u00edtky:<\/strong><\/div>\n<ol class=\"auto-hide-last-sibling-br\">\n<li>\n<div class=\"auto-hide-last-sibling-br paragraph_1252f paragraph-element\"><strong>Prada<\/strong>: Tato slavn\u00e1 italsk\u00e1 luxusn\u00ed zna\u010dka p\u0159ijala v roce 2001 \u0161t\u00edtky RFID, kter\u00e9 umo\u017e\u0148uj\u00ed detailn\u00ed z\u00e1znam informac\u00ed, jako je styl, velikost, barva a cena. Zaj\u00edmav\u00e9 je, \u017ee kdy\u017e spot\u0159ebitel\u00e9 oble\u010den\u00ed Prada proch\u00e1zej\u00ed jejich obchody, na modelech v obchod\u011b se zobraz\u00ed odpov\u00eddaj\u00edc\u00ed oble\u010den\u00ed, kter\u00e9 napodobuje m\u00f3dn\u00ed dr\u00e1hu v Mil\u00e1n\u011b. Toto inovativn\u00ed vyu\u017eit\u00ed technologie RFID zvy\u0161uje spokojenost spot\u0159ebitel\u016f Prada po n\u00e1kupu.<\/div>\n<\/li>\n<li>\n<div class=\"auto-hide-last-sibling-br paragraph_1252f paragraph-element\"><strong>H&amp;M<\/strong>: Tato mezin\u00e1rodn\u00ed zna\u010dka za\u010dala pou\u017e\u00edvat technologii RFID v roce 2014. V pl\u00e1novan\u00fdch 1800 prodejn\u00e1ch umo\u017e\u0148uje technologie RFID automatick\u00e9 sledov\u00e1n\u00ed kategori\u00ed produkt\u016f, mno\u017estv\u00ed a spot\u0159eby.<\/div>\n<\/li>\n<li>\n<div class=\"auto-hide-last-sibling-br paragraph_1252f paragraph-element\"><strong>ZARA<\/strong>: V prvn\u00ed polovin\u011b roku 2016 mate\u0159sk\u00e1 spole\u010dnost ZARA, Inditex, uvedla, \u017ee aplikace technologie RFID zlep\u0161ila \u0159\u00edzen\u00ed z\u00e1sob a dod\u00e1vek pro p\u0159ibli\u017en\u011b 701 TP3T jej\u00edch zna\u010dek. Tato implementace vedla ke zv\u00fd\u0161en\u00ed tr\u017eeb 11.1% a zv\u00fd\u0161en\u00ed zisku 7.5% ve v\u00fd\u0161i 1,26 miliardy eur.<\/div>\n<\/li>\n<li>\n<div class=\"auto-hide-last-sibling-br paragraph_1252f paragraph-element\"><strong>Uniqlo<\/strong>: V roce 2017 spole\u010dnost Uniqlo ozn\u00e1mila sv\u016fj pl\u00e1n nasadit RFID UHF \u0161t\u00edtky ve 3 000 obchodech po cel\u00e9m sv\u011bt\u011b, \u010d\u00edm\u017e se stala prvn\u00edm japonsk\u00fdm prodejcem, kter\u00fd pou\u017e\u00edv\u00e1 elektronick\u00e9 \u0161t\u00edtky po cel\u00e9m sv\u011bt\u011b.<\/div>\n<\/li>\n<\/ol>\n<div class=\"auto-hide-last-sibling-br paragraph_1252f paragraph-element\">To jsou jen n\u011bkter\u00e9 poznatky o tom, jak \u0161pi\u010dkov\u00e9 od\u011bvn\u00ed zna\u010dky vyu\u017e\u00edvaj\u00ed \u0161t\u00edtky RFID. Od roku 2019 prakticky ka\u017ed\u00e1 zna\u010dka sv\u011btov\u00e9 t\u0159\u00eddy pou\u017eila na sv\u00e9 od\u011bvy \u0161t\u00edtky RFID, co\u017e vedlo k v\u00edce ne\u017e 20 miliard\u00e1m kus\u016f oble\u010den\u00ed s \u0161t\u00edtky \u2013 toto \u010d\u00edslo st\u00e1le znateln\u011b roste. Mezi dal\u0161\u00ed v\u00fdznamn\u00e9 zna\u010dky, kter\u00e9 tuto technologii p\u0159ijaly, pat\u0159\u00ed NIKE a Walmart.<\/div>\n<\/div>\n<\/div>\n<\/div>\n<h2 class=\"AnswerParser_AnswerParserH2__SIHnF\">Kontaktujte n\u00e1s pro p\u0159izp\u016fsoben\u00e9 \u0159e\u0161en\u00ed<\/h2>\n<p><span class=\"AnswerParser_TextContainer__z_Iiv\" data-testid=\"youchat-text\">Jste p\u0159ipraveni na revoluci ve spr\u00e1v\u011b od\u011bv\u016f s na\u0161imi UHF RFID etiketami pro p\u00e9\u010di o pr\u00e1dlo? Jsme tu, abychom v\u00e1m pomohli naj\u00edt perfektn\u00ed \u0159e\u0161en\u00ed pro va\u0161e pot\u0159eby.<\/span><\/p>\n<ul class=\"AnswerParser_AnswerParserUnorderedList__P_1FW\">\n<li class=\"AnswerParser_ListItem__XqLOV\" translate=\"yes\"><strong>Zdarma vzorky<\/strong>: Vy\u017e\u00e1dejte si vzorky zdarma k testov\u00e1n\u00ed ve va\u0161em prost\u0159ed\u00ed.<\/li>\n<li class=\"AnswerParser_ListItem__XqLOV\" translate=\"yes\"><strong>P\u0159izp\u016fsoben\u00ed<\/strong>: Dejte n\u00e1m v\u011bd\u011bt sv\u00e9 konkr\u00e9tn\u00ed po\u017eadavky na \u0159e\u0161en\u00ed na m\u00edru.<\/li>\n<li class=\"AnswerParser_ListItem__XqLOV\" translate=\"yes\"><strong>Odborn\u00e1 konzultace<\/strong>: N\u00e1\u0161 t\u00fdm RFID specialist\u016f je p\u0159ipraven zodpov\u011bd\u011bt va\u0161e dotazy.<\/li>\n<\/ul>\n<p><span class=\"AnswerParser_TextContainer__z_Iiv\" data-testid=\"youchat-text\">Nedovolte, aby neefektivn\u00ed \u0159\u00edzen\u00ed z\u00e1sob brzdilo va\u0161e podnik\u00e1n\u00ed. P\u0159ijm\u011bte budoucnost sledov\u00e1n\u00ed od\u011bv\u016f s na\u0161imi inovativn\u00edmi \u0161t\u00edtky pro p\u00e9\u010di o pr\u00e1dlo RFID. Vypl\u0148te n\u00e1\u0161 popt\u00e1vkov\u00fd formul\u00e1\u0159 je\u0161t\u011b dnes a za\u010dn\u011bte svou cestu k chyt\u0159ej\u0161\u00ed a efektivn\u011bj\u0161\u00ed spr\u00e1v\u011b oble\u010den\u00ed.<\/span><span class=\"AnswerParser_TextContainer__z_Iiv\" data-testid=\"youchat-text\">Souvisej\u00edc\u00ed produkty:<\/span><\/p>\n<ul class=\"AnswerParser_AnswerParserUnorderedList__P_1FW\">\n<li class=\"AnswerParser_ListItem__XqLOV\" translate=\"yes\">RFID z\u00e1v\u011bsn\u00e9 \u0161t\u00edtky pro maloobchod<\/li>\n<li class=\"AnswerParser_ListItem__XqLOV\" translate=\"yes\">\u0160t\u00edtky p\u00e9\u010de s podporou NFC<\/li>\n<li class=\"AnswerParser_ListItem__XqLOV\" translate=\"yes\">Bluetooth Low Energy (BLE) Asset Trackers<\/li>\n<\/ul>\n<p><span class=\"AnswerParser_TextContainer__z_Iiv\" data-testid=\"youchat-text\">Vyzkou\u0161ejte s\u00edlu technologie RFID ve sv\u00e9m od\u011bvn\u00edm podnik\u00e1n\u00ed. Kontaktujte n\u00e1s a zjist\u011bte, jak mohou na\u0161e omyvateln\u00e9 \u0161t\u00edtky RFID prom\u011bnit va\u0161e operace a poskytnout v\u00e1m konkuren\u010dn\u00ed v\u00fdhodu v rychle se m\u011bn\u00edc\u00edm sv\u011bt\u011b m\u00f3dy a textilu.<\/span><\/p>\n<\/div>\n<div class=\"magic-6\">\n<div><\/div>\n<\/div>\n<\/div>\n<\/div>\n<\/div>\n<\/div>","protected":false},"excerpt":{"rendered":"<p>Proces za\u010d\u00edn\u00e1 aplikac\u00ed RFID \u010dip\u016f v oble\u010den\u00ed na jednotliv\u00e9 kusy oble\u010den\u00ed. Tyto \u0161t\u00edtky lze skenovat na r\u016fzn\u00fdch m\u00edstech dodavatelsk\u00e9ho \u0159et\u011bzce, co\u017e umo\u017e\u0148uje sledov\u00e1n\u00ed z\u00e1sob v re\u00e1ln\u00e9m \u010dase, ov\u011b\u0159ov\u00e1n\u00ed um\u00edst\u011bn\u00ed a sledov\u00e1n\u00ed pohybu sou\u010d\u00e1st\u00ed a hotov\u00fdch v\u00fdrobk\u016f. Tento syst\u00e9m poskytuje komplexn\u00ed, okam\u017eit\u00fd mechanismus pro spr\u00e1vu a monitorov\u00e1n\u00ed z\u00e1sob a produkt\u016f.<\/p>","protected":false},"featured_media":177,"template":"","meta":{"_kad_post_transparent":"default","_kad_post_title":"","_kad_post_layout":"default","_kad_post_sidebar_id":"","_kad_post_content_style":"default","_kad_post_vertical_padding":"default","_kad_post_feature":"","_kad_post_feature_position":"","_kad_post_header":false,"_kad_post_footer":false,"_kad_post_classname":""},"product_brand":[],"product_cat":[81,53],"product_tag":[87,93,83],"class_list":{"0":"post-193","1":"product","2":"type-product","3":"status-publish","4":"has-post-thumbnail","6":"product_cat-rfid-wash-care-clothing-label","7":"product_cat-rfid-clothes-tag","8":"product_tag-fabric-uhf-rfid-wash-care-tag","9":"product_tag-rfid-chips-in-clothing","10":"product_tag-rfid-wash-care-label","12":"first","13":"instock","14":"shipping-taxable","15":"product-type-simple","16":"entry","17":"content-bg","18":"loop-entry"},"_links":{"self":[{"href":"https:\/\/rfid-laundry-tag.com\/cs\/wp-json\/wp\/v2\/product\/193","targetHints":{"allow":["GET"]}}],"collection":[{"href":"https:\/\/rfid-laundry-tag.com\/cs\/wp-json\/wp\/v2\/product"}],"about":[{"href":"https:\/\/rfid-laundry-tag.com\/cs\/wp-json\/wp\/v2\/types\/product"}],"version-history":[{"count":2,"href":"https:\/\/rfid-laundry-tag.com\/cs\/wp-json\/wp\/v2\/product\/193\/revisions"}],"predecessor-version":[{"id":2652,"href":"https:\/\/rfid-laundry-tag.com\/cs\/wp-json\/wp\/v2\/product\/193\/revisions\/2652"}],"wp:featuredmedia":[{"embeddable":true,"href":"https:\/\/rfid-laundry-tag.com\/cs\/wp-json\/wp\/v2\/media\/177"}],"wp:attachment":[{"href":"https:\/\/rfid-laundry-tag.com\/cs\/wp-json\/wp\/v2\/media?parent=193"}],"wp:term":[{"taxonomy":"product_brand","embeddable":true,"href":"https:\/\/rfid-laundry-tag.com\/cs\/wp-json\/wp\/v2\/product_brand?post=193"},{"taxonomy":"product_cat","embeddable":true,"href":"https:\/\/rfid-laundry-tag.com\/cs\/wp-json\/wp\/v2\/product_cat?post=193"},{"taxonomy":"product_tag","embeddable":true,"href":"https:\/\/rfid-laundry-tag.com\/cs\/wp-json\/wp\/v2\/product_tag?post=193"}],"curies":[{"name":"wp","href":"https:\/\/api.w.org\/{rel}","templated":true}]}}