{"id":192,"date":"2024-06-16T05:58:44","date_gmt":"2024-06-16T05:58:44","guid":{"rendered":"https:\/\/rfid-laundry-tag.com\/?post_type=product&#038;p=192"},"modified":"2024-06-16T06:39:29","modified_gmt":"2024-06-16T06:39:29","slug":"uhf-rfid-paper-tags","status":"publish","type":"product","link":"https:\/\/rfid-laundry-tag.com\/cs\/uhf-rfid-paper-tags\/","title":{"rendered":"UHF RFID pap\u00edrov\u00e9 \u0161t\u00edtky"},"content":{"rendered":"<table class=\"has-title all magic-1\">\n<tbody>\n<tr>\n<td colspan=\"1\" rowspan=\"1\">\n<div class=\"magic-2\" data-spm-anchor-id=\"a2700.details.0.i84.7cea6afbA2IkLB\">N\u00e1zev polo\u017eky<\/div>\n<\/td>\n<td colspan=\"1\" rowspan=\"1\">\n<div class=\"magic-3\">UHF RFID pap\u00edrov\u00e9 \u0161t\u00edtky<\/div>\n<\/td>\n<\/tr>\n<tr>\n<td colspan=\"1\" rowspan=\"1\">\n<div class=\"magic-2\">Velikost<\/div>\n<\/td>\n<td colspan=\"1\" rowspan=\"1\">\n<div class=\"magic-3\">90x40 mm nebo p\u0159izp\u016fsoben\u00e9<\/div>\n<\/td>\n<\/tr>\n<tr>\n<td colspan=\"1\" rowspan=\"1\">\n<div class=\"magic-2\">Frekvence<\/div>\n<\/td>\n<td colspan=\"1\" rowspan=\"1\">\n<div class=\"magic-3\">860-960 MHz<\/div>\n<\/td>\n<\/tr>\n<tr>\n<td colspan=\"1\" rowspan=\"1\">\n<div class=\"magic-2\">Typ IC (\u010dip)<\/div>\n<\/td>\n<td colspan=\"1\" rowspan=\"1\">\n<div class=\"magic-3\">NXP Ucode 8 nebo 9<\/div>\n<\/td>\n<\/tr>\n<tr>\n<td colspan=\"1\" rowspan=\"1\">\n<div class=\"magic-2\">Protokol<\/div>\n<\/td>\n<td colspan=\"1\" rowspan=\"1\">\n<div class=\"magic-3\">ISO18000 6C<\/div>\n<\/td>\n<\/tr>\n<tr>\n<td colspan=\"1\" rowspan=\"1\">\n<div class=\"magic-4\">Pam\u011b\u0165<\/div>\n<\/td>\n<td colspan=\"1\" rowspan=\"1\">\n<div class=\"magic-3\">EPC 96 bit\u016f<\/div>\n<\/td>\n<\/tr>\n<tr>\n<td colspan=\"1\" rowspan=\"1\">\n<div class=\"magic-2\">Materi\u00e1l<\/div>\n<\/td>\n<td colspan=\"1\" rowspan=\"1\">\n<div class=\"magic-3\">Pap\u00edr.PET atd<\/div>\n<\/td>\n<\/tr>\n<tr>\n<td colspan=\"1\" rowspan=\"1\">\n<div class=\"magic-2\">Tisk<\/div>\n<\/td>\n<td colspan=\"1\" rowspan=\"1\">\n<div class=\"magic-3\" data-spm-anchor-id=\"a2700.details.0.i85.7cea6afbA2IkLB\">Logo, qr k\u00f3d, \u010d\u00e1rov\u00fd k\u00f3d, s\u00e9riov\u00e9 \u010d\u00edslo<\/div>\n<\/td>\n<\/tr>\n<tr>\n<td colspan=\"1\" rowspan=\"1\">\n<div class=\"magic-2\">Provozn\u00ed teplota<\/div>\n<\/td>\n<td colspan=\"1\" rowspan=\"1\">\n<div class=\"magic-3\">-30 \u00b0C \u2013 +80 \u00b0C<\/div>\n<\/td>\n<\/tr>\n<tr>\n<td colspan=\"1\" rowspan=\"1\">\n<div class=\"magic-2\">P\u0159e\u010dt\u011bte si Vzd\u00e1lenost<\/div>\n<\/td>\n<td colspan=\"1\" rowspan=\"1\">\n<div class=\"magic-3\">A\u017e 15m<\/div>\n<\/td>\n<\/tr>\n<tr>\n<td colspan=\"1\" rowspan=\"1\">\n<div class=\"magic-5\">P\u0159ipojuje k<\/div>\n<\/td>\n<td colspan=\"1\" rowspan=\"1\">\n<div class=\"magic-3\">Pr\u00e1dlo a od\u011bvy<\/div>\n<\/td>\n<\/tr>\n<tr>\n<td colspan=\"1\" rowspan=\"1\">\n<div class=\"magic-4\">Hodnocen\u00ed IP<\/div>\n<\/td>\n<td colspan=\"1\" rowspan=\"1\">\n<div class=\"magic-3\">IP67<\/div>\n<\/td>\n<\/tr>\n<tr>\n<td colspan=\"1\" rowspan=\"1\">\n<div class=\"magic-4\">Barva<\/div>\n<\/td>\n<td colspan=\"1\" rowspan=\"1\">\n<div class=\"magic-3\">B\u00edl\u00fd<\/div>\n<\/td>\n<\/tr>\n<\/tbody>\n<\/table>\n<div class=\"auto-hide-last-sibling-br paragraph_1252f paragraph-element\">\n<div><\/div>\n<div class=\"auto-hide-last-sibling-br paragraph_1252f paragraph-element\">UHF RFID pap\u00edrov\u00e9 \u0161t\u00edtky jsou ned\u00edlnou sou\u010d\u00e1st\u00ed maloobchodn\u00edho sektoru a nab\u00edzej\u00ed \u0159e\u0161en\u00ed pro komplexn\u00ed spr\u00e1vu z\u00e1sob, ochranu proti kr\u00e1de\u017ei a zdokonalen\u00ed proces\u016f dodavatelsk\u00e9ho \u0159et\u011bzce.<\/div>\n<p><br class=\"container_e695a wrapper_ad07b undefined\" \/><\/p>\n<div class=\"auto-hide-last-sibling-br paragraph_1252f paragraph-element\">Ve snaze zlep\u0161it sv\u00e9 strategie \u0159\u00edzen\u00ed z\u00e1sob maloobchodn\u00edci p\u0159ipev\u0148uj\u00ed \u0161t\u00edtky RFID k jednotliv\u00fdm od\u011bv\u016fm. Tyto \u0161t\u00edtky jsou kompatibiln\u00ed s RFID \u010dte\u010dkami. Lze je rychle a p\u0159esn\u011b skenovat, co\u017e v\u00fdrazn\u011b zvy\u0161uje rychlost i efektivitu hodnocen\u00ed z\u00e1sob.<\/div>\n<\/div>\n<p>&nbsp;<\/p>\n<div class=\"auto-hide-last-sibling-br paragraph_1252f paragraph-element\">Zde jsou n\u011bkter\u00e9 pozoruhodn\u00e9 v\u00fdhody pou\u017e\u00edv\u00e1n\u00ed RFID \u0161t\u00edtk\u016f na oble\u010den\u00ed:<\/div>\n<div class=\"auto-hide-last-sibling-br paragraph_1252f paragraph-element\">Prevence ztr\u00e1ty: Tyto \u0161t\u00edtky poskytuj\u00ed robustn\u00ed opat\u0159en\u00ed proti kr\u00e1de\u017ei. Pokud se ozna\u010den\u00e1 polo\u017eka p\u0159esune za v\u00fdchod bez deaktivace, spust\u00ed se alarm, kter\u00fd upozorn\u00ed person\u00e1l obchodu na mo\u017enou kr\u00e1de\u017e.<\/div>\n<div class=\"auto-hide-last-sibling-br paragraph_1252f paragraph-element\"><\/div>\n<div><\/div>\n<div>\n<div class=\"auto-hide-last-sibling-br paragraph_1252f paragraph-element\">Pap\u00edrov\u00e9 visac\u00ed \u0161t\u00edtky UHF RFID nesou vzru\u0161uj\u00edc\u00ed potenci\u00e1l pro revoluci v operac\u00edch v odv\u011btv\u00edch, jako je spr\u00e1va maloobchodn\u00edho prodeje od\u011bv\u016f, spr\u00e1va invent\u00e1\u0159e od\u011bv\u016f a spr\u00e1va dodavatelsk\u00e9ho \u0159et\u011bzce od\u011bv\u016f.<\/div>\n<p>&nbsp;<\/p>\n<div class=\"auto-hide-last-sibling-br paragraph_1252f paragraph-element\"><\/div>\n<\/div>\n<p>&nbsp;<\/p>\n<p>&nbsp;<\/p>","protected":false},"excerpt":{"rendered":"<div class=\"auto-hide-last-sibling-br paragraph_1252f paragraph-element\">\n<div class=\"auto-hide-last-sibling-br paragraph_1252f paragraph-element\">\n<div class=\"auto-hide-last-sibling-br paragraph_1252f paragraph-element\">UHF RFID pap\u00edrov\u00e9 \u0161t\u00edtky slou\u017e\u00ed jako revolu\u010dn\u00ed n\u00e1stroj pro zefektivn\u011bn\u00ed \u0159\u00edzen\u00ed z\u00e1sob, zejm\u00e9na v od\u011bvn\u00edm pr\u016fmyslu. Maloobchodn\u00edci a v\u00fdrobci od\u011bv\u016f pova\u017euj\u00ed tyto \u0161t\u00edtky za zvl\u00e1\u0161t\u011b v\u00fdhodn\u00e9, proto\u017ee umo\u017e\u0148uj\u00ed efektivn\u00ed syst\u00e9m sledov\u00e1n\u00ed.<\/div>\n<div class=\"auto-hide-last-sibling-br paragraph_1252f paragraph-element\">Tyto \u0161t\u00edtky, kter\u00e9 obsahuj\u00ed centr\u00e1ln\u00ed UHF RFID \u010dip zabalen\u00fd v pap\u00edru, umo\u017e\u0148uj\u00ed vzd\u00e1len\u00e9 skenov\u00e1n\u00ed z\u00e1sob, co\u017e zna\u010dn\u011b zjednodu\u0161uje proces spr\u00e1vy z\u00e1sob. Tyto \u0161t\u00edtky poskytujeme v \u0159ad\u011b design\u016f a velikost\u00ed p\u0159izp\u016fsoben\u00fdch jedine\u010dn\u00fdm pot\u0159eb\u00e1m ka\u017ed\u00e9ho klienta.<\/div>\n<\/div>\n<\/div>","protected":false},"featured_media":194,"template":"","meta":{"_kad_post_transparent":"default","_kad_post_title":"","_kad_post_layout":"default","_kad_post_sidebar_id":"","_kad_post_content_style":"default","_kad_post_vertical_padding":"default","_kad_post_feature":"","_kad_post_feature_position":"","_kad_post_header":false,"_kad_post_footer":false,"_kad_post_classname":""},"product_brand":[],"product_cat":[53],"product_tag":[92,89,91,94],"class_list":{"0":"post-192","1":"product","2":"type-product","3":"status-publish","4":"has-post-thumbnail","6":"product_cat-rfid-clothes-tag","7":"product_tag-paper-rfid-clothes-tag","8":"product_tag-rfid-clothing-tags","9":"product_tag-uhf-rfid-paper-hang-tags","10":"product_tag-uhf-rfid-paper-tags","12":"first","13":"instock","14":"shipping-taxable","15":"product-type-simple","16":"entry","17":"content-bg","18":"loop-entry"},"_links":{"self":[{"href":"https:\/\/rfid-laundry-tag.com\/cs\/wp-json\/wp\/v2\/product\/192","targetHints":{"allow":["GET"]}}],"collection":[{"href":"https:\/\/rfid-laundry-tag.com\/cs\/wp-json\/wp\/v2\/product"}],"about":[{"href":"https:\/\/rfid-laundry-tag.com\/cs\/wp-json\/wp\/v2\/types\/product"}],"version-history":[{"count":0,"href":"https:\/\/rfid-laundry-tag.com\/cs\/wp-json\/wp\/v2\/product\/192\/revisions"}],"wp:featuredmedia":[{"embeddable":true,"href":"https:\/\/rfid-laundry-tag.com\/cs\/wp-json\/wp\/v2\/media\/194"}],"wp:attachment":[{"href":"https:\/\/rfid-laundry-tag.com\/cs\/wp-json\/wp\/v2\/media?parent=192"}],"wp:term":[{"taxonomy":"product_brand","embeddable":true,"href":"https:\/\/rfid-laundry-tag.com\/cs\/wp-json\/wp\/v2\/product_brand?post=192"},{"taxonomy":"product_cat","embeddable":true,"href":"https:\/\/rfid-laundry-tag.com\/cs\/wp-json\/wp\/v2\/product_cat?post=192"},{"taxonomy":"product_tag","embeddable":true,"href":"https:\/\/rfid-laundry-tag.com\/cs\/wp-json\/wp\/v2\/product_tag?post=192"}],"curies":[{"name":"wp","href":"https:\/\/api.w.org\/{rel}","templated":true}]}}