{"id":190,"date":"2024-06-16T05:17:47","date_gmt":"2024-06-16T05:17:47","guid":{"rendered":"https:\/\/rfid-laundry-tag.com\/?post_type=product&#038;p=190"},"modified":"2024-07-06T08:07:23","modified_gmt":"2024-07-06T08:07:23","slug":"paper-rfid-clothes-tag","status":"publish","type":"product","link":"https:\/\/rfid-laundry-tag.com\/cs\/paper-rfid-clothes-tag\/","title":{"rendered":"Pap\u00edrov\u00fd RFID \u0161t\u00edtek na oble\u010den\u00ed"},"content":{"rendered":"<table class=\"has-title all magic-1\">\n<tbody>\n<tr>\n<td colspan=\"1\" rowspan=\"1\">\n<div class=\"magic-2\" data-spm-anchor-id=\"a2700.details.0.i84.7cea6afbA2IkLB\">N\u00e1zev polo\u017eky<\/div>\n<\/td>\n<td colspan=\"1\" rowspan=\"1\">\n<div class=\"magic-3\">Pap\u00edrov\u00fd RFID \u0161t\u00edtek na oble\u010den\u00ed<\/div>\n<\/td>\n<\/tr>\n<tr>\n<td colspan=\"1\" rowspan=\"1\">\n<div class=\"magic-2\">Velikost<\/div>\n<\/td>\n<td colspan=\"1\" rowspan=\"1\">\n<div class=\"magic-3\">90x40 mm nebo p\u0159izp\u016fsoben\u00e9<\/div>\n<\/td>\n<\/tr>\n<tr>\n<td colspan=\"1\" rowspan=\"1\">\n<div class=\"magic-2\">Frekvence<\/div>\n<\/td>\n<td colspan=\"1\" rowspan=\"1\">\n<div class=\"magic-3\">860-960 MHz<\/div>\n<\/td>\n<\/tr>\n<tr>\n<td colspan=\"1\" rowspan=\"1\">\n<div class=\"magic-2\">Typ IC (\u010dip)<\/div>\n<\/td>\n<td colspan=\"1\" rowspan=\"1\">\n<div class=\"magic-3\">NXP Ucode 8 nebo 9<\/div>\n<\/td>\n<\/tr>\n<tr>\n<td colspan=\"1\" rowspan=\"1\">\n<div class=\"magic-2\">Protokol<\/div>\n<\/td>\n<td colspan=\"1\" rowspan=\"1\">\n<div class=\"magic-3\">ISO18000 6C<\/div>\n<\/td>\n<\/tr>\n<tr>\n<td colspan=\"1\" rowspan=\"1\">\n<div class=\"magic-4\">Pam\u011b\u0165<\/div>\n<\/td>\n<td colspan=\"1\" rowspan=\"1\">\n<div class=\"magic-3\">EPC 96 bit\u016f<\/div>\n<\/td>\n<\/tr>\n<tr>\n<td colspan=\"1\" rowspan=\"1\">\n<div class=\"magic-2\">Materi\u00e1l<\/div>\n<\/td>\n<td colspan=\"1\" rowspan=\"1\">\n<div class=\"magic-3\">Pap\u00edr.PET atd<\/div>\n<\/td>\n<\/tr>\n<tr>\n<td colspan=\"1\" rowspan=\"1\">\n<div class=\"magic-2\">Tisk<\/div>\n<\/td>\n<td colspan=\"1\" rowspan=\"1\">\n<div class=\"magic-3\" data-spm-anchor-id=\"a2700.details.0.i85.7cea6afbA2IkLB\">Logo, qr k\u00f3d, \u010d\u00e1rov\u00fd k\u00f3d, s\u00e9riov\u00e9 \u010d\u00edslo<\/div>\n<\/td>\n<\/tr>\n<tr>\n<td colspan=\"1\" rowspan=\"1\">\n<div class=\"magic-2\">Provozn\u00ed teplota<\/div>\n<\/td>\n<td colspan=\"1\" rowspan=\"1\">\n<div class=\"magic-3\">-30 \u00b0C \u2013 +80 \u00b0C<\/div>\n<\/td>\n<\/tr>\n<tr>\n<td colspan=\"1\" rowspan=\"1\">\n<div class=\"magic-2\">P\u0159e\u010dt\u011bte si Vzd\u00e1lenost<\/div>\n<\/td>\n<td colspan=\"1\" rowspan=\"1\">\n<div class=\"magic-3\">A\u017e 15m<\/div>\n<\/td>\n<\/tr>\n<tr>\n<td colspan=\"1\" rowspan=\"1\">\n<div class=\"magic-5\">P\u0159ipojuje k<\/div>\n<\/td>\n<td colspan=\"1\" rowspan=\"1\">\n<div class=\"magic-3\">Pr\u00e1dlo a od\u011bvy<\/div>\n<\/td>\n<\/tr>\n<tr>\n<td colspan=\"1\" rowspan=\"1\">\n<div class=\"magic-4\">Hodnocen\u00ed IP<\/div>\n<\/td>\n<td colspan=\"1\" rowspan=\"1\">\n<div class=\"magic-3\">IP67<\/div>\n<\/td>\n<\/tr>\n<tr>\n<td colspan=\"1\" rowspan=\"1\">\n<div class=\"magic-4\">Barva<\/div>\n<\/td>\n<td colspan=\"1\" rowspan=\"1\">\n<div class=\"magic-3\">B\u00edl\u00fd<\/div>\n<\/td>\n<\/tr>\n<\/tbody>\n<\/table>\n<div><\/div>\n<div>Tyto \u0161t\u00edtky jsou vyrobeny z pap\u00edru s centr\u00e1ln\u00edm UHF RFID \u010dipem a usnad\u0148uj\u00ed vzd\u00e1len\u00e9 skenov\u00e1n\u00ed. V sou\u010dasn\u00e9 dob\u011b jsou k dispozici v \u0159ad\u011b design\u016f a rozm\u011br\u016f a na\u0161e RFID \u0161t\u00edtky mohou b\u00fdt tak\u00e9 ozdobeny personalizovan\u00fdmi um\u011bleck\u00fdmi d\u00edly. Tato funkce umo\u017e\u0148uje, aby \u0161t\u00edtky slou\u017eily jako zna\u010dky vozidel, ani\u017e by byl ohro\u017een jejich hlavn\u00ed \u00fa\u010del.<\/div>\n<div><\/div>\n<div class=\"auto-hide-last-sibling-br paragraph_1252f paragraph-element\">RFID \u0161t\u00edtky na oble\u010den\u00ed hraj\u00ed z\u00e1sadn\u00ed roli v maloobchodn\u00edm pr\u016fmyslu a slou\u017e\u00ed mnoha funkc\u00edm od spr\u00e1vy z\u00e1sob a prevence kr\u00e1de\u017e\u00ed a\u017e po optimalizaci dodavatelsk\u00e9ho \u0159et\u011bzce.<\/div>\n<p>&nbsp;<\/p>\n<div class=\"auto-hide-last-sibling-br paragraph_1252f paragraph-element\">Aby maloobchodn\u00edci mohli efektivn\u011bji spravovat sv\u00e9 z\u00e1soby, p\u0159ipojuj\u00ed ke ka\u017ed\u00e9mu od\u011bvu \u0161t\u00edtek RFID. Tyto \u0161t\u00edtky lze rychle a p\u0159esn\u011b naskenovat \u010dte\u010dkami RFID, co\u017e v\u00fdrazn\u011b zvy\u0161uje rychlost a efektivitu inventarizace.<\/div>\n<p>&nbsp;<\/p>\n<div class=\"auto-hide-last-sibling-br paragraph_1252f paragraph-element\">Zde jsou n\u011bkter\u00e9 pozoruhodn\u00e9 v\u00fdhody pou\u017e\u00edv\u00e1n\u00ed RFID \u0161t\u00edtk\u016f na oble\u010den\u00ed:<\/div>\n<div class=\"auto-hide-last-sibling-br paragraph_1252f paragraph-element\">Prevence ztr\u00e1ty: Tyto \u0161t\u00edtky poskytuj\u00ed robustn\u00ed opat\u0159en\u00ed proti kr\u00e1de\u017ei. Pokud se ozna\u010den\u00e1 polo\u017eka p\u0159esune za v\u00fdchod bez deaktivace, spust\u00ed se alarm, kter\u00fd upozorn\u00ed person\u00e1l obchodu na mo\u017enou kr\u00e1de\u017e.<\/div>\n<p>&nbsp;<\/p>\n<div class=\"auto-hide-last-sibling-br paragraph_1252f paragraph-element\">Optimalizace dodavatelsk\u00e9ho \u0159et\u011bzce: Lep\u0161\u00ed viditelnost a sledov\u00e1n\u00ed od\u011bvn\u00edch polo\u017eek v cel\u00e9m dodavatelsk\u00e9m \u0159et\u011bzci je dosa\u017eeno pomoc\u00ed RFID tag\u016f. Toto monitorov\u00e1n\u00ed v re\u00e1ln\u00e9m \u010dase umo\u017e\u0148uje v\u00fdrobc\u016fm, distributor\u016fm a maloobchodn\u00edk\u016fm zlep\u0161it logistiku a kontrolu z\u00e1sob.<\/div>\n<div class=\"auto-hide-last-sibling-br paragraph_1252f paragraph-element\">Um\u00edst\u011bn\u00ed \u0161t\u00edtk\u016f: Univerz\u00e1lnost je hlavn\u00edm plusem \u0161t\u00edtk\u016f RFID. Mohou b\u00fdt v\u0161ity do od\u011bvu, vlo\u017eeny do \u0161t\u00edtku nebo visa\u010dky nebo za\u010dlen\u011bny do specializovan\u00fdch bezpe\u010dnostn\u00edch \u0161t\u00edtk\u016f.<\/div>\n<div class=\"auto-hide-last-sibling-br paragraph_1252f paragraph-element\">Varianty \u0161t\u00edtk\u016f: \u0160t\u00edtky RFID se dod\u00e1vaj\u00ed v r\u016fzn\u00fdch variant\u00e1ch, v\u010detn\u011b pasivn\u00edch a aktivn\u00edch \u0161t\u00edtk\u016f. Pasivn\u00ed \u0161t\u00edtky z\u00e1vis\u00ed na energii z RFID \u010dte\u010dky pro p\u0159enos dat. Naproti tomu aktivn\u00ed tagy maj\u00ed sv\u016fj vlastn\u00ed zdroj energie, kter\u00fd jim umo\u017e\u0148uje p\u0159en\u00e1\u0161et data na del\u0161\u00ed vzd\u00e1lenosti.<\/div>\n<div class=\"auto-hide-last-sibling-br paragraph_1252f paragraph-element\">Zabezpe\u010den\u00ed dat: Soukrom\u00ed z\u00e1kazn\u00edk\u016f je u syst\u00e9m\u016f RFID prioritou. Aby se zabr\u00e1nilo neopr\u00e1vn\u011bn\u00e9mu p\u0159\u00edstupu k citliv\u00fdm informac\u00edm, b\u011b\u017en\u011b se pou\u017e\u00edvaj\u00ed \u0161ifrovac\u00ed a autentiza\u010dn\u00ed protokoly.<\/div>\n<div><\/div>\n<div>\n<div class=\"auto-hide-last-sibling-br paragraph_1252f paragraph-element\">Pap\u00edrov\u00e9 visac\u00ed \u0161t\u00edtky UHF RFID nesou vzru\u0161uj\u00edc\u00ed potenci\u00e1l pro revoluci v operac\u00edch v odv\u011btv\u00edch, jako je spr\u00e1va maloobchodn\u00edho prodeje od\u011bv\u016f, spr\u00e1va invent\u00e1\u0159e od\u011bv\u016f a spr\u00e1va dodavatelsk\u00e9ho \u0159et\u011bzce od\u011bv\u016f.<\/div>\n<p>&nbsp;<\/p>\n<div class=\"auto-hide-last-sibling-br paragraph_1252f paragraph-element\">Implementace t\u011bchto zna\u010dek vede k rozmachu efektivity \u2013 ji\u017e nemus\u00edte p\u0159id\u011blovat manu\u00e1ln\u00ed hodiny inventarizaci nebo sledov\u00e1n\u00ed z\u00e1silek. Technologie RFID to ud\u011bl\u00e1 za v\u00e1s p\u0159esn\u011b a rychle a umo\u017en\u00ed va\u0161emu t\u00fdmu soust\u0159edit se na jin\u00e9 \u017eivotn\u011b d\u016fle\u017eit\u00e9 \u00fakoly.<\/div>\n<p>&nbsp;<\/p>\n<div class=\"auto-hide-last-sibling-br paragraph_1252f paragraph-element\">Zv\u00fd\u0161en\u00e1 p\u0159esnost je dal\u0161\u00ed v\u00fdznamnou v\u00fdhodou na\u0161ich RFID \u0161t\u00edtk\u016f. Riziko lidsk\u00e9 chyby p\u0159i ru\u010dn\u00edm sledov\u00e1n\u00ed a zad\u00e1v\u00e1n\u00ed dat je pomoc\u00ed t\u011bchto automatick\u00fdch zna\u010dek \u00fa\u010dinn\u011b omezeno. Tato zv\u00fd\u0161en\u00e1 p\u0159esnost p\u0159i shroma\u017e\u010fov\u00e1n\u00ed dat vede k p\u0159esn\u011bj\u0161\u00edm poznatk\u016fm, co\u017e napom\u00e1h\u00e1 efektivn\u00edmu rozhodov\u00e1n\u00ed ve va\u0161ich obchodn\u00edch operac\u00edch.<\/div>\n<p>&nbsp;<\/p>\n<div class=\"auto-hide-last-sibling-br paragraph_1252f paragraph-element\">Vy\u0161\u0161\u00ed efektivita a p\u0159esnost spole\u010dn\u011b zefektiv\u0148uj\u00ed va\u0161e operace a vedou ke zv\u00fd\u0161en\u00ed ziskovosti. Investic\u00ed do na\u0161ich UHF RFID pap\u00edrov\u00fdch visac\u00edch \u0161t\u00edtk\u016f nejen zlep\u0161\u00edte svou sou\u010dasnou provozn\u00ed efektivitu, ale tak\u00e9 zajist\u00edte udr\u017eiteln\u00fd a ziskov\u00fd r\u016fst va\u0161eho podnik\u00e1n\u00ed v dlouhodob\u00e9m horizontu.<\/div>\n<\/div>\n<p>&nbsp;<\/p>\n<p>&nbsp;<\/p>","protected":false},"excerpt":{"rendered":"<div class=\"auto-hide-last-sibling-br paragraph_1252f paragraph-element\">\n<div class=\"auto-hide-last-sibling-br paragraph_1252f paragraph-element\">\u00a0RFID pap\u00edrov\u00e9 \u0161t\u00edtky na oble\u010den\u00ed nab\u00edzej\u00ed dynamick\u00e9 \u0159e\u0161en\u00ed pro sledov\u00e1n\u00ed a \u0159\u00edzen\u00ed z\u00e1sob v od\u011bvn\u00edm sektoru. Tyto \u0161t\u00edtky se pou\u017e\u00edvaj\u00ed p\u0159edev\u0161\u00edm v maloobchodech a od\u011bvn\u00edch tov\u00e1rn\u00e1ch a umo\u017e\u0148uj\u00ed efektivn\u00ed sledov\u00e1n\u00ed od\u011bvn\u00edch polo\u017eek.<\/div>\n<p>&nbsp;<\/p>\n<div class=\"auto-hide-last-sibling-br paragraph_1252f paragraph-element\"><\/div>\n<\/div>","protected":false},"featured_media":191,"template":"","meta":{"_kad_post_transparent":"default","_kad_post_title":"","_kad_post_layout":"default","_kad_post_sidebar_id":"","_kad_post_content_style":"default","_kad_post_vertical_padding":"default","_kad_post_feature":"","_kad_post_feature_position":"","_kad_post_header":false,"_kad_post_footer":false,"_kad_post_classname":""},"product_brand":[],"product_cat":[53],"product_tag":[92,89,91],"class_list":{"0":"post-190","1":"product","2":"type-product","3":"status-publish","4":"has-post-thumbnail","6":"product_cat-rfid-clothes-tag","7":"product_tag-paper-rfid-clothes-tag","8":"product_tag-rfid-clothing-tags","9":"product_tag-uhf-rfid-paper-hang-tags","11":"first","12":"instock","13":"shipping-taxable","14":"product-type-simple","15":"entry","16":"content-bg","17":"loop-entry"},"_links":{"self":[{"href":"https:\/\/rfid-laundry-tag.com\/cs\/wp-json\/wp\/v2\/product\/190","targetHints":{"allow":["GET"]}}],"collection":[{"href":"https:\/\/rfid-laundry-tag.com\/cs\/wp-json\/wp\/v2\/product"}],"about":[{"href":"https:\/\/rfid-laundry-tag.com\/cs\/wp-json\/wp\/v2\/types\/product"}],"version-history":[{"count":0,"href":"https:\/\/rfid-laundry-tag.com\/cs\/wp-json\/wp\/v2\/product\/190\/revisions"}],"wp:featuredmedia":[{"embeddable":true,"href":"https:\/\/rfid-laundry-tag.com\/cs\/wp-json\/wp\/v2\/media\/191"}],"wp:attachment":[{"href":"https:\/\/rfid-laundry-tag.com\/cs\/wp-json\/wp\/v2\/media?parent=190"}],"wp:term":[{"taxonomy":"product_brand","embeddable":true,"href":"https:\/\/rfid-laundry-tag.com\/cs\/wp-json\/wp\/v2\/product_brand?post=190"},{"taxonomy":"product_cat","embeddable":true,"href":"https:\/\/rfid-laundry-tag.com\/cs\/wp-json\/wp\/v2\/product_cat?post=190"},{"taxonomy":"product_tag","embeddable":true,"href":"https:\/\/rfid-laundry-tag.com\/cs\/wp-json\/wp\/v2\/product_tag?post=190"}],"curies":[{"name":"wp","href":"https:\/\/api.w.org\/{rel}","templated":true}]}}