{"id":187,"date":"2024-06-15T17:37:43","date_gmt":"2024-06-15T17:37:43","guid":{"rendered":"https:\/\/rfid-laundry-tag.com\/?post_type=product&#038;p=187"},"modified":"2024-06-15T17:40:32","modified_gmt":"2024-06-15T17:40:32","slug":"uhf-rfid-paper-hang-tags","status":"publish","type":"product","link":"https:\/\/rfid-laundry-tag.com\/cs\/uhf-rfid-paper-hang-tags\/","title":{"rendered":"UHF RFID pap\u00edrov\u00e9 visac\u00ed \u0161t\u00edtky"},"content":{"rendered":"<table class=\"has-title all magic-1\">\n<tbody>\n<tr>\n<td colspan=\"1\" rowspan=\"1\">\n<div class=\"magic-2\" data-spm-anchor-id=\"a2700.details.0.i84.7cea6afbA2IkLB\">N\u00e1zev polo\u017eky<\/div>\n<\/td>\n<td colspan=\"1\" rowspan=\"1\">\n<div class=\"magic-3\">UHF RFID pap\u00edrov\u00e9 visac\u00ed \u0161t\u00edtky<\/div>\n<\/td>\n<\/tr>\n<tr>\n<td colspan=\"1\" rowspan=\"1\">\n<div class=\"magic-2\">Velikost<\/div>\n<\/td>\n<td colspan=\"1\" rowspan=\"1\">\n<div class=\"magic-3\">90x40 mm nebo p\u0159izp\u016fsoben\u00e9<\/div>\n<\/td>\n<\/tr>\n<tr>\n<td colspan=\"1\" rowspan=\"1\">\n<div class=\"magic-2\">Frekvence<\/div>\n<\/td>\n<td colspan=\"1\" rowspan=\"1\">\n<div class=\"magic-3\">860-960 MHz<\/div>\n<\/td>\n<\/tr>\n<tr>\n<td colspan=\"1\" rowspan=\"1\">\n<div class=\"magic-2\">Typ IC (\u010dip)<\/div>\n<\/td>\n<td colspan=\"1\" rowspan=\"1\">\n<div class=\"magic-3\">NXP Ucode 8 nebo 9<\/div>\n<\/td>\n<\/tr>\n<tr>\n<td colspan=\"1\" rowspan=\"1\">\n<div class=\"magic-2\">Protokol<\/div>\n<\/td>\n<td colspan=\"1\" rowspan=\"1\">\n<div class=\"magic-3\">ISO18000 6C<\/div>\n<\/td>\n<\/tr>\n<tr>\n<td colspan=\"1\" rowspan=\"1\">\n<div class=\"magic-4\">Pam\u011b\u0165<\/div>\n<\/td>\n<td colspan=\"1\" rowspan=\"1\">\n<div class=\"magic-3\">EPC 96 bit\u016f<\/div>\n<\/td>\n<\/tr>\n<tr>\n<td colspan=\"1\" rowspan=\"1\">\n<div class=\"magic-2\">Materi\u00e1l<\/div>\n<\/td>\n<td colspan=\"1\" rowspan=\"1\">\n<div class=\"magic-3\">Pap\u00edr.PET atd<\/div>\n<\/td>\n<\/tr>\n<tr>\n<td colspan=\"1\" rowspan=\"1\">\n<div class=\"magic-2\">Tisk<\/div>\n<\/td>\n<td colspan=\"1\" rowspan=\"1\">\n<div class=\"magic-3\" data-spm-anchor-id=\"a2700.details.0.i85.7cea6afbA2IkLB\">Logo, qr k\u00f3d, \u010d\u00e1rov\u00fd k\u00f3d, s\u00e9riov\u00e9 \u010d\u00edslo<\/div>\n<\/td>\n<\/tr>\n<tr>\n<td colspan=\"1\" rowspan=\"1\">\n<div class=\"magic-2\">Provozn\u00ed teplota<\/div>\n<\/td>\n<td colspan=\"1\" rowspan=\"1\">\n<div class=\"magic-3\">-30 \u00b0C \u2013 +80 \u00b0C<\/div>\n<\/td>\n<\/tr>\n<tr>\n<td colspan=\"1\" rowspan=\"1\">\n<div class=\"magic-2\">P\u0159e\u010dt\u011bte si Vzd\u00e1lenost<\/div>\n<\/td>\n<td colspan=\"1\" rowspan=\"1\">\n<div class=\"magic-3\">A\u017e 15m<\/div>\n<\/td>\n<\/tr>\n<tr>\n<td colspan=\"1\" rowspan=\"1\">\n<div class=\"magic-5\">P\u0159ipojuje k<\/div>\n<\/td>\n<td colspan=\"1\" rowspan=\"1\">\n<div class=\"magic-3\">Pr\u00e1dlo a od\u011bvy<\/div>\n<\/td>\n<\/tr>\n<tr>\n<td colspan=\"1\" rowspan=\"1\">\n<div class=\"magic-4\">Hodnocen\u00ed IP<\/div>\n<\/td>\n<td colspan=\"1\" rowspan=\"1\">\n<div class=\"magic-3\">IP67<\/div>\n<\/td>\n<\/tr>\n<tr>\n<td colspan=\"1\" rowspan=\"1\">\n<div class=\"magic-4\">Barva<\/div>\n<\/td>\n<td colspan=\"1\" rowspan=\"1\">\n<div class=\"magic-3\">B\u00edl\u00fd<\/div>\n<\/td>\n<\/tr>\n<\/tbody>\n<\/table>\n<p>&nbsp;<\/p>\n<p>Pap\u00edrov\u00e9 \u0161t\u00edtky UHF RFID slou\u017e\u00ed jako bezpe\u010dn\u00e1 metoda identifikace polo\u017eek. Mohou b\u00fdt nasazeny, aby zabr\u00e1nily pad\u011bl\u00e1n\u00ed a kontrolovaly p\u0159\u00edstup do zak\u00e1zan\u00fdch oblast\u00ed, \u010d\u00edm\u017e se zv\u00fd\u0161\u00ed bezpe\u010dnost a p\u0159esnost va\u0161ich obchodn\u00edch operac\u00ed. Vyberte si na\u0161e UHF RFID Apparel Hang Tags, abyste zjednodu\u0161ili spr\u00e1vu z\u00e1sob a zv\u00fd\u0161ili bezpe\u010dnost va\u0161eho maloobchodu.<\/p>\n<p>D\u00edky aplikac\u00edm, jako je Spr\u00e1va maloobchodu s od\u011bvy, Spr\u00e1va invent\u00e1\u0159e od\u011bv\u016f a Spr\u00e1va dodavatelsk\u00e9ho \u0159et\u011bzce od\u011bv\u016f, na\u0161e UHF RFID pap\u00edrov\u00e9 visac\u00ed \u0161t\u00edtky nejen p\u0159in\u00e1\u0161ej\u00ed efektivitu va\u0161ich operac\u00ed, ale tak\u00e9 zvy\u0161uj\u00ed p\u0159esnost, co\u017e vede k lep\u0161\u00edmu rozhodov\u00e1n\u00ed a ziskovosti.<\/p>","protected":false},"excerpt":{"rendered":"<div class=\"auto-hide-last-sibling-br paragraph_1252f paragraph-element\">Pap\u00edrov\u00e9 \u0161t\u00edtky UHF RFID p\u0159edstavuj\u00ed dostupnou odpov\u011b\u010f na sledov\u00e1n\u00ed a spr\u00e1vu z\u00e1sob v m\u00f3dn\u00edm pr\u016fmyslu. Tyto \u0161t\u00edtky se obecn\u011b pou\u017e\u00edvaj\u00ed v maloobchodn\u00edch prodejn\u00e1ch od\u011bv\u016f a v\u00fdrobn\u00edch skladech k zaji\u0161t\u011bn\u00ed efektivn\u00edho sledov\u00e1n\u00ed od\u011bvn\u00edch v\u00fdrobk\u016f.<\/div>\n<div class=\"auto-hide-last-sibling-br paragraph_1252f paragraph-element\">\u0160t\u00edtky jsou vyrobeny z pap\u00edru s UHF RFID \u010dipem ve sv\u00e9m st\u0159edu, kter\u00fd umo\u017e\u0148uje vzd\u00e1len\u00e9 \u010dten\u00ed. Na\u0161e pap\u00edrov\u00e9 \u0161t\u00edtky RFID jsou k dispozici v \u0161irok\u00e9 \u0161k\u00e1le tvar\u016f a velikost\u00ed a lze je p\u0159izp\u016fsobit va\u0161im po\u017eadovan\u00fdm um\u011bleck\u00fdm d\u00edl\u016fm, co\u017e poskytuje p\u0159\u00edle\u017eitosti pro branding p\u0159i zachov\u00e1n\u00ed jejich funk\u010dnosti.<\/div>","protected":false},"featured_media":188,"template":"","meta":{"_kad_post_transparent":"default","_kad_post_title":"","_kad_post_layout":"default","_kad_post_sidebar_id":"","_kad_post_content_style":"default","_kad_post_vertical_padding":"default","_kad_post_feature":"","_kad_post_feature_position":"","_kad_post_header":false,"_kad_post_footer":false,"_kad_post_classname":""},"product_brand":[],"product_cat":[53],"product_tag":[89,90,91],"class_list":{"0":"post-187","1":"product","2":"type-product","3":"status-publish","4":"has-post-thumbnail","6":"product_cat-rfid-clothes-tag","7":"product_tag-rfid-clothing-tags","8":"product_tag-rfid-paper-hang-tags","9":"product_tag-uhf-rfid-paper-hang-tags","11":"first","12":"instock","13":"shipping-taxable","14":"product-type-simple","15":"entry","16":"content-bg","17":"loop-entry"},"_links":{"self":[{"href":"https:\/\/rfid-laundry-tag.com\/cs\/wp-json\/wp\/v2\/product\/187","targetHints":{"allow":["GET"]}}],"collection":[{"href":"https:\/\/rfid-laundry-tag.com\/cs\/wp-json\/wp\/v2\/product"}],"about":[{"href":"https:\/\/rfid-laundry-tag.com\/cs\/wp-json\/wp\/v2\/types\/product"}],"version-history":[{"count":1,"href":"https:\/\/rfid-laundry-tag.com\/cs\/wp-json\/wp\/v2\/product\/187\/revisions"}],"predecessor-version":[{"id":189,"href":"https:\/\/rfid-laundry-tag.com\/cs\/wp-json\/wp\/v2\/product\/187\/revisions\/189"}],"wp:featuredmedia":[{"embeddable":true,"href":"https:\/\/rfid-laundry-tag.com\/cs\/wp-json\/wp\/v2\/media\/188"}],"wp:attachment":[{"href":"https:\/\/rfid-laundry-tag.com\/cs\/wp-json\/wp\/v2\/media?parent=187"}],"wp:term":[{"taxonomy":"product_brand","embeddable":true,"href":"https:\/\/rfid-laundry-tag.com\/cs\/wp-json\/wp\/v2\/product_brand?post=187"},{"taxonomy":"product_cat","embeddable":true,"href":"https:\/\/rfid-laundry-tag.com\/cs\/wp-json\/wp\/v2\/product_cat?post=187"},{"taxonomy":"product_tag","embeddable":true,"href":"https:\/\/rfid-laundry-tag.com\/cs\/wp-json\/wp\/v2\/product_tag?post=187"}],"curies":[{"name":"wp","href":"https:\/\/api.w.org\/{rel}","templated":true}]}}