{"id":185,"date":"2024-06-15T17:36:34","date_gmt":"2024-06-15T17:36:34","guid":{"rendered":"https:\/\/rfid-laundry-tag.com\/?post_type=product&#038;p=185"},"modified":"2024-06-15T17:36:34","modified_gmt":"2024-06-15T17:36:34","slug":"uhf-paper-rfid-clothing-label-tags","status":"publish","type":"product","link":"https:\/\/rfid-laundry-tag.com\/cs\/uhf-paper-rfid-clothing-label-tags\/","title":{"rendered":"UHF pap\u00edrov\u00e9 RFID \u0161t\u00edtky na od\u011bvy"},"content":{"rendered":"<table class=\"has-title all magic-1\">\n<tbody>\n<tr>\n<td colspan=\"1\" rowspan=\"1\">\n<div class=\"magic-2\" data-spm-anchor-id=\"a2700.details.0.i84.7cea6afbA2IkLB\">N\u00e1zev polo\u017eky<\/div>\n<\/td>\n<td colspan=\"1\" rowspan=\"1\">\n<div class=\"magic-3\">UHF pap\u00edrov\u00e9 RFID \u0161t\u00edtky na od\u011bvy<\/div>\n<\/td>\n<\/tr>\n<tr>\n<td colspan=\"1\" rowspan=\"1\">\n<div class=\"magic-2\">Velikost<\/div>\n<\/td>\n<td colspan=\"1\" rowspan=\"1\">\n<div class=\"magic-3\">90x40 mm nebo p\u0159izp\u016fsoben\u00e9<\/div>\n<\/td>\n<\/tr>\n<tr>\n<td colspan=\"1\" rowspan=\"1\">\n<div class=\"magic-2\">Frekvence<\/div>\n<\/td>\n<td colspan=\"1\" rowspan=\"1\">\n<div class=\"magic-3\">860-960 MHz<\/div>\n<\/td>\n<\/tr>\n<tr>\n<td colspan=\"1\" rowspan=\"1\">\n<div class=\"magic-2\">Typ IC (\u010dip)<\/div>\n<\/td>\n<td colspan=\"1\" rowspan=\"1\">\n<div class=\"magic-3\">NXP Ucode 8 nebo 9<\/div>\n<\/td>\n<\/tr>\n<tr>\n<td colspan=\"1\" rowspan=\"1\">\n<div class=\"magic-2\">Protokol<\/div>\n<\/td>\n<td colspan=\"1\" rowspan=\"1\">\n<div class=\"magic-3\">ISO18000 6C<\/div>\n<\/td>\n<\/tr>\n<tr>\n<td colspan=\"1\" rowspan=\"1\">\n<div class=\"magic-4\">Pam\u011b\u0165<\/div>\n<\/td>\n<td colspan=\"1\" rowspan=\"1\">\n<div class=\"magic-3\">EPC 96 bit\u016f<\/div>\n<\/td>\n<\/tr>\n<tr>\n<td colspan=\"1\" rowspan=\"1\">\n<div class=\"magic-2\">Materi\u00e1l<\/div>\n<\/td>\n<td colspan=\"1\" rowspan=\"1\">\n<div class=\"magic-3\">Pap\u00edr.PET atd<\/div>\n<\/td>\n<\/tr>\n<tr>\n<td colspan=\"1\" rowspan=\"1\">\n<div class=\"magic-2\">Tisk<\/div>\n<\/td>\n<td colspan=\"1\" rowspan=\"1\">\n<div class=\"magic-3\" data-spm-anchor-id=\"a2700.details.0.i85.7cea6afbA2IkLB\">Logo, qr k\u00f3d, \u010d\u00e1rov\u00fd k\u00f3d, s\u00e9riov\u00e9 \u010d\u00edslo<\/div>\n<\/td>\n<\/tr>\n<tr>\n<td colspan=\"1\" rowspan=\"1\">\n<div class=\"magic-2\">Provozn\u00ed teplota<\/div>\n<\/td>\n<td colspan=\"1\" rowspan=\"1\">\n<div class=\"magic-3\">-30 \u00b0C \u2013 +80 \u00b0C<\/div>\n<\/td>\n<\/tr>\n<tr>\n<td colspan=\"1\" rowspan=\"1\">\n<div class=\"magic-2\">P\u0159e\u010dt\u011bte si Vzd\u00e1lenost<\/div>\n<\/td>\n<td colspan=\"1\" rowspan=\"1\">\n<div class=\"magic-3\">A\u017e 15m<\/div>\n<\/td>\n<\/tr>\n<tr>\n<td colspan=\"1\" rowspan=\"1\">\n<div class=\"magic-5\">P\u0159ipojuje k<\/div>\n<\/td>\n<td colspan=\"1\" rowspan=\"1\">\n<div class=\"magic-3\">Pr\u00e1dlo a od\u011bvy<\/div>\n<\/td>\n<\/tr>\n<tr>\n<td colspan=\"1\" rowspan=\"1\">\n<div class=\"magic-4\">Hodnocen\u00ed IP<\/div>\n<\/td>\n<td colspan=\"1\" rowspan=\"1\">\n<div class=\"magic-3\">IP67<\/div>\n<\/td>\n<\/tr>\n<tr>\n<td colspan=\"1\" rowspan=\"1\">\n<div class=\"magic-4\">Barva<\/div>\n<\/td>\n<td colspan=\"1\" rowspan=\"1\">\n<div class=\"magic-3\">B\u00edl\u00fd<\/div>\n<\/td>\n<\/tr>\n<\/tbody>\n<\/table>\n<p>&nbsp;<\/p>\n<p><strong>UHF RFID \u0161t\u00edtky na oble\u010den\u00ed<\/strong> slou\u017e\u00ed jako bezpe\u010dn\u00e1 metoda identifikace p\u0159edm\u011btu. Mohou b\u00fdt nasazeny, aby zabr\u00e1nily pad\u011bl\u00e1n\u00ed a kontrolovaly p\u0159\u00edstup do zak\u00e1zan\u00fdch oblast\u00ed, \u010d\u00edm\u017e se zv\u00fd\u0161\u00ed bezpe\u010dnost a p\u0159esnost va\u0161ich obchodn\u00edch operac\u00ed. Vyberte si na\u0161e UHF RFID Apparel Hang Tags, abyste zjednodu\u0161ili spr\u00e1vu z\u00e1sob a zv\u00fd\u0161ili bezpe\u010dnost va\u0161eho maloobchodu.<\/p>\n<p>D\u00edky n\u011bkolika aplikac\u00edm, kter\u00e9 se roz\u0161i\u0159uj\u00ed o sledov\u00e1n\u00ed majetku, spr\u00e1vu invent\u00e1\u0159e od\u011bv\u016f, od\u011bvn\u00ed dodavatelsk\u00fd \u0159et\u011bzec a spr\u00e1vu maloobchodn\u00edho prodeje od\u011bv\u016f, mohou na\u0161e pap\u00edrov\u00e9 z\u00e1v\u011bsn\u00e9 \u0161t\u00edtky UHF RFID v\u00fdrazn\u011b vylep\u0161it va\u0161e mo\u017enosti sledov\u00e1n\u00ed a v kone\u010dn\u00e9m d\u016fsledku optimalizovat va\u0161e obchodn\u00ed operace.<\/p>","protected":false},"excerpt":{"rendered":"<p>UHF Paper RFID Clothing Label Tags jsou drobn\u00e9 \u0161t\u00edtky speci\u00e1ln\u011b navr\u017een\u00e9 pro sledov\u00e1n\u00ed oble\u010den\u00ed a od\u011bv\u016f. Zahrnuj\u00ed ultra-vysokofrekven\u010dn\u00ed (UHF) RFID technologii, kter\u00e1 zaji\u0161\u0165uje optim\u00e1ln\u00ed v\u00fdkon sledov\u00e1n\u00ed. UHF RFID Apparel Hang Tags jsou speci\u00e1ln\u011b vytvo\u0159eny pro m\u00f3dn\u00ed maloobchodn\u00ed pr\u016fmysl. Tyto pap\u00edrov\u00e9 z\u00e1v\u011bsn\u00e9 \u0161t\u00edtky RFID, kter\u00e9 maj\u00ed vestav\u011bn\u00e9 \u010dipy RFID (Radio Frequency Identification), jsou p\u0159ipevn\u011bny k od\u011bv\u016fm, co\u017e umo\u017e\u0148uje jejich skenov\u00e1n\u00ed pomoc\u00ed UHF RFID \u010dte\u010dky.<\/p>\n<div class=\"auto-hide-last-sibling-br paragraph_1252f paragraph-element\">Tyto zna\u010dky hraj\u00ed kl\u00ed\u010dovou roli p\u0159i sledov\u00e1n\u00ed a spr\u00e1v\u011b invent\u00e1\u0159e v maloobchodn\u00edch prodejn\u00e1ch, skladech a distribu\u010dn\u00edch centrech. Poskytuj\u00ed sledov\u00e1n\u00ed z\u00e1sob v re\u00e1ln\u00e9m \u010dase, \u010d\u00edm\u017e umo\u017e\u0148uj\u00ed maloobchodn\u00edm podnik\u016fm p\u0159esn\u011b dohl\u00ed\u017eet na \u00farove\u0148 z\u00e1sob, minimalizovat p\u0159\u00edpady vyprod\u00e1n\u00ed z\u00e1sob a v kone\u010dn\u00e9m d\u016fsledku zv\u00fd\u0161it prodeje.<\/div>","protected":false},"featured_media":186,"template":"","meta":{"_kad_post_transparent":"default","_kad_post_title":"","_kad_post_layout":"default","_kad_post_sidebar_id":"","_kad_post_content_style":"default","_kad_post_vertical_padding":"default","_kad_post_feature":"","_kad_post_feature_position":"","_kad_post_header":false,"_kad_post_footer":false,"_kad_post_classname":""},"product_brand":[],"product_cat":[53],"product_tag":[89,90,88],"class_list":{"0":"post-185","1":"product","2":"type-product","3":"status-publish","4":"has-post-thumbnail","6":"product_cat-rfid-clothes-tag","7":"product_tag-rfid-clothing-tags","8":"product_tag-rfid-paper-hang-tags","9":"product_tag-uhf-paper-rfid-clothing-label-tags","11":"first","12":"instock","13":"shipping-taxable","14":"product-type-simple","15":"entry","16":"content-bg","17":"loop-entry"},"_links":{"self":[{"href":"https:\/\/rfid-laundry-tag.com\/cs\/wp-json\/wp\/v2\/product\/185","targetHints":{"allow":["GET"]}}],"collection":[{"href":"https:\/\/rfid-laundry-tag.com\/cs\/wp-json\/wp\/v2\/product"}],"about":[{"href":"https:\/\/rfid-laundry-tag.com\/cs\/wp-json\/wp\/v2\/types\/product"}],"version-history":[{"count":0,"href":"https:\/\/rfid-laundry-tag.com\/cs\/wp-json\/wp\/v2\/product\/185\/revisions"}],"wp:featuredmedia":[{"embeddable":true,"href":"https:\/\/rfid-laundry-tag.com\/cs\/wp-json\/wp\/v2\/media\/186"}],"wp:attachment":[{"href":"https:\/\/rfid-laundry-tag.com\/cs\/wp-json\/wp\/v2\/media?parent=185"}],"wp:term":[{"taxonomy":"product_brand","embeddable":true,"href":"https:\/\/rfid-laundry-tag.com\/cs\/wp-json\/wp\/v2\/product_brand?post=185"},{"taxonomy":"product_cat","embeddable":true,"href":"https:\/\/rfid-laundry-tag.com\/cs\/wp-json\/wp\/v2\/product_cat?post=185"},{"taxonomy":"product_tag","embeddable":true,"href":"https:\/\/rfid-laundry-tag.com\/cs\/wp-json\/wp\/v2\/product_tag?post=185"}],"curies":[{"name":"wp","href":"https:\/\/api.w.org\/{rel}","templated":true}]}}