{"id":181,"date":"2024-06-15T17:00:44","date_gmt":"2024-06-15T17:00:44","guid":{"rendered":"https:\/\/rfid-laundry-tag.com\/?post_type=product&#038;p=181"},"modified":"2024-08-14T15:40:24","modified_gmt":"2024-08-14T15:40:24","slug":"satin-uhf-rfid-wash-label","status":"publish","type":"product","link":"https:\/\/rfid-laundry-tag.com\/cs\/satin-uhf-rfid-wash-label\/","title":{"rendered":"Satin UHF RFID Wash Label"},"content":{"rendered":"<div class=\"J_module\">\n<div class=\"ife-detail-decorate-table\">\n<table class=\"hight-light-first-column all magic-14\">\n<tbody>\n<tr>\n<td colspan=\"1\" rowspan=\"1\">\n<div class=\"magic-15\" data-spm-anchor-id=\"a2700.details.0.i95.236a58c1ycsfva\">N\u00e1zev produkce:<\/div>\n<\/td>\n<td colspan=\"1\" rowspan=\"1\">\n<div class=\"magic-16\">Satin UHF RFID Wash Label<\/div>\n<\/td>\n<\/tr>\n<tr>\n<td colspan=\"1\" rowspan=\"1\">\n<div class=\"magic-15\"><span class=\"magic-17\">Materi\u00e1l:<\/span><\/div>\n<\/td>\n<td colspan=\"1\" rowspan=\"1\">\n<div class=\"magic-16\">Polyester\/Slo\u017een\u00ed\/Sat\u00e9n\/Bavlna\/Netkan\u00e1\/PET atd.<\/div>\n<\/td>\n<\/tr>\n<tr>\n<td colspan=\"1\" rowspan=\"1\">\n<div class=\"magic-15\"><span class=\"magic-17\">Velikost:<\/span><\/div>\n<\/td>\n<td colspan=\"1\" rowspan=\"1\">\n<div class=\"magic-16\"><span class=\"magic-17\">80 * 38 mm \/ 60 * 30 mm nebo p\u0159izp\u016fsoben\u00e9<\/span><\/div>\n<\/td>\n<\/tr>\n<tr>\n<td colspan=\"1\" rowspan=\"1\">\n<div class=\"magic-15\"><span class=\"magic-17\">Typ:<\/span><\/div>\n<\/td>\n<td colspan=\"1\" rowspan=\"1\">\n<div class=\"magic-16\"><span class=\"magic-17\">Pasivn\u00ed, RFID<\/span><\/div>\n<\/td>\n<\/tr>\n<tr>\n<td colspan=\"1\" rowspan=\"1\">\n<div class=\"magic-15\">RF protokol:<\/div>\n<\/td>\n<td colspan=\"1\" rowspan=\"1\">\n<div class=\"magic-16\">ISO 18000-6C; EPC Class 1 Gen 2<\/div>\n<\/td>\n<\/tr>\n<tr>\n<td colspan=\"1\" rowspan=\"1\">\n<div class=\"magic-15\"><span class=\"magic-17\">Frekvence:<\/span><\/div>\n<\/td>\n<td colspan=\"1\" rowspan=\"1\">\n<div class=\"magic-16\"><span class=\"magic-17\">860~960 MHz<\/span><\/div>\n<\/td>\n<\/tr>\n<tr>\n<td colspan=\"1\" rowspan=\"1\">\n<div class=\"magic-15\">\u010cip<\/div>\n<\/td>\n<td colspan=\"1\" rowspan=\"1\">\n<div class=\"magic-16\">Alien Higgs, Monza 3, Monza 4D, Monza 4QT, Monza R6, Monza R6-P, Impinj M730, Impinj M750 atd.<\/div>\n<\/td>\n<\/tr>\n<tr>\n<td colspan=\"1\" rowspan=\"1\">\n<div class=\"magic-15\"><span class=\"magic-17\">Vzd\u00e1lenost \u010dten\u00ed:<\/span><\/div>\n<\/td>\n<td colspan=\"1\" rowspan=\"1\">\n<div class=\"magic-16\"><span class=\"magic-17\">UHF: 1~10m (z\u00e1vis\u00ed na \u010dte\u010dce a ant\u00e9n\u011b)<\/span><\/div>\n<\/td>\n<\/tr>\n<tr>\n<td colspan=\"1\" rowspan=\"1\">\n<div class=\"magic-15\"><span class=\"magic-17\">Pevn\u00fd zp\u016fsob:<\/span><\/div>\n<\/td>\n<td colspan=\"1\" rowspan=\"1\">\n<div class=\"magic-16\"><span class=\"magic-17\">\u0160it\u00ed \/ \u017eehlen\u00ed<\/span><\/div>\n<\/td>\n<\/tr>\n<tr>\n<td colspan=\"1\" rowspan=\"1\">\n<div class=\"magic-15\"><span class=\"magic-17\">Tisk:<\/span><\/div>\n<\/td>\n<td colspan=\"1\" rowspan=\"1\">\n<div class=\"magic-16\"><span class=\"magic-17\">Tisk, k\u00f3dov\u00e1n\u00ed, s\u00e9riov\u00e9 \u010d\u00edslo, design atd.<\/span><\/div>\n<\/td>\n<\/tr>\n<tr>\n<td colspan=\"1\" rowspan=\"1\">\n<div class=\"magic-15\"><span class=\"magic-17\">\u017divotnost IC:<\/span><\/div>\n<\/td>\n<td colspan=\"1\" rowspan=\"1\">\n<div class=\"magic-16\" data-spm-anchor-id=\"a2700.details.0.i94.236a58c1ycsfva\"><span class=\"magic-17\">100 000 programovac\u00edch cykl\u016f<br \/>\n10 let uchov\u00e1v\u00e1n\u00ed dat<\/span><\/div>\n<\/td>\n<\/tr>\n<tr>\n<td colspan=\"1\" rowspan=\"1\">\n<div class=\"magic-15\"><span class=\"magic-17\">Vzorov\u00e1 dostupnost:<\/span><\/div>\n<\/td>\n<td colspan=\"1\" rowspan=\"1\">\n<div class=\"magic-16\"><span class=\"magic-17\">Vzorky zdarma jsou k dispozici na vy\u017e\u00e1d\u00e1n\u00ed<\/span><\/div>\n<\/td>\n<\/tr>\n<tr>\n<td colspan=\"1\" rowspan=\"1\">\n<div class=\"magic-15\"><span class=\"magic-17\">Aplikace:\u00a0<\/span><\/div>\n<\/td>\n<td colspan=\"1\" rowspan=\"1\">\n<div class=\"magic-16\"><span class=\"magic-17\">\u00b7 \u0158\u00edzen\u00ed z\u00e1sob<br \/>\n\u00b7 Dodavatelsk\u00fd \u0159et\u011bzec<br \/>\n\u00b7 Maloobchod<\/span><\/div>\n<\/td>\n<\/tr>\n<tr>\n<td colspan=\"1\" rowspan=\"1\">\n<div class=\"magic-15\"><span class=\"magic-17\">Pou\u017eit\u00ed<\/span><\/div>\n<\/td>\n<td colspan=\"1\" rowspan=\"1\">\n<div class=\"magic-16\"><span class=\"magic-17\">Od\u011bvy, oble\u010den\u00ed, ta\u0161ky, boty atd.<\/span><\/div>\n<\/td>\n<\/tr>\n<\/tbody>\n<\/table>\n<\/div>\n<\/div>\n<div class=\"J_module\">\n<div class=\"detail-decorate-json-renderer-container\">\n<div class=\"magic-1\">\n<div class=\"magic-5\">\n<div class=\"magic-6\">\n<div><\/div>\n<\/div>\n<div>\n<div class=\"auto-hide-last-sibling-br paragraph_1252f paragraph-element\">\n<div class=\"auto-hide-last-sibling-br paragraph_1252f paragraph-element\">\n<div class=\"auto-hide-last-sibling-br paragraph_1252f paragraph-element\">Satin UHF RFID Wash Label je pr\u016flomov\u00e1 inovace, kter\u00e1 p\u0159in\u00e1\u0161\u00ed to nejlep\u0161\u00ed z obou sv\u011bt\u016f: konven\u010dn\u00ed \u0161t\u00edtky pro p\u00e9\u010di o od\u011bvy a pokro\u010dilou technologii RFID. Tyto \u0161t\u00edtky jsou navr\u017eeny tak, aby vyhovovaly norm\u00e1m ISO18000-6C EPC Class 1 Gen2 a zapouzd\u0159ovaly pasivn\u00ed RFID vlo\u017eku UHF 860-960 MHz.<\/div>\n<div><\/div>\n<div class=\"auto-hide-last-sibling-br paragraph_1252f paragraph-element\"><strong>Kl\u00ed\u010dov\u00e9 vlastnosti \u0161t\u00edtk\u016f RFID Care:<\/strong><\/div>\n<ol class=\"auto-hide-last-sibling-br\">\n<li>\n<div class=\"auto-hide-last-sibling-br paragraph_1252f paragraph-element\"><strong>Rozmanitost materi\u00e1lu:<\/strong>\u00a0Tyto etikety mohou b\u00fdt vyrobeny z r\u016fzn\u00fdch materi\u00e1l\u016f, od tkan\u00fdch l\u00e1tek po stuhy, co\u017e poskytuje flexibilitu v designu a aplikaci.<\/div>\n<\/li>\n<li>\n<div class=\"auto-hide-last-sibling-br paragraph_1252f paragraph-element\"><strong>Trvanlivost:<\/strong>\u00a0Jednou z definuj\u00edc\u00edch charakteristik t\u011bchto zna\u010dek p\u00e9\u010de je jejich odolnost. Maj\u00ed vlastnosti odoln\u00e9 proti \u017eehlen\u00ed a pran\u00ed, kter\u00e9 zaji\u0161\u0165uj\u00ed, \u017ee si zachovaj\u00ed sv\u016fj v\u00fdkon a \u010ditelnost i po n\u00e1ro\u010dn\u00fdch prac\u00edch cyklech.<\/div>\n<\/li>\n<li>\n<div class=\"auto-hide-last-sibling-br paragraph_1252f paragraph-element\"><strong>Povrchov\u00fd tisk:<\/strong>\u00a0Tyto \u0161t\u00edtky mohou tak\u00e9 podporovat povrchov\u00fd tisk, kter\u00fd umo\u017e\u0148uje zahrnut\u00ed tradi\u010dn\u00edch informac\u00ed na \u0161t\u00edtc\u00edch od\u011bv\u016f, jako jsou pokyny pro p\u00e9\u010di, velikost, obsah materi\u00e1lu, n\u00e1zev zna\u010dky a dal\u0161\u00ed.<\/div>\n<\/li>\n<li>\n<div class=\"auto-hide-last-sibling-br paragraph_1252f paragraph-element\"><strong>Velikost a flexibilita balen\u00ed:<\/strong>\u00a0\u0160t\u00edtky RFID pro p\u00e9\u010di se dod\u00e1vaj\u00ed v \u0161irok\u00e9 \u0161k\u00e1le velikost\u00ed, aby vyhovovaly r\u016fzn\u00fdm od\u011bv\u016fm a po\u017eadavk\u016fm na pou\u017eit\u00ed. Nav\u00edc nab\u00edzej\u00ed flexibiln\u00ed obalov\u00e9 materi\u00e1ly pro v\u0161estrann\u00e9 pou\u017eit\u00ed.<\/div>\n<\/li>\n<li>\n<div class=\"auto-hide-last-sibling-br paragraph_1252f paragraph-element\"><strong>\u0160it\u00ed na oble\u010den\u00ed:<\/strong>\u00a0A kone\u010dn\u011b, jakmile jsou tyto \u0161t\u00edtky RFID na\u0161ity na od\u011bvy, mohou \u00fa\u010dinn\u011b nahradit b\u011b\u017en\u00e9 \u0161t\u00edtky pro pran\u00ed. Z\u016fstanou p\u0159ipevn\u011bny k od\u011bvu tak dlouho, dokud vydr\u017e\u00ed, co\u017e umo\u017e\u0148uje efektivn\u00ed dlouhodob\u00e9 sledov\u00e1n\u00ed a spr\u00e1vu.<\/div>\n<\/li>\n<\/ol>\n<div class=\"auto-hide-last-sibling-br paragraph_1252f paragraph-element\"><strong>V\u00fdhody:<\/strong><br class=\"container_e695a wrapper_ad07b undefined\" \/>Na\u0161e komplexn\u00ed odborn\u00e9 znalosti v oblasti v\u00fdroby RFID garantuj\u00ed p\u0159izp\u016fsoben\u00e1 produktov\u00e1 \u0159e\u0161en\u00ed pro na\u0161e z\u00e1kazn\u00edky.<br class=\"container_e695a wrapper_ad07b undefined\" \/>Garantujeme rychl\u00e9 vy\u0159\u00edzen\u00ed objedn\u00e1vky i u velkoobjemov\u00fdch po\u017eadavk\u016f.<br class=\"container_e695a wrapper_ad07b undefined\" \/>Vynik\u00e1me ve zpracov\u00e1n\u00ed variabiln\u00edch datov\u00fdch proces\u016f, mezi kter\u00e9 pat\u0159\u00ed mimo jin\u00e9 QR k\u00f3dy, \u010d\u00e1rov\u00e9 k\u00f3dy, sekven\u010dn\u00ed \u010d\u00edslov\u00e1n\u00ed a k\u00f3dov\u00e1n\u00ed \u010dip\u016f.<br class=\"container_e695a wrapper_ad07b undefined\" \/>Jsme vybaveni tak, abychom vyhov\u011bli jedine\u010dn\u00fdm pot\u0159eb\u00e1m z\u00e1kazn\u00edk\u016f, nab\u00edz\u00edme r\u016fzn\u00e9 \u0161t\u00edtky pro p\u00e9\u010di o RFID. Na\u0161e nab\u00eddka sah\u00e1 od ultra m\u011bkk\u00fdch sat\u00e9nov\u00fdch \u0161t\u00edtk\u016f pro o\u0161et\u0159ov\u00e1n\u00ed RFID a pevn\u00fdch nylonov\u00fdch \u0161t\u00edtk\u016f pro o\u0161et\u0159ov\u00e1n\u00ed RFID a\u017e po hladk\u00e9 taftov\u00e9 \u0161t\u00edtky pro o\u0161et\u0159ov\u00e1n\u00ed RFID, luxusn\u00ed hedv\u00e1bn\u00e9 o\u0161et\u0159ovac\u00ed \u0161t\u00edtky RFID a dokonce i vodot\u011bsn\u00e9 \u0161t\u00edtky pro p\u00e9\u010di o pr\u00e1dlo.<\/div>\n<\/div>\n<p>&nbsp;<\/p>\n<\/div>\n<\/div>\n<div class=\"magic-6\">\n<div><\/div>\n<\/div>\n<\/div>\n<\/div>\n<\/div>\n<\/div>","protected":false},"excerpt":{"rendered":"<p>Satin UHF RFID Wash Label je navr\u017een tak, aby vydr\u017eel po celou dobu \u017eivotnosti od\u011bvu a umo\u017enil optimalizovan\u00e9 sledov\u00e1n\u00ed ka\u017ed\u00e9 polo\u017eky od jej\u00edho vytvo\u0159en\u00ed a\u017e po uskladn\u011bn\u00ed a prodej a p\u0159\u00edpadn\u011b i sledov\u00e1n\u00ed po n\u00e1kupu.<\/p>","protected":false},"featured_media":182,"template":"","meta":{"_kad_post_transparent":"default","_kad_post_title":"","_kad_post_layout":"default","_kad_post_sidebar_id":"","_kad_post_content_style":"default","_kad_post_vertical_padding":"default","_kad_post_feature":"","_kad_post_feature_position":"","_kad_post_header":false,"_kad_post_footer":false,"_kad_post_classname":""},"product_brand":[],"product_cat":[81],"product_tag":[85,83,86],"class_list":{"0":"post-181","1":"product","2":"type-product","3":"status-publish","4":"has-post-thumbnail","6":"product_cat-rfid-wash-care-clothing-label","7":"product_tag-laundry-rfid-wash-care-label","8":"product_tag-rfid-wash-care-label","9":"product_tag-satin-uhf-rfid-wash-label","11":"first","12":"instock","13":"shipping-taxable","14":"product-type-simple","15":"entry","16":"content-bg","17":"loop-entry"},"_links":{"self":[{"href":"https:\/\/rfid-laundry-tag.com\/cs\/wp-json\/wp\/v2\/product\/181","targetHints":{"allow":["GET"]}}],"collection":[{"href":"https:\/\/rfid-laundry-tag.com\/cs\/wp-json\/wp\/v2\/product"}],"about":[{"href":"https:\/\/rfid-laundry-tag.com\/cs\/wp-json\/wp\/v2\/types\/product"}],"version-history":[{"count":1,"href":"https:\/\/rfid-laundry-tag.com\/cs\/wp-json\/wp\/v2\/product\/181\/revisions"}],"predecessor-version":[{"id":1298,"href":"https:\/\/rfid-laundry-tag.com\/cs\/wp-json\/wp\/v2\/product\/181\/revisions\/1298"}],"wp:featuredmedia":[{"embeddable":true,"href":"https:\/\/rfid-laundry-tag.com\/cs\/wp-json\/wp\/v2\/media\/182"}],"wp:attachment":[{"href":"https:\/\/rfid-laundry-tag.com\/cs\/wp-json\/wp\/v2\/media?parent=181"}],"wp:term":[{"taxonomy":"product_brand","embeddable":true,"href":"https:\/\/rfid-laundry-tag.com\/cs\/wp-json\/wp\/v2\/product_brand?post=181"},{"taxonomy":"product_cat","embeddable":true,"href":"https:\/\/rfid-laundry-tag.com\/cs\/wp-json\/wp\/v2\/product_cat?post=181"},{"taxonomy":"product_tag","embeddable":true,"href":"https:\/\/rfid-laundry-tag.com\/cs\/wp-json\/wp\/v2\/product_tag?post=181"}],"curies":[{"name":"wp","href":"https:\/\/api.w.org\/{rel}","templated":true}]}}