{"id":1785,"date":"2024-09-02T08:15:43","date_gmt":"2024-09-02T08:15:43","guid":{"rendered":"https:\/\/rfid-laundry-tag.com\/?post_type=product&#038;p=1785"},"modified":"2024-09-08T04:11:02","modified_gmt":"2024-09-08T04:11:02","slug":"uhf-rfid-label-tag-led-flash-light-location-for-library-management","status":"publish","type":"product","link":"https:\/\/rfid-laundry-tag.com\/cs\/uhf-rfid-label-tag-led-flash-light-location-for-library-management\/","title":{"rendered":"UHF RFID \u0161t\u00edtek \u0160t\u00edtek LED blesk Um\u00edst\u011bn\u00ed pro spr\u00e1vu knihovny"},"content":{"rendered":"<div data-elementor-type=\"product-post\" data-elementor-id=\"1785\" class=\"elementor elementor-1785\" data-elementor-settings=\"{&quot;ha_cmc_init_switcher&quot;:&quot;no&quot;}\" data-elementor-post-type=\"product\">\n\t\t\t\t<div class=\"elementor-element elementor-element-1c13a178 e-flex e-con-boxed e-con e-parent\" data-id=\"1c13a178\" data-element_type=\"container\" data-e-type=\"container\" data-settings=\"{&quot;_ha_eqh_enable&quot;:false}\">\n\t\t\t\t\t<div class=\"e-con-inner\">\n\t\t\t\t<div class=\"elementor-element elementor-element-7e836d6a elementor-widget elementor-widget-text-editor\" data-id=\"7e836d6a\" data-element_type=\"widget\" data-e-type=\"widget\" data-widget_type=\"text-editor.default\">\n\t\t\t\t<div class=\"elementor-widget-container\">\n\t\t\t\t\t\t\t\t\t<p><span style=\"color: #000000;\">UHF RFID Label Tag LED flash Light je inovativn\u00ed \u0159e\u0161en\u00ed kombinuj\u00edc\u00ed s\u00edlu RFID technologie s vizu\u00e1ln\u00edm LED indik\u00e1torem, \u010d\u00edm\u017e se zvy\u0161uje efektivita spr\u00e1vy z\u00e1sob a majetku. Tyto \u0161t\u00edtky jsou pln\u011b p\u0159izp\u016fsobiteln\u00e9 a umo\u017e\u0148uj\u00ed v\u00e1m vybrat si rozm\u011bry, barvu sv\u011btla LED a dal\u0161\u00ed, aby vyhovovaly va\u0161im specifick\u00fdm po\u017eadavk\u016fm. S dostupn\u00fdmi rozm\u011bry 18 x 75 mm a 14 x 96 mm a elegantn\u00ed tlou\u0161\u0165kou pouh\u00fdch 0,2 mm jsou tyto \u0161t\u00edtky vyrobeny z robustn\u00edho PET materi\u00e1lu, kter\u00fd zaji\u0161\u0165uje odolnost i v n\u00e1ro\u010dn\u00fdch prost\u0159ed\u00edch.<\/span><\/p><p><span style=\"color: #000000;\">Tyto \u0161t\u00edtky funguj\u00edc\u00ed ve frekven\u010dn\u00edm rozsahu 900\u2013928 MHz poskytuj\u00ed optim\u00e1ln\u00ed v\u00fdkon, d\u00edky \u010demu\u017e jsou ide\u00e1ln\u00ed pro r\u016fzn\u00e1 pr\u016fmyslov\u00e1 odv\u011btv\u00ed. Specifikace pam\u011bti zahrnuj\u00ed TID 96 bit\u016f, EPC 160 bit\u016f a USER 1312 bit\u016f, kter\u00e9 nab\u00edzej\u00ed dostatek dat pro \u00fa\u010dely sledov\u00e1n\u00ed a identifikace. Tyto LED bleskov\u00e9 sv\u011btlo UHF RFID Label Tag, navr\u017een\u00e9 tak, aby vydr\u017eelo provozn\u00ed teploty od -20 \u00b0C do 70 \u00b0C, jsou vhodn\u00e9 pro \u0161irokou \u0161k\u00e1lu aplikac\u00ed, v\u010detn\u011b sledov\u00e1n\u00ed majetku, spr\u00e1vy z\u00e1sob a dal\u0161\u00edch.<\/span><\/p><table class=\"all magic-10\"><tbody><tr><td colspan=\"1\" rowspan=\"1\"><div class=\"magic-11\" data-spm-anchor-id=\"a2700.details.0.i38.105812c6mFAirA\"><span style=\"color: #000000;\">\u010cip<\/span><\/div><\/td><td colspan=\"1\" rowspan=\"1\"><div class=\"magic-12\"><span style=\"color: #000000;\">P\u0159izp\u016fsoben\u00e9<\/span><\/div><\/td><\/tr><tr><td colspan=\"1\" rowspan=\"1\"><div class=\"magic-11\" data-spm-anchor-id=\"a2700.details.0.i47.105812c6mFAirA\"><span style=\"color: #000000;\">Rozm\u011bry<\/span><\/div><\/td><td colspan=\"1\" rowspan=\"1\"><div class=\"magic-12\"><span style=\"color: #000000;\">18 * 75 mm, 14 * 96 mm, 100 * 10 mm<\/span><\/div><\/td><\/tr><tr><td colspan=\"1\" rowspan=\"1\"><div class=\"magic-11\"><span style=\"color: #000000;\">Tlou\u0161\u0165ka<\/span><\/div><\/td><td colspan=\"1\" rowspan=\"1\"><div class=\"magic-12\"><span style=\"color: #000000;\">0,2 mm<\/span><\/div><\/td><\/tr><tr><td colspan=\"1\" rowspan=\"1\"><div class=\"magic-11\"><span style=\"color: #000000;\">Materi\u00e1l<\/span><\/div><\/td><td colspan=\"1\" rowspan=\"1\"><div class=\"magic-12\"><span style=\"color: #000000;\">PET<\/span><\/div><\/td><\/tr><tr><td colspan=\"1\" rowspan=\"1\"><div class=\"magic-11\"><span style=\"color: #000000;\">Hodnocen\u00ed IP<\/span><\/div><\/td><td colspan=\"1\" rowspan=\"1\"><div class=\"magic-12\"><span style=\"color: #000000;\">N\/A<\/span><\/div><\/td><\/tr><tr><td colspan=\"1\" rowspan=\"1\"><div class=\"magic-11\"><span style=\"color: #000000;\">Teplota aplikace<\/span><\/div><\/td><td colspan=\"1\" rowspan=\"1\"><div class=\"magic-12\"><span style=\"color: #000000;\">-20~70 \u2103<\/span><\/div><\/td><\/tr><tr><td colspan=\"1\" rowspan=\"1\"><div class=\"magic-11\"><span style=\"color: #000000;\">Provozn\u00ed teplota<\/span><\/div><\/td><td colspan=\"1\" rowspan=\"1\"><div class=\"magic-12\"><span style=\"color: #000000;\">-20~70 \u2103<\/span><\/div><\/td><\/tr><tr><td colspan=\"1\" rowspan=\"1\"><div class=\"magic-11\"><span style=\"color: #000000;\">Pam\u011b\u0165<\/span><\/div><\/td><td colspan=\"1\" rowspan=\"1\"><div class=\"magic-12\"><span style=\"color: #000000;\">TID 96 bit\u016f; EPC 160 bit\u016f; USER 1312 bit\u016f<\/span><\/div><\/td><\/tr><tr><td colspan=\"1\" rowspan=\"1\"><div class=\"magic-11\"><span style=\"color: #000000;\">Frekven\u010dn\u00ed rozsah s nejlep\u0161\u00edm v\u00fdkonem<\/span><\/div><\/td><td colspan=\"1\" rowspan=\"1\"><div class=\"magic-12\"><span style=\"color: #000000;\">900\u2013928 MHz (p\u0159izp\u016fsoben\u00e9)<\/span><\/div><\/td><\/tr><tr><td colspan=\"1\" rowspan=\"1\"><div class=\"magic-11\"><span style=\"color: #000000;\">IC Life<\/span><\/div><\/td><td colspan=\"1\" rowspan=\"1\" data-spm-anchor-id=\"a2700.details.0.i45.105812c6mFAirA\"><div class=\"magic-12\" data-spm-anchor-id=\"a2700.details.0.i39.105812c6mFAirA\"><span style=\"color: #000000;\">Napi\u0161te v\u00fddr\u017e 100 000 cykl\u016f<\/span><br \/><span style=\"color: #000000;\">Uchov\u00e1v\u00e1n\u00ed data 10 let<\/span><\/div><\/td><\/tr><tr><td colspan=\"1\" rowspan=\"1\"><div class=\"magic-11\"><span style=\"color: #000000;\">Protokol<\/span><\/div><\/td><td colspan=\"1\" rowspan=\"1\"><div class=\"magic-12\" data-spm-anchor-id=\"a2700.details.0.i46.105812c6mFAirA\"><span style=\"color: #000000;\">ISO\/IEC 18000-6C<\/span><\/div><\/td><\/tr><\/tbody><\/table><p><a href=\"https:\/\/rfid-laundry-tag.com\/cs\/produkt\/uhf-rfid-label-tag-led-flash-light-location-for-library-management\/\"><img fetchpriority=\"high\" decoding=\"async\" class=\"alignnone size-full wp-image-1795\" src=\"https:\/\/rfid-laundry-tag.com\/wp-content\/uploads\/2024\/09\/4_H368fba2542f847448067aa52a880c6fdM.jpg\" alt=\"\" width=\"750\" height=\"750\" srcset=\"https:\/\/rfid-laundry-tag.com\/wp-content\/uploads\/2024\/09\/4_H368fba2542f847448067aa52a880c6fdM.jpg 750w, https:\/\/rfid-laundry-tag.com\/wp-content\/uploads\/2024\/09\/4_H368fba2542f847448067aa52a880c6fdM-300x300.jpg 300w, https:\/\/rfid-laundry-tag.com\/wp-content\/uploads\/2024\/09\/4_H368fba2542f847448067aa52a880c6fdM-150x150.jpg 150w, https:\/\/rfid-laundry-tag.com\/wp-content\/uploads\/2024\/09\/4_H368fba2542f847448067aa52a880c6fdM-12x12.jpg 12w, https:\/\/rfid-laundry-tag.com\/wp-content\/uploads\/2024\/09\/4_H368fba2542f847448067aa52a880c6fdM-600x600.jpg 600w, https:\/\/rfid-laundry-tag.com\/wp-content\/uploads\/2024\/09\/4_H368fba2542f847448067aa52a880c6fdM-100x100.jpg 100w\" sizes=\"(max-width: 750px) 100vw, 750px\" \/><\/a><\/p><p><span style=\"color: #000000;\">Jedine\u010dn\u00e1 funkce LED p\u0159id\u00e1v\u00e1 k \u0161t\u00edtku RFID vizu\u00e1ln\u00ed prvek, kter\u00fd umo\u017e\u0148uje rychlou a snadnou identifikaci, co\u017e v\u00fdrazn\u011b urychluje procesy, kde je nutn\u00e9 rychl\u00e9 vizu\u00e1ln\u00ed potvrzen\u00ed. \u0160t\u00edtky jsou kompatibiln\u00ed s protokoly ISO\/IEC 18000-6C a zaji\u0161\u0165uj\u00ed bezprobl\u00e9movou integraci se st\u00e1vaj\u00edc\u00edmi syst\u00e9my RFID. S v\u00fddr\u017e\u00ed z\u00e1pisu 100 000 cykl\u016f a uchov\u00e1n\u00edm dat po dobu a\u017e 10 let poskytuj\u00ed tyto \u0161t\u00edtky spolehliv\u00e9 a dlouhodob\u00e9 \u0159e\u0161en\u00ed pro va\u0161e pot\u0159eby sledov\u00e1n\u00ed. A\u0165 u\u017e pot\u0159ebujete spravovat z\u00e1soby, sledovat majetek nebo implementovat efektivn\u011bj\u0161\u00ed identifika\u010dn\u00ed syst\u00e9m, RFID LED \u0161t\u00edtky nab\u00edzej\u00ed v\u0161estrann\u00e9 a robustn\u00ed \u0159e\u0161en\u00ed p\u0159izp\u016fsoben\u00e9 va\u0161im pot\u0159eb\u00e1m.<\/span><\/p><p><span style=\"color: #000000;\">RFID LED \u0161t\u00edtek je pokro\u010dil\u00fd samolepic\u00ed \u0161t\u00edtek, kter\u00fd integruje technologii RFID s vizu\u00e1ln\u00edm LED indik\u00e1torem a poskytuje inovativn\u00ed \u0159e\u0161en\u00ed pro sledov\u00e1n\u00ed majetku a \u0159\u00edzen\u00ed z\u00e1sob. Ka\u017ed\u00fd \u0161t\u00edtek je vybaven radiofrekven\u010dn\u00edm transpond\u00e9rem a ant\u00e9nou, umo\u017e\u0148uj\u00edc\u00ed bezprobl\u00e9movou komunikaci s RF \u010dte\u010dkami. Charakteristick\u00fdm rysem tohoto \u0161t\u00edtku je LED komponenta, kter\u00e1 se po aktivaci rozsv\u00edt\u00ed a nab\u00edz\u00ed rychlou a jasnou vizu\u00e1ln\u00ed identifikaci polo\u017eek.<\/span><\/p><p><span style=\"color: #000000;\">Tyto LED \u0161t\u00edtky jsou univerz\u00e1ln\u00ed a lze je pou\u017e\u00edt v mnoha aplikac\u00edch, jako je spr\u00e1va z\u00e1sob, sledov\u00e1n\u00ed majetku a logistika dodavatelsk\u00e9ho \u0159et\u011bzce. P\u0159izp\u016fsobiteln\u00e1 povaha LED \u0161t\u00edtku umo\u017e\u0148uje \u00fapravy velikosti, barvy LED sv\u011btla a kapacity pam\u011bti tak, aby vyhovovaly specifick\u00fdm provozn\u00edm pot\u0159eb\u00e1m. A\u0165 u\u017e se pou\u017e\u00edvaj\u00ed ve skladech, maloobchodn\u00edch prost\u0159ed\u00edch nebo pr\u016fmyslov\u00fdch prost\u0159ed\u00edch, tyto \u0161t\u00edtky pom\u00e1haj\u00ed zefektivnit procesy t\u00edm, \u017ee poskytuj\u00ed dvoj\u00ed metodu identifikace \u2013 RFID skenov\u00e1n\u00ed a vizu\u00e1ln\u00ed potvrzen\u00ed \u2013 co\u017e je \u010din\u00ed nepostradateln\u00fdmi pro zlep\u0161en\u00ed p\u0159esnosti a efektivity p\u0159i sledov\u00e1n\u00ed cenn\u00fdch aktiv.<\/span><\/p>\t\t\t\t\t\t\t\t<\/div>\n\t\t\t\t<\/div>\n\t\t\t\t\t<\/div>\n\t\t\t\t<\/div>\n\t\t\t\t<\/div>","protected":false},"excerpt":{"rendered":"<p>UHF RFID Label Tag LED bleskov\u00e9 sv\u011btlo s vizu\u00e1ln\u00edmi indik\u00e1tory pro efektivn\u00ed sledov\u00e1n\u00ed z\u00e1sob. Odoln\u00fd PET, 900-928MHz, -20\u00b0C a\u017e 70\u00b0C, ide\u00e1ln\u00ed pro r\u016fzn\u00e9 aplikace.<\/p>","protected":false},"featured_media":1786,"template":"","meta":{"_kad_post_transparent":"default","_kad_post_title":"","_kad_post_layout":"default","_kad_post_sidebar_id":"","_kad_post_content_style":"default","_kad_post_vertical_padding":"default","_kad_post_feature":"","_kad_post_feature_position":"","_kad_post_header":false,"_kad_post_footer":false,"_kad_post_classname":""},"product_brand":[],"product_cat":[54],"product_tag":[275,98,269],"class_list":{"0":"post-1785","1":"product","2":"type-product","3":"status-publish","4":"has-post-thumbnail","6":"product_cat-hot-selling-rfid-tags","7":"product_tag-led-light-rfid-label","8":"product_tag-uhf-rfid-label","9":"product_tag-uhf-rfid-label-tag-led-flash-light","11":"first","12":"instock","13":"shipping-taxable","14":"product-type-simple","15":"entry","16":"content-bg","17":"loop-entry"},"_links":{"self":[{"href":"https:\/\/rfid-laundry-tag.com\/cs\/wp-json\/wp\/v2\/product\/1785","targetHints":{"allow":["GET"]}}],"collection":[{"href":"https:\/\/rfid-laundry-tag.com\/cs\/wp-json\/wp\/v2\/product"}],"about":[{"href":"https:\/\/rfid-laundry-tag.com\/cs\/wp-json\/wp\/v2\/types\/product"}],"version-history":[{"count":5,"href":"https:\/\/rfid-laundry-tag.com\/cs\/wp-json\/wp\/v2\/product\/1785\/revisions"}],"predecessor-version":[{"id":1911,"href":"https:\/\/rfid-laundry-tag.com\/cs\/wp-json\/wp\/v2\/product\/1785\/revisions\/1911"}],"wp:featuredmedia":[{"embeddable":true,"href":"https:\/\/rfid-laundry-tag.com\/cs\/wp-json\/wp\/v2\/media\/1786"}],"wp:attachment":[{"href":"https:\/\/rfid-laundry-tag.com\/cs\/wp-json\/wp\/v2\/media?parent=1785"}],"wp:term":[{"taxonomy":"product_brand","embeddable":true,"href":"https:\/\/rfid-laundry-tag.com\/cs\/wp-json\/wp\/v2\/product_brand?post=1785"},{"taxonomy":"product_cat","embeddable":true,"href":"https:\/\/rfid-laundry-tag.com\/cs\/wp-json\/wp\/v2\/product_cat?post=1785"},{"taxonomy":"product_tag","embeddable":true,"href":"https:\/\/rfid-laundry-tag.com\/cs\/wp-json\/wp\/v2\/product_tag?post=1785"}],"curies":[{"name":"wp","href":"https:\/\/api.w.org\/{rel}","templated":true}]}}