{"id":178,"date":"2024-06-15T16:51:30","date_gmt":"2024-06-15T16:51:30","guid":{"rendered":"https:\/\/rfid-laundry-tag.com\/?post_type=product&#038;p=178"},"modified":"2024-06-15T16:59:59","modified_gmt":"2024-06-15T16:59:59","slug":"laundry-rfid-wash-care-label","status":"publish","type":"product","link":"https:\/\/rfid-laundry-tag.com\/cs\/laundry-rfid-wash-care-label\/","title":{"rendered":"Laundry RFID Wash Care Laundry"},"content":{"rendered":"<div class=\"J_module\">\n<div class=\"ife-detail-decorate-table\">\n<table class=\"hight-light-first-column all magic-14\">\n<tbody>\n<tr>\n<td colspan=\"1\" rowspan=\"1\">\n<div class=\"magic-15\" data-spm-anchor-id=\"a2700.details.0.i95.236a58c1ycsfva\">N\u00e1zev produkce:<\/div>\n<\/td>\n<td colspan=\"1\" rowspan=\"1\">\n<div class=\"magic-16\">Laundry RFID Wash Care Laundry<\/div>\n<\/td>\n<\/tr>\n<tr>\n<td colspan=\"1\" rowspan=\"1\">\n<div class=\"magic-15\"><span class=\"magic-17\">Materi\u00e1l:<\/span><\/div>\n<\/td>\n<td colspan=\"1\" rowspan=\"1\">\n<div class=\"magic-16\">Polyester\/Slo\u017een\u00ed\/Sat\u00e9n\/Bavlna\/Netkan\u00e1\/PET atd.<\/div>\n<\/td>\n<\/tr>\n<tr>\n<td colspan=\"1\" rowspan=\"1\">\n<div class=\"magic-15\"><span class=\"magic-17\">Velikost:<\/span><\/div>\n<\/td>\n<td colspan=\"1\" rowspan=\"1\">\n<div class=\"magic-16\"><span class=\"magic-17\">80 * 38 mm \/ 60 * 30 mm nebo p\u0159izp\u016fsoben\u00e9<\/span><\/div>\n<\/td>\n<\/tr>\n<tr>\n<td colspan=\"1\" rowspan=\"1\">\n<div class=\"magic-15\"><span class=\"magic-17\">Typ:<\/span><\/div>\n<\/td>\n<td colspan=\"1\" rowspan=\"1\">\n<div class=\"magic-16\"><span class=\"magic-17\">Pasivn\u00ed, RFID<\/span><\/div>\n<\/td>\n<\/tr>\n<tr>\n<td colspan=\"1\" rowspan=\"1\">\n<div class=\"magic-15\">RF protokol:<\/div>\n<\/td>\n<td colspan=\"1\" rowspan=\"1\">\n<div class=\"magic-16\">ISO 18000-6C; EPC Class 1 Gen 2<\/div>\n<\/td>\n<\/tr>\n<tr>\n<td colspan=\"1\" rowspan=\"1\">\n<div class=\"magic-15\"><span class=\"magic-17\">Frekvence:<\/span><\/div>\n<\/td>\n<td colspan=\"1\" rowspan=\"1\">\n<div class=\"magic-16\"><span class=\"magic-17\">860~960 MHz<\/span><\/div>\n<\/td>\n<\/tr>\n<tr>\n<td colspan=\"1\" rowspan=\"1\">\n<div class=\"magic-15\">\u010cip<\/div>\n<\/td>\n<td colspan=\"1\" rowspan=\"1\">\n<div class=\"magic-16\">Alien Higgs, Monza 3, Monza 4D, Monza 4QT, Monza R6, Monza R6-P, Impinj M730, Impinj M750 atd.<\/div>\n<\/td>\n<\/tr>\n<tr>\n<td colspan=\"1\" rowspan=\"1\">\n<div class=\"magic-15\"><span class=\"magic-17\">Vzd\u00e1lenost \u010dten\u00ed:<\/span><\/div>\n<\/td>\n<td colspan=\"1\" rowspan=\"1\">\n<div class=\"magic-16\"><span class=\"magic-17\">UHF: 1~10m (z\u00e1vis\u00ed na \u010dte\u010dce a ant\u00e9n\u011b)<\/span><\/div>\n<\/td>\n<\/tr>\n<tr>\n<td colspan=\"1\" rowspan=\"1\">\n<div class=\"magic-15\"><span class=\"magic-17\">Pevn\u00fd zp\u016fsob:<\/span><\/div>\n<\/td>\n<td colspan=\"1\" rowspan=\"1\">\n<div class=\"magic-16\"><span class=\"magic-17\">\u0160it\u00ed \/ \u017eehlen\u00ed<\/span><\/div>\n<\/td>\n<\/tr>\n<tr>\n<td colspan=\"1\" rowspan=\"1\">\n<div class=\"magic-15\"><span class=\"magic-17\">Tisk:<\/span><\/div>\n<\/td>\n<td colspan=\"1\" rowspan=\"1\">\n<div class=\"magic-16\"><span class=\"magic-17\">Tisk, k\u00f3dov\u00e1n\u00ed, s\u00e9riov\u00e9 \u010d\u00edslo, design atd.<\/span><\/div>\n<\/td>\n<\/tr>\n<tr>\n<td colspan=\"1\" rowspan=\"1\">\n<div class=\"magic-15\"><span class=\"magic-17\">\u017divotnost IC:<\/span><\/div>\n<\/td>\n<td colspan=\"1\" rowspan=\"1\">\n<div class=\"magic-16\" data-spm-anchor-id=\"a2700.details.0.i94.236a58c1ycsfva\"><span class=\"magic-17\">100 000 programovac\u00edch cykl\u016f<br \/>\n10 let uchov\u00e1v\u00e1n\u00ed dat<\/span><\/div>\n<\/td>\n<\/tr>\n<tr>\n<td colspan=\"1\" rowspan=\"1\">\n<div class=\"magic-15\"><span class=\"magic-17\">Vzorov\u00e1 dostupnost:<\/span><\/div>\n<\/td>\n<td colspan=\"1\" rowspan=\"1\">\n<div class=\"magic-16\"><span class=\"magic-17\">Vzorky zdarma jsou k dispozici na vy\u017e\u00e1d\u00e1n\u00ed<\/span><\/div>\n<\/td>\n<\/tr>\n<tr>\n<td colspan=\"1\" rowspan=\"1\">\n<div class=\"magic-15\"><span class=\"magic-17\">Aplikace:\u00a0<\/span><\/div>\n<\/td>\n<td colspan=\"1\" rowspan=\"1\">\n<div class=\"magic-16\"><span class=\"magic-17\">\u00b7 \u0158\u00edzen\u00ed z\u00e1sob<br \/>\n\u00b7 Dodavatelsk\u00fd \u0159et\u011bzec<br \/>\n\u00b7 Maloobchod<\/span><\/div>\n<\/td>\n<\/tr>\n<tr>\n<td colspan=\"1\" rowspan=\"1\">\n<div class=\"magic-15\"><span class=\"magic-17\">Pou\u017eit\u00ed<\/span><\/div>\n<\/td>\n<td colspan=\"1\" rowspan=\"1\">\n<div class=\"magic-16\"><span class=\"magic-17\">Od\u011bvy, oble\u010den\u00ed, ta\u0161ky, boty atd.<\/span><\/div>\n<\/td>\n<\/tr>\n<\/tbody>\n<\/table>\n<\/div>\n<\/div>\n<div class=\"J_module\">\n<div class=\"detail-decorate-json-renderer-container\">\n<div class=\"magic-1\">\n<div class=\"magic-5\">\n<div class=\"magic-6\">\n<div class=\"magic-7\"><\/div>\n<div><\/div>\n<\/div>\n<div>\n<div class=\"auto-hide-last-sibling-br paragraph_1252f paragraph-element\">\n<div class=\"auto-hide-last-sibling-br paragraph_1252f paragraph-element\">\n<div class=\"auto-hide-last-sibling-br paragraph_1252f paragraph-element\">\u0160t\u00edtek RFID Care Label je p\u0159evratnou inovac\u00ed, kter\u00e1 p\u0159in\u00e1\u0161\u00ed to nejlep\u0161\u00ed z obou sv\u011bt\u016f: konven\u010dn\u00ed \u0161t\u00edtky pro p\u00e9\u010di o od\u011bvy a pokro\u010dilou technologii RFID. Tyto \u0161t\u00edtky jsou navr\u017eeny tak, aby vyhovovaly norm\u00e1m ISO18000-6C EPC Class 1 Gen2 a zapouzd\u0159ovaly pasivn\u00ed RFID vlo\u017eku UHF 860-960 MHz.<\/div>\n<p><br class=\"container_e695a wrapper_ad07b undefined\" \/><\/p>\n<div class=\"auto-hide-last-sibling-br paragraph_1252f paragraph-element\"><strong>Kl\u00ed\u010dov\u00e9 vlastnosti \u0161t\u00edtk\u016f RFID Care:<\/strong><\/div>\n<p><br class=\"container_e695a wrapper_ad07b undefined\" \/><\/p>\n<ol class=\"auto-hide-last-sibling-br\">\n<li>\n<div class=\"auto-hide-last-sibling-br paragraph_1252f paragraph-element\"><strong>Rozmanitost materi\u00e1lu:<\/strong>\u00a0Tyto etikety mohou b\u00fdt vyrobeny z r\u016fzn\u00fdch materi\u00e1l\u016f, od tkan\u00fdch l\u00e1tek po stuhy, co\u017e poskytuje flexibilitu v designu a aplikaci.<\/div>\n<\/li>\n<li>\n<div class=\"auto-hide-last-sibling-br paragraph_1252f paragraph-element\"><strong>Trvanlivost:<\/strong>\u00a0Jednou z definuj\u00edc\u00edch charakteristik t\u011bchto zna\u010dek p\u00e9\u010de je jejich odolnost. Maj\u00ed vlastnosti odoln\u00e9 proti \u017eehlen\u00ed a pran\u00ed, kter\u00e9 zaji\u0161\u0165uj\u00ed, \u017ee si zachovaj\u00ed sv\u016fj v\u00fdkon a \u010ditelnost i po n\u00e1ro\u010dn\u00fdch prac\u00edch cyklech.<\/div>\n<\/li>\n<li>\n<div class=\"auto-hide-last-sibling-br paragraph_1252f paragraph-element\"><strong>Povrchov\u00fd tisk:<\/strong>\u00a0Tyto \u0161t\u00edtky mohou tak\u00e9 podporovat povrchov\u00fd tisk, kter\u00fd umo\u017e\u0148uje zahrnut\u00ed tradi\u010dn\u00edch informac\u00ed na \u0161t\u00edtc\u00edch od\u011bv\u016f, jako jsou pokyny pro p\u00e9\u010di, velikost, obsah materi\u00e1lu, n\u00e1zev zna\u010dky a dal\u0161\u00ed.<\/div>\n<\/li>\n<li>\n<div class=\"auto-hide-last-sibling-br paragraph_1252f paragraph-element\"><strong>Velikost a flexibilita balen\u00ed:<\/strong>\u00a0\u0160t\u00edtky RFID pro p\u00e9\u010di se dod\u00e1vaj\u00ed v \u0161irok\u00e9 \u0161k\u00e1le velikost\u00ed, aby vyhovovaly r\u016fzn\u00fdm od\u011bv\u016fm a po\u017eadavk\u016fm na pou\u017eit\u00ed. Nav\u00edc nab\u00edzej\u00ed flexibiln\u00ed obalov\u00e9 materi\u00e1ly pro v\u0161estrann\u00e9 pou\u017eit\u00ed.<\/div>\n<\/li>\n<li>\n<div class=\"auto-hide-last-sibling-br paragraph_1252f paragraph-element\"><strong>\u0160it\u00ed na oble\u010den\u00ed:<\/strong>\u00a0A kone\u010dn\u011b, jakmile jsou tyto \u0161t\u00edtky RFID na\u0161ity na od\u011bvy, mohou \u00fa\u010dinn\u011b nahradit b\u011b\u017en\u00e9 \u0161t\u00edtky pro pran\u00ed. Z\u016fstanou p\u0159ipevn\u011bny k od\u011bvu tak dlouho, dokud vydr\u017e\u00ed, co\u017e umo\u017e\u0148uje efektivn\u00ed dlouhodob\u00e9 sledov\u00e1n\u00ed a spr\u00e1vu.<\/div>\n<\/li>\n<\/ol>\n<p><br class=\"container_e695a wrapper_ad07b undefined\" \/><\/p>\n<div class=\"auto-hide-last-sibling-br paragraph_1252f paragraph-element\">Z\u00e1v\u011brem lze \u0159\u00edci, \u017ee \u0161t\u00edtky RFID Care Labels nab\u00edzej\u00ed p\u016fsobivou kombinaci funk\u010dnosti, pohodl\u00ed a odolnosti, d\u00edky \u010demu\u017e jsou mimo\u0159\u00e1dn\u011b u\u017eite\u010dn\u00e9 v kontextu spr\u00e1vy oble\u010den\u00ed, sledov\u00e1n\u00ed a slu\u017eeb z\u00e1kazn\u00edk\u016fm.<\/div>\n<\/div>\n<p>&nbsp;<\/p>\n<\/div>\n<\/div>\n<div class=\"magic-6\">\n<div><\/div>\n<\/div>\n<\/div>\n<\/div>\n<\/div>\n<\/div>","protected":false},"excerpt":{"rendered":"<p>Laundry RFID Wash Care Label, navr\u017een\u00fd tak, aby vydr\u017eel \u017eivotn\u00ed cyklus od\u011bvu, podporuje efektivn\u00ed sledov\u00e1n\u00ed ka\u017ed\u00e9 polo\u017eky od v\u00fdroby, p\u0159es skladov\u00e1n\u00ed a prodej a\u017e po potenci\u00e1ln\u00ed sledov\u00e1n\u00ed po prodeji. Jejich v\u00fdjime\u010dn\u00e1 odolnost v\u016f\u010di pran\u00ed, \u017eehlen\u00ed a no\u0161en\u00ed d\u011bl\u00e1 z RFID \u0161t\u00edtk\u016f \u00fa\u010dinnou odpov\u011b\u010f na tradi\u010dn\u00ed v\u00fdzvy v oblasti z\u00e1sob, co\u017e vede ke zv\u00fd\u0161en\u00e9 p\u0159esnosti a efektivit\u011b p\u0159i kontrole z\u00e1sob a vynikaj\u00edc\u00ed z\u00e1kaznick\u00e9 zku\u0161enosti d\u00edky st\u00e1l\u00e9 dostupnosti produkt\u016f. P\u0159echod na tyto pokro\u010dil\u00e9 \u0161t\u00edtky umo\u017e\u0148uje maloobchodn\u00edk\u016fm opustit \u010dasov\u011b n\u00e1ro\u010dn\u00e9 ru\u010dn\u00ed \u0159\u00edzen\u00ed z\u00e1sob a \u0161patn\u011b spravovan\u00e9 z\u00e1soby.<\/p>","protected":false},"featured_media":179,"template":"","meta":{"_kad_post_transparent":"default","_kad_post_title":"","_kad_post_layout":"default","_kad_post_sidebar_id":"","_kad_post_content_style":"default","_kad_post_vertical_padding":"default","_kad_post_feature":"","_kad_post_feature_position":"","_kad_post_header":false,"_kad_post_footer":false,"_kad_post_classname":""},"product_brand":[],"product_cat":[81],"product_tag":[85,82,83],"class_list":{"0":"post-178","1":"product","2":"type-product","3":"status-publish","4":"has-post-thumbnail","6":"product_cat-rfid-wash-care-clothing-label","7":"product_tag-laundry-rfid-wash-care-label","8":"product_tag-rfid-wash-care-clothing-label","9":"product_tag-rfid-wash-care-label","11":"first","12":"instock","13":"shipping-taxable","14":"product-type-simple","15":"entry","16":"content-bg","17":"loop-entry"},"_links":{"self":[{"href":"https:\/\/rfid-laundry-tag.com\/cs\/wp-json\/wp\/v2\/product\/178","targetHints":{"allow":["GET"]}}],"collection":[{"href":"https:\/\/rfid-laundry-tag.com\/cs\/wp-json\/wp\/v2\/product"}],"about":[{"href":"https:\/\/rfid-laundry-tag.com\/cs\/wp-json\/wp\/v2\/types\/product"}],"version-history":[{"count":1,"href":"https:\/\/rfid-laundry-tag.com\/cs\/wp-json\/wp\/v2\/product\/178\/revisions"}],"predecessor-version":[{"id":180,"href":"https:\/\/rfid-laundry-tag.com\/cs\/wp-json\/wp\/v2\/product\/178\/revisions\/180"}],"wp:featuredmedia":[{"embeddable":true,"href":"https:\/\/rfid-laundry-tag.com\/cs\/wp-json\/wp\/v2\/media\/179"}],"wp:attachment":[{"href":"https:\/\/rfid-laundry-tag.com\/cs\/wp-json\/wp\/v2\/media?parent=178"}],"wp:term":[{"taxonomy":"product_brand","embeddable":true,"href":"https:\/\/rfid-laundry-tag.com\/cs\/wp-json\/wp\/v2\/product_brand?post=178"},{"taxonomy":"product_cat","embeddable":true,"href":"https:\/\/rfid-laundry-tag.com\/cs\/wp-json\/wp\/v2\/product_cat?post=178"},{"taxonomy":"product_tag","embeddable":true,"href":"https:\/\/rfid-laundry-tag.com\/cs\/wp-json\/wp\/v2\/product_tag?post=178"}],"curies":[{"name":"wp","href":"https:\/\/api.w.org\/{rel}","templated":true}]}}