{"id":176,"date":"2024-06-15T16:46:13","date_gmt":"2024-06-15T16:46:13","guid":{"rendered":"https:\/\/rfid-laundry-tag.com\/?post_type=product&#038;p=176"},"modified":"2024-06-15T16:46:13","modified_gmt":"2024-06-15T16:46:13","slug":"nylon-rfid-wash-care-clothing-label","status":"publish","type":"product","link":"https:\/\/rfid-laundry-tag.com\/cs\/nylon-rfid-wash-care-clothing-label\/","title":{"rendered":"Nylonov\u00fd RFID Wash Care Clothing Label"},"content":{"rendered":"<div class=\"J_module\">\n<div class=\"ife-detail-decorate-table\">\n<table class=\"hight-light-first-column all magic-14\">\n<tbody>\n<tr>\n<td colspan=\"1\" rowspan=\"1\">\n<div class=\"magic-15\" data-spm-anchor-id=\"a2700.details.0.i95.236a58c1ycsfva\">N\u00e1zev produkce:<\/div>\n<\/td>\n<td colspan=\"1\" rowspan=\"1\">\n<div class=\"magic-16\">Nylonov\u00fd RFID Wash Care Clothing Label<\/div>\n<\/td>\n<\/tr>\n<tr>\n<td colspan=\"1\" rowspan=\"1\">\n<div class=\"magic-15\"><span class=\"magic-17\">Materi\u00e1l:<\/span><\/div>\n<\/td>\n<td colspan=\"1\" rowspan=\"1\">\n<div class=\"magic-16\">Polyester\/Slo\u017een\u00ed\/Sat\u00e9n\/Bavlna\/Netkan\u00e1\/PET atd.<\/div>\n<\/td>\n<\/tr>\n<tr>\n<td colspan=\"1\" rowspan=\"1\">\n<div class=\"magic-15\"><span class=\"magic-17\">Velikost:<\/span><\/div>\n<\/td>\n<td colspan=\"1\" rowspan=\"1\">\n<div class=\"magic-16\"><span class=\"magic-17\">80 * 38 mm \/ 60 * 30 mm nebo p\u0159izp\u016fsoben\u00e9<\/span><\/div>\n<\/td>\n<\/tr>\n<tr>\n<td colspan=\"1\" rowspan=\"1\">\n<div class=\"magic-15\"><span class=\"magic-17\">Typ:<\/span><\/div>\n<\/td>\n<td colspan=\"1\" rowspan=\"1\">\n<div class=\"magic-16\"><span class=\"magic-17\">Pasivn\u00ed, RFID<\/span><\/div>\n<\/td>\n<\/tr>\n<tr>\n<td colspan=\"1\" rowspan=\"1\">\n<div class=\"magic-15\">RF protokol:<\/div>\n<\/td>\n<td colspan=\"1\" rowspan=\"1\">\n<div class=\"magic-16\">ISO 18000-6C; EPC Class 1 Gen 2<\/div>\n<\/td>\n<\/tr>\n<tr>\n<td colspan=\"1\" rowspan=\"1\">\n<div class=\"magic-15\"><span class=\"magic-17\">Frekvence:<\/span><\/div>\n<\/td>\n<td colspan=\"1\" rowspan=\"1\">\n<div class=\"magic-16\"><span class=\"magic-17\">860~960 MHz<\/span><\/div>\n<\/td>\n<\/tr>\n<tr>\n<td colspan=\"1\" rowspan=\"1\">\n<div class=\"magic-15\">\u010cip<\/div>\n<\/td>\n<td colspan=\"1\" rowspan=\"1\">\n<div class=\"magic-16\">Impinj Monza R6\/R6-P, NXP UCODE8\/UCODE9 atd.<\/div>\n<\/td>\n<\/tr>\n<tr>\n<td colspan=\"1\" rowspan=\"1\">\n<div class=\"magic-15\"><span class=\"magic-17\">Vzd\u00e1lenost \u010dten\u00ed:<\/span><\/div>\n<\/td>\n<td colspan=\"1\" rowspan=\"1\">\n<div class=\"magic-16\"><span class=\"magic-17\">UHF: 1~10m (z\u00e1vis\u00ed na \u010dte\u010dce a ant\u00e9n\u011b)<\/span><\/div>\n<\/td>\n<\/tr>\n<tr>\n<td colspan=\"1\" rowspan=\"1\">\n<div class=\"magic-15\"><span class=\"magic-17\">Pevn\u00fd zp\u016fsob:<\/span><\/div>\n<\/td>\n<td colspan=\"1\" rowspan=\"1\">\n<div class=\"magic-16\"><span class=\"magic-17\">\u0160it\u00ed \/ \u017eehlen\u00ed<\/span><\/div>\n<\/td>\n<\/tr>\n<tr>\n<td colspan=\"1\" rowspan=\"1\">\n<div class=\"magic-15\"><span class=\"magic-17\">Tisk:<\/span><\/div>\n<\/td>\n<td colspan=\"1\" rowspan=\"1\">\n<div class=\"magic-16\"><span class=\"magic-17\">Tisk, k\u00f3dov\u00e1n\u00ed, s\u00e9riov\u00e9 \u010d\u00edslo, design atd.<\/span><\/div>\n<\/td>\n<\/tr>\n<tr>\n<td colspan=\"1\" rowspan=\"1\">\n<div class=\"magic-15\"><span class=\"magic-17\">\u017divotnost IC:<\/span><\/div>\n<\/td>\n<td colspan=\"1\" rowspan=\"1\">\n<div class=\"magic-16\" data-spm-anchor-id=\"a2700.details.0.i94.236a58c1ycsfva\"><span class=\"magic-17\">100 000 programovac\u00edch cykl\u016f<br \/>\n10 let uchov\u00e1v\u00e1n\u00ed dat<\/span><\/div>\n<\/td>\n<\/tr>\n<tr>\n<td colspan=\"1\" rowspan=\"1\">\n<div class=\"magic-15\"><span class=\"magic-17\">Vzorov\u00e1 dostupnost:<\/span><\/div>\n<\/td>\n<td colspan=\"1\" rowspan=\"1\">\n<div class=\"magic-16\"><span class=\"magic-17\">Vzorky zdarma jsou k dispozici na vy\u017e\u00e1d\u00e1n\u00ed<\/span><\/div>\n<\/td>\n<\/tr>\n<tr>\n<td colspan=\"1\" rowspan=\"1\">\n<div class=\"magic-15\"><span class=\"magic-17\">Aplikace:\u00a0<\/span><\/div>\n<\/td>\n<td colspan=\"1\" rowspan=\"1\">\n<div class=\"magic-16\"><span class=\"magic-17\">\u00b7 \u0158\u00edzen\u00ed z\u00e1sob<br \/>\n\u00b7 Dodavatelsk\u00fd \u0159et\u011bzec<br \/>\n\u00b7 Maloobchod<\/span><\/div>\n<\/td>\n<\/tr>\n<tr>\n<td colspan=\"1\" rowspan=\"1\">\n<div class=\"magic-15\"><span class=\"magic-17\">Pou\u017eit\u00ed<\/span><\/div>\n<\/td>\n<td colspan=\"1\" rowspan=\"1\">\n<div class=\"magic-16\"><span class=\"magic-17\">Od\u011bvy, oble\u010den\u00ed, ta\u0161ky, boty atd.<\/span><\/div>\n<\/td>\n<\/tr>\n<\/tbody>\n<\/table>\n<\/div>\n<\/div>\n<div class=\"J_module\">\n<div class=\"detail-decorate-json-renderer-container\">\n<div class=\"magic-1\">\n<div class=\"magic-5\">\n<div class=\"magic-6\">\n<div class=\"magic-7\"><span class=\"magic-10\">UCODE jsou registrovan\u00e9 ochrann\u00e9 zn\u00e1mky spole\u010dnosti NXP BV a jsou pou\u017e\u00edv\u00e1ny na z\u00e1klad\u011b licence.<\/span><\/div>\n<div><\/div>\n<\/div>\n<div>\n<div class=\"auto-hide-last-sibling-br paragraph_1252f paragraph-element\">M\u00f3dn\u00ed polo\u017eky, jako jsou od\u011bvy, podl\u00e9haj\u00ed r\u016fzn\u00fdm ovliv\u0148uj\u00edc\u00edm faktor\u016fm, kter\u00e9 mohou ovlivnit prodej, v\u010detn\u011b sez\u00f3nn\u00edch odchylek, geografick\u00e9 polohy, preferenc\u00ed z\u00e1kazn\u00edk\u016f, m\u00f3dn\u00edch trend\u016f a cen. Role \u0161t\u00edtk\u016f p\u00e9\u010de o RFID se zde st\u00e1v\u00e1 kl\u00ed\u010dovou, proto\u017ee umo\u017e\u0148uj\u00ed od\u011bvn\u00edm spole\u010dnostem sledovat dynamiku prodeje v re\u00e1ln\u00e9m \u010dase.<\/div>\n<p><br class=\"container_e695a wrapper_ad07b undefined\" \/><\/p>\n<div class=\"auto-hide-last-sibling-br paragraph_1252f paragraph-element\">\n<div class=\"auto-hide-last-sibling-br paragraph_1252f paragraph-element\"><strong>Vlastnosti nylonov\u00e9ho RFID Wash Care Clothing Label:<\/strong><\/div>\n<p><br class=\"container_e695a wrapper_ad07b undefined\" \/><\/p>\n<ol class=\"auto-hide-last-sibling-br\">\n<li>\n<div class=\"auto-hide-last-sibling-br paragraph_1252f paragraph-element\"><strong>Materi\u00e1l:<\/strong>\u00a0\u0160t\u00edtek je vyroben z nylonu, pevn\u00e9ho a odoln\u00e9ho materi\u00e1lu, kter\u00fd odol\u00e1 vysok\u00fdm teplot\u00e1m, tlaku a hrub\u00e9mu zach\u00e1zen\u00ed a zaji\u0161\u0165uje neporu\u0161enost \u0161t\u00edtku bez ohledu na povahu manipulace s od\u011bvem a pran\u00ed.<\/div>\n<\/li>\n<li>\n<div class=\"auto-hide-last-sibling-br paragraph_1252f paragraph-element\"><strong>Sledov\u00e1n\u00ed dat:<\/strong>\u00a0D\u00edky technologii RFID umo\u017e\u0148uje sledov\u00e1n\u00ed a shroma\u017e\u010fov\u00e1n\u00ed relevantn\u00edch dat v re\u00e1ln\u00e9m \u010dase, jako je historie produktu, um\u00edst\u011bn\u00ed a stav, a poskytuje tak cenn\u00e9 informace pro od\u011bvn\u00ed spole\u010dnosti.<\/div>\n<\/li>\n<li>\n<div class=\"auto-hide-last-sibling-br paragraph_1252f paragraph-element\"><strong>Funk\u010dnost:<\/strong>\u00a0\u0160t\u00edtek RFID funguje v r\u016fzn\u00fdch n\u00e1ro\u010dn\u00fdch prost\u0159ed\u00edch a dok\u00e1\u017ee tak\u00e9 identifikovat v\u00edce \u0161t\u00edtk\u016f sou\u010dasn\u011b, a to i na rychle se pohybuj\u00edc\u00edch p\u0159edm\u011btech.<\/div>\n<\/li>\n<li>\n<div class=\"auto-hide-last-sibling-br paragraph_1252f paragraph-element\"><strong>Perzistence:<\/strong>\u00a0Na rozd\u00edl od tradi\u010dn\u00edch z\u00e1v\u011bsn\u00fdch \u0161t\u00edtk\u016f jsou \u0161t\u00edtky RFID obvykle p\u0159i\u0161ity nebo blan\u0161\u00edrov\u00e1ny do od\u011bvu, co\u017e sni\u017euje pravd\u011bpodobnost, \u017ee b\u011bhem p\u0159epravy nebo manipulace odpadnou.<\/div>\n<\/li>\n<li>\n<div class=\"auto-hide-last-sibling-br paragraph_1252f paragraph-element\"><strong>Zelen\u00e9 a bezpe\u010dn\u00e9:<\/strong>\u00a0\u0160t\u00edtky jsou zelen\u00e9 a bezpe\u010dn\u00e9, proto\u017ee po likvidaci maj\u00ed nejmen\u0161\u00ed dopad na \u017eivotn\u00ed prost\u0159ed\u00ed.<\/div>\n<\/li>\n<\/ol>\n<p><br class=\"container_e695a wrapper_ad07b undefined\" \/><\/p>\n<div class=\"auto-hide-last-sibling-br paragraph_1252f paragraph-element\"><strong>Aplikace Nylonov\u00e9ho RFID Wash Care Clothing Label:<\/strong><\/div>\n<p><br class=\"container_e695a wrapper_ad07b undefined\" \/><\/p>\n<ol class=\"auto-hide-last-sibling-br\">\n<li>\n<div class=\"auto-hide-last-sibling-br paragraph_1252f paragraph-element\"><strong>Spr\u00e1va z\u00e1sob:<\/strong>\u00a0\u0160t\u00edtky pom\u00e1haj\u00ed p\u0159i sledov\u00e1n\u00ed stavu z\u00e1sob v re\u00e1ln\u00e9m \u010dase, d\u00edky \u010demu\u017e je proces \u0159\u00edzen\u00ed z\u00e1sob pro podniky efektivn\u00ed.<\/div>\n<\/li>\n<li>\n<div class=\"auto-hide-last-sibling-br paragraph_1252f paragraph-element\"><strong>Dodavatelsk\u00fd \u0159et\u011bzec:<\/strong>\u00a0Pom\u00e1haj\u00ed p\u0159i optimalizaci cel\u00e9ho dodavatelsk\u00e9ho \u0159et\u011bzce, od zefektivn\u011bn\u00ed v\u00fdrobn\u00edch proces\u016f a\u017e po efektivn\u011bj\u0161\u00ed skladov\u00e1n\u00ed a logistiku.<\/div>\n<\/li>\n<li>\n<div class=\"auto-hide-last-sibling-br paragraph_1252f paragraph-element\"><strong>Spr\u00e1va maloobchodu:<\/strong>\u00a0V maloobchodn\u00edm prost\u0159ed\u00ed tyto \u0161t\u00edtky zlep\u0161uj\u00ed proces odbaven\u00ed t\u00edm, \u017ee urychluj\u00ed proces skenov\u00e1n\u00ed a sni\u017euj\u00ed fronty.<\/div>\n<\/li>\n<li>\n<div class=\"auto-hide-last-sibling-br paragraph_1252f paragraph-element\"><strong>Ochrana proti kr\u00e1de\u017ei:<\/strong>\u00a0Po za\u010dlen\u011bn\u00ed do bezpe\u010dnostn\u00edho syst\u00e9mu v prodejn\u00e1ch mohou slou\u017eit jako n\u00e1stroje proti kr\u00e1de\u017ei v obchodech.<\/div>\n<\/li>\n<li>\n<div class=\"auto-hide-last-sibling-br paragraph_1252f paragraph-element\"><strong>Autenticita produktu:<\/strong>\u00a0\u0160t\u00edtky lze pou\u017e\u00edt k zaji\u0161t\u011bn\u00ed a ov\u011b\u0159en\u00ed pravosti produktu, \u010d\u00edm\u017e se zabr\u00e1n\u00ed pad\u011bl\u00e1n\u00ed.<\/div>\n<\/li>\n<li>\n<div class=\"auto-hide-last-sibling-br paragraph_1252f paragraph-element\"><strong>Spot\u0159ebitelsk\u00e9 pou\u017eit\u00ed:<\/strong>\u00a0Pro koncov\u00e9ho spot\u0159ebitele tyto \u0161t\u00edtky obsahuj\u00ed cenn\u00e9 informace o produktech a p\u00e9\u010di. Tak\u00e9 skute\u010dnost, \u017ee \u0161t\u00edtek z\u016fst\u00e1v\u00e1 na od\u011bvu po celou dobu jeho \u017eivotnosti, umo\u017e\u0148uje lep\u0161\u00ed sledov\u00e1n\u00ed po prodeji.<\/div>\n<\/li>\n<\/ol>\n<p><br class=\"container_e695a wrapper_ad07b undefined\" \/><\/p>\n<div class=\"auto-hide-last-sibling-br paragraph_1252f paragraph-element\">Tyto \u0161t\u00edtky revolu\u010dn\u011b m\u011bn\u00ed zp\u016fsob, jak\u00fdm se s od\u011bvy zach\u00e1z\u00ed od v\u00fdrobn\u00edch hal a\u017e po maloobchodn\u00ed prodejny a pot\u00e9 a\u017e ke kone\u010dn\u00e9mu spot\u0159ebiteli, \u010d\u00edm\u017e se st\u00e1vaj\u00ed ned\u00edlnou sou\u010d\u00e1st\u00ed od\u011bvn\u00edho pr\u016fmyslu.<\/div>\n<\/div>\n<\/div>\n<div class=\"magic-6\">\n<div><\/div>\n<\/div>\n<\/div>\n<\/div>\n<\/div>\n<\/div>","protected":false},"excerpt":{"rendered":"<p>Nylonov\u00fd RFID Wash Care Label p\u0159edstavuje revolu\u010dn\u00ed pokrok v textiln\u00edm a od\u011bvn\u00edm pr\u016fmyslu. RFID, jeden z nejslibn\u011bj\u0161\u00edch technologick\u00fdch pr\u016flom\u016f, usnad\u0148uje \u010detn\u00e9 aplikace v tomto sektoru. Hraje kl\u00ed\u010dovou roli ve v\u00fdrobn\u00edch procesech, udr\u017eov\u00e1n\u00ed kontroly z\u00e1sob, \u0159\u00edzen\u00ed sklad\u016f, zefektiv\u0148ov\u00e1n\u00ed distribuce a logistiky, umo\u017e\u0148uje automatick\u00e9 sledov\u00e1n\u00ed objekt\u016f a optimalizuje \u0159\u00edzen\u00ed dodavatelsk\u00e9ho \u0159et\u011bzce. Tento inovativn\u00ed p\u0159\u00edstup podstatn\u011b zv\u00fd\u0161il efektivitu a produktivitu v oblasti textilu a od\u011bv\u016f.<\/p>","protected":false},"featured_media":177,"template":"","meta":{"_kad_post_transparent":"default","_kad_post_title":"","_kad_post_layout":"default","_kad_post_sidebar_id":"","_kad_post_content_style":"default","_kad_post_vertical_padding":"default","_kad_post_feature":"","_kad_post_feature_position":"","_kad_post_header":false,"_kad_post_footer":false,"_kad_post_classname":""},"product_brand":[],"product_cat":[81],"product_tag":[84,82,83],"class_list":{"0":"post-176","1":"product","2":"type-product","3":"status-publish","4":"has-post-thumbnail","6":"product_cat-rfid-wash-care-clothing-label","7":"product_tag-heat-transfer-laundry-rfid-wash-care-label","8":"product_tag-rfid-wash-care-clothing-label","9":"product_tag-rfid-wash-care-label","11":"first","12":"instock","13":"shipping-taxable","14":"product-type-simple","15":"entry","16":"content-bg","17":"loop-entry"},"_links":{"self":[{"href":"https:\/\/rfid-laundry-tag.com\/cs\/wp-json\/wp\/v2\/product\/176","targetHints":{"allow":["GET"]}}],"collection":[{"href":"https:\/\/rfid-laundry-tag.com\/cs\/wp-json\/wp\/v2\/product"}],"about":[{"href":"https:\/\/rfid-laundry-tag.com\/cs\/wp-json\/wp\/v2\/types\/product"}],"version-history":[{"count":0,"href":"https:\/\/rfid-laundry-tag.com\/cs\/wp-json\/wp\/v2\/product\/176\/revisions"}],"wp:featuredmedia":[{"embeddable":true,"href":"https:\/\/rfid-laundry-tag.com\/cs\/wp-json\/wp\/v2\/media\/177"}],"wp:attachment":[{"href":"https:\/\/rfid-laundry-tag.com\/cs\/wp-json\/wp\/v2\/media?parent=176"}],"wp:term":[{"taxonomy":"product_brand","embeddable":true,"href":"https:\/\/rfid-laundry-tag.com\/cs\/wp-json\/wp\/v2\/product_brand?post=176"},{"taxonomy":"product_cat","embeddable":true,"href":"https:\/\/rfid-laundry-tag.com\/cs\/wp-json\/wp\/v2\/product_cat?post=176"},{"taxonomy":"product_tag","embeddable":true,"href":"https:\/\/rfid-laundry-tag.com\/cs\/wp-json\/wp\/v2\/product_tag?post=176"}],"curies":[{"name":"wp","href":"https:\/\/api.w.org\/{rel}","templated":true}]}}