{"id":1755,"date":"2024-09-01T16:47:06","date_gmt":"2024-09-01T16:47:06","guid":{"rendered":"https:\/\/rfid-laundry-tag.com\/?post_type=product&#038;p=1755"},"modified":"2024-09-01T16:55:05","modified_gmt":"2024-09-01T16:55:05","slug":"iso18000-6c-uhf-rfid-tag-labels","status":"publish","type":"product","link":"https:\/\/rfid-laundry-tag.com\/cs\/iso18000-6c-uhf-rfid-tag-labels\/","title":{"rendered":"\u0160t\u00edtky ISO18000-6C UHF RFID Tag"},"content":{"rendered":"<div data-elementor-type=\"product-post\" data-elementor-id=\"1755\" class=\"elementor elementor-1755\" data-elementor-settings=\"{&quot;ha_cmc_init_switcher&quot;:&quot;no&quot;}\" data-elementor-post-type=\"product\">\n\t\t\t\t<div class=\"elementor-element elementor-element-1c13a178 e-flex e-con-boxed e-con e-parent\" data-id=\"1c13a178\" data-element_type=\"container\" data-e-type=\"container\" data-settings=\"{&quot;_ha_eqh_enable&quot;:false}\">\n\t\t\t\t\t<div class=\"e-con-inner\">\n\t\t\t\t<div class=\"elementor-element elementor-element-7e836d6a elementor-widget elementor-widget-text-editor\" data-id=\"7e836d6a\" data-element_type=\"widget\" data-e-type=\"widget\" data-widget_type=\"text-editor.default\">\n\t\t\t\t<div class=\"elementor-widget-container\">\n\t\t\t\t\t\t\t\t\t<div class=\"J_module\"><div class=\"detail-decorate-json-renderer-container\"><div class=\"magic-5\"><div class=\"magic-6\"><div class=\"magic-7\"><div class=\"magic-8\"><span style=\"color: #000000;\" data-spm-anchor-id=\"a2700.details.0.i44.1b65605fl6GjYL\">Pasivn\u00ed dlouh\u00fd dosah 860\u2013960 MHz ISO18000 6C UHF RFID Tag<\/span><\/div><div>\u00a0<\/div><\/div><\/div><\/div><\/div><\/div><div class=\"J_module\"><div class=\"detail-decorate-json-renderer-container\"><div class=\"magic-5\"><div class=\"magic-6\"><div class=\"magic-7\"><div class=\"magic-8\" data-spm-anchor-id=\"a2700.details.0.i40.1b65605fl6GjYL\"><span style=\"color: #000000;\"><b>\u0160t\u00edtek RFID<\/b> mohou b\u00fdt \u0161iroce pou\u017e\u00edv\u00e1ny v identifikaci, ve\u0159ejn\u00e9 doprav\u011b, elektronick\u00e9m v\u00fdb\u011bru m\u00fdtn\u00e9ho na akce, majetku<\/span><br \/><span style=\"color: #000000;\">spr\u00e1va, knihovny a p\u016fj\u010dovny, v\u011brnostn\u00ed syst\u00e9m a \u0159\u00edzen\u00ed p\u0159\u00edstupu atd. Poskytujeme programovac\u00ed a k\u00f3dovac\u00ed slu\u017eby, kter\u00e9 p\u0159esn\u011b odpov\u00eddaj\u00ed po\u017eadavk\u016fm z\u00e1kazn\u00edka na programov\u00e1n\u00ed nebo k\u00f3dov\u00e1n\u00ed.<\/span><\/div><div data-spm-anchor-id=\"a2700.details.0.i40.1b65605fl6GjYL\">\u00a0<\/div><\/div><div data-spm-anchor-id=\"a2700.details.0.i40.1b65605fl6GjYL\"><table class=\"all magic-12\"><tbody><tr><td colspan=\"1\" rowspan=\"1\"><div class=\"magic-16\" data-spm-anchor-id=\"a2700.details.0.i41.1b65605fl6GjYL\"><span style=\"color: #000000;\">Typ produktu<\/span><\/div><\/td><td colspan=\"1\" rowspan=\"1\"><div class=\"magic-17\"><span style=\"color: #000000;\">Pasivn\u00ed dlouh\u00fd dosah 860\u2013960 MHz ISO18000 6C UHF RFID Tag<\/span><\/div><\/td><\/tr><tr><td colspan=\"1\" rowspan=\"1\"><div class=\"magic-16\"><span style=\"color: #000000;\">Protokol vzdu\u0161n\u00e9ho rozhran\u00ed<\/span><\/div><\/td><td colspan=\"1\" rowspan=\"1\"><div class=\"magic-17\"><span style=\"color: #000000;\">EPCglobal UHF Class 1 Gen 2 (ISO 18000-6C)<\/span><\/div><\/td><\/tr><tr><td colspan=\"1\" rowspan=\"1\"><div class=\"magic-16\"><span style=\"color: #000000;\">Provozn\u00ed frekvence<\/span><\/div><\/td><td colspan=\"1\" rowspan=\"1\"><div class=\"magic-17\"><span style=\"color: #000000;\">860~960 MHz<\/span><\/div><\/td><\/tr><tr><td colspan=\"1\" rowspan=\"1\"><div class=\"magic-16\"><span style=\"color: #000000;\">Typ IC<\/span><\/div><\/td><td colspan=\"1\" rowspan=\"1\"><div class=\"magic-17\"><span style=\"color: #000000;\">Mimozem\u0161\u0165an Higgs-3\/Higgs-4<\/span><\/div><\/td><\/tr><tr><td colspan=\"1\" rowspan=\"1\"><div class=\"magic-16\"><span style=\"color: #000000;\">Pam\u011b\u0165<\/span><\/div><\/td><td colspan=\"1\" rowspan=\"1\"><div class=\"magic-17\"><span style=\"color: #000000;\">EPC 96-480 bit, u\u017eivatelsk\u00e1 512 bit, TID 32 bit<\/span><\/div><\/td><\/tr><tr><td colspan=\"1\" rowspan=\"1\"><div class=\"magic-16\"><span style=\"color: #000000;\">Obsah pam\u011bti EPC<\/span><\/div><\/td><td colspan=\"1\" rowspan=\"1\"><div class=\"magic-17\"><span style=\"color: #000000;\">Jedine\u010dn\u00e9, n\u00e1hodn\u00e9 \u010d\u00edslo<\/span><\/div><\/td><\/tr><tr><td colspan=\"1\" rowspan=\"1\"><div class=\"magic-16\"><span style=\"color: #000000;\">Maxim\u00e1ln\u00ed \u010dten\u00e1 vzd\u00e1lenost<\/span><\/div><\/td><td colspan=\"1\" rowspan=\"1\"><div class=\"magic-17\"><span style=\"color: #000000;\">&gt;3 m (10 stop)<\/span><\/div><\/td><\/tr><tr><td colspan=\"1\" rowspan=\"1\"><div class=\"magic-16\"><span style=\"color: #000000;\">Aplika\u010dn\u00ed povrchov\u00e9 materi\u00e1ly<\/span><\/div><\/td><td colspan=\"1\" rowspan=\"1\"><div class=\"magic-17\"><span style=\"color: #000000;\">Sklo, plast, d\u0159evo, karton<\/span><\/div><\/td><\/tr><tr><td colspan=\"1\" rowspan=\"1\"><div class=\"magic-16\"><span style=\"color: #000000;\">Tag Form Factor<\/span><\/div><\/td><td colspan=\"1\" rowspan=\"1\"><div class=\"magic-17\"><span style=\"color: #000000;\">Such\u00e1 vlo\u017eka\/mokr\u00e1 vlo\u017eka\/b\u00edl\u00e1 mokr\u00e1 vlo\u017eka (\u0161t\u00edtek)<\/span><\/div><\/td><\/tr><tr><td colspan=\"1\" rowspan=\"1\"><div class=\"magic-16\"><span style=\"color: #000000;\">Materi\u00e1ly \u0161t\u00edtk\u016f<\/span><\/div><\/td><td colspan=\"1\" rowspan=\"1\"><div class=\"magic-17\"><span style=\"color: #000000;\">TT potisknuteln\u00fd b\u00edl\u00fd film<\/span><\/div><\/td><\/tr><tr><td colspan=\"1\" rowspan=\"1\"><div class=\"magic-16\"><span style=\"color: #000000;\">Zp\u016fsob p\u0159ipojen\u00ed<\/span><\/div><\/td><td colspan=\"1\" rowspan=\"1\"><div class=\"magic-17\"><span style=\"color: #000000;\">Univerz\u00e1ln\u00ed lepidlo nebo p\u0159ilo\u017ete k\u0159\u00eddov\u00fd pap\u00edr<\/span><\/div><\/td><\/tr><tr><td colspan=\"1\" rowspan=\"1\"><div class=\"magic-16\"><span style=\"color: #000000;\">Velikost ant\u00e9ny<\/span><\/div><\/td><td colspan=\"1\" rowspan=\"1\"><div class=\"magic-17\"><span style=\"color: #000000;\">70 * 17 mm nebo p\u0159izp\u016fsoben\u00e9<\/span><\/div><\/td><\/tr><tr><td colspan=\"1\" rowspan=\"1\"><div class=\"magic-16\"><span style=\"color: #000000;\">Velikost vlo\u017eky<\/span><\/div><\/td><td colspan=\"1\" rowspan=\"1\"><div class=\"magic-17\"><span style=\"color: #000000;\">83 * 25,4 mm nebo p\u0159izp\u016fsoben\u00e9<\/span><\/div><\/td><\/tr><tr><td colspan=\"1\" rowspan=\"1\"><div class=\"magic-16\"><span style=\"color: #000000;\">Hmotnost<\/span><\/div><\/td><td colspan=\"1\" rowspan=\"1\"><div class=\"magic-17\"><span style=\"color: #000000;\">&lt; 1 gram<\/span><\/div><\/td><\/tr><tr><td colspan=\"1\" rowspan=\"1\"><div class=\"magic-16\"><span style=\"color: #000000;\">Provozn\u00ed teplota<\/span><\/div><\/td><td colspan=\"1\" rowspan=\"1\"><div class=\"magic-17\"><span style=\"color: #000000;\">-40\u00b0 a\u017e +70\u00b0C<\/span><\/div><\/td><\/tr><tr><td colspan=\"1\" rowspan=\"1\"><div class=\"magic-16\"><span style=\"color: #000000;\">Skladovac\u00ed stav<\/span><\/div><\/td><td colspan=\"1\" rowspan=\"1\"><div class=\"magic-17\"><span style=\"color: #000000;\">20% a\u017e 90% RH<\/span><\/div><\/td><\/tr><tr><td colspan=\"1\" rowspan=\"4\"><div class=\"magic-16\"><span style=\"color: #000000;\">Aplikace<\/span><\/div><\/td><td colspan=\"1\" rowspan=\"1\"><div class=\"magic-17\" data-spm-anchor-id=\"a2700.details.0.i42.1b65605fl6GjYL\"><span style=\"color: #000000;\">\u0160t\u00edtek RFID na oble\u010den\u00ed<\/span><\/div><\/td><\/tr><tr><td colspan=\"1\" rowspan=\"1\" data-spm-anchor-id=\"a2700.details.0.i45.1b65605fl6GjYL\"><div class=\"magic-17\"><span style=\"color: #000000;\">Balic\u00ed pouzdro<\/span><\/div><\/td><\/tr><tr><td colspan=\"1\" rowspan=\"1\"><div class=\"magic-17\"><span style=\"color: #000000;\">\u0160t\u00edtky z\u00e1sobn\u00edku<\/span><\/div><\/td><\/tr><tr><td colspan=\"1\" rowspan=\"1\"><div class=\"magic-17\"><span style=\"color: #000000;\">ISO karta<\/span><\/div><\/td><\/tr><\/tbody><\/table><\/div><div class=\"magic-7\"><div data-spm-anchor-id=\"a2700.details.0.i40.1b65605fl6GjYL\">\u00a0<\/div><\/div><\/div><\/div><\/div><\/div><p><span style=\"color: #000000;\"><strong>Hmotnostn\u00ed charakteristiky<\/strong><\/span><br \/><span style=\"color: #000000;\">S hmotnost\u00ed men\u0161\u00ed ne\u017e 1 gram jsou tyto \u0161t\u00edtky lehk\u00e9 a nen\u00e1padn\u00e9, d\u00edky \u010demu\u017e jsou ide\u00e1ln\u00ed pro integraci do \u0161irok\u00e9 \u0159ady produkt\u016f.<\/span><\/p><p><span style=\"color: #000000;\"><strong>Rozsah provozn\u00edch teplot<\/strong><\/span><br \/><span style=\"color: #000000;\">Tyto RFID \u0161t\u00edtky jsou navr\u017eeny tak, aby fungovaly optim\u00e1ln\u011b v extr\u00e9mn\u00edch podm\u00ednk\u00e1ch, s rozsahem provozn\u00edch teplot od -40 \u00b0C do +70 \u00b0C, co\u017e zaji\u0161\u0165uje spolehlivost v r\u016fzn\u00fdch prost\u0159ed\u00edch.<\/span><\/p><p><span style=\"color: #000000;\"><strong>Podm\u00ednky skladov\u00e1n\u00ed<\/strong><\/span><br \/><span style=\"color: #000000;\">Pro optim\u00e1ln\u00ed v\u00fdkon by tyto \u0161t\u00edtky m\u011bly b\u00fdt skladov\u00e1ny v prost\u0159ed\u00ed s relativn\u00ed vlhkost\u00ed mezi 20% a\u017e 90%.<img fetchpriority=\"high\" decoding=\"async\" class=\"alignnone size-full wp-image-1763\" src=\"https:\/\/rfid-laundry-tag.com\/wp-content\/uploads\/2024\/09\/5_He7ba546c53fb4397bb6067c599476c9cN.jpg\" alt=\"\" width=\"720\" height=\"720\" srcset=\"https:\/\/rfid-laundry-tag.com\/wp-content\/uploads\/2024\/09\/5_He7ba546c53fb4397bb6067c599476c9cN.jpg 720w, https:\/\/rfid-laundry-tag.com\/wp-content\/uploads\/2024\/09\/5_He7ba546c53fb4397bb6067c599476c9cN-300x300.jpg 300w, https:\/\/rfid-laundry-tag.com\/wp-content\/uploads\/2024\/09\/5_He7ba546c53fb4397bb6067c599476c9cN-150x150.jpg 150w, https:\/\/rfid-laundry-tag.com\/wp-content\/uploads\/2024\/09\/5_He7ba546c53fb4397bb6067c599476c9cN-12x12.jpg 12w, https:\/\/rfid-laundry-tag.com\/wp-content\/uploads\/2024\/09\/5_He7ba546c53fb4397bb6067c599476c9cN-600x600.jpg 600w, https:\/\/rfid-laundry-tag.com\/wp-content\/uploads\/2024\/09\/5_He7ba546c53fb4397bb6067c599476c9cN-100x100.jpg 100w\" sizes=\"(max-width: 720px) 100vw, 720px\" \/><\/span><\/p><p><span style=\"color: #000000;\"><strong>Dal\u0161\u00ed funkce<\/strong><\/span><\/p><ol><li><p><span style=\"color: #000000;\"><strong>U\u017eivatelsk\u00e1 konfigurovatelnost<\/strong>: D\u00edky flexibiln\u00ed struktu\u0159e pam\u011bti mohou u\u017eivatel\u00e9 konfigurovat pam\u011b\u0165 RFID \u0161t\u00edtku, co\u017e umo\u017e\u0148uje p\u0159izp\u016fsoben\u00e9 aplikace, jako je personalizovan\u00fd sb\u011br dat o z\u00e1kazn\u00edc\u00edch nebo sledov\u00e1n\u00ed z\u00e1sob.<\/span><\/p><\/li><li><p><span style=\"color: #000000;\"><strong>Trvanlivost a odolnost<\/strong>: Tyto \u0161t\u00edtky jsou navr\u017eeny tak, aby byly odoln\u00e9 v\u016f\u010di environment\u00e1ln\u00edm v\u00fdzv\u00e1m a zajistily dlouhotrvaj\u00edc\u00ed v\u00fdkon i p\u0159es vystaven\u00ed zm\u011bn\u00e1m teploty a vlhkosti.<\/span><\/p><\/li><li><p><span style=\"color: #000000;\"><strong>Pokro\u010dil\u00e1 bezpe\u010dnostn\u00ed opat\u0159en\u00ed<\/strong>: \u0160t\u00edtky obsahuj\u00ed pokro\u010dil\u00e9 bezpe\u010dnostn\u00ed protokoly, kter\u00e9 chr\u00e1n\u00ed data obsa\u017een\u00e1 v nich, tak\u017ee jsou ide\u00e1ln\u00ed pro aplikace vy\u017eaduj\u00edc\u00ed vysoce bezpe\u010dnostn\u00ed opat\u0159en\u00ed, jako jsou finan\u010dn\u00ed transakce nebo syst\u00e9my kontroly p\u0159\u00edstupu.<\/span><\/p><\/li><\/ol>\t\t\t\t\t\t\t\t<\/div>\n\t\t\t\t<\/div>\n\t\t\t\t\t<\/div>\n\t\t\t\t<\/div>\n\t\t\t\t<\/div>","protected":false},"excerpt":{"rendered":"<p>Objevte v\u0161estrann\u00fd \u0161t\u00edtek ISO18000-6C UHF RFID pro \u00fa\u010dinnou identifikaci a sledov\u00e1n\u00ed v aplikac\u00edch pro p\u0159epravu, spr\u00e1vu majetku a \u0159\u00edzen\u00ed p\u0159\u00edstupu.<\/p>","protected":false},"featured_media":1756,"template":"","meta":{"_kad_post_transparent":"default","_kad_post_title":"","_kad_post_layout":"default","_kad_post_sidebar_id":"","_kad_post_content_style":"default","_kad_post_vertical_padding":"default","_kad_post_feature":"","_kad_post_feature_position":"","_kad_post_header":false,"_kad_post_footer":false,"_kad_post_classname":""},"product_brand":[],"product_cat":[54],"product_tag":[265,264,98],"class_list":{"0":"post-1755","1":"product","2":"type-product","3":"status-publish","4":"has-post-thumbnail","6":"product_cat-hot-selling-rfid-tags","7":"product_tag-iso18000-6c-uhf-rfid-tags","8":"product_tag-iso18000-6c-uhf-rfid-tags-labels","9":"product_tag-uhf-rfid-label","11":"first","12":"instock","13":"shipping-taxable","14":"product-type-simple","15":"entry","16":"content-bg","17":"loop-entry"},"_links":{"self":[{"href":"https:\/\/rfid-laundry-tag.com\/cs\/wp-json\/wp\/v2\/product\/1755","targetHints":{"allow":["GET"]}}],"collection":[{"href":"https:\/\/rfid-laundry-tag.com\/cs\/wp-json\/wp\/v2\/product"}],"about":[{"href":"https:\/\/rfid-laundry-tag.com\/cs\/wp-json\/wp\/v2\/types\/product"}],"version-history":[{"count":5,"href":"https:\/\/rfid-laundry-tag.com\/cs\/wp-json\/wp\/v2\/product\/1755\/revisions"}],"predecessor-version":[{"id":1769,"href":"https:\/\/rfid-laundry-tag.com\/cs\/wp-json\/wp\/v2\/product\/1755\/revisions\/1769"}],"wp:featuredmedia":[{"embeddable":true,"href":"https:\/\/rfid-laundry-tag.com\/cs\/wp-json\/wp\/v2\/media\/1756"}],"wp:attachment":[{"href":"https:\/\/rfid-laundry-tag.com\/cs\/wp-json\/wp\/v2\/media?parent=1755"}],"wp:term":[{"taxonomy":"product_brand","embeddable":true,"href":"https:\/\/rfid-laundry-tag.com\/cs\/wp-json\/wp\/v2\/product_brand?post=1755"},{"taxonomy":"product_cat","embeddable":true,"href":"https:\/\/rfid-laundry-tag.com\/cs\/wp-json\/wp\/v2\/product_cat?post=1755"},{"taxonomy":"product_tag","embeddable":true,"href":"https:\/\/rfid-laundry-tag.com\/cs\/wp-json\/wp\/v2\/product_tag?post=1755"}],"curies":[{"name":"wp","href":"https:\/\/api.w.org\/{rel}","templated":true}]}}