{"id":174,"date":"2024-06-15T14:22:35","date_gmt":"2024-06-15T14:22:35","guid":{"rendered":"https:\/\/rfid-laundry-tag.com\/?post_type=product&#038;p=174"},"modified":"2024-09-08T04:17:08","modified_gmt":"2024-09-08T04:17:08","slug":"waterproof-rfid-washing-button-pps","status":"publish","type":"product","link":"https:\/\/rfid-laundry-tag.com\/cs\/waterproof-rfid-washing-button-pps\/","title":{"rendered":"Vodot\u011bsn\u00e9 myc\u00ed tla\u010d\u00edtko RFID-PPS"},"content":{"rendered":"<div class=\"J_module\">\n<div class=\"ife-detail-decorate-table\">\n<table class=\"has-title all magic-6\">\n<tbody>\n<tr>\n<td colspan=\"1\" rowspan=\"1\">\n<div class=\"magic-7\" data-spm-anchor-id=\"a2700.details.0.i45.77607d98vZbcDU\"><span class=\"magic-8\" style=\"color: #363535;\">N\u00e1zev polo\u017eky<\/span><\/div>\n<\/td>\n<td colspan=\"1\" rowspan=\"1\">\n<div class=\"magic-9\">Vodot\u011bsn\u00e9 myc\u00ed tla\u010d\u00edtko RFID-PPS<\/div>\n<\/td>\n<\/tr>\n<tr>\n<td colspan=\"1\" rowspan=\"1\">\n<div class=\"magic-7\"><span class=\"magic-10\" data-spm-anchor-id=\"a2700.pc-decorate.0.i10.28d333330XLbTD\"><span class=\"magic-8\">Materi\u00e1l<\/span><\/span><\/div>\n<\/td>\n<td colspan=\"1\" rowspan=\"1\">\n<div class=\"magic-9\"><span class=\"magic-8\">PPS<\/span><\/div>\n<\/td>\n<\/tr>\n<tr>\n<td colspan=\"1\" rowspan=\"1\">\n<div class=\"magic-7\"><span class=\"magic-8\">Barva<\/span><\/div>\n<\/td>\n<td colspan=\"1\" rowspan=\"1\">\n<div class=\"magic-9\"><span class=\"magic-8\">\u010cern\u00e1<\/span><\/div>\n<\/td>\n<\/tr>\n<tr>\n<td colspan=\"1\" rowspan=\"1\">MOQ<\/td>\n<td colspan=\"1\" rowspan=\"1\">500 ks<\/td>\n<\/tr>\n<tr>\n<td colspan=\"1\" rowspan=\"1\">\n<div class=\"magic-7\"><span class=\"magic-8\">V\u00fdrobce\/\u010dip<\/span><\/div>\n<\/td>\n<td colspan=\"1\" rowspan=\"1\">\n<div class=\"magic-9\"><span class=\"magic-8\">NXP UCODE 8,UCODE 9\/NTAG213,Mifare 1k\/EM4200,EM4305,T5577.TK4100 atd.<\/span><\/div>\n<\/td>\n<\/tr>\n<tr>\n<td colspan=\"1\" rowspan=\"1\">\n<div class=\"magic-7\"><span class=\"magic-8\">Frekvence<\/span><\/div>\n<\/td>\n<td colspan=\"1\" rowspan=\"1\">\n<div class=\"magic-9\"><span class=\"magic-8\">860-960MHz\/13,56MHz\/125Khz<\/span><\/div>\n<\/td>\n<\/tr>\n<tr>\n<td colspan=\"1\" rowspan=\"1\">\n<div class=\"magic-7\"><span class=\"magic-8\">Pam\u011b\u0165<\/span><\/div>\n<\/td>\n<td colspan=\"1\" rowspan=\"1\">\n<div class=\"magic-9\"><span class=\"magic-8\">96 bit\u016f\/128 bit\u016f\/144 bajt\u016f<\/span><\/div>\n<\/td>\n<\/tr>\n<tr>\n<td colspan=\"1\" rowspan=\"1\">\n<div class=\"magic-7\"><span class=\"magic-8\">P\u0159e\u010dt\u011bte si Vzd\u00e1lenost<\/span><\/div>\n<\/td>\n<td colspan=\"1\" rowspan=\"1\">\n<div class=\"magic-9\"><span class=\"magic-8\">1-6m\/1~5cm\/1~2cm<\/span><\/div>\n<\/td>\n<\/tr>\n<tr>\n<td colspan=\"1\" rowspan=\"1\">\n<div class=\"magic-7\"><span class=\"magic-8\">Pracovn\u00ed re\u017eim<\/span><\/div>\n<\/td>\n<td colspan=\"1\" rowspan=\"1\">\n<div class=\"magic-9\"><span class=\"magic-8\">pasivn\u00ed<\/span><\/div>\n<\/td>\n<\/tr>\n<tr>\n<td colspan=\"1\" rowspan=\"1\">\n<div class=\"magic-7\"><span class=\"magic-8\">Pracovn\u00ed teplota<\/span><\/div>\n<\/td>\n<td colspan=\"1\" rowspan=\"1\">\n<div class=\"magic-9\"><span class=\"magic-8\">-25\u2103~+110\u2103<\/span><\/div>\n<\/td>\n<\/tr>\n<tr>\n<td colspan=\"1\" rowspan=\"1\">\n<div class=\"magic-7\"><span class=\"magic-8\">Skladovac\u00ed teplota<\/span><\/div>\n<\/td>\n<td colspan=\"1\" rowspan=\"1\">\n<div class=\"magic-9\"><span class=\"magic-8\">-40 \u2103 ~ + 85 \u2103<\/span><\/div>\n<\/td>\n<\/tr>\n<tr>\n<td colspan=\"1\" rowspan=\"1\">\n<div class=\"magic-7\">\n<div><span class=\"magic-8\">\u00a0<\/span><\/div>\n<p><span class=\"magic-8\">Kr\u00e1tkodob\u00e1 teplotn\u00ed odolnost<\/span><\/p>\n<\/div>\n<\/td>\n<td colspan=\"1\" rowspan=\"1\">\n<div class=\"magic-9\"><span class=\"magic-8\">pran\u00ed: 90\u2103, 15 minut; p\u0159edsu\u0161en\u00ed konvertoru: 180\u2103, 30 minut, 200kr\u00e1t; \u017eehlen\u00ed: 180\u2103, 10 sekund, 200kr\u00e1t; vysok\u00fd<br \/>\nteplotn\u00ed sterilizace: 135\u2103, 20 minut<\/span><\/div>\n<\/td>\n<\/tr>\n<tr>\n<td colspan=\"1\" rowspan=\"1\">\n<div class=\"magic-7\"><span class=\"magic-8\">Funkce<\/span><\/div>\n<\/td>\n<td colspan=\"1\" rowspan=\"1\">\n<div class=\"magic-9\"><span class=\"magic-8\">vod\u011bodoln\u00fd, omyvateln\u00fd, odoln\u00fd v\u016f\u010di vysok\u00fdm teplot\u00e1m<\/span><\/div>\n<\/td>\n<\/tr>\n<tr>\n<td colspan=\"1\" rowspan=\"1\">\n<div class=\"magic-7\"><span class=\"magic-8\">\u017divot<\/span><\/div>\n<\/td>\n<td colspan=\"1\" rowspan=\"1\">\n<div class=\"magic-9\"><span class=\"magic-8\">pran\u00ed 200kr\u00e1t nebo 3 roky<\/span><\/div>\n<\/td>\n<\/tr>\n<tr>\n<td colspan=\"1\" rowspan=\"1\">\n<div class=\"magic-7\"><span class=\"magic-8\">Aplikace<\/span><\/div>\n<\/td>\n<td colspan=\"1\" rowspan=\"1\">\n<div class=\"magic-9\"><span class=\"magic-8\">spr\u00e1va a sledov\u00e1n\u00ed pr\u00e1dla<\/span><\/div>\n<\/td>\n<\/tr>\n<\/tbody>\n<\/table>\n<\/div>\n<\/div>\n<div class=\"J_module\">\n<div class=\"detail-decorate-json-renderer-container\">\n<div class=\"magic-1\">\n<div>\n<div><\/div>\n<div class=\"auto-hide-last-sibling-br paragraph_1252f paragraph-element\">\n<div class=\"auto-hide-last-sibling-br paragraph_1252f paragraph-element\"><strong>Kl\u00ed\u010dov\u00e9 vlastnosti vodot\u011bsn\u00e9ho myc\u00edho tla\u010d\u00edtka RFID:<\/strong><\/div>\n<p>&nbsp;<\/p>\n<ol class=\"auto-hide-last-sibling-br\">\n<li>\n<div class=\"auto-hide-last-sibling-br paragraph_1252f paragraph-element\">Vodot\u011bsnost: Zaji\u0161\u0165uje, \u017ee funk\u010dnost \u0161t\u00edtku nen\u00ed ohro\u017eena p\u0159i vystaven\u00ed vod\u011b, tak\u017ee je spolehliv\u00fd ve vlhk\u00fdch podm\u00ednk\u00e1ch.<\/div>\n<\/li>\n<li>\n<div class=\"auto-hide-last-sibling-br paragraph_1252f paragraph-element\">Navr\u017eeno pro drsn\u00e1 prost\u0159ed\u00ed: \u0160t\u00edtek je robustn\u011b zkonstruov\u00e1n, aby p\u0159e\u017eil a efektivn\u011b fungoval v nep\u0159\u00edzniv\u00fdch podm\u00ednk\u00e1ch.<\/div>\n<\/li>\n<li>\n<div class=\"auto-hide-last-sibling-br paragraph_1252f paragraph-element\">Dvakr\u00e1t vst\u0159ikovac\u00ed techniky: Tento v\u00fdrobn\u00ed proces zvy\u0161uje pevnost a odolnost \u0161t\u00edtku a umo\u017e\u0148uje mu odolat hrub\u00e9mu zach\u00e1zen\u00ed.<\/div>\n<\/li>\n<li>\n<div class=\"auto-hide-last-sibling-br paragraph_1252f paragraph-element\">Simult\u00e1nn\u00ed identifikace tag\u016f: Tato funkce umo\u017e\u0148uje syst\u00e9mu identifikovat v\u00edce tag\u016f najednou, \u010d\u00edm\u017e se zvy\u0161uje efektivita a rychlost provozu.<\/div>\n<\/li>\n<li>\n<div class=\"auto-hide-last-sibling-br paragraph_1252f paragraph-element\">V\u00fdjime\u010dn\u00e1 odolnost: \u0160t\u00edtek funguje v\u00fdjime\u010dn\u011b dob\u0159e v r\u016fzn\u00fdch podm\u00ednk\u00e1ch a je odoln\u00fd v\u016f\u010di extr\u00e9mn\u00edm teplot\u00e1m, olej\u016fm a chemick\u00fdm roztok\u016fm.<\/div>\n<\/li>\n<li>\n<div class=\"auto-hide-last-sibling-br paragraph_1252f paragraph-element\">Univerz\u00e1ln\u00ed mo\u017enosti velikosti: \u0160t\u00edtek se dod\u00e1v\u00e1 v r\u016fzn\u00fdch rozm\u011brech, nab\u00edz\u00ed flexibilitu p\u0159i v\u00fdb\u011bru optim\u00e1ln\u00ed velikosti a usnad\u0148uje bezprobl\u00e9movou integraci do r\u016fzn\u00fdch aplikac\u00ed.<\/div>\n<\/li>\n<\/ol>\n<\/div>\n<\/div>\n<p><strong>Mo\u017enosti \u010dipu:<\/strong><\/p>\n<ul>\n<li><strong>NXP UCODE 8\/9:<\/strong>\u00a0Cenov\u011b v\u00fdhodn\u00e9 \u010dipy ide\u00e1ln\u00ed pro z\u00e1kladn\u00ed sledov\u00e1n\u00ed a identifikaci, nab\u00edzej\u00ed \u010dtec\u00ed dosah a\u017e 10 metr\u016f.<\/li>\n<li><strong>NTAG213:<\/strong>\u00a0\u010cip s podporou NFC, kter\u00fd umo\u017e\u0148uje komunikaci se smartphony a dal\u0161\u00edmi za\u0159\u00edzen\u00edmi NFC, ide\u00e1ln\u00ed pro aplikace, jako jsou bezkontaktn\u00ed platby nebo p\u0159\u00edstup k informac\u00edm o produktech.<\/li>\n<li><strong>Mifare 1k:<\/strong>\u00a0Bezpe\u010dn\u00fd \u010dip se siln\u00fdmi \u0161ifrovac\u00edmi a autentiza\u010dn\u00edmi funkcemi, vhodn\u00fd pro \u0159\u00edzen\u00ed p\u0159\u00edstupu a bezpe\u010dn\u00e9 ukl\u00e1d\u00e1n\u00ed dat.<\/li>\n<li><strong>EM4305:<\/strong>\u00a0N\u00edzkon\u00e1kladov\u00fd \u010dip pro z\u00e1kladn\u00ed aplikace \u0159\u00edzen\u00ed p\u0159\u00edstupu s dosahem \u010dten\u00ed a\u017e 1 metr.<\/li>\n<li><strong>T5577:<\/strong>\u00a0Dal\u0161\u00ed levn\u00fd \u010dip pro syst\u00e9my kontroly p\u0159\u00edstupu a l\u00edstk\u016f, kter\u00fd nab\u00edz\u00ed \u010dtec\u00ed dosah a\u017e 1 metr.<\/li>\n<\/ul>\n<div class=\"magic-2\">\n<div class=\"auto-hide-last-sibling-br paragraph_1252f paragraph-element\">\n<div class=\"auto-hide-last-sibling-br paragraph_1252f paragraph-element\"><strong>Aplikace:<\/strong><\/div>\n<ol class=\"auto-hide-last-sibling-br\">\n<li>\n<div class=\"auto-hide-last-sibling-br paragraph_1252f paragraph-element\">Pr\u016fmyslov\u00e9 pr\u00e1delny: V pr\u016fmyslov\u00e9m prost\u0159ed\u00ed je sledov\u00e1n\u00ed velk\u00e9ho mno\u017estv\u00ed pr\u00e1dla hra\u010dkou s na\u0161imi tla\u010d\u00edtky RFID Laundry Tag Buttons.<\/div>\n<\/li>\n<li>\n<div class=\"auto-hide-last-sibling-br paragraph_1252f paragraph-element\">Zdravotnick\u00e1 za\u0159\u00edzen\u00ed a hotely: Instituce, jako jsou tyto, \u010dasto zaji\u0161\u0165uj\u00ed velkoobjemov\u00e9 pr\u00e1delny, kde na\u0161e \u0161t\u00edtky trvale zvy\u0161uj\u00ed efektivitu a zjednodu\u0161uj\u00ed spr\u00e1vu z\u00e1sob.<\/div>\n<\/li>\n<li>\n<div class=\"auto-hide-last-sibling-br paragraph_1252f paragraph-element\">P\u016fj\u010dovny pr\u00e1dla: Podniky v sektoru slu\u017eeb pron\u00e1jmu pr\u00e1dla vyu\u017e\u00edvaj\u00ed tyto \u0161t\u00edtky ke zjednodu\u0161en\u00ed \u0159\u00edzen\u00ed z\u00e1sob a udr\u017een\u00ed kontroly kvality.<\/div>\n<\/li>\n<\/ol>\n<div class=\"auto-hide-last-sibling-br paragraph_1252f paragraph-element\">\n<p>&nbsp;<\/p>\n<\/div>\n<\/div>\n<div class=\"auto-hide-last-sibling-br paragraph_1252f paragraph-element\"><\/div>\n<\/div>\n<\/div>\n<\/div>\n<\/div>","protected":false},"excerpt":{"rendered":"<p>Vodot\u011bsn\u00e9 tla\u010d\u00edtko RFID Washing Button, zna\u010dka PPS RFID tla\u010d\u00edtka kraluje jako mainstreamov\u00e1 volba d\u00edky sv\u00e9mu kompaktn\u00edmu tvaru podobn\u00e9mu tla\u010d\u00edtku. Tento \u0161t\u00edtek byl vytvo\u0159en pomoc\u00ed strategie dvojit\u00e9ho vst\u0159ikov\u00e1n\u00ed a byl navr\u017een tak, aby se da\u0159ilo v n\u00e1ro\u010dn\u00fdch prac\u00edch situac\u00edch, v\u010detn\u011b t\u011bch, kter\u00e9 zahrnuj\u00ed lisovac\u00ed stroje, chemick\u00e9 \u010dist\u00edrny a procesy \u017eehlen\u00ed. Adaptabilita a robustnost, kterou p\u0159in\u00e1\u0161\u00ed, jsou vlastnosti, kter\u00e9 ji odli\u0161uj\u00ed v oblasti \u0159\u00edzen\u00ed pr\u00e1dla a sledov\u00e1n\u00ed z\u00e1sob. Pozn\u00e1n\u00ed tohoto \u0161t\u00edtku spo\u010d\u00edv\u00e1 v jeho pohodl\u00ed, s\u00edle a odolnosti v\u016f\u010di extr\u00e9mn\u00edm podm\u00ednk\u00e1m.<\/p>","protected":false},"featured_media":175,"template":"","meta":{"_kad_post_transparent":"default","_kad_post_title":"","_kad_post_layout":"default","_kad_post_sidebar_id":"","_kad_post_content_style":"default","_kad_post_vertical_padding":"default","_kad_post_feature":"","_kad_post_feature_position":"","_kad_post_header":false,"_kad_post_footer":false,"_kad_post_classname":""},"product_brand":[],"product_cat":[21,18,17,16],"product_tag":[43,35,44,80],"class_list":{"0":"post-174","1":"product","2":"type-product","3":"status-publish","4":"has-post-thumbnail","6":"product_cat-pps-rfid-laundry-tag","7":"product_cat-125khz-rfid-laundry-tag","8":"product_cat-nfc-rfid-laundry-tag","9":"product_cat-uhf-rfid-laundry-tags","10":"product_tag-pps-rfid-washable-laundry-tags","11":"product_tag-rfid-button","12":"product_tag-rfid-washable-laundry-tags","13":"product_tag-rfid-washing-button","15":"first","16":"instock","17":"featured","18":"shipping-taxable","19":"product-type-simple","20":"entry","21":"content-bg","22":"loop-entry"},"_links":{"self":[{"href":"https:\/\/rfid-laundry-tag.com\/cs\/wp-json\/wp\/v2\/product\/174","targetHints":{"allow":["GET"]}}],"collection":[{"href":"https:\/\/rfid-laundry-tag.com\/cs\/wp-json\/wp\/v2\/product"}],"about":[{"href":"https:\/\/rfid-laundry-tag.com\/cs\/wp-json\/wp\/v2\/types\/product"}],"version-history":[{"count":1,"href":"https:\/\/rfid-laundry-tag.com\/cs\/wp-json\/wp\/v2\/product\/174\/revisions"}],"predecessor-version":[{"id":1916,"href":"https:\/\/rfid-laundry-tag.com\/cs\/wp-json\/wp\/v2\/product\/174\/revisions\/1916"}],"wp:featuredmedia":[{"embeddable":true,"href":"https:\/\/rfid-laundry-tag.com\/cs\/wp-json\/wp\/v2\/media\/175"}],"wp:attachment":[{"href":"https:\/\/rfid-laundry-tag.com\/cs\/wp-json\/wp\/v2\/media?parent=174"}],"wp:term":[{"taxonomy":"product_brand","embeddable":true,"href":"https:\/\/rfid-laundry-tag.com\/cs\/wp-json\/wp\/v2\/product_brand?post=174"},{"taxonomy":"product_cat","embeddable":true,"href":"https:\/\/rfid-laundry-tag.com\/cs\/wp-json\/wp\/v2\/product_cat?post=174"},{"taxonomy":"product_tag","embeddable":true,"href":"https:\/\/rfid-laundry-tag.com\/cs\/wp-json\/wp\/v2\/product_tag?post=174"}],"curies":[{"name":"wp","href":"https:\/\/api.w.org\/{rel}","templated":true}]}}