{"id":171,"date":"2024-06-15T13:49:12","date_gmt":"2024-06-15T13:49:12","guid":{"rendered":"https:\/\/rfid-laundry-tag.com\/?post_type=product&#038;p=171"},"modified":"2024-06-15T14:14:22","modified_gmt":"2024-06-15T14:14:22","slug":"uhf-rfid-silicone-washing-labels","status":"publish","type":"product","link":"https:\/\/rfid-laundry-tag.com\/cs\/uhf-rfid-silicone-washing-labels\/","title":{"rendered":"UHF RFID silikonov\u00e9 myc\u00ed etikety"},"content":{"rendered":"<table style=\"border-collapse: collapse; width: 711px; height: 751px;\" border=\"0\" width=\"537\" cellspacing=\"0\" cellpadding=\"0\">\n<tbody>\n<tr style=\"height: 14.40pt;\">\n<td class=\"et2\" style=\"height: 14.40pt; width: 136.80pt;\" width=\"228\" height=\"24\">Materi\u00e1l<\/td>\n<td class=\"et2\" style=\"width: 185.40pt;\" width=\"309\">Silikon<\/td>\n<\/tr>\n<tr style=\"height: 14.40pt;\">\n<td class=\"et3\" style=\"height: 14.40pt; width: 136.80pt;\" width=\"228\" height=\"24\">Velikost<\/td>\n<td class=\"et3\" style=\"width: 185.40pt;\" width=\"309\">55x12mm, 56x20mm, 85x27mm<\/td>\n<\/tr>\n<tr style=\"height: 14.40pt;\">\n<td class=\"et3\" style=\"height: 14.40pt; width: 136.80pt;\" width=\"228\" height=\"24\">Frekvence<\/td>\n<td class=\"et3\" style=\"width: 185.40pt;\" width=\"309\">860-960 MHz<\/td>\n<\/tr>\n<tr style=\"height: 27.60pt;\">\n<td class=\"et3\" style=\"height: 27.60pt; width: 136.80pt;\" width=\"228\" height=\"46\">Typ IC (\u010dip)<\/td>\n<td class=\"et3\" style=\"width: 185.40pt;\" width=\"309\">U7\/U8 (k dispozici jsou Alien H3 a Impinj Monza R6)<\/td>\n<\/tr>\n<tr style=\"height: 27.60pt;\">\n<td class=\"et3\" style=\"height: 27.60pt; width: 136.80pt;\" width=\"228\" height=\"46\">Protokol<\/td>\n<td class=\"et3\" style=\"width: 185.40pt;\" width=\"309\">EPC Global Class 1 Gen2 &amp; ISO18000-6C<\/td>\n<\/tr>\n<tr style=\"height: 14.40pt;\">\n<td class=\"et3\" style=\"height: 14.40pt; width: 136.80pt;\" width=\"228\" height=\"24\">Pam\u011b\u0165<\/td>\n<td class=\"et3\" style=\"width: 185.40pt;\" width=\"309\">128 bit\u016f<\/td>\n<\/tr>\n<tr style=\"height: 14.40pt;\">\n<td class=\"et3\" style=\"height: 14.40pt; width: 136.80pt;\" width=\"228\" height=\"24\">Tag Form Factor<\/td>\n<td class=\"et3\" style=\"width: 185.40pt;\" width=\"309\">Flexibiln\u00ed<\/td>\n<\/tr>\n<tr style=\"height: 14.40pt;\">\n<td class=\"et3\" style=\"height: 14.40pt; width: 136.80pt;\" width=\"228\" height=\"24\">Antikolizn\u00ed<\/td>\n<td class=\"et3\" style=\"width: 185.40pt;\" width=\"309\">Ano<\/td>\n<\/tr>\n<tr style=\"height: 14.40pt;\">\n<td class=\"et3\" style=\"height: 14.40pt; width: 136.80pt;\" width=\"228\" height=\"24\">Provozn\u00ed teplota<\/td>\n<td class=\"et3\" style=\"width: 185.40pt;\" width=\"309\">-25 \u00b0C \/ +200 \u00b0C<\/td>\n<\/tr>\n<tr style=\"height: 14.40pt;\">\n<td class=\"et3\" style=\"height: 14.40pt; width: 136.80pt;\" width=\"228\" height=\"24\">P\u0159e\u010dt\u011bte si Vzd\u00e1lenost<\/td>\n<td class=\"et3\" style=\"width: 185.40pt;\" width=\"309\">1-7m<\/td>\n<\/tr>\n<tr style=\"height: 14.40pt;\">\n<td class=\"et3\" style=\"height: 14.40pt; width: 136.80pt;\" width=\"228\" height=\"24\">P\u0159ipojuje k<\/td>\n<td class=\"et3\" style=\"width: 185.40pt;\" width=\"309\">Pr\u00e1dlo a od\u011bvy<\/td>\n<\/tr>\n<tr style=\"height: 14.40pt;\">\n<td class=\"et3\" style=\"height: 14.40pt; width: 136.80pt;\" width=\"228\" height=\"24\">Hodnocen\u00ed IP<\/td>\n<td class=\"et3\" style=\"width: 185.40pt;\" width=\"309\">IP68<\/td>\n<\/tr>\n<tr style=\"height: 14.40pt;\">\n<td class=\"et3\" style=\"height: 14.40pt; width: 136.80pt;\" width=\"228\" height=\"24\">Barva<\/td>\n<td class=\"et3\" style=\"width: 185.40pt;\" width=\"309\">B\u00edl\u00e1\/modr\u00e1 nebo p\u0159izp\u016fsoben\u00e1<\/td>\n<\/tr>\n<tr style=\"height: 17.40pt;\">\n<td class=\"et4\" style=\"height: 17.40pt; width: 322.20pt;\" colspan=\"2\" width=\"537\" height=\"29\">Myt\u00ed<\/td>\n<\/tr>\n<tr style=\"height: 27.60pt;\">\n<td class=\"et3\" style=\"height: 27.60pt; width: 136.80pt;\" width=\"228\" height=\"46\">Odol\u00e1v\u00e1 expozici<\/td>\n<td class=\"et3\" style=\"width: 185.40pt;\" width=\"309\">voda a v\u0161echny chemik\u00e1lie b\u011b\u017en\u00e9 pro komer\u010dn\u00ed pr\u00e1delny a chemick\u00e9 \u010di\u0161t\u011bn\u00ed<\/td>\n<\/tr>\n<tr style=\"height: 14.40pt;\">\n<td class=\"et3\" style=\"height: 14.40pt; width: 136.80pt;\" width=\"228\" height=\"24\">Myc\u00ed cykly<\/td>\n<td class=\"et3\" style=\"width: 185.40pt;\" width=\"309\">A\u017e 200 komer\u010dn\u00edch myc\u00edch cykl\u016f<\/td>\n<\/tr>\n<tr style=\"height: 27.60pt;\">\n<td class=\"et3\" style=\"height: 27.60pt; width: 136.80pt;\" width=\"228\" height=\"46\">Myt\u00ed<\/td>\n<td class=\"et3\" style=\"width: 185.40pt;\" width=\"309\">150 \u00baC po dobu 15-20 minut \u2013 150 cykl\u016f<\/td>\n<\/tr>\n<tr style=\"height: 27.60pt;\">\n<td class=\"et3\" style=\"height: 27.60pt; width: 136.80pt;\" width=\"228\" height=\"46\">Su\u0161en\u00ed<\/td>\n<td class=\"et3\" style=\"width: 185.40pt;\" width=\"309\">95 \u00b0C (a\u017e 60 minut), 130 \u00b0C (a\u017e 30 minut)<\/td>\n<\/tr>\n<tr style=\"height: 14.40pt;\">\n<td class=\"et3\" style=\"height: 14.40pt; width: 136.80pt;\" width=\"228\" height=\"24\">Fini\u0161er tunelu<\/td>\n<td class=\"et3\" style=\"width: 185.40pt;\" width=\"309\">200 \u00b0C po dobu 30 minut<\/td>\n<\/tr>\n<tr style=\"height: 14.40pt;\">\n<td class=\"et3\" style=\"height: 14.40pt; width: 136.80pt;\" width=\"228\" height=\"24\">\u017dehlen\u00ed<\/td>\n<td class=\"et3\" style=\"width: 185.40pt;\" width=\"309\">250 \u00b0C (a\u017e 60 sekund)<\/td>\n<\/tr>\n<\/tbody>\n<\/table>\n<div><\/div>\n<div><\/div>\n<div class=\"auto-hide-last-sibling-br paragraph_1252f paragraph-element\"><strong>Silikonov\u00e9 myc\u00ed \u0161t\u00edtky UHF RFID nab\u00edzej\u00ed n\u00e1sleduj\u00edc\u00ed kl\u00ed\u010dov\u00e9 funkce:<\/strong><\/div>\n<ol class=\"auto-hide-last-sibling-br\">\n<li>\n<div class=\"auto-hide-last-sibling-br paragraph_1252f paragraph-element\">Tenk\u00fd, m\u011bkk\u00fd a flexibiln\u00ed: Jeho lehk\u00fd a poddajn\u00fd design zaji\u0161\u0165uje pohodln\u00e9 no\u0161en\u00ed na jak\u00e9mkoli textiln\u00edm materi\u00e1lu.<\/div>\n<\/li>\n<li>\n<div class=\"auto-hide-last-sibling-br paragraph_1252f paragraph-element\">Odoln\u00e9: \u0160t\u00edtky jsou vodot\u011bsn\u00e9 a odoln\u00e9 v\u016f\u010di chemick\u00fdm roztok\u016fm, co\u017e zaji\u0161\u0165uje, \u017ee si zachovaj\u00ed svou funk\u010dnost bez ohledu na prost\u0159ed\u00ed, kter\u00e9mu jsou vystaveny.<\/div>\n<\/li>\n<li>\n<div class=\"auto-hide-last-sibling-br paragraph_1252f paragraph-element\">Dlouh\u00e1 \u017eivotnost: Nab\u00edz\u00ed \u017eivotnost a\u017e 200 cykl\u016f pran\u00ed, su\u0161en\u00ed, \u010di\u0161t\u011bn\u00ed a \u017eehlen\u00ed a poskytuje konzistentn\u00ed v\u00fdkon.<\/div>\n<\/li>\n<li>\n<div class=\"auto-hide-last-sibling-br paragraph_1252f paragraph-element\">V\u00fdjime\u010dn\u00e1 odolnost: Odol\u00e1v\u00e1 vysok\u00fdm teplot\u00e1m a drsn\u00e9mu prost\u0159ed\u00ed. \u0160t\u00edtek na pr\u00e1dlo RFID pracuj\u00edc\u00ed v rozsahu frekvenc\u00ed 860~960MHz je speci\u00e1ln\u011b navr\u017een tak, aby vydr\u017eel procesy \u010di\u0161t\u011bn\u00ed vysok\u00fdm tlakem a teplotou.<\/div>\n<\/li>\n<li>\n<div class=\"auto-hide-last-sibling-br paragraph_1252f paragraph-element\">\u0160irok\u00e9 pou\u017eit\u00ed: Ide\u00e1ln\u00ed pro pou\u017eit\u00ed v n\u00e1ro\u010dn\u00fdch podm\u00ednk\u00e1ch, kter\u00e9 vy\u017eaduj\u00ed vysokou odolnost v\u016f\u010di teplu, korozi a opot\u0159eben\u00ed, jako jsou pr\u00e1delny a pr\u016fmyslov\u00e9 myt\u00ed.<\/div>\n<\/li>\n<li>\n<div class=\"auto-hide-last-sibling-br paragraph_1252f paragraph-element\">Snadn\u00e1 integrace: Snadno se za\u010dlen\u00ed do r\u016fzn\u00fdch textili\u00ed, v\u010detn\u011b ko\u0161il, pracovn\u00edch od\u011bv\u016f, prost\u011bradel a dal\u0161\u00edch textiln\u00edch v\u00fdrobk\u016f.<\/div>\n<\/li>\n<li>\n<div class=\"auto-hide-last-sibling-br paragraph_1252f paragraph-element\">R\u016fzn\u00e9 mo\u017enosti: Nab\u00edz\u00ed \u0159adu RFID \u0161t\u00edtk\u016f na pr\u00e1dlo, v\u010detn\u011b \u0161t\u00edtk\u016f na pr\u00e1dlo RFID PPS, silikonov\u00fdch \u0161t\u00edtk\u016f na pr\u00e1dlo RFID a \u0161t\u00edtk\u016f na pr\u00e1dlo RFID.<\/div>\n<\/li>\n<li>\n<div class=\"auto-hide-last-sibling-br paragraph_1252f paragraph-element\">\u0160irok\u00e9 pou\u017eit\u00ed: \u0160iroce se pou\u017e\u00edv\u00e1 v maloobchod\u011b s od\u011bvy, hotelov\u00fdmi prost\u011bradly, chemick\u00fdm \u010di\u0161t\u011bn\u00edm l\u00e9ka\u0159sk\u00fdch uniforem a pr\u016fmyslov\u00fdmi pr\u00e1delnami.<\/div>\n<\/li>\n<li>\n<div class=\"auto-hide-last-sibling-br paragraph_1252f paragraph-element\">Efektivn\u00ed spr\u00e1va: Technologie RFID vykazuje vynikaj\u00edc\u00ed v\u00fdkon v efektivn\u00ed spr\u00e1v\u011b, optimalizaci z\u00e1sob a sn\u00ed\u017een\u00ed lidsk\u00fdch chyb b\u011bhem myc\u00edch a faktura\u010dn\u00edch proces\u016f.<\/div>\n<\/li>\n<\/ol>\n<div class=\"auto-hide-last-sibling-br paragraph_1252f paragraph-element\">Stru\u010dn\u011b \u0159e\u010deno, tyto \u0161t\u00edtky jsou p\u0159izp\u016fsobeny pro n\u00e1ro\u010dn\u00e9 podm\u00ednky pran\u00ed, nab\u00edzej\u00ed odolnost, \u00fa\u010dinnost a \u0161irokou \u0161k\u00e1lu aplikac\u00ed. Poskytuj\u00ed chytr\u00e9 \u0159e\u0161en\u00ed pro efektivn\u00ed spr\u00e1vu a sledov\u00e1n\u00ed pr\u00e1dla v r\u016fzn\u00fdch odv\u011btv\u00edch.<\/div>\n<div><\/div>\n<p data-spm-anchor-id=\"a2700.details.0.i116.60201a70jOXdOd\"><strong>Aplikace :<\/strong><\/p>\n<ul>\n<li>Hotelov\u00e9 lo\u017en\u00ed pr\u00e1dlo Spr\u00e1va sledov\u00e1n\u00ed<\/li>\n<li>Tov\u00e1rna\/sklad\/hotel\/nemocnice\/z\u00e1bavn\u00ed park<\/li>\n<li data-spm-anchor-id=\"a2700.details.0.i115.60201a70jOXdOd\"><span data-spm-anchor-id=\"a2700.details.0.i120.60201a70jOXdOd\">Nemocni\u010dn\u00ed uniformy<\/span><\/li>\n<li data-spm-anchor-id=\"a2700.details.0.i118.60201a70jOXdOd\">Povle\u010den\u00ed\/ Palety\/ Pl\u00e1t\u011bn\u00e9 ta\u0161ky<\/li>\n<li>\u010cist\u00edrna<\/li>\n<li>Pou\u017eit\u00ed v hotelov\u00e9m prost\u011bradle\/ P\u0159ipevn\u011bno k textilu\/ Pracovn\u00ed od\u011bv.<\/li>\n<li>Od\u011bvn\u00ed tov\u00e1rna, Fabric factory.<\/li>\n<\/ul>\n<p>&nbsp;<\/p>","protected":false},"excerpt":{"rendered":"<p>Silikonov\u00e9 \u0161t\u00edtky UHF RFID jsou exkluzivn\u00ed design \u0161t\u00edtk\u016f, kter\u00e9 jsou schopn\u00e9 vydr\u017eet p\u0159\u00edsn\u00e9 metody pran\u00ed. Jsou zvl\u00e1\u0161t\u011b vhodn\u00e9 pro od\u011bvy a textilie, kter\u00e9 proch\u00e1zej\u00ed pravideln\u00fdm \u010di\u0161t\u011bn\u00edm. Tyto \u0161t\u00edtky jsou vyrobeny z odoln\u00e9ho silikonu, kter\u00fd zaji\u0161\u0165uje jejich odolnost. Nav\u00edc obsahuj\u00ed UHF (Ultra High Frequency) RFID \u010dip, do kter\u00e9ho lze naprogramovat p\u0159\u00edslu\u0161n\u00e1 data o od\u011bvu nebo textilu. D\u00edky tomu jsou tyto \u0161t\u00edtky pohodlnou a efektivn\u00ed mo\u017enost\u00ed pro spr\u00e1vu a sledov\u00e1n\u00ed pr\u00e1dla.<\/p>","protected":false},"featured_media":173,"template":"","meta":{"_kad_post_transparent":"default","_kad_post_title":"","_kad_post_layout":"default","_kad_post_sidebar_id":"","_kad_post_content_style":"default","_kad_post_vertical_padding":"default","_kad_post_feature":"","_kad_post_feature_position":"","_kad_post_header":false,"_kad_post_footer":false,"_kad_post_classname":""},"product_brand":[],"product_cat":[20,16],"product_tag":[63,62,61,79],"class_list":{"0":"post-171","1":"product","2":"type-product","3":"status-publish","4":"has-post-thumbnail","6":"product_cat-silicone-rfid-laundry-tag","7":"product_cat-uhf-rfid-laundry-tags","8":"product_tag-rfid-washing-tag","9":"product_tag-silicone-rfid-laundry-tag","10":"product_tag-silicone-washable-rfid-laundry-tag","11":"product_tag-uhf-rfid-silicone-washing-labels","13":"first","14":"instock","15":"shipping-taxable","16":"product-type-simple","17":"entry","18":"content-bg","19":"loop-entry"},"_links":{"self":[{"href":"https:\/\/rfid-laundry-tag.com\/cs\/wp-json\/wp\/v2\/product\/171","targetHints":{"allow":["GET"]}}],"collection":[{"href":"https:\/\/rfid-laundry-tag.com\/cs\/wp-json\/wp\/v2\/product"}],"about":[{"href":"https:\/\/rfid-laundry-tag.com\/cs\/wp-json\/wp\/v2\/types\/product"}],"version-history":[{"count":0,"href":"https:\/\/rfid-laundry-tag.com\/cs\/wp-json\/wp\/v2\/product\/171\/revisions"}],"wp:featuredmedia":[{"embeddable":true,"href":"https:\/\/rfid-laundry-tag.com\/cs\/wp-json\/wp\/v2\/media\/173"}],"wp:attachment":[{"href":"https:\/\/rfid-laundry-tag.com\/cs\/wp-json\/wp\/v2\/media?parent=171"}],"wp:term":[{"taxonomy":"product_brand","embeddable":true,"href":"https:\/\/rfid-laundry-tag.com\/cs\/wp-json\/wp\/v2\/product_brand?post=171"},{"taxonomy":"product_cat","embeddable":true,"href":"https:\/\/rfid-laundry-tag.com\/cs\/wp-json\/wp\/v2\/product_cat?post=171"},{"taxonomy":"product_tag","embeddable":true,"href":"https:\/\/rfid-laundry-tag.com\/cs\/wp-json\/wp\/v2\/product_tag?post=171"}],"curies":[{"name":"wp","href":"https:\/\/api.w.org\/{rel}","templated":true}]}}