{"id":167,"date":"2024-06-15T13:14:42","date_gmt":"2024-06-15T13:14:42","guid":{"rendered":"https:\/\/rfid-laundry-tag.com\/?post_type=product&#038;p=167"},"modified":"2024-09-26T03:38:23","modified_gmt":"2024-09-26T03:38:23","slug":"textile-uhf-rfid-linen-tags","status":"publish","type":"product","link":"https:\/\/rfid-laundry-tag.com\/cs\/textile-uhf-rfid-linen-tags\/","title":{"rendered":"Textiln\u00ed UHF RFID pl\u00e1t\u011bn\u00e9 \u0161t\u00edtky"},"content":{"rendered":"<div>\n<div class=\"auto-hide-last-sibling-br paragraph_1252f paragraph-element\">\n<table width=\"637\">\n<tbody>\n<tr>\n<td width=\"328\">N\u00e1zev polo\u017eky:<\/td>\n<td width=\"309\"><strong>Textiln\u00ed UHF RFID pl\u00e1t\u011bn\u00e9 \u0161t\u00edtky<\/strong><\/td>\n<\/tr>\n<tr>\n<td width=\"328\">RFID standard:<\/td>\n<td width=\"309\">ISO\/IEC 18000-6 TypeC (EPC Gen2)<\/td>\n<\/tr>\n<tr>\n<td width=\"328\">Velikost a hmotnost:<\/td>\n<td width=\"309\">70\u00d715 mm, 0,6g<\/td>\n<\/tr>\n<tr>\n<td width=\"328\">Typ \u010dipu:<\/td>\n<td width=\"309\">Impinj Monza 4QT, NXP U K\u00d3D 9<\/td>\n<\/tr>\n<tr>\n<td width=\"328\">Pam\u011b\u0165 EPC:<\/td>\n<td width=\"309\">128 bit\u016f<\/td>\n<\/tr>\n<tr>\n<td width=\"328\">U\u017eivatelsk\u00e1 pam\u011b\u0165:<\/td>\n<td width=\"309\">512 bit\u016f<\/td>\n<\/tr>\n<tr>\n<td width=\"328\">Rozsah \u010dten\u00ed (2W ERP FCC):<\/td>\n<td width=\"309\">8m<\/td>\n<\/tr>\n<tr>\n<td width=\"328\">Rozsah \u010dten\u00ed (2W ERP ETSI):<\/td>\n<td width=\"309\">8m<\/td>\n<\/tr>\n<tr>\n<td width=\"328\">Ozna\u010dov\u00e1n\u00ed:<\/td>\n<td width=\"309\">\u0160it\u00ed, lepidlo pro ra\u017een\u00ed za tepla<\/td>\n<\/tr>\n<tr>\n<td width=\"328\">Odhadovan\u00e1 \u017eivotnost:<\/td>\n<td width=\"309\">200 myc\u00edch cykl\u016f nebo 3 roky, podle toho, co nastane d\u0159\u00edve<\/td>\n<\/tr>\n<tr>\n<td width=\"328\">Zp\u016fsob pran\u00ed:<\/td>\n<td width=\"309\">Pr\u00e1delna, Chemick\u00e9 \u010di\u0161t\u011bn\u00ed<\/td>\n<\/tr>\n<tr>\n<td width=\"328\">Tlak ods\u00e1v\u00e1n\u00ed vody:<\/td>\n<td width=\"309\">60 bar<\/td>\n<\/tr>\n<tr>\n<td width=\"328\">Vod\u011bodolnost:<\/td>\n<td width=\"309\">Vod\u011bodoln\u00fd<\/td>\n<\/tr>\n<tr>\n<td width=\"328\">Chemick\u00e1 odolnost:<\/td>\n<td width=\"309\">Prac\u00ed prost\u0159edek, aviv\u00e1\u017e, b\u011blidlo (kysl\u00edk\/chl\u00f3r), alk\u00e1lie<\/td>\n<\/tr>\n<tr>\n<td width=\"328\">P\u0159edsu\u0161en\u00ed v bubnu:<\/td>\n<td width=\"309\">125 \u00baC po dobu 15-20 minut<\/td>\n<\/tr>\n<tr>\n<td width=\"328\">Teplota sterilizace:<\/td>\n<td width=\"309\">135\u00b0C po dobu 15-20 minut<\/td>\n<\/tr>\n<tr>\n<td width=\"328\">Teplota pran\u00ed:<\/td>\n<td width=\"309\">90\u00b0C, a\u017e 15 min.<\/td>\n<\/tr>\n<tr>\n<td width=\"328\">Provozn\u00ed vlhkost \/ teplota:<\/td>\n<td width=\"309\">-20 a\u017e 110 \u00b0C, 8 a\u017e 951 TP3TRH<\/td>\n<\/tr>\n<tr>\n<td width=\"328\">Skladov\u00e1n\u00ed vlhkosti\/teploty:<\/td>\n<td width=\"309\">-40 a\u017e 110 \u00b0C, 8 a\u017e 95%RH<\/td>\n<\/tr>\n<\/tbody>\n<\/table>\n<\/div>\n<\/div>\n<div class=\"auto-hide-last-sibling-br paragraph_1252f paragraph-element\"><\/div>\n<div>\n<div class=\"auto-hide-last-sibling-br paragraph_1252f paragraph-element\">\n<h3>Hlavn\u00ed vlastnosti UHF RFID pl\u00e1t\u011bn\u00fdch \u0161t\u00edtk\u016f<\/h3>\n<ul>\n<li><strong>Trvanlivost<\/strong>: \u0160t\u00edtky jsou vyrobeny tak, aby vydr\u017eely pr\u016fmyslov\u00e9 procesy pran\u00ed. D\u00edky schopnosti odol\u00e1vat extr\u00e9mn\u00edm teplot\u00e1m, \u010distic\u00edm prost\u0159edk\u016fm a podm\u00ednk\u00e1m su\u0161en\u00ed jsou ur\u010deny pro n\u00e1ro\u010dn\u00e9 pou\u017eit\u00ed.<\/li>\n<li><strong>Omyvateln\u00e1 p\u0159\u00edroda<\/strong>: Tyto\u00a0<strong>omyvateln\u00e9 RFID \u0161t\u00edtky<\/strong>\u00a0zachov\u00e1vaj\u00ed si svou celistvost i po opakovan\u00e9m pran\u00ed, d\u00edky \u010demu\u017e jsou ide\u00e1ln\u00ed pro jak\u00fdkoli syst\u00e9m spr\u00e1vy textilu. Zvl\u00e1dnou a\u017e\u00a0<strong>200 myc\u00edch cykl\u016f<\/strong>\u00a0bez ztr\u00e1ty funk\u010dnosti.<\/li>\n<li><strong>Vysoce v\u00fdkonn\u00e9 RFID<\/strong>: S vyu\u017eit\u00edm nejmodern\u011bj\u0161\u00edch technologi\u00ed\u00a0<strong>Technologie UHF<\/strong>Tyto \u0161t\u00edtky poskytuj\u00ed robustn\u00ed \u010dtec\u00ed vzd\u00e1lenost a usnad\u0148uj\u00ed efektivn\u00ed sledov\u00e1n\u00ed a spr\u00e1vu textili\u00ed.<\/li>\n<\/ul>\n<\/div>\n<h3>Kl\u00ed\u010dov\u00e9 v\u00fdhody RFID \u0161t\u00edtk\u016f na pr\u00e1dlo<\/h3>\n<p>Jedna z mimo\u0159\u00e1dn\u00fdch v\u00fdhod textilu\u00a0<strong>RFID \u0161t\u00edtky na pr\u00e1dlo<\/strong>\u00a0je jejich schopnost zlep\u0161it p\u0159esnost \u0159\u00edzen\u00ed z\u00e1sob. Automatizac\u00ed procesu sledov\u00e1n\u00ed mohou podniky v\u00fdrazn\u011b sn\u00ed\u017eit riziko chyb\u011bj\u00edc\u00edch nebo nespr\u00e1vn\u011b um\u00edst\u011bn\u00fdch polo\u017eek. Tyto \u0161t\u00edtky nav\u00edc zlep\u0161uj\u00ed viditelnost majetku a umo\u017e\u0148uj\u00ed pr\u00e1deln\u00e1m zachovat transparentnost jejich operac\u00ed.<\/p>\n<p>Dal\u0161\u00ed kritickou v\u00fdhodou je potenci\u00e1l \u00faspory n\u00e1klad\u016f. S automatizovan\u00fdm sledov\u00e1n\u00edm v\u00fdrazn\u011b klesaj\u00ed mzdov\u00e9 n\u00e1klady spojen\u00e9 s manu\u00e1ln\u00ed kontrolou z\u00e1sob. Dlouhodob\u00e1 spolehlivost t\u011bchto \u0161t\u00edtk\u016f tak\u00e9 p\u0159id\u00e1v\u00e1 hodnotu, proto\u017ee je lze znovu pou\u017e\u00edt v n\u011bkolika cyklech pran\u00ed, co\u017e podnik\u016fm zaji\u0161\u0165uje maximalizaci jejich investic.<\/p>\n<\/div>\n<div class=\"auto-hide-last-sibling-br paragraph_1252f paragraph-element\">\n<div data-spm-anchor-id=\"a2700.details.0.i57.23b419c7xXORP0\">Tato p\u016fsobiv\u00e1 odolnost p\u0159ich\u00e1z\u00ed se z\u00e1rukou zachov\u00e1n\u00ed pozoruhodn\u00fdch atribut\u016f sledov\u00e1n\u00ed a invent\u00e1\u0159e po celou dobu \u017eivotnosti pr\u00e1dla, od\u011bv\u016f a dal\u0161\u00edch textiln\u00edch p\u0159edm\u011bt\u016f. Slou\u017e\u00ed tedy jako \u00fa\u010dinn\u00fd a spolehliv\u00fd n\u00e1stroj pro zaji\u0161t\u011bn\u00ed bezprobl\u00e9mov\u00e9ho sledov\u00e1n\u00ed, v\u010dasn\u00e9 \u00fadr\u017eby a efektivn\u00edho \u0159\u00edzen\u00ed z\u00e1sob r\u016fzn\u00e9ho textiln\u00edho zbo\u017e\u00ed v r\u016fzn\u00fdch prost\u0159ed\u00edch, maximalizuj\u00ed jeho \u017eivotn\u00ed cyklus a usnad\u0148uj\u00ed hladk\u00fd provoz.<\/div>\n<\/div>\n<div data-spm-anchor-id=\"a2700.details.0.i57.23b419c7xXORP0\">\n<h3>Odolnost a omyvatelnost RFID \u0161t\u00edtk\u016f<\/h3>\n<p>Kdy\u017e na to p\u0159ijde\u00a0<strong>trvanlivost<\/strong>, RFID \u0161t\u00edtky se mohou pochlubit robustn\u00edm designem, kter\u00fd dok\u00e1\u017ee odolat v\u00fdzv\u00e1m, kter\u00e9 p\u0159edstavuje komer\u010dn\u00ed pran\u00ed. D\u00edky schopnosti odol\u00e1vat vysok\u00fdm teplot\u00e1m a agresivn\u00edm chemick\u00fdm vliv\u016fm, jako jsou b\u011blidla a aviv\u00e1\u017ee, jsou optimalizov\u00e1ny pro procesy pran\u00ed i su\u0161en\u00ed.<\/p>\n<p>The\u00a0<strong>omyvateln\u00e1 p\u0159\u00edroda<\/strong>\u00a0z t\u011bchto \u0161t\u00edtk\u016f znamen\u00e1, \u017ee je lze bez probl\u00e9m\u016f integrovat do va\u0161ich st\u00e1vaj\u00edc\u00edch kus\u016f pr\u00e1dla. Tato p\u0159izp\u016fsobivost umo\u017e\u0148uje snadn\u00e9 p\u0159ipevn\u011bn\u00ed na od\u011bvy a pr\u00e1dlo pomoc\u00ed \u0161it\u00ed nebo aplikace lepidla, \u010d\u00edm\u017e se zabr\u00e1n\u00ed jak\u00e9mukoli naru\u0161en\u00ed funk\u010dnosti nebo vzhledu va\u0161ich textiln\u00edch v\u00fdrobk\u016f.<\/p>\n<\/div>\n<div data-spm-anchor-id=\"a2700.details.0.i57.23b419c7xXORP0\"><\/div>\n<h3 class=\"wp-block-heading\">Instalace<\/h3>\n<p><strong>Stitch Tagging<\/strong>: K v\u0161it\u00ed do lemu l\u00e1tky. P\u0159i\u0161ijte visa\u010dku na pr\u00e1dlo sm\u011brem od lini\u00ed skl\u00e1d\u00e1n\u00ed.<br \/>\n<strong>Tepeln\u00e9 t\u011bsn\u011bn\u00ed<\/strong>: K tepeln\u00e9mu zataven\u00ed p\u0159\u00edmo na textilii p\u0159i +200\u00b0C (392\u00b0F), po dobu 12~14s.<br \/>\n<strong>V s\u00e1\u010dku<\/strong>: K p\u0159i\u0161it\u00ed jako standardn\u00ed \u0161t\u00edtek pro p\u00e9\u010di. P\u0159i\u0161ijte visa\u010dku na pr\u00e1dlo sm\u011brem od lini\u00ed skl\u00e1d\u00e1n\u00ed.<\/p>\n<div class=\"auto-hide-last-sibling-br paragraph_1252f paragraph-element\">\n<h2 class=\"auto-hide-last-sibling-br paragraph_1252f paragraph-element\"><strong>Pou\u017eit\u00ed textiln\u00edho textiln\u00edho omyvateln\u00e9ho UHF RFID pr\u00e1deln\u00edho \u0161t\u00edtku<\/strong><\/h2>\n<ol class=\"auto-hide-last-sibling-br\">\n<li>Industrial Laundry: Zefektiv\u0148uje \u010distic\u00ed procesy a distribu\u010dn\u00ed logistiku jednotn\u00e9ho pr\u00e1dla.<\/li>\n<li>Sektor pohostinstv\u00ed: Vylep\u0161uje spr\u00e1vu syst\u00e9m\u016f pr\u00e1delny pro hotelov\u00fd n\u00e1bytek a ru\u010dn\u00edky.<\/li>\n<li>Zdravotnick\u00fd pr\u016fmysl: Pom\u00e1h\u00e1 p\u0159i organizaci a \u00fadr\u017eb\u011b nemocni\u010dn\u00edho a zdravotnick\u00e9ho oble\u010den\u00ed.<\/li>\n<\/ol>\n<h3>Ohledy na \u017eivotn\u00ed prost\u0159ed\u00ed<\/h3>\n<p>Pou\u017eit\u00ed\u00a0<strong>RFID \u0161t\u00edtky na pr\u00e1dlo<\/strong>\u00a0p\u0159isp\u00edv\u00e1 tak\u00e9 k udr\u017eitelnosti \u017eivotn\u00edho prost\u0159ed\u00ed. Mo\u017enost op\u011btovn\u00e9ho pou\u017eit\u00ed a sledov\u00e1n\u00ed pr\u00e1dla pom\u00e1h\u00e1 sni\u017eovat mno\u017estv\u00ed odpadu a zaji\u0161\u0165uje, \u017ee polo\u017eky jsou b\u011bhem jejich \u017eivotn\u00edho cyklu vyu\u017e\u00edv\u00e1ny efektivn\u011b. Odolnost t\u011bchto \u0161t\u00edtk\u016f nav\u00edc znamen\u00e1 m\u00e9n\u011b v\u00fdm\u011bn, \u010d\u00edm\u017e se minimalizuje ekologick\u00e1 stopa spojen\u00e1 s neust\u00e1lou v\u00fdrobou a likvidac\u00ed.<\/p>\n<h3>\u010cast\u00e9 dotazy o RFID \u0161t\u00edtc\u00edch na pr\u00e1dlo<\/h3>\n<p><strong>Ot\u00e1zka: Kolik myc\u00edch cykl\u016f vydr\u017e\u00ed \u0161t\u00edtky?<\/strong><br \/>\nA: Na\u0161e\u00a0<strong>RFID \u0161t\u00edtky na pr\u00e1dlo<\/strong>\u00a0jsou navr\u017eeny tak, aby zachovaly funk\u010dnost i pot\u00e9\u00a0<strong>200 myc\u00edch cykl\u016f<\/strong>, d\u00edky \u010demu\u017e jsou vysoce odoln\u00e9 pro dlouhodob\u00e9 pou\u017e\u00edv\u00e1n\u00ed.<\/p>\n<p><strong>Ot\u00e1zka: Lze \u0161t\u00edtky v\u0161\u00edt do jak\u00e9koli l\u00e1tky?<\/strong><br \/>\nOdpov\u011b\u010f: Ano, \u0161t\u00edtky lze bez probl\u00e9m\u016f integrovat s r\u016fzn\u00fdmi textiln\u00edmi materi\u00e1ly, co\u017e zajist\u00ed, \u017ee z\u016fstanou p\u0159ipevn\u011bny b\u011bhem n\u011bkolika proces\u016f pran\u00ed.<\/p>\n<p><strong>Ot\u00e1zka: Je technologie RFID spolehliv\u00e1 pro sledov\u00e1n\u00ed pr\u00e1dla?<\/strong><br \/>\nA: Rozhodn\u011b! RFID \u0161t\u00edtky nab\u00edzej\u00ed bezkonkuren\u010dn\u00ed p\u0159esnost sledov\u00e1n\u00ed, minimalizuj\u00ed ztr\u00e1ty a pom\u00e1haj\u00ed p\u0159i efektivn\u00edm \u0159\u00edzen\u00ed z\u00e1sob.<\/p>\n<h3>Z\u00e1v\u011br<\/h3>\n<p>Na z\u00e1v\u011br,\u00a0<strong>Textiln\u00ed UHF RFID pl\u00e1t\u011bn\u00e9 \u0161t\u00edtky<\/strong>\u00a0p\u0159edstavuj\u00ed budoucnost pr\u00e1delny. D\u00edky zv\u00fd\u0161en\u00ed efektivity sledov\u00e1n\u00ed, trvanlivosti a hospod\u00e1rnosti slou\u017e\u00ed jako \u017eivotn\u011b d\u016fle\u017eit\u00e9 n\u00e1stroje pro v\u0161echny podniky z\u00e1visl\u00e9 na lo\u017en\u00edm pr\u00e1dle a od\u011bvech. D\u00edky pokro\u010dil\u00e9 technologii a robustn\u00edmu v\u00fdkonu jsou tyto RFID \u0161t\u00edtky navr\u017eeny tak, aby spl\u0148ovaly po\u017eadavky modern\u00edch provoz\u016f pr\u00e1delny.<\/p>\n<\/div>","protected":false},"excerpt":{"rendered":"<p>Textiln\u00ed \u0161t\u00edtky na pr\u00e1dlo UHF RFID lze tak\u00e9 naz\u00fdvat RAIN RFID textiln\u00ed \u0161t\u00edtky na pr\u00e1dlo, kter\u00e9 byly pe\u010dliv\u011b navr\u017eeny tak, aby trvale fungovaly v n\u00e1ro\u010dn\u00fdch podm\u00ednk\u00e1ch zpracov\u00e1n\u00ed pr\u00e1dla, jako je sterilizace, vystaven\u00ed teplu, \u010di\u0161t\u011bn\u00ed, su\u0161en\u00ed a \u017eehlen\u00ed. Tyto \u0161t\u00edtky jsou nejen schopny odolat stovk\u00e1m cykl\u016f pran\u00ed, ale tak\u00e9 si zachov\u00e1vaj\u00ed vynikaj\u00edc\u00ed a konzistentn\u00ed v\u00fdkon RFID i po nes\u010detn\u00fdch kolech pran\u00ed.<\/p>","protected":false},"featured_media":168,"template":"","meta":{"_kad_post_transparent":"default","_kad_post_title":"","_kad_post_layout":"default","_kad_post_sidebar_id":"","_kad_post_content_style":"default","_kad_post_vertical_padding":"default","_kad_post_feature":"","_kad_post_feature_position":"","_kad_post_header":false,"_kad_post_footer":false,"_kad_post_classname":""},"product_brand":[],"product_cat":[19],"product_tag":[31,312,65,30],"class_list":{"0":"post-167","1":"product","2":"type-product","3":"status-publish","4":"has-post-thumbnail","6":"product_cat-textile-rfid-laundry-tag","7":"product_tag-rfid-tag-for-linen-laundry","8":"product_tag-rfid-tags","9":"product_tag-textile-rfid-laundry-tags","10":"product_tag-uhf-rfid-laundry-tag","12":"first","13":"instock","14":"featured","15":"shipping-taxable","16":"product-type-simple","17":"entry","18":"content-bg","19":"loop-entry"},"_links":{"self":[{"href":"https:\/\/rfid-laundry-tag.com\/cs\/wp-json\/wp\/v2\/product\/167","targetHints":{"allow":["GET"]}}],"collection":[{"href":"https:\/\/rfid-laundry-tag.com\/cs\/wp-json\/wp\/v2\/product"}],"about":[{"href":"https:\/\/rfid-laundry-tag.com\/cs\/wp-json\/wp\/v2\/types\/product"}],"version-history":[{"count":3,"href":"https:\/\/rfid-laundry-tag.com\/cs\/wp-json\/wp\/v2\/product\/167\/revisions"}],"predecessor-version":[{"id":2680,"href":"https:\/\/rfid-laundry-tag.com\/cs\/wp-json\/wp\/v2\/product\/167\/revisions\/2680"}],"wp:featuredmedia":[{"embeddable":true,"href":"https:\/\/rfid-laundry-tag.com\/cs\/wp-json\/wp\/v2\/media\/168"}],"wp:attachment":[{"href":"https:\/\/rfid-laundry-tag.com\/cs\/wp-json\/wp\/v2\/media?parent=167"}],"wp:term":[{"taxonomy":"product_brand","embeddable":true,"href":"https:\/\/rfid-laundry-tag.com\/cs\/wp-json\/wp\/v2\/product_brand?post=167"},{"taxonomy":"product_cat","embeddable":true,"href":"https:\/\/rfid-laundry-tag.com\/cs\/wp-json\/wp\/v2\/product_cat?post=167"},{"taxonomy":"product_tag","embeddable":true,"href":"https:\/\/rfid-laundry-tag.com\/cs\/wp-json\/wp\/v2\/product_tag?post=167"}],"curies":[{"name":"wp","href":"https:\/\/api.w.org\/{rel}","templated":true}]}}