{"id":1669,"date":"2024-08-31T09:24:58","date_gmt":"2024-08-31T09:24:58","guid":{"rendered":"https:\/\/rfid-laundry-tag.com\/?post_type=product&#038;p=1669"},"modified":"2024-09-16T05:07:30","modified_gmt":"2024-09-16T05:07:30","slug":"uhf-rfid-laundry-button-heat-resistant-pps-tag","status":"publish","type":"product","link":"https:\/\/rfid-laundry-tag.com\/cs\/uhf-rfid-laundry-button-heat-resistant-pps-tag\/","title":{"rendered":"UHF RFID tla\u010d\u00edtko na pr\u00e1dlo \u017d\u00e1ruvzdorn\u00fd \u0161t\u00edtek PPS"},"content":{"rendered":"<div class=\"J_module\">\n<div class=\"ife-detail-decorate-table\">\n<table class=\"has-title all magic-6\">\n<tbody>\n<tr>\n<td colspan=\"1\" rowspan=\"1\">\n<div class=\"magic-7\" data-spm-anchor-id=\"a2700.details.0.i45.77607d98vZbcDU\"><span class=\"magic-8\" style=\"color: #363535;\">N\u00e1zev polo\u017eky<\/span><\/div>\n<\/td>\n<td colspan=\"1\" rowspan=\"1\">\n<div class=\"magic-9\"><span class=\"magic-8\">UHF RFID tla\u010d\u00edtko na pr\u00e1dlo \u017d\u00e1ruvzdorn\u00fd \u0161t\u00edtek PPS<\/span><\/div>\n<\/td>\n<\/tr>\n<tr>\n<td colspan=\"1\" rowspan=\"1\">\n<div class=\"magic-7\"><span class=\"magic-10\" data-spm-anchor-id=\"a2700.pc-decorate.0.i10.28d333330XLbTD\"><span class=\"magic-8\">Materi\u00e1l<\/span><\/span><\/div>\n<\/td>\n<td colspan=\"1\" rowspan=\"1\">\n<div class=\"magic-9\"><span class=\"magic-8\">PPS<\/span><\/div>\n<\/td>\n<\/tr>\n<tr>\n<td colspan=\"1\" rowspan=\"1\">\n<div class=\"magic-7\"><span class=\"magic-8\">Barva<\/span><\/div>\n<\/td>\n<td colspan=\"1\" rowspan=\"1\">\n<div class=\"magic-9\"><span class=\"magic-8\">\u010cern\u00e1<\/span><\/div>\n<\/td>\n<\/tr>\n<tr>\n<td colspan=\"1\" rowspan=\"1\">MOQ<\/td>\n<td colspan=\"1\" rowspan=\"1\">500 ks<\/td>\n<\/tr>\n<tr>\n<td colspan=\"1\" rowspan=\"1\">\n<div class=\"magic-7\"><span class=\"magic-8\">V\u00fdrobce\/\u010dip<\/span><\/div>\n<\/td>\n<td colspan=\"1\" rowspan=\"1\">\n<div class=\"magic-9\"><span class=\"magic-8\">NXP UCODE 8, UCODE 9, Alien H3, Higgs 9 atd.<\/span><\/div>\n<\/td>\n<\/tr>\n<tr>\n<td colspan=\"1\" rowspan=\"1\">\n<div class=\"magic-7\"><span class=\"magic-8\">Frekvence<\/span><\/div>\n<\/td>\n<td colspan=\"1\" rowspan=\"1\">\n<div class=\"magic-9\"><span class=\"magic-8\">860\u2013960 MHz\/<\/span><\/div>\n<\/td>\n<\/tr>\n<tr>\n<td colspan=\"1\" rowspan=\"1\">\n<div class=\"magic-7\"><span class=\"magic-8\">Pam\u011b\u0165<\/span><\/div>\n<\/td>\n<td colspan=\"1\" rowspan=\"1\">\n<div class=\"magic-9\"><span class=\"magic-8\">96 bit\u016f\/128 bit\u016f<\/span><\/div>\n<\/td>\n<\/tr>\n<tr>\n<td colspan=\"1\" rowspan=\"1\">\n<div class=\"magic-7\"><span class=\"magic-8\">P\u0159e\u010dt\u011bte si Vzd\u00e1lenost<\/span><\/div>\n<\/td>\n<td colspan=\"1\" rowspan=\"1\">\n<div class=\"magic-9\"><span class=\"magic-8\">1-6m<\/span><\/div>\n<\/td>\n<\/tr>\n<tr>\n<td colspan=\"1\" rowspan=\"1\">\n<div class=\"magic-7\"><span class=\"magic-8\">Pracovn\u00ed re\u017eim<\/span><\/div>\n<\/td>\n<td colspan=\"1\" rowspan=\"1\">\n<div class=\"magic-9\"><span class=\"magic-8\">pasivn\u00ed<\/span><\/div>\n<\/td>\n<\/tr>\n<tr>\n<td colspan=\"1\" rowspan=\"1\">\n<div class=\"magic-7\"><span class=\"magic-8\">Pracovn\u00ed teplota<\/span><\/div>\n<\/td>\n<td colspan=\"1\" rowspan=\"1\">\n<div class=\"magic-9\"><span class=\"magic-8\">-25\u2103~+110\u2103<\/span><\/div>\n<\/td>\n<\/tr>\n<tr>\n<td colspan=\"1\" rowspan=\"1\">\n<div class=\"magic-7\"><span class=\"magic-8\">Skladovac\u00ed teplota<\/span><\/div>\n<\/td>\n<td colspan=\"1\" rowspan=\"1\">\n<div class=\"magic-9\"><span class=\"magic-8\">-40 \u2103 ~ + 85 \u2103<\/span><\/div>\n<\/td>\n<\/tr>\n<tr>\n<td colspan=\"1\" rowspan=\"1\">\n<div class=\"magic-7\">\n<div><span class=\"magic-8\">\u00a0<\/span><\/div>\n<p><span class=\"magic-8\">Kr\u00e1tkodob\u00e1 teplotn\u00ed odolnost<\/span><\/p>\n<\/div>\n<\/td>\n<td colspan=\"1\" rowspan=\"1\">\n<div class=\"magic-9\"><span class=\"magic-8\">pran\u00ed: 90\u2103, 15 minut; p\u0159edsu\u0161en\u00ed konvertoru: 180\u2103, 30 minut, 200kr\u00e1t; \u017eehlen\u00ed: 180\u2103, 10 sekund, 200kr\u00e1t; vysok\u00fd<br \/>\nteplotn\u00ed sterilizace: 135\u2103, 20 minut<\/span><\/div>\n<\/td>\n<\/tr>\n<tr>\n<td colspan=\"1\" rowspan=\"1\">\n<div class=\"magic-7\"><span class=\"magic-8\">Funkce<\/span><\/div>\n<\/td>\n<td colspan=\"1\" rowspan=\"1\">\n<div class=\"magic-9\"><span class=\"magic-8\">vod\u011bodoln\u00fd, omyvateln\u00fd, odoln\u00fd v\u016f\u010di vysok\u00fdm teplot\u00e1m<\/span><\/div>\n<\/td>\n<\/tr>\n<tr>\n<td colspan=\"1\" rowspan=\"1\">\n<div class=\"magic-7\"><span class=\"magic-8\">\u017divot<\/span><\/div>\n<\/td>\n<td colspan=\"1\" rowspan=\"1\">\n<div class=\"magic-9\"><span class=\"magic-8\">pran\u00ed 200kr\u00e1t nebo 3 roky<\/span><\/div>\n<\/td>\n<\/tr>\n<tr>\n<td colspan=\"1\" rowspan=\"1\">\n<div class=\"magic-7\"><span class=\"magic-8\">Aplikace<\/span><\/div>\n<\/td>\n<td colspan=\"1\" rowspan=\"1\">\n<div class=\"magic-9\"><span class=\"magic-8\">spr\u00e1va a sledov\u00e1n\u00ed pr\u00e1dla<\/span><\/div>\n<\/td>\n<\/tr>\n<\/tbody>\n<\/table>\n<\/div>\n<\/div>\n<div class=\"J_module\">\n<div class=\"detail-decorate-json-renderer-container\">\n<div class=\"magic-1\">\n<div class=\"magic-2\">\n<div class=\"magic-3\">\n<div><\/div>\n<div class=\"magic-4\">\n<div><strong>\u0160t\u00edtek tla\u010d\u00edtka RFID<\/strong><\/div>\n<div><\/div>\n<\/div>\n<\/div>\n<div>\n<div class=\"auto-hide-last-sibling-br paragraph_1252f paragraph-element\">PPS High Temperature Resistant Laundry Tags slou\u017e\u00ed jako vynikaj\u00edc\u00ed \u0159e\u0161en\u00ed pro sledov\u00e1n\u00ed pro komer\u010dn\u00ed prost\u0159ed\u00ed, jako jsou j\u00eddelny a restaurace, kde se neust\u00e1le manipuluje s velk\u00fdmi objemy n\u00e1dob\u00ed.<\/div>\n<\/div>\n<\/div>\n<div id=\"featuresXsp\" class=\"features-list toggle-opacity in\">\n<div class=\"features-xsp\">\n<div class=\"collapse-mobile ste-list\">\n<div class=\"collapse-mobile ste-list\"><\/div>\n<\/div>\n<\/div>\n<\/div>\n<div class=\"magic-2\">\n<div>\n<div class=\"auto-hide-last-sibling-br paragraph_1252f paragraph-element\">\n<h4>Podrobnosti o polo\u017ece<\/h4>\n<ul>\n<li><strong>Jm\u00e9no:<\/strong>\u00a0UHF RFID tla\u010d\u00edtko na pr\u00e1dlo \u017d\u00e1ruvzdorn\u00fd \u0161t\u00edtek PPS<\/li>\n<li><strong>Materi\u00e1l:<\/strong>\u00a0PPS (polyfenylensulfid)<\/li>\n<li><strong>Barva:<\/strong>\u00a0\u010cern\u00e1<\/li>\n<li><strong>Minim\u00e1ln\u00ed objednan\u00e9 mno\u017estv\u00ed (MOQ):<\/strong>\u00a0500 ks<\/li>\n<\/ul>\n<h4>Specifikace<\/h4>\n<ul>\n<li><strong>Mo\u017enosti v\u00fdrobce\/\u010dipu:<\/strong>\n<ul>\n<li>NXP UCODE 8, UCODE 8m<\/li>\n<li>NXP UCODE 9<\/li>\n<li>Alien Higgs\u2122 9<\/li>\n<\/ul>\n<\/li>\n<li><strong>Frekvence:<\/strong>\u00a0860-960 MHz<\/li>\n<li><strong>Mo\u017enosti pam\u011bti:<\/strong>\n<ul>\n<li>96 bit\u016f<\/li>\n<li>128 bit\u016f<\/li>\n<\/ul>\n<\/li>\n<li><strong>Vzd\u00e1lenost \u010dten\u00ed:<\/strong>\u00a01-6 metr\u016f<\/li>\n<li><strong>Pracovn\u00ed re\u017eim:<\/strong>\u00a0Pasivn\u00ed<\/li>\n<li><strong>Provozn\u00ed teplota:<\/strong>\u00a0-25 \u00b0C a\u017e +110 \u00b0C<\/li>\n<li><strong>Skladovac\u00ed teplota:<\/strong>\u00a0-40 \u00b0C a\u017e +85 \u00b0C<\/li>\n<\/ul>\n<h4>Kr\u00e1tkodob\u00e1 teplotn\u00ed odolnost<\/h4>\n<ul>\n<li><strong>Myt\u00ed:<\/strong>\u00a090 \u00b0C po dobu 15 minut<\/li>\n<li><strong>P\u0159edsu\u0161en\u00ed konvertoru:<\/strong>\u00a0180 \u00b0C po dobu 30 minut (200 cykl\u016f)<\/li>\n<li><strong>\u017dehlen\u00ed:<\/strong>\u00a0180 \u00b0C po dobu 10 sekund (200 cykl\u016f)<\/li>\n<li><strong>Vysokoteplotn\u00ed sterilizace:<\/strong>\u00a0135 \u00b0C po dobu 20 minut<\/li>\n<\/ul>\n<h4>Kl\u00ed\u010dov\u00e9 vlastnosti<\/h4>\n<ul>\n<li>Vod\u011bodoln\u00e9 a omyvateln\u00e9<\/li>\n<li>Odolnost v\u016f\u010di vysok\u00fdm teplot\u00e1m<\/li>\n<li>Vhodn\u00e9 pro pr\u016fmyslov\u00e9 pr\u00e1delny<\/li>\n<li>Navr\u017eeno pro dlouhou \u017eivotnost: 200 myc\u00edch cykl\u016f nebo 3 roky<\/li>\n<\/ul>\n<h4>Aplikace<\/h4>\n<ul>\n<li><strong>Prim\u00e1rn\u00ed pou\u017eit\u00ed:<\/strong>\u00a0Spr\u00e1va a sledov\u00e1n\u00ed pr\u00e1delny v komer\u010dn\u00edm prost\u0159ed\u00ed (nap\u0159. j\u00eddelny, restaurace)<\/li>\n<li><strong>V\u0161estrann\u00e9 zna\u010dkov\u00e1n\u00ed:<\/strong>\u00a0Lze p\u0159ipevnit na r\u016fzn\u00e9 textiln\u00ed p\u0159edm\u011bty, jako jsou pono\u017eky, ko\u0161ile a ru\u010dn\u00edky, aby se minimalizovaly ztr\u00e1ty.<\/li>\n<\/ul>\n<h4>Vlastnosti \u010dipu<\/h4>\n<ul>\n<li><strong>NXP UCODE 8\/8m:<\/strong>\n<ul>\n<li>Citlivost \u010dten\u00ed: -23 dBm<\/li>\n<li>Citlivost z\u00e1pisu: -18 dBm<\/li>\n<li>Inovativn\u00ed funkce pro \u0159\u00edzen\u00ed z\u00e1sob<\/li>\n<\/ul>\n<\/li>\n<li><strong>NXP UCODE 9:<\/strong>\n<ul>\n<li>Citlivost \u010dten\u00ed: -24 dBm<\/li>\n<li>Citlivost z\u00e1pisu: -22 dBm<\/li>\n<li>V\u00fddr\u017e cyklu z\u00e1pisu 100k<\/li>\n<\/ul>\n<\/li>\n<li><strong>Alien Higgs\u2122 9:<\/strong>\n<ul>\n<li>1024 bit\u016f pam\u011bti NVM\/RAM<\/li>\n<li>Vyhovuje GS1 Class 1 Gen 2 a ISO\/IEC 18000-6C<\/li>\n<\/ul>\n<\/li>\n<\/ul>\n<p>Tyto \u0161t\u00edtky nab\u00edzej\u00ed robustn\u00ed \u0159e\u0161en\u00ed pro sledov\u00e1n\u00ed pr\u00e1dla v pr\u00e1deln\u00e1ch a zaji\u0161\u0165uj\u00ed vysok\u00fd v\u00fdkon a odolnost v n\u00e1ro\u010dn\u00fdch prost\u0159ed\u00edch.<\/p>\n<\/div>\n<div class=\"auto-hide-last-sibling-br paragraph_1252f paragraph-element\"><\/div>\n<\/div>\n<\/div>\n<\/div>\n<\/div>\n<\/div>","protected":false},"excerpt":{"rendered":"<p>UHF RFID tla\u010d\u00edtko Laundry Button Heat-Resistant PPS Tag pro efektivn\u00ed sledov\u00e1n\u00ed, odol\u00e1v\u00e1 vysok\u00fdm teplot\u00e1m, vodot\u011bsn\u00e9 a ide\u00e1ln\u00ed pro komer\u010dn\u00ed spr\u00e1vu pr\u00e1dla<\/p>","protected":false},"featured_media":1670,"template":"","meta":{"_kad_post_transparent":"default","_kad_post_title":"","_kad_post_layout":"default","_kad_post_sidebar_id":"","_kad_post_content_style":"default","_kad_post_vertical_padding":"default","_kad_post_feature":"","_kad_post_feature_position":"","_kad_post_header":false,"_kad_post_footer":false,"_kad_post_classname":""},"product_brand":[],"product_cat":[21,16],"product_tag":[226,35,225,30],"class_list":{"0":"post-1669","1":"product","2":"type-product","3":"status-publish","4":"has-post-thumbnail","6":"product_cat-pps-rfid-laundry-tag","7":"product_cat-uhf-rfid-laundry-tags","8":"product_tag-heat-resistant-pps-rfid-tag","9":"product_tag-rfid-button","10":"product_tag-uhf-rfid-laundry-button","11":"product_tag-uhf-rfid-laundry-tag","13":"first","14":"instock","15":"shipping-taxable","16":"product-type-simple","17":"entry","18":"content-bg","19":"loop-entry"},"_links":{"self":[{"href":"https:\/\/rfid-laundry-tag.com\/cs\/wp-json\/wp\/v2\/product\/1669","targetHints":{"allow":["GET"]}}],"collection":[{"href":"https:\/\/rfid-laundry-tag.com\/cs\/wp-json\/wp\/v2\/product"}],"about":[{"href":"https:\/\/rfid-laundry-tag.com\/cs\/wp-json\/wp\/v2\/types\/product"}],"version-history":[{"count":2,"href":"https:\/\/rfid-laundry-tag.com\/cs\/wp-json\/wp\/v2\/product\/1669\/revisions"}],"predecessor-version":[{"id":1672,"href":"https:\/\/rfid-laundry-tag.com\/cs\/wp-json\/wp\/v2\/product\/1669\/revisions\/1672"}],"wp:featuredmedia":[{"embeddable":true,"href":"https:\/\/rfid-laundry-tag.com\/cs\/wp-json\/wp\/v2\/media\/1670"}],"wp:attachment":[{"href":"https:\/\/rfid-laundry-tag.com\/cs\/wp-json\/wp\/v2\/media?parent=1669"}],"wp:term":[{"taxonomy":"product_brand","embeddable":true,"href":"https:\/\/rfid-laundry-tag.com\/cs\/wp-json\/wp\/v2\/product_brand?post=1669"},{"taxonomy":"product_cat","embeddable":true,"href":"https:\/\/rfid-laundry-tag.com\/cs\/wp-json\/wp\/v2\/product_cat?post=1669"},{"taxonomy":"product_tag","embeddable":true,"href":"https:\/\/rfid-laundry-tag.com\/cs\/wp-json\/wp\/v2\/product_tag?post=1669"}],"curies":[{"name":"wp","href":"https:\/\/api.w.org\/{rel}","templated":true}]}}