{"id":163,"date":"2024-06-15T11:55:44","date_gmt":"2024-06-15T11:55:44","guid":{"rendered":"https:\/\/rfid-laundry-tag.com\/?post_type=product&#038;p=163"},"modified":"2024-06-15T12:33:50","modified_gmt":"2024-06-15T12:33:50","slug":"laundry-tag-rfid-silicon","status":"publish","type":"product","link":"https:\/\/rfid-laundry-tag.com\/cs\/laundry-tag-rfid-silicon\/","title":{"rendered":"Silikonov\u00fd RFID \u0161t\u00edtek na pr\u00e1dlo"},"content":{"rendered":"<table style=\"font-family: var(--global-body-font-family);\" width=\"537\">\n<tbody>\n<tr>\n<td width=\"228\">n\u00e1zev<\/td>\n<td width=\"309\">Silikonov\u00fd RFID \u0161t\u00edtek na pr\u00e1dlo<\/td>\n<\/tr>\n<tr>\n<td width=\"228\">Re\u017eim<\/td>\n<td width=\"309\">SL-01<\/td>\n<\/tr>\n<tr>\n<td width=\"228\">Materi\u00e1l<\/td>\n<td width=\"309\">Silikon<\/td>\n<\/tr>\n<tr>\n<td width=\"228\">Barva<\/td>\n<td width=\"309\">B\u00edl\u00e1 (nebo p\u0159izp\u016fsoben\u00e1)<\/td>\n<\/tr>\n<tr>\n<td width=\"228\">Velikost<\/td>\n<td width=\"309\">55mm*12mm, tlou\u0161\u0165ka 2,5mm<\/td>\n<\/tr>\n<tr>\n<td width=\"228\">\u010cip<\/td>\n<td width=\"309\">915Mhz NXP U k\u00f3d 9,Alien H3,H9 atd<\/td>\n<\/tr>\n<tr>\n<td width=\"228\">Pracovn\u00ed teplota<\/td>\n<td width=\"309\">\u2013 25\u00baC a\u017e +75\u00baC<\/td>\n<\/tr>\n<tr>\n<td width=\"228\">Myc\u00ed cyklus<\/td>\n<td width=\"309\">200kr\u00e1t<\/td>\n<\/tr>\n<tr>\n<td width=\"228\">Vod\u011bodoln\u00fd<\/td>\n<td width=\"309\">Ano<\/td>\n<\/tr>\n<tr>\n<td width=\"228\">Chemick\u00e1 odolnost<\/td>\n<td width=\"309\">Ano<\/td>\n<\/tr>\n<\/tbody>\n<\/table>\n<p data-spm-anchor-id=\"a2700.details.0.i116.60201a70jOXdOd\">\n<p data-spm-anchor-id=\"a2700.details.0.i116.60201a70jOXdOd\"><strong>Aplikace :<\/strong><\/p>\n<ol class=\"auto-hide-last-sibling-br\">\n<li>\n<div class=\"auto-hide-last-sibling-br paragraph_1252f paragraph-element\">Omyvateln\u00e9 a opakovan\u011b pou\u017eiteln\u00e9: Tyto \u0161t\u00edtky jsou vyrobeny tak, aby vydr\u017eely v\u00edce myc\u00edch cykl\u016f, a proto jsou n\u00e1kladov\u011b efektivn\u00edm \u0159e\u0161en\u00edm pro dlouhodob\u00e9 pou\u017e\u00edv\u00e1n\u00ed.<\/div>\n<\/li>\n<li>\n<div class=\"auto-hide-last-sibling-br paragraph_1252f paragraph-element\">Vyrobeno pro n\u00e1ro\u010dn\u00e9 podm\u00ednky pran\u00ed: Jsou speci\u00e1ln\u011b navr\u017eeny tak, aby vydr\u017eely drsn\u00e9 podm\u00ednky, ve kter\u00fdch se pran\u00ed vyskytuje.<\/div>\n<\/li>\n<li>\n<div class=\"auto-hide-last-sibling-br paragraph_1252f paragraph-element\">Odoln\u00e9 vlastnosti: Tyto \u0161t\u00edtky jsou odoln\u00e9 proti vlhkosti, snesou vysok\u00e9 teploty a jsou odoln\u00e9 v\u016f\u010di r\u016fzn\u00fdm chemik\u00e1li\u00edm, co\u017e zaji\u0161\u0165uje bezprobl\u00e9mov\u00e9 fungov\u00e1n\u00ed v r\u016fzn\u00fdch podm\u00ednk\u00e1ch.<\/div>\n<\/li>\n<li>\n<div class=\"auto-hide-last-sibling-br paragraph_1252f paragraph-element\">Silikonov\u00fd materi\u00e1l \u0161etrn\u00fd k \u017eivotn\u00edmu prost\u0159ed\u00ed: Tyto \u0161t\u00edtky jsou vyrobeny z ekologick\u00e9ho silikonu a jsou ne\u0161kodn\u00e9 pro lidsk\u00e9 t\u011blo i \u017eivotn\u00ed prost\u0159ed\u00ed a jsou v souladu s v\u011bdomou spot\u0159ebou a udr\u017eiteln\u00fdmi postupy.<\/div>\n<\/li>\n<li>\n<div class=\"auto-hide-last-sibling-br paragraph_1252f paragraph-element\">\u0160irok\u00e9 aplikace: Tyto \u0161t\u00edtky lze pohodln\u011b pou\u017e\u00edt pro spr\u00e1vu od\u011bv\u016f, pos\u00edlen\u00ed bezpe\u010dnostn\u00edch kontrol a optimalizaci operac\u00ed v pr\u00e1deln\u00e1ch (v\u010detn\u011b pr\u016fmyslov\u00fdch pr\u00e1delen) a poskytuj\u00ed tak vynikaj\u00edc\u00ed efektivitu a kontrolu.<\/div>\n<\/li>\n<\/ol>\n<div class=\"auto-hide-last-sibling-br paragraph_1252f paragraph-element\">Silikonov\u00fd RFID \u0161t\u00edtek na pr\u00e1dlo, funguj\u00edc\u00ed ve frekven\u010dn\u00edm rozsahu 860~960MHz, je speci\u00e1ln\u011b navr\u017een tak, aby vydr\u017eel vysok\u00e9 teploty a intenzivn\u00ed tlaky typick\u00e9 pro procesy \u010di\u0161t\u011bn\u00ed. Jeho \u0161irok\u00e9 pou\u017eit\u00ed lze nal\u00e9zt v n\u00e1ro\u010dn\u00fdch prost\u0159ed\u00edch, kter\u00e1 vy\u017eaduj\u00ed odolnost v\u016f\u010di vysok\u00fdm teplot\u00e1m, korozi a opot\u0159eben\u00ed, zejm\u00e9na v pr\u00e1deln\u00e1ch, pr\u016fmyslov\u00fdch \u010distic\u00edch provozech a dal\u0161\u00edch.<\/div>\n<p>&nbsp;<\/p>\n<div class=\"auto-hide-last-sibling-br paragraph_1252f paragraph-element\">Tyto \u0161t\u00edtky na pr\u00e1dlo RFID maj\u00ed jedine\u010dnou schopnost bezprobl\u00e9mov\u00e9 integrace do r\u016fzn\u00fdch textiln\u00edch v\u00fdrobk\u016f, v\u010detn\u011b ko\u0161il, pracovn\u00edch uniforem, lo\u017en\u00edho pr\u00e1dla a dal\u0161\u00edch produkt\u016f na b\u00e1zi l\u00e1tek. Jako takov\u00e9 nab\u00edzej\u00ed v\u00fdkonn\u00e9 a efektivn\u00ed \u0159e\u0161en\u00ed pro sledov\u00e1n\u00ed a spr\u00e1vu \u0161irok\u00e9 \u0161k\u00e1ly textiln\u00edho zbo\u017e\u00ed v r\u016fzn\u00fdch pr\u016fmyslov\u00fdch odv\u011btv\u00edch.<\/div>\n<p>&nbsp;<\/p>","protected":false},"excerpt":{"rendered":"<p>RFID Silicon Laundry Tags se obvykle pou\u017e\u00edvaj\u00ed ve vysoce intenzivn\u00edch operac\u00edch, jako jsou pr\u016fmyslov\u00e9 procesy pran\u00ed, spr\u00e1va hotelov\u00e9ho pr\u00e1dla a sledov\u00e1n\u00ed l\u00e9ka\u0159sk\u00fdch uniforem. Tyto \u0161t\u00edtky jsou zn\u00e1m\u00e9 svou flexibilitou a odolnost\u00ed p\u0159i vysok\u00fdch teplot\u00e1ch, navr\u017eeny tak, aby vydr\u017eely v\u00edce ne\u017e 200 myc\u00edch cykl\u016f, co\u017e zaji\u0161\u0165uje spolehliv\u00fd v\u00fdkon i v t\u011bch nejn\u00e1ro\u010dn\u011bj\u0161\u00edch podm\u00ednk\u00e1ch.<\/p>","protected":false},"featured_media":164,"template":"","meta":{"_kad_post_transparent":"default","_kad_post_title":"","_kad_post_layout":"default","_kad_post_sidebar_id":"","_kad_post_content_style":"default","_kad_post_vertical_padding":"default","_kad_post_feature":"","_kad_post_feature_position":"","_kad_post_header":false,"_kad_post_footer":false,"_kad_post_classname":""},"product_brand":[],"product_cat":[20,16],"product_tag":[76,62,61],"class_list":{"0":"post-163","1":"product","2":"type-product","3":"status-publish","4":"has-post-thumbnail","6":"product_cat-silicone-rfid-laundry-tag","7":"product_cat-uhf-rfid-laundry-tags","8":"product_tag-laundry-tag-rfid-silicon","9":"product_tag-silicone-rfid-laundry-tag","10":"product_tag-silicone-washable-rfid-laundry-tag","12":"first","13":"instock","14":"shipping-taxable","15":"product-type-simple","16":"entry","17":"content-bg","18":"loop-entry"},"_links":{"self":[{"href":"https:\/\/rfid-laundry-tag.com\/cs\/wp-json\/wp\/v2\/product\/163","targetHints":{"allow":["GET"]}}],"collection":[{"href":"https:\/\/rfid-laundry-tag.com\/cs\/wp-json\/wp\/v2\/product"}],"about":[{"href":"https:\/\/rfid-laundry-tag.com\/cs\/wp-json\/wp\/v2\/types\/product"}],"version-history":[{"count":0,"href":"https:\/\/rfid-laundry-tag.com\/cs\/wp-json\/wp\/v2\/product\/163\/revisions"}],"wp:featuredmedia":[{"embeddable":true,"href":"https:\/\/rfid-laundry-tag.com\/cs\/wp-json\/wp\/v2\/media\/164"}],"wp:attachment":[{"href":"https:\/\/rfid-laundry-tag.com\/cs\/wp-json\/wp\/v2\/media?parent=163"}],"wp:term":[{"taxonomy":"product_brand","embeddable":true,"href":"https:\/\/rfid-laundry-tag.com\/cs\/wp-json\/wp\/v2\/product_brand?post=163"},{"taxonomy":"product_cat","embeddable":true,"href":"https:\/\/rfid-laundry-tag.com\/cs\/wp-json\/wp\/v2\/product_cat?post=163"},{"taxonomy":"product_tag","embeddable":true,"href":"https:\/\/rfid-laundry-tag.com\/cs\/wp-json\/wp\/v2\/product_tag?post=163"}],"curies":[{"name":"wp","href":"https:\/\/api.w.org\/{rel}","templated":true}]}}